{"id":12,"date":"2023-01-10T14:08:33","date_gmt":"2023-01-10T14:08:33","guid":{"rendered":"https:\/\/global-hookah.com\/?page_id=12"},"modified":"2023-12-27T01:09:10","modified_gmt":"2023-12-27T01:09:10","slug":"refund_returns","status":"publish","type":"page","link":"https:\/\/global-hookah.com\/de\/refund_returns\/","title":{"rendered":"Erstattungs- und R\u00fcckgabebestimmungen"},"content":{"rendered":"<p>Wir danken Ihnen f\u00fcr den Kauf von Wasserpfeifen und anderen Produkten auf unserer Website. Wir sch\u00e4tzen das Einkaufserlebnis eines jeden Kunden sehr. Wenn Sie defekte Artikel erhalten, sind wir gl\u00fccklich, R\u00fcckerstattung oder R\u00fcckgabe Dienstleistungen bieten.<\/p>\n\n\n\n<p>R\u00fcckgabepolitik<\/p>\n\n\n\n<p>Wenn Sie Wasserpfeifen innerhalb von 7 Tagen nach Erhalt zur\u00fcckgeben m\u00f6chten, bewahren Sie bitte die Artikel und die Verpackung auf und schicken Sie sie mit der Bestellnummer zur\u00fcck. Wir erstatten Ihnen den vollen Kaufbetrag innerhalb von 7 Werktagen nach Erhalt der zur\u00fcckgesandten Artikel.<\/p>\n\n\n\n<p>Erstattungen<\/p>\n\n\n\n<p>Nachdem wir Ihre R\u00fccksendung erhalten und gepr\u00fcft haben, senden wir Ihnen eine E-Mail, in der wir Sie dar\u00fcber informieren, dass wir Ihren zur\u00fcckgesandten Artikel erhalten haben. Wir werden Sie auch \u00fcber die Genehmigung oder Ablehnung Ihrer R\u00fcckerstattung informieren.<\/p>\n\n\n\n<p>Bei Genehmigung wird Ihre R\u00fcckerstattung bearbeitet und die Gutschrift wird automatisch innerhalb einer bestimmten Anzahl von Tagen auf Ihre Kreditkarte oder PayPal usw. gebucht.<\/p>\n\n\n\n<p>Versp\u00e4tete oder fehlende Erstattungen<\/p>\n\n\n\n<p>Wenn Sie noch keine R\u00fcckerstattung erhalten haben, \u00fcberpr\u00fcfen Sie zun\u00e4chst noch einmal Ihr Bankkonto.<\/p>\n\n\n\n<p>Wenden Sie sich dann an Ihr Kreditkartenunternehmen - es kann einige Zeit dauern, bis Ihre R\u00fcckerstattung offiziell verbucht wird.<\/p>\n\n\n\n<p>Wenden Sie sich dann an Ihre Bank. Erstattungen ben\u00f6tigen in der Regel eine gewisse Bearbeitungszeit, bevor sie ausgestellt werden.<\/p>\n\n\n\n<p>Wenn Sie all diese Schritte durchgef\u00fchrt haben, aber immer noch keine R\u00fcckerstattung erhalten haben, kontaktieren Sie uns bitte unter {jesse@xiaoxiongcrafts.com}.<\/p>\n\n\n\n<p>Erstattungspolitik<\/p>\n\n\n\n<p>Bitte behandeln Sie Glas Wasserpfeifen vorsichtig w\u00e4hrend des Transports. Wenn ein Schaden durch den Transport verursacht wird, werden wir Ihnen einen kostenlosen Ersatz senden.<\/p>\n\n\n\n<p>Wenn Sie Fragen haben, wenden Sie sich bitte an unseren Online-Kundendienst oder senden Sie uns eine E-Mail an jesse@xiaoxiongcrafts.com. Wir werden Ihre Fragen gerne beantworten und Ihnen ein zufriedenstellendes Einkaufserlebnis bieten. Wir freuen uns darauf, Sie weiterhin zu bedienen.<\/p>","protected":false},"excerpt":{"rendered":"<p>Vielen Dank f\u00fcr den Kauf von Wasserpfeifen und anderen Produkten auf unserer Website. Wir sch\u00e4tzen das Einkaufserlebnis eines jeden Kunden sehr. Wenn Sie<\/p>","protected":false},"author":1,"featured_media":0,"parent":0,"menu_order":0,"comment_status":"closed","ping_status":"closed","template":"","meta":{"iawp_total_views":15,"_joinchat":[],"footnotes":""},"class_list":["post-12","page","type-page","status-publish","hentry"],"yoast_head":"<!-- This site is optimized with the Yoast SEO Premium plugin v24.7 (Yoast SEO v26.8) - https:\/\/yoast.com\/product\/yoast-seo-premium-wordpress\/ -->\n<title>Refund and Returns Policy - Global Hookah<\/title>\n<meta name=\"robots\" content=\"index, follow, max-snippet:-1, max-image-preview:large, max-video-preview:-1\" \/>\n<link rel=\"canonical\" href=\"https:\/\/global-hookah.com\/de\/refund_returns\/\" \/>\n<meta property=\"og:locale\" content=\"de_DE\" \/>\n<meta property=\"og:type\" content=\"article\" \/>\n<meta property=\"og:title\" content=\"Refund and Returns Policy\" \/>\n<meta property=\"og:description\" content=\"Thank you for purchasing hookahs and other products on our website. We highly value every customer&#8217;s shopping experience. If you\" \/>\n<meta property=\"og:url\" content=\"https:\/\/global-hookah.com\/de\/refund_returns\/\" \/>\n<meta property=\"og:site_name\" content=\"Global Hookah\" \/>\n<meta property=\"article:modified_time\" content=\"2023-12-27T01:09:10+00:00\" \/>\n<meta name=\"twitter:card\" content=\"summary_large_image\" \/>\n<meta name=\"twitter:label1\" content=\"Gesch\u00e4tzte Lesezeit\" \/>\n\t<meta name=\"twitter:data1\" content=\"2\u00a0Minuten\" \/>\n<script type=\"application\/ld+json\" class=\"yoast-schema-graph\">{\"@context\":\"https:\/\/schema.org\",\"@graph\":[{\"@type\":\"WebPage\",\"@id\":\"https:\/\/global-hookah.com\/refund_returns\/\",\"url\":\"https:\/\/global-hookah.com\/refund_returns\/\",\"name\":\"Refund and Returns Policy - Global Hookah\",\"isPartOf\":{\"@id\":\"https:\/\/global-hookah.com\/#website\"},\"datePublished\":\"2023-01-10T14:08:33+00:00\",\"dateModified\":\"2023-12-27T01:09:10+00:00\",\"breadcrumb\":{\"@id\":\"https:\/\/global-hookah.com\/refund_returns\/#breadcrumb\"},\"inLanguage\":\"de\",\"potentialAction\":[{\"@type\":\"ReadAction\",\"target\":[\"https:\/\/global-hookah.com\/refund_returns\/\"]}]},{\"@type\":\"BreadcrumbList\",\"@id\":\"https:\/\/global-hookah.com\/refund_returns\/#breadcrumb\",\"itemListElement\":[{\"@type\":\"ListItem\",\"position\":1,\"name\":\"Home\",\"item\":\"https:\/\/global-hookah.com\/\"},{\"@type\":\"ListItem\",\"position\":2,\"name\":\"Refund and Returns Policy\"}]},{\"@type\":\"WebSite\",\"@id\":\"https:\/\/global-hookah.com\/#website\",\"url\":\"https:\/\/global-hookah.com\/\",\"name\":\"Global Hookah\",\"description\":\"Global Hookah\",\"publisher\":{\"@id\":\"https:\/\/global-hookah.com\/#organization\"},\"potentialAction\":[{\"@type\":\"SearchAction\",\"target\":{\"@type\":\"EntryPoint\",\"urlTemplate\":\"https:\/\/global-hookah.com\/?s={search_term_string}\"},\"query-input\":{\"@type\":\"PropertyValueSpecification\",\"valueRequired\":true,\"valueName\":\"search_term_string\"}}],\"inLanguage\":\"de\"},{\"@type\":\"Organization\",\"@id\":\"https:\/\/global-hookah.com\/#organization\",\"name\":\"Global Hookah\",\"url\":\"https:\/\/global-hookah.com\/\",\"logo\":{\"@type\":\"ImageObject\",\"inLanguage\":\"de\",\"@id\":\"https:\/\/global-hookah.com\/#\/schema\/logo\/image\/\",\"url\":\"https:\/\/global-hookah.com\/wp-content\/uploads\/2021\/10\/cropped-fgg.png\",\"contentUrl\":\"https:\/\/global-hookah.com\/wp-content\/uploads\/2021\/10\/cropped-fgg.png\",\"width\":512,\"height\":512,\"caption\":\"Global Hookah\"},\"image\":{\"@id\":\"https:\/\/global-hookah.com\/#\/schema\/logo\/image\/\"}}]}<\/script>\n<!-- \/ Yoast SEO Premium plugin. -->","yoast_head_json":{"title":"Erstattungs- und R\u00fcckgabebedingungen - Global Hookah","robots":{"index":"index","follow":"follow","max-snippet":"max-snippet:-1","max-image-preview":"max-image-preview:large","max-video-preview":"max-video-preview:-1"},"canonical":"https:\/\/global-hookah.com\/de\/refund_returns\/","og_locale":"de_DE","og_type":"article","og_title":"Refund and Returns Policy","og_description":"Thank you for purchasing hookahs and other products on our website. We highly value every customer&#8217;s shopping experience. If you","og_url":"https:\/\/global-hookah.com\/de\/refund_returns\/","og_site_name":"Global Hookah","article_modified_time":"2023-12-27T01:09:10+00:00","twitter_card":"summary_large_image","twitter_misc":{"Gesch\u00e4tzte Lesezeit":"2\u00a0Minuten"},"schema":{"@context":"https:\/\/schema.org","@graph":[{"@type":"WebPage","@id":"https:\/\/global-hookah.com\/refund_returns\/","url":"https:\/\/global-hookah.com\/refund_returns\/","name":"Erstattungs- und R\u00fcckgabebedingungen - Global Hookah","isPartOf":{"@id":"https:\/\/global-hookah.com\/#website"},"datePublished":"2023-01-10T14:08:33+00:00","dateModified":"2023-12-27T01:09:10+00:00","breadcrumb":{"@id":"https:\/\/global-hookah.com\/refund_returns\/#breadcrumb"},"inLanguage":"de","potentialAction":[{"@type":"ReadAction","target":["https:\/\/global-hookah.com\/refund_returns\/"]}]},{"@type":"BreadcrumbList","@id":"https:\/\/global-hookah.com\/refund_returns\/#breadcrumb","itemListElement":[{"@type":"ListItem","position":1,"name":"Home","item":"https:\/\/global-hookah.com\/"},{"@type":"ListItem","position":2,"name":"Refund and Returns Policy"}]},{"@type":"WebSite","@id":"https:\/\/global-hookah.com\/#website","url":"https:\/\/global-hookah.com\/","name":"Globale Wasserpfeife","description":"Globale Wasserpfeife","publisher":{"@id":"https:\/\/global-hookah.com\/#organization"},"potentialAction":[{"@type":"SearchAction","target":{"@type":"EntryPoint","urlTemplate":"https:\/\/global-hookah.com\/?s={search_term_string}"},"query-input":{"@type":"PropertyValueSpecification","valueRequired":true,"valueName":"search_term_string"}}],"inLanguage":"de"},{"@type":"Organization","@id":"https:\/\/global-hookah.com\/#organization","name":"Globale Wasserpfeife","url":"https:\/\/global-hookah.com\/","logo":{"@type":"ImageObject","inLanguage":"de","@id":"https:\/\/global-hookah.com\/#\/schema\/logo\/image\/","url":"https:\/\/global-hookah.com\/wp-content\/uploads\/2021\/10\/cropped-fgg.png","contentUrl":"https:\/\/global-hookah.com\/wp-content\/uploads\/2021\/10\/cropped-fgg.png","width":512,"height":512,"caption":"Global Hookah"},"image":{"@id":"https:\/\/global-hookah.com\/#\/schema\/logo\/image\/"}}]}},"_links":{"self":[{"href":"https:\/\/global-hookah.com\/de\/wp-json\/wp\/v2\/pages\/12","targetHints":{"allow":["GET"]}}],"collection":[{"href":"https:\/\/global-hookah.com\/de\/wp-json\/wp\/v2\/pages"}],"about":[{"href":"https:\/\/global-hookah.com\/de\/wp-json\/wp\/v2\/types\/page"}],"author":[{"embeddable":true,"href":"https:\/\/global-hookah.com\/de\/wp-json\/wp\/v2\/users\/1"}],"replies":[{"embeddable":true,"href":"https:\/\/global-hookah.com\/de\/wp-json\/wp\/v2\/comments?post=12"}],"version-history":[{"count":0,"href":"https:\/\/global-hookah.com\/de\/wp-json\/wp\/v2\/pages\/12\/revisions"}],"wp:attachment":[{"href":"https:\/\/global-hookah.com\/de\/wp-json\/wp\/v2\/media?parent=12"}],"curies":[{"name":"wp","href":"https:\/\/api.w.org\/{rel}","templated":true}]}}