{"id":3,"date":"2022-12-31T10:31:10","date_gmt":"2022-12-31T10:31:10","guid":{"rendered":"https:\/\/global-hookah.com\/?page_id=3"},"modified":"2023-12-27T01:20:18","modified_gmt":"2023-12-27T01:20:18","slug":"privacy-policy","status":"publish","type":"page","link":"https:\/\/global-hookah.com\/de\/privacy-policy\/","title":{"rendered":"Datenschutzbestimmungen"},"content":{"rendered":"<p>Wir legen gro\u00dfen Wert auf den Schutz der pers\u00f6nlichen Daten unserer Nutzer. In dieser Richtlinie wird beschrieben, wie wir Ihre personenbezogenen Daten erfassen, verwenden und verarbeiten k\u00f6nnen, wenn Sie unsere Dienste nutzen. Wir verpflichten uns, personenbezogene Daten auf rechtm\u00e4\u00dfige, legitime und transparente Weise zu verwenden und ergreifen alle vern\u00fcnftigerweise durchf\u00fchrbaren Ma\u00dfnahmen, um die Sicherheit Ihrer personenbezogenen Daten zu gew\u00e4hrleisten.<\/p>\n\n\n\n<p>Sammlung von Informationen<\/p>\n\n\n\n<p>Wir erfassen Ihre pers\u00f6nlichen Daten wie Name, E-Mail, Adresse, Telefonnummer usw. nur dann, wenn dies gesetzlich zul\u00e4ssig und f\u00fcr die Erbringung von Dienstleistungen erforderlich ist. Wir erfassen keine sensiblen Daten wie Bankkontodaten, Kreditkarteninformationen usw.<\/p>\n\n\n\n<p>Information Verwendung<\/p>\n\n\n\n<p>Wir werden Ihre pers\u00f6nlichen Daten nicht an Dritte verkaufen, austauschen oder weitergeben, es sei denn, dies ist gesetzlich vorgeschrieben. Wir k\u00f6nnen anonymisierte oder zusammengefasste Informationen verwenden, um die Produktnutzung zu analysieren und unsere Dienstleistungen kontinuierlich zu verbessern.<\/p>\n\n\n\n<p>Informationssicherheit<\/p>\n\n\n\n<p>Wir verwenden die SSL-Verschl\u00fcsselungstechnologie, um die \u00dcbertragung Ihrer Daten zu sch\u00fctzen. Unsere Server sind f\u00fcr die Sicherheit konfiguriert und mit Intrusion-Prevention-Systemen ausgestattet, um Hackerangriffe und Datenschutzverletzungen zu verhindern.<\/p>\n\n\n\n<p>Ihre Rechte<\/p>\n\n\n\n<p>Nach dem Gesetz haben Sie das Recht auf Zugang, Berichtigung und L\u00f6schung Ihrer pers\u00f6nlichen Daten. Bitte kontaktieren Sie uns unter jesse@xiaoxiongcrafts.com.<\/p>\n\n\n\n<p>Wenn Sie Fragen zu dieser Datenschutzrichtlinie haben, k\u00f6nnen Sie uns gerne per E-Mail kontaktieren. Wir werden unsere Bem\u00fchungen zum Schutz der Privatsph\u00e4re kontinuierlich verbessern, um noch sicherere und hochwertigere Dienste anzubieten.<\/p>","protected":false},"excerpt":{"rendered":"<p>Wir legen gro\u00dfen Wert auf den Schutz der pers\u00f6nlichen Daten unserer Nutzer. Diese Richtlinie beschreibt, wie wir Ihre pers\u00f6nlichen Daten sammeln, verwenden und verarbeiten k\u00f6nnen.<\/p>","protected":false},"author":1,"featured_media":0,"parent":0,"menu_order":0,"comment_status":"closed","ping_status":"open","template":"","meta":{"iawp_total_views":24,"_joinchat":[],"footnotes":""},"class_list":["post-3","page","type-page","status-publish","hentry"],"yoast_head":"<!-- This site is optimized with the Yoast SEO Premium plugin v24.7 (Yoast SEO v26.8) - https:\/\/yoast.com\/product\/yoast-seo-premium-wordpress\/ -->\n<title>Privacy Policy - Global Hookah<\/title>\n<meta name=\"robots\" content=\"index, follow, max-snippet:-1, max-image-preview:large, max-video-preview:-1\" \/>\n<link rel=\"canonical\" href=\"https:\/\/global-hookah.com\/de\/privacy-policy\/\" \/>\n<meta property=\"og:locale\" content=\"de_DE\" \/>\n<meta property=\"og:type\" content=\"article\" \/>\n<meta property=\"og:title\" content=\"Privacy Policy\" \/>\n<meta property=\"og:description\" content=\"We highly value the protection of users&#8217; personal information. This policy describes how we may collect, use and process your\" \/>\n<meta property=\"og:url\" content=\"https:\/\/global-hookah.com\/de\/privacy-policy\/\" \/>\n<meta property=\"og:site_name\" content=\"Global Hookah\" \/>\n<meta property=\"article:modified_time\" content=\"2023-12-27T01:20:18+00:00\" \/>\n<meta name=\"twitter:card\" content=\"summary_large_image\" \/>\n<meta name=\"twitter:label1\" content=\"Gesch\u00e4tzte Lesezeit\" \/>\n\t<meta name=\"twitter:data1\" content=\"1\u00a0Minute\" \/>\n<script type=\"application\/ld+json\" class=\"yoast-schema-graph\">{\"@context\":\"https:\/\/schema.org\",\"@graph\":[{\"@type\":\"WebPage\",\"@id\":\"https:\/\/global-hookah.com\/privacy-policy\/\",\"url\":\"https:\/\/global-hookah.com\/privacy-policy\/\",\"name\":\"Privacy Policy - Global Hookah\",\"isPartOf\":{\"@id\":\"https:\/\/global-hookah.com\/#website\"},\"datePublished\":\"2022-12-31T10:31:10+00:00\",\"dateModified\":\"2023-12-27T01:20:18+00:00\",\"breadcrumb\":{\"@id\":\"https:\/\/global-hookah.com\/privacy-policy\/#breadcrumb\"},\"inLanguage\":\"de\",\"potentialAction\":[{\"@type\":\"ReadAction\",\"target\":[\"https:\/\/global-hookah.com\/privacy-policy\/\"]}]},{\"@type\":\"BreadcrumbList\",\"@id\":\"https:\/\/global-hookah.com\/privacy-policy\/#breadcrumb\",\"itemListElement\":[{\"@type\":\"ListItem\",\"position\":1,\"name\":\"Home\",\"item\":\"https:\/\/global-hookah.com\/\"},{\"@type\":\"ListItem\",\"position\":2,\"name\":\"Privacy Policy\"}]},{\"@type\":\"WebSite\",\"@id\":\"https:\/\/global-hookah.com\/#website\",\"url\":\"https:\/\/global-hookah.com\/\",\"name\":\"Global Hookah\",\"description\":\"Global Hookah\",\"publisher\":{\"@id\":\"https:\/\/global-hookah.com\/#organization\"},\"potentialAction\":[{\"@type\":\"SearchAction\",\"target\":{\"@type\":\"EntryPoint\",\"urlTemplate\":\"https:\/\/global-hookah.com\/?s={search_term_string}\"},\"query-input\":{\"@type\":\"PropertyValueSpecification\",\"valueRequired\":true,\"valueName\":\"search_term_string\"}}],\"inLanguage\":\"de\"},{\"@type\":\"Organization\",\"@id\":\"https:\/\/global-hookah.com\/#organization\",\"name\":\"Global Hookah\",\"url\":\"https:\/\/global-hookah.com\/\",\"logo\":{\"@type\":\"ImageObject\",\"inLanguage\":\"de\",\"@id\":\"https:\/\/global-hookah.com\/#\/schema\/logo\/image\/\",\"url\":\"https:\/\/global-hookah.com\/wp-content\/uploads\/2021\/10\/cropped-fgg.png\",\"contentUrl\":\"https:\/\/global-hookah.com\/wp-content\/uploads\/2021\/10\/cropped-fgg.png\",\"width\":512,\"height\":512,\"caption\":\"Global Hookah\"},\"image\":{\"@id\":\"https:\/\/global-hookah.com\/#\/schema\/logo\/image\/\"}}]}<\/script>\n<!-- \/ Yoast SEO Premium plugin. -->","yoast_head_json":{"title":"Datenschutzrichtlinie - Global Hookah","robots":{"index":"index","follow":"follow","max-snippet":"max-snippet:-1","max-image-preview":"max-image-preview:large","max-video-preview":"max-video-preview:-1"},"canonical":"https:\/\/global-hookah.com\/de\/privacy-policy\/","og_locale":"de_DE","og_type":"article","og_title":"Privacy Policy","og_description":"We highly value the protection of users&#8217; personal information. This policy describes how we may collect, use and process your","og_url":"https:\/\/global-hookah.com\/de\/privacy-policy\/","og_site_name":"Global Hookah","article_modified_time":"2023-12-27T01:20:18+00:00","twitter_card":"summary_large_image","twitter_misc":{"Gesch\u00e4tzte Lesezeit":"1\u00a0Minute"},"schema":{"@context":"https:\/\/schema.org","@graph":[{"@type":"WebPage","@id":"https:\/\/global-hookah.com\/privacy-policy\/","url":"https:\/\/global-hookah.com\/privacy-policy\/","name":"Datenschutzrichtlinie - Global Hookah","isPartOf":{"@id":"https:\/\/global-hookah.com\/#website"},"datePublished":"2022-12-31T10:31:10+00:00","dateModified":"2023-12-27T01:20:18+00:00","breadcrumb":{"@id":"https:\/\/global-hookah.com\/privacy-policy\/#breadcrumb"},"inLanguage":"de","potentialAction":[{"@type":"ReadAction","target":["https:\/\/global-hookah.com\/privacy-policy\/"]}]},{"@type":"BreadcrumbList","@id":"https:\/\/global-hookah.com\/privacy-policy\/#breadcrumb","itemListElement":[{"@type":"ListItem","position":1,"name":"Home","item":"https:\/\/global-hookah.com\/"},{"@type":"ListItem","position":2,"name":"Privacy Policy"}]},{"@type":"WebSite","@id":"https:\/\/global-hookah.com\/#website","url":"https:\/\/global-hookah.com\/","name":"Globale Wasserpfeife","description":"Globale Wasserpfeife","publisher":{"@id":"https:\/\/global-hookah.com\/#organization"},"potentialAction":[{"@type":"SearchAction","target":{"@type":"EntryPoint","urlTemplate":"https:\/\/global-hookah.com\/?s={search_term_string}"},"query-input":{"@type":"PropertyValueSpecification","valueRequired":true,"valueName":"search_term_string"}}],"inLanguage":"de"},{"@type":"Organization","@id":"https:\/\/global-hookah.com\/#organization","name":"Globale Wasserpfeife","url":"https:\/\/global-hookah.com\/","logo":{"@type":"ImageObject","inLanguage":"de","@id":"https:\/\/global-hookah.com\/#\/schema\/logo\/image\/","url":"https:\/\/global-hookah.com\/wp-content\/uploads\/2021\/10\/cropped-fgg.png","contentUrl":"https:\/\/global-hookah.com\/wp-content\/uploads\/2021\/10\/cropped-fgg.png","width":512,"height":512,"caption":"Global Hookah"},"image":{"@id":"https:\/\/global-hookah.com\/#\/schema\/logo\/image\/"}}]}},"_links":{"self":[{"href":"https:\/\/global-hookah.com\/de\/wp-json\/wp\/v2\/pages\/3","targetHints":{"allow":["GET"]}}],"collection":[{"href":"https:\/\/global-hookah.com\/de\/wp-json\/wp\/v2\/pages"}],"about":[{"href":"https:\/\/global-hookah.com\/de\/wp-json\/wp\/v2\/types\/page"}],"author":[{"embeddable":true,"href":"https:\/\/global-hookah.com\/de\/wp-json\/wp\/v2\/users\/1"}],"replies":[{"embeddable":true,"href":"https:\/\/global-hookah.com\/de\/wp-json\/wp\/v2\/comments?post=3"}],"version-history":[{"count":0,"href":"https:\/\/global-hookah.com\/de\/wp-json\/wp\/v2\/pages\/3\/revisions"}],"wp:attachment":[{"href":"https:\/\/global-hookah.com\/de\/wp-json\/wp\/v2\/media?parent=3"}],"curies":[{"name":"wp","href":"https:\/\/api.w.org\/{rel}","templated":true}]}}