{"id":4400,"date":"2021-10-12T15:51:09","date_gmt":"2021-10-12T15:51:09","guid":{"rendered":"http:\/\/dummy.xtemos.com\/woodmart2\/elementor\/?page_id=4400"},"modified":"2024-09-25T15:00:13","modified_gmt":"2024-09-25T15:00:13","slug":"about-us-3","status":"publish","type":"page","link":"https:\/\/global-hookah.com\/de\/about-us-3\/","title":{"rendered":"\u00dcber uns"},"content":{"rendered":"<div data-elementor-type=\"wp-page\" data-elementor-id=\"4400\" class=\"elementor elementor-4400\">\n\t\t\t\t\t\t<section class=\"elementor-section elementor-top-section elementor-element elementor-element-52ee36d elementor-section-boxed elementor-section-height-default elementor-section-height-default\" data-id=\"52ee36d\" data-element_type=\"section\" data-e-type=\"section\">\n\t\t\t\t\t\t<div class=\"elementor-container elementor-column-gap-default\">\n\t\t\t\t\t<div class=\"elementor-column elementor-col-100 elementor-top-column elementor-element elementor-element-6a9942c2\" data-id=\"6a9942c2\" data-element_type=\"column\" data-e-type=\"column\">\n\t\t\t<div class=\"elementor-widget-wrap elementor-element-populated\">\n\t\t\t\t\t\t<div class=\"elementor-element elementor-element-75d7772b wd-width-100 elementor-widget elementor-widget-wd_title\" data-id=\"75d7772b\" data-element_type=\"widget\" data-e-type=\"widget\" data-widget_type=\"wd_title.default\">\n\t\t\t\t<div class=\"elementor-widget-container\">\n\t\t\t\t\t\t\t<div class=\"title-wrapper set-mb-s reset-last-child wd-title-color-primary wd-title-style-default wd-title-size-large text-center\">\n\n\t\t\t\n\t\t\t<div class=\"liner-continer\">\n\t\t\t\t<h4 class=\"woodmart-title-container title wd-fontsize-xxl\">\u00dcBER UNS<\/h4> \n\t\t\t\t\t\t\t<\/div>\n\n\t\t\t\t\t<\/div>\n\t\t\t\t\t\t<\/div>\n\t\t\t\t<\/div>\n\t\t\t\t\t<\/div>\n\t\t<\/div>\n\t\t\t\t\t<\/div>\n\t\t<\/section>\n\t\t\t\t<section class=\"elementor-section elementor-top-section elementor-element elementor-element-40616cba elementor-section-content-middle elementor-section-boxed elementor-section-height-default elementor-section-height-default\" data-id=\"40616cba\" data-element_type=\"section\" data-e-type=\"section\">\n\t\t\t\t\t\t<div class=\"elementor-container elementor-column-gap-extended\">\n\t\t\t\t\t<div class=\"elementor-column elementor-col-100 elementor-top-column elementor-element elementor-element-44349f09\" data-id=\"44349f09\" data-element_type=\"column\" data-e-type=\"column\">\n\t\t\t<div class=\"elementor-widget-wrap elementor-element-populated\">\n\t\t\t\t\t\t<div class=\"elementor-element elementor-element-43157907 wd-width-100 elementor-widget elementor-widget-wd_title\" data-id=\"43157907\" data-element_type=\"widget\" data-e-type=\"widget\" data-widget_type=\"wd_title.default\">\n\t\t\t\t<div class=\"elementor-widget-container\">\n\t\t\t\t\t\t\t<div class=\"title-wrapper set-mb-s reset-last-child wd-title-color-default wd-title-style-default wd-title-size-default text-left\">\n\n\t\t\t\n\t\t\t<div class=\"liner-continer\">\n\t\t\t\t<h4 class=\"woodmart-title-container title wd-fontsize-l\">Wir helfen jedem Gro\u00dfh\u00e4ndler zu erstaunlichen Produkten<\/h4> \n\t\t\t\t\t\t\t<\/div>\n\n\t\t\t\t\t<\/div>\n\t\t\t\t\t\t<\/div>\n\t\t\t\t<\/div>\n\t\t\t\t<div class=\"elementor-element elementor-element-68975951 elementor-widget elementor-widget-wd_text_block\" data-id=\"68975951\" data-element_type=\"widget\" data-e-type=\"widget\" data-widget_type=\"wd_text_block.default\">\n\t\t\t\t<div class=\"elementor-widget-container\">\n\t\t\t\t\t\t\t<div class=\"wd-text-block reset-last-child text-left\">\n\t\t\t\n\t\t\t<p>Global Hookah wurde aus einer tiefen Liebe zur Wasserpfeifenkultur heraus gegr\u00fcndet. Als langj\u00e4hrige Wasserpfeifen-Enthusiasten wissen wir, dass der Reiz einer qualitativ hochwertigen Wasserpfeife in der sozialen und entspannenden Erfahrung liegt, die sie bietet. Unser Ziel ist es, die Wasserpfeifenkultur zu verbreiten und mehr Menschen durch unsere Wasserpfeifen-Designs in den Genuss dieses einzigartigen Charmes zu bringen.<\/p><p><a href=\"https:\/\/global-hookah.com\/\">Globale Wasserpfeife<\/a> besteht aus Designern und Ingenieuren aus der ganzen Welt. Wir beziehen einzigartige kulturelle Perspektiven auf die Wasserpfeife aus L\u00e4ndern wie der arabischen, spanischen und indischen Kultur in unsere Entw\u00fcrfe ein und schaffen so Wasserpfeifenprodukte, die internationales Flair mit lokalen Besonderheiten verbinden.<\/p><p>Alle Global Hookah-Produkte werden in China entworfen und hergestellt. Wir arbeiten mit lokalen Glasbl\u00e4serstudios zusammen, um hochwertige Glas- und Metallmaterialien zu verwenden. Au\u00dferdem beziehen wir zuverl\u00e4ssige Teile aus Deutschland und China, um die Produktsicherheit zu gew\u00e4hrleisten. Jede Komponente wird in Handarbeit hergestellt und gr\u00fcndlich getestet - alles, um den Benutzern ein perfektes Wasserpfeifen-Erlebnis zu bieten.<\/p><p>Global Hookah hofft, die Wasserpfeifenkultur durch unsere Produkte zu verbreiten und mehr Menschen eine M\u00f6glichkeit zu bieten, sich inmitten ihres gesch\u00e4ftigen Lebens zu treffen und zu entspannen. Wir lieben die Freude, die uns die Wasserpfeife bringt, und hoffen, dass Sie ebenso unvergessliche Momente mit unseren Wasserpfeifen erleben werden.<\/p>\n\t\t\t\t\t<\/div>\n\t\t\t\t\t\t<\/div>\n\t\t\t\t<\/div>\n\t\t\t\t\t<\/div>\n\t\t<\/div>\n\t\t\t\t\t<\/div>\n\t\t<\/section>\n\t\t\t\t<section class=\"elementor-section elementor-top-section elementor-element elementor-element-cb14985 elementor-section-boxed elementor-section-height-default elementor-section-height-default\" data-id=\"cb14985\" data-element_type=\"section\" data-e-type=\"section\">\n\t\t\t\t\t\t<div class=\"elementor-container elementor-column-gap-default\">\n\t\t\t\t\t<div class=\"elementor-column elementor-col-100 elementor-top-column elementor-element elementor-element-8e3a981\" data-id=\"8e3a981\" data-element_type=\"column\" data-e-type=\"column\">\n\t\t\t<div class=\"elementor-widget-wrap elementor-element-populated\">\n\t\t\t\t\t\t<div class=\"elementor-element elementor-element-8cfe822 elementor-widget elementor-widget-image\" data-id=\"8cfe822\" data-element_type=\"widget\" data-e-type=\"widget\" data-widget_type=\"image.default\">\n\t\t\t\t<div class=\"elementor-widget-container\">\n\t\t\t\t\t\t\t\t\t\t\t\t\t\t\t<img fetchpriority=\"high\" decoding=\"async\" width=\"1200\" height=\"800\" src=\"https:\/\/global-hookah.com\/wp-content\/uploads\/2023\/12\/pexels-yan-krukau-8866775-1200x800.jpg\" class=\"attachment-large size-large wp-image-17676\" alt=\"\" srcset=\"https:\/\/global-hookah.com\/wp-content\/uploads\/2023\/12\/pexels-yan-krukau-8866775-1200x800.jpg 1200w, https:\/\/global-hookah.com\/wp-content\/uploads\/2023\/12\/pexels-yan-krukau-8866775-scaled-148x99.jpg 148w, https:\/\/global-hookah.com\/wp-content\/uploads\/2023\/12\/pexels-yan-krukau-8866775-scaled-800x533.jpg 800w, https:\/\/global-hookah.com\/wp-content\/uploads\/2023\/12\/pexels-yan-krukau-8866775-400x267.jpg 400w, https:\/\/global-hookah.com\/wp-content\/uploads\/2023\/12\/pexels-yan-krukau-8866775-768x512.jpg 768w, https:\/\/global-hookah.com\/wp-content\/uploads\/2023\/12\/pexels-yan-krukau-8866775-1536x1024.jpg 1536w, https:\/\/global-hookah.com\/wp-content\/uploads\/2023\/12\/pexels-yan-krukau-8866775-2048x1365.jpg 2048w, https:\/\/global-hookah.com\/wp-content\/uploads\/2023\/12\/pexels-yan-krukau-8866775-18x12.jpg 18w, https:\/\/global-hookah.com\/wp-content\/uploads\/2023\/12\/pexels-yan-krukau-8866775-860x573.jpg 860w\" sizes=\"(max-width: 1200px) 100vw, 1200px\" \/>\t\t\t\t\t\t\t\t\t\t\t\t\t\t\t<\/div>\n\t\t\t\t<\/div>\n\t\t\t\t\t<\/div>\n\t\t<\/div>\n\t\t\t\t\t<\/div>\n\t\t<\/section>\n\t\t\t\t<section class=\"elementor-section elementor-top-section elementor-element elementor-element-3a2f208c elementor-section-content-middle elementor-section-boxed elementor-section-height-default elementor-section-height-default\" data-id=\"3a2f208c\" data-element_type=\"section\" data-e-type=\"section\">\n\t\t\t\t\t\t<div class=\"elementor-container elementor-column-gap-extended\">\n\t\t\t\t\t<div class=\"elementor-column elementor-col-50 elementor-top-column elementor-element elementor-element-62ab57d2\" data-id=\"62ab57d2\" data-element_type=\"column\" data-e-type=\"column\">\n\t\t\t<div class=\"elementor-widget-wrap elementor-element-populated\">\n\t\t\t\t\t\t<div class=\"elementor-element elementor-element-3dbcc4a7 wd-width-100 elementor-widget elementor-widget-wd_video\" data-id=\"3dbcc4a7\" data-element_type=\"widget\" data-e-type=\"widget\" data-widget_type=\"wd_video.default\">\n\t\t\t\t<div class=\"elementor-widget-container\">\n\t\t\t\t\t\n\t\t<div class=\"wd-el-video wd-action-overlay wd-video-youtube wd-with-aspect-ratio\">\n\t\t\t\t\t\t\t<iframe data-lazy-load=\"https:\/\/www.youtube.com\/embed\/E8ckyuioeIw?feature=oembed&loop=0&mute=0&controls=1\" allowfullscreen allow=\"accelerometer; autoplay; encrypted-media; gyroscope; picture-in-picture\" width=\"100%\" height=\"100%\" loading=\"lazy\"><\/iframe>\t\t\t\n\t\t\t\n\t\t\t\n\t\t\t\t\t\t\t<div class=\"wd-el-video-overlay wd-fill\">\n\t\t\t\t\t\t\t\t\t<\/div>\n\t\t\t\t<div class=\"wd-el-video-control color-scheme-light wd-fill\">\n\t\t\t\t\t<span class=\"wd-el-video-play-btn\"><\/span>\n\t\t\t\t\t\t\t\t\t<\/div>\n\n\t\t\t\t<a class=\"wd-el-video-link wd-el-video-btn-overlay wd-fill\" href=\"https:\/\/youtu.be\/E8ckyuioeIw\" rel=\"nofollow\" target=\"_blank\"><\/a>\n\t\t\t\t\t<\/div>\n\t\t\t\t\t\t<\/div>\n\t\t\t\t<\/div>\n\t\t\t\t\t<\/div>\n\t\t<\/div>\n\t\t\t\t<div class=\"elementor-column elementor-col-50 elementor-top-column elementor-element elementor-element-607301ce\" data-id=\"607301ce\" data-element_type=\"column\" data-e-type=\"column\">\n\t\t\t<div class=\"elementor-widget-wrap elementor-element-populated\">\n\t\t\t\t\t\t<div class=\"elementor-element elementor-element-22c12017 wd-width-100 elementor-widget elementor-widget-wd_title\" data-id=\"22c12017\" data-element_type=\"widget\" data-e-type=\"widget\" data-widget_type=\"wd_title.default\">\n\t\t\t\t<div class=\"elementor-widget-container\">\n\t\t\t\t\t\t\t<div class=\"title-wrapper set-mb-s reset-last-child wd-title-color-default wd-title-style-default wd-title-size-default text-left\">\n\n\t\t\t\n\t\t\t<div class=\"liner-continer\">\n\t\t\t\t<h4 class=\"woodmart-title-container title wd-fontsize-l\">Video \u00fcber unsere Hookah-Pfeifenfabrik<\/h4> \n\t\t\t\t\t\t\t<\/div>\n\n\t\t\t\t\t\t\t<div class=\"title-after_title set-cont-mb-s reset-last-child wd-fontsize-xs\">\n\t\t\t\t\t<p>Mit fortschrittlicher Ausr\u00fcstung und sorgf\u00e4ltiger Handwerkskunst sind wir in der Lage, Wasserpfeifen mit ausgezeichnetem Rauchfluss und luftdichten Dichtungen herzustellen. Unser Herstellungsverfahren garantiert eine zuverl\u00e4ssige Leistung.<\/p><p>Globaler Ruf<br \/>Unsere Wasserpfeifen sind in Tabakfachgesch\u00e4ften und Lounges in ganz Europa, dem Nahen Osten und Asien zu finden. Wir arbeiten direkt mit Einzelh\u00e4ndlern und Distributoren zusammen, um sicherzustellen, dass unsere Produkte anspruchsvolle Shisha-Liebhaber weltweit erreichen.<\/p>\t\t\t\t<\/div>\n\t\t\t\t\t<\/div>\n\t\t\t\t\t\t<\/div>\n\t\t\t\t<\/div>\n\t\t\t\t\t<\/div>\n\t\t<\/div>\n\t\t\t\t\t<\/div>\n\t\t<\/section>\n\t\t\t\t<section class=\"elementor-section elementor-top-section elementor-element elementor-element-3b55774e elementor-section-content-middle elementor-reverse-tablet elementor-reverse-mobile elementor-section-boxed elementor-section-height-default elementor-section-height-default\" data-id=\"3b55774e\" data-element_type=\"section\" data-e-type=\"section\">\n\t\t\t\t\t\t<div class=\"elementor-container elementor-column-gap-extended\">\n\t\t\t\t\t<div class=\"elementor-column elementor-col-50 elementor-top-column elementor-element elementor-element-251d0df8\" data-id=\"251d0df8\" data-element_type=\"column\" data-e-type=\"column\">\n\t\t\t<div class=\"elementor-widget-wrap elementor-element-populated\">\n\t\t\t\t\t\t<div class=\"elementor-element elementor-element-5810c299 wd-width-100 elementor-widget elementor-widget-wd_title\" data-id=\"5810c299\" data-element_type=\"widget\" data-e-type=\"widget\" data-widget_type=\"wd_title.default\">\n\t\t\t\t<div class=\"elementor-widget-container\">\n\t\t\t\t\t\t\t<div class=\"title-wrapper set-mb-s reset-last-child wd-title-color-default wd-title-style-default wd-title-size-default text-left\">\n\n\t\t\t\n\t\t\t<div class=\"liner-continer\">\n\t\t\t\t<h4 class=\"woodmart-title-container title wd-fontsize-l\">Unser Werk<\/h4> \n\t\t\t\t\t\t\t<\/div>\n\n\t\t\t\t\t<\/div>\n\t\t\t\t\t\t<\/div>\n\t\t\t\t<\/div>\n\t\t\t\t<div class=\"elementor-element elementor-element-7d6dba1c elementor-widget elementor-widget-wd_text_block\" data-id=\"7d6dba1c\" data-element_type=\"widget\" data-e-type=\"widget\" data-widget_type=\"wd_text_block.default\">\n\t\t\t\t<div class=\"elementor-widget-container\">\n\t\t\t\t\t\t\t<div class=\"wd-text-block reset-last-child text-left\">\n\t\t\t\n\t\t\t<p>Unser Ziel ist es, Produkte von h\u00f6chster Qualit\u00e4t zu wettbewerbsf\u00e4higen Preisen anzubieten und gleichzeitig einen Service zu bieten, der Ihre Erfahrung mit Global-Shisha au\u00dfergew\u00f6hnlich macht. Wir sind bestrebt, Ihnen die besten Wasserpfeifen, Bongs und Zubeh\u00f6r zu den niedrigsten Preisen anzubieten.<\/p>\n\t\t\t\t\t<\/div>\n\t\t\t\t\t\t<\/div>\n\t\t\t\t<\/div>\n\t\t\t\t<div class=\"elementor-element elementor-element-1c961867 elementor-widget elementor-widget-wd_button\" data-id=\"1c961867\" data-element_type=\"widget\" data-e-type=\"widget\" data-widget_type=\"wd_button.default\">\n\t\t\t\t<div class=\"elementor-widget-container\">\n\t\t\t\t\t\t\t<div class=\"wd-button-wrapper text-left\" >\n\t\t\t<a class=\"btn btn-style-default btn-style-semi-round btn-size-default btn-color-primary btn-icon-pos-right\"  href=\"https:\/\/global-hookah.com\/product-category\/wholesale-hookah\/\">\n\t\t\t\t<span class=\"wd-btn-text\" data-elementor-setting-key=\"text\">\n\t\t\t\t\tFragen und Antworten\t\t\t\t<\/span>\n\n\t\t\t\t\t\t\t<\/a>\n\t\t<\/div>\n\t\t\t\t\t\t<\/div>\n\t\t\t\t<\/div>\n\t\t\t\t\t<\/div>\n\t\t<\/div>\n\t\t\t\t<div class=\"elementor-column elementor-col-50 elementor-top-column elementor-element elementor-element-7a355a93\" data-id=\"7a355a93\" data-element_type=\"column\" data-e-type=\"column\">\n\t\t\t<div class=\"elementor-widget-wrap elementor-element-populated\">\n\t\t\t\t\t\t<div class=\"elementor-element elementor-element-3376b850 elementor-widget elementor-widget-wd_image_or_svg\" data-id=\"3376b850\" data-element_type=\"widget\" data-e-type=\"widget\" data-widget_type=\"wd_image_or_svg.default\">\n\t\t\t\t<div class=\"elementor-widget-container\">\n\t\t\t\t\t\n\t\t<div class=\"wd-image text-left\">\n\t\t\t\t\t\t\t\t<img decoding=\"async\" width=\"1200\" height=\"675\" src=\"https:\/\/global-hookah.com\/wp-content\/uploads\/2023\/11\/1683378525122.png\" class=\"attachment-full size-full\" alt=\"\" srcset=\"https:\/\/global-hookah.com\/wp-content\/uploads\/2023\/11\/1683378525122.png 1200w, https:\/\/global-hookah.com\/wp-content\/uploads\/2023\/11\/1683378525122-148x83.png 148w, https:\/\/global-hookah.com\/wp-content\/uploads\/2023\/11\/1683378525122-800x450.png 800w, https:\/\/global-hookah.com\/wp-content\/uploads\/2023\/11\/1683378525122-400x225.png 400w, https:\/\/global-hookah.com\/wp-content\/uploads\/2023\/11\/1683378525122-768x432.png 768w, https:\/\/global-hookah.com\/wp-content\/uploads\/2023\/11\/1683378525122-860x484.png 860w\" sizes=\"(max-width: 1200px) 100vw, 1200px\" \/>\t\t\t\t\t<\/div>\n\n\t\t\t\t\t\t<\/div>\n\t\t\t\t<\/div>\n\t\t\t\t\t<\/div>\n\t\t<\/div>\n\t\t\t\t\t<\/div>\n\t\t<\/section>\n\t\t\t\t<\/div>","protected":false},"excerpt":{"rendered":"<p>\u00dcBER UNS Wir helfen jedem Gro\u00dfhandel zu erstaunlichen Produkten Global Hookah wurde aus einer tiefen Liebe f\u00fcr Wasserpfeife gegr\u00fcndet<\/p>","protected":false},"author":1,"featured_media":0,"parent":0,"menu_order":0,"comment_status":"closed","ping_status":"closed","template":"","meta":{"iawp_total_views":118,"_joinchat":[],"footnotes":""},"class_list":["post-4400","page","type-page","status-publish","hentry"],"yoast_head":"<!-- This site is optimized with the Yoast SEO Premium plugin v24.7 (Yoast SEO v26.8) - https:\/\/yoast.com\/product\/yoast-seo-premium-wordpress\/ -->\n<title>About us - Global Hookah<\/title>\n<meta name=\"robots\" content=\"index, follow, max-snippet:-1, max-image-preview:large, max-video-preview:-1\" \/>\n<link rel=\"canonical\" href=\"https:\/\/global-hookah.com\/de\/about-us-3\/\" \/>\n<meta property=\"og:locale\" content=\"de_DE\" \/>\n<meta property=\"og:type\" content=\"article\" \/>\n<meta property=\"og:title\" content=\"About us\" \/>\n<meta property=\"og:description\" content=\"ABOUT US We Help Everyone Wholesale to Amazing Products Global Hookah was founded out of a deep love for hookah\" \/>\n<meta property=\"og:url\" content=\"https:\/\/global-hookah.com\/de\/about-us-3\/\" \/>\n<meta property=\"og:site_name\" content=\"Global Hookah\" \/>\n<meta property=\"article:modified_time\" content=\"2024-09-25T15:00:13+00:00\" \/>\n<meta property=\"og:image\" content=\"https:\/\/global-hookah.com\/wp-content\/uploads\/2023\/12\/pexels-yan-krukau-8866775-1200x800.jpg\" \/>\n<meta name=\"twitter:card\" content=\"summary_large_image\" \/>\n<meta name=\"twitter:label1\" content=\"Gesch\u00e4tzte Lesezeit\" \/>\n\t<meta name=\"twitter:data1\" content=\"2\u00a0Minuten\" \/>\n<script type=\"application\/ld+json\" class=\"yoast-schema-graph\">{\"@context\":\"https:\/\/schema.org\",\"@graph\":[{\"@type\":\"WebPage\",\"@id\":\"https:\/\/global-hookah.com\/about-us-3\/\",\"url\":\"https:\/\/global-hookah.com\/about-us-3\/\",\"name\":\"About us - Global Hookah\",\"isPartOf\":{\"@id\":\"https:\/\/global-hookah.com\/#website\"},\"primaryImageOfPage\":{\"@id\":\"https:\/\/global-hookah.com\/about-us-3\/#primaryimage\"},\"image\":{\"@id\":\"https:\/\/global-hookah.com\/about-us-3\/#primaryimage\"},\"thumbnailUrl\":\"https:\/\/global-hookah.com\/wp-content\/uploads\/2023\/12\/pexels-yan-krukau-8866775-1200x800.jpg\",\"datePublished\":\"2021-10-12T15:51:09+00:00\",\"dateModified\":\"2024-09-25T15:00:13+00:00\",\"breadcrumb\":{\"@id\":\"https:\/\/global-hookah.com\/about-us-3\/#breadcrumb\"},\"inLanguage\":\"de\",\"potentialAction\":[{\"@type\":\"ReadAction\",\"target\":[\"https:\/\/global-hookah.com\/about-us-3\/\"]}]},{\"@type\":\"ImageObject\",\"inLanguage\":\"de\",\"@id\":\"https:\/\/global-hookah.com\/about-us-3\/#primaryimage\",\"url\":\"https:\/\/global-hookah.com\/wp-content\/uploads\/2023\/12\/pexels-yan-krukau-8866775-1200x800.jpg\",\"contentUrl\":\"https:\/\/global-hookah.com\/wp-content\/uploads\/2023\/12\/pexels-yan-krukau-8866775-1200x800.jpg\"},{\"@type\":\"BreadcrumbList\",\"@id\":\"https:\/\/global-hookah.com\/about-us-3\/#breadcrumb\",\"itemListElement\":[{\"@type\":\"ListItem\",\"position\":1,\"name\":\"Home\",\"item\":\"https:\/\/global-hookah.com\/\"},{\"@type\":\"ListItem\",\"position\":2,\"name\":\"About us\"}]},{\"@type\":\"WebSite\",\"@id\":\"https:\/\/global-hookah.com\/#website\",\"url\":\"https:\/\/global-hookah.com\/\",\"name\":\"Global Hookah\",\"description\":\"Global Hookah\",\"publisher\":{\"@id\":\"https:\/\/global-hookah.com\/#organization\"},\"potentialAction\":[{\"@type\":\"SearchAction\",\"target\":{\"@type\":\"EntryPoint\",\"urlTemplate\":\"https:\/\/global-hookah.com\/?s={search_term_string}\"},\"query-input\":{\"@type\":\"PropertyValueSpecification\",\"valueRequired\":true,\"valueName\":\"search_term_string\"}}],\"inLanguage\":\"de\"},{\"@type\":\"Organization\",\"@id\":\"https:\/\/global-hookah.com\/#organization\",\"name\":\"Global Hookah\",\"url\":\"https:\/\/global-hookah.com\/\",\"logo\":{\"@type\":\"ImageObject\",\"inLanguage\":\"de\",\"@id\":\"https:\/\/global-hookah.com\/#\/schema\/logo\/image\/\",\"url\":\"https:\/\/global-hookah.com\/wp-content\/uploads\/2021\/10\/cropped-fgg.png\",\"contentUrl\":\"https:\/\/global-hookah.com\/wp-content\/uploads\/2021\/10\/cropped-fgg.png\",\"width\":512,\"height\":512,\"caption\":\"Global Hookah\"},\"image\":{\"@id\":\"https:\/\/global-hookah.com\/#\/schema\/logo\/image\/\"}}]}<\/script>\n<!-- \/ Yoast SEO Premium plugin. -->","yoast_head_json":{"title":"\u00dcber uns - Global Hookah","robots":{"index":"index","follow":"follow","max-snippet":"max-snippet:-1","max-image-preview":"max-image-preview:large","max-video-preview":"max-video-preview:-1"},"canonical":"https:\/\/global-hookah.com\/de\/about-us-3\/","og_locale":"de_DE","og_type":"article","og_title":"About us","og_description":"ABOUT US We Help Everyone Wholesale to Amazing Products Global Hookah was founded out of a deep love for hookah","og_url":"https:\/\/global-hookah.com\/de\/about-us-3\/","og_site_name":"Global Hookah","article_modified_time":"2024-09-25T15:00:13+00:00","og_image":[{"url":"https:\/\/global-hookah.com\/wp-content\/uploads\/2023\/12\/pexels-yan-krukau-8866775-1200x800.jpg","type":"","width":"","height":""}],"twitter_card":"summary_large_image","twitter_misc":{"Gesch\u00e4tzte Lesezeit":"2\u00a0Minuten"},"schema":{"@context":"https:\/\/schema.org","@graph":[{"@type":"WebPage","@id":"https:\/\/global-hookah.com\/about-us-3\/","url":"https:\/\/global-hookah.com\/about-us-3\/","name":"\u00dcber uns - Global Hookah","isPartOf":{"@id":"https:\/\/global-hookah.com\/#website"},"primaryImageOfPage":{"@id":"https:\/\/global-hookah.com\/about-us-3\/#primaryimage"},"image":{"@id":"https:\/\/global-hookah.com\/about-us-3\/#primaryimage"},"thumbnailUrl":"https:\/\/global-hookah.com\/wp-content\/uploads\/2023\/12\/pexels-yan-krukau-8866775-1200x800.jpg","datePublished":"2021-10-12T15:51:09+00:00","dateModified":"2024-09-25T15:00:13+00:00","breadcrumb":{"@id":"https:\/\/global-hookah.com\/about-us-3\/#breadcrumb"},"inLanguage":"de","potentialAction":[{"@type":"ReadAction","target":["https:\/\/global-hookah.com\/about-us-3\/"]}]},{"@type":"ImageObject","inLanguage":"de","@id":"https:\/\/global-hookah.com\/about-us-3\/#primaryimage","url":"https:\/\/global-hookah.com\/wp-content\/uploads\/2023\/12\/pexels-yan-krukau-8866775-1200x800.jpg","contentUrl":"https:\/\/global-hookah.com\/wp-content\/uploads\/2023\/12\/pexels-yan-krukau-8866775-1200x800.jpg"},{"@type":"BreadcrumbList","@id":"https:\/\/global-hookah.com\/about-us-3\/#breadcrumb","itemListElement":[{"@type":"ListItem","position":1,"name":"Home","item":"https:\/\/global-hookah.com\/"},{"@type":"ListItem","position":2,"name":"About us"}]},{"@type":"WebSite","@id":"https:\/\/global-hookah.com\/#website","url":"https:\/\/global-hookah.com\/","name":"Globale Wasserpfeife","description":"Globale Wasserpfeife","publisher":{"@id":"https:\/\/global-hookah.com\/#organization"},"potentialAction":[{"@type":"SearchAction","target":{"@type":"EntryPoint","urlTemplate":"https:\/\/global-hookah.com\/?s={search_term_string}"},"query-input":{"@type":"PropertyValueSpecification","valueRequired":true,"valueName":"search_term_string"}}],"inLanguage":"de"},{"@type":"Organization","@id":"https:\/\/global-hookah.com\/#organization","name":"Globale Wasserpfeife","url":"https:\/\/global-hookah.com\/","logo":{"@type":"ImageObject","inLanguage":"de","@id":"https:\/\/global-hookah.com\/#\/schema\/logo\/image\/","url":"https:\/\/global-hookah.com\/wp-content\/uploads\/2021\/10\/cropped-fgg.png","contentUrl":"https:\/\/global-hookah.com\/wp-content\/uploads\/2021\/10\/cropped-fgg.png","width":512,"height":512,"caption":"Global Hookah"},"image":{"@id":"https:\/\/global-hookah.com\/#\/schema\/logo\/image\/"}}]}},"_links":{"self":[{"href":"https:\/\/global-hookah.com\/de\/wp-json\/wp\/v2\/pages\/4400","targetHints":{"allow":["GET"]}}],"collection":[{"href":"https:\/\/global-hookah.com\/de\/wp-json\/wp\/v2\/pages"}],"about":[{"href":"https:\/\/global-hookah.com\/de\/wp-json\/wp\/v2\/types\/page"}],"author":[{"embeddable":true,"href":"https:\/\/global-hookah.com\/de\/wp-json\/wp\/v2\/users\/1"}],"replies":[{"embeddable":true,"href":"https:\/\/global-hookah.com\/de\/wp-json\/wp\/v2\/comments?post=4400"}],"version-history":[{"count":0,"href":"https:\/\/global-hookah.com\/de\/wp-json\/wp\/v2\/pages\/4400\/revisions"}],"wp:attachment":[{"href":"https:\/\/global-hookah.com\/de\/wp-json\/wp\/v2\/media?parent=4400"}],"curies":[{"name":"wp","href":"https:\/\/api.w.org\/{rel}","templated":true}]}}