{"id":10004,"date":"2023-01-10T12:01:22","date_gmt":"2023-01-10T12:01:22","guid":{"rendered":"https:\/\/global-hookah.com\/?post_type=product&#038;p=10004"},"modified":"2024-01-12T04:00:09","modified_gmt":"2024-01-12T04:00:09","slug":"arabian-large-hookah-starter-kit","status":"publish","type":"product","link":"https:\/\/global-hookah.com\/de\/produkt\/arabian-large-hookah-starter-kit\/","title":{"rendered":"Arabische gro\u00dfe Wasserpfeife Starter Kit"},"content":{"rendered":"<div data-elementor-type=\"wp-post\" data-elementor-id=\"10004\" class=\"elementor elementor-10004\">\n\t\t\t\t\t\t<section class=\"wd-negative-gap elementor-section elementor-top-section elementor-element elementor-element-9ba86b9 elementor-section-boxed elementor-section-height-default elementor-section-height-default\" data-id=\"9ba86b9\" data-element_type=\"section\" data-e-type=\"section\">\n\t\t\t\t\t\t<div class=\"elementor-container elementor-column-gap-default\">\n\t\t\t\t\t<div class=\"elementor-column elementor-col-100 elementor-top-column elementor-element elementor-element-b92c48d\" data-id=\"b92c48d\" data-element_type=\"column\" data-e-type=\"column\">\n\t\t\t<div class=\"elementor-widget-wrap elementor-element-populated\">\n\t\t\t\t\t\t<div class=\"elementor-element elementor-element-b4fa17e elementor-widget elementor-widget-video\" data-id=\"b4fa17e\" data-element_type=\"widget\" data-e-type=\"widget\" data-settings=\"{&quot;youtube_url&quot;:&quot;https:\\\/\\\/youtu.be\\\/8C63I5sH0Ys&quot;,&quot;video_type&quot;:&quot;youtube&quot;,&quot;controls&quot;:&quot;yes&quot;}\" data-widget_type=\"video.default\">\n\t\t\t\t<div class=\"elementor-widget-container\">\n\t\t\t\t\t\t\t<div class=\"elementor-wrapper elementor-open-inline\">\n\t\t\t<div class=\"elementor-video\"><\/div>\t\t<\/div>\n\t\t\t\t\t\t<\/div>\n\t\t\t\t<\/div>\n\t\t\t\t\t<\/div>\n\t\t<\/div>\n\t\t\t\t\t<\/div>\n\t\t<\/section>\n\t\t\t\t<section class=\"wd-negative-gap elementor-section elementor-top-section elementor-element elementor-element-38fb582f elementor-section-boxed elementor-section-height-default elementor-section-height-default\" data-id=\"38fb582f\" data-element_type=\"section\" data-e-type=\"section\">\n\t\t\t\t\t\t<div class=\"elementor-container elementor-column-gap-default\">\n\t\t\t\t\t<div class=\"elementor-column elementor-col-100 elementor-top-column elementor-element elementor-element-45234e3c\" data-id=\"45234e3c\" data-element_type=\"column\" data-e-type=\"column\">\n\t\t\t<div class=\"elementor-widget-wrap elementor-element-populated\">\n\t\t\t\t\t\t<div class=\"elementor-element elementor-element-5696b365 color-scheme-inherit text-left elementor-widget elementor-widget-text-editor\" data-id=\"5696b365\" data-element_type=\"widget\" data-e-type=\"widget\" data-widget_type=\"text-editor.default\">\n\t\t\t\t<div class=\"elementor-widget-container\">\n\t\t\t\t\t\t\t\t\t<p>Unser <strong>Arabische gro\u00dfe Wasserpfeife<\/strong> werden aus hochwertigen Materialien hergestellt und sind mit Stil und Funktionalit\u00e4t im Sinn entworfen. Diese Wasserpfeife ist aus Glas gefertigt und weist ein sch\u00f6nes Muster auf dem Stiel und der Schale auf. Die Bowls sind ebenfalls aus Glas, so dass sie leicht zu reinigen sind und toll aussehen, wenn sie mit Rauch gef\u00fcllt sind.<\/p><p>Diese<strong> Arabische gro\u00dfe Wasserpfeife<\/strong> wird mit allem geliefert, was Sie brauchen, um sofort mit dem Rauchen zu beginnen. Die <strong>gro\u00dfe Wasserpfeife<\/strong> ist aus rostfreiem Stahl und Glas gefertigt, so dass er jahrelang halten wird. Sie wird mit einem Schlauch und einer Schale, einer Zange und einer Reinigungsb\u00fcrste geliefert, damit Sie sie nach jedem Gebrauch leicht reinigen k\u00f6nnen. Diese Wasserpfeife kommt auch mit einer Tragetasche, so dass Sie es \u00fcberall hin mitnehmen k\u00f6nnen, wo Sie wollen<\/p><p>Die<strong> Arabische Wasserpfeife<\/strong> wird mit allem geliefert, was Sie brauchen, um loszulegen, einschlie\u00dflich aller notwendigen Teile und einer Reinigungsb\u00fcrste. Dieses gro\u00dfe Shisha-Set kann mit fast jeder Art von Tabak wie Shisha oder aromatisierten Tabakprodukten einschlie\u00dflich Starbuzz Shisha verwendet werden.<\/p><p>Diese gl\u00e4serne Hookah-Basis hat eine breite \u00d6ffnung, durch die mehr Rauch leicht hindurchdringen kann. <strong>gro\u00dfe Wasserpfeife mit 2 Schl\u00e4uchen<\/strong> hat auch eine Ablage am Boden des Ger\u00e4ts, in die Sie Ihre Holzkohle oder anderes R\u00e4uchermaterial legen k\u00f6nnen, wenn Sie es vor dem Rauchen anz\u00fcnden m\u00f6chten. Es ist sehr bequem zu benutzen<\/p><p>Dies ist die beliebteste und begehrteste <strong>gro\u00dfe Wasserpfeife mit 2 Schl\u00e4uchen<\/strong> auf dem Markt. Der Grund daf\u00fcr ist, dass es stilvoll und dennoch erschwinglich ist. Sie k\u00f6nnen jetzt eines dieser Ger\u00e4te besitzen<a href=\"https:\/\/global-hookah.com\/\"> sch\u00f6ne Wasserpfeifen<\/a> zu einem erschwinglichen Preis!<\/p>\t\t\t\t\t\t\t\t<\/div>\n\t\t\t\t<\/div>\n\t\t\t\t\t<\/div>\n\t\t<\/div>\n\t\t\t\t\t<\/div>\n\t\t<\/section>\n\t\t\t\t<\/div>","protected":false},"excerpt":{"rendered":"<p>Unsere Arabian Large Hookah ist aus hochwertigen Materialien gefertigt und wurde mit Blick auf Stil und Funktionalit\u00e4t entworfen. Und dies<\/p>","protected":false},"featured_media":10005,"comment_status":"open","ping_status":"closed","template":"","meta":{"iawp_total_views":11,"_joinchat":[]},"product_brand":[],"product_cat":[415,560],"product_tag":[],"class_list":{"0":"post-10004","1":"product","2":"type-product","3":"status-publish","4":"has-post-thumbnail","6":"product_cat-accessories","7":"product_cat-glass-hookah-wholesale","9":"first","10":"instock","11":"shipping-taxable","12":"product-type-external"},"yoast_head":"<!-- This site is optimized with the Yoast SEO Premium plugin v24.7 (Yoast SEO v26.8) - https:\/\/yoast.com\/product\/yoast-seo-premium-wordpress\/ -->\n<title>Arabian Large Hookah Starter Kit - Global Hookah<\/title>\n<meta name=\"robots\" content=\"index, follow, max-snippet:-1, max-image-preview:large, max-video-preview:-1\" \/>\n<link rel=\"canonical\" href=\"https:\/\/global-hookah.com\/de\/produkt\/arabian-large-hookah-starter-kit\/\" \/>\n<meta property=\"og:locale\" content=\"de_DE\" \/>\n<meta property=\"og:type\" content=\"article\" \/>\n<meta property=\"og:title\" content=\"Arabian Large Hookah Starter Kit\" \/>\n<meta property=\"og:description\" content=\"Our Arabian Large Hookah are made from top-quality materials and are designed with style and functionality in mind. And This\" \/>\n<meta property=\"og:url\" content=\"https:\/\/global-hookah.com\/de\/produkt\/arabian-large-hookah-starter-kit\/\" \/>\n<meta property=\"og:site_name\" content=\"Global Hookah\" \/>\n<meta property=\"article:modified_time\" content=\"2024-01-12T04:00:09+00:00\" \/>\n<meta property=\"og:image\" content=\"https:\/\/global-hookah.com\/wp-content\/uploads\/2023\/01\/\u4e3b\u56fe-01-1.jpg\" \/>\n\t<meta property=\"og:image:width\" content=\"1500\" \/>\n\t<meta property=\"og:image:height\" content=\"1500\" \/>\n\t<meta property=\"og:image:type\" content=\"image\/jpeg\" \/>\n<meta name=\"twitter:card\" content=\"summary_large_image\" \/>\n<meta name=\"twitter:label1\" content=\"Gesch\u00e4tzte Lesezeit\" \/>\n\t<meta name=\"twitter:data1\" content=\"1\u00a0Minute\" \/>\n<script type=\"application\/ld+json\" class=\"yoast-schema-graph\">{\"@context\":\"https:\/\/schema.org\",\"@graph\":[{\"@type\":\"WebPage\",\"@id\":\"https:\/\/global-hookah.com\/product\/arabian-large-hookah-starter-kit\/\",\"url\":\"https:\/\/global-hookah.com\/product\/arabian-large-hookah-starter-kit\/\",\"name\":\"Arabian Large Hookah Starter Kit - Global Hookah\",\"isPartOf\":{\"@id\":\"https:\/\/global-hookah.com\/#website\"},\"primaryImageOfPage\":{\"@id\":\"https:\/\/global-hookah.com\/product\/arabian-large-hookah-starter-kit\/#primaryimage\"},\"image\":{\"@id\":\"https:\/\/global-hookah.com\/product\/arabian-large-hookah-starter-kit\/#primaryimage\"},\"thumbnailUrl\":\"https:\/\/global-hookah.com\/wp-content\/uploads\/2023\/01\/\u4e3b\u56fe-01-1.jpg\",\"datePublished\":\"2023-01-10T12:01:22+00:00\",\"dateModified\":\"2024-01-12T04:00:09+00:00\",\"breadcrumb\":{\"@id\":\"https:\/\/global-hookah.com\/product\/arabian-large-hookah-starter-kit\/#breadcrumb\"},\"inLanguage\":\"de\",\"potentialAction\":[{\"@type\":\"ReadAction\",\"target\":[\"https:\/\/global-hookah.com\/product\/arabian-large-hookah-starter-kit\/\"]}]},{\"@type\":\"ImageObject\",\"inLanguage\":\"de\",\"@id\":\"https:\/\/global-hookah.com\/product\/arabian-large-hookah-starter-kit\/#primaryimage\",\"url\":\"https:\/\/global-hookah.com\/wp-content\/uploads\/2023\/01\/\u4e3b\u56fe-01-1.jpg\",\"contentUrl\":\"https:\/\/global-hookah.com\/wp-content\/uploads\/2023\/01\/\u4e3b\u56fe-01-1.jpg\",\"width\":1500,\"height\":1500,\"caption\":\"Arabian Large Hookah\"},{\"@type\":\"BreadcrumbList\",\"@id\":\"https:\/\/global-hookah.com\/product\/arabian-large-hookah-starter-kit\/#breadcrumb\",\"itemListElement\":[{\"@type\":\"ListItem\",\"position\":1,\"name\":\"Home\",\"item\":\"https:\/\/global-hookah.com\/\"},{\"@type\":\"ListItem\",\"position\":2,\"name\":\"Shop\",\"item\":\"https:\/\/global-hookah.com\/shop\/\"},{\"@type\":\"ListItem\",\"position\":3,\"name\":\"Arabian Large Hookah Starter Kit\"}]},{\"@type\":\"WebSite\",\"@id\":\"https:\/\/global-hookah.com\/#website\",\"url\":\"https:\/\/global-hookah.com\/\",\"name\":\"Global Hookah\",\"description\":\"Global Hookah\",\"publisher\":{\"@id\":\"https:\/\/global-hookah.com\/#organization\"},\"potentialAction\":[{\"@type\":\"SearchAction\",\"target\":{\"@type\":\"EntryPoint\",\"urlTemplate\":\"https:\/\/global-hookah.com\/?s={search_term_string}\"},\"query-input\":{\"@type\":\"PropertyValueSpecification\",\"valueRequired\":true,\"valueName\":\"search_term_string\"}}],\"inLanguage\":\"de\"},{\"@type\":\"Organization\",\"@id\":\"https:\/\/global-hookah.com\/#organization\",\"name\":\"Global Hookah\",\"url\":\"https:\/\/global-hookah.com\/\",\"logo\":{\"@type\":\"ImageObject\",\"inLanguage\":\"de\",\"@id\":\"https:\/\/global-hookah.com\/#\/schema\/logo\/image\/\",\"url\":\"https:\/\/global-hookah.com\/wp-content\/uploads\/2021\/10\/cropped-fgg.png\",\"contentUrl\":\"https:\/\/global-hookah.com\/wp-content\/uploads\/2021\/10\/cropped-fgg.png\",\"width\":512,\"height\":512,\"caption\":\"Global Hookah\"},\"image\":{\"@id\":\"https:\/\/global-hookah.com\/#\/schema\/logo\/image\/\"}}]}<\/script>\n<!-- \/ Yoast SEO Premium plugin. -->","yoast_head_json":{"title":"Arabische gro\u00dfe Wasserpfeife Starter Kit - Global Hookah","robots":{"index":"index","follow":"follow","max-snippet":"max-snippet:-1","max-image-preview":"max-image-preview:large","max-video-preview":"max-video-preview:-1"},"canonical":"https:\/\/global-hookah.com\/de\/produkt\/arabian-large-hookah-starter-kit\/","og_locale":"de_DE","og_type":"article","og_title":"Arabian Large Hookah Starter Kit","og_description":"Our Arabian Large Hookah are made from top-quality materials and are designed with style and functionality in mind. And This","og_url":"https:\/\/global-hookah.com\/de\/produkt\/arabian-large-hookah-starter-kit\/","og_site_name":"Global Hookah","article_modified_time":"2024-01-12T04:00:09+00:00","og_image":[{"width":1500,"height":1500,"url":"https:\/\/global-hookah.com\/wp-content\/uploads\/2023\/01\/\u4e3b\u56fe-01-1.jpg","type":"image\/jpeg"}],"twitter_card":"summary_large_image","twitter_misc":{"Gesch\u00e4tzte Lesezeit":"1\u00a0Minute"},"schema":{"@context":"https:\/\/schema.org","@graph":[{"@type":"WebPage","@id":"https:\/\/global-hookah.com\/product\/arabian-large-hookah-starter-kit\/","url":"https:\/\/global-hookah.com\/product\/arabian-large-hookah-starter-kit\/","name":"Arabische gro\u00dfe Wasserpfeife Starter Kit - Global Hookah","isPartOf":{"@id":"https:\/\/global-hookah.com\/#website"},"primaryImageOfPage":{"@id":"https:\/\/global-hookah.com\/product\/arabian-large-hookah-starter-kit\/#primaryimage"},"image":{"@id":"https:\/\/global-hookah.com\/product\/arabian-large-hookah-starter-kit\/#primaryimage"},"thumbnailUrl":"https:\/\/global-hookah.com\/wp-content\/uploads\/2023\/01\/\u4e3b\u56fe-01-1.jpg","datePublished":"2023-01-10T12:01:22+00:00","dateModified":"2024-01-12T04:00:09+00:00","breadcrumb":{"@id":"https:\/\/global-hookah.com\/product\/arabian-large-hookah-starter-kit\/#breadcrumb"},"inLanguage":"de","potentialAction":[{"@type":"ReadAction","target":["https:\/\/global-hookah.com\/product\/arabian-large-hookah-starter-kit\/"]}]},{"@type":"ImageObject","inLanguage":"de","@id":"https:\/\/global-hookah.com\/product\/arabian-large-hookah-starter-kit\/#primaryimage","url":"https:\/\/global-hookah.com\/wp-content\/uploads\/2023\/01\/\u4e3b\u56fe-01-1.jpg","contentUrl":"https:\/\/global-hookah.com\/wp-content\/uploads\/2023\/01\/\u4e3b\u56fe-01-1.jpg","width":1500,"height":1500,"caption":"Arabian Large Hookah"},{"@type":"BreadcrumbList","@id":"https:\/\/global-hookah.com\/product\/arabian-large-hookah-starter-kit\/#breadcrumb","itemListElement":[{"@type":"ListItem","position":1,"name":"Home","item":"https:\/\/global-hookah.com\/"},{"@type":"ListItem","position":2,"name":"Shop","item":"https:\/\/global-hookah.com\/shop\/"},{"@type":"ListItem","position":3,"name":"Arabian Large Hookah Starter Kit"}]},{"@type":"WebSite","@id":"https:\/\/global-hookah.com\/#website","url":"https:\/\/global-hookah.com\/","name":"Globale Wasserpfeife","description":"Globale Wasserpfeife","publisher":{"@id":"https:\/\/global-hookah.com\/#organization"},"potentialAction":[{"@type":"SearchAction","target":{"@type":"EntryPoint","urlTemplate":"https:\/\/global-hookah.com\/?s={search_term_string}"},"query-input":{"@type":"PropertyValueSpecification","valueRequired":true,"valueName":"search_term_string"}}],"inLanguage":"de"},{"@type":"Organization","@id":"https:\/\/global-hookah.com\/#organization","name":"Globale Wasserpfeife","url":"https:\/\/global-hookah.com\/","logo":{"@type":"ImageObject","inLanguage":"de","@id":"https:\/\/global-hookah.com\/#\/schema\/logo\/image\/","url":"https:\/\/global-hookah.com\/wp-content\/uploads\/2021\/10\/cropped-fgg.png","contentUrl":"https:\/\/global-hookah.com\/wp-content\/uploads\/2021\/10\/cropped-fgg.png","width":512,"height":512,"caption":"Global Hookah"},"image":{"@id":"https:\/\/global-hookah.com\/#\/schema\/logo\/image\/"}}]}},"_links":{"self":[{"href":"https:\/\/global-hookah.com\/de\/wp-json\/wp\/v2\/product\/10004","targetHints":{"allow":["GET"]}}],"collection":[{"href":"https:\/\/global-hookah.com\/de\/wp-json\/wp\/v2\/product"}],"about":[{"href":"https:\/\/global-hookah.com\/de\/wp-json\/wp\/v2\/types\/product"}],"replies":[{"embeddable":true,"href":"https:\/\/global-hookah.com\/de\/wp-json\/wp\/v2\/comments?post=10004"}],"version-history":[{"count":0,"href":"https:\/\/global-hookah.com\/de\/wp-json\/wp\/v2\/product\/10004\/revisions"}],"wp:featuredmedia":[{"embeddable":true,"href":"https:\/\/global-hookah.com\/de\/wp-json\/wp\/v2\/media\/10005"}],"wp:attachment":[{"href":"https:\/\/global-hookah.com\/de\/wp-json\/wp\/v2\/media?parent=10004"}],"wp:term":[{"taxonomy":"product_brand","embeddable":true,"href":"https:\/\/global-hookah.com\/de\/wp-json\/wp\/v2\/product_brand?post=10004"},{"taxonomy":"product_cat","embeddable":true,"href":"https:\/\/global-hookah.com\/de\/wp-json\/wp\/v2\/product_cat?post=10004"},{"taxonomy":"product_tag","embeddable":true,"href":"https:\/\/global-hookah.com\/de\/wp-json\/wp\/v2\/product_tag?post=10004"}],"curies":[{"name":"wp","href":"https:\/\/api.w.org\/{rel}","templated":true}]}}