{"id":10029,"date":"2023-01-10T12:31:45","date_gmt":"2023-01-10T12:31:45","guid":{"rendered":"https:\/\/global-hookah.com\/?post_type=product&#038;p=10029"},"modified":"2024-01-12T04:00:08","modified_gmt":"2024-01-12T04:00:08","slug":"pretty-hookah-set","status":"publish","type":"product","link":"https:\/\/global-hookah.com\/de\/produkt\/pretty-hookah-set\/","title":{"rendered":"H\u00fcbsches Wasserpfeifen-Set"},"content":{"rendered":"<p>Dies ist die <strong>H\u00fcbsches Wasserpfeifen-Set<\/strong>. Es kommt mit einer Wasserpfeife, 3 Schl\u00e4uche und 2 Glasb\u00f6den. Diese Wasserpfeife Set ist 53cm hoch und kommt mit einer eingebauten Sch\u00fcssel und einem abnehmbaren Schlauch. Diese<strong> H\u00fcbsches Wasserpfeifen-Set<\/strong> hat einen Glasboden, der es leicht zu reinigen und zu pflegen macht. Die Schale oder der obere Teil dieses Shisha-Sets kann leicht gereinigt werden, indem man sie einfach unter flie\u00dfendem Wasser absp\u00fclt, aber man kann sie auch in die Sp\u00fclmaschine stellen, wenn man all die R\u00fcckst\u00e4nde vom Rauchen loswerden will.<\/p>\n<p>EXKLUSIVES DESIGN: Diese<strong> H\u00fcbsches Wasserpfeifenset i<\/strong>Er wurde nach den h\u00f6chsten Qualit\u00e4tsstandards entworfen und hat ein sch\u00f6nes, schlankes und elegantes Aussehen. Sie wird mit 3 Schlauchadaptern geliefert. Es kann von mehreren Personen verwendet werden, um den Spa\u00df an der Wasserpfeife Erfahrung zu erh\u00f6hen.<\/p>\n<p>EINFACH ZU MONTIEREN\/DEMONTAGE: Das Shisha-Pfeifen-Set wird zerlegt in einer Box geliefert, so dass Sie es leicht zusammensetzen k\u00f6nnen, indem Sie die Bedienungsanleitung befolgen. Au\u00dferdem, wenn Sie es zu reinigen oder zu speichern, m\u00fcssen Sie nur die Teile auseinander zu nehmen und legen Sie sie zur\u00fcck in die Box.<\/p>\n<p>H\u00e4lt Sie gesund und fit: Das Rauchen von Wasserpfeifen erfreut sich bei Menschen, die das Rauchen von Zigaretten oder Zigarren aufgeben wollen, gro\u00dfer Beliebtheit, da sie ges\u00fcnder als Zigaretten oder Zigarren sind und weniger Nikotin enthalten als Zigaretten und Zigarren.<\/p>\n<p>Dies ist eine<a href=\"https:\/\/global-hookah.com\/\"> gro\u00dfartig <strong>Wasserpfeife <\/strong>Geschenk<\/a> Idee f\u00fcr alle, die zu Hause oder auf Partys gerne Wasserpfeife rauchen. Es ist auch gro\u00dfartig f\u00fcr diejenigen, die gerne mit ihren Wasserpfeifen reisen, weil die Teile leicht zu zerlegen sind und in jeden Koffer oder Rucksack passen, ohne viel Platz einzunehmen!<\/p>","protected":false},"excerpt":{"rendered":"<p>Dies ist das Pretty Hookah Set. Es kommt mit einer Wasserpfeife, 3 Schl\u00e4uchen und 2 Glasb\u00f6den. Dieses Shisha Set<\/p>","protected":false},"featured_media":10035,"comment_status":"open","ping_status":"closed","template":"","meta":{"iawp_total_views":17,"_joinchat":[]},"product_brand":[],"product_cat":[415,560],"product_tag":[],"class_list":{"0":"post-10029","1":"product","2":"type-product","3":"status-publish","4":"has-post-thumbnail","6":"product_cat-accessories","7":"product_cat-glass-hookah-wholesale","9":"first","10":"instock","11":"shipping-taxable","12":"product-type-external"},"yoast_head":"<!-- This site is optimized with the Yoast SEO Premium plugin v24.7 (Yoast SEO v26.8) - https:\/\/yoast.com\/product\/yoast-seo-premium-wordpress\/ -->\n<title>Pretty Hookah Set - Global Hookah<\/title>\n<meta name=\"robots\" content=\"index, follow, max-snippet:-1, max-image-preview:large, max-video-preview:-1\" \/>\n<link rel=\"canonical\" href=\"https:\/\/global-hookah.com\/de\/produkt\/pretty-hookah-set\/\" \/>\n<meta property=\"og:locale\" content=\"de_DE\" \/>\n<meta property=\"og:type\" content=\"article\" \/>\n<meta property=\"og:title\" content=\"Pretty Hookah Set\" \/>\n<meta property=\"og:description\" content=\"This is the Pretty Hookah Set. It comes with a hookah, 3 hoses and 2 glass bases. This hookah set\" \/>\n<meta property=\"og:url\" content=\"https:\/\/global-hookah.com\/de\/produkt\/pretty-hookah-set\/\" \/>\n<meta property=\"og:site_name\" content=\"Global Hookah\" \/>\n<meta property=\"article:modified_time\" content=\"2024-01-12T04:00:08+00:00\" \/>\n<meta property=\"og:image\" content=\"https:\/\/global-hookah.com\/wp-content\/uploads\/2023\/01\/\u4e3b\u56fe-02-2.jpg\" \/>\n\t<meta property=\"og:image:width\" content=\"1500\" \/>\n\t<meta property=\"og:image:height\" content=\"1500\" \/>\n\t<meta property=\"og:image:type\" content=\"image\/jpeg\" \/>\n<meta name=\"twitter:card\" content=\"summary_large_image\" \/>\n<meta name=\"twitter:label1\" content=\"Gesch\u00e4tzte Lesezeit\" \/>\n\t<meta name=\"twitter:data1\" content=\"1\u00a0Minute\" \/>\n<script type=\"application\/ld+json\" class=\"yoast-schema-graph\">{\"@context\":\"https:\/\/schema.org\",\"@graph\":[{\"@type\":\"WebPage\",\"@id\":\"https:\/\/global-hookah.com\/product\/pretty-hookah-set\/\",\"url\":\"https:\/\/global-hookah.com\/product\/pretty-hookah-set\/\",\"name\":\"Pretty Hookah Set - Global Hookah\",\"isPartOf\":{\"@id\":\"https:\/\/global-hookah.com\/#website\"},\"primaryImageOfPage\":{\"@id\":\"https:\/\/global-hookah.com\/product\/pretty-hookah-set\/#primaryimage\"},\"image\":{\"@id\":\"https:\/\/global-hookah.com\/product\/pretty-hookah-set\/#primaryimage\"},\"thumbnailUrl\":\"https:\/\/global-hookah.com\/wp-content\/uploads\/2023\/01\/\u4e3b\u56fe-02-2.jpg\",\"datePublished\":\"2023-01-10T12:31:45+00:00\",\"dateModified\":\"2024-01-12T04:00:08+00:00\",\"breadcrumb\":{\"@id\":\"https:\/\/global-hookah.com\/product\/pretty-hookah-set\/#breadcrumb\"},\"inLanguage\":\"de\",\"potentialAction\":[{\"@type\":\"ReadAction\",\"target\":[\"https:\/\/global-hookah.com\/product\/pretty-hookah-set\/\"]}]},{\"@type\":\"ImageObject\",\"inLanguage\":\"de\",\"@id\":\"https:\/\/global-hookah.com\/product\/pretty-hookah-set\/#primaryimage\",\"url\":\"https:\/\/global-hookah.com\/wp-content\/uploads\/2023\/01\/\u4e3b\u56fe-02-2.jpg\",\"contentUrl\":\"https:\/\/global-hookah.com\/wp-content\/uploads\/2023\/01\/\u4e3b\u56fe-02-2.jpg\",\"width\":1500,\"height\":1500},{\"@type\":\"BreadcrumbList\",\"@id\":\"https:\/\/global-hookah.com\/product\/pretty-hookah-set\/#breadcrumb\",\"itemListElement\":[{\"@type\":\"ListItem\",\"position\":1,\"name\":\"Home\",\"item\":\"https:\/\/global-hookah.com\/\"},{\"@type\":\"ListItem\",\"position\":2,\"name\":\"Shop\",\"item\":\"https:\/\/global-hookah.com\/shop\/\"},{\"@type\":\"ListItem\",\"position\":3,\"name\":\"Pretty Hookah Set\"}]},{\"@type\":\"WebSite\",\"@id\":\"https:\/\/global-hookah.com\/#website\",\"url\":\"https:\/\/global-hookah.com\/\",\"name\":\"Global Hookah\",\"description\":\"Global Hookah\",\"publisher\":{\"@id\":\"https:\/\/global-hookah.com\/#organization\"},\"potentialAction\":[{\"@type\":\"SearchAction\",\"target\":{\"@type\":\"EntryPoint\",\"urlTemplate\":\"https:\/\/global-hookah.com\/?s={search_term_string}\"},\"query-input\":{\"@type\":\"PropertyValueSpecification\",\"valueRequired\":true,\"valueName\":\"search_term_string\"}}],\"inLanguage\":\"de\"},{\"@type\":\"Organization\",\"@id\":\"https:\/\/global-hookah.com\/#organization\",\"name\":\"Global Hookah\",\"url\":\"https:\/\/global-hookah.com\/\",\"logo\":{\"@type\":\"ImageObject\",\"inLanguage\":\"de\",\"@id\":\"https:\/\/global-hookah.com\/#\/schema\/logo\/image\/\",\"url\":\"https:\/\/global-hookah.com\/wp-content\/uploads\/2021\/10\/cropped-fgg.png\",\"contentUrl\":\"https:\/\/global-hookah.com\/wp-content\/uploads\/2021\/10\/cropped-fgg.png\",\"width\":512,\"height\":512,\"caption\":\"Global Hookah\"},\"image\":{\"@id\":\"https:\/\/global-hookah.com\/#\/schema\/logo\/image\/\"}}]}<\/script>\n<!-- \/ Yoast SEO Premium plugin. -->","yoast_head_json":{"title":"H\u00fcbsches Wasserpfeifen-Set - Global Hookah","robots":{"index":"index","follow":"follow","max-snippet":"max-snippet:-1","max-image-preview":"max-image-preview:large","max-video-preview":"max-video-preview:-1"},"canonical":"https:\/\/global-hookah.com\/de\/produkt\/pretty-hookah-set\/","og_locale":"de_DE","og_type":"article","og_title":"Pretty Hookah Set","og_description":"This is the Pretty Hookah Set. It comes with a hookah, 3 hoses and 2 glass bases. This hookah set","og_url":"https:\/\/global-hookah.com\/de\/produkt\/pretty-hookah-set\/","og_site_name":"Global Hookah","article_modified_time":"2024-01-12T04:00:08+00:00","og_image":[{"width":1500,"height":1500,"url":"https:\/\/global-hookah.com\/wp-content\/uploads\/2023\/01\/\u4e3b\u56fe-02-2.jpg","type":"image\/jpeg"}],"twitter_card":"summary_large_image","twitter_misc":{"Gesch\u00e4tzte Lesezeit":"1\u00a0Minute"},"schema":{"@context":"https:\/\/schema.org","@graph":[{"@type":"WebPage","@id":"https:\/\/global-hookah.com\/product\/pretty-hookah-set\/","url":"https:\/\/global-hookah.com\/product\/pretty-hookah-set\/","name":"H\u00fcbsches Wasserpfeifen-Set - Global Hookah","isPartOf":{"@id":"https:\/\/global-hookah.com\/#website"},"primaryImageOfPage":{"@id":"https:\/\/global-hookah.com\/product\/pretty-hookah-set\/#primaryimage"},"image":{"@id":"https:\/\/global-hookah.com\/product\/pretty-hookah-set\/#primaryimage"},"thumbnailUrl":"https:\/\/global-hookah.com\/wp-content\/uploads\/2023\/01\/\u4e3b\u56fe-02-2.jpg","datePublished":"2023-01-10T12:31:45+00:00","dateModified":"2024-01-12T04:00:08+00:00","breadcrumb":{"@id":"https:\/\/global-hookah.com\/product\/pretty-hookah-set\/#breadcrumb"},"inLanguage":"de","potentialAction":[{"@type":"ReadAction","target":["https:\/\/global-hookah.com\/product\/pretty-hookah-set\/"]}]},{"@type":"ImageObject","inLanguage":"de","@id":"https:\/\/global-hookah.com\/product\/pretty-hookah-set\/#primaryimage","url":"https:\/\/global-hookah.com\/wp-content\/uploads\/2023\/01\/\u4e3b\u56fe-02-2.jpg","contentUrl":"https:\/\/global-hookah.com\/wp-content\/uploads\/2023\/01\/\u4e3b\u56fe-02-2.jpg","width":1500,"height":1500},{"@type":"BreadcrumbList","@id":"https:\/\/global-hookah.com\/product\/pretty-hookah-set\/#breadcrumb","itemListElement":[{"@type":"ListItem","position":1,"name":"Home","item":"https:\/\/global-hookah.com\/"},{"@type":"ListItem","position":2,"name":"Shop","item":"https:\/\/global-hookah.com\/shop\/"},{"@type":"ListItem","position":3,"name":"Pretty Hookah Set"}]},{"@type":"WebSite","@id":"https:\/\/global-hookah.com\/#website","url":"https:\/\/global-hookah.com\/","name":"Globale Wasserpfeife","description":"Globale Wasserpfeife","publisher":{"@id":"https:\/\/global-hookah.com\/#organization"},"potentialAction":[{"@type":"SearchAction","target":{"@type":"EntryPoint","urlTemplate":"https:\/\/global-hookah.com\/?s={search_term_string}"},"query-input":{"@type":"PropertyValueSpecification","valueRequired":true,"valueName":"search_term_string"}}],"inLanguage":"de"},{"@type":"Organization","@id":"https:\/\/global-hookah.com\/#organization","name":"Globale Wasserpfeife","url":"https:\/\/global-hookah.com\/","logo":{"@type":"ImageObject","inLanguage":"de","@id":"https:\/\/global-hookah.com\/#\/schema\/logo\/image\/","url":"https:\/\/global-hookah.com\/wp-content\/uploads\/2021\/10\/cropped-fgg.png","contentUrl":"https:\/\/global-hookah.com\/wp-content\/uploads\/2021\/10\/cropped-fgg.png","width":512,"height":512,"caption":"Global Hookah"},"image":{"@id":"https:\/\/global-hookah.com\/#\/schema\/logo\/image\/"}}]}},"_links":{"self":[{"href":"https:\/\/global-hookah.com\/de\/wp-json\/wp\/v2\/product\/10029","targetHints":{"allow":["GET"]}}],"collection":[{"href":"https:\/\/global-hookah.com\/de\/wp-json\/wp\/v2\/product"}],"about":[{"href":"https:\/\/global-hookah.com\/de\/wp-json\/wp\/v2\/types\/product"}],"replies":[{"embeddable":true,"href":"https:\/\/global-hookah.com\/de\/wp-json\/wp\/v2\/comments?post=10029"}],"version-history":[{"count":0,"href":"https:\/\/global-hookah.com\/de\/wp-json\/wp\/v2\/product\/10029\/revisions"}],"wp:featuredmedia":[{"embeddable":true,"href":"https:\/\/global-hookah.com\/de\/wp-json\/wp\/v2\/media\/10035"}],"wp:attachment":[{"href":"https:\/\/global-hookah.com\/de\/wp-json\/wp\/v2\/media?parent=10029"}],"wp:term":[{"taxonomy":"product_brand","embeddable":true,"href":"https:\/\/global-hookah.com\/de\/wp-json\/wp\/v2\/product_brand?post=10029"},{"taxonomy":"product_cat","embeddable":true,"href":"https:\/\/global-hookah.com\/de\/wp-json\/wp\/v2\/product_cat?post=10029"},{"taxonomy":"product_tag","embeddable":true,"href":"https:\/\/global-hookah.com\/de\/wp-json\/wp\/v2\/product_tag?post=10029"}],"curies":[{"name":"wp","href":"https:\/\/api.w.org\/{rel}","templated":true}]}}