{"id":10041,"date":"2023-01-10T13:00:41","date_gmt":"2023-01-10T13:00:41","guid":{"rendered":"https:\/\/global-hookah.com\/?post_type=product&#038;p=10041"},"modified":"2023-01-10T13:06:08","modified_gmt":"2023-01-10T13:06:08","slug":"diamond-hookah","status":"publish","type":"product","link":"https:\/\/global-hookah.com\/de\/produkt\/diamond-hookah\/","title":{"rendered":"Diamant Wasserpfeife"},"content":{"rendered":"<p>Die neue <strong>Diamant Wasserpfeife<\/strong> ist eine um 360 Grad drehbare Wasserpfeife mit einem einzigartigen Design. Es ist die Art von Wasserpfeife, die Sie gerne auf Ihrer n\u00e4chsten Party oder Veranstaltung vorf\u00fchren w\u00fcrden. Mit ihrem schlichten Design und dem eleganten Look werden Sie sich von der Masse abheben.<\/p>\n<p>Die<strong> Diamant Wasserpfeife<\/strong> ist aus rostfreiem Stahl gefertigt und daher sowohl langlebig als auch leicht zu reinigen. Au\u00dferdem k\u00f6nnen Sie ihn jahrelang verwenden, ohne sich \u00fcber Rost oder Korrosion Gedanken machen zu m\u00fcssen.<\/p>\n<p>Die<strong> Diamant Wasserpfeife<\/strong> verf\u00fcgt \u00fcber ein interessantes Design, das es Ihnen erm\u00f6glicht, ihn um 360 Grad zu drehen, so dass Sie leicht den perfekten Winkel f\u00fcr das Rauchen Ihres Lieblingstabaks finden k\u00f6nnen.<\/p>\n<p>Sie werden auch die Tatsache lieben, dass diese Wasserpfeife mit einem breiten Sockel ausgestattet ist, der sie stabil genug macht, damit Sie sie auch im Stehen benutzen k\u00f6nnen.<\/p>\n<p>Sie bieten eine Vielzahl von verschiedenen Wasserpfeifen, einschlie\u00dflich der klassischen \u00e4gyptischen Stil, modernen Stil, Glas oder Acryl Basis, hoch oder kurz Stiele und vieles mehr. Sie k\u00f6nnen sogar eine <a href=\"https:\/\/global-hookah.com\/\">Doppelschlauchset<\/a> wenn Sie Ihre Zigarette mit einem Freund teilen m\u00f6chten!<\/p>","protected":false},"excerpt":{"rendered":"<p>Die neue Diamond Hookah ist eine um 360 Grad drehbare Wasserpfeife, die mit einem einzigartigen Design aufwartet. Es ist die Art von Wasserpfeife<\/p>","protected":false},"featured_media":10047,"comment_status":"open","ping_status":"closed","template":"","meta":{"iawp_total_views":0,"_joinchat":[]},"product_brand":[],"product_cat":[415],"product_tag":[],"class_list":{"0":"post-10041","1":"product","2":"type-product","3":"status-publish","4":"has-post-thumbnail","6":"product_cat-accessories","8":"first","9":"instock","10":"shipping-taxable","11":"product-type-external"},"yoast_head":"<!-- This site is optimized with the Yoast SEO Premium plugin v24.7 (Yoast SEO v26.8) - https:\/\/yoast.com\/product\/yoast-seo-premium-wordpress\/ -->\n<title>Diamond Hookah - Global Hookah<\/title>\n<meta name=\"robots\" content=\"index, follow, max-snippet:-1, max-image-preview:large, max-video-preview:-1\" \/>\n<link rel=\"canonical\" href=\"https:\/\/global-hookah.com\/de\/produkt\/diamond-hookah\/\" \/>\n<meta property=\"og:locale\" content=\"de_DE\" \/>\n<meta property=\"og:type\" content=\"article\" \/>\n<meta property=\"og:title\" content=\"Diamond Hookah\" \/>\n<meta property=\"og:description\" content=\"The new Diamond Hookah is a 360-degree rotatable hookah that comes with a unique design. It&#8217;s the kind of hookah\" \/>\n<meta property=\"og:url\" content=\"https:\/\/global-hookah.com\/de\/produkt\/diamond-hookah\/\" \/>\n<meta property=\"og:site_name\" content=\"Global Hookah\" \/>\n<meta property=\"article:modified_time\" content=\"2023-01-10T13:06:08+00:00\" \/>\n<meta property=\"og:image\" content=\"https:\/\/global-hookah.com\/wp-content\/uploads\/2023\/01\/\u4e3b\u56fe-05-3.jpg\" \/>\n\t<meta property=\"og:image:width\" content=\"800\" \/>\n\t<meta property=\"og:image:height\" content=\"800\" \/>\n\t<meta property=\"og:image:type\" content=\"image\/jpeg\" \/>\n<meta name=\"twitter:card\" content=\"summary_large_image\" \/>\n<meta name=\"twitter:label1\" content=\"Gesch\u00e4tzte Lesezeit\" \/>\n\t<meta name=\"twitter:data1\" content=\"1\u00a0Minute\" \/>\n<script type=\"application\/ld+json\" class=\"yoast-schema-graph\">{\"@context\":\"https:\/\/schema.org\",\"@graph\":[{\"@type\":\"WebPage\",\"@id\":\"https:\/\/global-hookah.com\/product\/diamond-hookah\/\",\"url\":\"https:\/\/global-hookah.com\/product\/diamond-hookah\/\",\"name\":\"Diamond Hookah - Global Hookah\",\"isPartOf\":{\"@id\":\"https:\/\/global-hookah.com\/#website\"},\"primaryImageOfPage\":{\"@id\":\"https:\/\/global-hookah.com\/product\/diamond-hookah\/#primaryimage\"},\"image\":{\"@id\":\"https:\/\/global-hookah.com\/product\/diamond-hookah\/#primaryimage\"},\"thumbnailUrl\":\"https:\/\/global-hookah.com\/wp-content\/uploads\/2023\/01\/\u4e3b\u56fe-05-3.jpg\",\"datePublished\":\"2023-01-10T13:00:41+00:00\",\"dateModified\":\"2023-01-10T13:06:08+00:00\",\"breadcrumb\":{\"@id\":\"https:\/\/global-hookah.com\/product\/diamond-hookah\/#breadcrumb\"},\"inLanguage\":\"de\",\"potentialAction\":[{\"@type\":\"ReadAction\",\"target\":[\"https:\/\/global-hookah.com\/product\/diamond-hookah\/\"]}]},{\"@type\":\"ImageObject\",\"inLanguage\":\"de\",\"@id\":\"https:\/\/global-hookah.com\/product\/diamond-hookah\/#primaryimage\",\"url\":\"https:\/\/global-hookah.com\/wp-content\/uploads\/2023\/01\/\u4e3b\u56fe-05-3.jpg\",\"contentUrl\":\"https:\/\/global-hookah.com\/wp-content\/uploads\/2023\/01\/\u4e3b\u56fe-05-3.jpg\",\"width\":800,\"height\":800,\"caption\":\"Diamond Hookah\"},{\"@type\":\"BreadcrumbList\",\"@id\":\"https:\/\/global-hookah.com\/product\/diamond-hookah\/#breadcrumb\",\"itemListElement\":[{\"@type\":\"ListItem\",\"position\":1,\"name\":\"Home\",\"item\":\"https:\/\/global-hookah.com\/\"},{\"@type\":\"ListItem\",\"position\":2,\"name\":\"Shop\",\"item\":\"https:\/\/global-hookah.com\/shop\/\"},{\"@type\":\"ListItem\",\"position\":3,\"name\":\"Diamond Hookah\"}]},{\"@type\":\"WebSite\",\"@id\":\"https:\/\/global-hookah.com\/#website\",\"url\":\"https:\/\/global-hookah.com\/\",\"name\":\"Global Hookah\",\"description\":\"Global Hookah\",\"publisher\":{\"@id\":\"https:\/\/global-hookah.com\/#organization\"},\"potentialAction\":[{\"@type\":\"SearchAction\",\"target\":{\"@type\":\"EntryPoint\",\"urlTemplate\":\"https:\/\/global-hookah.com\/?s={search_term_string}\"},\"query-input\":{\"@type\":\"PropertyValueSpecification\",\"valueRequired\":true,\"valueName\":\"search_term_string\"}}],\"inLanguage\":\"de\"},{\"@type\":\"Organization\",\"@id\":\"https:\/\/global-hookah.com\/#organization\",\"name\":\"Global Hookah\",\"url\":\"https:\/\/global-hookah.com\/\",\"logo\":{\"@type\":\"ImageObject\",\"inLanguage\":\"de\",\"@id\":\"https:\/\/global-hookah.com\/#\/schema\/logo\/image\/\",\"url\":\"https:\/\/global-hookah.com\/wp-content\/uploads\/2021\/10\/cropped-fgg.png\",\"contentUrl\":\"https:\/\/global-hookah.com\/wp-content\/uploads\/2021\/10\/cropped-fgg.png\",\"width\":512,\"height\":512,\"caption\":\"Global Hookah\"},\"image\":{\"@id\":\"https:\/\/global-hookah.com\/#\/schema\/logo\/image\/\"}}]}<\/script>\n<!-- \/ Yoast SEO Premium plugin. -->","yoast_head_json":{"title":"Diamant Wasserpfeife - Global Hookah","robots":{"index":"index","follow":"follow","max-snippet":"max-snippet:-1","max-image-preview":"max-image-preview:large","max-video-preview":"max-video-preview:-1"},"canonical":"https:\/\/global-hookah.com\/de\/produkt\/diamond-hookah\/","og_locale":"de_DE","og_type":"article","og_title":"Diamond Hookah","og_description":"The new Diamond Hookah is a 360-degree rotatable hookah that comes with a unique design. It&#8217;s the kind of hookah","og_url":"https:\/\/global-hookah.com\/de\/produkt\/diamond-hookah\/","og_site_name":"Global Hookah","article_modified_time":"2023-01-10T13:06:08+00:00","og_image":[{"width":800,"height":800,"url":"https:\/\/global-hookah.com\/wp-content\/uploads\/2023\/01\/\u4e3b\u56fe-05-3.jpg","type":"image\/jpeg"}],"twitter_card":"summary_large_image","twitter_misc":{"Gesch\u00e4tzte Lesezeit":"1\u00a0Minute"},"schema":{"@context":"https:\/\/schema.org","@graph":[{"@type":"WebPage","@id":"https:\/\/global-hookah.com\/product\/diamond-hookah\/","url":"https:\/\/global-hookah.com\/product\/diamond-hookah\/","name":"Diamant Wasserpfeife - Global Hookah","isPartOf":{"@id":"https:\/\/global-hookah.com\/#website"},"primaryImageOfPage":{"@id":"https:\/\/global-hookah.com\/product\/diamond-hookah\/#primaryimage"},"image":{"@id":"https:\/\/global-hookah.com\/product\/diamond-hookah\/#primaryimage"},"thumbnailUrl":"https:\/\/global-hookah.com\/wp-content\/uploads\/2023\/01\/\u4e3b\u56fe-05-3.jpg","datePublished":"2023-01-10T13:00:41+00:00","dateModified":"2023-01-10T13:06:08+00:00","breadcrumb":{"@id":"https:\/\/global-hookah.com\/product\/diamond-hookah\/#breadcrumb"},"inLanguage":"de","potentialAction":[{"@type":"ReadAction","target":["https:\/\/global-hookah.com\/product\/diamond-hookah\/"]}]},{"@type":"ImageObject","inLanguage":"de","@id":"https:\/\/global-hookah.com\/product\/diamond-hookah\/#primaryimage","url":"https:\/\/global-hookah.com\/wp-content\/uploads\/2023\/01\/\u4e3b\u56fe-05-3.jpg","contentUrl":"https:\/\/global-hookah.com\/wp-content\/uploads\/2023\/01\/\u4e3b\u56fe-05-3.jpg","width":800,"height":800,"caption":"Diamond Hookah"},{"@type":"BreadcrumbList","@id":"https:\/\/global-hookah.com\/product\/diamond-hookah\/#breadcrumb","itemListElement":[{"@type":"ListItem","position":1,"name":"Home","item":"https:\/\/global-hookah.com\/"},{"@type":"ListItem","position":2,"name":"Shop","item":"https:\/\/global-hookah.com\/shop\/"},{"@type":"ListItem","position":3,"name":"Diamond Hookah"}]},{"@type":"WebSite","@id":"https:\/\/global-hookah.com\/#website","url":"https:\/\/global-hookah.com\/","name":"Globale Wasserpfeife","description":"Globale Wasserpfeife","publisher":{"@id":"https:\/\/global-hookah.com\/#organization"},"potentialAction":[{"@type":"SearchAction","target":{"@type":"EntryPoint","urlTemplate":"https:\/\/global-hookah.com\/?s={search_term_string}"},"query-input":{"@type":"PropertyValueSpecification","valueRequired":true,"valueName":"search_term_string"}}],"inLanguage":"de"},{"@type":"Organization","@id":"https:\/\/global-hookah.com\/#organization","name":"Globale Wasserpfeife","url":"https:\/\/global-hookah.com\/","logo":{"@type":"ImageObject","inLanguage":"de","@id":"https:\/\/global-hookah.com\/#\/schema\/logo\/image\/","url":"https:\/\/global-hookah.com\/wp-content\/uploads\/2021\/10\/cropped-fgg.png","contentUrl":"https:\/\/global-hookah.com\/wp-content\/uploads\/2021\/10\/cropped-fgg.png","width":512,"height":512,"caption":"Global Hookah"},"image":{"@id":"https:\/\/global-hookah.com\/#\/schema\/logo\/image\/"}}]}},"_links":{"self":[{"href":"https:\/\/global-hookah.com\/de\/wp-json\/wp\/v2\/product\/10041","targetHints":{"allow":["GET"]}}],"collection":[{"href":"https:\/\/global-hookah.com\/de\/wp-json\/wp\/v2\/product"}],"about":[{"href":"https:\/\/global-hookah.com\/de\/wp-json\/wp\/v2\/types\/product"}],"replies":[{"embeddable":true,"href":"https:\/\/global-hookah.com\/de\/wp-json\/wp\/v2\/comments?post=10041"}],"version-history":[{"count":0,"href":"https:\/\/global-hookah.com\/de\/wp-json\/wp\/v2\/product\/10041\/revisions"}],"wp:featuredmedia":[{"embeddable":true,"href":"https:\/\/global-hookah.com\/de\/wp-json\/wp\/v2\/media\/10047"}],"wp:attachment":[{"href":"https:\/\/global-hookah.com\/de\/wp-json\/wp\/v2\/media?parent=10041"}],"wp:term":[{"taxonomy":"product_brand","embeddable":true,"href":"https:\/\/global-hookah.com\/de\/wp-json\/wp\/v2\/product_brand?post=10041"},{"taxonomy":"product_cat","embeddable":true,"href":"https:\/\/global-hookah.com\/de\/wp-json\/wp\/v2\/product_cat?post=10041"},{"taxonomy":"product_tag","embeddable":true,"href":"https:\/\/global-hookah.com\/de\/wp-json\/wp\/v2\/product_tag?post=10041"}],"curies":[{"name":"wp","href":"https:\/\/api.w.org\/{rel}","templated":true}]}}