{"id":10130,"date":"2023-01-22T04:26:13","date_gmt":"2023-01-22T04:26:13","guid":{"rendered":"https:\/\/global-hookah.com\/?post_type=product&#038;p=10130"},"modified":"2023-01-22T09:08:34","modified_gmt":"2023-01-22T09:08:34","slug":"beautiful-high-quality-glass-spoon-pipes","status":"publish","type":"product","link":"https:\/\/global-hookah.com\/de\/produkt\/beautiful-high-quality-glass-spoon-pipes\/","title":{"rendered":"Sch\u00f6ne L\u00f6ffelpfeifen aus Glas von hoher Qualit\u00e4t"},"content":{"rendered":"<p>Die Glasschale unserer <strong>Hochwertige Glasl\u00f6ffelpfeifen<\/strong> ist gro\u00df und tief genug, um eine gro\u00dfe Menge an Marihuana oder Tabak aufzunehmen. Du kannst sie leicht mit Deinen Lieblingskr\u00e4utern f\u00fcllen und sie rauchen, ohne h\u00e4ufig Deine Pfeife nachf\u00fcllen zu m\u00fcssen. Die Pfeife ist noch hei\u00df oder warm, im Gegensatz zu normalen Pfeifen, die dazu neigen, sehr hei\u00df zu werden und Deine Finger zu verbrennen, wenn Du versuchst zu rauchen, w\u00e4hrend sie noch hei\u00df sind.<\/p>\n<h2>Sie fragen sich vielleicht, was diese Beautiful Glass Spoon Pipes so besonders macht? Nun, hier sind einige der Vorteile, die mit der Verwendung von ihnen kommen:<\/h2>\n<p><strong>Sie sind ungiftig<\/strong><\/p>\n<p>Da Glasl\u00f6ffelpfeifen aus Borosilikatglas hergestellt werden, sind diese <strong>sch\u00f6ne, hochwertige Glasl\u00f6ffelpfeifen<\/strong> sind ungiftig; sie enthalten sogar \u00fcberhaupt keine Chemikalien! Das hei\u00dft, wenn Sie Ihr neues L\u00f6ffelrohr versehentlich auf den Boden oder ins Wasser fallen lassen (was schon vorgekommen ist), wird es niemanden verletzen, der damit in Kontakt kommt.<\/p>\n<p><strong>Glasl\u00f6ffelrohre sind leicht zu reinigen<\/strong><\/p>\n<p>Ein weiterer Aspekt, der diese <strong>Glasl\u00f6ffel-Pfeifen<\/strong> Der Grund, warum sie so beliebt sind, ist, dass sie leicht zu reinigen sind. Wenn Sie etwas zu essen oder zu trinken in Ihre Pfeife fallen lassen, m\u00fcssen Sie sie nur auseinandernehmen, gr\u00fcndlich unter warmem Wasser absp\u00fclen und wieder zusammenbauen. Auf diese Weise werden alle R\u00fcckst\u00e4nde aus dem Inneren der Pfeife entfernt, so dass Sie sie so schnell wie m\u00f6glich wieder benutzen k\u00f6nnen!<\/p>\n<p><strong>Leicht zu tragen<\/strong><br \/>\nSie sind auch sehr klein, so dass sie leicht in Ihre Tasche oder Handtasche passen, so dass sie perfekt f\u00fcr Reisen oder jede andere Zeit, wenn Sie \u00fcber das Rauchen Ihr Kraut diskret sein m\u00fcssen.<\/p>\n<p>Unser <strong>Sch\u00f6ne L\u00f6ffelpfeifen<\/strong> gibt es in vielen verschiedenen Gr\u00f6\u00dfen, so dass Sie w\u00e4hlen k\u00f6nnen, welche die richtige f\u00fcr Sie ist! Die kleineren sind gro\u00dfartig, wenn Sie etwas, das leicht zu tragen ist, aber immer noch gibt Ihnen einen guten Luftstrom beim Rauchen Ihre Kr\u00e4uter zu wollen. Die gr\u00f6\u00dferen eignen sich am besten, wenn Du lieber gr\u00f6\u00dfere Schalen verwendest, weil sie mehr Platz in der Schale selbst bieten, was gr\u00f6\u00dfere Z\u00fcge erm\u00f6glicht!<\/p>","protected":false},"excerpt":{"rendered":"<p>Die Glasschale unserer High Quality Glasl\u00f6ffelpfeifen ist gro\u00df und tief genug, um eine gro\u00dfe Menge<\/p>","protected":false},"featured_media":10133,"comment_status":"open","ping_status":"closed","template":"","meta":{"iawp_total_views":1,"_joinchat":[]},"product_brand":[],"product_cat":[415],"product_tag":[],"class_list":{"0":"post-10130","1":"product","2":"type-product","3":"status-publish","4":"has-post-thumbnail","6":"product_cat-accessories","8":"first","9":"instock","10":"shipping-taxable","11":"purchasable","12":"product-type-variable"},"yoast_head":"<!-- This site is optimized with the Yoast SEO Premium plugin v24.7 (Yoast SEO v26.8) - https:\/\/yoast.com\/product\/yoast-seo-premium-wordpress\/ -->\n<title>Beautiful High Quality Glass Spoon Pipes - Global Hookah<\/title>\n<meta name=\"robots\" content=\"index, follow, max-snippet:-1, max-image-preview:large, max-video-preview:-1\" \/>\n<link rel=\"canonical\" href=\"https:\/\/global-hookah.com\/de\/produkt\/beautiful-high-quality-glass-spoon-pipes\/\" \/>\n<meta property=\"og:locale\" content=\"de_DE\" \/>\n<meta property=\"og:type\" content=\"article\" \/>\n<meta property=\"og:title\" content=\"Beautiful High Quality Glass Spoon Pipes\" \/>\n<meta property=\"og:description\" content=\"The glass bowl of our High Quality Glass Spoon Pipes is large and deep enough to hold a large amount\" \/>\n<meta property=\"og:url\" content=\"https:\/\/global-hookah.com\/de\/produkt\/beautiful-high-quality-glass-spoon-pipes\/\" \/>\n<meta property=\"og:site_name\" content=\"Global Hookah\" \/>\n<meta property=\"article:modified_time\" content=\"2023-01-22T09:08:34+00:00\" \/>\n<meta property=\"og:image\" content=\"https:\/\/global-hookah.com\/wp-content\/uploads\/2023\/01\/\u4e3b\u56fe-00.jpg\" \/>\n\t<meta property=\"og:image:width\" content=\"800\" \/>\n\t<meta property=\"og:image:height\" content=\"800\" \/>\n\t<meta property=\"og:image:type\" content=\"image\/jpeg\" \/>\n<meta name=\"twitter:card\" content=\"summary_large_image\" \/>\n<meta name=\"twitter:label1\" content=\"Gesch\u00e4tzte Lesezeit\" \/>\n\t<meta name=\"twitter:data1\" content=\"2\u00a0Minuten\" \/>\n<script type=\"application\/ld+json\" class=\"yoast-schema-graph\">{\"@context\":\"https:\/\/schema.org\",\"@graph\":[{\"@type\":\"WebPage\",\"@id\":\"https:\/\/global-hookah.com\/product\/beautiful-high-quality-glass-spoon-pipes\/\",\"url\":\"https:\/\/global-hookah.com\/product\/beautiful-high-quality-glass-spoon-pipes\/\",\"name\":\"Beautiful High Quality Glass Spoon Pipes - Global Hookah\",\"isPartOf\":{\"@id\":\"https:\/\/global-hookah.com\/#website\"},\"primaryImageOfPage\":{\"@id\":\"https:\/\/global-hookah.com\/product\/beautiful-high-quality-glass-spoon-pipes\/#primaryimage\"},\"image\":{\"@id\":\"https:\/\/global-hookah.com\/product\/beautiful-high-quality-glass-spoon-pipes\/#primaryimage\"},\"thumbnailUrl\":\"https:\/\/global-hookah.com\/wp-content\/uploads\/2023\/01\/\u4e3b\u56fe-00.jpg\",\"datePublished\":\"2023-01-22T04:26:13+00:00\",\"dateModified\":\"2023-01-22T09:08:34+00:00\",\"breadcrumb\":{\"@id\":\"https:\/\/global-hookah.com\/product\/beautiful-high-quality-glass-spoon-pipes\/#breadcrumb\"},\"inLanguage\":\"de\",\"potentialAction\":[{\"@type\":\"ReadAction\",\"target\":[\"https:\/\/global-hookah.com\/product\/beautiful-high-quality-glass-spoon-pipes\/\"]}]},{\"@type\":\"ImageObject\",\"inLanguage\":\"de\",\"@id\":\"https:\/\/global-hookah.com\/product\/beautiful-high-quality-glass-spoon-pipes\/#primaryimage\",\"url\":\"https:\/\/global-hookah.com\/wp-content\/uploads\/2023\/01\/\u4e3b\u56fe-00.jpg\",\"contentUrl\":\"https:\/\/global-hookah.com\/wp-content\/uploads\/2023\/01\/\u4e3b\u56fe-00.jpg\",\"width\":800,\"height\":800,\"caption\":\"High Quality Glass Spoon Pipes\"},{\"@type\":\"BreadcrumbList\",\"@id\":\"https:\/\/global-hookah.com\/product\/beautiful-high-quality-glass-spoon-pipes\/#breadcrumb\",\"itemListElement\":[{\"@type\":\"ListItem\",\"position\":1,\"name\":\"Home\",\"item\":\"https:\/\/global-hookah.com\/\"},{\"@type\":\"ListItem\",\"position\":2,\"name\":\"Shop\",\"item\":\"https:\/\/global-hookah.com\/shop\/\"},{\"@type\":\"ListItem\",\"position\":3,\"name\":\"Beautiful High Quality Glass Spoon Pipes\"}]},{\"@type\":\"WebSite\",\"@id\":\"https:\/\/global-hookah.com\/#website\",\"url\":\"https:\/\/global-hookah.com\/\",\"name\":\"Global Hookah\",\"description\":\"Global Hookah\",\"publisher\":{\"@id\":\"https:\/\/global-hookah.com\/#organization\"},\"potentialAction\":[{\"@type\":\"SearchAction\",\"target\":{\"@type\":\"EntryPoint\",\"urlTemplate\":\"https:\/\/global-hookah.com\/?s={search_term_string}\"},\"query-input\":{\"@type\":\"PropertyValueSpecification\",\"valueRequired\":true,\"valueName\":\"search_term_string\"}}],\"inLanguage\":\"de\"},{\"@type\":\"Organization\",\"@id\":\"https:\/\/global-hookah.com\/#organization\",\"name\":\"Global Hookah\",\"url\":\"https:\/\/global-hookah.com\/\",\"logo\":{\"@type\":\"ImageObject\",\"inLanguage\":\"de\",\"@id\":\"https:\/\/global-hookah.com\/#\/schema\/logo\/image\/\",\"url\":\"https:\/\/global-hookah.com\/wp-content\/uploads\/2021\/10\/cropped-fgg.png\",\"contentUrl\":\"https:\/\/global-hookah.com\/wp-content\/uploads\/2021\/10\/cropped-fgg.png\",\"width\":512,\"height\":512,\"caption\":\"Global Hookah\"},\"image\":{\"@id\":\"https:\/\/global-hookah.com\/#\/schema\/logo\/image\/\"}}]}<\/script>\n<!-- \/ Yoast SEO Premium plugin. -->","yoast_head_json":{"title":"Sch\u00f6ne, hochwertige Glasl\u00f6ffelpfeifen - Global Hookah","robots":{"index":"index","follow":"follow","max-snippet":"max-snippet:-1","max-image-preview":"max-image-preview:large","max-video-preview":"max-video-preview:-1"},"canonical":"https:\/\/global-hookah.com\/de\/produkt\/beautiful-high-quality-glass-spoon-pipes\/","og_locale":"de_DE","og_type":"article","og_title":"Beautiful High Quality Glass Spoon Pipes","og_description":"The glass bowl of our High Quality Glass Spoon Pipes is large and deep enough to hold a large amount","og_url":"https:\/\/global-hookah.com\/de\/produkt\/beautiful-high-quality-glass-spoon-pipes\/","og_site_name":"Global Hookah","article_modified_time":"2023-01-22T09:08:34+00:00","og_image":[{"width":800,"height":800,"url":"https:\/\/global-hookah.com\/wp-content\/uploads\/2023\/01\/\u4e3b\u56fe-00.jpg","type":"image\/jpeg"}],"twitter_card":"summary_large_image","twitter_misc":{"Gesch\u00e4tzte Lesezeit":"2\u00a0Minuten"},"schema":{"@context":"https:\/\/schema.org","@graph":[{"@type":"WebPage","@id":"https:\/\/global-hookah.com\/product\/beautiful-high-quality-glass-spoon-pipes\/","url":"https:\/\/global-hookah.com\/product\/beautiful-high-quality-glass-spoon-pipes\/","name":"Sch\u00f6ne, hochwertige Glasl\u00f6ffelpfeifen - Global Hookah","isPartOf":{"@id":"https:\/\/global-hookah.com\/#website"},"primaryImageOfPage":{"@id":"https:\/\/global-hookah.com\/product\/beautiful-high-quality-glass-spoon-pipes\/#primaryimage"},"image":{"@id":"https:\/\/global-hookah.com\/product\/beautiful-high-quality-glass-spoon-pipes\/#primaryimage"},"thumbnailUrl":"https:\/\/global-hookah.com\/wp-content\/uploads\/2023\/01\/\u4e3b\u56fe-00.jpg","datePublished":"2023-01-22T04:26:13+00:00","dateModified":"2023-01-22T09:08:34+00:00","breadcrumb":{"@id":"https:\/\/global-hookah.com\/product\/beautiful-high-quality-glass-spoon-pipes\/#breadcrumb"},"inLanguage":"de","potentialAction":[{"@type":"ReadAction","target":["https:\/\/global-hookah.com\/product\/beautiful-high-quality-glass-spoon-pipes\/"]}]},{"@type":"ImageObject","inLanguage":"de","@id":"https:\/\/global-hookah.com\/product\/beautiful-high-quality-glass-spoon-pipes\/#primaryimage","url":"https:\/\/global-hookah.com\/wp-content\/uploads\/2023\/01\/\u4e3b\u56fe-00.jpg","contentUrl":"https:\/\/global-hookah.com\/wp-content\/uploads\/2023\/01\/\u4e3b\u56fe-00.jpg","width":800,"height":800,"caption":"High Quality Glass Spoon Pipes"},{"@type":"BreadcrumbList","@id":"https:\/\/global-hookah.com\/product\/beautiful-high-quality-glass-spoon-pipes\/#breadcrumb","itemListElement":[{"@type":"ListItem","position":1,"name":"Home","item":"https:\/\/global-hookah.com\/"},{"@type":"ListItem","position":2,"name":"Shop","item":"https:\/\/global-hookah.com\/shop\/"},{"@type":"ListItem","position":3,"name":"Beautiful High Quality Glass Spoon Pipes"}]},{"@type":"WebSite","@id":"https:\/\/global-hookah.com\/#website","url":"https:\/\/global-hookah.com\/","name":"Globale Wasserpfeife","description":"Globale Wasserpfeife","publisher":{"@id":"https:\/\/global-hookah.com\/#organization"},"potentialAction":[{"@type":"SearchAction","target":{"@type":"EntryPoint","urlTemplate":"https:\/\/global-hookah.com\/?s={search_term_string}"},"query-input":{"@type":"PropertyValueSpecification","valueRequired":true,"valueName":"search_term_string"}}],"inLanguage":"de"},{"@type":"Organization","@id":"https:\/\/global-hookah.com\/#organization","name":"Globale Wasserpfeife","url":"https:\/\/global-hookah.com\/","logo":{"@type":"ImageObject","inLanguage":"de","@id":"https:\/\/global-hookah.com\/#\/schema\/logo\/image\/","url":"https:\/\/global-hookah.com\/wp-content\/uploads\/2021\/10\/cropped-fgg.png","contentUrl":"https:\/\/global-hookah.com\/wp-content\/uploads\/2021\/10\/cropped-fgg.png","width":512,"height":512,"caption":"Global Hookah"},"image":{"@id":"https:\/\/global-hookah.com\/#\/schema\/logo\/image\/"}}]}},"_links":{"self":[{"href":"https:\/\/global-hookah.com\/de\/wp-json\/wp\/v2\/product\/10130","targetHints":{"allow":["GET"]}}],"collection":[{"href":"https:\/\/global-hookah.com\/de\/wp-json\/wp\/v2\/product"}],"about":[{"href":"https:\/\/global-hookah.com\/de\/wp-json\/wp\/v2\/types\/product"}],"replies":[{"embeddable":true,"href":"https:\/\/global-hookah.com\/de\/wp-json\/wp\/v2\/comments?post=10130"}],"version-history":[{"count":0,"href":"https:\/\/global-hookah.com\/de\/wp-json\/wp\/v2\/product\/10130\/revisions"}],"wp:featuredmedia":[{"embeddable":true,"href":"https:\/\/global-hookah.com\/de\/wp-json\/wp\/v2\/media\/10133"}],"wp:attachment":[{"href":"https:\/\/global-hookah.com\/de\/wp-json\/wp\/v2\/media?parent=10130"}],"wp:term":[{"taxonomy":"product_brand","embeddable":true,"href":"https:\/\/global-hookah.com\/de\/wp-json\/wp\/v2\/product_brand?post=10130"},{"taxonomy":"product_cat","embeddable":true,"href":"https:\/\/global-hookah.com\/de\/wp-json\/wp\/v2\/product_cat?post=10130"},{"taxonomy":"product_tag","embeddable":true,"href":"https:\/\/global-hookah.com\/de\/wp-json\/wp\/v2\/product_tag?post=10130"}],"curies":[{"name":"wp","href":"https:\/\/api.w.org\/{rel}","templated":true}]}}