{"id":10155,"date":"2023-01-22T08:30:10","date_gmt":"2023-01-22T08:30:10","guid":{"rendered":"https:\/\/global-hookah.com\/?post_type=product&#038;p=10155"},"modified":"2024-03-13T00:28:29","modified_gmt":"2024-03-13T00:28:29","slug":"3-5-inch-blue-clear-glass-spoon-pipes","status":"publish","type":"product","link":"https:\/\/global-hookah.com\/de\/produkt\/3-5-inch-blue-clear-glass-spoon-pipes\/","title":{"rendered":"3,5 Zoll Blau Klarglas L\u00f6ffelpfeifen"},"content":{"rendered":"<p>Diese <strong>Klarglas-L\u00f6ffelpfeifen<\/strong> ist ein Muss f\u00fcr jede Glassammlung. Sie hat ein cooles Design, das deine Freunde neidisch machen wird! Sie k\u00f6nnen diese Pfeife f\u00fcr Tabak oder Marihuana verwenden und sie wird Sie sicher beeindrucken.<\/p>\n<p>Die Schalen auf diesen <strong>Klarglas-L\u00f6ffelpfeifen<\/strong> haben eine gro\u00dfe \u00d6ffnung, die einen gr\u00f6\u00dferen Luftstrom als bei anderen Pfeifenarten erm\u00f6glicht. Das gr\u00f6\u00dfere Loch sorgt f\u00fcr einen sanfteren Zug, aber es bedeutet auch, dass diese Pfeifen nicht f\u00fcr die Verwendung mit Konzentraten empfohlen werden. Diese Kleine <strong>3,5-Zoll-Glasrohre<\/strong> eignen sich hervorragend zum Rauchen von Kr\u00e4utern oder Tabak, aber sie k\u00f6nnen auch als Accessoire f\u00fcr Ihre Sammlung verwendet werden.<\/p>\n<p>Dieser klare L\u00f6ffel Pfeife misst 3,5 Zoll, Diese Gr\u00f6\u00dfe macht es einfach, mit Ihnen zu tragen, wohin Sie gehen! Und dieser L\u00f6ffel \/ Stroh Stil Sch\u00fcssel macht es auch einfacher, nach jedem Gebrauch zu reinigen, wie Sie durch das Rohr blasen k\u00f6nnen, ohne sich Sorgen \u00fcber Asche in den Mund fallen.<\/p>\n<p>Die blaue Farbe auf diesem <strong>3.5\u2033 Glaspfeifen<\/strong> sieht gro\u00dfartig gegen die klare Basis Glasmaterial, das Licht durchscheinen l\u00e4sst, wenn aus verschiedenen Blickwinkeln betrachtet. Dies macht es einfach zu sehen, was in der Schale ist, w\u00e4hrend das Rauchen aus ihm in der Nacht oder jederzeit wirklich!<\/p>","protected":false},"excerpt":{"rendered":"<p>Diese Klarglas-L\u00f6ffelpfeifen sind ein Muss f\u00fcr jede Glassammlung. Es hat ein cooles Design, das die<\/p>","protected":false},"featured_media":10161,"comment_status":"open","ping_status":"closed","template":"","meta":{"iawp_total_views":1,"_joinchat":[]},"product_brand":[],"product_cat":[415],"product_tag":[],"class_list":{"0":"post-10155","1":"product","2":"type-product","3":"status-publish","4":"has-post-thumbnail","6":"product_cat-accessories","8":"first","9":"instock","10":"sale","11":"shipping-taxable","12":"purchasable","13":"product-type-variable"},"yoast_head":"<!-- This site is optimized with the Yoast SEO Premium plugin v24.7 (Yoast SEO v26.8) - https:\/\/yoast.com\/product\/yoast-seo-premium-wordpress\/ -->\n<title>3.5 Inch Blue Clear Glass Spoon Pipes - Global Hookah<\/title>\n<meta name=\"robots\" content=\"index, follow, max-snippet:-1, max-image-preview:large, max-video-preview:-1\" \/>\n<link rel=\"canonical\" href=\"https:\/\/global-hookah.com\/de\/produkt\/3-5-inch-blue-clear-glass-spoon-pipes\/\" \/>\n<meta property=\"og:locale\" content=\"de_DE\" \/>\n<meta property=\"og:type\" content=\"article\" \/>\n<meta property=\"og:title\" content=\"3.5 Inch Blue Clear Glass Spoon Pipes\" \/>\n<meta property=\"og:description\" content=\"This Clear Glass Spoon Pipes is a must have for any glass collection. It has a cool design that will\" \/>\n<meta property=\"og:url\" content=\"https:\/\/global-hookah.com\/de\/produkt\/3-5-inch-blue-clear-glass-spoon-pipes\/\" \/>\n<meta property=\"og:site_name\" content=\"Global Hookah\" \/>\n<meta property=\"article:modified_time\" content=\"2024-03-13T00:28:29+00:00\" \/>\n<meta property=\"og:image\" content=\"https:\/\/global-hookah.com\/wp-content\/uploads\/2023\/01\/\u4e3b\u56fe-08.jpg\" \/>\n\t<meta property=\"og:image:width\" content=\"800\" \/>\n\t<meta property=\"og:image:height\" content=\"800\" \/>\n\t<meta property=\"og:image:type\" content=\"image\/jpeg\" \/>\n<meta name=\"twitter:card\" content=\"summary_large_image\" \/>\n<meta name=\"twitter:label1\" content=\"Gesch\u00e4tzte Lesezeit\" \/>\n\t<meta name=\"twitter:data1\" content=\"1\u00a0Minute\" \/>\n<script type=\"application\/ld+json\" class=\"yoast-schema-graph\">{\"@context\":\"https:\/\/schema.org\",\"@graph\":[{\"@type\":\"WebPage\",\"@id\":\"https:\/\/global-hookah.com\/product\/3-5-inch-blue-clear-glass-spoon-pipes\/\",\"url\":\"https:\/\/global-hookah.com\/product\/3-5-inch-blue-clear-glass-spoon-pipes\/\",\"name\":\"3.5 Inch Blue Clear Glass Spoon Pipes - Global Hookah\",\"isPartOf\":{\"@id\":\"https:\/\/global-hookah.com\/#website\"},\"primaryImageOfPage\":{\"@id\":\"https:\/\/global-hookah.com\/product\/3-5-inch-blue-clear-glass-spoon-pipes\/#primaryimage\"},\"image\":{\"@id\":\"https:\/\/global-hookah.com\/product\/3-5-inch-blue-clear-glass-spoon-pipes\/#primaryimage\"},\"thumbnailUrl\":\"https:\/\/global-hookah.com\/wp-content\/uploads\/2023\/01\/\u4e3b\u56fe-08.jpg\",\"datePublished\":\"2023-01-22T08:30:10+00:00\",\"dateModified\":\"2024-03-13T00:28:29+00:00\",\"breadcrumb\":{\"@id\":\"https:\/\/global-hookah.com\/product\/3-5-inch-blue-clear-glass-spoon-pipes\/#breadcrumb\"},\"inLanguage\":\"de\",\"potentialAction\":[{\"@type\":\"ReadAction\",\"target\":[\"https:\/\/global-hookah.com\/product\/3-5-inch-blue-clear-glass-spoon-pipes\/\"]}]},{\"@type\":\"ImageObject\",\"inLanguage\":\"de\",\"@id\":\"https:\/\/global-hookah.com\/product\/3-5-inch-blue-clear-glass-spoon-pipes\/#primaryimage\",\"url\":\"https:\/\/global-hookah.com\/wp-content\/uploads\/2023\/01\/\u4e3b\u56fe-08.jpg\",\"contentUrl\":\"https:\/\/global-hookah.com\/wp-content\/uploads\/2023\/01\/\u4e3b\u56fe-08.jpg\",\"width\":800,\"height\":800,\"caption\":\"3.5 Inch Blue Clear Glass Spoon Pipes\"},{\"@type\":\"BreadcrumbList\",\"@id\":\"https:\/\/global-hookah.com\/product\/3-5-inch-blue-clear-glass-spoon-pipes\/#breadcrumb\",\"itemListElement\":[{\"@type\":\"ListItem\",\"position\":1,\"name\":\"Home\",\"item\":\"https:\/\/global-hookah.com\/\"},{\"@type\":\"ListItem\",\"position\":2,\"name\":\"Shop\",\"item\":\"https:\/\/global-hookah.com\/shop\/\"},{\"@type\":\"ListItem\",\"position\":3,\"name\":\"3.5 Inch Blue Clear Glass Spoon Pipes\"}]},{\"@type\":\"WebSite\",\"@id\":\"https:\/\/global-hookah.com\/#website\",\"url\":\"https:\/\/global-hookah.com\/\",\"name\":\"Global Hookah\",\"description\":\"Global Hookah\",\"publisher\":{\"@id\":\"https:\/\/global-hookah.com\/#organization\"},\"potentialAction\":[{\"@type\":\"SearchAction\",\"target\":{\"@type\":\"EntryPoint\",\"urlTemplate\":\"https:\/\/global-hookah.com\/?s={search_term_string}\"},\"query-input\":{\"@type\":\"PropertyValueSpecification\",\"valueRequired\":true,\"valueName\":\"search_term_string\"}}],\"inLanguage\":\"de\"},{\"@type\":\"Organization\",\"@id\":\"https:\/\/global-hookah.com\/#organization\",\"name\":\"Global Hookah\",\"url\":\"https:\/\/global-hookah.com\/\",\"logo\":{\"@type\":\"ImageObject\",\"inLanguage\":\"de\",\"@id\":\"https:\/\/global-hookah.com\/#\/schema\/logo\/image\/\",\"url\":\"https:\/\/global-hookah.com\/wp-content\/uploads\/2021\/10\/cropped-fgg.png\",\"contentUrl\":\"https:\/\/global-hookah.com\/wp-content\/uploads\/2021\/10\/cropped-fgg.png\",\"width\":512,\"height\":512,\"caption\":\"Global Hookah\"},\"image\":{\"@id\":\"https:\/\/global-hookah.com\/#\/schema\/logo\/image\/\"}}]}<\/script>\n<!-- \/ Yoast SEO Premium plugin. -->","yoast_head_json":{"title":"3,5 Zoll Blau Klarglas L\u00f6ffelpfeifen - Global Hookah","robots":{"index":"index","follow":"follow","max-snippet":"max-snippet:-1","max-image-preview":"max-image-preview:large","max-video-preview":"max-video-preview:-1"},"canonical":"https:\/\/global-hookah.com\/de\/produkt\/3-5-inch-blue-clear-glass-spoon-pipes\/","og_locale":"de_DE","og_type":"article","og_title":"3.5 Inch Blue Clear Glass Spoon Pipes","og_description":"This Clear Glass Spoon Pipes is a must have for any glass collection. It has a cool design that will","og_url":"https:\/\/global-hookah.com\/de\/produkt\/3-5-inch-blue-clear-glass-spoon-pipes\/","og_site_name":"Global Hookah","article_modified_time":"2024-03-13T00:28:29+00:00","og_image":[{"width":800,"height":800,"url":"https:\/\/global-hookah.com\/wp-content\/uploads\/2023\/01\/\u4e3b\u56fe-08.jpg","type":"image\/jpeg"}],"twitter_card":"summary_large_image","twitter_misc":{"Gesch\u00e4tzte Lesezeit":"1\u00a0Minute"},"schema":{"@context":"https:\/\/schema.org","@graph":[{"@type":"WebPage","@id":"https:\/\/global-hookah.com\/product\/3-5-inch-blue-clear-glass-spoon-pipes\/","url":"https:\/\/global-hookah.com\/product\/3-5-inch-blue-clear-glass-spoon-pipes\/","name":"3,5 Zoll Blau Klarglas L\u00f6ffelpfeifen - Global Hookah","isPartOf":{"@id":"https:\/\/global-hookah.com\/#website"},"primaryImageOfPage":{"@id":"https:\/\/global-hookah.com\/product\/3-5-inch-blue-clear-glass-spoon-pipes\/#primaryimage"},"image":{"@id":"https:\/\/global-hookah.com\/product\/3-5-inch-blue-clear-glass-spoon-pipes\/#primaryimage"},"thumbnailUrl":"https:\/\/global-hookah.com\/wp-content\/uploads\/2023\/01\/\u4e3b\u56fe-08.jpg","datePublished":"2023-01-22T08:30:10+00:00","dateModified":"2024-03-13T00:28:29+00:00","breadcrumb":{"@id":"https:\/\/global-hookah.com\/product\/3-5-inch-blue-clear-glass-spoon-pipes\/#breadcrumb"},"inLanguage":"de","potentialAction":[{"@type":"ReadAction","target":["https:\/\/global-hookah.com\/product\/3-5-inch-blue-clear-glass-spoon-pipes\/"]}]},{"@type":"ImageObject","inLanguage":"de","@id":"https:\/\/global-hookah.com\/product\/3-5-inch-blue-clear-glass-spoon-pipes\/#primaryimage","url":"https:\/\/global-hookah.com\/wp-content\/uploads\/2023\/01\/\u4e3b\u56fe-08.jpg","contentUrl":"https:\/\/global-hookah.com\/wp-content\/uploads\/2023\/01\/\u4e3b\u56fe-08.jpg","width":800,"height":800,"caption":"3.5 Inch Blue Clear Glass Spoon Pipes"},{"@type":"BreadcrumbList","@id":"https:\/\/global-hookah.com\/product\/3-5-inch-blue-clear-glass-spoon-pipes\/#breadcrumb","itemListElement":[{"@type":"ListItem","position":1,"name":"Home","item":"https:\/\/global-hookah.com\/"},{"@type":"ListItem","position":2,"name":"Shop","item":"https:\/\/global-hookah.com\/shop\/"},{"@type":"ListItem","position":3,"name":"3.5 Inch Blue Clear Glass Spoon Pipes"}]},{"@type":"WebSite","@id":"https:\/\/global-hookah.com\/#website","url":"https:\/\/global-hookah.com\/","name":"Globale Wasserpfeife","description":"Globale Wasserpfeife","publisher":{"@id":"https:\/\/global-hookah.com\/#organization"},"potentialAction":[{"@type":"SearchAction","target":{"@type":"EntryPoint","urlTemplate":"https:\/\/global-hookah.com\/?s={search_term_string}"},"query-input":{"@type":"PropertyValueSpecification","valueRequired":true,"valueName":"search_term_string"}}],"inLanguage":"de"},{"@type":"Organization","@id":"https:\/\/global-hookah.com\/#organization","name":"Globale Wasserpfeife","url":"https:\/\/global-hookah.com\/","logo":{"@type":"ImageObject","inLanguage":"de","@id":"https:\/\/global-hookah.com\/#\/schema\/logo\/image\/","url":"https:\/\/global-hookah.com\/wp-content\/uploads\/2021\/10\/cropped-fgg.png","contentUrl":"https:\/\/global-hookah.com\/wp-content\/uploads\/2021\/10\/cropped-fgg.png","width":512,"height":512,"caption":"Global Hookah"},"image":{"@id":"https:\/\/global-hookah.com\/#\/schema\/logo\/image\/"}}]}},"_links":{"self":[{"href":"https:\/\/global-hookah.com\/de\/wp-json\/wp\/v2\/product\/10155","targetHints":{"allow":["GET"]}}],"collection":[{"href":"https:\/\/global-hookah.com\/de\/wp-json\/wp\/v2\/product"}],"about":[{"href":"https:\/\/global-hookah.com\/de\/wp-json\/wp\/v2\/types\/product"}],"replies":[{"embeddable":true,"href":"https:\/\/global-hookah.com\/de\/wp-json\/wp\/v2\/comments?post=10155"}],"version-history":[{"count":0,"href":"https:\/\/global-hookah.com\/de\/wp-json\/wp\/v2\/product\/10155\/revisions"}],"wp:featuredmedia":[{"embeddable":true,"href":"https:\/\/global-hookah.com\/de\/wp-json\/wp\/v2\/media\/10161"}],"wp:attachment":[{"href":"https:\/\/global-hookah.com\/de\/wp-json\/wp\/v2\/media?parent=10155"}],"wp:term":[{"taxonomy":"product_brand","embeddable":true,"href":"https:\/\/global-hookah.com\/de\/wp-json\/wp\/v2\/product_brand?post=10155"},{"taxonomy":"product_cat","embeddable":true,"href":"https:\/\/global-hookah.com\/de\/wp-json\/wp\/v2\/product_cat?post=10155"},{"taxonomy":"product_tag","embeddable":true,"href":"https:\/\/global-hookah.com\/de\/wp-json\/wp\/v2\/product_tag?post=10155"}],"curies":[{"name":"wp","href":"https:\/\/api.w.org\/{rel}","templated":true}]}}