{"id":10176,"date":"2023-01-23T04:13:35","date_gmt":"2023-01-23T04:13:35","guid":{"rendered":"https:\/\/global-hookah.com\/?post_type=product&#038;p=10176"},"modified":"2023-01-23T04:47:24","modified_gmt":"2023-01-23T04:47:24","slug":"cartoon-owl-creative-silicone-herb-pipe","status":"publish","type":"product","link":"https:\/\/global-hookah.com\/de\/produkt\/cartoon-owl-creative-silicone-herb-pipe\/","title":{"rendered":"Cartoon Eule Kreative Silikon-Kr\u00e4uterpfeife"},"content":{"rendered":"<p><strong>Cartoon Eule Kreative Silikon-Kr\u00e4uterpfeife<\/strong> ist ein neuer Stil Silikonpfeife, die wie eine Eule geformt ist. Die Cartoon Eule Kreative Silikon-Kr\u00e4uterpfeife hat ergonomisches Design und komfortables Handgef\u00fchl, so dass Sie Ihre Rauchzeit genie\u00dfen k\u00f6nnen.<\/p>\n<p>Die <strong>Cartoon Eule Kreative Silikon-Kr\u00e4uterpfeife<\/strong> kann zum Rauchen von Tabak oder Kr\u00e4utern verwendet werden. Es ist aus lebensmittelechtem Silikonmaterial hergestellt, sehr sicher zu verwenden. Sie k\u00f6nnen es mit Alkohol oder Wasser nach jedem Gebrauch reinigen.<\/p>\n<p>Die Cartoon-Eule Design auf die Pfeife macht es sehr liebenswert und cool aussehen. Du kannst diese Kr\u00e4uterpfeife aus Silikon \u00fcberall mit hinnehmen, da sie sehr tragbar und klein ist. Sie k\u00f6nnen es sogar in Ihre Tasche oder Handtasche stecken, ohne sich Sorgen zu machen, dass es schmutzig oder besch\u00e4digt wird.<\/p>\n<p>Die <strong>Cartoon Eule Kreative Silikon-Kr\u00e4uterpfeife<\/strong> kommt in verschiedenen Stilen und Farben f\u00fcr Sie zu w\u00e4hlen. Mit dieser niedlichen Cartoon-Eulenpfeife k\u00f6nnen Sie Ihre Rauchzeit genie\u00dfen.<\/p>","protected":false},"excerpt":{"rendered":"<p>Cartoon Owl Creative Silicone Herb Pipe ist ein neuer Stil Silikonpfeife, die wie eine Eule geformt ist. Die Cartoon<\/p>","protected":false},"featured_media":10178,"comment_status":"open","ping_status":"closed","template":"","meta":{"iawp_total_views":3,"_joinchat":[]},"product_brand":[],"product_cat":[415],"product_tag":[],"class_list":{"0":"post-10176","1":"product","2":"type-product","3":"status-publish","4":"has-post-thumbnail","6":"product_cat-accessories","8":"first","9":"instock","10":"sale","11":"shipping-taxable","12":"purchasable","13":"product-type-variable"},"yoast_head":"<!-- This site is optimized with the Yoast SEO Premium plugin v24.7 (Yoast SEO v26.8) - https:\/\/yoast.com\/product\/yoast-seo-premium-wordpress\/ -->\n<title>Cartoon Owl Creative Silicone Herb Pipe - Global Hookah<\/title>\n<meta name=\"robots\" content=\"index, follow, max-snippet:-1, max-image-preview:large, max-video-preview:-1\" \/>\n<link rel=\"canonical\" href=\"https:\/\/global-hookah.com\/de\/produkt\/cartoon-owl-creative-silicone-herb-pipe\/\" \/>\n<meta property=\"og:locale\" content=\"de_DE\" \/>\n<meta property=\"og:type\" content=\"article\" \/>\n<meta property=\"og:title\" content=\"Cartoon Owl Creative Silicone Herb Pipe\" \/>\n<meta property=\"og:description\" content=\"Cartoon Owl Creative Silicone Herb Pipe is a new style silicone pipe that is shaped like an owl. The Cartoon\" \/>\n<meta property=\"og:url\" content=\"https:\/\/global-hookah.com\/de\/produkt\/cartoon-owl-creative-silicone-herb-pipe\/\" \/>\n<meta property=\"og:site_name\" content=\"Global Hookah\" \/>\n<meta property=\"article:modified_time\" content=\"2023-01-23T04:47:24+00:00\" \/>\n<meta property=\"og:image\" content=\"https:\/\/global-hookah.com\/wp-content\/uploads\/2023\/01\/\u4e3b\u56fe-05-6.jpg\" \/>\n\t<meta property=\"og:image:width\" content=\"1000\" \/>\n\t<meta property=\"og:image:height\" content=\"1000\" \/>\n\t<meta property=\"og:image:type\" content=\"image\/jpeg\" \/>\n<meta name=\"twitter:card\" content=\"summary_large_image\" \/>\n<meta name=\"twitter:label1\" content=\"Gesch\u00e4tzte Lesezeit\" \/>\n\t<meta name=\"twitter:data1\" content=\"1\u00a0Minute\" \/>\n<script type=\"application\/ld+json\" class=\"yoast-schema-graph\">{\"@context\":\"https:\/\/schema.org\",\"@graph\":[{\"@type\":\"WebPage\",\"@id\":\"https:\/\/global-hookah.com\/product\/cartoon-owl-creative-silicone-herb-pipe\/\",\"url\":\"https:\/\/global-hookah.com\/product\/cartoon-owl-creative-silicone-herb-pipe\/\",\"name\":\"Cartoon Owl Creative Silicone Herb Pipe - Global Hookah\",\"isPartOf\":{\"@id\":\"https:\/\/global-hookah.com\/#website\"},\"primaryImageOfPage\":{\"@id\":\"https:\/\/global-hookah.com\/product\/cartoon-owl-creative-silicone-herb-pipe\/#primaryimage\"},\"image\":{\"@id\":\"https:\/\/global-hookah.com\/product\/cartoon-owl-creative-silicone-herb-pipe\/#primaryimage\"},\"thumbnailUrl\":\"https:\/\/global-hookah.com\/wp-content\/uploads\/2023\/01\/\u4e3b\u56fe-05-6.jpg\",\"datePublished\":\"2023-01-23T04:13:35+00:00\",\"dateModified\":\"2023-01-23T04:47:24+00:00\",\"breadcrumb\":{\"@id\":\"https:\/\/global-hookah.com\/product\/cartoon-owl-creative-silicone-herb-pipe\/#breadcrumb\"},\"inLanguage\":\"de\",\"potentialAction\":[{\"@type\":\"ReadAction\",\"target\":[\"https:\/\/global-hookah.com\/product\/cartoon-owl-creative-silicone-herb-pipe\/\"]}]},{\"@type\":\"ImageObject\",\"inLanguage\":\"de\",\"@id\":\"https:\/\/global-hookah.com\/product\/cartoon-owl-creative-silicone-herb-pipe\/#primaryimage\",\"url\":\"https:\/\/global-hookah.com\/wp-content\/uploads\/2023\/01\/\u4e3b\u56fe-05-6.jpg\",\"contentUrl\":\"https:\/\/global-hookah.com\/wp-content\/uploads\/2023\/01\/\u4e3b\u56fe-05-6.jpg\",\"width\":1000,\"height\":1000,\"caption\":\"Cartoon Owl Creative Silicone Herb Pipe\"},{\"@type\":\"BreadcrumbList\",\"@id\":\"https:\/\/global-hookah.com\/product\/cartoon-owl-creative-silicone-herb-pipe\/#breadcrumb\",\"itemListElement\":[{\"@type\":\"ListItem\",\"position\":1,\"name\":\"Home\",\"item\":\"https:\/\/global-hookah.com\/\"},{\"@type\":\"ListItem\",\"position\":2,\"name\":\"Shop\",\"item\":\"https:\/\/global-hookah.com\/shop\/\"},{\"@type\":\"ListItem\",\"position\":3,\"name\":\"Cartoon Owl Creative Silicone Herb Pipe\"}]},{\"@type\":\"WebSite\",\"@id\":\"https:\/\/global-hookah.com\/#website\",\"url\":\"https:\/\/global-hookah.com\/\",\"name\":\"Global Hookah\",\"description\":\"Global Hookah\",\"publisher\":{\"@id\":\"https:\/\/global-hookah.com\/#organization\"},\"potentialAction\":[{\"@type\":\"SearchAction\",\"target\":{\"@type\":\"EntryPoint\",\"urlTemplate\":\"https:\/\/global-hookah.com\/?s={search_term_string}\"},\"query-input\":{\"@type\":\"PropertyValueSpecification\",\"valueRequired\":true,\"valueName\":\"search_term_string\"}}],\"inLanguage\":\"de\"},{\"@type\":\"Organization\",\"@id\":\"https:\/\/global-hookah.com\/#organization\",\"name\":\"Global Hookah\",\"url\":\"https:\/\/global-hookah.com\/\",\"logo\":{\"@type\":\"ImageObject\",\"inLanguage\":\"de\",\"@id\":\"https:\/\/global-hookah.com\/#\/schema\/logo\/image\/\",\"url\":\"https:\/\/global-hookah.com\/wp-content\/uploads\/2021\/10\/cropped-fgg.png\",\"contentUrl\":\"https:\/\/global-hookah.com\/wp-content\/uploads\/2021\/10\/cropped-fgg.png\",\"width\":512,\"height\":512,\"caption\":\"Global Hookah\"},\"image\":{\"@id\":\"https:\/\/global-hookah.com\/#\/schema\/logo\/image\/\"}}]}<\/script>\n<!-- \/ Yoast SEO Premium plugin. -->","yoast_head_json":{"title":"Cartoon Eule kreative Silikon-Kr\u00e4uterpfeife - Global Hookah","robots":{"index":"index","follow":"follow","max-snippet":"max-snippet:-1","max-image-preview":"max-image-preview:large","max-video-preview":"max-video-preview:-1"},"canonical":"https:\/\/global-hookah.com\/de\/produkt\/cartoon-owl-creative-silicone-herb-pipe\/","og_locale":"de_DE","og_type":"article","og_title":"Cartoon Owl Creative Silicone Herb Pipe","og_description":"Cartoon Owl Creative Silicone Herb Pipe is a new style silicone pipe that is shaped like an owl. The Cartoon","og_url":"https:\/\/global-hookah.com\/de\/produkt\/cartoon-owl-creative-silicone-herb-pipe\/","og_site_name":"Global Hookah","article_modified_time":"2023-01-23T04:47:24+00:00","og_image":[{"width":1000,"height":1000,"url":"https:\/\/global-hookah.com\/wp-content\/uploads\/2023\/01\/\u4e3b\u56fe-05-6.jpg","type":"image\/jpeg"}],"twitter_card":"summary_large_image","twitter_misc":{"Gesch\u00e4tzte Lesezeit":"1\u00a0Minute"},"schema":{"@context":"https:\/\/schema.org","@graph":[{"@type":"WebPage","@id":"https:\/\/global-hookah.com\/product\/cartoon-owl-creative-silicone-herb-pipe\/","url":"https:\/\/global-hookah.com\/product\/cartoon-owl-creative-silicone-herb-pipe\/","name":"Cartoon Eule kreative Silikon-Kr\u00e4uterpfeife - Global Hookah","isPartOf":{"@id":"https:\/\/global-hookah.com\/#website"},"primaryImageOfPage":{"@id":"https:\/\/global-hookah.com\/product\/cartoon-owl-creative-silicone-herb-pipe\/#primaryimage"},"image":{"@id":"https:\/\/global-hookah.com\/product\/cartoon-owl-creative-silicone-herb-pipe\/#primaryimage"},"thumbnailUrl":"https:\/\/global-hookah.com\/wp-content\/uploads\/2023\/01\/\u4e3b\u56fe-05-6.jpg","datePublished":"2023-01-23T04:13:35+00:00","dateModified":"2023-01-23T04:47:24+00:00","breadcrumb":{"@id":"https:\/\/global-hookah.com\/product\/cartoon-owl-creative-silicone-herb-pipe\/#breadcrumb"},"inLanguage":"de","potentialAction":[{"@type":"ReadAction","target":["https:\/\/global-hookah.com\/product\/cartoon-owl-creative-silicone-herb-pipe\/"]}]},{"@type":"ImageObject","inLanguage":"de","@id":"https:\/\/global-hookah.com\/product\/cartoon-owl-creative-silicone-herb-pipe\/#primaryimage","url":"https:\/\/global-hookah.com\/wp-content\/uploads\/2023\/01\/\u4e3b\u56fe-05-6.jpg","contentUrl":"https:\/\/global-hookah.com\/wp-content\/uploads\/2023\/01\/\u4e3b\u56fe-05-6.jpg","width":1000,"height":1000,"caption":"Cartoon Owl Creative Silicone Herb Pipe"},{"@type":"BreadcrumbList","@id":"https:\/\/global-hookah.com\/product\/cartoon-owl-creative-silicone-herb-pipe\/#breadcrumb","itemListElement":[{"@type":"ListItem","position":1,"name":"Home","item":"https:\/\/global-hookah.com\/"},{"@type":"ListItem","position":2,"name":"Shop","item":"https:\/\/global-hookah.com\/shop\/"},{"@type":"ListItem","position":3,"name":"Cartoon Owl Creative Silicone Herb Pipe"}]},{"@type":"WebSite","@id":"https:\/\/global-hookah.com\/#website","url":"https:\/\/global-hookah.com\/","name":"Globale Wasserpfeife","description":"Globale Wasserpfeife","publisher":{"@id":"https:\/\/global-hookah.com\/#organization"},"potentialAction":[{"@type":"SearchAction","target":{"@type":"EntryPoint","urlTemplate":"https:\/\/global-hookah.com\/?s={search_term_string}"},"query-input":{"@type":"PropertyValueSpecification","valueRequired":true,"valueName":"search_term_string"}}],"inLanguage":"de"},{"@type":"Organization","@id":"https:\/\/global-hookah.com\/#organization","name":"Globale Wasserpfeife","url":"https:\/\/global-hookah.com\/","logo":{"@type":"ImageObject","inLanguage":"de","@id":"https:\/\/global-hookah.com\/#\/schema\/logo\/image\/","url":"https:\/\/global-hookah.com\/wp-content\/uploads\/2021\/10\/cropped-fgg.png","contentUrl":"https:\/\/global-hookah.com\/wp-content\/uploads\/2021\/10\/cropped-fgg.png","width":512,"height":512,"caption":"Global Hookah"},"image":{"@id":"https:\/\/global-hookah.com\/#\/schema\/logo\/image\/"}}]}},"_links":{"self":[{"href":"https:\/\/global-hookah.com\/de\/wp-json\/wp\/v2\/product\/10176","targetHints":{"allow":["GET"]}}],"collection":[{"href":"https:\/\/global-hookah.com\/de\/wp-json\/wp\/v2\/product"}],"about":[{"href":"https:\/\/global-hookah.com\/de\/wp-json\/wp\/v2\/types\/product"}],"replies":[{"embeddable":true,"href":"https:\/\/global-hookah.com\/de\/wp-json\/wp\/v2\/comments?post=10176"}],"version-history":[{"count":0,"href":"https:\/\/global-hookah.com\/de\/wp-json\/wp\/v2\/product\/10176\/revisions"}],"wp:featuredmedia":[{"embeddable":true,"href":"https:\/\/global-hookah.com\/de\/wp-json\/wp\/v2\/media\/10178"}],"wp:attachment":[{"href":"https:\/\/global-hookah.com\/de\/wp-json\/wp\/v2\/media?parent=10176"}],"wp:term":[{"taxonomy":"product_brand","embeddable":true,"href":"https:\/\/global-hookah.com\/de\/wp-json\/wp\/v2\/product_brand?post=10176"},{"taxonomy":"product_cat","embeddable":true,"href":"https:\/\/global-hookah.com\/de\/wp-json\/wp\/v2\/product_cat?post=10176"},{"taxonomy":"product_tag","embeddable":true,"href":"https:\/\/global-hookah.com\/de\/wp-json\/wp\/v2\/product_tag?post=10176"}],"curies":[{"name":"wp","href":"https:\/\/api.w.org\/{rel}","templated":true}]}}