{"id":10204,"date":"2023-01-23T04:42:00","date_gmt":"2023-01-23T04:42:00","guid":{"rendered":"https:\/\/global-hookah.com\/?post_type=product&#038;p=10204"},"modified":"2024-03-13T00:28:29","modified_gmt":"2024-03-13T00:28:29","slug":"purple-skull-glass-tobacco-pipe","status":"publish","type":"product","link":"https:\/\/global-hookah.com\/de\/produkt\/purple-skull-glass-tobacco-pipe\/","title":{"rendered":"Lila Totenkopf Glas Tabakpfeife"},"content":{"rendered":"<p>Diese <strong>Lila Totenkopf Glas Tabakpfeife<\/strong> ist eine ausgezeichnete Wahl f\u00fcr den Tabakraucher, der sein Raucherlebnis auf die n\u00e4chste Stufe bringen m\u00f6chte. Dieser Sch\u00e4del Glaspfeifen ist mundgeblasen aus Borosilikatglas und verf\u00fcgt \u00fcber einen Sch\u00e4del Design auf der Vorderseite.<\/p>\n<p>Die <strong>Lila Totenkopf Glas Tabakpfeife<\/strong> ist ein hervorragendes Beispiel f\u00fcr eine <a href=\"https:\/\/global-hookah.com\/product-category\/glass-pipes\/\">mundgeblasene Totenkopfpfeife<\/a>. Es verf\u00fcgt \u00fcber eine bunte, detaillierte lila Sch\u00e4del Design auf der Vorderseite der Pfeife und ist aus strapazierf\u00e4higem Borosilikatglas hergestellt.<\/p>\n<p>Die <strong>Glas-Totenkopf-Rauchpfeife<\/strong> hat die ideale Gr\u00f6\u00dfe f\u00fcr eine schnelle Sch\u00fcssel vor der Arbeit oder Schule. Das dicke Glas macht diese <strong>Glas-Totenkopf-Rauchpfeife<\/strong> sehr langlebig, w\u00e4hrend immer noch in der Lage sein, in der Tasche passen. Das Totenkopf-Design auf der Pfeife sorgt f\u00fcr ein wenig mehr Aufsehen beim Rauchen und macht es einfach zu finden, wenn Sie es fallen lassen.<\/p>\n<p>Die <strong>Totenkopf-Rauchpfeifen<\/strong> ist eine ausgezeichnete Wahl f\u00fcr den Tabakraucher, der sein Raucherlebnis auf die n\u00e4chste Stufe bringen m\u00f6chte. Diese Totenkopf-Rauchpfeife ist aus Borosilikatglas mundgeblasen und zeigt ein Totenkopf-Design auf der Vorderseite.<\/p>","protected":false},"excerpt":{"rendered":"<p>Diese lila Totenkopf-Glas-Tabakpfeife ist eine ausgezeichnete Wahl f\u00fcr den Tabakraucher, der sein Rauchen auf eine<\/p>","protected":false},"featured_media":10206,"comment_status":"open","ping_status":"closed","template":"","meta":{"iawp_total_views":0,"_joinchat":[]},"product_brand":[],"product_cat":[415],"product_tag":[],"class_list":{"0":"post-10204","1":"product","2":"type-product","3":"status-publish","4":"has-post-thumbnail","6":"product_cat-accessories","8":"first","9":"instock","10":"sale","11":"shipping-taxable","12":"purchasable","13":"product-type-simple"},"yoast_head":"<!-- This site is optimized with the Yoast SEO Premium plugin v24.7 (Yoast SEO v26.8) - https:\/\/yoast.com\/product\/yoast-seo-premium-wordpress\/ -->\n<title>Purple Skull Glass Tobacco Pipe - Global Hookah<\/title>\n<meta name=\"robots\" content=\"index, follow, max-snippet:-1, max-image-preview:large, max-video-preview:-1\" \/>\n<link rel=\"canonical\" href=\"https:\/\/global-hookah.com\/de\/produkt\/purple-skull-glass-tobacco-pipe\/\" \/>\n<meta property=\"og:locale\" content=\"de_DE\" \/>\n<meta property=\"og:type\" content=\"article\" \/>\n<meta property=\"og:title\" content=\"Purple Skull Glass Tobacco Pipe\" \/>\n<meta property=\"og:description\" content=\"This Purple Skull Glass Tobacco Pipe is an excellent choice for the tobacco smoker who wants to take their smoking\" \/>\n<meta property=\"og:url\" content=\"https:\/\/global-hookah.com\/de\/produkt\/purple-skull-glass-tobacco-pipe\/\" \/>\n<meta property=\"og:site_name\" content=\"Global Hookah\" \/>\n<meta property=\"article:modified_time\" content=\"2024-03-13T00:28:29+00:00\" \/>\n<meta property=\"og:image\" content=\"https:\/\/global-hookah.com\/wp-content\/uploads\/2023\/01\/\u4e3b\u56fe-01-7.jpg\" \/>\n\t<meta property=\"og:image:width\" content=\"1920\" \/>\n\t<meta property=\"og:image:height\" content=\"1920\" \/>\n\t<meta property=\"og:image:type\" content=\"image\/jpeg\" \/>\n<meta name=\"twitter:card\" content=\"summary_large_image\" \/>\n<meta name=\"twitter:label1\" content=\"Gesch\u00e4tzte Lesezeit\" \/>\n\t<meta name=\"twitter:data1\" content=\"1\u00a0Minute\" \/>\n<script type=\"application\/ld+json\" class=\"yoast-schema-graph\">{\"@context\":\"https:\/\/schema.org\",\"@graph\":[{\"@type\":\"WebPage\",\"@id\":\"https:\/\/global-hookah.com\/product\/purple-skull-glass-tobacco-pipe\/\",\"url\":\"https:\/\/global-hookah.com\/product\/purple-skull-glass-tobacco-pipe\/\",\"name\":\"Purple Skull Glass Tobacco Pipe - Global Hookah\",\"isPartOf\":{\"@id\":\"https:\/\/global-hookah.com\/#website\"},\"primaryImageOfPage\":{\"@id\":\"https:\/\/global-hookah.com\/product\/purple-skull-glass-tobacco-pipe\/#primaryimage\"},\"image\":{\"@id\":\"https:\/\/global-hookah.com\/product\/purple-skull-glass-tobacco-pipe\/#primaryimage\"},\"thumbnailUrl\":\"https:\/\/global-hookah.com\/wp-content\/uploads\/2023\/01\/\u4e3b\u56fe-01-7.jpg\",\"datePublished\":\"2023-01-23T04:42:00+00:00\",\"dateModified\":\"2024-03-13T00:28:29+00:00\",\"breadcrumb\":{\"@id\":\"https:\/\/global-hookah.com\/product\/purple-skull-glass-tobacco-pipe\/#breadcrumb\"},\"inLanguage\":\"de\",\"potentialAction\":[{\"@type\":\"ReadAction\",\"target\":[\"https:\/\/global-hookah.com\/product\/purple-skull-glass-tobacco-pipe\/\"]}]},{\"@type\":\"ImageObject\",\"inLanguage\":\"de\",\"@id\":\"https:\/\/global-hookah.com\/product\/purple-skull-glass-tobacco-pipe\/#primaryimage\",\"url\":\"https:\/\/global-hookah.com\/wp-content\/uploads\/2023\/01\/\u4e3b\u56fe-01-7.jpg\",\"contentUrl\":\"https:\/\/global-hookah.com\/wp-content\/uploads\/2023\/01\/\u4e3b\u56fe-01-7.jpg\",\"width\":1920,\"height\":1920},{\"@type\":\"BreadcrumbList\",\"@id\":\"https:\/\/global-hookah.com\/product\/purple-skull-glass-tobacco-pipe\/#breadcrumb\",\"itemListElement\":[{\"@type\":\"ListItem\",\"position\":1,\"name\":\"Home\",\"item\":\"https:\/\/global-hookah.com\/\"},{\"@type\":\"ListItem\",\"position\":2,\"name\":\"Shop\",\"item\":\"https:\/\/global-hookah.com\/shop\/\"},{\"@type\":\"ListItem\",\"position\":3,\"name\":\"Purple Skull Glass Tobacco Pipe\"}]},{\"@type\":\"WebSite\",\"@id\":\"https:\/\/global-hookah.com\/#website\",\"url\":\"https:\/\/global-hookah.com\/\",\"name\":\"Global Hookah\",\"description\":\"Global Hookah\",\"publisher\":{\"@id\":\"https:\/\/global-hookah.com\/#organization\"},\"potentialAction\":[{\"@type\":\"SearchAction\",\"target\":{\"@type\":\"EntryPoint\",\"urlTemplate\":\"https:\/\/global-hookah.com\/?s={search_term_string}\"},\"query-input\":{\"@type\":\"PropertyValueSpecification\",\"valueRequired\":true,\"valueName\":\"search_term_string\"}}],\"inLanguage\":\"de\"},{\"@type\":\"Organization\",\"@id\":\"https:\/\/global-hookah.com\/#organization\",\"name\":\"Global Hookah\",\"url\":\"https:\/\/global-hookah.com\/\",\"logo\":{\"@type\":\"ImageObject\",\"inLanguage\":\"de\",\"@id\":\"https:\/\/global-hookah.com\/#\/schema\/logo\/image\/\",\"url\":\"https:\/\/global-hookah.com\/wp-content\/uploads\/2021\/10\/cropped-fgg.png\",\"contentUrl\":\"https:\/\/global-hookah.com\/wp-content\/uploads\/2021\/10\/cropped-fgg.png\",\"width\":512,\"height\":512,\"caption\":\"Global Hookah\"},\"image\":{\"@id\":\"https:\/\/global-hookah.com\/#\/schema\/logo\/image\/\"}}]}<\/script>\n<!-- \/ Yoast SEO Premium plugin. -->","yoast_head_json":{"title":"Lila Totenkopf Glas-Tabakpfeife - Global Hookah","robots":{"index":"index","follow":"follow","max-snippet":"max-snippet:-1","max-image-preview":"max-image-preview:large","max-video-preview":"max-video-preview:-1"},"canonical":"https:\/\/global-hookah.com\/de\/produkt\/purple-skull-glass-tobacco-pipe\/","og_locale":"de_DE","og_type":"article","og_title":"Purple Skull Glass Tobacco Pipe","og_description":"This Purple Skull Glass Tobacco Pipe is an excellent choice for the tobacco smoker who wants to take their smoking","og_url":"https:\/\/global-hookah.com\/de\/produkt\/purple-skull-glass-tobacco-pipe\/","og_site_name":"Global Hookah","article_modified_time":"2024-03-13T00:28:29+00:00","og_image":[{"width":1920,"height":1920,"url":"https:\/\/global-hookah.com\/wp-content\/uploads\/2023\/01\/\u4e3b\u56fe-01-7.jpg","type":"image\/jpeg"}],"twitter_card":"summary_large_image","twitter_misc":{"Gesch\u00e4tzte Lesezeit":"1\u00a0Minute"},"schema":{"@context":"https:\/\/schema.org","@graph":[{"@type":"WebPage","@id":"https:\/\/global-hookah.com\/product\/purple-skull-glass-tobacco-pipe\/","url":"https:\/\/global-hookah.com\/product\/purple-skull-glass-tobacco-pipe\/","name":"Lila Totenkopf Glas-Tabakpfeife - Global Hookah","isPartOf":{"@id":"https:\/\/global-hookah.com\/#website"},"primaryImageOfPage":{"@id":"https:\/\/global-hookah.com\/product\/purple-skull-glass-tobacco-pipe\/#primaryimage"},"image":{"@id":"https:\/\/global-hookah.com\/product\/purple-skull-glass-tobacco-pipe\/#primaryimage"},"thumbnailUrl":"https:\/\/global-hookah.com\/wp-content\/uploads\/2023\/01\/\u4e3b\u56fe-01-7.jpg","datePublished":"2023-01-23T04:42:00+00:00","dateModified":"2024-03-13T00:28:29+00:00","breadcrumb":{"@id":"https:\/\/global-hookah.com\/product\/purple-skull-glass-tobacco-pipe\/#breadcrumb"},"inLanguage":"de","potentialAction":[{"@type":"ReadAction","target":["https:\/\/global-hookah.com\/product\/purple-skull-glass-tobacco-pipe\/"]}]},{"@type":"ImageObject","inLanguage":"de","@id":"https:\/\/global-hookah.com\/product\/purple-skull-glass-tobacco-pipe\/#primaryimage","url":"https:\/\/global-hookah.com\/wp-content\/uploads\/2023\/01\/\u4e3b\u56fe-01-7.jpg","contentUrl":"https:\/\/global-hookah.com\/wp-content\/uploads\/2023\/01\/\u4e3b\u56fe-01-7.jpg","width":1920,"height":1920},{"@type":"BreadcrumbList","@id":"https:\/\/global-hookah.com\/product\/purple-skull-glass-tobacco-pipe\/#breadcrumb","itemListElement":[{"@type":"ListItem","position":1,"name":"Home","item":"https:\/\/global-hookah.com\/"},{"@type":"ListItem","position":2,"name":"Shop","item":"https:\/\/global-hookah.com\/shop\/"},{"@type":"ListItem","position":3,"name":"Purple Skull Glass Tobacco Pipe"}]},{"@type":"WebSite","@id":"https:\/\/global-hookah.com\/#website","url":"https:\/\/global-hookah.com\/","name":"Globale Wasserpfeife","description":"Globale Wasserpfeife","publisher":{"@id":"https:\/\/global-hookah.com\/#organization"},"potentialAction":[{"@type":"SearchAction","target":{"@type":"EntryPoint","urlTemplate":"https:\/\/global-hookah.com\/?s={search_term_string}"},"query-input":{"@type":"PropertyValueSpecification","valueRequired":true,"valueName":"search_term_string"}}],"inLanguage":"de"},{"@type":"Organization","@id":"https:\/\/global-hookah.com\/#organization","name":"Globale Wasserpfeife","url":"https:\/\/global-hookah.com\/","logo":{"@type":"ImageObject","inLanguage":"de","@id":"https:\/\/global-hookah.com\/#\/schema\/logo\/image\/","url":"https:\/\/global-hookah.com\/wp-content\/uploads\/2021\/10\/cropped-fgg.png","contentUrl":"https:\/\/global-hookah.com\/wp-content\/uploads\/2021\/10\/cropped-fgg.png","width":512,"height":512,"caption":"Global Hookah"},"image":{"@id":"https:\/\/global-hookah.com\/#\/schema\/logo\/image\/"}}]}},"_links":{"self":[{"href":"https:\/\/global-hookah.com\/de\/wp-json\/wp\/v2\/product\/10204","targetHints":{"allow":["GET"]}}],"collection":[{"href":"https:\/\/global-hookah.com\/de\/wp-json\/wp\/v2\/product"}],"about":[{"href":"https:\/\/global-hookah.com\/de\/wp-json\/wp\/v2\/types\/product"}],"replies":[{"embeddable":true,"href":"https:\/\/global-hookah.com\/de\/wp-json\/wp\/v2\/comments?post=10204"}],"version-history":[{"count":0,"href":"https:\/\/global-hookah.com\/de\/wp-json\/wp\/v2\/product\/10204\/revisions"}],"wp:featuredmedia":[{"embeddable":true,"href":"https:\/\/global-hookah.com\/de\/wp-json\/wp\/v2\/media\/10206"}],"wp:attachment":[{"href":"https:\/\/global-hookah.com\/de\/wp-json\/wp\/v2\/media?parent=10204"}],"wp:term":[{"taxonomy":"product_brand","embeddable":true,"href":"https:\/\/global-hookah.com\/de\/wp-json\/wp\/v2\/product_brand?post=10204"},{"taxonomy":"product_cat","embeddable":true,"href":"https:\/\/global-hookah.com\/de\/wp-json\/wp\/v2\/product_cat?post=10204"},{"taxonomy":"product_tag","embeddable":true,"href":"https:\/\/global-hookah.com\/de\/wp-json\/wp\/v2\/product_tag?post=10204"}],"curies":[{"name":"wp","href":"https:\/\/api.w.org\/{rel}","templated":true}]}}