{"id":10238,"date":"2023-01-23T09:51:31","date_gmt":"2023-01-23T09:51:31","guid":{"rendered":"https:\/\/global-hookah.com\/product\/arab-eagle-small-hookah-shisha-pipe-set-with-hookah-hose\/"},"modified":"2024-01-12T04:00:06","modified_gmt":"2024-01-12T04:00:06","slug":"arab-eagle-small-hookah-shisha-pipe-set-with-hookah-hose","status":"publish","type":"product","link":"https:\/\/global-hookah.com\/de\/produkt\/arab-eagle-small-hookah-shisha-pipe-set-with-hookah-hose\/","title":{"rendered":"Arab Eagle Small Hookah Shisha Pfeifenset mit Hookah Schlauch"},"content":{"rendered":"<div class=\"product-specs-list-container\">\n<p><strong>Arab Eagle Small Hookah Shisha Pfeifenset mit Hookah Schlauch<\/strong> ist eine gute Wahl sowohl f\u00fcr Anf\u00e4nger als auch f\u00fcr erfahrene Wasserpfeifen-Raucher. Diese arabische Rauchpfeife wird mit einer passenden Schale und einem Schlauch geliefert, die aus hochwertigem Glas hergestellt sind, so dass Sie Ihre Wasserpfeife genie\u00dfen k\u00f6nnen, ohne sich um irgendwelche Probleme zu k\u00fcmmern. Diese <strong>kleines Wasserpfeifenset<\/strong> ist auch sehr leicht zu reinigen und zu pflegen, so dass sie die perfekte Wahl f\u00fcr alle ist, die ihre Wasserpfeife ohne Probleme genie\u00dfen wollen!<\/p>\n<\/div>\n<p>Die L\u00e4nge dieser <strong>arabische Shisha<\/strong> ist ungef\u00e4hr 11 Fu\u00df lang. Die Schale kann bis zu 50 Gramm Tabak oder andere Mischungen aufnehmen. Die Kohlenschale ist aus poliertem Edelstahl gefertigt und sorgt daf\u00fcr, dass die Kohle w\u00e4hrend der gesamten Rauchsession gleichm\u00e4\u00dfig brennt. Diese <strong>Kleine Wasserpfeife<\/strong> kann mit einem einzelnen Schlauch verwendet werden oder <a href=\"https:\/\/global-hookah.com\/product-category\/hookah-parts\/\">Doppelschlauch<\/a>da es mit einem Adapter geliefert wird.<\/p>\n<p><span style=\"font-size: 26.0pt; color: #ffff00; background-color: #ff0000;\"><span style=\"font-size: 26.0pt; color: #ffff00; background-color: #ff0000;\"><img fetchpriority=\"high\" decoding=\"async\" src=\"https:\/\/ae01.alicdn.com\/kf\/S107cd783c76f4d42b1e5b10507de3642C.jpg?width=800&amp;height=800&amp;hash=1600\" width=\"790\" height=\"790\" \/><\/span><br \/>\n<img decoding=\"async\" src=\"https:\/\/ae03.alicdn.com\/kf\/Sc55260c4c9af48efb4ddf9e7aabaedd5Z.jpg\" width=\"790\" height=\"790\" \/><br \/>\n<img decoding=\"async\" src=\"https:\/\/ae03.alicdn.com\/kf\/S98e36e4f1d254dcaa55c0ffa75cce3afk.jpg\" width=\"790\" height=\"790\" \/><span style=\"font-size: 26.0pt; color: #ffff00; background-color: #ff0000;\"><img loading=\"lazy\" decoding=\"async\" src=\"https:\/\/ae03.alicdn.com\/kf\/S70397cd898f04967be84a95143f81cd6X.jpg\" width=\"790\" height=\"790\" \/><\/span><span style=\"font-size: 26.0pt; color: #ffff00; background-color: #ff0000;\"><img loading=\"lazy\" decoding=\"async\" src=\"https:\/\/ae01.alicdn.com\/kf\/Sc93d04fd535749b794ebb4f42b137d10q.jpg?width=800&amp;height=800&amp;hash=1600\" width=\"790\" height=\"790\" \/><span style=\"font-size: 26.0pt; color: #ffff00; background-color: #ff0000;\"><img loading=\"lazy\" decoding=\"async\" src=\"https:\/\/ae03.alicdn.com\/kf\/S4d85e8aae9344d9c88c63cda57ebc5b01.jpg\" width=\"790\" height=\"790\" \/><\/span><\/span><span style=\"font-size: 26.0pt; color: #ffff00; background-color: #ff0000;\"><img loading=\"lazy\" decoding=\"async\" src=\"https:\/\/ae03.alicdn.com\/kf\/Saa628e649cf044b29b13edb7002cae532.jpg\" width=\"790\" height=\"790\" \/><\/span><span style=\"font-size: 26.0pt; color: #ffff00; background-color: #ff0000;\"><img loading=\"lazy\" decoding=\"async\" src=\"https:\/\/ae03.alicdn.com\/kf\/S5a4b9600f0f94adbab899abde2642f2dr.jpg\" width=\"790\" height=\"790\" \/><\/span><\/span><\/p>","protected":false},"excerpt":{"rendered":"<p>Arab Eagle Small Hookah Shisha Pipe Set With Hookah Hose ist eine gute Wahl sowohl f\u00fcr Anf\u00e4nger als auch f\u00fcr erfahrene Shisha<\/p>","protected":false},"featured_media":10239,"comment_status":"open","ping_status":"closed","template":"","meta":{"iawp_total_views":34,"_joinchat":[]},"product_brand":[],"product_cat":[415,560],"product_tag":[],"class_list":{"0":"post-10238","1":"product","2":"type-product","3":"status-publish","4":"has-post-thumbnail","6":"product_cat-accessories","7":"product_cat-glass-hookah-wholesale","9":"first","10":"instock","11":"sale","12":"shipping-taxable","13":"purchasable","14":"product-type-variable"},"yoast_head":"<!-- This site is optimized with the Yoast SEO Premium plugin v24.7 (Yoast SEO v26.8) - https:\/\/yoast.com\/product\/yoast-seo-premium-wordpress\/ -->\n<title>Arab Eagle Small Hookah Shisha Pipe Set With Hookah Hose - Global Hookah<\/title>\n<meta name=\"robots\" content=\"index, follow, max-snippet:-1, max-image-preview:large, max-video-preview:-1\" \/>\n<link rel=\"canonical\" href=\"https:\/\/global-hookah.com\/de\/ru\/\u043f\u0440\u043e\u0434\u0443\u043a\u0442\/arab-eagle-small-hookah-shisha-pipe-set-with-hookah-hose\/\" \/>\n<meta property=\"og:locale\" content=\"de_DE\" \/>\n<meta property=\"og:type\" content=\"article\" \/>\n<meta property=\"og:title\" content=\"Arab Eagle Small Hookah Shisha Pipe Set With Hookah Hose\" \/>\n<meta property=\"og:description\" content=\"Arab Eagle Small Hookah Shisha Pipe Set With Hookah Hose is a great choice for both beginners and experienced hookah\" \/>\n<meta property=\"og:url\" content=\"https:\/\/global-hookah.com\/de\/ru\/\u043f\u0440\u043e\u0434\u0443\u043a\u0442\/arab-eagle-small-hookah-shisha-pipe-set-with-hookah-hose\/\" \/>\n<meta property=\"og:site_name\" content=\"Global Hookah\" \/>\n<meta property=\"article:modified_time\" content=\"2024-01-12T04:00:06+00:00\" \/>\n<meta property=\"og:image\" content=\"https:\/\/global-hookah.com\/wp-content\/uploads\/2023\/01\/Arab-Eagle-Small-Hookah-Shisha-Pipe-Set-With-Hookah-Hose-Ceramic-Bowl-Cachimba-Nargile-Sheesha-Narguile.jpg\" \/>\n\t<meta property=\"og:image:width\" content=\"800\" \/>\n\t<meta property=\"og:image:height\" content=\"800\" \/>\n\t<meta property=\"og:image:type\" content=\"image\/jpeg\" \/>\n<meta name=\"twitter:card\" content=\"summary_large_image\" \/>\n<meta name=\"twitter:label1\" content=\"Gesch\u00e4tzte Lesezeit\" \/>\n\t<meta name=\"twitter:data1\" content=\"3\u00a0Minuten\" \/>\n<script type=\"application\/ld+json\" class=\"yoast-schema-graph\">{\"@context\":\"https:\/\/schema.org\",\"@graph\":[{\"@type\":\"WebPage\",\"@id\":\"https:\/\/global-hookah.com\/ru\/\u043f\u0440\u043e\u0434\u0443\u043a\u0442\/arab-eagle-small-hookah-shisha-pipe-set-with-hookah-hose\/\",\"url\":\"https:\/\/global-hookah.com\/ru\/\u043f\u0440\u043e\u0434\u0443\u043a\u0442\/arab-eagle-small-hookah-shisha-pipe-set-with-hookah-hose\/\",\"name\":\"Arab Eagle Small Hookah Shisha Pipe Set With Hookah Hose - Global Hookah\",\"isPartOf\":{\"@id\":\"https:\/\/global-hookah.com\/#website\"},\"primaryImageOfPage\":{\"@id\":\"https:\/\/global-hookah.com\/ru\/\u043f\u0440\u043e\u0434\u0443\u043a\u0442\/arab-eagle-small-hookah-shisha-pipe-set-with-hookah-hose\/#primaryimage\"},\"image\":{\"@id\":\"https:\/\/global-hookah.com\/ru\/\u043f\u0440\u043e\u0434\u0443\u043a\u0442\/arab-eagle-small-hookah-shisha-pipe-set-with-hookah-hose\/#primaryimage\"},\"thumbnailUrl\":\"https:\/\/global-hookah.com\/wp-content\/uploads\/2023\/01\/Arab-Eagle-Small-Hookah-Shisha-Pipe-Set-With-Hookah-Hose-Ceramic-Bowl-Cachimba-Nargile-Sheesha-Narguile.jpg\",\"datePublished\":\"2023-01-23T09:51:31+00:00\",\"dateModified\":\"2024-01-12T04:00:06+00:00\",\"breadcrumb\":{\"@id\":\"https:\/\/global-hookah.com\/ru\/\u043f\u0440\u043e\u0434\u0443\u043a\u0442\/arab-eagle-small-hookah-shisha-pipe-set-with-hookah-hose\/#breadcrumb\"},\"inLanguage\":\"de\",\"potentialAction\":[{\"@type\":\"ReadAction\",\"target\":[\"https:\/\/global-hookah.com\/ru\/\u043f\u0440\u043e\u0434\u0443\u043a\u0442\/arab-eagle-small-hookah-shisha-pipe-set-with-hookah-hose\/\"]}]},{\"@type\":\"ImageObject\",\"inLanguage\":\"de\",\"@id\":\"https:\/\/global-hookah.com\/ru\/\u043f\u0440\u043e\u0434\u0443\u043a\u0442\/arab-eagle-small-hookah-shisha-pipe-set-with-hookah-hose\/#primaryimage\",\"url\":\"https:\/\/global-hookah.com\/wp-content\/uploads\/2023\/01\/Arab-Eagle-Small-Hookah-Shisha-Pipe-Set-With-Hookah-Hose-Ceramic-Bowl-Cachimba-Nargile-Sheesha-Narguile.jpg\",\"contentUrl\":\"https:\/\/global-hookah.com\/wp-content\/uploads\/2023\/01\/Arab-Eagle-Small-Hookah-Shisha-Pipe-Set-With-Hookah-Hose-Ceramic-Bowl-Cachimba-Nargile-Sheesha-Narguile.jpg\",\"width\":800,\"height\":800,\"caption\":\"Small Hookah Shisha Pipe Set\"},{\"@type\":\"BreadcrumbList\",\"@id\":\"https:\/\/global-hookah.com\/ru\/\u043f\u0440\u043e\u0434\u0443\u043a\u0442\/arab-eagle-small-hookah-shisha-pipe-set-with-hookah-hose\/#breadcrumb\",\"itemListElement\":[{\"@type\":\"ListItem\",\"position\":1,\"name\":\"Home\",\"item\":\"https:\/\/global-hookah.com\/\"},{\"@type\":\"ListItem\",\"position\":2,\"name\":\"Shop\",\"item\":\"https:\/\/global-hookah.com\/shop\/\"},{\"@type\":\"ListItem\",\"position\":3,\"name\":\"Arab Eagle Small Hookah Shisha Pipe Set With Hookah Hose\"}]},{\"@type\":\"WebSite\",\"@id\":\"https:\/\/global-hookah.com\/#website\",\"url\":\"https:\/\/global-hookah.com\/\",\"name\":\"Global Hookah\",\"description\":\"Global Hookah\",\"publisher\":{\"@id\":\"https:\/\/global-hookah.com\/#organization\"},\"potentialAction\":[{\"@type\":\"SearchAction\",\"target\":{\"@type\":\"EntryPoint\",\"urlTemplate\":\"https:\/\/global-hookah.com\/?s={search_term_string}\"},\"query-input\":{\"@type\":\"PropertyValueSpecification\",\"valueRequired\":true,\"valueName\":\"search_term_string\"}}],\"inLanguage\":\"de\"},{\"@type\":\"Organization\",\"@id\":\"https:\/\/global-hookah.com\/#organization\",\"name\":\"Global Hookah\",\"url\":\"https:\/\/global-hookah.com\/\",\"logo\":{\"@type\":\"ImageObject\",\"inLanguage\":\"de\",\"@id\":\"https:\/\/global-hookah.com\/#\/schema\/logo\/image\/\",\"url\":\"https:\/\/global-hookah.com\/wp-content\/uploads\/2021\/10\/cropped-fgg.png\",\"contentUrl\":\"https:\/\/global-hookah.com\/wp-content\/uploads\/2021\/10\/cropped-fgg.png\",\"width\":512,\"height\":512,\"caption\":\"Global Hookah\"},\"image\":{\"@id\":\"https:\/\/global-hookah.com\/#\/schema\/logo\/image\/\"}}]}<\/script>\n<!-- \/ Yoast SEO Premium plugin. -->","yoast_head_json":{"title":"Arab Eagle Kleine Wasserpfeife Shisha Pfeifenset mit Wasserpfeifenschlauch - Global Hookah","robots":{"index":"index","follow":"follow","max-snippet":"max-snippet:-1","max-image-preview":"max-image-preview:large","max-video-preview":"max-video-preview:-1"},"canonical":"https:\/\/global-hookah.com\/de\/ru\/\u043f\u0440\u043e\u0434\u0443\u043a\u0442\/arab-eagle-small-hookah-shisha-pipe-set-with-hookah-hose\/","og_locale":"de_DE","og_type":"article","og_title":"Arab Eagle Small Hookah Shisha Pipe Set With Hookah Hose","og_description":"Arab Eagle Small Hookah Shisha Pipe Set With Hookah Hose is a great choice for both beginners and experienced hookah","og_url":"https:\/\/global-hookah.com\/de\/ru\/\u043f\u0440\u043e\u0434\u0443\u043a\u0442\/arab-eagle-small-hookah-shisha-pipe-set-with-hookah-hose\/","og_site_name":"Global Hookah","article_modified_time":"2024-01-12T04:00:06+00:00","og_image":[{"width":800,"height":800,"url":"https:\/\/global-hookah.com\/wp-content\/uploads\/2023\/01\/Arab-Eagle-Small-Hookah-Shisha-Pipe-Set-With-Hookah-Hose-Ceramic-Bowl-Cachimba-Nargile-Sheesha-Narguile.jpg","type":"image\/jpeg"}],"twitter_card":"summary_large_image","twitter_misc":{"Gesch\u00e4tzte Lesezeit":"3\u00a0Minuten"},"schema":{"@context":"https:\/\/schema.org","@graph":[{"@type":"WebPage","@id":"https:\/\/global-hookah.com\/ru\/\u043f\u0440\u043e\u0434\u0443\u043a\u0442\/arab-eagle-small-hookah-shisha-pipe-set-with-hookah-hose\/","url":"https:\/\/global-hookah.com\/ru\/\u043f\u0440\u043e\u0434\u0443\u043a\u0442\/arab-eagle-small-hookah-shisha-pipe-set-with-hookah-hose\/","name":"Arab Eagle Kleine Wasserpfeife Shisha Pfeifenset mit Wasserpfeifenschlauch - Global Hookah","isPartOf":{"@id":"https:\/\/global-hookah.com\/#website"},"primaryImageOfPage":{"@id":"https:\/\/global-hookah.com\/ru\/\u043f\u0440\u043e\u0434\u0443\u043a\u0442\/arab-eagle-small-hookah-shisha-pipe-set-with-hookah-hose\/#primaryimage"},"image":{"@id":"https:\/\/global-hookah.com\/ru\/\u043f\u0440\u043e\u0434\u0443\u043a\u0442\/arab-eagle-small-hookah-shisha-pipe-set-with-hookah-hose\/#primaryimage"},"thumbnailUrl":"https:\/\/global-hookah.com\/wp-content\/uploads\/2023\/01\/Arab-Eagle-Small-Hookah-Shisha-Pipe-Set-With-Hookah-Hose-Ceramic-Bowl-Cachimba-Nargile-Sheesha-Narguile.jpg","datePublished":"2023-01-23T09:51:31+00:00","dateModified":"2024-01-12T04:00:06+00:00","breadcrumb":{"@id":"https:\/\/global-hookah.com\/ru\/\u043f\u0440\u043e\u0434\u0443\u043a\u0442\/arab-eagle-small-hookah-shisha-pipe-set-with-hookah-hose\/#breadcrumb"},"inLanguage":"de","potentialAction":[{"@type":"ReadAction","target":["https:\/\/global-hookah.com\/ru\/\u043f\u0440\u043e\u0434\u0443\u043a\u0442\/arab-eagle-small-hookah-shisha-pipe-set-with-hookah-hose\/"]}]},{"@type":"ImageObject","inLanguage":"de","@id":"https:\/\/global-hookah.com\/ru\/\u043f\u0440\u043e\u0434\u0443\u043a\u0442\/arab-eagle-small-hookah-shisha-pipe-set-with-hookah-hose\/#primaryimage","url":"https:\/\/global-hookah.com\/wp-content\/uploads\/2023\/01\/Arab-Eagle-Small-Hookah-Shisha-Pipe-Set-With-Hookah-Hose-Ceramic-Bowl-Cachimba-Nargile-Sheesha-Narguile.jpg","contentUrl":"https:\/\/global-hookah.com\/wp-content\/uploads\/2023\/01\/Arab-Eagle-Small-Hookah-Shisha-Pipe-Set-With-Hookah-Hose-Ceramic-Bowl-Cachimba-Nargile-Sheesha-Narguile.jpg","width":800,"height":800,"caption":"Small Hookah Shisha Pipe Set"},{"@type":"BreadcrumbList","@id":"https:\/\/global-hookah.com\/ru\/\u043f\u0440\u043e\u0434\u0443\u043a\u0442\/arab-eagle-small-hookah-shisha-pipe-set-with-hookah-hose\/#breadcrumb","itemListElement":[{"@type":"ListItem","position":1,"name":"Home","item":"https:\/\/global-hookah.com\/"},{"@type":"ListItem","position":2,"name":"Shop","item":"https:\/\/global-hookah.com\/shop\/"},{"@type":"ListItem","position":3,"name":"Arab Eagle Small Hookah Shisha Pipe Set With Hookah Hose"}]},{"@type":"WebSite","@id":"https:\/\/global-hookah.com\/#website","url":"https:\/\/global-hookah.com\/","name":"Globale Wasserpfeife","description":"Globale Wasserpfeife","publisher":{"@id":"https:\/\/global-hookah.com\/#organization"},"potentialAction":[{"@type":"SearchAction","target":{"@type":"EntryPoint","urlTemplate":"https:\/\/global-hookah.com\/?s={search_term_string}"},"query-input":{"@type":"PropertyValueSpecification","valueRequired":true,"valueName":"search_term_string"}}],"inLanguage":"de"},{"@type":"Organization","@id":"https:\/\/global-hookah.com\/#organization","name":"Globale Wasserpfeife","url":"https:\/\/global-hookah.com\/","logo":{"@type":"ImageObject","inLanguage":"de","@id":"https:\/\/global-hookah.com\/#\/schema\/logo\/image\/","url":"https:\/\/global-hookah.com\/wp-content\/uploads\/2021\/10\/cropped-fgg.png","contentUrl":"https:\/\/global-hookah.com\/wp-content\/uploads\/2021\/10\/cropped-fgg.png","width":512,"height":512,"caption":"Global Hookah"},"image":{"@id":"https:\/\/global-hookah.com\/#\/schema\/logo\/image\/"}}]}},"_links":{"self":[{"href":"https:\/\/global-hookah.com\/de\/wp-json\/wp\/v2\/product\/10238","targetHints":{"allow":["GET"]}}],"collection":[{"href":"https:\/\/global-hookah.com\/de\/wp-json\/wp\/v2\/product"}],"about":[{"href":"https:\/\/global-hookah.com\/de\/wp-json\/wp\/v2\/types\/product"}],"replies":[{"embeddable":true,"href":"https:\/\/global-hookah.com\/de\/wp-json\/wp\/v2\/comments?post=10238"}],"version-history":[{"count":0,"href":"https:\/\/global-hookah.com\/de\/wp-json\/wp\/v2\/product\/10238\/revisions"}],"wp:featuredmedia":[{"embeddable":true,"href":"https:\/\/global-hookah.com\/de\/wp-json\/wp\/v2\/media\/10239"}],"wp:attachment":[{"href":"https:\/\/global-hookah.com\/de\/wp-json\/wp\/v2\/media?parent=10238"}],"wp:term":[{"taxonomy":"product_brand","embeddable":true,"href":"https:\/\/global-hookah.com\/de\/wp-json\/wp\/v2\/product_brand?post=10238"},{"taxonomy":"product_cat","embeddable":true,"href":"https:\/\/global-hookah.com\/de\/wp-json\/wp\/v2\/product_cat?post=10238"},{"taxonomy":"product_tag","embeddable":true,"href":"https:\/\/global-hookah.com\/de\/wp-json\/wp\/v2\/product_tag?post=10238"}],"curies":[{"name":"wp","href":"https:\/\/api.w.org\/{rel}","templated":true}]}}