{"id":10257,"date":"2023-01-24T04:34:08","date_gmt":"2023-01-24T04:34:08","guid":{"rendered":"https:\/\/global-hookah.com\/?post_type=product&#038;p=10257"},"modified":"2024-03-13T00:28:29","modified_gmt":"2024-03-13T00:28:29","slug":"zinc-alloy-herbal-hookah-shisha-with-pvc-hose","status":"publish","type":"product","link":"https:\/\/global-hookah.com\/de\/produkt\/zinc-alloy-herbal-hookah-shisha-with-pvc-hose\/","title":{"rendered":"Zink-Legierung Kr\u00e4uter Shisha mit Pvc Schlauch"},"content":{"rendered":"<p>Dies ist eine <strong>Zinklegierung Herbal Hookah Shisha<\/strong> mit einem sch\u00f6nen Aussehen. Sie ist aus einer massiven Zinklegierung gefertigt und verf\u00fcgt \u00fcber eine Glasschale und einen Stiel aus Edelstahl. Die <strong>Zinklegierung Herbal Hookah Shisha<\/strong> hat ein ergonomisches Design, das es sehr bequem zu halten und zu verwenden und mit silberner Farbe, die es sehr luxuri\u00f6s aussehen l\u00e4sst abgedeckt macht. Es besteht aus einem Kopf, einem K\u00f6rper und einem <a href=\"https:\/\/global-hookah.com\/product-category\/hookah-parts\/\">Schlauch<\/a>. Der Kopf enth\u00e4lt die Schale, in der der Tabak oder andere Substanzen verbrannt werden, und eine \u00d6ffnung, um den Rauch in den Mund zu ziehen.<\/p>\n<p>Sie k\u00f6nnen die feinsten Aromen einatmen mit diesem <strong>Kr\u00e4uter-Hookah-Shisha<\/strong>. Und unser <strong>Kr\u00e4uter-Wasserpfeife<\/strong> kann f\u00fcr eine Vielzahl von Kr\u00e4utern und Gew\u00fcrzen wie Tabak, Cannabis, Kief und mehr verwendet werden. Und es kommt mit einer Aufbewahrungstasche, die es bequem zu tragen macht. Sie k\u00f6nnen auch andere Dinge darin aufbewahren, wenn sie nicht in Gebrauch sind.<\/p>\n<p>Diese <strong>Kr\u00e4uter-Hookah\u00a0<\/strong>wurde entwickelt, um Ihnen das ultimative Raucherlebnis zu bieten, ohne dass Sie sich Gedanken \u00fcber sch\u00e4dliche Chemikalien oder Zusatzstoffe machen m\u00fcssen, die in traditionellen Shishas oder E-Zigaretten enthalten sein k\u00f6nnten. Es ist auch perfekt f\u00fcr diejenigen, die auf der Suche nach einer ges\u00fcnderen Tradition sind, da es keine sch\u00e4dlichen Chemikalien bei der Verwendung dieses Ger\u00e4ts gibt!<\/p>","protected":false},"excerpt":{"rendered":"<p>Dies ist eine Zink-Legierung Herbal Hookah Shisha mit einem sch\u00f6nen Aussehen. Sie ist aus einer soliden Zinklegierung gefertigt und<\/p>","protected":false},"featured_media":10263,"comment_status":"open","ping_status":"closed","template":"","meta":{"iawp_total_views":4,"_joinchat":[]},"product_brand":[],"product_cat":[415,560],"product_tag":[],"class_list":{"0":"post-10257","1":"product","2":"type-product","3":"status-publish","4":"has-post-thumbnail","6":"product_cat-accessories","7":"product_cat-glass-hookah-wholesale","9":"first","10":"instock","11":"sale","12":"shipping-taxable","13":"purchasable","14":"product-type-simple"},"yoast_head":"<!-- This site is optimized with the Yoast SEO Premium plugin v24.7 (Yoast SEO v26.8) - https:\/\/yoast.com\/product\/yoast-seo-premium-wordpress\/ -->\n<title>Zinc Alloy Herbal Hookah Shisha With Pvc Hose - Global Hookah<\/title>\n<meta name=\"robots\" content=\"index, follow, max-snippet:-1, max-image-preview:large, max-video-preview:-1\" \/>\n<link rel=\"canonical\" href=\"https:\/\/global-hookah.com\/de\/produkt\/zinc-alloy-herbal-hookah-shisha-with-pvc-hose\/\" \/>\n<meta property=\"og:locale\" content=\"de_DE\" \/>\n<meta property=\"og:type\" content=\"article\" \/>\n<meta property=\"og:title\" content=\"Zinc Alloy Herbal Hookah Shisha With Pvc Hose\" \/>\n<meta property=\"og:description\" content=\"This is a Zinc Alloy Herbal Hookah Shisha with a beautiful appearance. It is made of solid zinc alloy and\" \/>\n<meta property=\"og:url\" content=\"https:\/\/global-hookah.com\/de\/produkt\/zinc-alloy-herbal-hookah-shisha-with-pvc-hose\/\" \/>\n<meta property=\"og:site_name\" content=\"Global Hookah\" \/>\n<meta property=\"article:modified_time\" content=\"2024-03-13T00:28:29+00:00\" \/>\n<meta property=\"og:image\" content=\"https:\/\/global-hookah.com\/wp-content\/uploads\/2023\/01\/Main-07.jpg\" \/>\n\t<meta property=\"og:image:width\" content=\"1000\" \/>\n\t<meta property=\"og:image:height\" content=\"1000\" \/>\n\t<meta property=\"og:image:type\" content=\"image\/jpeg\" \/>\n<meta name=\"twitter:card\" content=\"summary_large_image\" \/>\n<meta name=\"twitter:label1\" content=\"Gesch\u00e4tzte Lesezeit\" \/>\n\t<meta name=\"twitter:data1\" content=\"1\u00a0Minute\" \/>\n<script type=\"application\/ld+json\" class=\"yoast-schema-graph\">{\"@context\":\"https:\/\/schema.org\",\"@graph\":[{\"@type\":\"WebPage\",\"@id\":\"https:\/\/global-hookah.com\/product\/zinc-alloy-herbal-hookah-shisha-with-pvc-hose\/\",\"url\":\"https:\/\/global-hookah.com\/product\/zinc-alloy-herbal-hookah-shisha-with-pvc-hose\/\",\"name\":\"Zinc Alloy Herbal Hookah Shisha With Pvc Hose - Global Hookah\",\"isPartOf\":{\"@id\":\"https:\/\/global-hookah.com\/#website\"},\"primaryImageOfPage\":{\"@id\":\"https:\/\/global-hookah.com\/product\/zinc-alloy-herbal-hookah-shisha-with-pvc-hose\/#primaryimage\"},\"image\":{\"@id\":\"https:\/\/global-hookah.com\/product\/zinc-alloy-herbal-hookah-shisha-with-pvc-hose\/#primaryimage\"},\"thumbnailUrl\":\"https:\/\/global-hookah.com\/wp-content\/uploads\/2023\/01\/Main-07.jpg\",\"datePublished\":\"2023-01-24T04:34:08+00:00\",\"dateModified\":\"2024-03-13T00:28:29+00:00\",\"breadcrumb\":{\"@id\":\"https:\/\/global-hookah.com\/product\/zinc-alloy-herbal-hookah-shisha-with-pvc-hose\/#breadcrumb\"},\"inLanguage\":\"de\",\"potentialAction\":[{\"@type\":\"ReadAction\",\"target\":[\"https:\/\/global-hookah.com\/product\/zinc-alloy-herbal-hookah-shisha-with-pvc-hose\/\"]}]},{\"@type\":\"ImageObject\",\"inLanguage\":\"de\",\"@id\":\"https:\/\/global-hookah.com\/product\/zinc-alloy-herbal-hookah-shisha-with-pvc-hose\/#primaryimage\",\"url\":\"https:\/\/global-hookah.com\/wp-content\/uploads\/2023\/01\/Main-07.jpg\",\"contentUrl\":\"https:\/\/global-hookah.com\/wp-content\/uploads\/2023\/01\/Main-07.jpg\",\"width\":1000,\"height\":1000,\"caption\":\"Herbal Hookah Shisha\"},{\"@type\":\"BreadcrumbList\",\"@id\":\"https:\/\/global-hookah.com\/product\/zinc-alloy-herbal-hookah-shisha-with-pvc-hose\/#breadcrumb\",\"itemListElement\":[{\"@type\":\"ListItem\",\"position\":1,\"name\":\"Home\",\"item\":\"https:\/\/global-hookah.com\/\"},{\"@type\":\"ListItem\",\"position\":2,\"name\":\"Shop\",\"item\":\"https:\/\/global-hookah.com\/shop\/\"},{\"@type\":\"ListItem\",\"position\":3,\"name\":\"Zinc Alloy Herbal Hookah Shisha With Pvc Hose\"}]},{\"@type\":\"WebSite\",\"@id\":\"https:\/\/global-hookah.com\/#website\",\"url\":\"https:\/\/global-hookah.com\/\",\"name\":\"Global Hookah\",\"description\":\"Global Hookah\",\"publisher\":{\"@id\":\"https:\/\/global-hookah.com\/#organization\"},\"potentialAction\":[{\"@type\":\"SearchAction\",\"target\":{\"@type\":\"EntryPoint\",\"urlTemplate\":\"https:\/\/global-hookah.com\/?s={search_term_string}\"},\"query-input\":{\"@type\":\"PropertyValueSpecification\",\"valueRequired\":true,\"valueName\":\"search_term_string\"}}],\"inLanguage\":\"de\"},{\"@type\":\"Organization\",\"@id\":\"https:\/\/global-hookah.com\/#organization\",\"name\":\"Global Hookah\",\"url\":\"https:\/\/global-hookah.com\/\",\"logo\":{\"@type\":\"ImageObject\",\"inLanguage\":\"de\",\"@id\":\"https:\/\/global-hookah.com\/#\/schema\/logo\/image\/\",\"url\":\"https:\/\/global-hookah.com\/wp-content\/uploads\/2021\/10\/cropped-fgg.png\",\"contentUrl\":\"https:\/\/global-hookah.com\/wp-content\/uploads\/2021\/10\/cropped-fgg.png\",\"width\":512,\"height\":512,\"caption\":\"Global Hookah\"},\"image\":{\"@id\":\"https:\/\/global-hookah.com\/#\/schema\/logo\/image\/\"}}]}<\/script>\n<!-- \/ Yoast SEO Premium plugin. -->","yoast_head_json":{"title":"Zink-Legierung Kr\u00e4uter Shisha mit Pvc Schlauch - Global Hookah","robots":{"index":"index","follow":"follow","max-snippet":"max-snippet:-1","max-image-preview":"max-image-preview:large","max-video-preview":"max-video-preview:-1"},"canonical":"https:\/\/global-hookah.com\/de\/produkt\/zinc-alloy-herbal-hookah-shisha-with-pvc-hose\/","og_locale":"de_DE","og_type":"article","og_title":"Zinc Alloy Herbal Hookah Shisha With Pvc Hose","og_description":"This is a Zinc Alloy Herbal Hookah Shisha with a beautiful appearance. It is made of solid zinc alloy and","og_url":"https:\/\/global-hookah.com\/de\/produkt\/zinc-alloy-herbal-hookah-shisha-with-pvc-hose\/","og_site_name":"Global Hookah","article_modified_time":"2024-03-13T00:28:29+00:00","og_image":[{"width":1000,"height":1000,"url":"https:\/\/global-hookah.com\/wp-content\/uploads\/2023\/01\/Main-07.jpg","type":"image\/jpeg"}],"twitter_card":"summary_large_image","twitter_misc":{"Gesch\u00e4tzte Lesezeit":"1\u00a0Minute"},"schema":{"@context":"https:\/\/schema.org","@graph":[{"@type":"WebPage","@id":"https:\/\/global-hookah.com\/product\/zinc-alloy-herbal-hookah-shisha-with-pvc-hose\/","url":"https:\/\/global-hookah.com\/product\/zinc-alloy-herbal-hookah-shisha-with-pvc-hose\/","name":"Zink-Legierung Kr\u00e4uter Shisha mit Pvc Schlauch - Global Hookah","isPartOf":{"@id":"https:\/\/global-hookah.com\/#website"},"primaryImageOfPage":{"@id":"https:\/\/global-hookah.com\/product\/zinc-alloy-herbal-hookah-shisha-with-pvc-hose\/#primaryimage"},"image":{"@id":"https:\/\/global-hookah.com\/product\/zinc-alloy-herbal-hookah-shisha-with-pvc-hose\/#primaryimage"},"thumbnailUrl":"https:\/\/global-hookah.com\/wp-content\/uploads\/2023\/01\/Main-07.jpg","datePublished":"2023-01-24T04:34:08+00:00","dateModified":"2024-03-13T00:28:29+00:00","breadcrumb":{"@id":"https:\/\/global-hookah.com\/product\/zinc-alloy-herbal-hookah-shisha-with-pvc-hose\/#breadcrumb"},"inLanguage":"de","potentialAction":[{"@type":"ReadAction","target":["https:\/\/global-hookah.com\/product\/zinc-alloy-herbal-hookah-shisha-with-pvc-hose\/"]}]},{"@type":"ImageObject","inLanguage":"de","@id":"https:\/\/global-hookah.com\/product\/zinc-alloy-herbal-hookah-shisha-with-pvc-hose\/#primaryimage","url":"https:\/\/global-hookah.com\/wp-content\/uploads\/2023\/01\/Main-07.jpg","contentUrl":"https:\/\/global-hookah.com\/wp-content\/uploads\/2023\/01\/Main-07.jpg","width":1000,"height":1000,"caption":"Herbal Hookah Shisha"},{"@type":"BreadcrumbList","@id":"https:\/\/global-hookah.com\/product\/zinc-alloy-herbal-hookah-shisha-with-pvc-hose\/#breadcrumb","itemListElement":[{"@type":"ListItem","position":1,"name":"Home","item":"https:\/\/global-hookah.com\/"},{"@type":"ListItem","position":2,"name":"Shop","item":"https:\/\/global-hookah.com\/shop\/"},{"@type":"ListItem","position":3,"name":"Zinc Alloy Herbal Hookah Shisha With Pvc Hose"}]},{"@type":"WebSite","@id":"https:\/\/global-hookah.com\/#website","url":"https:\/\/global-hookah.com\/","name":"Globale Wasserpfeife","description":"Globale Wasserpfeife","publisher":{"@id":"https:\/\/global-hookah.com\/#organization"},"potentialAction":[{"@type":"SearchAction","target":{"@type":"EntryPoint","urlTemplate":"https:\/\/global-hookah.com\/?s={search_term_string}"},"query-input":{"@type":"PropertyValueSpecification","valueRequired":true,"valueName":"search_term_string"}}],"inLanguage":"de"},{"@type":"Organization","@id":"https:\/\/global-hookah.com\/#organization","name":"Globale Wasserpfeife","url":"https:\/\/global-hookah.com\/","logo":{"@type":"ImageObject","inLanguage":"de","@id":"https:\/\/global-hookah.com\/#\/schema\/logo\/image\/","url":"https:\/\/global-hookah.com\/wp-content\/uploads\/2021\/10\/cropped-fgg.png","contentUrl":"https:\/\/global-hookah.com\/wp-content\/uploads\/2021\/10\/cropped-fgg.png","width":512,"height":512,"caption":"Global Hookah"},"image":{"@id":"https:\/\/global-hookah.com\/#\/schema\/logo\/image\/"}}]}},"_links":{"self":[{"href":"https:\/\/global-hookah.com\/de\/wp-json\/wp\/v2\/product\/10257","targetHints":{"allow":["GET"]}}],"collection":[{"href":"https:\/\/global-hookah.com\/de\/wp-json\/wp\/v2\/product"}],"about":[{"href":"https:\/\/global-hookah.com\/de\/wp-json\/wp\/v2\/types\/product"}],"replies":[{"embeddable":true,"href":"https:\/\/global-hookah.com\/de\/wp-json\/wp\/v2\/comments?post=10257"}],"version-history":[{"count":0,"href":"https:\/\/global-hookah.com\/de\/wp-json\/wp\/v2\/product\/10257\/revisions"}],"wp:featuredmedia":[{"embeddable":true,"href":"https:\/\/global-hookah.com\/de\/wp-json\/wp\/v2\/media\/10263"}],"wp:attachment":[{"href":"https:\/\/global-hookah.com\/de\/wp-json\/wp\/v2\/media?parent=10257"}],"wp:term":[{"taxonomy":"product_brand","embeddable":true,"href":"https:\/\/global-hookah.com\/de\/wp-json\/wp\/v2\/product_brand?post=10257"},{"taxonomy":"product_cat","embeddable":true,"href":"https:\/\/global-hookah.com\/de\/wp-json\/wp\/v2\/product_cat?post=10257"},{"taxonomy":"product_tag","embeddable":true,"href":"https:\/\/global-hookah.com\/de\/wp-json\/wp\/v2\/product_tag?post=10257"}],"curies":[{"name":"wp","href":"https:\/\/api.w.org\/{rel}","templated":true}]}}