{"id":10354,"date":"2023-02-02T07:07:43","date_gmt":"2023-02-02T07:07:43","guid":{"rendered":"https:\/\/global-hookah.com\/?post_type=product&#038;p=10354"},"modified":"2024-01-12T04:00:03","modified_gmt":"2024-01-12T04:00:03","slug":"small-modern-hookah-pipe","status":"publish","type":"product","link":"https:\/\/global-hookah.com\/de\/produkt\/small-modern-hookah-pipe\/","title":{"rendered":"Orange Kleine Modern Hookah Pfeife"},"content":{"rendered":"<p>Machen Sie sich bereit f\u00fcr die beste Wasserpfeifen-Session aller Zeiten mit unserem kompletten <strong>Kleines modernes Hookah-Pfeifen-Set<\/strong>! Dieses Set kommt komplett mit einem Shisha-Glas, Stiel, Tablett, T\u00fcllen, Keramik-Bowl, zwei Schl\u00e4uche und ein Holzkohle-Clipper, so dass Sie sofort mit dem Rauchen beginnen k\u00f6nnen.<\/p>\n<p>Sie k\u00f6nnen sicher sein, dass Sie die bestm\u00f6gliche Qualit\u00e4t erhalten, wenn Sie unsere <strong>Kleine moderne Hookah-Pfeife<\/strong> weil sie handgefertigt und aus hochwertigen Materialien hergestellt wurde. Das Ergebnis ist ein Rauchgef\u00fchl, das von keinem anderen Rauchger\u00e4t erreicht werden kann.<a href=\"https:\/\/global-hookah.com\/\"> andere Wasserpfeife<\/a> heute verf\u00fcgbar.<\/p>\n<p>Einer unserer <strong>kleine Wasserpfeifen<\/strong> ist, wie stark sie ist. Die Verwendung von bis zu drei Kohlen auf einmal sorgt f\u00fcr dickere Rauchwolken und ein robusteres Raucherlebnis.<\/p>\n<p>Da in diesem Set zwei Schl\u00e4uche enthalten sind, ist es ein Kinderspiel, Ihre Wasserpfeife mit Freunden zu teilen. Tabakrauchen ist eine soziale Aktivit\u00e4t und das Teilen eines Joints mit einem Freund ist die perfekte Begleitung f\u00fcr ein lustiges Beisammensein oder einen ruhigen Abend.<\/p>\n<p>Diese<strong> kleine Wasserpfeifen<\/strong> l\u00e4sst sich m\u00fchelos einrichten, sodass Sie sofort mit dem Spa\u00df beginnen k\u00f6nnen. Es ist leicht und kompakt, so dass Sie es \u00fcberallhin mitnehmen k\u00f6nnen. Dieses Wasserpfeifen-Set ist perfekt f\u00fcr einen Tag im Park, ein Picknick oder einen Campingausflug.<\/p>","protected":false},"excerpt":{"rendered":"<p>Mach dich bereit f\u00fcr die beste Wasserpfeifen-Session aller Zeiten mit unserem kompletten Small Modern Hookah Pipe Kit! Dieses Set kommt komplett<\/p>","protected":false},"featured_media":10358,"comment_status":"open","ping_status":"closed","template":"","meta":{"iawp_total_views":6,"_joinchat":[]},"product_brand":[],"product_cat":[415,560],"product_tag":[],"class_list":{"0":"post-10354","1":"product","2":"type-product","3":"status-publish","4":"has-post-thumbnail","6":"product_cat-accessories","7":"product_cat-glass-hookah-wholesale","9":"first","10":"instock","11":"sale","12":"shipping-taxable","13":"purchasable","14":"product-type-simple"},"yoast_head":"<!-- This site is optimized with the Yoast SEO Premium plugin v24.7 (Yoast SEO v26.8) - https:\/\/yoast.com\/product\/yoast-seo-premium-wordpress\/ -->\n<title>Orange Small Modern Hookah Pipe - Global Hookah<\/title>\n<meta name=\"robots\" content=\"index, follow, max-snippet:-1, max-image-preview:large, max-video-preview:-1\" \/>\n<link rel=\"canonical\" href=\"https:\/\/global-hookah.com\/de\/produkt\/small-modern-hookah-pipe\/\" \/>\n<meta property=\"og:locale\" content=\"de_DE\" \/>\n<meta property=\"og:type\" content=\"article\" \/>\n<meta property=\"og:title\" content=\"Orange Small Modern Hookah Pipe\" \/>\n<meta property=\"og:description\" content=\"Get ready for the best hookah session ever with our complete Small Modern Hookah Pipe kit! This set comes complete\" \/>\n<meta property=\"og:url\" content=\"https:\/\/global-hookah.com\/de\/produkt\/small-modern-hookah-pipe\/\" \/>\n<meta property=\"og:site_name\" content=\"Global Hookah\" \/>\n<meta property=\"article:modified_time\" content=\"2024-01-12T04:00:03+00:00\" \/>\n<meta property=\"og:image\" content=\"https:\/\/global-hookah.com\/wp-content\/uploads\/2023\/02\/43d495ecab4dc1953647deb39212941.jpg\" \/>\n\t<meta property=\"og:image:width\" content=\"800\" \/>\n\t<meta property=\"og:image:height\" content=\"800\" \/>\n\t<meta property=\"og:image:type\" content=\"image\/jpeg\" \/>\n<meta name=\"twitter:card\" content=\"summary_large_image\" \/>\n<meta name=\"twitter:label1\" content=\"Gesch\u00e4tzte Lesezeit\" \/>\n\t<meta name=\"twitter:data1\" content=\"1\u00a0Minute\" \/>\n<script type=\"application\/ld+json\" class=\"yoast-schema-graph\">{\"@context\":\"https:\/\/schema.org\",\"@graph\":[{\"@type\":\"WebPage\",\"@id\":\"https:\/\/global-hookah.com\/product\/small-modern-hookah-pipe\/\",\"url\":\"https:\/\/global-hookah.com\/product\/small-modern-hookah-pipe\/\",\"name\":\"Orange Small Modern Hookah Pipe - Global Hookah\",\"isPartOf\":{\"@id\":\"https:\/\/global-hookah.com\/#website\"},\"primaryImageOfPage\":{\"@id\":\"https:\/\/global-hookah.com\/product\/small-modern-hookah-pipe\/#primaryimage\"},\"image\":{\"@id\":\"https:\/\/global-hookah.com\/product\/small-modern-hookah-pipe\/#primaryimage\"},\"thumbnailUrl\":\"https:\/\/global-hookah.com\/wp-content\/uploads\/2023\/02\/43d495ecab4dc1953647deb39212941.jpg\",\"datePublished\":\"2023-02-02T07:07:43+00:00\",\"dateModified\":\"2024-01-12T04:00:03+00:00\",\"breadcrumb\":{\"@id\":\"https:\/\/global-hookah.com\/product\/small-modern-hookah-pipe\/#breadcrumb\"},\"inLanguage\":\"de\",\"potentialAction\":[{\"@type\":\"ReadAction\",\"target\":[\"https:\/\/global-hookah.com\/product\/small-modern-hookah-pipe\/\"]}]},{\"@type\":\"ImageObject\",\"inLanguage\":\"de\",\"@id\":\"https:\/\/global-hookah.com\/product\/small-modern-hookah-pipe\/#primaryimage\",\"url\":\"https:\/\/global-hookah.com\/wp-content\/uploads\/2023\/02\/43d495ecab4dc1953647deb39212941.jpg\",\"contentUrl\":\"https:\/\/global-hookah.com\/wp-content\/uploads\/2023\/02\/43d495ecab4dc1953647deb39212941.jpg\",\"width\":800,\"height\":800,\"caption\":\"Small Modern Hookah Pipe\"},{\"@type\":\"BreadcrumbList\",\"@id\":\"https:\/\/global-hookah.com\/product\/small-modern-hookah-pipe\/#breadcrumb\",\"itemListElement\":[{\"@type\":\"ListItem\",\"position\":1,\"name\":\"Home\",\"item\":\"https:\/\/global-hookah.com\/\"},{\"@type\":\"ListItem\",\"position\":2,\"name\":\"Shop\",\"item\":\"https:\/\/global-hookah.com\/shop\/\"},{\"@type\":\"ListItem\",\"position\":3,\"name\":\"Orange Small Modern Hookah Pipe\"}]},{\"@type\":\"WebSite\",\"@id\":\"https:\/\/global-hookah.com\/#website\",\"url\":\"https:\/\/global-hookah.com\/\",\"name\":\"Global Hookah\",\"description\":\"Global Hookah\",\"publisher\":{\"@id\":\"https:\/\/global-hookah.com\/#organization\"},\"potentialAction\":[{\"@type\":\"SearchAction\",\"target\":{\"@type\":\"EntryPoint\",\"urlTemplate\":\"https:\/\/global-hookah.com\/?s={search_term_string}\"},\"query-input\":{\"@type\":\"PropertyValueSpecification\",\"valueRequired\":true,\"valueName\":\"search_term_string\"}}],\"inLanguage\":\"de\"},{\"@type\":\"Organization\",\"@id\":\"https:\/\/global-hookah.com\/#organization\",\"name\":\"Global Hookah\",\"url\":\"https:\/\/global-hookah.com\/\",\"logo\":{\"@type\":\"ImageObject\",\"inLanguage\":\"de\",\"@id\":\"https:\/\/global-hookah.com\/#\/schema\/logo\/image\/\",\"url\":\"https:\/\/global-hookah.com\/wp-content\/uploads\/2021\/10\/cropped-fgg.png\",\"contentUrl\":\"https:\/\/global-hookah.com\/wp-content\/uploads\/2021\/10\/cropped-fgg.png\",\"width\":512,\"height\":512,\"caption\":\"Global Hookah\"},\"image\":{\"@id\":\"https:\/\/global-hookah.com\/#\/schema\/logo\/image\/\"}}]}<\/script>\n<!-- \/ Yoast SEO Premium plugin. -->","yoast_head_json":{"title":"Orange Kleine Moderne Wasserpfeife - Global Hookah","robots":{"index":"index","follow":"follow","max-snippet":"max-snippet:-1","max-image-preview":"max-image-preview:large","max-video-preview":"max-video-preview:-1"},"canonical":"https:\/\/global-hookah.com\/de\/produkt\/small-modern-hookah-pipe\/","og_locale":"de_DE","og_type":"article","og_title":"Orange Small Modern Hookah Pipe","og_description":"Get ready for the best hookah session ever with our complete Small Modern Hookah Pipe kit! This set comes complete","og_url":"https:\/\/global-hookah.com\/de\/produkt\/small-modern-hookah-pipe\/","og_site_name":"Global Hookah","article_modified_time":"2024-01-12T04:00:03+00:00","og_image":[{"width":800,"height":800,"url":"https:\/\/global-hookah.com\/wp-content\/uploads\/2023\/02\/43d495ecab4dc1953647deb39212941.jpg","type":"image\/jpeg"}],"twitter_card":"summary_large_image","twitter_misc":{"Gesch\u00e4tzte Lesezeit":"1\u00a0Minute"},"schema":{"@context":"https:\/\/schema.org","@graph":[{"@type":"WebPage","@id":"https:\/\/global-hookah.com\/product\/small-modern-hookah-pipe\/","url":"https:\/\/global-hookah.com\/product\/small-modern-hookah-pipe\/","name":"Orange Kleine Moderne Wasserpfeife - Global Hookah","isPartOf":{"@id":"https:\/\/global-hookah.com\/#website"},"primaryImageOfPage":{"@id":"https:\/\/global-hookah.com\/product\/small-modern-hookah-pipe\/#primaryimage"},"image":{"@id":"https:\/\/global-hookah.com\/product\/small-modern-hookah-pipe\/#primaryimage"},"thumbnailUrl":"https:\/\/global-hookah.com\/wp-content\/uploads\/2023\/02\/43d495ecab4dc1953647deb39212941.jpg","datePublished":"2023-02-02T07:07:43+00:00","dateModified":"2024-01-12T04:00:03+00:00","breadcrumb":{"@id":"https:\/\/global-hookah.com\/product\/small-modern-hookah-pipe\/#breadcrumb"},"inLanguage":"de","potentialAction":[{"@type":"ReadAction","target":["https:\/\/global-hookah.com\/product\/small-modern-hookah-pipe\/"]}]},{"@type":"ImageObject","inLanguage":"de","@id":"https:\/\/global-hookah.com\/product\/small-modern-hookah-pipe\/#primaryimage","url":"https:\/\/global-hookah.com\/wp-content\/uploads\/2023\/02\/43d495ecab4dc1953647deb39212941.jpg","contentUrl":"https:\/\/global-hookah.com\/wp-content\/uploads\/2023\/02\/43d495ecab4dc1953647deb39212941.jpg","width":800,"height":800,"caption":"Small Modern Hookah Pipe"},{"@type":"BreadcrumbList","@id":"https:\/\/global-hookah.com\/product\/small-modern-hookah-pipe\/#breadcrumb","itemListElement":[{"@type":"ListItem","position":1,"name":"Home","item":"https:\/\/global-hookah.com\/"},{"@type":"ListItem","position":2,"name":"Shop","item":"https:\/\/global-hookah.com\/shop\/"},{"@type":"ListItem","position":3,"name":"Orange Small Modern Hookah Pipe"}]},{"@type":"WebSite","@id":"https:\/\/global-hookah.com\/#website","url":"https:\/\/global-hookah.com\/","name":"Globale Wasserpfeife","description":"Globale Wasserpfeife","publisher":{"@id":"https:\/\/global-hookah.com\/#organization"},"potentialAction":[{"@type":"SearchAction","target":{"@type":"EntryPoint","urlTemplate":"https:\/\/global-hookah.com\/?s={search_term_string}"},"query-input":{"@type":"PropertyValueSpecification","valueRequired":true,"valueName":"search_term_string"}}],"inLanguage":"de"},{"@type":"Organization","@id":"https:\/\/global-hookah.com\/#organization","name":"Globale Wasserpfeife","url":"https:\/\/global-hookah.com\/","logo":{"@type":"ImageObject","inLanguage":"de","@id":"https:\/\/global-hookah.com\/#\/schema\/logo\/image\/","url":"https:\/\/global-hookah.com\/wp-content\/uploads\/2021\/10\/cropped-fgg.png","contentUrl":"https:\/\/global-hookah.com\/wp-content\/uploads\/2021\/10\/cropped-fgg.png","width":512,"height":512,"caption":"Global Hookah"},"image":{"@id":"https:\/\/global-hookah.com\/#\/schema\/logo\/image\/"}}]}},"_links":{"self":[{"href":"https:\/\/global-hookah.com\/de\/wp-json\/wp\/v2\/product\/10354","targetHints":{"allow":["GET"]}}],"collection":[{"href":"https:\/\/global-hookah.com\/de\/wp-json\/wp\/v2\/product"}],"about":[{"href":"https:\/\/global-hookah.com\/de\/wp-json\/wp\/v2\/types\/product"}],"replies":[{"embeddable":true,"href":"https:\/\/global-hookah.com\/de\/wp-json\/wp\/v2\/comments?post=10354"}],"version-history":[{"count":0,"href":"https:\/\/global-hookah.com\/de\/wp-json\/wp\/v2\/product\/10354\/revisions"}],"wp:featuredmedia":[{"embeddable":true,"href":"https:\/\/global-hookah.com\/de\/wp-json\/wp\/v2\/media\/10358"}],"wp:attachment":[{"href":"https:\/\/global-hookah.com\/de\/wp-json\/wp\/v2\/media?parent=10354"}],"wp:term":[{"taxonomy":"product_brand","embeddable":true,"href":"https:\/\/global-hookah.com\/de\/wp-json\/wp\/v2\/product_brand?post=10354"},{"taxonomy":"product_cat","embeddable":true,"href":"https:\/\/global-hookah.com\/de\/wp-json\/wp\/v2\/product_cat?post=10354"},{"taxonomy":"product_tag","embeddable":true,"href":"https:\/\/global-hookah.com\/de\/wp-json\/wp\/v2\/product_tag?post=10354"}],"curies":[{"name":"wp","href":"https:\/\/api.w.org\/{rel}","templated":true}]}}