{"id":10398,"date":"2023-02-03T10:26:39","date_gmt":"2023-02-03T10:26:39","guid":{"rendered":"https:\/\/global-hookah.com\/?post_type=product&#038;p=10398"},"modified":"2023-03-08T13:53:59","modified_gmt":"2023-03-08T13:53:59","slug":"double-hookah-pipe-in-the-shape-of-the-eiffel-tower","status":"publish","type":"product","link":"https:\/\/global-hookah.com\/de\/produkt\/double-hookah-pipe-in-the-shape-of-the-eiffel-tower\/","title":{"rendered":"Doppelte Wasserpfeife in Form des Eiffelturms"},"content":{"rendered":"<p>diese <strong>Doppelte Hookah-Pfeife<\/strong> in Form des Eiffelturms ist nicht nur praktisch, sondern auch eine wundersch\u00f6ne Erg\u00e4nzung f\u00fcr jeden Raum. Die einzigartige Farbpalette des Designs verbessert das Aussehen jedes Raumes. Sie k\u00f6nnen es einpacken und auf Ihren n\u00e4chsten Familienausflug mitnehmen.<\/p>\n<p>Diese<strong> Doppelte Hookah-Pfeife<\/strong> verf\u00fcgt \u00fcber ein eingebautes Sicherheitssystem, das es Ihnen erm\u00f6glicht, sich beim Rauchen zu entspannen, ohne Angst zu haben, sich die Finger zu verbrennen. Neben den gesundheitlichen Vorteilen kann es auch zur Zahnaufhellung beitragen.<\/p>\n<p>Diese <strong>Wasserpfeifentopf Doppelrohr<\/strong> ist mit zwei Schl\u00e4uchen ausgestattet und eignet sich daher f\u00fcr den Einsatz in verschiedenen Situationen, z. B. in Privathaushalten, \u00f6ffentlichen Einrichtungen und gehobenen Hotels und Resorts. Das wird n\u00fctzlich sein, wenn Ihre Freunde zum Spielen vorbeikommen!<\/p>\n<p>Die Temperatur unserer verbesserten Doppel-Wasserpfeife kann leicht ver\u00e4ndert werden. Wenn der Schlot steif wird, reicht es aus, ihn zu \u00f6ffnen und zu schlie\u00dfen, damit mehr W\u00e4rme an die Wasserpfeife abgegeben wird. So haben Sie ein gleichbleibendes, angenehmes Erlebnis beim Anz\u00fcnden.<\/p>\n<p>Diese <strong>Doppelschlauch-Wasserpfeife<\/strong> Diese Wasserpfeife in der Form des Eiffelturms ist sowohl optisch sch\u00f6n als auch funktionell hervorragend und damit die perfekte Wahl f\u00fcr alle, die stilvoll rauchen m\u00f6chten. Aufgrund ihres atemberaubenden Aussehens, der eingebauten Sicherheitsvorkehrungen und des einfachen Temperaturmanagements wird diese Wasserpfeife sicher ein Erfolg bei den Rauchern sein.<\/p>","protected":false},"excerpt":{"rendered":"<p>diese doppelte Wasserpfeife in Form des Eiffelturms ist nicht nur praktisch, sondern auch eine wundersch\u00f6ne Erg\u00e4nzung<\/p>","protected":false},"featured_media":10402,"comment_status":"open","ping_status":"closed","template":"","meta":{"iawp_total_views":3,"_joinchat":[]},"product_brand":[],"product_cat":[415],"product_tag":[],"class_list":{"0":"post-10398","1":"product","2":"type-product","3":"status-publish","4":"has-post-thumbnail","6":"product_cat-accessories","8":"first","9":"instock","10":"shipping-taxable","11":"purchasable","12":"product-type-simple"},"yoast_head":"<!-- This site is optimized with the Yoast SEO Premium plugin v24.7 (Yoast SEO v26.8) - https:\/\/yoast.com\/product\/yoast-seo-premium-wordpress\/ -->\n<title>Double Hookah Pipe In The Shape Of The Eiffel Tower - Global Hookah<\/title>\n<meta name=\"robots\" content=\"index, follow, max-snippet:-1, max-image-preview:large, max-video-preview:-1\" \/>\n<link rel=\"canonical\" href=\"https:\/\/global-hookah.com\/de\/produkt\/double-hookah-pipe-in-the-shape-of-the-eiffel-tower\/\" \/>\n<meta property=\"og:locale\" content=\"de_DE\" \/>\n<meta property=\"og:type\" content=\"article\" \/>\n<meta property=\"og:title\" content=\"Double Hookah Pipe In The Shape Of The Eiffel Tower\" \/>\n<meta property=\"og:description\" content=\"this Double Hookah Pipe in the Shape of the Eiffel Tower is not only utilitarian, but also a gorgeous addition\" \/>\n<meta property=\"og:url\" content=\"https:\/\/global-hookah.com\/de\/produkt\/double-hookah-pipe-in-the-shape-of-the-eiffel-tower\/\" \/>\n<meta property=\"og:site_name\" content=\"Global Hookah\" \/>\n<meta property=\"article:modified_time\" content=\"2023-03-08T13:53:59+00:00\" \/>\n<meta property=\"og:image\" content=\"https:\/\/global-hookah.com\/wp-content\/uploads\/2023\/02\/b84aa25b046ba9d7eb487403e372e5e.jpg\" \/>\n\t<meta property=\"og:image:width\" content=\"1000\" \/>\n\t<meta property=\"og:image:height\" content=\"1000\" \/>\n\t<meta property=\"og:image:type\" content=\"image\/jpeg\" \/>\n<meta name=\"twitter:card\" content=\"summary_large_image\" \/>\n<meta name=\"twitter:label1\" content=\"Gesch\u00e4tzte Lesezeit\" \/>\n\t<meta name=\"twitter:data1\" content=\"1\u00a0Minute\" \/>\n<script type=\"application\/ld+json\" class=\"yoast-schema-graph\">{\"@context\":\"https:\/\/schema.org\",\"@graph\":[{\"@type\":\"WebPage\",\"@id\":\"https:\/\/global-hookah.com\/product\/double-hookah-pipe-in-the-shape-of-the-eiffel-tower\/\",\"url\":\"https:\/\/global-hookah.com\/product\/double-hookah-pipe-in-the-shape-of-the-eiffel-tower\/\",\"name\":\"Double Hookah Pipe In The Shape Of The Eiffel Tower - Global Hookah\",\"isPartOf\":{\"@id\":\"https:\/\/global-hookah.com\/#website\"},\"primaryImageOfPage\":{\"@id\":\"https:\/\/global-hookah.com\/product\/double-hookah-pipe-in-the-shape-of-the-eiffel-tower\/#primaryimage\"},\"image\":{\"@id\":\"https:\/\/global-hookah.com\/product\/double-hookah-pipe-in-the-shape-of-the-eiffel-tower\/#primaryimage\"},\"thumbnailUrl\":\"https:\/\/global-hookah.com\/wp-content\/uploads\/2023\/02\/b84aa25b046ba9d7eb487403e372e5e.jpg\",\"datePublished\":\"2023-02-03T10:26:39+00:00\",\"dateModified\":\"2023-03-08T13:53:59+00:00\",\"breadcrumb\":{\"@id\":\"https:\/\/global-hookah.com\/product\/double-hookah-pipe-in-the-shape-of-the-eiffel-tower\/#breadcrumb\"},\"inLanguage\":\"de\",\"potentialAction\":[{\"@type\":\"ReadAction\",\"target\":[\"https:\/\/global-hookah.com\/product\/double-hookah-pipe-in-the-shape-of-the-eiffel-tower\/\"]}]},{\"@type\":\"ImageObject\",\"inLanguage\":\"de\",\"@id\":\"https:\/\/global-hookah.com\/product\/double-hookah-pipe-in-the-shape-of-the-eiffel-tower\/#primaryimage\",\"url\":\"https:\/\/global-hookah.com\/wp-content\/uploads\/2023\/02\/b84aa25b046ba9d7eb487403e372e5e.jpg\",\"contentUrl\":\"https:\/\/global-hookah.com\/wp-content\/uploads\/2023\/02\/b84aa25b046ba9d7eb487403e372e5e.jpg\",\"width\":1000,\"height\":1000,\"caption\":\"Double Hookah Pipe In The Shape Of The Eiffel Tower\"},{\"@type\":\"BreadcrumbList\",\"@id\":\"https:\/\/global-hookah.com\/product\/double-hookah-pipe-in-the-shape-of-the-eiffel-tower\/#breadcrumb\",\"itemListElement\":[{\"@type\":\"ListItem\",\"position\":1,\"name\":\"Home\",\"item\":\"https:\/\/global-hookah.com\/\"},{\"@type\":\"ListItem\",\"position\":2,\"name\":\"Shop\",\"item\":\"https:\/\/global-hookah.com\/shop\/\"},{\"@type\":\"ListItem\",\"position\":3,\"name\":\"Double Hookah Pipe In The Shape Of The Eiffel Tower\"}]},{\"@type\":\"WebSite\",\"@id\":\"https:\/\/global-hookah.com\/#website\",\"url\":\"https:\/\/global-hookah.com\/\",\"name\":\"Global Hookah\",\"description\":\"Global Hookah\",\"publisher\":{\"@id\":\"https:\/\/global-hookah.com\/#organization\"},\"potentialAction\":[{\"@type\":\"SearchAction\",\"target\":{\"@type\":\"EntryPoint\",\"urlTemplate\":\"https:\/\/global-hookah.com\/?s={search_term_string}\"},\"query-input\":{\"@type\":\"PropertyValueSpecification\",\"valueRequired\":true,\"valueName\":\"search_term_string\"}}],\"inLanguage\":\"de\"},{\"@type\":\"Organization\",\"@id\":\"https:\/\/global-hookah.com\/#organization\",\"name\":\"Global Hookah\",\"url\":\"https:\/\/global-hookah.com\/\",\"logo\":{\"@type\":\"ImageObject\",\"inLanguage\":\"de\",\"@id\":\"https:\/\/global-hookah.com\/#\/schema\/logo\/image\/\",\"url\":\"https:\/\/global-hookah.com\/wp-content\/uploads\/2021\/10\/cropped-fgg.png\",\"contentUrl\":\"https:\/\/global-hookah.com\/wp-content\/uploads\/2021\/10\/cropped-fgg.png\",\"width\":512,\"height\":512,\"caption\":\"Global Hookah\"},\"image\":{\"@id\":\"https:\/\/global-hookah.com\/#\/schema\/logo\/image\/\"}}]}<\/script>\n<!-- \/ Yoast SEO Premium plugin. -->","yoast_head_json":{"title":"Doppelte Wasserpfeife in Form des Eiffelturms - Global Hookah","robots":{"index":"index","follow":"follow","max-snippet":"max-snippet:-1","max-image-preview":"max-image-preview:large","max-video-preview":"max-video-preview:-1"},"canonical":"https:\/\/global-hookah.com\/de\/produkt\/double-hookah-pipe-in-the-shape-of-the-eiffel-tower\/","og_locale":"de_DE","og_type":"article","og_title":"Double Hookah Pipe In The Shape Of The Eiffel Tower","og_description":"this Double Hookah Pipe in the Shape of the Eiffel Tower is not only utilitarian, but also a gorgeous addition","og_url":"https:\/\/global-hookah.com\/de\/produkt\/double-hookah-pipe-in-the-shape-of-the-eiffel-tower\/","og_site_name":"Global Hookah","article_modified_time":"2023-03-08T13:53:59+00:00","og_image":[{"width":1000,"height":1000,"url":"https:\/\/global-hookah.com\/wp-content\/uploads\/2023\/02\/b84aa25b046ba9d7eb487403e372e5e.jpg","type":"image\/jpeg"}],"twitter_card":"summary_large_image","twitter_misc":{"Gesch\u00e4tzte Lesezeit":"1\u00a0Minute"},"schema":{"@context":"https:\/\/schema.org","@graph":[{"@type":"WebPage","@id":"https:\/\/global-hookah.com\/product\/double-hookah-pipe-in-the-shape-of-the-eiffel-tower\/","url":"https:\/\/global-hookah.com\/product\/double-hookah-pipe-in-the-shape-of-the-eiffel-tower\/","name":"Doppelte Wasserpfeife in Form des Eiffelturms - Global Hookah","isPartOf":{"@id":"https:\/\/global-hookah.com\/#website"},"primaryImageOfPage":{"@id":"https:\/\/global-hookah.com\/product\/double-hookah-pipe-in-the-shape-of-the-eiffel-tower\/#primaryimage"},"image":{"@id":"https:\/\/global-hookah.com\/product\/double-hookah-pipe-in-the-shape-of-the-eiffel-tower\/#primaryimage"},"thumbnailUrl":"https:\/\/global-hookah.com\/wp-content\/uploads\/2023\/02\/b84aa25b046ba9d7eb487403e372e5e.jpg","datePublished":"2023-02-03T10:26:39+00:00","dateModified":"2023-03-08T13:53:59+00:00","breadcrumb":{"@id":"https:\/\/global-hookah.com\/product\/double-hookah-pipe-in-the-shape-of-the-eiffel-tower\/#breadcrumb"},"inLanguage":"de","potentialAction":[{"@type":"ReadAction","target":["https:\/\/global-hookah.com\/product\/double-hookah-pipe-in-the-shape-of-the-eiffel-tower\/"]}]},{"@type":"ImageObject","inLanguage":"de","@id":"https:\/\/global-hookah.com\/product\/double-hookah-pipe-in-the-shape-of-the-eiffel-tower\/#primaryimage","url":"https:\/\/global-hookah.com\/wp-content\/uploads\/2023\/02\/b84aa25b046ba9d7eb487403e372e5e.jpg","contentUrl":"https:\/\/global-hookah.com\/wp-content\/uploads\/2023\/02\/b84aa25b046ba9d7eb487403e372e5e.jpg","width":1000,"height":1000,"caption":"Double Hookah Pipe In The Shape Of The Eiffel Tower"},{"@type":"BreadcrumbList","@id":"https:\/\/global-hookah.com\/product\/double-hookah-pipe-in-the-shape-of-the-eiffel-tower\/#breadcrumb","itemListElement":[{"@type":"ListItem","position":1,"name":"Home","item":"https:\/\/global-hookah.com\/"},{"@type":"ListItem","position":2,"name":"Shop","item":"https:\/\/global-hookah.com\/shop\/"},{"@type":"ListItem","position":3,"name":"Double Hookah Pipe In The Shape Of The Eiffel Tower"}]},{"@type":"WebSite","@id":"https:\/\/global-hookah.com\/#website","url":"https:\/\/global-hookah.com\/","name":"Globale Wasserpfeife","description":"Globale Wasserpfeife","publisher":{"@id":"https:\/\/global-hookah.com\/#organization"},"potentialAction":[{"@type":"SearchAction","target":{"@type":"EntryPoint","urlTemplate":"https:\/\/global-hookah.com\/?s={search_term_string}"},"query-input":{"@type":"PropertyValueSpecification","valueRequired":true,"valueName":"search_term_string"}}],"inLanguage":"de"},{"@type":"Organization","@id":"https:\/\/global-hookah.com\/#organization","name":"Globale Wasserpfeife","url":"https:\/\/global-hookah.com\/","logo":{"@type":"ImageObject","inLanguage":"de","@id":"https:\/\/global-hookah.com\/#\/schema\/logo\/image\/","url":"https:\/\/global-hookah.com\/wp-content\/uploads\/2021\/10\/cropped-fgg.png","contentUrl":"https:\/\/global-hookah.com\/wp-content\/uploads\/2021\/10\/cropped-fgg.png","width":512,"height":512,"caption":"Global Hookah"},"image":{"@id":"https:\/\/global-hookah.com\/#\/schema\/logo\/image\/"}}]}},"_links":{"self":[{"href":"https:\/\/global-hookah.com\/de\/wp-json\/wp\/v2\/product\/10398","targetHints":{"allow":["GET"]}}],"collection":[{"href":"https:\/\/global-hookah.com\/de\/wp-json\/wp\/v2\/product"}],"about":[{"href":"https:\/\/global-hookah.com\/de\/wp-json\/wp\/v2\/types\/product"}],"replies":[{"embeddable":true,"href":"https:\/\/global-hookah.com\/de\/wp-json\/wp\/v2\/comments?post=10398"}],"version-history":[{"count":0,"href":"https:\/\/global-hookah.com\/de\/wp-json\/wp\/v2\/product\/10398\/revisions"}],"wp:featuredmedia":[{"embeddable":true,"href":"https:\/\/global-hookah.com\/de\/wp-json\/wp\/v2\/media\/10402"}],"wp:attachment":[{"href":"https:\/\/global-hookah.com\/de\/wp-json\/wp\/v2\/media?parent=10398"}],"wp:term":[{"taxonomy":"product_brand","embeddable":true,"href":"https:\/\/global-hookah.com\/de\/wp-json\/wp\/v2\/product_brand?post=10398"},{"taxonomy":"product_cat","embeddable":true,"href":"https:\/\/global-hookah.com\/de\/wp-json\/wp\/v2\/product_cat?post=10398"},{"taxonomy":"product_tag","embeddable":true,"href":"https:\/\/global-hookah.com\/de\/wp-json\/wp\/v2\/product_tag?post=10398"}],"curies":[{"name":"wp","href":"https:\/\/api.w.org\/{rel}","templated":true}]}}