{"id":10422,"date":"2023-02-08T12:07:44","date_gmt":"2023-02-08T12:07:44","guid":{"rendered":"https:\/\/global-hookah.com\/?post_type=product&#038;p=10422"},"modified":"2024-01-12T04:00:02","modified_gmt":"2024-01-12T04:00:02","slug":"metal-large-egyptian-hookah-pipe","status":"publish","type":"product","link":"https:\/\/global-hookah.com\/de\/produkt\/metal-large-egyptian-hookah-pipe\/","title":{"rendered":"Gro\u00dfe \u00e4gyptische Hookah-Pfeife aus Metall"},"content":{"rendered":"<p>Wenn Sie auf der Suche nach dem bestm\u00f6glichen Raucherlebnis sind, sind Sie hier genau richtig <strong>Gro\u00dfe \u00e4gyptische Hookah-Pfeife aus Metall<\/strong>. Diese Wasserpfeife wurde in Handarbeit aus den hochwertigsten Materialien hergestellt, darunter Glockenmetall, Edelstahl und Glas, um ein luxuri\u00f6ses und angenehmes Raucherlebnis zu bieten.<\/p>\n<p>Diese <strong>gro\u00dfe Wasserpfeife<\/strong> ist die <a href=\"https:\/\/global-hookah.com\/product-category\/hookahs\/\">Ultimatives All-in-One Wasserpfeifen-Set<\/a>mit einem Sockel, einer Kugel, einem Tablett, einem nicht abwaschbaren Schlauch, \u00d6sen und einem Deckel. Das Fundament ist f\u00fcr die Ewigkeit gebaut, damit Ihr <strong>Gro\u00dfe \u00e4gyptische Hookah-Pfeife aus Metall<\/strong> f\u00e4llt nicht um, wenn Sie Ihren Rauch genie\u00dfen. Die glatten, m\u00fchelosen Z\u00fcge, die durch die Form der Kugel erm\u00f6glicht werden, machen das Rauchen jedes Mal zu einem Vergn\u00fcgen.<\/p>\n<p>Das ger\u00e4umige Design des Tabletts erm\u00f6glicht l\u00e4ngere Shisha-Sitzungen, ohne dass regelm\u00e4\u00dfig nachgef\u00fcllt werden muss. Der nicht abwaschbare Schlauch sorgt f\u00fcr eine feste Verbindung zwischen dem <strong>gro\u00dfe \u00e4gyptische Wasserpfeife<\/strong> und die \u00d6sen f\u00fcr ein angenehmes Raucherlebnis. Der Deckel ist so konzipiert, dass er schnell und einfach gereinigt und gewartet werden kann, damit Ihre Wasserpfeife immer wie neu aussieht und funktioniert.<\/p>","protected":false},"excerpt":{"rendered":"<p>Wenn Sie auf der Suche nach dem bestm\u00f6glichen Raucherlebnis sind, dann ist diese gro\u00dfe \u00e4gyptische Hookah-Pfeife aus Metall genau das Richtige f\u00fcr Sie. Diese<\/p>","protected":false},"featured_media":10424,"comment_status":"open","ping_status":"closed","template":"","meta":{"iawp_total_views":17,"_joinchat":[]},"product_brand":[],"product_cat":[415,560],"product_tag":[],"class_list":{"0":"post-10422","1":"product","2":"type-product","3":"status-publish","4":"has-post-thumbnail","6":"product_cat-accessories","7":"product_cat-glass-hookah-wholesale","9":"first","10":"instock","11":"shipping-taxable","12":"product-type-simple"},"yoast_head":"<!-- This site is optimized with the Yoast SEO Premium plugin v24.7 (Yoast SEO v26.8) - https:\/\/yoast.com\/product\/yoast-seo-premium-wordpress\/ -->\n<title>Metal Large Egyptian Hookah Pipe - Global Hookah<\/title>\n<meta name=\"robots\" content=\"index, follow, max-snippet:-1, max-image-preview:large, max-video-preview:-1\" \/>\n<link rel=\"canonical\" href=\"https:\/\/global-hookah.com\/de\/produkt\/metal-large-egyptian-hookah-pipe\/\" \/>\n<meta property=\"og:locale\" content=\"de_DE\" \/>\n<meta property=\"og:type\" content=\"article\" \/>\n<meta property=\"og:title\" content=\"Metal Large Egyptian Hookah Pipe\" \/>\n<meta property=\"og:description\" content=\"If you&#8217;re looking for the best smoking experience possible, go no further than this Metal Large Egyptian Hookah Pipe. This\" \/>\n<meta property=\"og:url\" content=\"https:\/\/global-hookah.com\/de\/produkt\/metal-large-egyptian-hookah-pipe\/\" \/>\n<meta property=\"og:site_name\" content=\"Global Hookah\" \/>\n<meta property=\"article:modified_time\" content=\"2024-01-12T04:00:02+00:00\" \/>\n<meta property=\"og:image\" content=\"https:\/\/global-hookah.com\/wp-content\/uploads\/2023\/02\/410e699ef844f10b59383b2a164c37b.jpg\" \/>\n\t<meta property=\"og:image:width\" content=\"1280\" \/>\n\t<meta property=\"og:image:height\" content=\"1280\" \/>\n\t<meta property=\"og:image:type\" content=\"image\/jpeg\" \/>\n<meta name=\"twitter:card\" content=\"summary_large_image\" \/>\n<meta name=\"twitter:label1\" content=\"Gesch\u00e4tzte Lesezeit\" \/>\n\t<meta name=\"twitter:data1\" content=\"1\u00a0Minute\" \/>\n<script type=\"application\/ld+json\" class=\"yoast-schema-graph\">{\"@context\":\"https:\/\/schema.org\",\"@graph\":[{\"@type\":\"WebPage\",\"@id\":\"https:\/\/global-hookah.com\/product\/metal-large-egyptian-hookah-pipe\/\",\"url\":\"https:\/\/global-hookah.com\/product\/metal-large-egyptian-hookah-pipe\/\",\"name\":\"Metal Large Egyptian Hookah Pipe - Global Hookah\",\"isPartOf\":{\"@id\":\"https:\/\/global-hookah.com\/#website\"},\"primaryImageOfPage\":{\"@id\":\"https:\/\/global-hookah.com\/product\/metal-large-egyptian-hookah-pipe\/#primaryimage\"},\"image\":{\"@id\":\"https:\/\/global-hookah.com\/product\/metal-large-egyptian-hookah-pipe\/#primaryimage\"},\"thumbnailUrl\":\"https:\/\/global-hookah.com\/wp-content\/uploads\/2023\/02\/410e699ef844f10b59383b2a164c37b.jpg\",\"datePublished\":\"2023-02-08T12:07:44+00:00\",\"dateModified\":\"2024-01-12T04:00:02+00:00\",\"breadcrumb\":{\"@id\":\"https:\/\/global-hookah.com\/product\/metal-large-egyptian-hookah-pipe\/#breadcrumb\"},\"inLanguage\":\"de\",\"potentialAction\":[{\"@type\":\"ReadAction\",\"target\":[\"https:\/\/global-hookah.com\/product\/metal-large-egyptian-hookah-pipe\/\"]}]},{\"@type\":\"ImageObject\",\"inLanguage\":\"de\",\"@id\":\"https:\/\/global-hookah.com\/product\/metal-large-egyptian-hookah-pipe\/#primaryimage\",\"url\":\"https:\/\/global-hookah.com\/wp-content\/uploads\/2023\/02\/410e699ef844f10b59383b2a164c37b.jpg\",\"contentUrl\":\"https:\/\/global-hookah.com\/wp-content\/uploads\/2023\/02\/410e699ef844f10b59383b2a164c37b.jpg\",\"width\":1280,\"height\":1280,\"caption\":\"Large Egyptian Hookah Pipe\"},{\"@type\":\"BreadcrumbList\",\"@id\":\"https:\/\/global-hookah.com\/product\/metal-large-egyptian-hookah-pipe\/#breadcrumb\",\"itemListElement\":[{\"@type\":\"ListItem\",\"position\":1,\"name\":\"Home\",\"item\":\"https:\/\/global-hookah.com\/\"},{\"@type\":\"ListItem\",\"position\":2,\"name\":\"Shop\",\"item\":\"https:\/\/global-hookah.com\/shop\/\"},{\"@type\":\"ListItem\",\"position\":3,\"name\":\"Metal Large Egyptian Hookah Pipe\"}]},{\"@type\":\"WebSite\",\"@id\":\"https:\/\/global-hookah.com\/#website\",\"url\":\"https:\/\/global-hookah.com\/\",\"name\":\"Global Hookah\",\"description\":\"Global Hookah\",\"publisher\":{\"@id\":\"https:\/\/global-hookah.com\/#organization\"},\"potentialAction\":[{\"@type\":\"SearchAction\",\"target\":{\"@type\":\"EntryPoint\",\"urlTemplate\":\"https:\/\/global-hookah.com\/?s={search_term_string}\"},\"query-input\":{\"@type\":\"PropertyValueSpecification\",\"valueRequired\":true,\"valueName\":\"search_term_string\"}}],\"inLanguage\":\"de\"},{\"@type\":\"Organization\",\"@id\":\"https:\/\/global-hookah.com\/#organization\",\"name\":\"Global Hookah\",\"url\":\"https:\/\/global-hookah.com\/\",\"logo\":{\"@type\":\"ImageObject\",\"inLanguage\":\"de\",\"@id\":\"https:\/\/global-hookah.com\/#\/schema\/logo\/image\/\",\"url\":\"https:\/\/global-hookah.com\/wp-content\/uploads\/2021\/10\/cropped-fgg.png\",\"contentUrl\":\"https:\/\/global-hookah.com\/wp-content\/uploads\/2021\/10\/cropped-fgg.png\",\"width\":512,\"height\":512,\"caption\":\"Global Hookah\"},\"image\":{\"@id\":\"https:\/\/global-hookah.com\/#\/schema\/logo\/image\/\"}}]}<\/script>\n<!-- \/ Yoast SEO Premium plugin. -->","yoast_head_json":{"title":"Gro\u00dfe \u00e4gyptische Hookah-Pfeife aus Metall - Global Hookah","robots":{"index":"index","follow":"follow","max-snippet":"max-snippet:-1","max-image-preview":"max-image-preview:large","max-video-preview":"max-video-preview:-1"},"canonical":"https:\/\/global-hookah.com\/de\/produkt\/metal-large-egyptian-hookah-pipe\/","og_locale":"de_DE","og_type":"article","og_title":"Metal Large Egyptian Hookah Pipe","og_description":"If you&#8217;re looking for the best smoking experience possible, go no further than this Metal Large Egyptian Hookah Pipe. This","og_url":"https:\/\/global-hookah.com\/de\/produkt\/metal-large-egyptian-hookah-pipe\/","og_site_name":"Global Hookah","article_modified_time":"2024-01-12T04:00:02+00:00","og_image":[{"width":1280,"height":1280,"url":"https:\/\/global-hookah.com\/wp-content\/uploads\/2023\/02\/410e699ef844f10b59383b2a164c37b.jpg","type":"image\/jpeg"}],"twitter_card":"summary_large_image","twitter_misc":{"Gesch\u00e4tzte Lesezeit":"1\u00a0Minute"},"schema":{"@context":"https:\/\/schema.org","@graph":[{"@type":"WebPage","@id":"https:\/\/global-hookah.com\/product\/metal-large-egyptian-hookah-pipe\/","url":"https:\/\/global-hookah.com\/product\/metal-large-egyptian-hookah-pipe\/","name":"Gro\u00dfe \u00e4gyptische Hookah-Pfeife aus Metall - Global Hookah","isPartOf":{"@id":"https:\/\/global-hookah.com\/#website"},"primaryImageOfPage":{"@id":"https:\/\/global-hookah.com\/product\/metal-large-egyptian-hookah-pipe\/#primaryimage"},"image":{"@id":"https:\/\/global-hookah.com\/product\/metal-large-egyptian-hookah-pipe\/#primaryimage"},"thumbnailUrl":"https:\/\/global-hookah.com\/wp-content\/uploads\/2023\/02\/410e699ef844f10b59383b2a164c37b.jpg","datePublished":"2023-02-08T12:07:44+00:00","dateModified":"2024-01-12T04:00:02+00:00","breadcrumb":{"@id":"https:\/\/global-hookah.com\/product\/metal-large-egyptian-hookah-pipe\/#breadcrumb"},"inLanguage":"de","potentialAction":[{"@type":"ReadAction","target":["https:\/\/global-hookah.com\/product\/metal-large-egyptian-hookah-pipe\/"]}]},{"@type":"ImageObject","inLanguage":"de","@id":"https:\/\/global-hookah.com\/product\/metal-large-egyptian-hookah-pipe\/#primaryimage","url":"https:\/\/global-hookah.com\/wp-content\/uploads\/2023\/02\/410e699ef844f10b59383b2a164c37b.jpg","contentUrl":"https:\/\/global-hookah.com\/wp-content\/uploads\/2023\/02\/410e699ef844f10b59383b2a164c37b.jpg","width":1280,"height":1280,"caption":"Large Egyptian Hookah Pipe"},{"@type":"BreadcrumbList","@id":"https:\/\/global-hookah.com\/product\/metal-large-egyptian-hookah-pipe\/#breadcrumb","itemListElement":[{"@type":"ListItem","position":1,"name":"Home","item":"https:\/\/global-hookah.com\/"},{"@type":"ListItem","position":2,"name":"Shop","item":"https:\/\/global-hookah.com\/shop\/"},{"@type":"ListItem","position":3,"name":"Metal Large Egyptian Hookah Pipe"}]},{"@type":"WebSite","@id":"https:\/\/global-hookah.com\/#website","url":"https:\/\/global-hookah.com\/","name":"Globale Wasserpfeife","description":"Globale Wasserpfeife","publisher":{"@id":"https:\/\/global-hookah.com\/#organization"},"potentialAction":[{"@type":"SearchAction","target":{"@type":"EntryPoint","urlTemplate":"https:\/\/global-hookah.com\/?s={search_term_string}"},"query-input":{"@type":"PropertyValueSpecification","valueRequired":true,"valueName":"search_term_string"}}],"inLanguage":"de"},{"@type":"Organization","@id":"https:\/\/global-hookah.com\/#organization","name":"Globale Wasserpfeife","url":"https:\/\/global-hookah.com\/","logo":{"@type":"ImageObject","inLanguage":"de","@id":"https:\/\/global-hookah.com\/#\/schema\/logo\/image\/","url":"https:\/\/global-hookah.com\/wp-content\/uploads\/2021\/10\/cropped-fgg.png","contentUrl":"https:\/\/global-hookah.com\/wp-content\/uploads\/2021\/10\/cropped-fgg.png","width":512,"height":512,"caption":"Global Hookah"},"image":{"@id":"https:\/\/global-hookah.com\/#\/schema\/logo\/image\/"}}]}},"_links":{"self":[{"href":"https:\/\/global-hookah.com\/de\/wp-json\/wp\/v2\/product\/10422","targetHints":{"allow":["GET"]}}],"collection":[{"href":"https:\/\/global-hookah.com\/de\/wp-json\/wp\/v2\/product"}],"about":[{"href":"https:\/\/global-hookah.com\/de\/wp-json\/wp\/v2\/types\/product"}],"replies":[{"embeddable":true,"href":"https:\/\/global-hookah.com\/de\/wp-json\/wp\/v2\/comments?post=10422"}],"version-history":[{"count":0,"href":"https:\/\/global-hookah.com\/de\/wp-json\/wp\/v2\/product\/10422\/revisions"}],"wp:featuredmedia":[{"embeddable":true,"href":"https:\/\/global-hookah.com\/de\/wp-json\/wp\/v2\/media\/10424"}],"wp:attachment":[{"href":"https:\/\/global-hookah.com\/de\/wp-json\/wp\/v2\/media?parent=10422"}],"wp:term":[{"taxonomy":"product_brand","embeddable":true,"href":"https:\/\/global-hookah.com\/de\/wp-json\/wp\/v2\/product_brand?post=10422"},{"taxonomy":"product_cat","embeddable":true,"href":"https:\/\/global-hookah.com\/de\/wp-json\/wp\/v2\/product_cat?post=10422"},{"taxonomy":"product_tag","embeddable":true,"href":"https:\/\/global-hookah.com\/de\/wp-json\/wp\/v2\/product_tag?post=10422"}],"curies":[{"name":"wp","href":"https:\/\/api.w.org\/{rel}","templated":true}]}}