{"id":10432,"date":"2023-02-08T20:23:24","date_gmt":"2023-02-08T20:23:24","guid":{"rendered":"https:\/\/global-hookah.com\/?post_type=product&#038;p=10432"},"modified":"2024-01-12T04:00:00","modified_gmt":"2024-01-12T04:00:00","slug":"medium-saudi-arabian-hookah-set","status":"publish","type":"product","link":"https:\/\/global-hookah.com\/de\/produkt\/medium-saudi-arabian-hookah-set\/","title":{"rendered":"Mittelgro\u00dfes saudi-arabisches Wasserpfeifenset"},"content":{"rendered":"<p>Nach einem langen Tag gibt es nichts Besseres, als sich mit diesem Produkt zu entspannen. <strong>Mittelgro\u00dfes saudi-arabisches Wasserpfeifenset<\/strong>. Unsere Wasserpfeife ist in jeder Hinsicht ein Kunstwerk, dank ihres raffinierten Designs und ihrer feinen Handwerkskunst.<\/p>\n<p>Da unser Shisha-Set 2 Schl\u00e4uche hat, kann es von bis zu 2 Personen gleichzeitig benutzt werden, was es ideal f\u00fcr Gruppenveranstaltungen und Versammlungen macht. Mit diesem Set k\u00f6nnen Sie eine Party in Ihrem Haus veranstalten und alle Ihre Freunde an dem Spa\u00df teilhaben lassen.<\/p>\n<p>Die gesamte <strong>Mittelgro\u00dfes saudi-arabisches Wasserpfeifenset<\/strong> hat eine Glasvase, Schaft mit Fallstiel, <a href=\"https:\/\/global-hookah.com\/product-category\/hookah-parts\/\">Schlauch<\/a>Keramiksch\u00fcssel, Aschenbecher, Zange und weiteres Zubeh\u00f6r.<\/p>\n<p>Da Glas so leicht zu Bruch geht, treffen wir zus\u00e4tzliche Vorkehrungen, um sicherzustellen, dass Ihr Wasserpfeifen-Set in einwandfreiem Zustand ankommt. F\u00fcr einen sicheren Versand haben wir das Paket mit mehreren Lagen von Luftpolstertaschen versehen. Bitte lassen Sie uns sofort wissen, wenn die Ware, die Sie erhalten, ist gebrochen; wir werden es ersetzen oder eine volle R\u00fcckerstattung, je nachdem, was Sie bevorzugen.<\/p>\n<p>W\u00e4hlen Sie die <strong>Mittelgro\u00dfes saudi-arabisches Wasserpfeifenset<\/strong> wenn Sie Ihre Freunde beeindrucken und sich gleichzeitig luxuri\u00f6s entspannen wollen.<\/p>","protected":false},"excerpt":{"rendered":"<p>Nach einem langen Tag gibt es nichts Besseres, als sich mit diesem mittelgro\u00dfen saudi-arabischen Wasserpfeifenset zu entspannen. Unsere Wasserpfeife ist ein St\u00fcck<\/p>","protected":false},"featured_media":10435,"comment_status":"open","ping_status":"closed","template":"","meta":{"iawp_total_views":3,"_joinchat":[]},"product_brand":[],"product_cat":[415,560],"product_tag":[],"class_list":{"0":"post-10432","1":"product","2":"type-product","3":"status-publish","4":"has-post-thumbnail","6":"product_cat-accessories","7":"product_cat-glass-hookah-wholesale","9":"first","10":"instock","11":"shipping-taxable","12":"purchasable","13":"product-type-simple"},"yoast_head":"<!-- This site is optimized with the Yoast SEO Premium plugin v24.7 (Yoast SEO v26.8) - https:\/\/yoast.com\/product\/yoast-seo-premium-wordpress\/ -->\n<title>Medium Saudi Arabian Hookah Set - Global Hookah<\/title>\n<meta name=\"robots\" content=\"index, follow, max-snippet:-1, max-image-preview:large, max-video-preview:-1\" \/>\n<link rel=\"canonical\" href=\"https:\/\/global-hookah.com\/de\/pt\/produto\/conjunto-medio-de-narguile-da-arabia-saudita\/\" \/>\n<meta property=\"og:locale\" content=\"de_DE\" \/>\n<meta property=\"og:type\" content=\"article\" \/>\n<meta property=\"og:title\" content=\"Medium Saudi Arabian Hookah Set\" \/>\n<meta property=\"og:description\" content=\"After a long day, nothing beats unwinding with this Medium Saudi Arabian Hookah Set. Our hookah is a piece of\" \/>\n<meta property=\"og:url\" content=\"https:\/\/global-hookah.com\/de\/pt\/produto\/conjunto-medio-de-narguile-da-arabia-saudita\/\" \/>\n<meta property=\"og:site_name\" content=\"Global Hookah\" \/>\n<meta property=\"article:modified_time\" content=\"2024-01-12T04:00:00+00:00\" \/>\n<meta property=\"og:image\" content=\"https:\/\/global-hookah.com\/wp-content\/uploads\/2023\/02\/cd8669ebcd0dd311d3204c7678793db.jpg\" \/>\n\t<meta property=\"og:image:width\" content=\"800\" \/>\n\t<meta property=\"og:image:height\" content=\"800\" \/>\n\t<meta property=\"og:image:type\" content=\"image\/jpeg\" \/>\n<meta name=\"twitter:card\" content=\"summary_large_image\" \/>\n<meta name=\"twitter:label1\" content=\"Gesch\u00e4tzte Lesezeit\" \/>\n\t<meta name=\"twitter:data1\" content=\"1\u00a0Minute\" \/>\n<script type=\"application\/ld+json\" class=\"yoast-schema-graph\">{\"@context\":\"https:\/\/schema.org\",\"@graph\":[{\"@type\":\"WebPage\",\"@id\":\"https:\/\/global-hookah.com\/pt\/produto\/conjunto-medio-de-narguile-da-arabia-saudita\/\",\"url\":\"https:\/\/global-hookah.com\/pt\/produto\/conjunto-medio-de-narguile-da-arabia-saudita\/\",\"name\":\"Medium Saudi Arabian Hookah Set - Global Hookah\",\"isPartOf\":{\"@id\":\"https:\/\/global-hookah.com\/#website\"},\"primaryImageOfPage\":{\"@id\":\"https:\/\/global-hookah.com\/pt\/produto\/conjunto-medio-de-narguile-da-arabia-saudita\/#primaryimage\"},\"image\":{\"@id\":\"https:\/\/global-hookah.com\/pt\/produto\/conjunto-medio-de-narguile-da-arabia-saudita\/#primaryimage\"},\"thumbnailUrl\":\"https:\/\/global-hookah.com\/wp-content\/uploads\/2023\/02\/cd8669ebcd0dd311d3204c7678793db.jpg\",\"datePublished\":\"2023-02-08T20:23:24+00:00\",\"dateModified\":\"2024-01-12T04:00:00+00:00\",\"breadcrumb\":{\"@id\":\"https:\/\/global-hookah.com\/pt\/produto\/conjunto-medio-de-narguile-da-arabia-saudita\/#breadcrumb\"},\"inLanguage\":\"de\",\"potentialAction\":[{\"@type\":\"ReadAction\",\"target\":[\"https:\/\/global-hookah.com\/pt\/produto\/conjunto-medio-de-narguile-da-arabia-saudita\/\"]}]},{\"@type\":\"ImageObject\",\"inLanguage\":\"de\",\"@id\":\"https:\/\/global-hookah.com\/pt\/produto\/conjunto-medio-de-narguile-da-arabia-saudita\/#primaryimage\",\"url\":\"https:\/\/global-hookah.com\/wp-content\/uploads\/2023\/02\/cd8669ebcd0dd311d3204c7678793db.jpg\",\"contentUrl\":\"https:\/\/global-hookah.com\/wp-content\/uploads\/2023\/02\/cd8669ebcd0dd311d3204c7678793db.jpg\",\"width\":800,\"height\":800,\"caption\":\"Saudi Arabian Hookah Set\"},{\"@type\":\"BreadcrumbList\",\"@id\":\"https:\/\/global-hookah.com\/pt\/produto\/conjunto-medio-de-narguile-da-arabia-saudita\/#breadcrumb\",\"itemListElement\":[{\"@type\":\"ListItem\",\"position\":1,\"name\":\"Home\",\"item\":\"https:\/\/global-hookah.com\/\"},{\"@type\":\"ListItem\",\"position\":2,\"name\":\"Shop\",\"item\":\"https:\/\/global-hookah.com\/shop\/\"},{\"@type\":\"ListItem\",\"position\":3,\"name\":\"Medium Saudi Arabian Hookah Set\"}]},{\"@type\":\"WebSite\",\"@id\":\"https:\/\/global-hookah.com\/#website\",\"url\":\"https:\/\/global-hookah.com\/\",\"name\":\"Global Hookah\",\"description\":\"Global Hookah\",\"publisher\":{\"@id\":\"https:\/\/global-hookah.com\/#organization\"},\"potentialAction\":[{\"@type\":\"SearchAction\",\"target\":{\"@type\":\"EntryPoint\",\"urlTemplate\":\"https:\/\/global-hookah.com\/?s={search_term_string}\"},\"query-input\":{\"@type\":\"PropertyValueSpecification\",\"valueRequired\":true,\"valueName\":\"search_term_string\"}}],\"inLanguage\":\"de\"},{\"@type\":\"Organization\",\"@id\":\"https:\/\/global-hookah.com\/#organization\",\"name\":\"Global Hookah\",\"url\":\"https:\/\/global-hookah.com\/\",\"logo\":{\"@type\":\"ImageObject\",\"inLanguage\":\"de\",\"@id\":\"https:\/\/global-hookah.com\/#\/schema\/logo\/image\/\",\"url\":\"https:\/\/global-hookah.com\/wp-content\/uploads\/2021\/10\/cropped-fgg.png\",\"contentUrl\":\"https:\/\/global-hookah.com\/wp-content\/uploads\/2021\/10\/cropped-fgg.png\",\"width\":512,\"height\":512,\"caption\":\"Global Hookah\"},\"image\":{\"@id\":\"https:\/\/global-hookah.com\/#\/schema\/logo\/image\/\"}}]}<\/script>\n<!-- \/ Yoast SEO Premium plugin. -->","yoast_head_json":{"title":"Mittleres saudi-arabisches Wasserpfeifen-Set - Global Hookah","robots":{"index":"index","follow":"follow","max-snippet":"max-snippet:-1","max-image-preview":"max-image-preview:large","max-video-preview":"max-video-preview:-1"},"canonical":"https:\/\/global-hookah.com\/de\/pt\/produto\/conjunto-medio-de-narguile-da-arabia-saudita\/","og_locale":"de_DE","og_type":"article","og_title":"Medium Saudi Arabian Hookah Set","og_description":"After a long day, nothing beats unwinding with this Medium Saudi Arabian Hookah Set. Our hookah is a piece of","og_url":"https:\/\/global-hookah.com\/de\/pt\/produto\/conjunto-medio-de-narguile-da-arabia-saudita\/","og_site_name":"Global Hookah","article_modified_time":"2024-01-12T04:00:00+00:00","og_image":[{"width":800,"height":800,"url":"https:\/\/global-hookah.com\/wp-content\/uploads\/2023\/02\/cd8669ebcd0dd311d3204c7678793db.jpg","type":"image\/jpeg"}],"twitter_card":"summary_large_image","twitter_misc":{"Gesch\u00e4tzte Lesezeit":"1\u00a0Minute"},"schema":{"@context":"https:\/\/schema.org","@graph":[{"@type":"WebPage","@id":"https:\/\/global-hookah.com\/pt\/produto\/conjunto-medio-de-narguile-da-arabia-saudita\/","url":"https:\/\/global-hookah.com\/pt\/produto\/conjunto-medio-de-narguile-da-arabia-saudita\/","name":"Mittleres saudi-arabisches Wasserpfeifen-Set - Global Hookah","isPartOf":{"@id":"https:\/\/global-hookah.com\/#website"},"primaryImageOfPage":{"@id":"https:\/\/global-hookah.com\/pt\/produto\/conjunto-medio-de-narguile-da-arabia-saudita\/#primaryimage"},"image":{"@id":"https:\/\/global-hookah.com\/pt\/produto\/conjunto-medio-de-narguile-da-arabia-saudita\/#primaryimage"},"thumbnailUrl":"https:\/\/global-hookah.com\/wp-content\/uploads\/2023\/02\/cd8669ebcd0dd311d3204c7678793db.jpg","datePublished":"2023-02-08T20:23:24+00:00","dateModified":"2024-01-12T04:00:00+00:00","breadcrumb":{"@id":"https:\/\/global-hookah.com\/pt\/produto\/conjunto-medio-de-narguile-da-arabia-saudita\/#breadcrumb"},"inLanguage":"de","potentialAction":[{"@type":"ReadAction","target":["https:\/\/global-hookah.com\/pt\/produto\/conjunto-medio-de-narguile-da-arabia-saudita\/"]}]},{"@type":"ImageObject","inLanguage":"de","@id":"https:\/\/global-hookah.com\/pt\/produto\/conjunto-medio-de-narguile-da-arabia-saudita\/#primaryimage","url":"https:\/\/global-hookah.com\/wp-content\/uploads\/2023\/02\/cd8669ebcd0dd311d3204c7678793db.jpg","contentUrl":"https:\/\/global-hookah.com\/wp-content\/uploads\/2023\/02\/cd8669ebcd0dd311d3204c7678793db.jpg","width":800,"height":800,"caption":"Saudi Arabian Hookah Set"},{"@type":"BreadcrumbList","@id":"https:\/\/global-hookah.com\/pt\/produto\/conjunto-medio-de-narguile-da-arabia-saudita\/#breadcrumb","itemListElement":[{"@type":"ListItem","position":1,"name":"Home","item":"https:\/\/global-hookah.com\/"},{"@type":"ListItem","position":2,"name":"Shop","item":"https:\/\/global-hookah.com\/shop\/"},{"@type":"ListItem","position":3,"name":"Medium Saudi Arabian Hookah Set"}]},{"@type":"WebSite","@id":"https:\/\/global-hookah.com\/#website","url":"https:\/\/global-hookah.com\/","name":"Globale Wasserpfeife","description":"Globale Wasserpfeife","publisher":{"@id":"https:\/\/global-hookah.com\/#organization"},"potentialAction":[{"@type":"SearchAction","target":{"@type":"EntryPoint","urlTemplate":"https:\/\/global-hookah.com\/?s={search_term_string}"},"query-input":{"@type":"PropertyValueSpecification","valueRequired":true,"valueName":"search_term_string"}}],"inLanguage":"de"},{"@type":"Organization","@id":"https:\/\/global-hookah.com\/#organization","name":"Globale Wasserpfeife","url":"https:\/\/global-hookah.com\/","logo":{"@type":"ImageObject","inLanguage":"de","@id":"https:\/\/global-hookah.com\/#\/schema\/logo\/image\/","url":"https:\/\/global-hookah.com\/wp-content\/uploads\/2021\/10\/cropped-fgg.png","contentUrl":"https:\/\/global-hookah.com\/wp-content\/uploads\/2021\/10\/cropped-fgg.png","width":512,"height":512,"caption":"Global Hookah"},"image":{"@id":"https:\/\/global-hookah.com\/#\/schema\/logo\/image\/"}}]}},"_links":{"self":[{"href":"https:\/\/global-hookah.com\/de\/wp-json\/wp\/v2\/product\/10432","targetHints":{"allow":["GET"]}}],"collection":[{"href":"https:\/\/global-hookah.com\/de\/wp-json\/wp\/v2\/product"}],"about":[{"href":"https:\/\/global-hookah.com\/de\/wp-json\/wp\/v2\/types\/product"}],"replies":[{"embeddable":true,"href":"https:\/\/global-hookah.com\/de\/wp-json\/wp\/v2\/comments?post=10432"}],"version-history":[{"count":0,"href":"https:\/\/global-hookah.com\/de\/wp-json\/wp\/v2\/product\/10432\/revisions"}],"wp:featuredmedia":[{"embeddable":true,"href":"https:\/\/global-hookah.com\/de\/wp-json\/wp\/v2\/media\/10435"}],"wp:attachment":[{"href":"https:\/\/global-hookah.com\/de\/wp-json\/wp\/v2\/media?parent=10432"}],"wp:term":[{"taxonomy":"product_brand","embeddable":true,"href":"https:\/\/global-hookah.com\/de\/wp-json\/wp\/v2\/product_brand?post=10432"},{"taxonomy":"product_cat","embeddable":true,"href":"https:\/\/global-hookah.com\/de\/wp-json\/wp\/v2\/product_cat?post=10432"},{"taxonomy":"product_tag","embeddable":true,"href":"https:\/\/global-hookah.com\/de\/wp-json\/wp\/v2\/product_tag?post=10432"}],"curies":[{"name":"wp","href":"https:\/\/api.w.org\/{rel}","templated":true}]}}