{"id":10521,"date":"2023-02-15T21:25:33","date_gmt":"2023-02-15T21:25:33","guid":{"rendered":"https:\/\/global-hookah.com\/?post_type=product&#038;p=10521"},"modified":"2024-01-12T03:59:59","modified_gmt":"2024-01-12T03:59:59","slug":"iron-mini-vintage-hookah-pipe","status":"publish","type":"product","link":"https:\/\/global-hookah.com\/de\/produkt\/iron-mini-vintage-hookah-pipe\/","title":{"rendered":"Eisen Mini Vintage Hookah Pfeife"},"content":{"rendered":"<p>Diese <strong>Vintage Hookah Pfeife<\/strong> ist aus hervorragendem Eisen gefertigt und sehr langlebig. Die Montage und Demontage dieses Rauchger\u00e4ts k\u00f6nnte nicht einfacher sein. Sie brauchen lediglich ein paar Kohlen und Wasserpfeifentabak, um loszulegen.<\/p>\n<p>F\u00fcr Ihre Bequemlichkeit, die <strong>alte Wasserpfeife<\/strong> enth\u00e4lt einen mittleren Stiel. Die Reinigung des Glastanks mit einer B\u00fcrste hinterl\u00e4sst keine Geschmacksreste oder Kratzer. Da Wasserpfeifen so einfach zu bedienen sind, k\u00f6nnen Sie jeden Aspekt Ihres Tabaks schmecken.<\/p>\n<p>Eine der bemerkenswertesten Eigenschaften der Wasserpfeife mit 2 Schl\u00e4uchen ist ihr Schnellverschlussmechanismus. Dank dieser erfinderischen mechanischen Verbindung kann der Eisenk\u00f6rper leicht mit dem Glastank verbunden werden. Beide Komponenten k\u00f6nnen mit einer einzigen Bewegung zusammengef\u00fcgt werden, was den Auf- und Abbau zu einem Kinderspiel macht. Durch die Verwendung dieser Adapter sind keine T\u00fcllen oder andere Dichtungen erforderlich, und die Schlauchstopfen passen perfekt.<\/p>\n<p>Diese <strong>Vintage Hookah Pfeife<\/strong> als<a href=\"https:\/\/global-hookah.com\/product-category\/hookahs\/\"> Zwei-Schlauch-Wasserpfeife<\/a>ist ideal f\u00fcr gesellige Zusammenk\u00fcnfte. Er kann von bis zu zwei Personen gleichzeitig benutzt werden, ohne den \"Big Cloud\"-Effekt zu beeintr\u00e4chtigen.<\/p>","protected":false},"excerpt":{"rendered":"<p>Diese Vintage Hookah Pipe ist aus exzellentem Eisen gefertigt und sehr langlebig. Die Montage und Demontage dieses Rauchger\u00e4ts k\u00f6nnte nicht einfacher sein.<\/p>","protected":false},"featured_media":10508,"comment_status":"open","ping_status":"closed","template":"","meta":{"iawp_total_views":2,"_joinchat":[]},"product_brand":[],"product_cat":[415,560],"product_tag":[],"class_list":{"0":"post-10521","1":"product","2":"type-product","3":"status-publish","4":"has-post-thumbnail","6":"product_cat-accessories","7":"product_cat-glass-hookah-wholesale","9":"first","10":"instock","11":"sale","12":"shipping-taxable","13":"purchasable","14":"product-type-simple"},"yoast_head":"<!-- This site is optimized with the Yoast SEO Premium plugin v24.7 (Yoast SEO v26.8) - https:\/\/yoast.com\/product\/yoast-seo-premium-wordpress\/ -->\n<title>Iron Mini Vintage Hookah Pipe - Global Hookah<\/title>\n<meta name=\"robots\" content=\"index, follow, max-snippet:-1, max-image-preview:large, max-video-preview:-1\" \/>\n<link rel=\"canonical\" href=\"https:\/\/global-hookah.com\/de\/produkt\/iron-mini-vintage-hookah-pipe\/\" \/>\n<meta property=\"og:locale\" content=\"de_DE\" \/>\n<meta property=\"og:type\" content=\"article\" \/>\n<meta property=\"og:title\" content=\"Iron Mini Vintage Hookah Pipe\" \/>\n<meta property=\"og:description\" content=\"This Vintage Hookah Pipe is constructed of excellent iron and is quite durable. This smoking device&#8217;s assembly and disassembly couldn&#8217;t\" \/>\n<meta property=\"og:url\" content=\"https:\/\/global-hookah.com\/de\/produkt\/iron-mini-vintage-hookah-pipe\/\" \/>\n<meta property=\"og:site_name\" content=\"Global Hookah\" \/>\n<meta property=\"article:modified_time\" content=\"2024-01-12T03:59:59+00:00\" \/>\n<meta property=\"og:image\" content=\"https:\/\/global-hookah.com\/wp-content\/uploads\/2023\/02\/5e239c7f22b758fc2a269f274c91bb3.jpg\" \/>\n\t<meta property=\"og:image:width\" content=\"1000\" \/>\n\t<meta property=\"og:image:height\" content=\"1000\" \/>\n\t<meta property=\"og:image:type\" content=\"image\/jpeg\" \/>\n<meta name=\"twitter:card\" content=\"summary_large_image\" \/>\n<meta name=\"twitter:label1\" content=\"Gesch\u00e4tzte Lesezeit\" \/>\n\t<meta name=\"twitter:data1\" content=\"1\u00a0Minute\" \/>\n<script type=\"application\/ld+json\" class=\"yoast-schema-graph\">{\"@context\":\"https:\/\/schema.org\",\"@graph\":[{\"@type\":\"WebPage\",\"@id\":\"https:\/\/global-hookah.com\/product\/iron-mini-vintage-hookah-pipe\/\",\"url\":\"https:\/\/global-hookah.com\/product\/iron-mini-vintage-hookah-pipe\/\",\"name\":\"Iron Mini Vintage Hookah Pipe - Global Hookah\",\"isPartOf\":{\"@id\":\"https:\/\/global-hookah.com\/#website\"},\"primaryImageOfPage\":{\"@id\":\"https:\/\/global-hookah.com\/product\/iron-mini-vintage-hookah-pipe\/#primaryimage\"},\"image\":{\"@id\":\"https:\/\/global-hookah.com\/product\/iron-mini-vintage-hookah-pipe\/#primaryimage\"},\"thumbnailUrl\":\"https:\/\/global-hookah.com\/wp-content\/uploads\/2023\/02\/5e239c7f22b758fc2a269f274c91bb3.jpg\",\"datePublished\":\"2023-02-15T21:25:33+00:00\",\"dateModified\":\"2024-01-12T03:59:59+00:00\",\"breadcrumb\":{\"@id\":\"https:\/\/global-hookah.com\/product\/iron-mini-vintage-hookah-pipe\/#breadcrumb\"},\"inLanguage\":\"de\",\"potentialAction\":[{\"@type\":\"ReadAction\",\"target\":[\"https:\/\/global-hookah.com\/product\/iron-mini-vintage-hookah-pipe\/\"]}]},{\"@type\":\"ImageObject\",\"inLanguage\":\"de\",\"@id\":\"https:\/\/global-hookah.com\/product\/iron-mini-vintage-hookah-pipe\/#primaryimage\",\"url\":\"https:\/\/global-hookah.com\/wp-content\/uploads\/2023\/02\/5e239c7f22b758fc2a269f274c91bb3.jpg\",\"contentUrl\":\"https:\/\/global-hookah.com\/wp-content\/uploads\/2023\/02\/5e239c7f22b758fc2a269f274c91bb3.jpg\",\"width\":1000,\"height\":1000,\"caption\":\"Vintage Hookah Pipe\"},{\"@type\":\"BreadcrumbList\",\"@id\":\"https:\/\/global-hookah.com\/product\/iron-mini-vintage-hookah-pipe\/#breadcrumb\",\"itemListElement\":[{\"@type\":\"ListItem\",\"position\":1,\"name\":\"Home\",\"item\":\"https:\/\/global-hookah.com\/\"},{\"@type\":\"ListItem\",\"position\":2,\"name\":\"Shop\",\"item\":\"https:\/\/global-hookah.com\/shop\/\"},{\"@type\":\"ListItem\",\"position\":3,\"name\":\"Iron Mini Vintage Hookah Pipe\"}]},{\"@type\":\"WebSite\",\"@id\":\"https:\/\/global-hookah.com\/#website\",\"url\":\"https:\/\/global-hookah.com\/\",\"name\":\"Global Hookah\",\"description\":\"Global Hookah\",\"publisher\":{\"@id\":\"https:\/\/global-hookah.com\/#organization\"},\"potentialAction\":[{\"@type\":\"SearchAction\",\"target\":{\"@type\":\"EntryPoint\",\"urlTemplate\":\"https:\/\/global-hookah.com\/?s={search_term_string}\"},\"query-input\":{\"@type\":\"PropertyValueSpecification\",\"valueRequired\":true,\"valueName\":\"search_term_string\"}}],\"inLanguage\":\"de\"},{\"@type\":\"Organization\",\"@id\":\"https:\/\/global-hookah.com\/#organization\",\"name\":\"Global Hookah\",\"url\":\"https:\/\/global-hookah.com\/\",\"logo\":{\"@type\":\"ImageObject\",\"inLanguage\":\"de\",\"@id\":\"https:\/\/global-hookah.com\/#\/schema\/logo\/image\/\",\"url\":\"https:\/\/global-hookah.com\/wp-content\/uploads\/2021\/10\/cropped-fgg.png\",\"contentUrl\":\"https:\/\/global-hookah.com\/wp-content\/uploads\/2021\/10\/cropped-fgg.png\",\"width\":512,\"height\":512,\"caption\":\"Global Hookah\"},\"image\":{\"@id\":\"https:\/\/global-hookah.com\/#\/schema\/logo\/image\/\"}}]}<\/script>\n<!-- \/ Yoast SEO Premium plugin. -->","yoast_head_json":{"title":"Eisen Mini Vintage Wasserpfeife - Global Hookah","robots":{"index":"index","follow":"follow","max-snippet":"max-snippet:-1","max-image-preview":"max-image-preview:large","max-video-preview":"max-video-preview:-1"},"canonical":"https:\/\/global-hookah.com\/de\/produkt\/iron-mini-vintage-hookah-pipe\/","og_locale":"de_DE","og_type":"article","og_title":"Iron Mini Vintage Hookah Pipe","og_description":"This Vintage Hookah Pipe is constructed of excellent iron and is quite durable. This smoking device&#8217;s assembly and disassembly couldn&#8217;t","og_url":"https:\/\/global-hookah.com\/de\/produkt\/iron-mini-vintage-hookah-pipe\/","og_site_name":"Global Hookah","article_modified_time":"2024-01-12T03:59:59+00:00","og_image":[{"width":1000,"height":1000,"url":"https:\/\/global-hookah.com\/wp-content\/uploads\/2023\/02\/5e239c7f22b758fc2a269f274c91bb3.jpg","type":"image\/jpeg"}],"twitter_card":"summary_large_image","twitter_misc":{"Gesch\u00e4tzte Lesezeit":"1\u00a0Minute"},"schema":{"@context":"https:\/\/schema.org","@graph":[{"@type":"WebPage","@id":"https:\/\/global-hookah.com\/product\/iron-mini-vintage-hookah-pipe\/","url":"https:\/\/global-hookah.com\/product\/iron-mini-vintage-hookah-pipe\/","name":"Eisen Mini Vintage Wasserpfeife - Global Hookah","isPartOf":{"@id":"https:\/\/global-hookah.com\/#website"},"primaryImageOfPage":{"@id":"https:\/\/global-hookah.com\/product\/iron-mini-vintage-hookah-pipe\/#primaryimage"},"image":{"@id":"https:\/\/global-hookah.com\/product\/iron-mini-vintage-hookah-pipe\/#primaryimage"},"thumbnailUrl":"https:\/\/global-hookah.com\/wp-content\/uploads\/2023\/02\/5e239c7f22b758fc2a269f274c91bb3.jpg","datePublished":"2023-02-15T21:25:33+00:00","dateModified":"2024-01-12T03:59:59+00:00","breadcrumb":{"@id":"https:\/\/global-hookah.com\/product\/iron-mini-vintage-hookah-pipe\/#breadcrumb"},"inLanguage":"de","potentialAction":[{"@type":"ReadAction","target":["https:\/\/global-hookah.com\/product\/iron-mini-vintage-hookah-pipe\/"]}]},{"@type":"ImageObject","inLanguage":"de","@id":"https:\/\/global-hookah.com\/product\/iron-mini-vintage-hookah-pipe\/#primaryimage","url":"https:\/\/global-hookah.com\/wp-content\/uploads\/2023\/02\/5e239c7f22b758fc2a269f274c91bb3.jpg","contentUrl":"https:\/\/global-hookah.com\/wp-content\/uploads\/2023\/02\/5e239c7f22b758fc2a269f274c91bb3.jpg","width":1000,"height":1000,"caption":"Vintage Hookah Pipe"},{"@type":"BreadcrumbList","@id":"https:\/\/global-hookah.com\/product\/iron-mini-vintage-hookah-pipe\/#breadcrumb","itemListElement":[{"@type":"ListItem","position":1,"name":"Home","item":"https:\/\/global-hookah.com\/"},{"@type":"ListItem","position":2,"name":"Shop","item":"https:\/\/global-hookah.com\/shop\/"},{"@type":"ListItem","position":3,"name":"Iron Mini Vintage Hookah Pipe"}]},{"@type":"WebSite","@id":"https:\/\/global-hookah.com\/#website","url":"https:\/\/global-hookah.com\/","name":"Globale Wasserpfeife","description":"Globale Wasserpfeife","publisher":{"@id":"https:\/\/global-hookah.com\/#organization"},"potentialAction":[{"@type":"SearchAction","target":{"@type":"EntryPoint","urlTemplate":"https:\/\/global-hookah.com\/?s={search_term_string}"},"query-input":{"@type":"PropertyValueSpecification","valueRequired":true,"valueName":"search_term_string"}}],"inLanguage":"de"},{"@type":"Organization","@id":"https:\/\/global-hookah.com\/#organization","name":"Globale Wasserpfeife","url":"https:\/\/global-hookah.com\/","logo":{"@type":"ImageObject","inLanguage":"de","@id":"https:\/\/global-hookah.com\/#\/schema\/logo\/image\/","url":"https:\/\/global-hookah.com\/wp-content\/uploads\/2021\/10\/cropped-fgg.png","contentUrl":"https:\/\/global-hookah.com\/wp-content\/uploads\/2021\/10\/cropped-fgg.png","width":512,"height":512,"caption":"Global Hookah"},"image":{"@id":"https:\/\/global-hookah.com\/#\/schema\/logo\/image\/"}}]}},"_links":{"self":[{"href":"https:\/\/global-hookah.com\/de\/wp-json\/wp\/v2\/product\/10521","targetHints":{"allow":["GET"]}}],"collection":[{"href":"https:\/\/global-hookah.com\/de\/wp-json\/wp\/v2\/product"}],"about":[{"href":"https:\/\/global-hookah.com\/de\/wp-json\/wp\/v2\/types\/product"}],"replies":[{"embeddable":true,"href":"https:\/\/global-hookah.com\/de\/wp-json\/wp\/v2\/comments?post=10521"}],"version-history":[{"count":0,"href":"https:\/\/global-hookah.com\/de\/wp-json\/wp\/v2\/product\/10521\/revisions"}],"wp:featuredmedia":[{"embeddable":true,"href":"https:\/\/global-hookah.com\/de\/wp-json\/wp\/v2\/media\/10508"}],"wp:attachment":[{"href":"https:\/\/global-hookah.com\/de\/wp-json\/wp\/v2\/media?parent=10521"}],"wp:term":[{"taxonomy":"product_brand","embeddable":true,"href":"https:\/\/global-hookah.com\/de\/wp-json\/wp\/v2\/product_brand?post=10521"},{"taxonomy":"product_cat","embeddable":true,"href":"https:\/\/global-hookah.com\/de\/wp-json\/wp\/v2\/product_cat?post=10521"},{"taxonomy":"product_tag","embeddable":true,"href":"https:\/\/global-hookah.com\/de\/wp-json\/wp\/v2\/product_tag?post=10521"}],"curies":[{"name":"wp","href":"https:\/\/api.w.org\/{rel}","templated":true}]}}