{"id":10685,"date":"2023-02-27T13:32:27","date_gmt":"2023-02-27T13:32:27","guid":{"rendered":"https:\/\/global-hookah.com\/?post_type=product&#038;p=10685"},"modified":"2024-01-12T03:59:57","modified_gmt":"2024-01-12T03:59:57","slug":"medium-double-pipe-hookah","status":"publish","type":"product","link":"https:\/\/global-hookah.com\/de\/produkt\/medium-double-pipe-hookah\/","title":{"rendered":"Medium Doppelpfeife Wasserpfeife"},"content":{"rendered":"<p><iframe title=\"Medium Doppelpfeife Wasserpfeife\" width=\"500\" height=\"375\" src=\"https:\/\/www.youtube.com\/embed\/3mlf5_96mFY?feature=oembed\" frameborder=\"0\" allow=\"accelerometer; autoplay; clipboard-write; encrypted-media; gyroscope; picture-in-picture; web-share\" referrerpolicy=\"strict-origin-when-cross-origin\" allowfullscreen><\/iframe><\/p>\n<p>Die <strong>Medium Doppelpfeife Wasserpfeife<\/strong> ist das perfekte Geschenk f\u00fcr jemanden, der schon alles hat oder einfach mal etwas Neues ausprobieren m\u00f6chte. Diese Wasserpfeife ist perfekt f\u00fcr das Rauchen mit Freunden, egal ob Sie eine k\u00f6stliche Shisha oder einen traditionelleren Tabak rauchen. Diese <strong>mittelgro\u00dfe Wasserpfeife<\/strong> wird mit zwei Rohren geliefert und ist aus hochwertigen Materialien gefertigt, die es haltbar und langlebig machen.<\/p>\n<p>Diese elegante Wasserpfeife hat zwei Schl\u00e4uche, einen f\u00fcr jeden Benutzer. Dank dieses cleveren Designs k\u00f6nnen zwei Personen zusammen rauchen, ohne einen Schlauch teilen zu m\u00fcssen. Jede <a href=\"https:\/\/global-hookah.com\/\">Shisha-Pfeife<\/a> wird mit einem eigenen Schlauch und einer eigenen Schale geliefert, so dass Sie in Ruhe rauchen k\u00f6nnen, ohne sich Gedanken \u00fcber die Weitergabe der Schale zu machen. Die hochwertige Konstruktion der Schl\u00e4uche garantiert eine lange Lebensdauer.<\/p>\n<p>Diese <strong>Medium Doppelpfeife Wasserpfeife<\/strong> hat einen Stiel aus rostfreiem Stahl, so dass sie sehr lange halten wird. Der Glasboden wird von einem Tablett aus rostfreiem Stahl gest\u00fctzt, so dass er nicht umkippt, wenn Sie ihn anz\u00fcnden. Das Tablett kann auch als Aschenbecher verwendet werden, so dass man nicht nach jedem Zug aufr\u00e4umen muss.<\/p>\n<p>Die <strong>Doppelte Wasserpfeife<\/strong> hat einen breiten Edelstahlstiel, der den Rauch durch Wasser oder Eis filtert, um ihn zu k\u00fchlen, bevor er Ihren Mund erreicht. Der Stiel ist abnehmbar und waschbar, so dass Sie Ihre Wasserpfeife in Top-Zustand halten k\u00f6nnen.<\/p>\n<p>Diese Wasserpfeife ist perfekt, um mit Freunden oder alleine zu rauchen, wenn Sie auf der Suche nach etwas Neuem sind!<\/p>","protected":false},"excerpt":{"rendered":"<p>Die Medium Double Pipe Hookah ist das perfekte Geschenk f\u00fcr jemanden, der schon alles hat oder einfach mal etwas ausprobieren m\u00f6chte<\/p>","protected":false},"featured_media":10687,"comment_status":"open","ping_status":"closed","template":"","meta":{"iawp_total_views":3,"_joinchat":[]},"product_brand":[],"product_cat":[415,560],"product_tag":[],"class_list":{"0":"post-10685","1":"product","2":"type-product","3":"status-publish","4":"has-post-thumbnail","6":"product_cat-accessories","7":"product_cat-glass-hookah-wholesale","9":"first","10":"instock","11":"shipping-taxable","12":"purchasable","13":"product-type-simple"},"yoast_head":"<!-- This site is optimized with the Yoast SEO Premium plugin v24.7 (Yoast SEO v26.8) - https:\/\/yoast.com\/product\/yoast-seo-premium-wordpress\/ -->\n<title>Medium Double Pipe Hookah - Global Hookah<\/title>\n<meta name=\"robots\" content=\"index, follow, max-snippet:-1, max-image-preview:large, max-video-preview:-1\" \/>\n<link rel=\"canonical\" href=\"https:\/\/global-hookah.com\/de\/it\/prodotto\/narghile-medio-a-doppio-tubo\/\" \/>\n<meta property=\"og:locale\" content=\"de_DE\" \/>\n<meta property=\"og:type\" content=\"article\" \/>\n<meta property=\"og:title\" content=\"Medium Double Pipe Hookah\" \/>\n<meta property=\"og:description\" content=\"The Medium Double Pipe Hookah is the perfect gift for someone who has everything or just wants to try something\" \/>\n<meta property=\"og:url\" content=\"https:\/\/global-hookah.com\/de\/it\/prodotto\/narghile-medio-a-doppio-tubo\/\" \/>\n<meta property=\"og:site_name\" content=\"Global Hookah\" \/>\n<meta property=\"article:modified_time\" content=\"2024-01-12T03:59:57+00:00\" \/>\n<meta property=\"og:image\" content=\"https:\/\/global-hookah.com\/wp-content\/uploads\/2023\/02\/\u4e3b\u56fe-01-1.jpg\" \/>\n\t<meta property=\"og:image:width\" content=\"1000\" \/>\n\t<meta property=\"og:image:height\" content=\"1000\" \/>\n\t<meta property=\"og:image:type\" content=\"image\/jpeg\" \/>\n<meta name=\"twitter:card\" content=\"summary_large_image\" \/>\n<meta name=\"twitter:label1\" content=\"Gesch\u00e4tzte Lesezeit\" \/>\n\t<meta name=\"twitter:data1\" content=\"2\u00a0Minuten\" \/>\n<script type=\"application\/ld+json\" class=\"yoast-schema-graph\">{\"@context\":\"https:\/\/schema.org\",\"@graph\":[{\"@type\":\"WebPage\",\"@id\":\"https:\/\/global-hookah.com\/it\/prodotto\/narghile-medio-a-doppio-tubo\/\",\"url\":\"https:\/\/global-hookah.com\/it\/prodotto\/narghile-medio-a-doppio-tubo\/\",\"name\":\"Medium Double Pipe Hookah - Global Hookah\",\"isPartOf\":{\"@id\":\"https:\/\/global-hookah.com\/#website\"},\"primaryImageOfPage\":{\"@id\":\"https:\/\/global-hookah.com\/it\/prodotto\/narghile-medio-a-doppio-tubo\/#primaryimage\"},\"image\":{\"@id\":\"https:\/\/global-hookah.com\/it\/prodotto\/narghile-medio-a-doppio-tubo\/#primaryimage\"},\"thumbnailUrl\":\"https:\/\/global-hookah.com\/wp-content\/uploads\/2023\/02\/\u4e3b\u56fe-01-1.jpg\",\"datePublished\":\"2023-02-27T13:32:27+00:00\",\"dateModified\":\"2024-01-12T03:59:57+00:00\",\"breadcrumb\":{\"@id\":\"https:\/\/global-hookah.com\/it\/prodotto\/narghile-medio-a-doppio-tubo\/#breadcrumb\"},\"inLanguage\":\"de\",\"potentialAction\":[{\"@type\":\"ReadAction\",\"target\":[\"https:\/\/global-hookah.com\/it\/prodotto\/narghile-medio-a-doppio-tubo\/\"]}]},{\"@type\":\"ImageObject\",\"inLanguage\":\"de\",\"@id\":\"https:\/\/global-hookah.com\/it\/prodotto\/narghile-medio-a-doppio-tubo\/#primaryimage\",\"url\":\"https:\/\/global-hookah.com\/wp-content\/uploads\/2023\/02\/\u4e3b\u56fe-01-1.jpg\",\"contentUrl\":\"https:\/\/global-hookah.com\/wp-content\/uploads\/2023\/02\/\u4e3b\u56fe-01-1.jpg\",\"width\":1000,\"height\":1000,\"caption\":\"Medium Double Pipe Hookah\"},{\"@type\":\"BreadcrumbList\",\"@id\":\"https:\/\/global-hookah.com\/it\/prodotto\/narghile-medio-a-doppio-tubo\/#breadcrumb\",\"itemListElement\":[{\"@type\":\"ListItem\",\"position\":1,\"name\":\"Home\",\"item\":\"https:\/\/global-hookah.com\/\"},{\"@type\":\"ListItem\",\"position\":2,\"name\":\"Shop\",\"item\":\"https:\/\/global-hookah.com\/shop\/\"},{\"@type\":\"ListItem\",\"position\":3,\"name\":\"Medium Double Pipe Hookah\"}]},{\"@type\":\"WebSite\",\"@id\":\"https:\/\/global-hookah.com\/#website\",\"url\":\"https:\/\/global-hookah.com\/\",\"name\":\"Global Hookah\",\"description\":\"Global Hookah\",\"publisher\":{\"@id\":\"https:\/\/global-hookah.com\/#organization\"},\"potentialAction\":[{\"@type\":\"SearchAction\",\"target\":{\"@type\":\"EntryPoint\",\"urlTemplate\":\"https:\/\/global-hookah.com\/?s={search_term_string}\"},\"query-input\":{\"@type\":\"PropertyValueSpecification\",\"valueRequired\":true,\"valueName\":\"search_term_string\"}}],\"inLanguage\":\"de\"},{\"@type\":\"Organization\",\"@id\":\"https:\/\/global-hookah.com\/#organization\",\"name\":\"Global Hookah\",\"url\":\"https:\/\/global-hookah.com\/\",\"logo\":{\"@type\":\"ImageObject\",\"inLanguage\":\"de\",\"@id\":\"https:\/\/global-hookah.com\/#\/schema\/logo\/image\/\",\"url\":\"https:\/\/global-hookah.com\/wp-content\/uploads\/2021\/10\/cropped-fgg.png\",\"contentUrl\":\"https:\/\/global-hookah.com\/wp-content\/uploads\/2021\/10\/cropped-fgg.png\",\"width\":512,\"height\":512,\"caption\":\"Global Hookah\"},\"image\":{\"@id\":\"https:\/\/global-hookah.com\/#\/schema\/logo\/image\/\"}}]}<\/script>\n<!-- \/ Yoast SEO Premium plugin. -->","yoast_head_json":{"title":"Mittlere Doppelpfeife Wasserpfeife - Global Hookah","robots":{"index":"index","follow":"follow","max-snippet":"max-snippet:-1","max-image-preview":"max-image-preview:large","max-video-preview":"max-video-preview:-1"},"canonical":"https:\/\/global-hookah.com\/de\/it\/prodotto\/narghile-medio-a-doppio-tubo\/","og_locale":"de_DE","og_type":"article","og_title":"Medium Double Pipe Hookah","og_description":"The Medium Double Pipe Hookah is the perfect gift for someone who has everything or just wants to try something","og_url":"https:\/\/global-hookah.com\/de\/it\/prodotto\/narghile-medio-a-doppio-tubo\/","og_site_name":"Global Hookah","article_modified_time":"2024-01-12T03:59:57+00:00","og_image":[{"width":1000,"height":1000,"url":"https:\/\/global-hookah.com\/wp-content\/uploads\/2023\/02\/\u4e3b\u56fe-01-1.jpg","type":"image\/jpeg"}],"twitter_card":"summary_large_image","twitter_misc":{"Gesch\u00e4tzte Lesezeit":"2\u00a0Minuten"},"schema":{"@context":"https:\/\/schema.org","@graph":[{"@type":"WebPage","@id":"https:\/\/global-hookah.com\/it\/prodotto\/narghile-medio-a-doppio-tubo\/","url":"https:\/\/global-hookah.com\/it\/prodotto\/narghile-medio-a-doppio-tubo\/","name":"Mittlere Doppelpfeife Wasserpfeife - Global Hookah","isPartOf":{"@id":"https:\/\/global-hookah.com\/#website"},"primaryImageOfPage":{"@id":"https:\/\/global-hookah.com\/it\/prodotto\/narghile-medio-a-doppio-tubo\/#primaryimage"},"image":{"@id":"https:\/\/global-hookah.com\/it\/prodotto\/narghile-medio-a-doppio-tubo\/#primaryimage"},"thumbnailUrl":"https:\/\/global-hookah.com\/wp-content\/uploads\/2023\/02\/\u4e3b\u56fe-01-1.jpg","datePublished":"2023-02-27T13:32:27+00:00","dateModified":"2024-01-12T03:59:57+00:00","breadcrumb":{"@id":"https:\/\/global-hookah.com\/it\/prodotto\/narghile-medio-a-doppio-tubo\/#breadcrumb"},"inLanguage":"de","potentialAction":[{"@type":"ReadAction","target":["https:\/\/global-hookah.com\/it\/prodotto\/narghile-medio-a-doppio-tubo\/"]}]},{"@type":"ImageObject","inLanguage":"de","@id":"https:\/\/global-hookah.com\/it\/prodotto\/narghile-medio-a-doppio-tubo\/#primaryimage","url":"https:\/\/global-hookah.com\/wp-content\/uploads\/2023\/02\/\u4e3b\u56fe-01-1.jpg","contentUrl":"https:\/\/global-hookah.com\/wp-content\/uploads\/2023\/02\/\u4e3b\u56fe-01-1.jpg","width":1000,"height":1000,"caption":"Medium Double Pipe Hookah"},{"@type":"BreadcrumbList","@id":"https:\/\/global-hookah.com\/it\/prodotto\/narghile-medio-a-doppio-tubo\/#breadcrumb","itemListElement":[{"@type":"ListItem","position":1,"name":"Home","item":"https:\/\/global-hookah.com\/"},{"@type":"ListItem","position":2,"name":"Shop","item":"https:\/\/global-hookah.com\/shop\/"},{"@type":"ListItem","position":3,"name":"Medium Double Pipe Hookah"}]},{"@type":"WebSite","@id":"https:\/\/global-hookah.com\/#website","url":"https:\/\/global-hookah.com\/","name":"Globale Wasserpfeife","description":"Globale Wasserpfeife","publisher":{"@id":"https:\/\/global-hookah.com\/#organization"},"potentialAction":[{"@type":"SearchAction","target":{"@type":"EntryPoint","urlTemplate":"https:\/\/global-hookah.com\/?s={search_term_string}"},"query-input":{"@type":"PropertyValueSpecification","valueRequired":true,"valueName":"search_term_string"}}],"inLanguage":"de"},{"@type":"Organization","@id":"https:\/\/global-hookah.com\/#organization","name":"Globale Wasserpfeife","url":"https:\/\/global-hookah.com\/","logo":{"@type":"ImageObject","inLanguage":"de","@id":"https:\/\/global-hookah.com\/#\/schema\/logo\/image\/","url":"https:\/\/global-hookah.com\/wp-content\/uploads\/2021\/10\/cropped-fgg.png","contentUrl":"https:\/\/global-hookah.com\/wp-content\/uploads\/2021\/10\/cropped-fgg.png","width":512,"height":512,"caption":"Global Hookah"},"image":{"@id":"https:\/\/global-hookah.com\/#\/schema\/logo\/image\/"}}]}},"_links":{"self":[{"href":"https:\/\/global-hookah.com\/de\/wp-json\/wp\/v2\/product\/10685","targetHints":{"allow":["GET"]}}],"collection":[{"href":"https:\/\/global-hookah.com\/de\/wp-json\/wp\/v2\/product"}],"about":[{"href":"https:\/\/global-hookah.com\/de\/wp-json\/wp\/v2\/types\/product"}],"replies":[{"embeddable":true,"href":"https:\/\/global-hookah.com\/de\/wp-json\/wp\/v2\/comments?post=10685"}],"version-history":[{"count":0,"href":"https:\/\/global-hookah.com\/de\/wp-json\/wp\/v2\/product\/10685\/revisions"}],"wp:featuredmedia":[{"embeddable":true,"href":"https:\/\/global-hookah.com\/de\/wp-json\/wp\/v2\/media\/10687"}],"wp:attachment":[{"href":"https:\/\/global-hookah.com\/de\/wp-json\/wp\/v2\/media?parent=10685"}],"wp:term":[{"taxonomy":"product_brand","embeddable":true,"href":"https:\/\/global-hookah.com\/de\/wp-json\/wp\/v2\/product_brand?post=10685"},{"taxonomy":"product_cat","embeddable":true,"href":"https:\/\/global-hookah.com\/de\/wp-json\/wp\/v2\/product_cat?post=10685"},{"taxonomy":"product_tag","embeddable":true,"href":"https:\/\/global-hookah.com\/de\/wp-json\/wp\/v2\/product_tag?post=10685"}],"curies":[{"name":"wp","href":"https:\/\/api.w.org\/{rel}","templated":true}]}}