{"id":10832,"date":"2023-03-02T12:31:10","date_gmt":"2023-03-02T12:31:10","guid":{"rendered":"https:\/\/global-hookah.com\/?post_type=product&#038;p=10832"},"modified":"2023-03-02T12:31:11","modified_gmt":"2023-03-02T12:31:11","slug":"acrylic-hookah","status":"publish","type":"product","link":"https:\/\/global-hookah.com\/de\/produkt\/acrylic-hookah\/","title":{"rendered":"Wasserpfeife aus Acryl"},"content":{"rendered":"<p>Acryl Wasserpfeife ist die neueste Innovation im Rauchen. Es ist aus Acryl-Material und dieses Material ist sehr stark. Es ist v\u00f6llig sicher zu bedienen und es hat keine sch\u00e4dlichen Auswirkungen auf Ihre Gesundheit. Abgesehen davon, dass diese Acryl Wasserpfeife wiegt Leicht, bruchsicher und langlebig<\/p>\n<p>Und das Acrylmaterial hat eine bessere W\u00e4rmed\u00e4mmwirkung als andere Materialien wie Glas oder Ton. Das bedeutet, dass Ihr Rauch k\u00fchler ist als \u00fcblich, was Ihre Lunge und Ihren Rachen schont.<\/p>\n<p>Unsere Acryl Wasserpfeife kann mit jeder Art von Tabak verwendet werden, aber es ist besser, es mit Shisha-Tabak zu verwenden, weil es Ihnen besseren Geschmack und Aroma gibt. Sie k\u00f6nnen auch diese Wasserpfeife mit anderen Arten von S\u00e4ften wie Apfelsaft oder Zitronensaft usw. verwenden.<\/p>","protected":false},"excerpt":{"rendered":"<p>Acryl Wasserpfeife ist die neueste Innovation im Rauchen. Es ist aus Acryl-Material hergestellt und dieses Material ist sehr stark.<\/p>","protected":false},"featured_media":0,"comment_status":"open","ping_status":"closed","template":"","meta":{"iawp_total_views":0,"_joinchat":[]},"product_brand":[],"product_cat":[415],"product_tag":[],"class_list":{"0":"post-10832","1":"product","2":"type-product","3":"status-publish","5":"product_cat-accessories","7":"first","8":"instock","9":"shipping-taxable","10":"product-type-simple"},"yoast_head":"<!-- This site is optimized with the Yoast SEO Premium plugin v24.7 (Yoast SEO v26.8) - https:\/\/yoast.com\/product\/yoast-seo-premium-wordpress\/ -->\n<title>Acrylic hookah - Global Hookah<\/title>\n<meta name=\"robots\" content=\"index, follow, max-snippet:-1, max-image-preview:large, max-video-preview:-1\" \/>\n<link rel=\"canonical\" href=\"https:\/\/global-hookah.com\/de\/produkt\/acrylic-hookah\/\" \/>\n<meta property=\"og:locale\" content=\"de_DE\" \/>\n<meta property=\"og:type\" content=\"article\" \/>\n<meta property=\"og:title\" content=\"Acrylic hookah\" \/>\n<meta property=\"og:description\" content=\"Acrylic hookah is the latest innovation in smoking. It is made of acrylic material and this material is very strong.\" \/>\n<meta property=\"og:url\" content=\"https:\/\/global-hookah.com\/de\/produkt\/acrylic-hookah\/\" \/>\n<meta property=\"og:site_name\" content=\"Global Hookah\" \/>\n<meta property=\"article:modified_time\" content=\"2023-03-02T12:31:11+00:00\" \/>\n<meta name=\"twitter:card\" content=\"summary_large_image\" \/>\n<script type=\"application\/ld+json\" class=\"yoast-schema-graph\">{\"@context\":\"https:\/\/schema.org\",\"@graph\":[{\"@type\":\"WebPage\",\"@id\":\"https:\/\/global-hookah.com\/product\/acrylic-hookah\/\",\"url\":\"https:\/\/global-hookah.com\/product\/acrylic-hookah\/\",\"name\":\"Acrylic hookah - Global Hookah\",\"isPartOf\":{\"@id\":\"https:\/\/global-hookah.com\/#website\"},\"datePublished\":\"2023-03-02T12:31:10+00:00\",\"dateModified\":\"2023-03-02T12:31:11+00:00\",\"breadcrumb\":{\"@id\":\"https:\/\/global-hookah.com\/product\/acrylic-hookah\/#breadcrumb\"},\"inLanguage\":\"de\",\"potentialAction\":[{\"@type\":\"ReadAction\",\"target\":[\"https:\/\/global-hookah.com\/product\/acrylic-hookah\/\"]}]},{\"@type\":\"BreadcrumbList\",\"@id\":\"https:\/\/global-hookah.com\/product\/acrylic-hookah\/#breadcrumb\",\"itemListElement\":[{\"@type\":\"ListItem\",\"position\":1,\"name\":\"Home\",\"item\":\"https:\/\/global-hookah.com\/\"},{\"@type\":\"ListItem\",\"position\":2,\"name\":\"Shop\",\"item\":\"https:\/\/global-hookah.com\/shop\/\"},{\"@type\":\"ListItem\",\"position\":3,\"name\":\"Acrylic hookah\"}]},{\"@type\":\"WebSite\",\"@id\":\"https:\/\/global-hookah.com\/#website\",\"url\":\"https:\/\/global-hookah.com\/\",\"name\":\"Global Hookah\",\"description\":\"Global Hookah\",\"publisher\":{\"@id\":\"https:\/\/global-hookah.com\/#organization\"},\"potentialAction\":[{\"@type\":\"SearchAction\",\"target\":{\"@type\":\"EntryPoint\",\"urlTemplate\":\"https:\/\/global-hookah.com\/?s={search_term_string}\"},\"query-input\":{\"@type\":\"PropertyValueSpecification\",\"valueRequired\":true,\"valueName\":\"search_term_string\"}}],\"inLanguage\":\"de\"},{\"@type\":\"Organization\",\"@id\":\"https:\/\/global-hookah.com\/#organization\",\"name\":\"Global Hookah\",\"url\":\"https:\/\/global-hookah.com\/\",\"logo\":{\"@type\":\"ImageObject\",\"inLanguage\":\"de\",\"@id\":\"https:\/\/global-hookah.com\/#\/schema\/logo\/image\/\",\"url\":\"https:\/\/global-hookah.com\/wp-content\/uploads\/2021\/10\/cropped-fgg.png\",\"contentUrl\":\"https:\/\/global-hookah.com\/wp-content\/uploads\/2021\/10\/cropped-fgg.png\",\"width\":512,\"height\":512,\"caption\":\"Global Hookah\"},\"image\":{\"@id\":\"https:\/\/global-hookah.com\/#\/schema\/logo\/image\/\"}}]}<\/script>\n<!-- \/ Yoast SEO Premium plugin. -->","yoast_head_json":{"title":"Wasserpfeife aus Acryl - Global Hookah","robots":{"index":"index","follow":"follow","max-snippet":"max-snippet:-1","max-image-preview":"max-image-preview:large","max-video-preview":"max-video-preview:-1"},"canonical":"https:\/\/global-hookah.com\/de\/produkt\/acrylic-hookah\/","og_locale":"de_DE","og_type":"article","og_title":"Acrylic hookah","og_description":"Acrylic hookah is the latest innovation in smoking. It is made of acrylic material and this material is very strong.","og_url":"https:\/\/global-hookah.com\/de\/produkt\/acrylic-hookah\/","og_site_name":"Global Hookah","article_modified_time":"2023-03-02T12:31:11+00:00","twitter_card":"summary_large_image","schema":{"@context":"https:\/\/schema.org","@graph":[{"@type":"WebPage","@id":"https:\/\/global-hookah.com\/product\/acrylic-hookah\/","url":"https:\/\/global-hookah.com\/product\/acrylic-hookah\/","name":"Wasserpfeife aus Acryl - Global Hookah","isPartOf":{"@id":"https:\/\/global-hookah.com\/#website"},"datePublished":"2023-03-02T12:31:10+00:00","dateModified":"2023-03-02T12:31:11+00:00","breadcrumb":{"@id":"https:\/\/global-hookah.com\/product\/acrylic-hookah\/#breadcrumb"},"inLanguage":"de","potentialAction":[{"@type":"ReadAction","target":["https:\/\/global-hookah.com\/product\/acrylic-hookah\/"]}]},{"@type":"BreadcrumbList","@id":"https:\/\/global-hookah.com\/product\/acrylic-hookah\/#breadcrumb","itemListElement":[{"@type":"ListItem","position":1,"name":"Home","item":"https:\/\/global-hookah.com\/"},{"@type":"ListItem","position":2,"name":"Shop","item":"https:\/\/global-hookah.com\/shop\/"},{"@type":"ListItem","position":3,"name":"Acrylic hookah"}]},{"@type":"WebSite","@id":"https:\/\/global-hookah.com\/#website","url":"https:\/\/global-hookah.com\/","name":"Globale Wasserpfeife","description":"Globale Wasserpfeife","publisher":{"@id":"https:\/\/global-hookah.com\/#organization"},"potentialAction":[{"@type":"SearchAction","target":{"@type":"EntryPoint","urlTemplate":"https:\/\/global-hookah.com\/?s={search_term_string}"},"query-input":{"@type":"PropertyValueSpecification","valueRequired":true,"valueName":"search_term_string"}}],"inLanguage":"de"},{"@type":"Organization","@id":"https:\/\/global-hookah.com\/#organization","name":"Globale Wasserpfeife","url":"https:\/\/global-hookah.com\/","logo":{"@type":"ImageObject","inLanguage":"de","@id":"https:\/\/global-hookah.com\/#\/schema\/logo\/image\/","url":"https:\/\/global-hookah.com\/wp-content\/uploads\/2021\/10\/cropped-fgg.png","contentUrl":"https:\/\/global-hookah.com\/wp-content\/uploads\/2021\/10\/cropped-fgg.png","width":512,"height":512,"caption":"Global Hookah"},"image":{"@id":"https:\/\/global-hookah.com\/#\/schema\/logo\/image\/"}}]}},"_links":{"self":[{"href":"https:\/\/global-hookah.com\/de\/wp-json\/wp\/v2\/product\/10832","targetHints":{"allow":["GET"]}}],"collection":[{"href":"https:\/\/global-hookah.com\/de\/wp-json\/wp\/v2\/product"}],"about":[{"href":"https:\/\/global-hookah.com\/de\/wp-json\/wp\/v2\/types\/product"}],"replies":[{"embeddable":true,"href":"https:\/\/global-hookah.com\/de\/wp-json\/wp\/v2\/comments?post=10832"}],"version-history":[{"count":0,"href":"https:\/\/global-hookah.com\/de\/wp-json\/wp\/v2\/product\/10832\/revisions"}],"wp:attachment":[{"href":"https:\/\/global-hookah.com\/de\/wp-json\/wp\/v2\/media?parent=10832"}],"wp:term":[{"taxonomy":"product_brand","embeddable":true,"href":"https:\/\/global-hookah.com\/de\/wp-json\/wp\/v2\/product_brand?post=10832"},{"taxonomy":"product_cat","embeddable":true,"href":"https:\/\/global-hookah.com\/de\/wp-json\/wp\/v2\/product_cat?post=10832"},{"taxonomy":"product_tag","embeddable":true,"href":"https:\/\/global-hookah.com\/de\/wp-json\/wp\/v2\/product_tag?post=10832"}],"curies":[{"name":"wp","href":"https:\/\/api.w.org\/{rel}","templated":true}]}}