{"id":10870,"date":"2023-03-03T13:03:34","date_gmt":"2023-03-03T13:03:34","guid":{"rendered":"https:\/\/global-hookah.com\/?post_type=product&#038;p=10870"},"modified":"2023-03-05T12:36:03","modified_gmt":"2023-03-05T12:36:03","slug":"silicone-weed-gas-mask-bong","status":"publish","type":"product","link":"https:\/\/global-hookah.com\/de\/produkt\/silicone-weed-gas-mask-bong\/","title":{"rendered":"Silikon Unkraut Gasmaske Bong"},"content":{"rendered":"<p>Die <strong>Silikon Unkraut Gasmaske Bong<\/strong> ist eine unterhaltsame Art, Dein Lieblingskraut zu rauchen. Die Silikon-Gasmaske ist aus hochwertigem Silikonmaterial hergestellt, das dick und haltbar ist. Sie hat einen verstellbaren Riemen, der f\u00fcr jede Kopfgr\u00f6\u00dfe geeignet ist, auch f\u00fcr die gr\u00f6\u00dften K\u00f6pfe.<\/p>\n<p>Die <strong>Silikon-Kifferbong<\/strong> ist mit einem Carb-Loch ausgestattet, so dass Sie kontrollieren k\u00f6nnen, wie viel Rauch Sie auf einmal inhalieren. Die Schale dieser Bong ist abnehmbar, was die Reinigung zu einem Kinderspiel macht.<\/p>\n<p>Die <strong>silikon kiffen bongs<\/strong> wird mit einem langen Kunststoffschlauch geliefert, der an die Gasmaske angeschlossen wird. Dieser Schlauch kann mit Wasser gef\u00fcllt werden, so dass Sie mehr Rauch auf einmal einatmen k\u00f6nnen. Dadurch wird der Ball glatter getroffen<\/p>\n<p>Der Grund, warum die Menschen dieses Produkt kaufen sollten <a href=\"https:\/\/global-hookah.com\/product-category\/bongs\/gas-mask-bong\/\">Art der einzigartigen Wasserpfeife<\/a> ist, weil es wirklich cool aussieht, wenn man aus ihm raucht! Es ist auch gro\u00dfartig f\u00fcr Partys, weil die Leute es sofort bemerken werden, wenn sie in Ihre gehen, und seine Premium-Silikon-Material, verstellbare Riemen und eine anpassbare vaping Erfahrung, so dass es eine beliebte Wahl unter Marihuana-Liebhabern<\/p>","protected":false},"excerpt":{"rendered":"<p>Die Silikon-Gasmaske Bong ist eine lustige Art, Dein Lieblingskraut zu rauchen. Die Silikon-Gasmaske f\u00fcr Gras<\/p>","protected":false},"featured_media":10878,"comment_status":"open","ping_status":"closed","template":"","meta":{"iawp_total_views":3,"_joinchat":[]},"product_brand":[],"product_cat":[204],"product_tag":[],"class_list":{"0":"post-10870","1":"product","2":"type-product","3":"status-publish","4":"has-post-thumbnail","6":"product_cat-gas-mask-bong-wholesale","8":"first","9":"instock","10":"shipping-taxable","11":"product-type-simple"},"yoast_head":"<!-- This site is optimized with the Yoast SEO Premium plugin v24.7 (Yoast SEO v26.8) - https:\/\/yoast.com\/product\/yoast-seo-premium-wordpress\/ -->\n<title>Silicone Weed Gas Mask Bong - Global Hookah<\/title>\n<meta name=\"robots\" content=\"index, follow, max-snippet:-1, max-image-preview:large, max-video-preview:-1\" \/>\n<link rel=\"canonical\" href=\"https:\/\/global-hookah.com\/de\/produkt\/silicone-weed-gas-mask-bong\/\" \/>\n<meta property=\"og:locale\" content=\"de_DE\" \/>\n<meta property=\"og:type\" content=\"article\" \/>\n<meta property=\"og:title\" content=\"Silicone Weed Gas Mask Bong\" \/>\n<meta property=\"og:description\" content=\"The Silicone Weed Gas Mask Bong is a fun way to smoke your favorite herb. The silicone weed gas mask\" \/>\n<meta property=\"og:url\" content=\"https:\/\/global-hookah.com\/de\/produkt\/silicone-weed-gas-mask-bong\/\" \/>\n<meta property=\"og:site_name\" content=\"Global Hookah\" \/>\n<meta property=\"article:modified_time\" content=\"2023-03-05T12:36:03+00:00\" \/>\n<meta property=\"og:image\" content=\"https:\/\/global-hookah.com\/wp-content\/uploads\/2023\/03\/\u4e3b\u56fe-05-1.jpg\" \/>\n\t<meta property=\"og:image:width\" content=\"800\" \/>\n\t<meta property=\"og:image:height\" content=\"800\" \/>\n\t<meta property=\"og:image:type\" content=\"image\/jpeg\" \/>\n<meta name=\"twitter:card\" content=\"summary_large_image\" \/>\n<meta name=\"twitter:label1\" content=\"Gesch\u00e4tzte Lesezeit\" \/>\n\t<meta name=\"twitter:data1\" content=\"1\u00a0Minute\" \/>\n<script type=\"application\/ld+json\" class=\"yoast-schema-graph\">{\"@context\":\"https:\/\/schema.org\",\"@graph\":[{\"@type\":\"WebPage\",\"@id\":\"https:\/\/global-hookah.com\/product\/silicone-weed-gas-mask-bong\/\",\"url\":\"https:\/\/global-hookah.com\/product\/silicone-weed-gas-mask-bong\/\",\"name\":\"Silicone Weed Gas Mask Bong - Global Hookah\",\"isPartOf\":{\"@id\":\"https:\/\/global-hookah.com\/#website\"},\"primaryImageOfPage\":{\"@id\":\"https:\/\/global-hookah.com\/product\/silicone-weed-gas-mask-bong\/#primaryimage\"},\"image\":{\"@id\":\"https:\/\/global-hookah.com\/product\/silicone-weed-gas-mask-bong\/#primaryimage\"},\"thumbnailUrl\":\"https:\/\/global-hookah.com\/wp-content\/uploads\/2023\/03\/\u4e3b\u56fe-05-1.jpg\",\"datePublished\":\"2023-03-03T13:03:34+00:00\",\"dateModified\":\"2023-03-05T12:36:03+00:00\",\"breadcrumb\":{\"@id\":\"https:\/\/global-hookah.com\/product\/silicone-weed-gas-mask-bong\/#breadcrumb\"},\"inLanguage\":\"de\",\"potentialAction\":[{\"@type\":\"ReadAction\",\"target\":[\"https:\/\/global-hookah.com\/product\/silicone-weed-gas-mask-bong\/\"]}]},{\"@type\":\"ImageObject\",\"inLanguage\":\"de\",\"@id\":\"https:\/\/global-hookah.com\/product\/silicone-weed-gas-mask-bong\/#primaryimage\",\"url\":\"https:\/\/global-hookah.com\/wp-content\/uploads\/2023\/03\/\u4e3b\u56fe-05-1.jpg\",\"contentUrl\":\"https:\/\/global-hookah.com\/wp-content\/uploads\/2023\/03\/\u4e3b\u56fe-05-1.jpg\",\"width\":800,\"height\":800,\"caption\":\"weed gas mask bong\"},{\"@type\":\"BreadcrumbList\",\"@id\":\"https:\/\/global-hookah.com\/product\/silicone-weed-gas-mask-bong\/#breadcrumb\",\"itemListElement\":[{\"@type\":\"ListItem\",\"position\":1,\"name\":\"Home\",\"item\":\"https:\/\/global-hookah.com\/\"},{\"@type\":\"ListItem\",\"position\":2,\"name\":\"Shop\",\"item\":\"https:\/\/global-hookah.com\/shop\/\"},{\"@type\":\"ListItem\",\"position\":3,\"name\":\"Silicone Weed Gas Mask Bong\"}]},{\"@type\":\"WebSite\",\"@id\":\"https:\/\/global-hookah.com\/#website\",\"url\":\"https:\/\/global-hookah.com\/\",\"name\":\"Global Hookah\",\"description\":\"Global Hookah\",\"publisher\":{\"@id\":\"https:\/\/global-hookah.com\/#organization\"},\"potentialAction\":[{\"@type\":\"SearchAction\",\"target\":{\"@type\":\"EntryPoint\",\"urlTemplate\":\"https:\/\/global-hookah.com\/?s={search_term_string}\"},\"query-input\":{\"@type\":\"PropertyValueSpecification\",\"valueRequired\":true,\"valueName\":\"search_term_string\"}}],\"inLanguage\":\"de\"},{\"@type\":\"Organization\",\"@id\":\"https:\/\/global-hookah.com\/#organization\",\"name\":\"Global Hookah\",\"url\":\"https:\/\/global-hookah.com\/\",\"logo\":{\"@type\":\"ImageObject\",\"inLanguage\":\"de\",\"@id\":\"https:\/\/global-hookah.com\/#\/schema\/logo\/image\/\",\"url\":\"https:\/\/global-hookah.com\/wp-content\/uploads\/2021\/10\/cropped-fgg.png\",\"contentUrl\":\"https:\/\/global-hookah.com\/wp-content\/uploads\/2021\/10\/cropped-fgg.png\",\"width\":512,\"height\":512,\"caption\":\"Global Hookah\"},\"image\":{\"@id\":\"https:\/\/global-hookah.com\/#\/schema\/logo\/image\/\"}}]}<\/script>\n<!-- \/ Yoast SEO Premium plugin. -->","yoast_head_json":{"title":"Silikon Unkraut Gasmaske Bong - Global Hookah","robots":{"index":"index","follow":"follow","max-snippet":"max-snippet:-1","max-image-preview":"max-image-preview:large","max-video-preview":"max-video-preview:-1"},"canonical":"https:\/\/global-hookah.com\/de\/produkt\/silicone-weed-gas-mask-bong\/","og_locale":"de_DE","og_type":"article","og_title":"Silicone Weed Gas Mask Bong","og_description":"The Silicone Weed Gas Mask Bong is a fun way to smoke your favorite herb. The silicone weed gas mask","og_url":"https:\/\/global-hookah.com\/de\/produkt\/silicone-weed-gas-mask-bong\/","og_site_name":"Global Hookah","article_modified_time":"2023-03-05T12:36:03+00:00","og_image":[{"width":800,"height":800,"url":"https:\/\/global-hookah.com\/wp-content\/uploads\/2023\/03\/\u4e3b\u56fe-05-1.jpg","type":"image\/jpeg"}],"twitter_card":"summary_large_image","twitter_misc":{"Gesch\u00e4tzte Lesezeit":"1\u00a0Minute"},"schema":{"@context":"https:\/\/schema.org","@graph":[{"@type":"WebPage","@id":"https:\/\/global-hookah.com\/product\/silicone-weed-gas-mask-bong\/","url":"https:\/\/global-hookah.com\/product\/silicone-weed-gas-mask-bong\/","name":"Silikon Unkraut Gasmaske Bong - Global Hookah","isPartOf":{"@id":"https:\/\/global-hookah.com\/#website"},"primaryImageOfPage":{"@id":"https:\/\/global-hookah.com\/product\/silicone-weed-gas-mask-bong\/#primaryimage"},"image":{"@id":"https:\/\/global-hookah.com\/product\/silicone-weed-gas-mask-bong\/#primaryimage"},"thumbnailUrl":"https:\/\/global-hookah.com\/wp-content\/uploads\/2023\/03\/\u4e3b\u56fe-05-1.jpg","datePublished":"2023-03-03T13:03:34+00:00","dateModified":"2023-03-05T12:36:03+00:00","breadcrumb":{"@id":"https:\/\/global-hookah.com\/product\/silicone-weed-gas-mask-bong\/#breadcrumb"},"inLanguage":"de","potentialAction":[{"@type":"ReadAction","target":["https:\/\/global-hookah.com\/product\/silicone-weed-gas-mask-bong\/"]}]},{"@type":"ImageObject","inLanguage":"de","@id":"https:\/\/global-hookah.com\/product\/silicone-weed-gas-mask-bong\/#primaryimage","url":"https:\/\/global-hookah.com\/wp-content\/uploads\/2023\/03\/\u4e3b\u56fe-05-1.jpg","contentUrl":"https:\/\/global-hookah.com\/wp-content\/uploads\/2023\/03\/\u4e3b\u56fe-05-1.jpg","width":800,"height":800,"caption":"weed gas mask bong"},{"@type":"BreadcrumbList","@id":"https:\/\/global-hookah.com\/product\/silicone-weed-gas-mask-bong\/#breadcrumb","itemListElement":[{"@type":"ListItem","position":1,"name":"Home","item":"https:\/\/global-hookah.com\/"},{"@type":"ListItem","position":2,"name":"Shop","item":"https:\/\/global-hookah.com\/shop\/"},{"@type":"ListItem","position":3,"name":"Silicone Weed Gas Mask Bong"}]},{"@type":"WebSite","@id":"https:\/\/global-hookah.com\/#website","url":"https:\/\/global-hookah.com\/","name":"Globale Wasserpfeife","description":"Globale Wasserpfeife","publisher":{"@id":"https:\/\/global-hookah.com\/#organization"},"potentialAction":[{"@type":"SearchAction","target":{"@type":"EntryPoint","urlTemplate":"https:\/\/global-hookah.com\/?s={search_term_string}"},"query-input":{"@type":"PropertyValueSpecification","valueRequired":true,"valueName":"search_term_string"}}],"inLanguage":"de"},{"@type":"Organization","@id":"https:\/\/global-hookah.com\/#organization","name":"Globale Wasserpfeife","url":"https:\/\/global-hookah.com\/","logo":{"@type":"ImageObject","inLanguage":"de","@id":"https:\/\/global-hookah.com\/#\/schema\/logo\/image\/","url":"https:\/\/global-hookah.com\/wp-content\/uploads\/2021\/10\/cropped-fgg.png","contentUrl":"https:\/\/global-hookah.com\/wp-content\/uploads\/2021\/10\/cropped-fgg.png","width":512,"height":512,"caption":"Global Hookah"},"image":{"@id":"https:\/\/global-hookah.com\/#\/schema\/logo\/image\/"}}]}},"_links":{"self":[{"href":"https:\/\/global-hookah.com\/de\/wp-json\/wp\/v2\/product\/10870","targetHints":{"allow":["GET"]}}],"collection":[{"href":"https:\/\/global-hookah.com\/de\/wp-json\/wp\/v2\/product"}],"about":[{"href":"https:\/\/global-hookah.com\/de\/wp-json\/wp\/v2\/types\/product"}],"replies":[{"embeddable":true,"href":"https:\/\/global-hookah.com\/de\/wp-json\/wp\/v2\/comments?post=10870"}],"version-history":[{"count":0,"href":"https:\/\/global-hookah.com\/de\/wp-json\/wp\/v2\/product\/10870\/revisions"}],"wp:featuredmedia":[{"embeddable":true,"href":"https:\/\/global-hookah.com\/de\/wp-json\/wp\/v2\/media\/10878"}],"wp:attachment":[{"href":"https:\/\/global-hookah.com\/de\/wp-json\/wp\/v2\/media?parent=10870"}],"wp:term":[{"taxonomy":"product_brand","embeddable":true,"href":"https:\/\/global-hookah.com\/de\/wp-json\/wp\/v2\/product_brand?post=10870"},{"taxonomy":"product_cat","embeddable":true,"href":"https:\/\/global-hookah.com\/de\/wp-json\/wp\/v2\/product_cat?post=10870"},{"taxonomy":"product_tag","embeddable":true,"href":"https:\/\/global-hookah.com\/de\/wp-json\/wp\/v2\/product_tag?post=10870"}],"curies":[{"name":"wp","href":"https:\/\/api.w.org\/{rel}","templated":true}]}}