{"id":10899,"date":"2023-03-03T13:17:31","date_gmt":"2023-03-03T13:17:31","guid":{"rendered":"https:\/\/global-hookah.com\/?post_type=product&#038;p=10899"},"modified":"2023-03-05T15:00:47","modified_gmt":"2023-03-05T15:00:47","slug":"silicone-gas-mask-bong-with-hose","status":"publish","type":"product","link":"https:\/\/global-hookah.com\/de\/produkt\/silicone-gas-mask-bong-with-hose\/","title":{"rendered":"Silikon-Gasmaske Bong mit Schlauch"},"content":{"rendered":"<p><strong>Silikon-Gasmaske Bong mit Schlauch<\/strong> ist eine einzigartige und aufregende Art, Gras zu rauchen. Sie sieht aus wie eine Gasmaske und ist aus Silikon gefertigt, sodass sie leicht zu reinigen und zu pflegen ist. Diese <strong>Silikon-Gasmaske Bong mit Schlauch<\/strong> hat ein ergonomisches Design, das es bequem zu halten und zu verwenden macht. Er wird mit einem abnehmbaren Schlauch geliefert, der das Rauchen erleichtert. Das Silikonmaterial ist leicht zu reinigen und sorgt f\u00fcr Komfort w\u00e4hrend des Gebrauchs.<\/p>\n<p>Die Schale kommt auch mit Metallsieben, die f\u00fcr die Abschirmung von Verunreinigungen aus dem Rauch sind gro\u00df. diese <strong>Silikon-Gasmaske Bong mit Schlauch<\/strong> sorgen f\u00fcr ein angenehmes und befriedigendes Raucherlebnis. Au\u00dferdem sind die Metallsiebe wiederverwendbar, so dass Sie sich nicht darum k\u00fcmmern m\u00fcssen, sie regelm\u00e4\u00dfig auszutauschen.<\/p>\n<p>Die verstellbaren Riemen sorgen daf\u00fcr, dass Sie die Passform der Pfeife nach Ihren W\u00fcnschen anpassen k\u00f6nnen, so dass sie auch \u00fcber l\u00e4ngere Zeitr\u00e4ume bequem zu benutzen ist. Diese Funktion ist besonders n\u00fctzlich f\u00fcr diejenigen, die es vorziehen, unterwegs zu rauchen.<\/p>\n<p>Auch das Design der Totenkopfpfeife ist ein wichtiges Verkaufsargument f\u00fcr dieses Rauchzubeh\u00f6r. Das komplizierte Design besteht aus einem sch\u00e4delf\u00f6rmigen Pfeifenkopf mit einer \u00d6ffnung im oberen Teil f\u00fcr das Sieb und einem Mundst\u00fcck im unteren Teil. Das Totenkopfdesign verleiht Ihrem Raucherlebnis einen Hauch von Stil und macht es zu einem gro\u00dfartigen Gespr\u00e4chsanlass.<\/p>","protected":false},"excerpt":{"rendered":"<p>Silikon-Gasmaske Bong mit Schlauch ist eine einzigartige und aufregende Art, Gras zu rauchen. Sie hat das Aussehen von<\/p>","protected":false},"featured_media":10906,"comment_status":"open","ping_status":"closed","template":"","meta":{"iawp_total_views":3,"_joinchat":[]},"product_brand":[],"product_cat":[204],"product_tag":[],"class_list":{"0":"post-10899","1":"product","2":"type-product","3":"status-publish","4":"has-post-thumbnail","6":"product_cat-gas-mask-bong-wholesale","8":"first","9":"instock","10":"shipping-taxable","11":"product-type-simple"},"yoast_head":"<!-- This site is optimized with the Yoast SEO Premium plugin v24.7 (Yoast SEO v26.8) - https:\/\/yoast.com\/product\/yoast-seo-premium-wordpress\/ -->\n<title>Silicone Gas Mask Bong With Hose - Global Hookah<\/title>\n<meta name=\"robots\" content=\"index, follow, max-snippet:-1, max-image-preview:large, max-video-preview:-1\" \/>\n<link rel=\"canonical\" href=\"https:\/\/global-hookah.com\/de\/produkt\/silicone-gas-mask-bong-with-hose\/\" \/>\n<meta property=\"og:locale\" content=\"de_DE\" \/>\n<meta property=\"og:type\" content=\"article\" \/>\n<meta property=\"og:title\" content=\"Silicone Gas Mask Bong With Hose\" \/>\n<meta property=\"og:description\" content=\"Silicone Gas Mask Bong With Hose is a unique and exciting way to smoke weed. It has the appearance of\" \/>\n<meta property=\"og:url\" content=\"https:\/\/global-hookah.com\/de\/produkt\/silicone-gas-mask-bong-with-hose\/\" \/>\n<meta property=\"og:site_name\" content=\"Global Hookah\" \/>\n<meta property=\"article:modified_time\" content=\"2023-03-05T15:00:47+00:00\" \/>\n<meta property=\"og:image\" content=\"https:\/\/global-hookah.com\/wp-content\/uploads\/2023\/03\/\u4e3b\u56fe-01-3.jpg\" \/>\n\t<meta property=\"og:image:width\" content=\"800\" \/>\n\t<meta property=\"og:image:height\" content=\"800\" \/>\n\t<meta property=\"og:image:type\" content=\"image\/jpeg\" \/>\n<meta name=\"twitter:card\" content=\"summary_large_image\" \/>\n<meta name=\"twitter:label1\" content=\"Gesch\u00e4tzte Lesezeit\" \/>\n\t<meta name=\"twitter:data1\" content=\"1\u00a0Minute\" \/>\n<script type=\"application\/ld+json\" class=\"yoast-schema-graph\">{\"@context\":\"https:\/\/schema.org\",\"@graph\":[{\"@type\":\"WebPage\",\"@id\":\"https:\/\/global-hookah.com\/product\/silicone-gas-mask-bong-with-hose\/\",\"url\":\"https:\/\/global-hookah.com\/product\/silicone-gas-mask-bong-with-hose\/\",\"name\":\"Silicone Gas Mask Bong With Hose - Global Hookah\",\"isPartOf\":{\"@id\":\"https:\/\/global-hookah.com\/#website\"},\"primaryImageOfPage\":{\"@id\":\"https:\/\/global-hookah.com\/product\/silicone-gas-mask-bong-with-hose\/#primaryimage\"},\"image\":{\"@id\":\"https:\/\/global-hookah.com\/product\/silicone-gas-mask-bong-with-hose\/#primaryimage\"},\"thumbnailUrl\":\"https:\/\/global-hookah.com\/wp-content\/uploads\/2023\/03\/\u4e3b\u56fe-01-3.jpg\",\"datePublished\":\"2023-03-03T13:17:31+00:00\",\"dateModified\":\"2023-03-05T15:00:47+00:00\",\"breadcrumb\":{\"@id\":\"https:\/\/global-hookah.com\/product\/silicone-gas-mask-bong-with-hose\/#breadcrumb\"},\"inLanguage\":\"de\",\"potentialAction\":[{\"@type\":\"ReadAction\",\"target\":[\"https:\/\/global-hookah.com\/product\/silicone-gas-mask-bong-with-hose\/\"]}]},{\"@type\":\"ImageObject\",\"inLanguage\":\"de\",\"@id\":\"https:\/\/global-hookah.com\/product\/silicone-gas-mask-bong-with-hose\/#primaryimage\",\"url\":\"https:\/\/global-hookah.com\/wp-content\/uploads\/2023\/03\/\u4e3b\u56fe-01-3.jpg\",\"contentUrl\":\"https:\/\/global-hookah.com\/wp-content\/uploads\/2023\/03\/\u4e3b\u56fe-01-3.jpg\",\"width\":800,\"height\":800},{\"@type\":\"BreadcrumbList\",\"@id\":\"https:\/\/global-hookah.com\/product\/silicone-gas-mask-bong-with-hose\/#breadcrumb\",\"itemListElement\":[{\"@type\":\"ListItem\",\"position\":1,\"name\":\"Home\",\"item\":\"https:\/\/global-hookah.com\/\"},{\"@type\":\"ListItem\",\"position\":2,\"name\":\"Shop\",\"item\":\"https:\/\/global-hookah.com\/shop\/\"},{\"@type\":\"ListItem\",\"position\":3,\"name\":\"Silicone Gas Mask Bong With Hose\"}]},{\"@type\":\"WebSite\",\"@id\":\"https:\/\/global-hookah.com\/#website\",\"url\":\"https:\/\/global-hookah.com\/\",\"name\":\"Global Hookah\",\"description\":\"Global Hookah\",\"publisher\":{\"@id\":\"https:\/\/global-hookah.com\/#organization\"},\"potentialAction\":[{\"@type\":\"SearchAction\",\"target\":{\"@type\":\"EntryPoint\",\"urlTemplate\":\"https:\/\/global-hookah.com\/?s={search_term_string}\"},\"query-input\":{\"@type\":\"PropertyValueSpecification\",\"valueRequired\":true,\"valueName\":\"search_term_string\"}}],\"inLanguage\":\"de\"},{\"@type\":\"Organization\",\"@id\":\"https:\/\/global-hookah.com\/#organization\",\"name\":\"Global Hookah\",\"url\":\"https:\/\/global-hookah.com\/\",\"logo\":{\"@type\":\"ImageObject\",\"inLanguage\":\"de\",\"@id\":\"https:\/\/global-hookah.com\/#\/schema\/logo\/image\/\",\"url\":\"https:\/\/global-hookah.com\/wp-content\/uploads\/2021\/10\/cropped-fgg.png\",\"contentUrl\":\"https:\/\/global-hookah.com\/wp-content\/uploads\/2021\/10\/cropped-fgg.png\",\"width\":512,\"height\":512,\"caption\":\"Global Hookah\"},\"image\":{\"@id\":\"https:\/\/global-hookah.com\/#\/schema\/logo\/image\/\"}}]}<\/script>\n<!-- \/ Yoast SEO Premium plugin. -->","yoast_head_json":{"title":"Silikon-Gasmaske Bong mit Schlauch - Global Hookah","robots":{"index":"index","follow":"follow","max-snippet":"max-snippet:-1","max-image-preview":"max-image-preview:large","max-video-preview":"max-video-preview:-1"},"canonical":"https:\/\/global-hookah.com\/de\/produkt\/silicone-gas-mask-bong-with-hose\/","og_locale":"de_DE","og_type":"article","og_title":"Silicone Gas Mask Bong With Hose","og_description":"Silicone Gas Mask Bong With Hose is a unique and exciting way to smoke weed. It has the appearance of","og_url":"https:\/\/global-hookah.com\/de\/produkt\/silicone-gas-mask-bong-with-hose\/","og_site_name":"Global Hookah","article_modified_time":"2023-03-05T15:00:47+00:00","og_image":[{"width":800,"height":800,"url":"https:\/\/global-hookah.com\/wp-content\/uploads\/2023\/03\/\u4e3b\u56fe-01-3.jpg","type":"image\/jpeg"}],"twitter_card":"summary_large_image","twitter_misc":{"Gesch\u00e4tzte Lesezeit":"1\u00a0Minute"},"schema":{"@context":"https:\/\/schema.org","@graph":[{"@type":"WebPage","@id":"https:\/\/global-hookah.com\/product\/silicone-gas-mask-bong-with-hose\/","url":"https:\/\/global-hookah.com\/product\/silicone-gas-mask-bong-with-hose\/","name":"Silikon-Gasmaske Bong mit Schlauch - Global Hookah","isPartOf":{"@id":"https:\/\/global-hookah.com\/#website"},"primaryImageOfPage":{"@id":"https:\/\/global-hookah.com\/product\/silicone-gas-mask-bong-with-hose\/#primaryimage"},"image":{"@id":"https:\/\/global-hookah.com\/product\/silicone-gas-mask-bong-with-hose\/#primaryimage"},"thumbnailUrl":"https:\/\/global-hookah.com\/wp-content\/uploads\/2023\/03\/\u4e3b\u56fe-01-3.jpg","datePublished":"2023-03-03T13:17:31+00:00","dateModified":"2023-03-05T15:00:47+00:00","breadcrumb":{"@id":"https:\/\/global-hookah.com\/product\/silicone-gas-mask-bong-with-hose\/#breadcrumb"},"inLanguage":"de","potentialAction":[{"@type":"ReadAction","target":["https:\/\/global-hookah.com\/product\/silicone-gas-mask-bong-with-hose\/"]}]},{"@type":"ImageObject","inLanguage":"de","@id":"https:\/\/global-hookah.com\/product\/silicone-gas-mask-bong-with-hose\/#primaryimage","url":"https:\/\/global-hookah.com\/wp-content\/uploads\/2023\/03\/\u4e3b\u56fe-01-3.jpg","contentUrl":"https:\/\/global-hookah.com\/wp-content\/uploads\/2023\/03\/\u4e3b\u56fe-01-3.jpg","width":800,"height":800},{"@type":"BreadcrumbList","@id":"https:\/\/global-hookah.com\/product\/silicone-gas-mask-bong-with-hose\/#breadcrumb","itemListElement":[{"@type":"ListItem","position":1,"name":"Home","item":"https:\/\/global-hookah.com\/"},{"@type":"ListItem","position":2,"name":"Shop","item":"https:\/\/global-hookah.com\/shop\/"},{"@type":"ListItem","position":3,"name":"Silicone Gas Mask Bong With Hose"}]},{"@type":"WebSite","@id":"https:\/\/global-hookah.com\/#website","url":"https:\/\/global-hookah.com\/","name":"Globale Wasserpfeife","description":"Globale Wasserpfeife","publisher":{"@id":"https:\/\/global-hookah.com\/#organization"},"potentialAction":[{"@type":"SearchAction","target":{"@type":"EntryPoint","urlTemplate":"https:\/\/global-hookah.com\/?s={search_term_string}"},"query-input":{"@type":"PropertyValueSpecification","valueRequired":true,"valueName":"search_term_string"}}],"inLanguage":"de"},{"@type":"Organization","@id":"https:\/\/global-hookah.com\/#organization","name":"Globale Wasserpfeife","url":"https:\/\/global-hookah.com\/","logo":{"@type":"ImageObject","inLanguage":"de","@id":"https:\/\/global-hookah.com\/#\/schema\/logo\/image\/","url":"https:\/\/global-hookah.com\/wp-content\/uploads\/2021\/10\/cropped-fgg.png","contentUrl":"https:\/\/global-hookah.com\/wp-content\/uploads\/2021\/10\/cropped-fgg.png","width":512,"height":512,"caption":"Global Hookah"},"image":{"@id":"https:\/\/global-hookah.com\/#\/schema\/logo\/image\/"}}]}},"_links":{"self":[{"href":"https:\/\/global-hookah.com\/de\/wp-json\/wp\/v2\/product\/10899","targetHints":{"allow":["GET"]}}],"collection":[{"href":"https:\/\/global-hookah.com\/de\/wp-json\/wp\/v2\/product"}],"about":[{"href":"https:\/\/global-hookah.com\/de\/wp-json\/wp\/v2\/types\/product"}],"replies":[{"embeddable":true,"href":"https:\/\/global-hookah.com\/de\/wp-json\/wp\/v2\/comments?post=10899"}],"version-history":[{"count":0,"href":"https:\/\/global-hookah.com\/de\/wp-json\/wp\/v2\/product\/10899\/revisions"}],"wp:featuredmedia":[{"embeddable":true,"href":"https:\/\/global-hookah.com\/de\/wp-json\/wp\/v2\/media\/10906"}],"wp:attachment":[{"href":"https:\/\/global-hookah.com\/de\/wp-json\/wp\/v2\/media?parent=10899"}],"wp:term":[{"taxonomy":"product_brand","embeddable":true,"href":"https:\/\/global-hookah.com\/de\/wp-json\/wp\/v2\/product_brand?post=10899"},{"taxonomy":"product_cat","embeddable":true,"href":"https:\/\/global-hookah.com\/de\/wp-json\/wp\/v2\/product_cat?post=10899"},{"taxonomy":"product_tag","embeddable":true,"href":"https:\/\/global-hookah.com\/de\/wp-json\/wp\/v2\/product_tag?post=10899"}],"curies":[{"name":"wp","href":"https:\/\/api.w.org\/{rel}","templated":true}]}}