{"id":10951,"date":"2023-03-04T11:07:55","date_gmt":"2023-03-04T11:07:55","guid":{"rendered":"https:\/\/global-hookah.com\/?post_type=product&#038;p=10951"},"modified":"2024-04-29T01:13:49","modified_gmt":"2024-04-29T01:13:49","slug":"star-wars-gas-mask-bong","status":"publish","type":"product","link":"https:\/\/global-hookah.com\/de\/produkt\/star-wars-gas-mask-bong\/","title":{"rendered":"Star Wars Gasmaske Bong Gro\u00dfhandel"},"content":{"rendered":"<p>Liebe Star Wars-Fans, seid ihr auf der Suche nach der futuristischsten Star Wars-Bong aller Zeiten? Dann freue ich mich, euch sagen zu k\u00f6nnen, dass ihr hier genau richtig seid! Diese <strong>Gasmaske Bongs<\/strong> wir Gro\u00dfhandel sind beliebt bei Star Wars III Es wird von Fans der Serie, einschlie\u00dflich mir geliebt. Als Star Wars-Fan mag ich dieses futuristische und technologische Design sehr.<\/p>\n<p>Wenn Sie das erste Mal die Augen auf<strong> Gasmaske Bong<\/strong>wirst du genauso begeistert sein wie ich! Es ist einfach so genial und cool! Sie sind aus hochwertigem Silikon und Acryl gefertigt, und unsere Designer haben ihnen w\u00e4hrend des Designprozesses einen futuristischen Look verpasst<\/p>\n<p>Vor allem wiegt es nur 700 g, was bedeutet, dass es auch auf Reisen leicht zu tragen ist. Das Beste von allem ist, dass wir echte Gro\u00dfhandelspreise anbieten, die selbst ein Schn\u00e4ppchenj\u00e4ger wie ich unglaublich g\u00fcnstig findet!<\/p>\n<p>Wenn Sie m\u00f6chten, dass <strong>Gro\u00dfhandel Gasmaske Bong<\/strong>dann ist das <strong>Hochwertige Gasmaske Bong<\/strong> ist Ihre erste Wahl! Und je gr\u00f6\u00dfer Ihr <strong>Gro\u00dfhandelsmenge<\/strong>desto h\u00f6her ist der Rabatt!<\/p>","protected":false},"excerpt":{"rendered":"<p>Liebe Star Wars-Fans, seid ihr auf der Suche nach der futuristischsten Star Wars-Bong aller Zeiten? Dann bin ich froh, dass ich<\/p>","protected":false},"featured_media":10957,"comment_status":"open","ping_status":"closed","template":"","meta":{"iawp_total_views":24,"_joinchat":[]},"product_brand":[],"product_cat":[204],"product_tag":[],"class_list":{"0":"post-10951","1":"product","2":"type-product","3":"status-publish","4":"has-post-thumbnail","6":"product_cat-gas-mask-bong-wholesale","8":"first","9":"instock","10":"shipping-taxable","11":"product-type-external"},"yoast_head":"<!-- This site is optimized with the Yoast SEO Premium plugin v24.7 (Yoast SEO v26.8) - https:\/\/yoast.com\/product\/yoast-seo-premium-wordpress\/ -->\n<title>Star Wars Gas Mask Bong Wholesale - Global Hookah<\/title>\n<meta name=\"robots\" content=\"index, follow, max-snippet:-1, max-image-preview:large, max-video-preview:-1\" \/>\n<link rel=\"canonical\" href=\"https:\/\/global-hookah.com\/de\/produkt\/star-wars-gas-mask-bong\/\" \/>\n<meta property=\"og:locale\" content=\"de_DE\" \/>\n<meta property=\"og:type\" content=\"article\" \/>\n<meta property=\"og:title\" content=\"Star Wars Gas Mask Bong Wholesale\" \/>\n<meta property=\"og:description\" content=\"Dear fellow Star Wars fans, are you looking for the most futuristic Star Wars-themed bong ever? So I&#8217;m happy to\" \/>\n<meta property=\"og:url\" content=\"https:\/\/global-hookah.com\/de\/produkt\/star-wars-gas-mask-bong\/\" \/>\n<meta property=\"og:site_name\" content=\"Global Hookah\" \/>\n<meta property=\"article:modified_time\" content=\"2024-04-29T01:13:49+00:00\" \/>\n<meta property=\"og:image\" content=\"https:\/\/global-hookah.com\/wp-content\/uploads\/2023\/03\/\u4e3b\u56fe-01-6.jpg\" \/>\n\t<meta property=\"og:image:width\" content=\"800\" \/>\n\t<meta property=\"og:image:height\" content=\"800\" \/>\n\t<meta property=\"og:image:type\" content=\"image\/jpeg\" \/>\n<meta name=\"twitter:card\" content=\"summary_large_image\" \/>\n<meta name=\"twitter:label1\" content=\"Gesch\u00e4tzte Lesezeit\" \/>\n\t<meta name=\"twitter:data1\" content=\"1\u00a0Minute\" \/>\n<script type=\"application\/ld+json\" class=\"yoast-schema-graph\">{\"@context\":\"https:\/\/schema.org\",\"@graph\":[{\"@type\":\"WebPage\",\"@id\":\"https:\/\/global-hookah.com\/product\/star-wars-gas-mask-bong\/\",\"url\":\"https:\/\/global-hookah.com\/product\/star-wars-gas-mask-bong\/\",\"name\":\"Star Wars Gas Mask Bong Wholesale - Global Hookah\",\"isPartOf\":{\"@id\":\"https:\/\/global-hookah.com\/#website\"},\"primaryImageOfPage\":{\"@id\":\"https:\/\/global-hookah.com\/product\/star-wars-gas-mask-bong\/#primaryimage\"},\"image\":{\"@id\":\"https:\/\/global-hookah.com\/product\/star-wars-gas-mask-bong\/#primaryimage\"},\"thumbnailUrl\":\"https:\/\/global-hookah.com\/wp-content\/uploads\/2023\/03\/\u4e3b\u56fe-01-6.jpg\",\"datePublished\":\"2023-03-04T11:07:55+00:00\",\"dateModified\":\"2024-04-29T01:13:49+00:00\",\"breadcrumb\":{\"@id\":\"https:\/\/global-hookah.com\/product\/star-wars-gas-mask-bong\/#breadcrumb\"},\"inLanguage\":\"de\",\"potentialAction\":[{\"@type\":\"ReadAction\",\"target\":[\"https:\/\/global-hookah.com\/product\/star-wars-gas-mask-bong\/\"]}]},{\"@type\":\"ImageObject\",\"inLanguage\":\"de\",\"@id\":\"https:\/\/global-hookah.com\/product\/star-wars-gas-mask-bong\/#primaryimage\",\"url\":\"https:\/\/global-hookah.com\/wp-content\/uploads\/2023\/03\/\u4e3b\u56fe-01-6.jpg\",\"contentUrl\":\"https:\/\/global-hookah.com\/wp-content\/uploads\/2023\/03\/\u4e3b\u56fe-01-6.jpg\",\"width\":800,\"height\":800,\"caption\":\"Star Wars Gas Mask Bong\"},{\"@type\":\"BreadcrumbList\",\"@id\":\"https:\/\/global-hookah.com\/product\/star-wars-gas-mask-bong\/#breadcrumb\",\"itemListElement\":[{\"@type\":\"ListItem\",\"position\":1,\"name\":\"Home\",\"item\":\"https:\/\/global-hookah.com\/\"},{\"@type\":\"ListItem\",\"position\":2,\"name\":\"Shop\",\"item\":\"https:\/\/global-hookah.com\/shop\/\"},{\"@type\":\"ListItem\",\"position\":3,\"name\":\"Star Wars Gas Mask Bong Wholesale\"}]},{\"@type\":\"WebSite\",\"@id\":\"https:\/\/global-hookah.com\/#website\",\"url\":\"https:\/\/global-hookah.com\/\",\"name\":\"Global Hookah\",\"description\":\"Global Hookah\",\"publisher\":{\"@id\":\"https:\/\/global-hookah.com\/#organization\"},\"potentialAction\":[{\"@type\":\"SearchAction\",\"target\":{\"@type\":\"EntryPoint\",\"urlTemplate\":\"https:\/\/global-hookah.com\/?s={search_term_string}\"},\"query-input\":{\"@type\":\"PropertyValueSpecification\",\"valueRequired\":true,\"valueName\":\"search_term_string\"}}],\"inLanguage\":\"de\"},{\"@type\":\"Organization\",\"@id\":\"https:\/\/global-hookah.com\/#organization\",\"name\":\"Global Hookah\",\"url\":\"https:\/\/global-hookah.com\/\",\"logo\":{\"@type\":\"ImageObject\",\"inLanguage\":\"de\",\"@id\":\"https:\/\/global-hookah.com\/#\/schema\/logo\/image\/\",\"url\":\"https:\/\/global-hookah.com\/wp-content\/uploads\/2021\/10\/cropped-fgg.png\",\"contentUrl\":\"https:\/\/global-hookah.com\/wp-content\/uploads\/2021\/10\/cropped-fgg.png\",\"width\":512,\"height\":512,\"caption\":\"Global Hookah\"},\"image\":{\"@id\":\"https:\/\/global-hookah.com\/#\/schema\/logo\/image\/\"}}]}<\/script>\n<!-- \/ Yoast SEO Premium plugin. -->","yoast_head_json":{"title":"Star Wars Gasmaske Bong Gro\u00dfhandel - Global Hookah","robots":{"index":"index","follow":"follow","max-snippet":"max-snippet:-1","max-image-preview":"max-image-preview:large","max-video-preview":"max-video-preview:-1"},"canonical":"https:\/\/global-hookah.com\/de\/produkt\/star-wars-gas-mask-bong\/","og_locale":"de_DE","og_type":"article","og_title":"Star Wars Gas Mask Bong Wholesale","og_description":"Dear fellow Star Wars fans, are you looking for the most futuristic Star Wars-themed bong ever? So I&#8217;m happy to","og_url":"https:\/\/global-hookah.com\/de\/produkt\/star-wars-gas-mask-bong\/","og_site_name":"Global Hookah","article_modified_time":"2024-04-29T01:13:49+00:00","og_image":[{"width":800,"height":800,"url":"https:\/\/global-hookah.com\/wp-content\/uploads\/2023\/03\/\u4e3b\u56fe-01-6.jpg","type":"image\/jpeg"}],"twitter_card":"summary_large_image","twitter_misc":{"Gesch\u00e4tzte Lesezeit":"1\u00a0Minute"},"schema":{"@context":"https:\/\/schema.org","@graph":[{"@type":"WebPage","@id":"https:\/\/global-hookah.com\/product\/star-wars-gas-mask-bong\/","url":"https:\/\/global-hookah.com\/product\/star-wars-gas-mask-bong\/","name":"Star Wars Gasmaske Bong Gro\u00dfhandel - Global Hookah","isPartOf":{"@id":"https:\/\/global-hookah.com\/#website"},"primaryImageOfPage":{"@id":"https:\/\/global-hookah.com\/product\/star-wars-gas-mask-bong\/#primaryimage"},"image":{"@id":"https:\/\/global-hookah.com\/product\/star-wars-gas-mask-bong\/#primaryimage"},"thumbnailUrl":"https:\/\/global-hookah.com\/wp-content\/uploads\/2023\/03\/\u4e3b\u56fe-01-6.jpg","datePublished":"2023-03-04T11:07:55+00:00","dateModified":"2024-04-29T01:13:49+00:00","breadcrumb":{"@id":"https:\/\/global-hookah.com\/product\/star-wars-gas-mask-bong\/#breadcrumb"},"inLanguage":"de","potentialAction":[{"@type":"ReadAction","target":["https:\/\/global-hookah.com\/product\/star-wars-gas-mask-bong\/"]}]},{"@type":"ImageObject","inLanguage":"de","@id":"https:\/\/global-hookah.com\/product\/star-wars-gas-mask-bong\/#primaryimage","url":"https:\/\/global-hookah.com\/wp-content\/uploads\/2023\/03\/\u4e3b\u56fe-01-6.jpg","contentUrl":"https:\/\/global-hookah.com\/wp-content\/uploads\/2023\/03\/\u4e3b\u56fe-01-6.jpg","width":800,"height":800,"caption":"Star Wars Gas Mask Bong"},{"@type":"BreadcrumbList","@id":"https:\/\/global-hookah.com\/product\/star-wars-gas-mask-bong\/#breadcrumb","itemListElement":[{"@type":"ListItem","position":1,"name":"Home","item":"https:\/\/global-hookah.com\/"},{"@type":"ListItem","position":2,"name":"Shop","item":"https:\/\/global-hookah.com\/shop\/"},{"@type":"ListItem","position":3,"name":"Star Wars Gas Mask Bong Wholesale"}]},{"@type":"WebSite","@id":"https:\/\/global-hookah.com\/#website","url":"https:\/\/global-hookah.com\/","name":"Globale Wasserpfeife","description":"Globale Wasserpfeife","publisher":{"@id":"https:\/\/global-hookah.com\/#organization"},"potentialAction":[{"@type":"SearchAction","target":{"@type":"EntryPoint","urlTemplate":"https:\/\/global-hookah.com\/?s={search_term_string}"},"query-input":{"@type":"PropertyValueSpecification","valueRequired":true,"valueName":"search_term_string"}}],"inLanguage":"de"},{"@type":"Organization","@id":"https:\/\/global-hookah.com\/#organization","name":"Globale Wasserpfeife","url":"https:\/\/global-hookah.com\/","logo":{"@type":"ImageObject","inLanguage":"de","@id":"https:\/\/global-hookah.com\/#\/schema\/logo\/image\/","url":"https:\/\/global-hookah.com\/wp-content\/uploads\/2021\/10\/cropped-fgg.png","contentUrl":"https:\/\/global-hookah.com\/wp-content\/uploads\/2021\/10\/cropped-fgg.png","width":512,"height":512,"caption":"Global Hookah"},"image":{"@id":"https:\/\/global-hookah.com\/#\/schema\/logo\/image\/"}}]}},"_links":{"self":[{"href":"https:\/\/global-hookah.com\/de\/wp-json\/wp\/v2\/product\/10951","targetHints":{"allow":["GET"]}}],"collection":[{"href":"https:\/\/global-hookah.com\/de\/wp-json\/wp\/v2\/product"}],"about":[{"href":"https:\/\/global-hookah.com\/de\/wp-json\/wp\/v2\/types\/product"}],"replies":[{"embeddable":true,"href":"https:\/\/global-hookah.com\/de\/wp-json\/wp\/v2\/comments?post=10951"}],"version-history":[{"count":0,"href":"https:\/\/global-hookah.com\/de\/wp-json\/wp\/v2\/product\/10951\/revisions"}],"wp:featuredmedia":[{"embeddable":true,"href":"https:\/\/global-hookah.com\/de\/wp-json\/wp\/v2\/media\/10957"}],"wp:attachment":[{"href":"https:\/\/global-hookah.com\/de\/wp-json\/wp\/v2\/media?parent=10951"}],"wp:term":[{"taxonomy":"product_brand","embeddable":true,"href":"https:\/\/global-hookah.com\/de\/wp-json\/wp\/v2\/product_brand?post=10951"},{"taxonomy":"product_cat","embeddable":true,"href":"https:\/\/global-hookah.com\/de\/wp-json\/wp\/v2\/product_cat?post=10951"},{"taxonomy":"product_tag","embeddable":true,"href":"https:\/\/global-hookah.com\/de\/wp-json\/wp\/v2\/product_tag?post=10951"}],"curies":[{"name":"wp","href":"https:\/\/api.w.org\/{rel}","templated":true}]}}