{"id":10959,"date":"2023-03-04T11:18:14","date_gmt":"2023-03-04T11:18:14","guid":{"rendered":"https:\/\/global-hookah.com\/?post_type=product&#038;p=10959"},"modified":"2023-12-19T06:27:39","modified_gmt":"2023-12-19T06:27:39","slug":"cool-pumpkin-head-silicone-gas-mask-bong","status":"publish","type":"product","link":"https:\/\/global-hookah.com\/de\/produkt\/cool-pumpkin-head-silicone-gas-mask-bong\/","title":{"rendered":"Cooler K\u00fcrbiskopf Silikon Gasmaske Bong"},"content":{"rendered":"<p>Diese <strong>K\u00fcrbiskopf Silikon Gasmaske Bong<\/strong>\u00a0ist aus 100% lebensmittelechtem, ungiftigem Silikonmaterial hergestellt, das sicher und weich ist. Die gro\u00dfe \u00d6ffnung erm\u00f6glicht ein einfaches Rauchen, und der eingebaute K\u00fchler kann den Rauch k\u00fchlen. Die R\u00fcckseite der Maske ist mit einer praktischen Zigarettenhalter-Schnittstelle ausgestattet, die mit einem Wasserpfeifenschlauch verbunden werden kann.<\/p>\n<p>Das Coole <strong>K\u00fcrbiskopf Silikon Gasmaske Bong<\/strong> ist lebensecht gestaltet, mit hervorstehenden Aug\u00e4pfeln und Reihen von Rei\u00dfz\u00e4hnen. Wenn du ihn tr\u00e4gst, verwandelst du dich in einen coolen Halloween-K\u00fcrbismann! Deshalb ist dieses <a href=\"https:\/\/global-hookah.com\/product-category\/bongs\/gas-mask-bong\/\" rel=\"tag\">Gasmaske Bong<\/a> ist definitiv ein Favorit unter Sammlern von R\u00e4ucherzubeh\u00f6r und Cosplay-Enthusiasten.<\/p>\n<p>Mit dieser coolen Wasserpfeife mit K\u00fcrbiskopfmaske kannst du high werden und gleichzeitig super halloweenm\u00e4\u00dfig aussehen! Sei der Coolste!<\/p>","protected":false},"excerpt":{"rendered":"<p>Dieser K\u00fcrbiskopf Silikon-Gasmaske Bong ist aus 100% Lebensmittelqualit\u00e4t ungiftig Silikon-Material, das sicher und weich ist gemacht. Die<\/p>","protected":false},"featured_media":10966,"comment_status":"open","ping_status":"closed","template":"","meta":{"iawp_total_views":13,"_joinchat":[]},"product_brand":[],"product_cat":[204],"product_tag":[],"class_list":{"0":"post-10959","1":"product","2":"type-product","3":"status-publish","4":"has-post-thumbnail","6":"product_cat-gas-mask-bong-wholesale","8":"first","9":"instock","10":"shipping-taxable","11":"product-type-simple"},"yoast_head":"<!-- This site is optimized with the Yoast SEO Premium plugin v24.7 (Yoast SEO v26.8) - https:\/\/yoast.com\/product\/yoast-seo-premium-wordpress\/ -->\n<title>Cool Pumpkin Head Silicone Gas Mask Bong - Global Hookah<\/title>\n<meta name=\"robots\" content=\"index, follow, max-snippet:-1, max-image-preview:large, max-video-preview:-1\" \/>\n<link rel=\"canonical\" href=\"https:\/\/global-hookah.com\/de\/produkt\/cool-pumpkin-head-silicone-gas-mask-bong\/\" \/>\n<meta property=\"og:locale\" content=\"de_DE\" \/>\n<meta property=\"og:type\" content=\"article\" \/>\n<meta property=\"og:title\" content=\"Cool Pumpkin Head Silicone Gas Mask Bong\" \/>\n<meta property=\"og:description\" content=\"This Pumpkin Head Silicone Gas Mask Bong\u00a0is made of 100% food-grade non-toxic silicone material, which is safe and soft. The\" \/>\n<meta property=\"og:url\" content=\"https:\/\/global-hookah.com\/de\/produkt\/cool-pumpkin-head-silicone-gas-mask-bong\/\" \/>\n<meta property=\"og:site_name\" content=\"Global Hookah\" \/>\n<meta property=\"article:modified_time\" content=\"2023-12-19T06:27:39+00:00\" \/>\n<meta property=\"og:image\" content=\"https:\/\/global-hookah.com\/wp-content\/uploads\/2023\/03\/\u4e3b\u56fe-02-7.jpg\" \/>\n\t<meta property=\"og:image:width\" content=\"1280\" \/>\n\t<meta property=\"og:image:height\" content=\"1280\" \/>\n\t<meta property=\"og:image:type\" content=\"image\/jpeg\" \/>\n<meta name=\"twitter:card\" content=\"summary_large_image\" \/>\n<meta name=\"twitter:label1\" content=\"Gesch\u00e4tzte Lesezeit\" \/>\n\t<meta name=\"twitter:data1\" content=\"1\u00a0Minute\" \/>\n<script type=\"application\/ld+json\" class=\"yoast-schema-graph\">{\"@context\":\"https:\/\/schema.org\",\"@graph\":[{\"@type\":\"WebPage\",\"@id\":\"https:\/\/global-hookah.com\/product\/cool-pumpkin-head-silicone-gas-mask-bong\/\",\"url\":\"https:\/\/global-hookah.com\/product\/cool-pumpkin-head-silicone-gas-mask-bong\/\",\"name\":\"Cool Pumpkin Head Silicone Gas Mask Bong - Global Hookah\",\"isPartOf\":{\"@id\":\"https:\/\/global-hookah.com\/#website\"},\"primaryImageOfPage\":{\"@id\":\"https:\/\/global-hookah.com\/product\/cool-pumpkin-head-silicone-gas-mask-bong\/#primaryimage\"},\"image\":{\"@id\":\"https:\/\/global-hookah.com\/product\/cool-pumpkin-head-silicone-gas-mask-bong\/#primaryimage\"},\"thumbnailUrl\":\"https:\/\/global-hookah.com\/wp-content\/uploads\/2023\/03\/\u4e3b\u56fe-02-7.jpg\",\"datePublished\":\"2023-03-04T11:18:14+00:00\",\"dateModified\":\"2023-12-19T06:27:39+00:00\",\"breadcrumb\":{\"@id\":\"https:\/\/global-hookah.com\/product\/cool-pumpkin-head-silicone-gas-mask-bong\/#breadcrumb\"},\"inLanguage\":\"de\",\"potentialAction\":[{\"@type\":\"ReadAction\",\"target\":[\"https:\/\/global-hookah.com\/product\/cool-pumpkin-head-silicone-gas-mask-bong\/\"]}]},{\"@type\":\"ImageObject\",\"inLanguage\":\"de\",\"@id\":\"https:\/\/global-hookah.com\/product\/cool-pumpkin-head-silicone-gas-mask-bong\/#primaryimage\",\"url\":\"https:\/\/global-hookah.com\/wp-content\/uploads\/2023\/03\/\u4e3b\u56fe-02-7.jpg\",\"contentUrl\":\"https:\/\/global-hookah.com\/wp-content\/uploads\/2023\/03\/\u4e3b\u56fe-02-7.jpg\",\"width\":1280,\"height\":1280,\"caption\":\"Cool Pumpkin Head Silicone Gas Mask Bong\"},{\"@type\":\"BreadcrumbList\",\"@id\":\"https:\/\/global-hookah.com\/product\/cool-pumpkin-head-silicone-gas-mask-bong\/#breadcrumb\",\"itemListElement\":[{\"@type\":\"ListItem\",\"position\":1,\"name\":\"Home\",\"item\":\"https:\/\/global-hookah.com\/\"},{\"@type\":\"ListItem\",\"position\":2,\"name\":\"Shop\",\"item\":\"https:\/\/global-hookah.com\/shop\/\"},{\"@type\":\"ListItem\",\"position\":3,\"name\":\"Cool Pumpkin Head Silicone Gas Mask Bong\"}]},{\"@type\":\"WebSite\",\"@id\":\"https:\/\/global-hookah.com\/#website\",\"url\":\"https:\/\/global-hookah.com\/\",\"name\":\"Global Hookah\",\"description\":\"Global Hookah\",\"publisher\":{\"@id\":\"https:\/\/global-hookah.com\/#organization\"},\"potentialAction\":[{\"@type\":\"SearchAction\",\"target\":{\"@type\":\"EntryPoint\",\"urlTemplate\":\"https:\/\/global-hookah.com\/?s={search_term_string}\"},\"query-input\":{\"@type\":\"PropertyValueSpecification\",\"valueRequired\":true,\"valueName\":\"search_term_string\"}}],\"inLanguage\":\"de\"},{\"@type\":\"Organization\",\"@id\":\"https:\/\/global-hookah.com\/#organization\",\"name\":\"Global Hookah\",\"url\":\"https:\/\/global-hookah.com\/\",\"logo\":{\"@type\":\"ImageObject\",\"inLanguage\":\"de\",\"@id\":\"https:\/\/global-hookah.com\/#\/schema\/logo\/image\/\",\"url\":\"https:\/\/global-hookah.com\/wp-content\/uploads\/2021\/10\/cropped-fgg.png\",\"contentUrl\":\"https:\/\/global-hookah.com\/wp-content\/uploads\/2021\/10\/cropped-fgg.png\",\"width\":512,\"height\":512,\"caption\":\"Global Hookah\"},\"image\":{\"@id\":\"https:\/\/global-hookah.com\/#\/schema\/logo\/image\/\"}}]}<\/script>\n<!-- \/ Yoast SEO Premium plugin. -->","yoast_head_json":{"title":"Cooler K\u00fcrbiskopf Silikon Gasmaske Bong - Global Hookah","robots":{"index":"index","follow":"follow","max-snippet":"max-snippet:-1","max-image-preview":"max-image-preview:large","max-video-preview":"max-video-preview:-1"},"canonical":"https:\/\/global-hookah.com\/de\/produkt\/cool-pumpkin-head-silicone-gas-mask-bong\/","og_locale":"de_DE","og_type":"article","og_title":"Cool Pumpkin Head Silicone Gas Mask Bong","og_description":"This Pumpkin Head Silicone Gas Mask Bong\u00a0is made of 100% food-grade non-toxic silicone material, which is safe and soft. The","og_url":"https:\/\/global-hookah.com\/de\/produkt\/cool-pumpkin-head-silicone-gas-mask-bong\/","og_site_name":"Global Hookah","article_modified_time":"2023-12-19T06:27:39+00:00","og_image":[{"width":1280,"height":1280,"url":"https:\/\/global-hookah.com\/wp-content\/uploads\/2023\/03\/\u4e3b\u56fe-02-7.jpg","type":"image\/jpeg"}],"twitter_card":"summary_large_image","twitter_misc":{"Gesch\u00e4tzte Lesezeit":"1\u00a0Minute"},"schema":{"@context":"https:\/\/schema.org","@graph":[{"@type":"WebPage","@id":"https:\/\/global-hookah.com\/product\/cool-pumpkin-head-silicone-gas-mask-bong\/","url":"https:\/\/global-hookah.com\/product\/cool-pumpkin-head-silicone-gas-mask-bong\/","name":"Cooler K\u00fcrbiskopf Silikon Gasmaske Bong - Global Hookah","isPartOf":{"@id":"https:\/\/global-hookah.com\/#website"},"primaryImageOfPage":{"@id":"https:\/\/global-hookah.com\/product\/cool-pumpkin-head-silicone-gas-mask-bong\/#primaryimage"},"image":{"@id":"https:\/\/global-hookah.com\/product\/cool-pumpkin-head-silicone-gas-mask-bong\/#primaryimage"},"thumbnailUrl":"https:\/\/global-hookah.com\/wp-content\/uploads\/2023\/03\/\u4e3b\u56fe-02-7.jpg","datePublished":"2023-03-04T11:18:14+00:00","dateModified":"2023-12-19T06:27:39+00:00","breadcrumb":{"@id":"https:\/\/global-hookah.com\/product\/cool-pumpkin-head-silicone-gas-mask-bong\/#breadcrumb"},"inLanguage":"de","potentialAction":[{"@type":"ReadAction","target":["https:\/\/global-hookah.com\/product\/cool-pumpkin-head-silicone-gas-mask-bong\/"]}]},{"@type":"ImageObject","inLanguage":"de","@id":"https:\/\/global-hookah.com\/product\/cool-pumpkin-head-silicone-gas-mask-bong\/#primaryimage","url":"https:\/\/global-hookah.com\/wp-content\/uploads\/2023\/03\/\u4e3b\u56fe-02-7.jpg","contentUrl":"https:\/\/global-hookah.com\/wp-content\/uploads\/2023\/03\/\u4e3b\u56fe-02-7.jpg","width":1280,"height":1280,"caption":"Cool Pumpkin Head Silicone Gas Mask Bong"},{"@type":"BreadcrumbList","@id":"https:\/\/global-hookah.com\/product\/cool-pumpkin-head-silicone-gas-mask-bong\/#breadcrumb","itemListElement":[{"@type":"ListItem","position":1,"name":"Home","item":"https:\/\/global-hookah.com\/"},{"@type":"ListItem","position":2,"name":"Shop","item":"https:\/\/global-hookah.com\/shop\/"},{"@type":"ListItem","position":3,"name":"Cool Pumpkin Head Silicone Gas Mask Bong"}]},{"@type":"WebSite","@id":"https:\/\/global-hookah.com\/#website","url":"https:\/\/global-hookah.com\/","name":"Globale Wasserpfeife","description":"Globale Wasserpfeife","publisher":{"@id":"https:\/\/global-hookah.com\/#organization"},"potentialAction":[{"@type":"SearchAction","target":{"@type":"EntryPoint","urlTemplate":"https:\/\/global-hookah.com\/?s={search_term_string}"},"query-input":{"@type":"PropertyValueSpecification","valueRequired":true,"valueName":"search_term_string"}}],"inLanguage":"de"},{"@type":"Organization","@id":"https:\/\/global-hookah.com\/#organization","name":"Globale Wasserpfeife","url":"https:\/\/global-hookah.com\/","logo":{"@type":"ImageObject","inLanguage":"de","@id":"https:\/\/global-hookah.com\/#\/schema\/logo\/image\/","url":"https:\/\/global-hookah.com\/wp-content\/uploads\/2021\/10\/cropped-fgg.png","contentUrl":"https:\/\/global-hookah.com\/wp-content\/uploads\/2021\/10\/cropped-fgg.png","width":512,"height":512,"caption":"Global Hookah"},"image":{"@id":"https:\/\/global-hookah.com\/#\/schema\/logo\/image\/"}}]}},"_links":{"self":[{"href":"https:\/\/global-hookah.com\/de\/wp-json\/wp\/v2\/product\/10959","targetHints":{"allow":["GET"]}}],"collection":[{"href":"https:\/\/global-hookah.com\/de\/wp-json\/wp\/v2\/product"}],"about":[{"href":"https:\/\/global-hookah.com\/de\/wp-json\/wp\/v2\/types\/product"}],"replies":[{"embeddable":true,"href":"https:\/\/global-hookah.com\/de\/wp-json\/wp\/v2\/comments?post=10959"}],"version-history":[{"count":0,"href":"https:\/\/global-hookah.com\/de\/wp-json\/wp\/v2\/product\/10959\/revisions"}],"wp:featuredmedia":[{"embeddable":true,"href":"https:\/\/global-hookah.com\/de\/wp-json\/wp\/v2\/media\/10966"}],"wp:attachment":[{"href":"https:\/\/global-hookah.com\/de\/wp-json\/wp\/v2\/media?parent=10959"}],"wp:term":[{"taxonomy":"product_brand","embeddable":true,"href":"https:\/\/global-hookah.com\/de\/wp-json\/wp\/v2\/product_brand?post=10959"},{"taxonomy":"product_cat","embeddable":true,"href":"https:\/\/global-hookah.com\/de\/wp-json\/wp\/v2\/product_cat?post=10959"},{"taxonomy":"product_tag","embeddable":true,"href":"https:\/\/global-hookah.com\/de\/wp-json\/wp\/v2\/product_tag?post=10959"}],"curies":[{"name":"wp","href":"https:\/\/api.w.org\/{rel}","templated":true}]}}