{"id":10968,"date":"2023-03-04T11:29:05","date_gmt":"2023-03-04T11:29:05","guid":{"rendered":"https:\/\/global-hookah.com\/?post_type=product&#038;p=10968"},"modified":"2023-03-09T13:59:57","modified_gmt":"2023-03-09T13:59:57","slug":"resin-skull-hookah","status":"publish","type":"product","link":"https:\/\/global-hookah.com\/de\/produkt\/resin-skull-hookah\/","title":{"rendered":"Halloween Hot Resin Totenkopf Wasserpfeife"},"content":{"rendered":"<div>\n<p>Die <strong><em>Kunstharz-Sch\u00e4del Wasserpfeife<\/em><\/strong> ist ein einzigartiges Design, mit einem Harz Sch\u00e4del Kopf und Basis gemacht. Die Wasserpfeife hat zwei Schl\u00e4uche mit einem in der Front und einer in den R\u00fccken. . Dieses Produkt kann mit jeder Bong oder Wasserpfeife verwendet werden.<\/p>\n<p>Jeder Shisha-Schlauch und Downstem ist abnehmbar und passt in alle Shishas. Diese <strong>Kunstharz-Sch\u00e4del Wasserpfeife<\/strong> ist mit keinem anderen Rauchger\u00e4t vergleichbar, da der Rauch \u00fcber die Schl\u00e4uche direkt in den Mund des Benutzers abgegeben wird.<\/p>\n<p>Mit diesem <strong>Kunstharz-Sch\u00e4del Wasserpfeife<\/strong> , So k\u00f6nnen Sie die Vorteile von Luftstrom und Rauch genie\u00dfen, ohne Verbrennungen durch hei\u00dfe Luft zu riskieren oder eine unkontrollierbare Rauchwolke einzuatmen.<br \/>\nWenn Sie in Ihrem Zimmer nicht genug Platz f\u00fcr ein <a href=\"https:\/\/global-hookah.com\/\">traditionelle Wasserpfeife<\/a>, ist dies eine ausgezeichnete Option.<\/p>\n<\/div>\n<div><\/div>\n<div>Komplettes Set: Korpus, Flasche, R\u00e4uchertopf (wie abgebildet), Holzkohle-Aschenbecher, Silikonschlauch, Aluminiumgriff, Kohleclip, LED-Licht<br \/>\nMaterial: Kunstharz + Aluminiumlegierung<br \/>\nH\u00f6he: 38 cm<br \/>\nMa\u00dfe der Box: 56*36*63cm<br \/>\nGewicht: 19kg<\/div>","protected":false},"excerpt":{"rendered":"<p>Die Resin Skull Hookah ist ein einzigartiges Design, mit einem Harz Sch\u00e4del Kopf und Basis gemacht. Die Wasserpfeife hat zwei<\/p>","protected":false},"featured_media":10971,"comment_status":"open","ping_status":"closed","template":"","meta":{"iawp_total_views":9,"_joinchat":[]},"product_brand":[],"product_cat":[415],"product_tag":[],"class_list":{"0":"post-10968","1":"product","2":"type-product","3":"status-publish","4":"has-post-thumbnail","6":"product_cat-accessories","8":"first","9":"instock","10":"shipping-taxable","11":"purchasable","12":"product-type-simple"},"yoast_head":"<!-- This site is optimized with the Yoast SEO Premium plugin v24.7 (Yoast SEO v26.8) - https:\/\/yoast.com\/product\/yoast-seo-premium-wordpress\/ -->\n<title>Halloween Hot Resin Skull Hookah - Global Hookah<\/title>\n<meta name=\"robots\" content=\"index, follow, max-snippet:-1, max-image-preview:large, max-video-preview:-1\" \/>\n<link rel=\"canonical\" href=\"https:\/\/global-hookah.com\/de\/it\/prodotto\/teschio-hookah-in-resina\/\" \/>\n<meta property=\"og:locale\" content=\"de_DE\" \/>\n<meta property=\"og:type\" content=\"article\" \/>\n<meta property=\"og:title\" content=\"Halloween Hot Resin Skull Hookah\" \/>\n<meta property=\"og:description\" content=\"The Resin Skull Hookah is a unique design, made with a resin skull head and base. The hookah has two\" \/>\n<meta property=\"og:url\" content=\"https:\/\/global-hookah.com\/de\/it\/prodotto\/teschio-hookah-in-resina\/\" \/>\n<meta property=\"og:site_name\" content=\"Global Hookah\" \/>\n<meta property=\"article:modified_time\" content=\"2023-03-09T13:59:57+00:00\" \/>\n<meta property=\"og:image\" content=\"https:\/\/global-hookah.com\/wp-content\/uploads\/2023\/03\/\u4e3b\u56fe-03-6.jpg\" \/>\n\t<meta property=\"og:image:width\" content=\"1000\" \/>\n\t<meta property=\"og:image:height\" content=\"1000\" \/>\n\t<meta property=\"og:image:type\" content=\"image\/jpeg\" \/>\n<meta name=\"twitter:card\" content=\"summary_large_image\" \/>\n<meta name=\"twitter:label1\" content=\"Gesch\u00e4tzte Lesezeit\" \/>\n\t<meta name=\"twitter:data1\" content=\"1\u00a0Minute\" \/>\n<script type=\"application\/ld+json\" class=\"yoast-schema-graph\">{\"@context\":\"https:\/\/schema.org\",\"@graph\":[{\"@type\":\"WebPage\",\"@id\":\"https:\/\/global-hookah.com\/it\/prodotto\/teschio-hookah-in-resina\/\",\"url\":\"https:\/\/global-hookah.com\/it\/prodotto\/teschio-hookah-in-resina\/\",\"name\":\"Halloween Hot Resin Skull Hookah - Global Hookah\",\"isPartOf\":{\"@id\":\"https:\/\/global-hookah.com\/#website\"},\"primaryImageOfPage\":{\"@id\":\"https:\/\/global-hookah.com\/it\/prodotto\/teschio-hookah-in-resina\/#primaryimage\"},\"image\":{\"@id\":\"https:\/\/global-hookah.com\/it\/prodotto\/teschio-hookah-in-resina\/#primaryimage\"},\"thumbnailUrl\":\"https:\/\/global-hookah.com\/wp-content\/uploads\/2023\/03\/\u4e3b\u56fe-03-6.jpg\",\"datePublished\":\"2023-03-04T11:29:05+00:00\",\"dateModified\":\"2023-03-09T13:59:57+00:00\",\"breadcrumb\":{\"@id\":\"https:\/\/global-hookah.com\/it\/prodotto\/teschio-hookah-in-resina\/#breadcrumb\"},\"inLanguage\":\"de\",\"potentialAction\":[{\"@type\":\"ReadAction\",\"target\":[\"https:\/\/global-hookah.com\/it\/prodotto\/teschio-hookah-in-resina\/\"]}]},{\"@type\":\"ImageObject\",\"inLanguage\":\"de\",\"@id\":\"https:\/\/global-hookah.com\/it\/prodotto\/teschio-hookah-in-resina\/#primaryimage\",\"url\":\"https:\/\/global-hookah.com\/wp-content\/uploads\/2023\/03\/\u4e3b\u56fe-03-6.jpg\",\"contentUrl\":\"https:\/\/global-hookah.com\/wp-content\/uploads\/2023\/03\/\u4e3b\u56fe-03-6.jpg\",\"width\":1000,\"height\":1000,\"caption\":\"Resin Skull Hookah\"},{\"@type\":\"BreadcrumbList\",\"@id\":\"https:\/\/global-hookah.com\/it\/prodotto\/teschio-hookah-in-resina\/#breadcrumb\",\"itemListElement\":[{\"@type\":\"ListItem\",\"position\":1,\"name\":\"Home\",\"item\":\"https:\/\/global-hookah.com\/\"},{\"@type\":\"ListItem\",\"position\":2,\"name\":\"Shop\",\"item\":\"https:\/\/global-hookah.com\/shop\/\"},{\"@type\":\"ListItem\",\"position\":3,\"name\":\"Halloween Hot Resin Skull Hookah\"}]},{\"@type\":\"WebSite\",\"@id\":\"https:\/\/global-hookah.com\/#website\",\"url\":\"https:\/\/global-hookah.com\/\",\"name\":\"Global Hookah\",\"description\":\"Global Hookah\",\"publisher\":{\"@id\":\"https:\/\/global-hookah.com\/#organization\"},\"potentialAction\":[{\"@type\":\"SearchAction\",\"target\":{\"@type\":\"EntryPoint\",\"urlTemplate\":\"https:\/\/global-hookah.com\/?s={search_term_string}\"},\"query-input\":{\"@type\":\"PropertyValueSpecification\",\"valueRequired\":true,\"valueName\":\"search_term_string\"}}],\"inLanguage\":\"de\"},{\"@type\":\"Organization\",\"@id\":\"https:\/\/global-hookah.com\/#organization\",\"name\":\"Global Hookah\",\"url\":\"https:\/\/global-hookah.com\/\",\"logo\":{\"@type\":\"ImageObject\",\"inLanguage\":\"de\",\"@id\":\"https:\/\/global-hookah.com\/#\/schema\/logo\/image\/\",\"url\":\"https:\/\/global-hookah.com\/wp-content\/uploads\/2021\/10\/cropped-fgg.png\",\"contentUrl\":\"https:\/\/global-hookah.com\/wp-content\/uploads\/2021\/10\/cropped-fgg.png\",\"width\":512,\"height\":512,\"caption\":\"Global Hookah\"},\"image\":{\"@id\":\"https:\/\/global-hookah.com\/#\/schema\/logo\/image\/\"}}]}<\/script>\n<!-- \/ Yoast SEO Premium plugin. -->","yoast_head_json":{"title":"Halloween Hot Resin Totenkopf Wasserpfeife - Global Hookah","robots":{"index":"index","follow":"follow","max-snippet":"max-snippet:-1","max-image-preview":"max-image-preview:large","max-video-preview":"max-video-preview:-1"},"canonical":"https:\/\/global-hookah.com\/de\/it\/prodotto\/teschio-hookah-in-resina\/","og_locale":"de_DE","og_type":"article","og_title":"Halloween Hot Resin Skull Hookah","og_description":"The Resin Skull Hookah is a unique design, made with a resin skull head and base. The hookah has two","og_url":"https:\/\/global-hookah.com\/de\/it\/prodotto\/teschio-hookah-in-resina\/","og_site_name":"Global Hookah","article_modified_time":"2023-03-09T13:59:57+00:00","og_image":[{"width":1000,"height":1000,"url":"https:\/\/global-hookah.com\/wp-content\/uploads\/2023\/03\/\u4e3b\u56fe-03-6.jpg","type":"image\/jpeg"}],"twitter_card":"summary_large_image","twitter_misc":{"Gesch\u00e4tzte Lesezeit":"1\u00a0Minute"},"schema":{"@context":"https:\/\/schema.org","@graph":[{"@type":"WebPage","@id":"https:\/\/global-hookah.com\/it\/prodotto\/teschio-hookah-in-resina\/","url":"https:\/\/global-hookah.com\/it\/prodotto\/teschio-hookah-in-resina\/","name":"Halloween Hot Resin Totenkopf Wasserpfeife - Global Hookah","isPartOf":{"@id":"https:\/\/global-hookah.com\/#website"},"primaryImageOfPage":{"@id":"https:\/\/global-hookah.com\/it\/prodotto\/teschio-hookah-in-resina\/#primaryimage"},"image":{"@id":"https:\/\/global-hookah.com\/it\/prodotto\/teschio-hookah-in-resina\/#primaryimage"},"thumbnailUrl":"https:\/\/global-hookah.com\/wp-content\/uploads\/2023\/03\/\u4e3b\u56fe-03-6.jpg","datePublished":"2023-03-04T11:29:05+00:00","dateModified":"2023-03-09T13:59:57+00:00","breadcrumb":{"@id":"https:\/\/global-hookah.com\/it\/prodotto\/teschio-hookah-in-resina\/#breadcrumb"},"inLanguage":"de","potentialAction":[{"@type":"ReadAction","target":["https:\/\/global-hookah.com\/it\/prodotto\/teschio-hookah-in-resina\/"]}]},{"@type":"ImageObject","inLanguage":"de","@id":"https:\/\/global-hookah.com\/it\/prodotto\/teschio-hookah-in-resina\/#primaryimage","url":"https:\/\/global-hookah.com\/wp-content\/uploads\/2023\/03\/\u4e3b\u56fe-03-6.jpg","contentUrl":"https:\/\/global-hookah.com\/wp-content\/uploads\/2023\/03\/\u4e3b\u56fe-03-6.jpg","width":1000,"height":1000,"caption":"Resin Skull Hookah"},{"@type":"BreadcrumbList","@id":"https:\/\/global-hookah.com\/it\/prodotto\/teschio-hookah-in-resina\/#breadcrumb","itemListElement":[{"@type":"ListItem","position":1,"name":"Home","item":"https:\/\/global-hookah.com\/"},{"@type":"ListItem","position":2,"name":"Shop","item":"https:\/\/global-hookah.com\/shop\/"},{"@type":"ListItem","position":3,"name":"Halloween Hot Resin Skull Hookah"}]},{"@type":"WebSite","@id":"https:\/\/global-hookah.com\/#website","url":"https:\/\/global-hookah.com\/","name":"Globale Wasserpfeife","description":"Globale Wasserpfeife","publisher":{"@id":"https:\/\/global-hookah.com\/#organization"},"potentialAction":[{"@type":"SearchAction","target":{"@type":"EntryPoint","urlTemplate":"https:\/\/global-hookah.com\/?s={search_term_string}"},"query-input":{"@type":"PropertyValueSpecification","valueRequired":true,"valueName":"search_term_string"}}],"inLanguage":"de"},{"@type":"Organization","@id":"https:\/\/global-hookah.com\/#organization","name":"Globale Wasserpfeife","url":"https:\/\/global-hookah.com\/","logo":{"@type":"ImageObject","inLanguage":"de","@id":"https:\/\/global-hookah.com\/#\/schema\/logo\/image\/","url":"https:\/\/global-hookah.com\/wp-content\/uploads\/2021\/10\/cropped-fgg.png","contentUrl":"https:\/\/global-hookah.com\/wp-content\/uploads\/2021\/10\/cropped-fgg.png","width":512,"height":512,"caption":"Global Hookah"},"image":{"@id":"https:\/\/global-hookah.com\/#\/schema\/logo\/image\/"}}]}},"_links":{"self":[{"href":"https:\/\/global-hookah.com\/de\/wp-json\/wp\/v2\/product\/10968","targetHints":{"allow":["GET"]}}],"collection":[{"href":"https:\/\/global-hookah.com\/de\/wp-json\/wp\/v2\/product"}],"about":[{"href":"https:\/\/global-hookah.com\/de\/wp-json\/wp\/v2\/types\/product"}],"replies":[{"embeddable":true,"href":"https:\/\/global-hookah.com\/de\/wp-json\/wp\/v2\/comments?post=10968"}],"version-history":[{"count":0,"href":"https:\/\/global-hookah.com\/de\/wp-json\/wp\/v2\/product\/10968\/revisions"}],"wp:featuredmedia":[{"embeddable":true,"href":"https:\/\/global-hookah.com\/de\/wp-json\/wp\/v2\/media\/10971"}],"wp:attachment":[{"href":"https:\/\/global-hookah.com\/de\/wp-json\/wp\/v2\/media?parent=10968"}],"wp:term":[{"taxonomy":"product_brand","embeddable":true,"href":"https:\/\/global-hookah.com\/de\/wp-json\/wp\/v2\/product_brand?post=10968"},{"taxonomy":"product_cat","embeddable":true,"href":"https:\/\/global-hookah.com\/de\/wp-json\/wp\/v2\/product_cat?post=10968"},{"taxonomy":"product_tag","embeddable":true,"href":"https:\/\/global-hookah.com\/de\/wp-json\/wp\/v2\/product_tag?post=10968"}],"curies":[{"name":"wp","href":"https:\/\/api.w.org\/{rel}","templated":true}]}}