{"id":10983,"date":"2023-03-04T11:49:43","date_gmt":"2023-03-04T11:49:43","guid":{"rendered":"https:\/\/global-hookah.com\/?post_type=product&#038;p=10983"},"modified":"2024-01-12T03:59:53","modified_gmt":"2024-01-12T03:59:53","slug":"blue-trumpet-arabian-hookah-pipe-wholesale","status":"publish","type":"product","link":"https:\/\/global-hookah.com\/de\/produkt\/blue-trumpet-arabian-hookah-pipe-wholesale\/","title":{"rendered":"Blaue Trompete arabische Hookah Pfeife Gro\u00dfhandel"},"content":{"rendered":"<p>Das wundersch\u00f6ne b\u00f6hmische Kristall, das das Licht brillant einf\u00e4ngt und reflektiert, wird in Handarbeit in den Sockel und die Vase der Wasserpfeife eingearbeitet. Jede <strong>Arabische Wasserpfeife<\/strong> ist einzigartig k\u00fcnstlerisch verziert mit komplizierten mundgeblasenen Wirbeln und Kringeln in T\u00f6nen von tiefem Azurblau, k\u00f6niglichem Purpur oder Rubinrot. Das R\u00e4uchern erzeugt einen fesselnden visuellen Effekt in der mit Wasser gef\u00fcllten Kristallvase.<\/p>\n<p>Die <strong>Arabische Hookah-Pfeife<\/strong> hebt sich mit ihrer trompetenf\u00f6rmigen Vase und dem ausgekl\u00fcgelten Ablassventilsystem von der Masse ab. Die Reinigung des Rauchs aus der Wasserpfeife ist jetzt schneller und effektiver als je zuvor, dank des einzigartigen Ablassventils. F\u00fcr die Bequemlichkeit der Reinigung und Portabilit\u00e4t, kann es auch schnell demontiert werden.<\/p>\n<p>Die austauschbaren Teile erm\u00f6glichen es Ihnen, Ihr Setup anzupassen und verschiedene Schlauch- und Schalenkombinationen auszuprobieren. Mit Optionen von traditionellen Tonschalen bis hin zu modernen Silikonschalen k\u00f6nnen Sie jedes Mal den perfekten Rauch erzielen.<\/p>\n<p>Ein gleichm\u00e4\u00dfiger Luftstrom sorgt dank des weiten Zugs f\u00fcr m\u00fcheloses, ungehindertes Ziehen. Das \u00fcberragende Raucherlebnis und die Benutzerfreundlichkeit der Arabian Hookah Pipe werden von Rauchern aller R\u00e4nge gesch\u00e4tzt. Wenn Sie also in gro\u00dfen Mengen kaufen m\u00f6chten, ist die Arabian Hookah zu einem guten Preis erh\u00e4ltlich. Unser<a href=\"https:\/\/global-hookah.com\/product-category\/wholesale-hookah\/\"> Wasserpfeifen-Gro\u00dfhandel<\/a> kann Ihre Bed\u00fcrfnisse perfekt erf\u00fcllen<\/p>\n<p>Gr\u00f6\u00dfe: H\u00f6he 27CM<\/p>\n<p>Farbe: rot, blau, schwarz, gelb<\/p>\n<p>Material: Legierung + Eisen + Glasflasche<\/p>\n<p>Packungsgr\u00f6\u00dfe: 24 St\u00fcck\/ctn<\/p>","protected":false},"excerpt":{"rendered":"<p>Die Basis und die Vase der Wasserpfeife sind aus wundersch\u00f6nem b\u00f6hmischen Kristall gefertigt, der das Licht brillant einf\u00e4ngt und reflektiert. Jede arabische Wasserpfeife<\/p>","protected":false},"featured_media":10987,"comment_status":"open","ping_status":"closed","template":"","meta":{"iawp_total_views":3,"_joinchat":[]},"product_brand":[],"product_cat":[560,119],"product_tag":[],"class_list":{"0":"post-10983","1":"product","2":"type-product","3":"status-publish","4":"has-post-thumbnail","6":"product_cat-glass-hookah-wholesale","7":"product_cat-wholesale-hookah","9":"first","10":"instock","11":"shipping-taxable","12":"purchasable","13":"product-type-simple"},"yoast_head":"<!-- This site is optimized with the Yoast SEO Premium plugin v24.7 (Yoast SEO v26.8) - https:\/\/yoast.com\/product\/yoast-seo-premium-wordpress\/ -->\n<title>Blue Trumpet Arabian Hookah Pipe Wholesale - Global Hookah<\/title>\n<meta name=\"robots\" content=\"index, follow, max-snippet:-1, max-image-preview:large, max-video-preview:-1\" \/>\n<link rel=\"canonical\" href=\"https:\/\/global-hookah.com\/de\/produkt\/blue-trumpet-arabian-hookah-pipe-wholesale\/\" \/>\n<meta property=\"og:locale\" content=\"de_DE\" \/>\n<meta property=\"og:type\" content=\"article\" \/>\n<meta property=\"og:title\" content=\"Blue Trumpet Arabian Hookah Pipe Wholesale\" \/>\n<meta property=\"og:description\" content=\"Beautiful Bohemian crystal that brilliantly catches and reflects light is handcrafted into the hookah base and vase. Each Arabian Hookah\" \/>\n<meta property=\"og:url\" content=\"https:\/\/global-hookah.com\/de\/produkt\/blue-trumpet-arabian-hookah-pipe-wholesale\/\" \/>\n<meta property=\"og:site_name\" content=\"Global Hookah\" \/>\n<meta property=\"article:modified_time\" content=\"2024-01-12T03:59:53+00:00\" \/>\n<meta property=\"og:image\" content=\"https:\/\/global-hookah.com\/wp-content\/uploads\/2023\/03\/\u4e3b\u56fe-05-8.jpg\" \/>\n\t<meta property=\"og:image:width\" content=\"800\" \/>\n\t<meta property=\"og:image:height\" content=\"800\" \/>\n\t<meta property=\"og:image:type\" content=\"image\/jpeg\" \/>\n<meta name=\"twitter:card\" content=\"summary_large_image\" \/>\n<meta name=\"twitter:label1\" content=\"Gesch\u00e4tzte Lesezeit\" \/>\n\t<meta name=\"twitter:data1\" content=\"1\u00a0Minute\" \/>\n<script type=\"application\/ld+json\" class=\"yoast-schema-graph\">{\"@context\":\"https:\/\/schema.org\",\"@graph\":[{\"@type\":\"WebPage\",\"@id\":\"https:\/\/global-hookah.com\/product\/blue-trumpet-arabian-hookah-pipe-wholesale\/\",\"url\":\"https:\/\/global-hookah.com\/product\/blue-trumpet-arabian-hookah-pipe-wholesale\/\",\"name\":\"Blue Trumpet Arabian Hookah Pipe Wholesale - Global Hookah\",\"isPartOf\":{\"@id\":\"https:\/\/global-hookah.com\/#website\"},\"primaryImageOfPage\":{\"@id\":\"https:\/\/global-hookah.com\/product\/blue-trumpet-arabian-hookah-pipe-wholesale\/#primaryimage\"},\"image\":{\"@id\":\"https:\/\/global-hookah.com\/product\/blue-trumpet-arabian-hookah-pipe-wholesale\/#primaryimage\"},\"thumbnailUrl\":\"https:\/\/global-hookah.com\/wp-content\/uploads\/2023\/03\/\u4e3b\u56fe-05-8.jpg\",\"datePublished\":\"2023-03-04T11:49:43+00:00\",\"dateModified\":\"2024-01-12T03:59:53+00:00\",\"breadcrumb\":{\"@id\":\"https:\/\/global-hookah.com\/product\/blue-trumpet-arabian-hookah-pipe-wholesale\/#breadcrumb\"},\"inLanguage\":\"de\",\"potentialAction\":[{\"@type\":\"ReadAction\",\"target\":[\"https:\/\/global-hookah.com\/product\/blue-trumpet-arabian-hookah-pipe-wholesale\/\"]}]},{\"@type\":\"ImageObject\",\"inLanguage\":\"de\",\"@id\":\"https:\/\/global-hookah.com\/product\/blue-trumpet-arabian-hookah-pipe-wholesale\/#primaryimage\",\"url\":\"https:\/\/global-hookah.com\/wp-content\/uploads\/2023\/03\/\u4e3b\u56fe-05-8.jpg\",\"contentUrl\":\"https:\/\/global-hookah.com\/wp-content\/uploads\/2023\/03\/\u4e3b\u56fe-05-8.jpg\",\"width\":800,\"height\":800,\"caption\":\"Arabian Hookah Pipe Wholesale\"},{\"@type\":\"BreadcrumbList\",\"@id\":\"https:\/\/global-hookah.com\/product\/blue-trumpet-arabian-hookah-pipe-wholesale\/#breadcrumb\",\"itemListElement\":[{\"@type\":\"ListItem\",\"position\":1,\"name\":\"Home\",\"item\":\"https:\/\/global-hookah.com\/\"},{\"@type\":\"ListItem\",\"position\":2,\"name\":\"Shop\",\"item\":\"https:\/\/global-hookah.com\/shop\/\"},{\"@type\":\"ListItem\",\"position\":3,\"name\":\"Blue Trumpet Arabian Hookah Pipe Wholesale\"}]},{\"@type\":\"WebSite\",\"@id\":\"https:\/\/global-hookah.com\/#website\",\"url\":\"https:\/\/global-hookah.com\/\",\"name\":\"Global Hookah\",\"description\":\"Global Hookah\",\"publisher\":{\"@id\":\"https:\/\/global-hookah.com\/#organization\"},\"potentialAction\":[{\"@type\":\"SearchAction\",\"target\":{\"@type\":\"EntryPoint\",\"urlTemplate\":\"https:\/\/global-hookah.com\/?s={search_term_string}\"},\"query-input\":{\"@type\":\"PropertyValueSpecification\",\"valueRequired\":true,\"valueName\":\"search_term_string\"}}],\"inLanguage\":\"de\"},{\"@type\":\"Organization\",\"@id\":\"https:\/\/global-hookah.com\/#organization\",\"name\":\"Global Hookah\",\"url\":\"https:\/\/global-hookah.com\/\",\"logo\":{\"@type\":\"ImageObject\",\"inLanguage\":\"de\",\"@id\":\"https:\/\/global-hookah.com\/#\/schema\/logo\/image\/\",\"url\":\"https:\/\/global-hookah.com\/wp-content\/uploads\/2021\/10\/cropped-fgg.png\",\"contentUrl\":\"https:\/\/global-hookah.com\/wp-content\/uploads\/2021\/10\/cropped-fgg.png\",\"width\":512,\"height\":512,\"caption\":\"Global Hookah\"},\"image\":{\"@id\":\"https:\/\/global-hookah.com\/#\/schema\/logo\/image\/\"}}]}<\/script>\n<!-- \/ Yoast SEO Premium plugin. -->","yoast_head_json":{"title":"Blaue Trompete arabische Wasserpfeife Gro\u00dfhandel - Global Hookah","robots":{"index":"index","follow":"follow","max-snippet":"max-snippet:-1","max-image-preview":"max-image-preview:large","max-video-preview":"max-video-preview:-1"},"canonical":"https:\/\/global-hookah.com\/de\/produkt\/blue-trumpet-arabian-hookah-pipe-wholesale\/","og_locale":"de_DE","og_type":"article","og_title":"Blue Trumpet Arabian Hookah Pipe Wholesale","og_description":"Beautiful Bohemian crystal that brilliantly catches and reflects light is handcrafted into the hookah base and vase. Each Arabian Hookah","og_url":"https:\/\/global-hookah.com\/de\/produkt\/blue-trumpet-arabian-hookah-pipe-wholesale\/","og_site_name":"Global Hookah","article_modified_time":"2024-01-12T03:59:53+00:00","og_image":[{"width":800,"height":800,"url":"https:\/\/global-hookah.com\/wp-content\/uploads\/2023\/03\/\u4e3b\u56fe-05-8.jpg","type":"image\/jpeg"}],"twitter_card":"summary_large_image","twitter_misc":{"Gesch\u00e4tzte Lesezeit":"1\u00a0Minute"},"schema":{"@context":"https:\/\/schema.org","@graph":[{"@type":"WebPage","@id":"https:\/\/global-hookah.com\/product\/blue-trumpet-arabian-hookah-pipe-wholesale\/","url":"https:\/\/global-hookah.com\/product\/blue-trumpet-arabian-hookah-pipe-wholesale\/","name":"Blaue Trompete arabische Wasserpfeife Gro\u00dfhandel - Global Hookah","isPartOf":{"@id":"https:\/\/global-hookah.com\/#website"},"primaryImageOfPage":{"@id":"https:\/\/global-hookah.com\/product\/blue-trumpet-arabian-hookah-pipe-wholesale\/#primaryimage"},"image":{"@id":"https:\/\/global-hookah.com\/product\/blue-trumpet-arabian-hookah-pipe-wholesale\/#primaryimage"},"thumbnailUrl":"https:\/\/global-hookah.com\/wp-content\/uploads\/2023\/03\/\u4e3b\u56fe-05-8.jpg","datePublished":"2023-03-04T11:49:43+00:00","dateModified":"2024-01-12T03:59:53+00:00","breadcrumb":{"@id":"https:\/\/global-hookah.com\/product\/blue-trumpet-arabian-hookah-pipe-wholesale\/#breadcrumb"},"inLanguage":"de","potentialAction":[{"@type":"ReadAction","target":["https:\/\/global-hookah.com\/product\/blue-trumpet-arabian-hookah-pipe-wholesale\/"]}]},{"@type":"ImageObject","inLanguage":"de","@id":"https:\/\/global-hookah.com\/product\/blue-trumpet-arabian-hookah-pipe-wholesale\/#primaryimage","url":"https:\/\/global-hookah.com\/wp-content\/uploads\/2023\/03\/\u4e3b\u56fe-05-8.jpg","contentUrl":"https:\/\/global-hookah.com\/wp-content\/uploads\/2023\/03\/\u4e3b\u56fe-05-8.jpg","width":800,"height":800,"caption":"Arabian Hookah Pipe Wholesale"},{"@type":"BreadcrumbList","@id":"https:\/\/global-hookah.com\/product\/blue-trumpet-arabian-hookah-pipe-wholesale\/#breadcrumb","itemListElement":[{"@type":"ListItem","position":1,"name":"Home","item":"https:\/\/global-hookah.com\/"},{"@type":"ListItem","position":2,"name":"Shop","item":"https:\/\/global-hookah.com\/shop\/"},{"@type":"ListItem","position":3,"name":"Blue Trumpet Arabian Hookah Pipe Wholesale"}]},{"@type":"WebSite","@id":"https:\/\/global-hookah.com\/#website","url":"https:\/\/global-hookah.com\/","name":"Globale Wasserpfeife","description":"Globale Wasserpfeife","publisher":{"@id":"https:\/\/global-hookah.com\/#organization"},"potentialAction":[{"@type":"SearchAction","target":{"@type":"EntryPoint","urlTemplate":"https:\/\/global-hookah.com\/?s={search_term_string}"},"query-input":{"@type":"PropertyValueSpecification","valueRequired":true,"valueName":"search_term_string"}}],"inLanguage":"de"},{"@type":"Organization","@id":"https:\/\/global-hookah.com\/#organization","name":"Globale Wasserpfeife","url":"https:\/\/global-hookah.com\/","logo":{"@type":"ImageObject","inLanguage":"de","@id":"https:\/\/global-hookah.com\/#\/schema\/logo\/image\/","url":"https:\/\/global-hookah.com\/wp-content\/uploads\/2021\/10\/cropped-fgg.png","contentUrl":"https:\/\/global-hookah.com\/wp-content\/uploads\/2021\/10\/cropped-fgg.png","width":512,"height":512,"caption":"Global Hookah"},"image":{"@id":"https:\/\/global-hookah.com\/#\/schema\/logo\/image\/"}}]}},"_links":{"self":[{"href":"https:\/\/global-hookah.com\/de\/wp-json\/wp\/v2\/product\/10983","targetHints":{"allow":["GET"]}}],"collection":[{"href":"https:\/\/global-hookah.com\/de\/wp-json\/wp\/v2\/product"}],"about":[{"href":"https:\/\/global-hookah.com\/de\/wp-json\/wp\/v2\/types\/product"}],"replies":[{"embeddable":true,"href":"https:\/\/global-hookah.com\/de\/wp-json\/wp\/v2\/comments?post=10983"}],"version-history":[{"count":0,"href":"https:\/\/global-hookah.com\/de\/wp-json\/wp\/v2\/product\/10983\/revisions"}],"wp:featuredmedia":[{"embeddable":true,"href":"https:\/\/global-hookah.com\/de\/wp-json\/wp\/v2\/media\/10987"}],"wp:attachment":[{"href":"https:\/\/global-hookah.com\/de\/wp-json\/wp\/v2\/media?parent=10983"}],"wp:term":[{"taxonomy":"product_brand","embeddable":true,"href":"https:\/\/global-hookah.com\/de\/wp-json\/wp\/v2\/product_brand?post=10983"},{"taxonomy":"product_cat","embeddable":true,"href":"https:\/\/global-hookah.com\/de\/wp-json\/wp\/v2\/product_cat?post=10983"},{"taxonomy":"product_tag","embeddable":true,"href":"https:\/\/global-hookah.com\/de\/wp-json\/wp\/v2\/product_tag?post=10983"}],"curies":[{"name":"wp","href":"https:\/\/api.w.org\/{rel}","templated":true}]}}