{"id":11008,"date":"2023-03-04T12:01:10","date_gmt":"2023-03-04T12:01:10","guid":{"rendered":"https:\/\/global-hookah.com\/?post_type=product&#038;p=11008"},"modified":"2023-03-14T11:45:44","modified_gmt":"2023-03-14T11:45:44","slug":"acrylic-inverted-triangle-hookah","status":"publish","type":"product","link":"https:\/\/global-hookah.com\/de\/produkt\/acrylic-inverted-triangle-hookah\/","title":{"rendered":"Acryl Umgekehrtes Dreieck Wasserpfeife"},"content":{"rendered":"<p>Die <strong>Acryl Umgekehrtes Dreieck Wasserpfeife<\/strong> ist eine <a href=\"https:\/\/global-hookah.com\/\">hochwertiges Raucherzubeh\u00f6r<\/a> die Ihr Leben einfacher machen wird. Das hochwertige Acryl, das bei der Konstruktion verwendet wurde, sorgt daf\u00fcr, dass diese Wasserpfeife bei h\u00e4ufigem Gebrauch eine lange Lebensdauer haben wird. Ihre klassische Dreiecksform macht sie zu einem idealen Blickfang f\u00fcr Dinnerpartys und andere gesellschaftliche Zusammenk\u00fcnfte.<\/p>\n<p>Mit einer H\u00f6he von 25 cm, einer Breite von 20 cm und einer Tiefe von 10,5 cm hat diese Wasserpfeife die perfekte Gr\u00f6\u00dfe f\u00fcr die Mobilit\u00e4t e. Sie ist sowohl ein modisches als auch ein funktionales Objekt. Das hochwertige Acryl, aus dem sie gefertigt ist, sorgt daf\u00fcr, dass sie lange Zeit sch\u00f6n aussieht. Aufgrund seines exquisiten Aussehens und seiner robusten Konstruktion ist der <strong>Acryl Umgekehrtes Dreieck Wasserpfeife<\/strong> wird der Mittelpunkt Ihrer Sammlung sein.<\/p>\n<p>Sie ist einfach aufzubauen und zu bedienen, eine Bedienungsanleitung ist nicht erforderlich. F\u00fcr eine angenehme und angenehme Rauchsession werden ein langer Schlauch und ein Mundst\u00fcck mitgeliefert. Dank ihrer robusten Konstruktion wird sie lange halten.<\/p>\n<p>Um einen sicheren Versand zu gew\u00e4hrleisten, befindet sich die Wasserpfeife in einer robusten Box mit den Ma\u00dfen 31x11x27 cm. Die <strong>Acryl Umgekehrtes Dreieck Wasserpfeife<\/strong> ist eine fantastische Erg\u00e4nzung f\u00fcr die Sammlung eines jeden Rauchers, ob erfahren oder unerfahren. Heute ist der richtige Tag, um eine zu kaufen und das beste Erlebnis auf die trendigste Art und Weise zu haben, die man sich vorstellen kann.<\/p>","protected":false},"excerpt":{"rendered":"<p>Die Acrylic Inverted Triangle Hookah ist ein hochwertiges Raucherzubeh\u00f6r, das Ihr Leben einfacher machen wird. Das hochwertige Acryl verwendet<\/p>","protected":false},"featured_media":11014,"comment_status":"open","ping_status":"closed","template":"","meta":{"iawp_total_views":1,"_joinchat":[]},"product_brand":[],"product_cat":[415],"product_tag":[],"class_list":{"0":"post-11008","1":"product","2":"type-product","3":"status-publish","4":"has-post-thumbnail","6":"product_cat-accessories","8":"first","9":"instock","10":"shipping-taxable","11":"purchasable","12":"product-type-simple"},"yoast_head":"<!-- This site is optimized with the Yoast SEO Premium plugin v24.7 (Yoast SEO v26.8) - https:\/\/yoast.com\/product\/yoast-seo-premium-wordpress\/ -->\n<title>Acrylic Inverted Triangle Hookah - Global Hookah<\/title>\n<meta name=\"robots\" content=\"index, follow, max-snippet:-1, max-image-preview:large, max-video-preview:-1\" \/>\n<link rel=\"canonical\" href=\"https:\/\/global-hookah.com\/de\/produkt\/acrylic-inverted-triangle-hookah\/\" \/>\n<meta property=\"og:locale\" content=\"de_DE\" \/>\n<meta property=\"og:type\" content=\"article\" \/>\n<meta property=\"og:title\" content=\"Acrylic Inverted Triangle Hookah\" \/>\n<meta property=\"og:description\" content=\"The Acrylic Inverted Triangle Hookah is a high-quality smoking accessory that will make your life simpler. The high-quality acrylic utilized\" \/>\n<meta property=\"og:url\" content=\"https:\/\/global-hookah.com\/de\/produkt\/acrylic-inverted-triangle-hookah\/\" \/>\n<meta property=\"og:site_name\" content=\"Global Hookah\" \/>\n<meta property=\"article:modified_time\" content=\"2023-03-14T11:45:44+00:00\" \/>\n<meta property=\"og:image\" content=\"https:\/\/global-hookah.com\/wp-content\/uploads\/2023\/03\/\u4e3b\u56fe-01-12.jpg\" \/>\n\t<meta property=\"og:image:width\" content=\"1000\" \/>\n\t<meta property=\"og:image:height\" content=\"1000\" \/>\n\t<meta property=\"og:image:type\" content=\"image\/jpeg\" \/>\n<meta name=\"twitter:card\" content=\"summary_large_image\" \/>\n<meta name=\"twitter:label1\" content=\"Gesch\u00e4tzte Lesezeit\" \/>\n\t<meta name=\"twitter:data1\" content=\"1\u00a0Minute\" \/>\n<script type=\"application\/ld+json\" class=\"yoast-schema-graph\">{\"@context\":\"https:\/\/schema.org\",\"@graph\":[{\"@type\":\"WebPage\",\"@id\":\"https:\/\/global-hookah.com\/product\/acrylic-inverted-triangle-hookah\/\",\"url\":\"https:\/\/global-hookah.com\/product\/acrylic-inverted-triangle-hookah\/\",\"name\":\"Acrylic Inverted Triangle Hookah - Global Hookah\",\"isPartOf\":{\"@id\":\"https:\/\/global-hookah.com\/#website\"},\"primaryImageOfPage\":{\"@id\":\"https:\/\/global-hookah.com\/product\/acrylic-inverted-triangle-hookah\/#primaryimage\"},\"image\":{\"@id\":\"https:\/\/global-hookah.com\/product\/acrylic-inverted-triangle-hookah\/#primaryimage\"},\"thumbnailUrl\":\"https:\/\/global-hookah.com\/wp-content\/uploads\/2023\/03\/\u4e3b\u56fe-01-12.jpg\",\"datePublished\":\"2023-03-04T12:01:10+00:00\",\"dateModified\":\"2023-03-14T11:45:44+00:00\",\"breadcrumb\":{\"@id\":\"https:\/\/global-hookah.com\/product\/acrylic-inverted-triangle-hookah\/#breadcrumb\"},\"inLanguage\":\"de\",\"potentialAction\":[{\"@type\":\"ReadAction\",\"target\":[\"https:\/\/global-hookah.com\/product\/acrylic-inverted-triangle-hookah\/\"]}]},{\"@type\":\"ImageObject\",\"inLanguage\":\"de\",\"@id\":\"https:\/\/global-hookah.com\/product\/acrylic-inverted-triangle-hookah\/#primaryimage\",\"url\":\"https:\/\/global-hookah.com\/wp-content\/uploads\/2023\/03\/\u4e3b\u56fe-01-12.jpg\",\"contentUrl\":\"https:\/\/global-hookah.com\/wp-content\/uploads\/2023\/03\/\u4e3b\u56fe-01-12.jpg\",\"width\":1000,\"height\":1000,\"caption\":\"Acrylic inverted triangle hookah\"},{\"@type\":\"BreadcrumbList\",\"@id\":\"https:\/\/global-hookah.com\/product\/acrylic-inverted-triangle-hookah\/#breadcrumb\",\"itemListElement\":[{\"@type\":\"ListItem\",\"position\":1,\"name\":\"Home\",\"item\":\"https:\/\/global-hookah.com\/\"},{\"@type\":\"ListItem\",\"position\":2,\"name\":\"Shop\",\"item\":\"https:\/\/global-hookah.com\/shop\/\"},{\"@type\":\"ListItem\",\"position\":3,\"name\":\"Acrylic Inverted Triangle Hookah\"}]},{\"@type\":\"WebSite\",\"@id\":\"https:\/\/global-hookah.com\/#website\",\"url\":\"https:\/\/global-hookah.com\/\",\"name\":\"Global Hookah\",\"description\":\"Global Hookah\",\"publisher\":{\"@id\":\"https:\/\/global-hookah.com\/#organization\"},\"potentialAction\":[{\"@type\":\"SearchAction\",\"target\":{\"@type\":\"EntryPoint\",\"urlTemplate\":\"https:\/\/global-hookah.com\/?s={search_term_string}\"},\"query-input\":{\"@type\":\"PropertyValueSpecification\",\"valueRequired\":true,\"valueName\":\"search_term_string\"}}],\"inLanguage\":\"de\"},{\"@type\":\"Organization\",\"@id\":\"https:\/\/global-hookah.com\/#organization\",\"name\":\"Global Hookah\",\"url\":\"https:\/\/global-hookah.com\/\",\"logo\":{\"@type\":\"ImageObject\",\"inLanguage\":\"de\",\"@id\":\"https:\/\/global-hookah.com\/#\/schema\/logo\/image\/\",\"url\":\"https:\/\/global-hookah.com\/wp-content\/uploads\/2021\/10\/cropped-fgg.png\",\"contentUrl\":\"https:\/\/global-hookah.com\/wp-content\/uploads\/2021\/10\/cropped-fgg.png\",\"width\":512,\"height\":512,\"caption\":\"Global Hookah\"},\"image\":{\"@id\":\"https:\/\/global-hookah.com\/#\/schema\/logo\/image\/\"}}]}<\/script>\n<!-- \/ Yoast SEO Premium plugin. -->","yoast_head_json":{"title":"Acryl Umgekehrtes Dreieck Wasserpfeife - Global Hookah","robots":{"index":"index","follow":"follow","max-snippet":"max-snippet:-1","max-image-preview":"max-image-preview:large","max-video-preview":"max-video-preview:-1"},"canonical":"https:\/\/global-hookah.com\/de\/produkt\/acrylic-inverted-triangle-hookah\/","og_locale":"de_DE","og_type":"article","og_title":"Acrylic Inverted Triangle Hookah","og_description":"The Acrylic Inverted Triangle Hookah is a high-quality smoking accessory that will make your life simpler. The high-quality acrylic utilized","og_url":"https:\/\/global-hookah.com\/de\/produkt\/acrylic-inverted-triangle-hookah\/","og_site_name":"Global Hookah","article_modified_time":"2023-03-14T11:45:44+00:00","og_image":[{"width":1000,"height":1000,"url":"https:\/\/global-hookah.com\/wp-content\/uploads\/2023\/03\/\u4e3b\u56fe-01-12.jpg","type":"image\/jpeg"}],"twitter_card":"summary_large_image","twitter_misc":{"Gesch\u00e4tzte Lesezeit":"1\u00a0Minute"},"schema":{"@context":"https:\/\/schema.org","@graph":[{"@type":"WebPage","@id":"https:\/\/global-hookah.com\/product\/acrylic-inverted-triangle-hookah\/","url":"https:\/\/global-hookah.com\/product\/acrylic-inverted-triangle-hookah\/","name":"Acryl Umgekehrtes Dreieck Wasserpfeife - Global Hookah","isPartOf":{"@id":"https:\/\/global-hookah.com\/#website"},"primaryImageOfPage":{"@id":"https:\/\/global-hookah.com\/product\/acrylic-inverted-triangle-hookah\/#primaryimage"},"image":{"@id":"https:\/\/global-hookah.com\/product\/acrylic-inverted-triangle-hookah\/#primaryimage"},"thumbnailUrl":"https:\/\/global-hookah.com\/wp-content\/uploads\/2023\/03\/\u4e3b\u56fe-01-12.jpg","datePublished":"2023-03-04T12:01:10+00:00","dateModified":"2023-03-14T11:45:44+00:00","breadcrumb":{"@id":"https:\/\/global-hookah.com\/product\/acrylic-inverted-triangle-hookah\/#breadcrumb"},"inLanguage":"de","potentialAction":[{"@type":"ReadAction","target":["https:\/\/global-hookah.com\/product\/acrylic-inverted-triangle-hookah\/"]}]},{"@type":"ImageObject","inLanguage":"de","@id":"https:\/\/global-hookah.com\/product\/acrylic-inverted-triangle-hookah\/#primaryimage","url":"https:\/\/global-hookah.com\/wp-content\/uploads\/2023\/03\/\u4e3b\u56fe-01-12.jpg","contentUrl":"https:\/\/global-hookah.com\/wp-content\/uploads\/2023\/03\/\u4e3b\u56fe-01-12.jpg","width":1000,"height":1000,"caption":"Acrylic inverted triangle hookah"},{"@type":"BreadcrumbList","@id":"https:\/\/global-hookah.com\/product\/acrylic-inverted-triangle-hookah\/#breadcrumb","itemListElement":[{"@type":"ListItem","position":1,"name":"Home","item":"https:\/\/global-hookah.com\/"},{"@type":"ListItem","position":2,"name":"Shop","item":"https:\/\/global-hookah.com\/shop\/"},{"@type":"ListItem","position":3,"name":"Acrylic Inverted Triangle Hookah"}]},{"@type":"WebSite","@id":"https:\/\/global-hookah.com\/#website","url":"https:\/\/global-hookah.com\/","name":"Globale Wasserpfeife","description":"Globale Wasserpfeife","publisher":{"@id":"https:\/\/global-hookah.com\/#organization"},"potentialAction":[{"@type":"SearchAction","target":{"@type":"EntryPoint","urlTemplate":"https:\/\/global-hookah.com\/?s={search_term_string}"},"query-input":{"@type":"PropertyValueSpecification","valueRequired":true,"valueName":"search_term_string"}}],"inLanguage":"de"},{"@type":"Organization","@id":"https:\/\/global-hookah.com\/#organization","name":"Globale Wasserpfeife","url":"https:\/\/global-hookah.com\/","logo":{"@type":"ImageObject","inLanguage":"de","@id":"https:\/\/global-hookah.com\/#\/schema\/logo\/image\/","url":"https:\/\/global-hookah.com\/wp-content\/uploads\/2021\/10\/cropped-fgg.png","contentUrl":"https:\/\/global-hookah.com\/wp-content\/uploads\/2021\/10\/cropped-fgg.png","width":512,"height":512,"caption":"Global Hookah"},"image":{"@id":"https:\/\/global-hookah.com\/#\/schema\/logo\/image\/"}}]}},"_links":{"self":[{"href":"https:\/\/global-hookah.com\/de\/wp-json\/wp\/v2\/product\/11008","targetHints":{"allow":["GET"]}}],"collection":[{"href":"https:\/\/global-hookah.com\/de\/wp-json\/wp\/v2\/product"}],"about":[{"href":"https:\/\/global-hookah.com\/de\/wp-json\/wp\/v2\/types\/product"}],"replies":[{"embeddable":true,"href":"https:\/\/global-hookah.com\/de\/wp-json\/wp\/v2\/comments?post=11008"}],"version-history":[{"count":0,"href":"https:\/\/global-hookah.com\/de\/wp-json\/wp\/v2\/product\/11008\/revisions"}],"wp:featuredmedia":[{"embeddable":true,"href":"https:\/\/global-hookah.com\/de\/wp-json\/wp\/v2\/media\/11014"}],"wp:attachment":[{"href":"https:\/\/global-hookah.com\/de\/wp-json\/wp\/v2\/media?parent=11008"}],"wp:term":[{"taxonomy":"product_brand","embeddable":true,"href":"https:\/\/global-hookah.com\/de\/wp-json\/wp\/v2\/product_brand?post=11008"},{"taxonomy":"product_cat","embeddable":true,"href":"https:\/\/global-hookah.com\/de\/wp-json\/wp\/v2\/product_cat?post=11008"},{"taxonomy":"product_tag","embeddable":true,"href":"https:\/\/global-hookah.com\/de\/wp-json\/wp\/v2\/product_tag?post=11008"}],"curies":[{"name":"wp","href":"https:\/\/api.w.org\/{rel}","templated":true}]}}