{"id":11132,"date":"2023-03-08T11:13:28","date_gmt":"2023-03-08T11:13:28","guid":{"rendered":"https:\/\/global-hookah.com\/?post_type=product&#038;p=11132"},"modified":"2023-03-25T13:25:14","modified_gmt":"2023-03-25T13:25:14","slug":"pure-glass-hookah-with-led","status":"publish","type":"product","link":"https:\/\/global-hookah.com\/de\/produkt\/pure-glass-hookah-with-led\/","title":{"rendered":"Pure Glas Wasserpfeife mit Led"},"content":{"rendered":"<p>Diese <strong>Pure Glas Wasserpfeife mit Led<\/strong> hat ein schlankes, modernes Design und einzigartige LED-Lichter in seiner Konstruktion, so dass es wie eine Wolke, die in der Luft schwebt, w\u00e4hrend der Nutzung aussieht. Es macht Sie f\u00fchlen sich cool, wenn Sie in einer Bar mit Ihren Freunden rauchen<\/p>\n<p>Er wird mit einer speziellen Schale mit einer \u00d6ffnung in der Mitte geliefert, die bis zu 200 ml Tabak- oder Cannabismischung auf einmal aufnehmen kann. Dies stellt sicher, dass Sie genug Rauch bekommen, ohne dass Sie alle paar Sekunden Ihre Schale nachf\u00fcllen m\u00fcssen! Das Design der Schale ist perfekt f\u00fcr Tabak und Shisha, so dass Sie jedes Rauchmaterial genie\u00dfen k\u00f6nnen, das Sie m\u00f6gen!<\/p>\n<p>Dies hat nicht nur den Vorteil, dass <strong>Pure Glas Wasserpfeife mit Led<\/strong>\u00a0 Was toll aussieht, schmeckt auch toll. LED-Lichter und Glasdesign schaffen ein beruhigendes Ambiente und halten den Rauch k\u00fchl und lecker.<\/p>\n<p>Wenn Sie einen einzigartigen und stimmungsvollen <a href=\"https:\/\/global-hookah.com\/\">Wasserpfeife<\/a>, dann ist dies der perfekte Begleiter f\u00fcr Sie!<\/p>","protected":false},"excerpt":{"rendered":"<p>Diese Pure Glass Hookah mit Led hat ein schlankes, modernes Design und einzigartige LED-Lichter in seiner Konstruktion, so dass es<\/p>","protected":false},"featured_media":11134,"comment_status":"open","ping_status":"closed","template":"","meta":{"iawp_total_views":27,"_joinchat":[]},"product_brand":[],"product_cat":[415],"product_tag":[],"class_list":{"0":"post-11132","1":"product","2":"type-product","3":"status-publish","4":"has-post-thumbnail","6":"product_cat-accessories","8":"first","9":"instock","10":"shipping-taxable","11":"purchasable","12":"product-type-simple"},"yoast_head":"<!-- This site is optimized with the Yoast SEO Premium plugin v24.7 (Yoast SEO v26.8) - https:\/\/yoast.com\/product\/yoast-seo-premium-wordpress\/ -->\n<title>Pure Glass Hookah With Led - Global Hookah<\/title>\n<meta name=\"robots\" content=\"index, follow, max-snippet:-1, max-image-preview:large, max-video-preview:-1\" \/>\n<link rel=\"canonical\" href=\"https:\/\/global-hookah.com\/de\/it\/prodotto\/narghile-in-vetro-puro-con-led\/\" \/>\n<meta property=\"og:locale\" content=\"de_DE\" \/>\n<meta property=\"og:type\" content=\"article\" \/>\n<meta property=\"og:title\" content=\"Pure Glass Hookah With Led\" \/>\n<meta property=\"og:description\" content=\"This Pure Glass Hookah With Led has a sleek, modern design and unique LED lights in its construction, making it\" \/>\n<meta property=\"og:url\" content=\"https:\/\/global-hookah.com\/de\/it\/prodotto\/narghile-in-vetro-puro-con-led\/\" \/>\n<meta property=\"og:site_name\" content=\"Global Hookah\" \/>\n<meta property=\"article:modified_time\" content=\"2023-03-25T13:25:14+00:00\" \/>\n<meta property=\"og:image\" content=\"https:\/\/global-hookah.com\/wp-content\/uploads\/2023\/03\/\u4e3b\u56fe-07-2.jpg\" \/>\n\t<meta property=\"og:image:width\" content=\"828\" \/>\n\t<meta property=\"og:image:height\" content=\"828\" \/>\n\t<meta property=\"og:image:type\" content=\"image\/jpeg\" \/>\n<meta name=\"twitter:card\" content=\"summary_large_image\" \/>\n<meta name=\"twitter:label1\" content=\"Gesch\u00e4tzte Lesezeit\" \/>\n\t<meta name=\"twitter:data1\" content=\"1\u00a0Minute\" \/>\n<script type=\"application\/ld+json\" class=\"yoast-schema-graph\">{\"@context\":\"https:\/\/schema.org\",\"@graph\":[{\"@type\":\"WebPage\",\"@id\":\"https:\/\/global-hookah.com\/it\/prodotto\/narghile-in-vetro-puro-con-led\/\",\"url\":\"https:\/\/global-hookah.com\/it\/prodotto\/narghile-in-vetro-puro-con-led\/\",\"name\":\"Pure Glass Hookah With Led - Global Hookah\",\"isPartOf\":{\"@id\":\"https:\/\/global-hookah.com\/#website\"},\"primaryImageOfPage\":{\"@id\":\"https:\/\/global-hookah.com\/it\/prodotto\/narghile-in-vetro-puro-con-led\/#primaryimage\"},\"image\":{\"@id\":\"https:\/\/global-hookah.com\/it\/prodotto\/narghile-in-vetro-puro-con-led\/#primaryimage\"},\"thumbnailUrl\":\"https:\/\/global-hookah.com\/wp-content\/uploads\/2023\/03\/\u4e3b\u56fe-07-2.jpg\",\"datePublished\":\"2023-03-08T11:13:28+00:00\",\"dateModified\":\"2023-03-25T13:25:14+00:00\",\"breadcrumb\":{\"@id\":\"https:\/\/global-hookah.com\/it\/prodotto\/narghile-in-vetro-puro-con-led\/#breadcrumb\"},\"inLanguage\":\"de\",\"potentialAction\":[{\"@type\":\"ReadAction\",\"target\":[\"https:\/\/global-hookah.com\/it\/prodotto\/narghile-in-vetro-puro-con-led\/\"]}]},{\"@type\":\"ImageObject\",\"inLanguage\":\"de\",\"@id\":\"https:\/\/global-hookah.com\/it\/prodotto\/narghile-in-vetro-puro-con-led\/#primaryimage\",\"url\":\"https:\/\/global-hookah.com\/wp-content\/uploads\/2023\/03\/\u4e3b\u56fe-07-2.jpg\",\"contentUrl\":\"https:\/\/global-hookah.com\/wp-content\/uploads\/2023\/03\/\u4e3b\u56fe-07-2.jpg\",\"width\":828,\"height\":828,\"caption\":\"clear glass hookah\"},{\"@type\":\"BreadcrumbList\",\"@id\":\"https:\/\/global-hookah.com\/it\/prodotto\/narghile-in-vetro-puro-con-led\/#breadcrumb\",\"itemListElement\":[{\"@type\":\"ListItem\",\"position\":1,\"name\":\"Home\",\"item\":\"https:\/\/global-hookah.com\/\"},{\"@type\":\"ListItem\",\"position\":2,\"name\":\"Shop\",\"item\":\"https:\/\/global-hookah.com\/shop\/\"},{\"@type\":\"ListItem\",\"position\":3,\"name\":\"Pure Glass Hookah With Led\"}]},{\"@type\":\"WebSite\",\"@id\":\"https:\/\/global-hookah.com\/#website\",\"url\":\"https:\/\/global-hookah.com\/\",\"name\":\"Global Hookah\",\"description\":\"Global Hookah\",\"publisher\":{\"@id\":\"https:\/\/global-hookah.com\/#organization\"},\"potentialAction\":[{\"@type\":\"SearchAction\",\"target\":{\"@type\":\"EntryPoint\",\"urlTemplate\":\"https:\/\/global-hookah.com\/?s={search_term_string}\"},\"query-input\":{\"@type\":\"PropertyValueSpecification\",\"valueRequired\":true,\"valueName\":\"search_term_string\"}}],\"inLanguage\":\"de\"},{\"@type\":\"Organization\",\"@id\":\"https:\/\/global-hookah.com\/#organization\",\"name\":\"Global Hookah\",\"url\":\"https:\/\/global-hookah.com\/\",\"logo\":{\"@type\":\"ImageObject\",\"inLanguage\":\"de\",\"@id\":\"https:\/\/global-hookah.com\/#\/schema\/logo\/image\/\",\"url\":\"https:\/\/global-hookah.com\/wp-content\/uploads\/2021\/10\/cropped-fgg.png\",\"contentUrl\":\"https:\/\/global-hookah.com\/wp-content\/uploads\/2021\/10\/cropped-fgg.png\",\"width\":512,\"height\":512,\"caption\":\"Global Hookah\"},\"image\":{\"@id\":\"https:\/\/global-hookah.com\/#\/schema\/logo\/image\/\"}}]}<\/script>\n<!-- \/ Yoast SEO Premium plugin. -->","yoast_head_json":{"title":"Reine Glas Wasserpfeife mit Led - Global Hookah","robots":{"index":"index","follow":"follow","max-snippet":"max-snippet:-1","max-image-preview":"max-image-preview:large","max-video-preview":"max-video-preview:-1"},"canonical":"https:\/\/global-hookah.com\/de\/it\/prodotto\/narghile-in-vetro-puro-con-led\/","og_locale":"de_DE","og_type":"article","og_title":"Pure Glass Hookah With Led","og_description":"This Pure Glass Hookah With Led has a sleek, modern design and unique LED lights in its construction, making it","og_url":"https:\/\/global-hookah.com\/de\/it\/prodotto\/narghile-in-vetro-puro-con-led\/","og_site_name":"Global Hookah","article_modified_time":"2023-03-25T13:25:14+00:00","og_image":[{"width":828,"height":828,"url":"https:\/\/global-hookah.com\/wp-content\/uploads\/2023\/03\/\u4e3b\u56fe-07-2.jpg","type":"image\/jpeg"}],"twitter_card":"summary_large_image","twitter_misc":{"Gesch\u00e4tzte Lesezeit":"1\u00a0Minute"},"schema":{"@context":"https:\/\/schema.org","@graph":[{"@type":"WebPage","@id":"https:\/\/global-hookah.com\/it\/prodotto\/narghile-in-vetro-puro-con-led\/","url":"https:\/\/global-hookah.com\/it\/prodotto\/narghile-in-vetro-puro-con-led\/","name":"Reine Glas Wasserpfeife mit Led - Global Hookah","isPartOf":{"@id":"https:\/\/global-hookah.com\/#website"},"primaryImageOfPage":{"@id":"https:\/\/global-hookah.com\/it\/prodotto\/narghile-in-vetro-puro-con-led\/#primaryimage"},"image":{"@id":"https:\/\/global-hookah.com\/it\/prodotto\/narghile-in-vetro-puro-con-led\/#primaryimage"},"thumbnailUrl":"https:\/\/global-hookah.com\/wp-content\/uploads\/2023\/03\/\u4e3b\u56fe-07-2.jpg","datePublished":"2023-03-08T11:13:28+00:00","dateModified":"2023-03-25T13:25:14+00:00","breadcrumb":{"@id":"https:\/\/global-hookah.com\/it\/prodotto\/narghile-in-vetro-puro-con-led\/#breadcrumb"},"inLanguage":"de","potentialAction":[{"@type":"ReadAction","target":["https:\/\/global-hookah.com\/it\/prodotto\/narghile-in-vetro-puro-con-led\/"]}]},{"@type":"ImageObject","inLanguage":"de","@id":"https:\/\/global-hookah.com\/it\/prodotto\/narghile-in-vetro-puro-con-led\/#primaryimage","url":"https:\/\/global-hookah.com\/wp-content\/uploads\/2023\/03\/\u4e3b\u56fe-07-2.jpg","contentUrl":"https:\/\/global-hookah.com\/wp-content\/uploads\/2023\/03\/\u4e3b\u56fe-07-2.jpg","width":828,"height":828,"caption":"clear glass hookah"},{"@type":"BreadcrumbList","@id":"https:\/\/global-hookah.com\/it\/prodotto\/narghile-in-vetro-puro-con-led\/#breadcrumb","itemListElement":[{"@type":"ListItem","position":1,"name":"Home","item":"https:\/\/global-hookah.com\/"},{"@type":"ListItem","position":2,"name":"Shop","item":"https:\/\/global-hookah.com\/shop\/"},{"@type":"ListItem","position":3,"name":"Pure Glass Hookah With Led"}]},{"@type":"WebSite","@id":"https:\/\/global-hookah.com\/#website","url":"https:\/\/global-hookah.com\/","name":"Globale Wasserpfeife","description":"Globale Wasserpfeife","publisher":{"@id":"https:\/\/global-hookah.com\/#organization"},"potentialAction":[{"@type":"SearchAction","target":{"@type":"EntryPoint","urlTemplate":"https:\/\/global-hookah.com\/?s={search_term_string}"},"query-input":{"@type":"PropertyValueSpecification","valueRequired":true,"valueName":"search_term_string"}}],"inLanguage":"de"},{"@type":"Organization","@id":"https:\/\/global-hookah.com\/#organization","name":"Globale Wasserpfeife","url":"https:\/\/global-hookah.com\/","logo":{"@type":"ImageObject","inLanguage":"de","@id":"https:\/\/global-hookah.com\/#\/schema\/logo\/image\/","url":"https:\/\/global-hookah.com\/wp-content\/uploads\/2021\/10\/cropped-fgg.png","contentUrl":"https:\/\/global-hookah.com\/wp-content\/uploads\/2021\/10\/cropped-fgg.png","width":512,"height":512,"caption":"Global Hookah"},"image":{"@id":"https:\/\/global-hookah.com\/#\/schema\/logo\/image\/"}}]}},"_links":{"self":[{"href":"https:\/\/global-hookah.com\/de\/wp-json\/wp\/v2\/product\/11132","targetHints":{"allow":["GET"]}}],"collection":[{"href":"https:\/\/global-hookah.com\/de\/wp-json\/wp\/v2\/product"}],"about":[{"href":"https:\/\/global-hookah.com\/de\/wp-json\/wp\/v2\/types\/product"}],"replies":[{"embeddable":true,"href":"https:\/\/global-hookah.com\/de\/wp-json\/wp\/v2\/comments?post=11132"}],"version-history":[{"count":0,"href":"https:\/\/global-hookah.com\/de\/wp-json\/wp\/v2\/product\/11132\/revisions"}],"wp:featuredmedia":[{"embeddable":true,"href":"https:\/\/global-hookah.com\/de\/wp-json\/wp\/v2\/media\/11134"}],"wp:attachment":[{"href":"https:\/\/global-hookah.com\/de\/wp-json\/wp\/v2\/media?parent=11132"}],"wp:term":[{"taxonomy":"product_brand","embeddable":true,"href":"https:\/\/global-hookah.com\/de\/wp-json\/wp\/v2\/product_brand?post=11132"},{"taxonomy":"product_cat","embeddable":true,"href":"https:\/\/global-hookah.com\/de\/wp-json\/wp\/v2\/product_cat?post=11132"},{"taxonomy":"product_tag","embeddable":true,"href":"https:\/\/global-hookah.com\/de\/wp-json\/wp\/v2\/product_tag?post=11132"}],"curies":[{"name":"wp","href":"https:\/\/api.w.org\/{rel}","templated":true}]}}