{"id":11167,"date":"2023-03-08T11:53:03","date_gmt":"2023-03-08T11:53:03","guid":{"rendered":"https:\/\/global-hookah.com\/?post_type=product&#038;p=11167"},"modified":"2024-01-12T03:58:01","modified_gmt":"2024-01-12T03:58:01","slug":"single-pipe-plastic-shisha-hookah","status":"publish","type":"product","link":"https:\/\/global-hookah.com\/de\/produkt\/single-pipe-plastic-shisha-hookah\/","title":{"rendered":"Einrohrige Plastik Shisha Wasserpfeife"},"content":{"rendered":"<p>Dies ist die beste Einstiegsvariante <strong>Plastik-Shisha<\/strong> Der Kunststoff ist au\u00dferdem sehr haltbar, so dass Sie sich keine Sorgen machen m\u00fcssen, dass er mit der Zeit kaputt geht oder Risse bekommt, wie es bei einigen anderen Produkten der Fall ist. <a href=\"https:\/\/global-hookah.com\/\">andere Wasserpfeife<\/a><\/p>\n<p>Der an der Oberseite der Sch\u00fcssel angebrachte Schlauch hat ein Gewinde, so dass er an jeder Art von Sch\u00fcssel befestigt werden kann, einschlie\u00dflich der traditionellen \u00e4gyptischen Sch\u00fcssel oder unserer neuen Glassch\u00fcsseln. Und <strong>Einrohr-Kunststoff-Shisha<\/strong> Der Sockel ist sehr stabil, so dass Sie ihn sicher verwenden k\u00f6nnen.<\/p>\n<p>Der Aschef\u00e4nger sitzt oben auf dem Downstem und verhindert, dass Tabak oder Kr\u00e4uter in das Wasser gelangen, wenn Sie eine Rauchpause einlegen.<\/p>\n<p>Denn <strong><em>Einrohr-Kunststoff-Shisha<\/em><\/strong> erfordern weder eine komplizierte Montage noch besondere F\u00e4higkeiten bei der Verwendung. Also<strong> Einrohr-Kunststoff-Shisha<\/strong> ist bei Anf\u00e4ngern sehr beliebt. Das Einzige, was Sie tun m\u00fcssen, ist, Ihren bevorzugten aromatisierten Tabak in die Pfeife zu geben, sie anzuz\u00fcnden und mit dem Rauchen zu beginnen!<\/p>","protected":false},"excerpt":{"rendered":"<p>Dies ist eine beste Einstiegs-Plastik-Shisha f\u00fcr Anf\u00e4nger, es ist aus umweltfreundlichem Kunststoff hergestellt, Der Kunststoff ist auch sehr<\/p>","protected":false},"featured_media":11172,"comment_status":"open","ping_status":"closed","template":"","meta":{"iawp_total_views":1,"_joinchat":[]},"product_brand":[],"product_cat":[415,560],"product_tag":[],"class_list":{"0":"post-11167","1":"product","2":"type-product","3":"status-publish","4":"has-post-thumbnail","6":"product_cat-accessories","7":"product_cat-glass-hookah-wholesale","9":"first","10":"instock","11":"shipping-taxable","12":"purchasable","13":"product-type-simple"},"yoast_head":"<!-- This site is optimized with the Yoast SEO Premium plugin v24.7 (Yoast SEO v26.8) - https:\/\/yoast.com\/product\/yoast-seo-premium-wordpress\/ -->\n<title>Single Pipe Plastic Shisha Hookah - Global Hookah<\/title>\n<meta name=\"robots\" content=\"index, follow, max-snippet:-1, max-image-preview:large, max-video-preview:-1\" \/>\n<link rel=\"canonical\" href=\"https:\/\/global-hookah.com\/de\/produkt\/single-pipe-plastic-shisha-hookah\/\" \/>\n<meta property=\"og:locale\" content=\"de_DE\" \/>\n<meta property=\"og:type\" content=\"article\" \/>\n<meta property=\"og:title\" content=\"Single Pipe Plastic Shisha Hookah\" \/>\n<meta property=\"og:description\" content=\"This is a best entry-level Plastic Shisha for beginners, it is made of eco-friendly plastic, The plastic is also very\" \/>\n<meta property=\"og:url\" content=\"https:\/\/global-hookah.com\/de\/produkt\/single-pipe-plastic-shisha-hookah\/\" \/>\n<meta property=\"og:site_name\" content=\"Global Hookah\" \/>\n<meta property=\"article:modified_time\" content=\"2024-01-12T03:58:01+00:00\" \/>\n<meta property=\"og:image\" content=\"https:\/\/global-hookah.com\/wp-content\/uploads\/2023\/03\/\u4e3b\u56fe-05-22.jpg\" \/>\n\t<meta property=\"og:image:width\" content=\"800\" \/>\n\t<meta property=\"og:image:height\" content=\"800\" \/>\n\t<meta property=\"og:image:type\" content=\"image\/jpeg\" \/>\n<meta name=\"twitter:card\" content=\"summary_large_image\" \/>\n<meta name=\"twitter:label1\" content=\"Gesch\u00e4tzte Lesezeit\" \/>\n\t<meta name=\"twitter:data1\" content=\"1\u00a0Minute\" \/>\n<script type=\"application\/ld+json\" class=\"yoast-schema-graph\">{\"@context\":\"https:\/\/schema.org\",\"@graph\":[{\"@type\":\"WebPage\",\"@id\":\"https:\/\/global-hookah.com\/product\/single-pipe-plastic-shisha-hookah\/\",\"url\":\"https:\/\/global-hookah.com\/product\/single-pipe-plastic-shisha-hookah\/\",\"name\":\"Single Pipe Plastic Shisha Hookah - Global Hookah\",\"isPartOf\":{\"@id\":\"https:\/\/global-hookah.com\/#website\"},\"primaryImageOfPage\":{\"@id\":\"https:\/\/global-hookah.com\/product\/single-pipe-plastic-shisha-hookah\/#primaryimage\"},\"image\":{\"@id\":\"https:\/\/global-hookah.com\/product\/single-pipe-plastic-shisha-hookah\/#primaryimage\"},\"thumbnailUrl\":\"https:\/\/global-hookah.com\/wp-content\/uploads\/2023\/03\/\u4e3b\u56fe-05-22.jpg\",\"datePublished\":\"2023-03-08T11:53:03+00:00\",\"dateModified\":\"2024-01-12T03:58:01+00:00\",\"breadcrumb\":{\"@id\":\"https:\/\/global-hookah.com\/product\/single-pipe-plastic-shisha-hookah\/#breadcrumb\"},\"inLanguage\":\"de\",\"potentialAction\":[{\"@type\":\"ReadAction\",\"target\":[\"https:\/\/global-hookah.com\/product\/single-pipe-plastic-shisha-hookah\/\"]}]},{\"@type\":\"ImageObject\",\"inLanguage\":\"de\",\"@id\":\"https:\/\/global-hookah.com\/product\/single-pipe-plastic-shisha-hookah\/#primaryimage\",\"url\":\"https:\/\/global-hookah.com\/wp-content\/uploads\/2023\/03\/\u4e3b\u56fe-05-22.jpg\",\"contentUrl\":\"https:\/\/global-hookah.com\/wp-content\/uploads\/2023\/03\/\u4e3b\u56fe-05-22.jpg\",\"width\":800,\"height\":800,\"caption\":\"Single Pipe Plastic Shisha Hookah\"},{\"@type\":\"BreadcrumbList\",\"@id\":\"https:\/\/global-hookah.com\/product\/single-pipe-plastic-shisha-hookah\/#breadcrumb\",\"itemListElement\":[{\"@type\":\"ListItem\",\"position\":1,\"name\":\"Home\",\"item\":\"https:\/\/global-hookah.com\/\"},{\"@type\":\"ListItem\",\"position\":2,\"name\":\"Shop\",\"item\":\"https:\/\/global-hookah.com\/shop\/\"},{\"@type\":\"ListItem\",\"position\":3,\"name\":\"Single Pipe Plastic Shisha Hookah\"}]},{\"@type\":\"WebSite\",\"@id\":\"https:\/\/global-hookah.com\/#website\",\"url\":\"https:\/\/global-hookah.com\/\",\"name\":\"Global Hookah\",\"description\":\"Global Hookah\",\"publisher\":{\"@id\":\"https:\/\/global-hookah.com\/#organization\"},\"potentialAction\":[{\"@type\":\"SearchAction\",\"target\":{\"@type\":\"EntryPoint\",\"urlTemplate\":\"https:\/\/global-hookah.com\/?s={search_term_string}\"},\"query-input\":{\"@type\":\"PropertyValueSpecification\",\"valueRequired\":true,\"valueName\":\"search_term_string\"}}],\"inLanguage\":\"de\"},{\"@type\":\"Organization\",\"@id\":\"https:\/\/global-hookah.com\/#organization\",\"name\":\"Global Hookah\",\"url\":\"https:\/\/global-hookah.com\/\",\"logo\":{\"@type\":\"ImageObject\",\"inLanguage\":\"de\",\"@id\":\"https:\/\/global-hookah.com\/#\/schema\/logo\/image\/\",\"url\":\"https:\/\/global-hookah.com\/wp-content\/uploads\/2021\/10\/cropped-fgg.png\",\"contentUrl\":\"https:\/\/global-hookah.com\/wp-content\/uploads\/2021\/10\/cropped-fgg.png\",\"width\":512,\"height\":512,\"caption\":\"Global Hookah\"},\"image\":{\"@id\":\"https:\/\/global-hookah.com\/#\/schema\/logo\/image\/\"}}]}<\/script>\n<!-- \/ Yoast SEO Premium plugin. -->","yoast_head_json":{"title":"Einrohrige Shisha aus Kunststoff - Global Hookah","robots":{"index":"index","follow":"follow","max-snippet":"max-snippet:-1","max-image-preview":"max-image-preview:large","max-video-preview":"max-video-preview:-1"},"canonical":"https:\/\/global-hookah.com\/de\/produkt\/single-pipe-plastic-shisha-hookah\/","og_locale":"de_DE","og_type":"article","og_title":"Single Pipe Plastic Shisha Hookah","og_description":"This is a best entry-level Plastic Shisha for beginners, it is made of eco-friendly plastic, The plastic is also very","og_url":"https:\/\/global-hookah.com\/de\/produkt\/single-pipe-plastic-shisha-hookah\/","og_site_name":"Global Hookah","article_modified_time":"2024-01-12T03:58:01+00:00","og_image":[{"width":800,"height":800,"url":"https:\/\/global-hookah.com\/wp-content\/uploads\/2023\/03\/\u4e3b\u56fe-05-22.jpg","type":"image\/jpeg"}],"twitter_card":"summary_large_image","twitter_misc":{"Gesch\u00e4tzte Lesezeit":"1\u00a0Minute"},"schema":{"@context":"https:\/\/schema.org","@graph":[{"@type":"WebPage","@id":"https:\/\/global-hookah.com\/product\/single-pipe-plastic-shisha-hookah\/","url":"https:\/\/global-hookah.com\/product\/single-pipe-plastic-shisha-hookah\/","name":"Einrohrige Shisha aus Kunststoff - Global Hookah","isPartOf":{"@id":"https:\/\/global-hookah.com\/#website"},"primaryImageOfPage":{"@id":"https:\/\/global-hookah.com\/product\/single-pipe-plastic-shisha-hookah\/#primaryimage"},"image":{"@id":"https:\/\/global-hookah.com\/product\/single-pipe-plastic-shisha-hookah\/#primaryimage"},"thumbnailUrl":"https:\/\/global-hookah.com\/wp-content\/uploads\/2023\/03\/\u4e3b\u56fe-05-22.jpg","datePublished":"2023-03-08T11:53:03+00:00","dateModified":"2024-01-12T03:58:01+00:00","breadcrumb":{"@id":"https:\/\/global-hookah.com\/product\/single-pipe-plastic-shisha-hookah\/#breadcrumb"},"inLanguage":"de","potentialAction":[{"@type":"ReadAction","target":["https:\/\/global-hookah.com\/product\/single-pipe-plastic-shisha-hookah\/"]}]},{"@type":"ImageObject","inLanguage":"de","@id":"https:\/\/global-hookah.com\/product\/single-pipe-plastic-shisha-hookah\/#primaryimage","url":"https:\/\/global-hookah.com\/wp-content\/uploads\/2023\/03\/\u4e3b\u56fe-05-22.jpg","contentUrl":"https:\/\/global-hookah.com\/wp-content\/uploads\/2023\/03\/\u4e3b\u56fe-05-22.jpg","width":800,"height":800,"caption":"Single Pipe Plastic Shisha Hookah"},{"@type":"BreadcrumbList","@id":"https:\/\/global-hookah.com\/product\/single-pipe-plastic-shisha-hookah\/#breadcrumb","itemListElement":[{"@type":"ListItem","position":1,"name":"Home","item":"https:\/\/global-hookah.com\/"},{"@type":"ListItem","position":2,"name":"Shop","item":"https:\/\/global-hookah.com\/shop\/"},{"@type":"ListItem","position":3,"name":"Single Pipe Plastic Shisha Hookah"}]},{"@type":"WebSite","@id":"https:\/\/global-hookah.com\/#website","url":"https:\/\/global-hookah.com\/","name":"Globale Wasserpfeife","description":"Globale Wasserpfeife","publisher":{"@id":"https:\/\/global-hookah.com\/#organization"},"potentialAction":[{"@type":"SearchAction","target":{"@type":"EntryPoint","urlTemplate":"https:\/\/global-hookah.com\/?s={search_term_string}"},"query-input":{"@type":"PropertyValueSpecification","valueRequired":true,"valueName":"search_term_string"}}],"inLanguage":"de"},{"@type":"Organization","@id":"https:\/\/global-hookah.com\/#organization","name":"Globale Wasserpfeife","url":"https:\/\/global-hookah.com\/","logo":{"@type":"ImageObject","inLanguage":"de","@id":"https:\/\/global-hookah.com\/#\/schema\/logo\/image\/","url":"https:\/\/global-hookah.com\/wp-content\/uploads\/2021\/10\/cropped-fgg.png","contentUrl":"https:\/\/global-hookah.com\/wp-content\/uploads\/2021\/10\/cropped-fgg.png","width":512,"height":512,"caption":"Global Hookah"},"image":{"@id":"https:\/\/global-hookah.com\/#\/schema\/logo\/image\/"}}]}},"_links":{"self":[{"href":"https:\/\/global-hookah.com\/de\/wp-json\/wp\/v2\/product\/11167","targetHints":{"allow":["GET"]}}],"collection":[{"href":"https:\/\/global-hookah.com\/de\/wp-json\/wp\/v2\/product"}],"about":[{"href":"https:\/\/global-hookah.com\/de\/wp-json\/wp\/v2\/types\/product"}],"replies":[{"embeddable":true,"href":"https:\/\/global-hookah.com\/de\/wp-json\/wp\/v2\/comments?post=11167"}],"version-history":[{"count":0,"href":"https:\/\/global-hookah.com\/de\/wp-json\/wp\/v2\/product\/11167\/revisions"}],"wp:featuredmedia":[{"embeddable":true,"href":"https:\/\/global-hookah.com\/de\/wp-json\/wp\/v2\/media\/11172"}],"wp:attachment":[{"href":"https:\/\/global-hookah.com\/de\/wp-json\/wp\/v2\/media?parent=11167"}],"wp:term":[{"taxonomy":"product_brand","embeddable":true,"href":"https:\/\/global-hookah.com\/de\/wp-json\/wp\/v2\/product_brand?post=11167"},{"taxonomy":"product_cat","embeddable":true,"href":"https:\/\/global-hookah.com\/de\/wp-json\/wp\/v2\/product_cat?post=11167"},{"taxonomy":"product_tag","embeddable":true,"href":"https:\/\/global-hookah.com\/de\/wp-json\/wp\/v2\/product_tag?post=11167"}],"curies":[{"name":"wp","href":"https:\/\/api.w.org\/{rel}","templated":true}]}}