{"id":11175,"date":"2023-03-08T12:00:49","date_gmt":"2023-03-08T12:00:49","guid":{"rendered":"https:\/\/global-hookah.com\/?post_type=product&#038;p=11175"},"modified":"2024-01-12T03:58:00","modified_gmt":"2024-01-12T03:58:00","slug":"large-single-pipe-hookah","status":"publish","type":"product","link":"https:\/\/global-hookah.com\/de\/produkt\/large-single-pipe-hookah\/","title":{"rendered":"Gro\u00dfe Ein-Pfeifen-Hookah"},"content":{"rendered":"<p>Der aus Edelstahl und Glas gefertigte <strong>Gro\u00dfe Einzelrohr-Wasserpfeife<\/strong> ist eine sch\u00f6ne, langlebige und funktionelle Wasserpfeife. Seine Designs sind sehr edel und stilvoll und k\u00f6nnen \u00fcberall gesehen werden. Die schlanke Krug Form gibt es ein einzigartiges Aussehen.<\/p>\n<p>Die Basis des<strong> gro\u00dfe Wasserpfeife<\/strong> jug besteht aus Glas und ist daher sehr leicht zu reinigen und zu pflegen. Diese <strong>1 Schlauch Wasserpfeife<\/strong> hat ein gro\u00dfes Fassungsverm\u00f6gen, kann problemlos im Innen- und Au\u00dfenbereich verwendet werden und raucht l\u00e4nger als eine <a href=\"https:\/\/global-hookah.com\/\">kleine Wasserpfeife<\/a>. Es kommt in nur einem Schlauch und ist super einfach weiterzugeben und mit Freunden zu teilen.<\/p>\n<p>Das macht es einfacher, diese Pfeife zu Hause zu benutzen oder wenn Sie mit Freunden unterwegs sind, die auch rauchen. Nach dem Auspacken ist diese Wasserpfeife in wenigen Minuten zusammengebaut!<\/p>","protected":false},"excerpt":{"rendered":"<p>Hergestellt aus Edelstahl und Glas, ist die Large Single Tube Hookah eine sch\u00f6ne, langlebige und funktionale Wasserpfeife. Seine Entw\u00fcrfe<\/p>","protected":false},"featured_media":11177,"comment_status":"open","ping_status":"closed","template":"","meta":{"iawp_total_views":0,"_joinchat":[]},"product_brand":[],"product_cat":[415,560],"product_tag":[],"class_list":{"0":"post-11175","1":"product","2":"type-product","3":"status-publish","4":"has-post-thumbnail","6":"product_cat-accessories","7":"product_cat-glass-hookah-wholesale","9":"first","10":"instock","11":"sale","12":"shipping-taxable","13":"purchasable","14":"product-type-simple"},"yoast_head":"<!-- This site is optimized with the Yoast SEO Premium plugin v24.7 (Yoast SEO v26.8) - https:\/\/yoast.com\/product\/yoast-seo-premium-wordpress\/ -->\n<title>Large Single Pipe Hookah - Global Hookah<\/title>\n<meta name=\"robots\" content=\"index, follow, max-snippet:-1, max-image-preview:large, max-video-preview:-1\" \/>\n<link rel=\"canonical\" href=\"https:\/\/global-hookah.com\/de\/produkt\/large-single-pipe-hookah\/\" \/>\n<meta property=\"og:locale\" content=\"de_DE\" \/>\n<meta property=\"og:type\" content=\"article\" \/>\n<meta property=\"og:title\" content=\"Large Single Pipe Hookah\" \/>\n<meta property=\"og:description\" content=\"Made of stainless steel and glass, the Large Single Tube Hookah is a beautiful, durable and functional hookah. His designs\" \/>\n<meta property=\"og:url\" content=\"https:\/\/global-hookah.com\/de\/produkt\/large-single-pipe-hookah\/\" \/>\n<meta property=\"og:site_name\" content=\"Global Hookah\" \/>\n<meta property=\"article:modified_time\" content=\"2024-01-12T03:58:00+00:00\" \/>\n<meta property=\"og:image\" content=\"https:\/\/global-hookah.com\/wp-content\/uploads\/2023\/03\/\u4e3b\u56fe-01-24.jpg\" \/>\n\t<meta property=\"og:image:width\" content=\"1500\" \/>\n\t<meta property=\"og:image:height\" content=\"1500\" \/>\n\t<meta property=\"og:image:type\" content=\"image\/jpeg\" \/>\n<meta name=\"twitter:card\" content=\"summary_large_image\" \/>\n<meta name=\"twitter:label1\" content=\"Gesch\u00e4tzte Lesezeit\" \/>\n\t<meta name=\"twitter:data1\" content=\"1\u00a0Minute\" \/>\n<script type=\"application\/ld+json\" class=\"yoast-schema-graph\">{\"@context\":\"https:\/\/schema.org\",\"@graph\":[{\"@type\":\"WebPage\",\"@id\":\"https:\/\/global-hookah.com\/product\/large-single-pipe-hookah\/\",\"url\":\"https:\/\/global-hookah.com\/product\/large-single-pipe-hookah\/\",\"name\":\"Large Single Pipe Hookah - Global Hookah\",\"isPartOf\":{\"@id\":\"https:\/\/global-hookah.com\/#website\"},\"primaryImageOfPage\":{\"@id\":\"https:\/\/global-hookah.com\/product\/large-single-pipe-hookah\/#primaryimage\"},\"image\":{\"@id\":\"https:\/\/global-hookah.com\/product\/large-single-pipe-hookah\/#primaryimage\"},\"thumbnailUrl\":\"https:\/\/global-hookah.com\/wp-content\/uploads\/2023\/03\/\u4e3b\u56fe-01-24.jpg\",\"datePublished\":\"2023-03-08T12:00:49+00:00\",\"dateModified\":\"2024-01-12T03:58:00+00:00\",\"breadcrumb\":{\"@id\":\"https:\/\/global-hookah.com\/product\/large-single-pipe-hookah\/#breadcrumb\"},\"inLanguage\":\"de\",\"potentialAction\":[{\"@type\":\"ReadAction\",\"target\":[\"https:\/\/global-hookah.com\/product\/large-single-pipe-hookah\/\"]}]},{\"@type\":\"ImageObject\",\"inLanguage\":\"de\",\"@id\":\"https:\/\/global-hookah.com\/product\/large-single-pipe-hookah\/#primaryimage\",\"url\":\"https:\/\/global-hookah.com\/wp-content\/uploads\/2023\/03\/\u4e3b\u56fe-01-24.jpg\",\"contentUrl\":\"https:\/\/global-hookah.com\/wp-content\/uploads\/2023\/03\/\u4e3b\u56fe-01-24.jpg\",\"width\":1500,\"height\":1500,\"caption\":\"large hookah pipe\"},{\"@type\":\"BreadcrumbList\",\"@id\":\"https:\/\/global-hookah.com\/product\/large-single-pipe-hookah\/#breadcrumb\",\"itemListElement\":[{\"@type\":\"ListItem\",\"position\":1,\"name\":\"Home\",\"item\":\"https:\/\/global-hookah.com\/\"},{\"@type\":\"ListItem\",\"position\":2,\"name\":\"Shop\",\"item\":\"https:\/\/global-hookah.com\/shop\/\"},{\"@type\":\"ListItem\",\"position\":3,\"name\":\"Large Single Pipe Hookah\"}]},{\"@type\":\"WebSite\",\"@id\":\"https:\/\/global-hookah.com\/#website\",\"url\":\"https:\/\/global-hookah.com\/\",\"name\":\"Global Hookah\",\"description\":\"Global Hookah\",\"publisher\":{\"@id\":\"https:\/\/global-hookah.com\/#organization\"},\"potentialAction\":[{\"@type\":\"SearchAction\",\"target\":{\"@type\":\"EntryPoint\",\"urlTemplate\":\"https:\/\/global-hookah.com\/?s={search_term_string}\"},\"query-input\":{\"@type\":\"PropertyValueSpecification\",\"valueRequired\":true,\"valueName\":\"search_term_string\"}}],\"inLanguage\":\"de\"},{\"@type\":\"Organization\",\"@id\":\"https:\/\/global-hookah.com\/#organization\",\"name\":\"Global Hookah\",\"url\":\"https:\/\/global-hookah.com\/\",\"logo\":{\"@type\":\"ImageObject\",\"inLanguage\":\"de\",\"@id\":\"https:\/\/global-hookah.com\/#\/schema\/logo\/image\/\",\"url\":\"https:\/\/global-hookah.com\/wp-content\/uploads\/2021\/10\/cropped-fgg.png\",\"contentUrl\":\"https:\/\/global-hookah.com\/wp-content\/uploads\/2021\/10\/cropped-fgg.png\",\"width\":512,\"height\":512,\"caption\":\"Global Hookah\"},\"image\":{\"@id\":\"https:\/\/global-hookah.com\/#\/schema\/logo\/image\/\"}}]}<\/script>\n<!-- \/ Yoast SEO Premium plugin. -->","yoast_head_json":{"title":"Gro\u00dfe Ein-Pfeifen-Wasserpfeife - Global Hookah","robots":{"index":"index","follow":"follow","max-snippet":"max-snippet:-1","max-image-preview":"max-image-preview:large","max-video-preview":"max-video-preview:-1"},"canonical":"https:\/\/global-hookah.com\/de\/produkt\/large-single-pipe-hookah\/","og_locale":"de_DE","og_type":"article","og_title":"Large Single Pipe Hookah","og_description":"Made of stainless steel and glass, the Large Single Tube Hookah is a beautiful, durable and functional hookah. His designs","og_url":"https:\/\/global-hookah.com\/de\/produkt\/large-single-pipe-hookah\/","og_site_name":"Global Hookah","article_modified_time":"2024-01-12T03:58:00+00:00","og_image":[{"width":1500,"height":1500,"url":"https:\/\/global-hookah.com\/wp-content\/uploads\/2023\/03\/\u4e3b\u56fe-01-24.jpg","type":"image\/jpeg"}],"twitter_card":"summary_large_image","twitter_misc":{"Gesch\u00e4tzte Lesezeit":"1\u00a0Minute"},"schema":{"@context":"https:\/\/schema.org","@graph":[{"@type":"WebPage","@id":"https:\/\/global-hookah.com\/product\/large-single-pipe-hookah\/","url":"https:\/\/global-hookah.com\/product\/large-single-pipe-hookah\/","name":"Gro\u00dfe Ein-Pfeifen-Wasserpfeife - Global Hookah","isPartOf":{"@id":"https:\/\/global-hookah.com\/#website"},"primaryImageOfPage":{"@id":"https:\/\/global-hookah.com\/product\/large-single-pipe-hookah\/#primaryimage"},"image":{"@id":"https:\/\/global-hookah.com\/product\/large-single-pipe-hookah\/#primaryimage"},"thumbnailUrl":"https:\/\/global-hookah.com\/wp-content\/uploads\/2023\/03\/\u4e3b\u56fe-01-24.jpg","datePublished":"2023-03-08T12:00:49+00:00","dateModified":"2024-01-12T03:58:00+00:00","breadcrumb":{"@id":"https:\/\/global-hookah.com\/product\/large-single-pipe-hookah\/#breadcrumb"},"inLanguage":"de","potentialAction":[{"@type":"ReadAction","target":["https:\/\/global-hookah.com\/product\/large-single-pipe-hookah\/"]}]},{"@type":"ImageObject","inLanguage":"de","@id":"https:\/\/global-hookah.com\/product\/large-single-pipe-hookah\/#primaryimage","url":"https:\/\/global-hookah.com\/wp-content\/uploads\/2023\/03\/\u4e3b\u56fe-01-24.jpg","contentUrl":"https:\/\/global-hookah.com\/wp-content\/uploads\/2023\/03\/\u4e3b\u56fe-01-24.jpg","width":1500,"height":1500,"caption":"large hookah pipe"},{"@type":"BreadcrumbList","@id":"https:\/\/global-hookah.com\/product\/large-single-pipe-hookah\/#breadcrumb","itemListElement":[{"@type":"ListItem","position":1,"name":"Home","item":"https:\/\/global-hookah.com\/"},{"@type":"ListItem","position":2,"name":"Shop","item":"https:\/\/global-hookah.com\/shop\/"},{"@type":"ListItem","position":3,"name":"Large Single Pipe Hookah"}]},{"@type":"WebSite","@id":"https:\/\/global-hookah.com\/#website","url":"https:\/\/global-hookah.com\/","name":"Globale Wasserpfeife","description":"Globale Wasserpfeife","publisher":{"@id":"https:\/\/global-hookah.com\/#organization"},"potentialAction":[{"@type":"SearchAction","target":{"@type":"EntryPoint","urlTemplate":"https:\/\/global-hookah.com\/?s={search_term_string}"},"query-input":{"@type":"PropertyValueSpecification","valueRequired":true,"valueName":"search_term_string"}}],"inLanguage":"de"},{"@type":"Organization","@id":"https:\/\/global-hookah.com\/#organization","name":"Globale Wasserpfeife","url":"https:\/\/global-hookah.com\/","logo":{"@type":"ImageObject","inLanguage":"de","@id":"https:\/\/global-hookah.com\/#\/schema\/logo\/image\/","url":"https:\/\/global-hookah.com\/wp-content\/uploads\/2021\/10\/cropped-fgg.png","contentUrl":"https:\/\/global-hookah.com\/wp-content\/uploads\/2021\/10\/cropped-fgg.png","width":512,"height":512,"caption":"Global Hookah"},"image":{"@id":"https:\/\/global-hookah.com\/#\/schema\/logo\/image\/"}}]}},"_links":{"self":[{"href":"https:\/\/global-hookah.com\/de\/wp-json\/wp\/v2\/product\/11175","targetHints":{"allow":["GET"]}}],"collection":[{"href":"https:\/\/global-hookah.com\/de\/wp-json\/wp\/v2\/product"}],"about":[{"href":"https:\/\/global-hookah.com\/de\/wp-json\/wp\/v2\/types\/product"}],"replies":[{"embeddable":true,"href":"https:\/\/global-hookah.com\/de\/wp-json\/wp\/v2\/comments?post=11175"}],"version-history":[{"count":0,"href":"https:\/\/global-hookah.com\/de\/wp-json\/wp\/v2\/product\/11175\/revisions"}],"wp:featuredmedia":[{"embeddable":true,"href":"https:\/\/global-hookah.com\/de\/wp-json\/wp\/v2\/media\/11177"}],"wp:attachment":[{"href":"https:\/\/global-hookah.com\/de\/wp-json\/wp\/v2\/media?parent=11175"}],"wp:term":[{"taxonomy":"product_brand","embeddable":true,"href":"https:\/\/global-hookah.com\/de\/wp-json\/wp\/v2\/product_brand?post=11175"},{"taxonomy":"product_cat","embeddable":true,"href":"https:\/\/global-hookah.com\/de\/wp-json\/wp\/v2\/product_cat?post=11175"},{"taxonomy":"product_tag","embeddable":true,"href":"https:\/\/global-hookah.com\/de\/wp-json\/wp\/v2\/product_tag?post=11175"}],"curies":[{"name":"wp","href":"https:\/\/api.w.org\/{rel}","templated":true}]}}