{"id":11237,"date":"2023-03-09T11:04:52","date_gmt":"2023-03-09T11:04:52","guid":{"rendered":"https:\/\/global-hookah.com\/?post_type=product&#038;p=11237"},"modified":"2024-03-13T00:27:47","modified_gmt":"2024-03-13T00:27:47","slug":"arabian-black-mud-ceramic-hookah","status":"publish","type":"product","link":"https:\/\/global-hookah.com\/de\/produkt\/arabian-black-mud-ceramic-hookah\/","title":{"rendered":"Arabian Black Mud Ceramic Wasserpfeife"},"content":{"rendered":"<p>Die <strong>Keramik-Wasserpfeife<\/strong> ist eine <a href=\"https:\/\/global-hookah.com\/\">sch\u00f6ne handgeschnitzte Wasserpfeife<\/a> mit einem reichen, Dies <strong>Keramische Wasserpfeife<\/strong> ist aus hochwertiger Keramik hergestellt, die sowohl langlebig als auch sch\u00f6n ist. Es hat hookah i einen breiten K\u00f6rper, so dass Sie es mit gro\u00dfen Schalen von Tabak verwenden k\u00f6nnen. Der Schlauch ist lang und flexibel, Die Schale kommt mit seiner eigenen Zange, die Sie Ihre Kohle abholen k\u00f6nnen, ohne die Finger zu verbrennen! das erm\u00f6glicht eine glatte Raucherlebnis. Der Schlauch und die Schale sind im Lieferumfang enthalten und erleichtern das Rauchen. Die <strong>Keramische Wasserpfeife<\/strong> ist ein hervorragendes Geschenk f\u00fcr den Liebhaber der keramischen Wasserpfeife in Ihrem Leben!<\/p>\n<p>Es ist leicht zu tragen und kann von mehreren Personen benutzt werden. Und das <strong>Keramik-Shisha<\/strong> kann sowohl mit aromatisiertem Shisha als auch mit normalem Tabak verwendet werden, was sie perfekt f\u00fcr den Austausch mit Freunden macht! Der Keramikboden ist leicht zu reinigen und zu pflegen, so dass Sie diese Wasserpfeife ohne gro\u00dfen Aufwand sch\u00f6n halten k\u00f6nnen.<\/p>\n<p>Diese<strong> Keramik-Shisha<\/strong> enth\u00e4lt alles, was man zum Rauchen braucht. Er wird mit einer Tonschale, einer Zange, einem Sch\u00fcrhaken und einem Schlauch geliefert, sodass Sie sofort nach der Lieferung mit dem Rauchen beginnen k\u00f6nnen.<\/p>","protected":false},"excerpt":{"rendered":"<p>Die Keramik Wasserpfeife ist eine sch\u00f6ne handgeschnitzte Wasserpfeife mit einem reichen, Diese Keramik Wasserpfeife ist aus hochwertiger Keramik hergestellt<\/p>","protected":false},"featured_media":11248,"comment_status":"open","ping_status":"closed","template":"","meta":{"iawp_total_views":0,"_joinchat":[]},"product_brand":[],"product_cat":[415],"product_tag":[],"class_list":{"0":"post-11237","1":"product","2":"type-product","3":"status-publish","4":"has-post-thumbnail","6":"product_cat-accessories","8":"first","9":"instock","10":"shipping-taxable","11":"purchasable","12":"product-type-simple"},"yoast_head":"<!-- This site is optimized with the Yoast SEO Premium plugin v24.7 (Yoast SEO v26.8) - https:\/\/yoast.com\/product\/yoast-seo-premium-wordpress\/ -->\n<title>Arabian Black Mud Ceramic Hookah - Global Hookah<\/title>\n<meta name=\"robots\" content=\"index, follow, max-snippet:-1, max-image-preview:large, max-video-preview:-1\" \/>\n<link rel=\"canonical\" href=\"https:\/\/global-hookah.com\/de\/produkt\/arabian-black-mud-ceramic-hookah\/\" \/>\n<meta property=\"og:locale\" content=\"de_DE\" \/>\n<meta property=\"og:type\" content=\"article\" \/>\n<meta property=\"og:title\" content=\"Arabian Black Mud Ceramic Hookah\" \/>\n<meta property=\"og:description\" content=\"The ceramic hookah is a beautiful hand-carved hookah with a rich, This Ceramic hookah is made from high quality ceramic\" \/>\n<meta property=\"og:url\" content=\"https:\/\/global-hookah.com\/de\/produkt\/arabian-black-mud-ceramic-hookah\/\" \/>\n<meta property=\"og:site_name\" content=\"Global Hookah\" \/>\n<meta property=\"article:modified_time\" content=\"2024-03-13T00:27:47+00:00\" \/>\n<meta property=\"og:image\" content=\"https:\/\/global-hookah.com\/wp-content\/uploads\/2023\/03\/\u4e3b\u56fe-01-26.jpg\" \/>\n\t<meta property=\"og:image:width\" content=\"1920\" \/>\n\t<meta property=\"og:image:height\" content=\"1776\" \/>\n\t<meta property=\"og:image:type\" content=\"image\/jpeg\" \/>\n<meta name=\"twitter:card\" content=\"summary_large_image\" \/>\n<meta name=\"twitter:label1\" content=\"Gesch\u00e4tzte Lesezeit\" \/>\n\t<meta name=\"twitter:data1\" content=\"1\u00a0Minute\" \/>\n<script type=\"application\/ld+json\" class=\"yoast-schema-graph\">{\"@context\":\"https:\/\/schema.org\",\"@graph\":[{\"@type\":\"WebPage\",\"@id\":\"https:\/\/global-hookah.com\/product\/arabian-black-mud-ceramic-hookah\/\",\"url\":\"https:\/\/global-hookah.com\/product\/arabian-black-mud-ceramic-hookah\/\",\"name\":\"Arabian Black Mud Ceramic Hookah - Global Hookah\",\"isPartOf\":{\"@id\":\"https:\/\/global-hookah.com\/#website\"},\"primaryImageOfPage\":{\"@id\":\"https:\/\/global-hookah.com\/product\/arabian-black-mud-ceramic-hookah\/#primaryimage\"},\"image\":{\"@id\":\"https:\/\/global-hookah.com\/product\/arabian-black-mud-ceramic-hookah\/#primaryimage\"},\"thumbnailUrl\":\"https:\/\/global-hookah.com\/wp-content\/uploads\/2023\/03\/\u4e3b\u56fe-01-26.jpg\",\"datePublished\":\"2023-03-09T11:04:52+00:00\",\"dateModified\":\"2024-03-13T00:27:47+00:00\",\"breadcrumb\":{\"@id\":\"https:\/\/global-hookah.com\/product\/arabian-black-mud-ceramic-hookah\/#breadcrumb\"},\"inLanguage\":\"de\",\"potentialAction\":[{\"@type\":\"ReadAction\",\"target\":[\"https:\/\/global-hookah.com\/product\/arabian-black-mud-ceramic-hookah\/\"]}]},{\"@type\":\"ImageObject\",\"inLanguage\":\"de\",\"@id\":\"https:\/\/global-hookah.com\/product\/arabian-black-mud-ceramic-hookah\/#primaryimage\",\"url\":\"https:\/\/global-hookah.com\/wp-content\/uploads\/2023\/03\/\u4e3b\u56fe-01-26.jpg\",\"contentUrl\":\"https:\/\/global-hookah.com\/wp-content\/uploads\/2023\/03\/\u4e3b\u56fe-01-26.jpg\",\"width\":1920,\"height\":1776,\"caption\":\"arabian black mud ceramic hookah\"},{\"@type\":\"BreadcrumbList\",\"@id\":\"https:\/\/global-hookah.com\/product\/arabian-black-mud-ceramic-hookah\/#breadcrumb\",\"itemListElement\":[{\"@type\":\"ListItem\",\"position\":1,\"name\":\"Home\",\"item\":\"https:\/\/global-hookah.com\/\"},{\"@type\":\"ListItem\",\"position\":2,\"name\":\"Shop\",\"item\":\"https:\/\/global-hookah.com\/shop\/\"},{\"@type\":\"ListItem\",\"position\":3,\"name\":\"Arabian Black Mud Ceramic Hookah\"}]},{\"@type\":\"WebSite\",\"@id\":\"https:\/\/global-hookah.com\/#website\",\"url\":\"https:\/\/global-hookah.com\/\",\"name\":\"Global Hookah\",\"description\":\"Global Hookah\",\"publisher\":{\"@id\":\"https:\/\/global-hookah.com\/#organization\"},\"potentialAction\":[{\"@type\":\"SearchAction\",\"target\":{\"@type\":\"EntryPoint\",\"urlTemplate\":\"https:\/\/global-hookah.com\/?s={search_term_string}\"},\"query-input\":{\"@type\":\"PropertyValueSpecification\",\"valueRequired\":true,\"valueName\":\"search_term_string\"}}],\"inLanguage\":\"de\"},{\"@type\":\"Organization\",\"@id\":\"https:\/\/global-hookah.com\/#organization\",\"name\":\"Global Hookah\",\"url\":\"https:\/\/global-hookah.com\/\",\"logo\":{\"@type\":\"ImageObject\",\"inLanguage\":\"de\",\"@id\":\"https:\/\/global-hookah.com\/#\/schema\/logo\/image\/\",\"url\":\"https:\/\/global-hookah.com\/wp-content\/uploads\/2021\/10\/cropped-fgg.png\",\"contentUrl\":\"https:\/\/global-hookah.com\/wp-content\/uploads\/2021\/10\/cropped-fgg.png\",\"width\":512,\"height\":512,\"caption\":\"Global Hookah\"},\"image\":{\"@id\":\"https:\/\/global-hookah.com\/#\/schema\/logo\/image\/\"}}]}<\/script>\n<!-- \/ Yoast SEO Premium plugin. -->","yoast_head_json":{"title":"Arabian Black Mud Ceramic Wasserpfeife - Global Hookah","robots":{"index":"index","follow":"follow","max-snippet":"max-snippet:-1","max-image-preview":"max-image-preview:large","max-video-preview":"max-video-preview:-1"},"canonical":"https:\/\/global-hookah.com\/de\/produkt\/arabian-black-mud-ceramic-hookah\/","og_locale":"de_DE","og_type":"article","og_title":"Arabian Black Mud Ceramic Hookah","og_description":"The ceramic hookah is a beautiful hand-carved hookah with a rich, This Ceramic hookah is made from high quality ceramic","og_url":"https:\/\/global-hookah.com\/de\/produkt\/arabian-black-mud-ceramic-hookah\/","og_site_name":"Global Hookah","article_modified_time":"2024-03-13T00:27:47+00:00","og_image":[{"width":1920,"height":1776,"url":"https:\/\/global-hookah.com\/wp-content\/uploads\/2023\/03\/\u4e3b\u56fe-01-26.jpg","type":"image\/jpeg"}],"twitter_card":"summary_large_image","twitter_misc":{"Gesch\u00e4tzte Lesezeit":"1\u00a0Minute"},"schema":{"@context":"https:\/\/schema.org","@graph":[{"@type":"WebPage","@id":"https:\/\/global-hookah.com\/product\/arabian-black-mud-ceramic-hookah\/","url":"https:\/\/global-hookah.com\/product\/arabian-black-mud-ceramic-hookah\/","name":"Arabian Black Mud Ceramic Wasserpfeife - Global Hookah","isPartOf":{"@id":"https:\/\/global-hookah.com\/#website"},"primaryImageOfPage":{"@id":"https:\/\/global-hookah.com\/product\/arabian-black-mud-ceramic-hookah\/#primaryimage"},"image":{"@id":"https:\/\/global-hookah.com\/product\/arabian-black-mud-ceramic-hookah\/#primaryimage"},"thumbnailUrl":"https:\/\/global-hookah.com\/wp-content\/uploads\/2023\/03\/\u4e3b\u56fe-01-26.jpg","datePublished":"2023-03-09T11:04:52+00:00","dateModified":"2024-03-13T00:27:47+00:00","breadcrumb":{"@id":"https:\/\/global-hookah.com\/product\/arabian-black-mud-ceramic-hookah\/#breadcrumb"},"inLanguage":"de","potentialAction":[{"@type":"ReadAction","target":["https:\/\/global-hookah.com\/product\/arabian-black-mud-ceramic-hookah\/"]}]},{"@type":"ImageObject","inLanguage":"de","@id":"https:\/\/global-hookah.com\/product\/arabian-black-mud-ceramic-hookah\/#primaryimage","url":"https:\/\/global-hookah.com\/wp-content\/uploads\/2023\/03\/\u4e3b\u56fe-01-26.jpg","contentUrl":"https:\/\/global-hookah.com\/wp-content\/uploads\/2023\/03\/\u4e3b\u56fe-01-26.jpg","width":1920,"height":1776,"caption":"arabian black mud ceramic hookah"},{"@type":"BreadcrumbList","@id":"https:\/\/global-hookah.com\/product\/arabian-black-mud-ceramic-hookah\/#breadcrumb","itemListElement":[{"@type":"ListItem","position":1,"name":"Home","item":"https:\/\/global-hookah.com\/"},{"@type":"ListItem","position":2,"name":"Shop","item":"https:\/\/global-hookah.com\/shop\/"},{"@type":"ListItem","position":3,"name":"Arabian Black Mud Ceramic Hookah"}]},{"@type":"WebSite","@id":"https:\/\/global-hookah.com\/#website","url":"https:\/\/global-hookah.com\/","name":"Globale Wasserpfeife","description":"Globale Wasserpfeife","publisher":{"@id":"https:\/\/global-hookah.com\/#organization"},"potentialAction":[{"@type":"SearchAction","target":{"@type":"EntryPoint","urlTemplate":"https:\/\/global-hookah.com\/?s={search_term_string}"},"query-input":{"@type":"PropertyValueSpecification","valueRequired":true,"valueName":"search_term_string"}}],"inLanguage":"de"},{"@type":"Organization","@id":"https:\/\/global-hookah.com\/#organization","name":"Globale Wasserpfeife","url":"https:\/\/global-hookah.com\/","logo":{"@type":"ImageObject","inLanguage":"de","@id":"https:\/\/global-hookah.com\/#\/schema\/logo\/image\/","url":"https:\/\/global-hookah.com\/wp-content\/uploads\/2021\/10\/cropped-fgg.png","contentUrl":"https:\/\/global-hookah.com\/wp-content\/uploads\/2021\/10\/cropped-fgg.png","width":512,"height":512,"caption":"Global Hookah"},"image":{"@id":"https:\/\/global-hookah.com\/#\/schema\/logo\/image\/"}}]}},"_links":{"self":[{"href":"https:\/\/global-hookah.com\/de\/wp-json\/wp\/v2\/product\/11237","targetHints":{"allow":["GET"]}}],"collection":[{"href":"https:\/\/global-hookah.com\/de\/wp-json\/wp\/v2\/product"}],"about":[{"href":"https:\/\/global-hookah.com\/de\/wp-json\/wp\/v2\/types\/product"}],"replies":[{"embeddable":true,"href":"https:\/\/global-hookah.com\/de\/wp-json\/wp\/v2\/comments?post=11237"}],"version-history":[{"count":0,"href":"https:\/\/global-hookah.com\/de\/wp-json\/wp\/v2\/product\/11237\/revisions"}],"wp:featuredmedia":[{"embeddable":true,"href":"https:\/\/global-hookah.com\/de\/wp-json\/wp\/v2\/media\/11248"}],"wp:attachment":[{"href":"https:\/\/global-hookah.com\/de\/wp-json\/wp\/v2\/media?parent=11237"}],"wp:term":[{"taxonomy":"product_brand","embeddable":true,"href":"https:\/\/global-hookah.com\/de\/wp-json\/wp\/v2\/product_brand?post=11237"},{"taxonomy":"product_cat","embeddable":true,"href":"https:\/\/global-hookah.com\/de\/wp-json\/wp\/v2\/product_cat?post=11237"},{"taxonomy":"product_tag","embeddable":true,"href":"https:\/\/global-hookah.com\/de\/wp-json\/wp\/v2\/product_tag?post=11237"}],"curies":[{"name":"wp","href":"https:\/\/api.w.org\/{rel}","templated":true}]}}