{"id":11250,"date":"2023-03-09T11:14:55","date_gmt":"2023-03-09T11:14:55","guid":{"rendered":"https:\/\/global-hookah.com\/?post_type=product&#038;p=11250"},"modified":"2024-01-12T03:57:58","modified_gmt":"2024-01-12T03:57:58","slug":"acrylic-double-hookah-with-led","status":"publish","type":"product","link":"https:\/\/global-hookah.com\/de\/produkt\/acrylic-double-hookah-with-led\/","title":{"rendered":"Acryl Double Hookah mit Led"},"content":{"rendered":"<p>Das Gewicht betr\u00e4gt 2,3 Kilogramm (mit Box)<br \/>\nEin paar Hinweise: Wir liefern nicht mit Batterien.<\/p>\n<p>&nbsp;<\/p>\n<p>Der weit ge\u00f6ffnete Verschluss am Sockel der Wasserpfeife erleichtert das Nachf\u00fcllen von Wasser, Obst und die Reinigung des Ger\u00e4ts.<\/p>\n<p>Im Lieferumfang ist alles enthalten, was Sie f\u00fcr den Einstieg ben\u00f6tigen: <a href=\"https:\/\/global-hookah.com\/\">einen durchsichtigen Acryltank, einen Glasaschenbecher, einen Aluminiumstab mit Diffusor, zwei Seidenschl\u00e4uche, eine Silikonschale, eine Holzkohlezange, eine ferngesteuerte LED-Leuchte<\/a>, eine Anleitung, eine Reinigungsb\u00fcrste und eine praktische Tragetasche.<\/p>\n<p>Hochwertiges Acryl, Aluminiumbeschl\u00e4ge und Seidenschl\u00e4uche sowie Silikonschalen, die extremer Hitze standhalten, sind nur einige Beispiele f\u00fcr die verwendeten Materialien, die Ihnen ein au\u00dfergew\u00f6hnliches Erlebnis bieten.<\/p>\n<p>Mit einer personalisierten Tragetasche haben Sie \u00fcberall Spa\u00df mit Ihren Freunden und Ihrer Familie.<\/p>\n<p>Unser <strong>Acryl Double Hookah mit Led<\/strong> Set wurde sorgf\u00e4ltig zusammengestellt. Sollten Sie dennoch Probleme bei der Verwendung haben, z\u00f6gern Sie bitte nicht, uns zu kontaktieren.<\/p>","protected":false},"excerpt":{"rendered":"<p>Das Gewicht ist 2,3 Kilogramm (mit Box) Ein paar Hinweise: wir liefern nicht mit Batterien.   Weit offenes Schloss<\/p>","protected":false},"featured_media":11257,"comment_status":"open","ping_status":"closed","template":"","meta":{"iawp_total_views":0,"_joinchat":[]},"product_brand":[],"product_cat":[415,560],"product_tag":[],"class_list":{"0":"post-11250","1":"product","2":"type-product","3":"status-publish","4":"has-post-thumbnail","6":"product_cat-accessories","7":"product_cat-glass-hookah-wholesale","9":"first","10":"instock","11":"sale","12":"shipping-taxable","13":"purchasable","14":"product-type-simple"},"yoast_head":"<!-- This site is optimized with the Yoast SEO Premium plugin v24.7 (Yoast SEO v26.8) - https:\/\/yoast.com\/product\/yoast-seo-premium-wordpress\/ -->\n<title>Acrylic Double Hookah With Led - Global Hookah<\/title>\n<meta name=\"robots\" content=\"index, follow, max-snippet:-1, max-image-preview:large, max-video-preview:-1\" \/>\n<link rel=\"canonical\" href=\"https:\/\/global-hookah.com\/de\/produkt\/acrylic-double-hookah-with-led\/\" \/>\n<meta property=\"og:locale\" content=\"de_DE\" \/>\n<meta property=\"og:type\" content=\"article\" \/>\n<meta property=\"og:title\" content=\"Acrylic Double Hookah With Led\" \/>\n<meta property=\"og:description\" content=\"The Weight is 2.3 Kilograms (with box) A few hints: we do not ship with batteries. &nbsp; Wide open lock\" \/>\n<meta property=\"og:url\" content=\"https:\/\/global-hookah.com\/de\/produkt\/acrylic-double-hookah-with-led\/\" \/>\n<meta property=\"og:site_name\" content=\"Global Hookah\" \/>\n<meta property=\"article:modified_time\" content=\"2024-01-12T03:57:58+00:00\" \/>\n<meta property=\"og:image\" content=\"https:\/\/global-hookah.com\/wp-content\/uploads\/2023\/03\/\u4e3b\u56fe-01-27.jpg\" \/>\n\t<meta property=\"og:image:width\" content=\"750\" \/>\n\t<meta property=\"og:image:height\" content=\"750\" \/>\n\t<meta property=\"og:image:type\" content=\"image\/jpeg\" \/>\n<meta name=\"twitter:card\" content=\"summary_large_image\" \/>\n<meta name=\"twitter:label1\" content=\"Gesch\u00e4tzte Lesezeit\" \/>\n\t<meta name=\"twitter:data1\" content=\"1\u00a0Minute\" \/>\n<script type=\"application\/ld+json\" class=\"yoast-schema-graph\">{\"@context\":\"https:\/\/schema.org\",\"@graph\":[{\"@type\":\"WebPage\",\"@id\":\"https:\/\/global-hookah.com\/product\/acrylic-double-hookah-with-led\/\",\"url\":\"https:\/\/global-hookah.com\/product\/acrylic-double-hookah-with-led\/\",\"name\":\"Acrylic Double Hookah With Led - Global Hookah\",\"isPartOf\":{\"@id\":\"https:\/\/global-hookah.com\/#website\"},\"primaryImageOfPage\":{\"@id\":\"https:\/\/global-hookah.com\/product\/acrylic-double-hookah-with-led\/#primaryimage\"},\"image\":{\"@id\":\"https:\/\/global-hookah.com\/product\/acrylic-double-hookah-with-led\/#primaryimage\"},\"thumbnailUrl\":\"https:\/\/global-hookah.com\/wp-content\/uploads\/2023\/03\/\u4e3b\u56fe-01-27.jpg\",\"datePublished\":\"2023-03-09T11:14:55+00:00\",\"dateModified\":\"2024-01-12T03:57:58+00:00\",\"breadcrumb\":{\"@id\":\"https:\/\/global-hookah.com\/product\/acrylic-double-hookah-with-led\/#breadcrumb\"},\"inLanguage\":\"de\",\"potentialAction\":[{\"@type\":\"ReadAction\",\"target\":[\"https:\/\/global-hookah.com\/product\/acrylic-double-hookah-with-led\/\"]}]},{\"@type\":\"ImageObject\",\"inLanguage\":\"de\",\"@id\":\"https:\/\/global-hookah.com\/product\/acrylic-double-hookah-with-led\/#primaryimage\",\"url\":\"https:\/\/global-hookah.com\/wp-content\/uploads\/2023\/03\/\u4e3b\u56fe-01-27.jpg\",\"contentUrl\":\"https:\/\/global-hookah.com\/wp-content\/uploads\/2023\/03\/\u4e3b\u56fe-01-27.jpg\",\"width\":750,\"height\":750,\"caption\":\"acrylic hookah with led light\"},{\"@type\":\"BreadcrumbList\",\"@id\":\"https:\/\/global-hookah.com\/product\/acrylic-double-hookah-with-led\/#breadcrumb\",\"itemListElement\":[{\"@type\":\"ListItem\",\"position\":1,\"name\":\"Home\",\"item\":\"https:\/\/global-hookah.com\/\"},{\"@type\":\"ListItem\",\"position\":2,\"name\":\"Shop\",\"item\":\"https:\/\/global-hookah.com\/shop\/\"},{\"@type\":\"ListItem\",\"position\":3,\"name\":\"Acrylic Double Hookah With Led\"}]},{\"@type\":\"WebSite\",\"@id\":\"https:\/\/global-hookah.com\/#website\",\"url\":\"https:\/\/global-hookah.com\/\",\"name\":\"Global Hookah\",\"description\":\"Global Hookah\",\"publisher\":{\"@id\":\"https:\/\/global-hookah.com\/#organization\"},\"potentialAction\":[{\"@type\":\"SearchAction\",\"target\":{\"@type\":\"EntryPoint\",\"urlTemplate\":\"https:\/\/global-hookah.com\/?s={search_term_string}\"},\"query-input\":{\"@type\":\"PropertyValueSpecification\",\"valueRequired\":true,\"valueName\":\"search_term_string\"}}],\"inLanguage\":\"de\"},{\"@type\":\"Organization\",\"@id\":\"https:\/\/global-hookah.com\/#organization\",\"name\":\"Global Hookah\",\"url\":\"https:\/\/global-hookah.com\/\",\"logo\":{\"@type\":\"ImageObject\",\"inLanguage\":\"de\",\"@id\":\"https:\/\/global-hookah.com\/#\/schema\/logo\/image\/\",\"url\":\"https:\/\/global-hookah.com\/wp-content\/uploads\/2021\/10\/cropped-fgg.png\",\"contentUrl\":\"https:\/\/global-hookah.com\/wp-content\/uploads\/2021\/10\/cropped-fgg.png\",\"width\":512,\"height\":512,\"caption\":\"Global Hookah\"},\"image\":{\"@id\":\"https:\/\/global-hookah.com\/#\/schema\/logo\/image\/\"}}]}<\/script>\n<!-- \/ Yoast SEO Premium plugin. -->","yoast_head_json":{"title":"Acryl Doppel Wasserpfeife mit Led - Global Hookah","robots":{"index":"index","follow":"follow","max-snippet":"max-snippet:-1","max-image-preview":"max-image-preview:large","max-video-preview":"max-video-preview:-1"},"canonical":"https:\/\/global-hookah.com\/de\/produkt\/acrylic-double-hookah-with-led\/","og_locale":"de_DE","og_type":"article","og_title":"Acrylic Double Hookah With Led","og_description":"The Weight is 2.3 Kilograms (with box) A few hints: we do not ship with batteries. &nbsp; Wide open lock","og_url":"https:\/\/global-hookah.com\/de\/produkt\/acrylic-double-hookah-with-led\/","og_site_name":"Global Hookah","article_modified_time":"2024-01-12T03:57:58+00:00","og_image":[{"width":750,"height":750,"url":"https:\/\/global-hookah.com\/wp-content\/uploads\/2023\/03\/\u4e3b\u56fe-01-27.jpg","type":"image\/jpeg"}],"twitter_card":"summary_large_image","twitter_misc":{"Gesch\u00e4tzte Lesezeit":"1\u00a0Minute"},"schema":{"@context":"https:\/\/schema.org","@graph":[{"@type":"WebPage","@id":"https:\/\/global-hookah.com\/product\/acrylic-double-hookah-with-led\/","url":"https:\/\/global-hookah.com\/product\/acrylic-double-hookah-with-led\/","name":"Acryl Doppel Wasserpfeife mit Led - Global Hookah","isPartOf":{"@id":"https:\/\/global-hookah.com\/#website"},"primaryImageOfPage":{"@id":"https:\/\/global-hookah.com\/product\/acrylic-double-hookah-with-led\/#primaryimage"},"image":{"@id":"https:\/\/global-hookah.com\/product\/acrylic-double-hookah-with-led\/#primaryimage"},"thumbnailUrl":"https:\/\/global-hookah.com\/wp-content\/uploads\/2023\/03\/\u4e3b\u56fe-01-27.jpg","datePublished":"2023-03-09T11:14:55+00:00","dateModified":"2024-01-12T03:57:58+00:00","breadcrumb":{"@id":"https:\/\/global-hookah.com\/product\/acrylic-double-hookah-with-led\/#breadcrumb"},"inLanguage":"de","potentialAction":[{"@type":"ReadAction","target":["https:\/\/global-hookah.com\/product\/acrylic-double-hookah-with-led\/"]}]},{"@type":"ImageObject","inLanguage":"de","@id":"https:\/\/global-hookah.com\/product\/acrylic-double-hookah-with-led\/#primaryimage","url":"https:\/\/global-hookah.com\/wp-content\/uploads\/2023\/03\/\u4e3b\u56fe-01-27.jpg","contentUrl":"https:\/\/global-hookah.com\/wp-content\/uploads\/2023\/03\/\u4e3b\u56fe-01-27.jpg","width":750,"height":750,"caption":"acrylic hookah with led light"},{"@type":"BreadcrumbList","@id":"https:\/\/global-hookah.com\/product\/acrylic-double-hookah-with-led\/#breadcrumb","itemListElement":[{"@type":"ListItem","position":1,"name":"Home","item":"https:\/\/global-hookah.com\/"},{"@type":"ListItem","position":2,"name":"Shop","item":"https:\/\/global-hookah.com\/shop\/"},{"@type":"ListItem","position":3,"name":"Acrylic Double Hookah With Led"}]},{"@type":"WebSite","@id":"https:\/\/global-hookah.com\/#website","url":"https:\/\/global-hookah.com\/","name":"Globale Wasserpfeife","description":"Globale Wasserpfeife","publisher":{"@id":"https:\/\/global-hookah.com\/#organization"},"potentialAction":[{"@type":"SearchAction","target":{"@type":"EntryPoint","urlTemplate":"https:\/\/global-hookah.com\/?s={search_term_string}"},"query-input":{"@type":"PropertyValueSpecification","valueRequired":true,"valueName":"search_term_string"}}],"inLanguage":"de"},{"@type":"Organization","@id":"https:\/\/global-hookah.com\/#organization","name":"Globale Wasserpfeife","url":"https:\/\/global-hookah.com\/","logo":{"@type":"ImageObject","inLanguage":"de","@id":"https:\/\/global-hookah.com\/#\/schema\/logo\/image\/","url":"https:\/\/global-hookah.com\/wp-content\/uploads\/2021\/10\/cropped-fgg.png","contentUrl":"https:\/\/global-hookah.com\/wp-content\/uploads\/2021\/10\/cropped-fgg.png","width":512,"height":512,"caption":"Global Hookah"},"image":{"@id":"https:\/\/global-hookah.com\/#\/schema\/logo\/image\/"}}]}},"_links":{"self":[{"href":"https:\/\/global-hookah.com\/de\/wp-json\/wp\/v2\/product\/11250","targetHints":{"allow":["GET"]}}],"collection":[{"href":"https:\/\/global-hookah.com\/de\/wp-json\/wp\/v2\/product"}],"about":[{"href":"https:\/\/global-hookah.com\/de\/wp-json\/wp\/v2\/types\/product"}],"replies":[{"embeddable":true,"href":"https:\/\/global-hookah.com\/de\/wp-json\/wp\/v2\/comments?post=11250"}],"version-history":[{"count":0,"href":"https:\/\/global-hookah.com\/de\/wp-json\/wp\/v2\/product\/11250\/revisions"}],"wp:featuredmedia":[{"embeddable":true,"href":"https:\/\/global-hookah.com\/de\/wp-json\/wp\/v2\/media\/11257"}],"wp:attachment":[{"href":"https:\/\/global-hookah.com\/de\/wp-json\/wp\/v2\/media?parent=11250"}],"wp:term":[{"taxonomy":"product_brand","embeddable":true,"href":"https:\/\/global-hookah.com\/de\/wp-json\/wp\/v2\/product_brand?post=11250"},{"taxonomy":"product_cat","embeddable":true,"href":"https:\/\/global-hookah.com\/de\/wp-json\/wp\/v2\/product_cat?post=11250"},{"taxonomy":"product_tag","embeddable":true,"href":"https:\/\/global-hookah.com\/de\/wp-json\/wp\/v2\/product_tag?post=11250"}],"curies":[{"name":"wp","href":"https:\/\/api.w.org\/{rel}","templated":true}]}}