{"id":11533,"date":"2023-05-06T14:22:44","date_gmt":"2023-05-06T14:22:44","guid":{"rendered":"https:\/\/global-hookah.com\/?post_type=product&#038;p=11533"},"modified":"2024-01-12T03:57:57","modified_gmt":"2024-01-12T03:57:57","slug":"single-hookah-water-pipe-for-marijuana","status":"publish","type":"product","link":"https:\/\/global-hookah.com\/de\/produkt\/single-hookah-water-pipe-for-marijuana\/","title":{"rendered":"Einzelne Hookah Wasserpfeife f\u00fcr Marihuana"},"content":{"rendered":"<p>Wenn Sie das Rauchen von Marihuana angenehmer gestalten wollen, versuchen Sie es mit einem <strong>Wasserpfeife<\/strong>. Wasserpfeifen sind auch effizienter bei der Abgabe von THC, dem Wirkstoff in Marihuana, als <a href=\"https:\/\/global-hookah.com\">traditionelle Gelenke<\/a> oder Blunts. Besonders wenn Du durch den Schlauch inhalierst, reist der Rauch durch das Wasser in der Flasche, bevor er Deinen Mund erreicht. Dadurch wird der Rauch abgek\u00fchlt, was das Inhalieren angenehmer macht.<\/p>\n<p><strong>Merkmale der Wasserpfeife<\/strong><\/p>\n<p>Einfach zu bedienen: Die <strong>Wasserpfeife<\/strong> Bong ist einfach zu laden und leicht zu reinigen. Du brauchst keine speziellen Werkzeuge oder Utensilien, um sie zu benutzen. F\u00fcllen Sie einfach die Schale mit Ihrem Lieblingstabak oder -kraut und z\u00fcnden Sie sie an!<\/p>\n<p>Erstaunlich weicher Rauch: Das Glas bei diesem <strong>Wasserpfeife f\u00fcr Marihuana<\/strong> ist dick und robust und sorgt daf\u00fcr, dass der Rauch bei jedem Zug gleichm\u00e4\u00dfig und k\u00fchl brennend ist.<\/p>\n<p>- Perfekt f\u00fcr den reisenden Raucher, ist die einzelne Wasserpfeife leicht zu transportieren und zu lagern. Der Glaskopf ist zur einfachen Reinigung und Wartung abnehmbar. Auch das Mundst\u00fcck ist zur einfachen Reinigung abnehmbar.<\/p>\n<p>Diese <strong>Wasserpfeife<\/strong> ist attraktiv und w\u00fcrde in jedem Bereich Ihres Hauses oder Ihres Arbeitsplatzes hervorragend aussehen. Es ist auch ein wunderbares Geschenk f\u00fcr eine bestimmte Person in Ihrem Leben, die auch die Verwendung von Marihuanawaren sch\u00e4tzt.<\/p>\n<p>Dar\u00fcber hinaus verf\u00fcgt er \u00fcber eine gro\u00dfe Schale mit einer breiten \u00d6ffnung, in die man ganz einfach Tabak oder Marihuana einf\u00fcllen kann, wodurch er sich ideal zum Teilen mit Freunden oder der Familie eignet. Damit entf\u00e4llt die Notwendigkeit, darauf zu warten, dass jemand anderes an der Reihe ist, so dass jeder zur gleichen Zeit seinen eigenen Zug aus demselben Schlauch nehmen kann.<\/p>","protected":false},"excerpt":{"rendered":"<p>Wenn Sie das Rauchen von Marihuana noch angenehmer gestalten wollen, sollten Sie eine Wasserpfeife verwenden. Wasserpfeifen sind auch mehr<\/p>","protected":false},"featured_media":11536,"comment_status":"open","ping_status":"closed","template":"","meta":{"iawp_total_views":3,"_joinchat":[]},"product_brand":[],"product_cat":[415,560],"product_tag":[],"class_list":{"0":"post-11533","1":"product","2":"type-product","3":"status-publish","4":"has-post-thumbnail","6":"product_cat-accessories","7":"product_cat-glass-hookah-wholesale","9":"first","10":"instock","11":"shipping-taxable","12":"product-type-external"},"yoast_head":"<!-- This site is optimized with the Yoast SEO Premium plugin v24.7 (Yoast SEO v26.8) - https:\/\/yoast.com\/product\/yoast-seo-premium-wordpress\/ -->\n<title>Single Hookah Water Pipe For Marijuana - Global Hookah<\/title>\n<meta name=\"robots\" content=\"index, follow, max-snippet:-1, max-image-preview:large, max-video-preview:-1\" \/>\n<link rel=\"canonical\" href=\"https:\/\/global-hookah.com\/de\/produkt\/single-hookah-water-pipe-for-marijuana\/\" \/>\n<meta property=\"og:locale\" content=\"de_DE\" \/>\n<meta property=\"og:type\" content=\"article\" \/>\n<meta property=\"og:title\" content=\"Single Hookah Water Pipe For Marijuana\" \/>\n<meta property=\"og:description\" content=\"If you want to make smoking marijuana more enjoyable, try using a hookah water pipe. Water pipes are also more\" \/>\n<meta property=\"og:url\" content=\"https:\/\/global-hookah.com\/de\/produkt\/single-hookah-water-pipe-for-marijuana\/\" \/>\n<meta property=\"og:site_name\" content=\"Global Hookah\" \/>\n<meta property=\"article:modified_time\" content=\"2024-01-12T03:57:57+00:00\" \/>\n<meta property=\"og:image\" content=\"https:\/\/global-hookah.com\/wp-content\/uploads\/2023\/05\/\u4e3b\u56fe-02-3.jpg\" \/>\n\t<meta property=\"og:image:width\" content=\"1000\" \/>\n\t<meta property=\"og:image:height\" content=\"1000\" \/>\n\t<meta property=\"og:image:type\" content=\"image\/jpeg\" \/>\n<meta name=\"twitter:card\" content=\"summary_large_image\" \/>\n<meta name=\"twitter:label1\" content=\"Gesch\u00e4tzte Lesezeit\" \/>\n\t<meta name=\"twitter:data1\" content=\"2\u00a0Minuten\" \/>\n<script type=\"application\/ld+json\" class=\"yoast-schema-graph\">{\"@context\":\"https:\/\/schema.org\",\"@graph\":[{\"@type\":\"WebPage\",\"@id\":\"https:\/\/global-hookah.com\/product\/single-hookah-water-pipe-for-marijuana\/\",\"url\":\"https:\/\/global-hookah.com\/product\/single-hookah-water-pipe-for-marijuana\/\",\"name\":\"Single Hookah Water Pipe For Marijuana - Global Hookah\",\"isPartOf\":{\"@id\":\"https:\/\/global-hookah.com\/#website\"},\"primaryImageOfPage\":{\"@id\":\"https:\/\/global-hookah.com\/product\/single-hookah-water-pipe-for-marijuana\/#primaryimage\"},\"image\":{\"@id\":\"https:\/\/global-hookah.com\/product\/single-hookah-water-pipe-for-marijuana\/#primaryimage\"},\"thumbnailUrl\":\"https:\/\/global-hookah.com\/wp-content\/uploads\/2023\/05\/\u4e3b\u56fe-02-3.jpg\",\"datePublished\":\"2023-05-06T14:22:44+00:00\",\"dateModified\":\"2024-01-12T03:57:57+00:00\",\"breadcrumb\":{\"@id\":\"https:\/\/global-hookah.com\/product\/single-hookah-water-pipe-for-marijuana\/#breadcrumb\"},\"inLanguage\":\"de\",\"potentialAction\":[{\"@type\":\"ReadAction\",\"target\":[\"https:\/\/global-hookah.com\/product\/single-hookah-water-pipe-for-marijuana\/\"]}]},{\"@type\":\"ImageObject\",\"inLanguage\":\"de\",\"@id\":\"https:\/\/global-hookah.com\/product\/single-hookah-water-pipe-for-marijuana\/#primaryimage\",\"url\":\"https:\/\/global-hookah.com\/wp-content\/uploads\/2023\/05\/\u4e3b\u56fe-02-3.jpg\",\"contentUrl\":\"https:\/\/global-hookah.com\/wp-content\/uploads\/2023\/05\/\u4e3b\u56fe-02-3.jpg\",\"width\":1000,\"height\":1000,\"caption\":\"Single Hookah Water Pipe For Marijuana\"},{\"@type\":\"BreadcrumbList\",\"@id\":\"https:\/\/global-hookah.com\/product\/single-hookah-water-pipe-for-marijuana\/#breadcrumb\",\"itemListElement\":[{\"@type\":\"ListItem\",\"position\":1,\"name\":\"Home\",\"item\":\"https:\/\/global-hookah.com\/\"},{\"@type\":\"ListItem\",\"position\":2,\"name\":\"Shop\",\"item\":\"https:\/\/global-hookah.com\/shop\/\"},{\"@type\":\"ListItem\",\"position\":3,\"name\":\"Single Hookah Water Pipe For Marijuana\"}]},{\"@type\":\"WebSite\",\"@id\":\"https:\/\/global-hookah.com\/#website\",\"url\":\"https:\/\/global-hookah.com\/\",\"name\":\"Global Hookah\",\"description\":\"Global Hookah\",\"publisher\":{\"@id\":\"https:\/\/global-hookah.com\/#organization\"},\"potentialAction\":[{\"@type\":\"SearchAction\",\"target\":{\"@type\":\"EntryPoint\",\"urlTemplate\":\"https:\/\/global-hookah.com\/?s={search_term_string}\"},\"query-input\":{\"@type\":\"PropertyValueSpecification\",\"valueRequired\":true,\"valueName\":\"search_term_string\"}}],\"inLanguage\":\"de\"},{\"@type\":\"Organization\",\"@id\":\"https:\/\/global-hookah.com\/#organization\",\"name\":\"Global Hookah\",\"url\":\"https:\/\/global-hookah.com\/\",\"logo\":{\"@type\":\"ImageObject\",\"inLanguage\":\"de\",\"@id\":\"https:\/\/global-hookah.com\/#\/schema\/logo\/image\/\",\"url\":\"https:\/\/global-hookah.com\/wp-content\/uploads\/2021\/10\/cropped-fgg.png\",\"contentUrl\":\"https:\/\/global-hookah.com\/wp-content\/uploads\/2021\/10\/cropped-fgg.png\",\"width\":512,\"height\":512,\"caption\":\"Global Hookah\"},\"image\":{\"@id\":\"https:\/\/global-hookah.com\/#\/schema\/logo\/image\/\"}}]}<\/script>\n<!-- \/ Yoast SEO Premium plugin. -->","yoast_head_json":{"title":"Einzelne Wasserpfeife f\u00fcr Marihuana - Global Hookah","robots":{"index":"index","follow":"follow","max-snippet":"max-snippet:-1","max-image-preview":"max-image-preview:large","max-video-preview":"max-video-preview:-1"},"canonical":"https:\/\/global-hookah.com\/de\/produkt\/single-hookah-water-pipe-for-marijuana\/","og_locale":"de_DE","og_type":"article","og_title":"Single Hookah Water Pipe For Marijuana","og_description":"If you want to make smoking marijuana more enjoyable, try using a hookah water pipe. Water pipes are also more","og_url":"https:\/\/global-hookah.com\/de\/produkt\/single-hookah-water-pipe-for-marijuana\/","og_site_name":"Global Hookah","article_modified_time":"2024-01-12T03:57:57+00:00","og_image":[{"width":1000,"height":1000,"url":"https:\/\/global-hookah.com\/wp-content\/uploads\/2023\/05\/\u4e3b\u56fe-02-3.jpg","type":"image\/jpeg"}],"twitter_card":"summary_large_image","twitter_misc":{"Gesch\u00e4tzte Lesezeit":"2\u00a0Minuten"},"schema":{"@context":"https:\/\/schema.org","@graph":[{"@type":"WebPage","@id":"https:\/\/global-hookah.com\/product\/single-hookah-water-pipe-for-marijuana\/","url":"https:\/\/global-hookah.com\/product\/single-hookah-water-pipe-for-marijuana\/","name":"Einzelne Wasserpfeife f\u00fcr Marihuana - Global Hookah","isPartOf":{"@id":"https:\/\/global-hookah.com\/#website"},"primaryImageOfPage":{"@id":"https:\/\/global-hookah.com\/product\/single-hookah-water-pipe-for-marijuana\/#primaryimage"},"image":{"@id":"https:\/\/global-hookah.com\/product\/single-hookah-water-pipe-for-marijuana\/#primaryimage"},"thumbnailUrl":"https:\/\/global-hookah.com\/wp-content\/uploads\/2023\/05\/\u4e3b\u56fe-02-3.jpg","datePublished":"2023-05-06T14:22:44+00:00","dateModified":"2024-01-12T03:57:57+00:00","breadcrumb":{"@id":"https:\/\/global-hookah.com\/product\/single-hookah-water-pipe-for-marijuana\/#breadcrumb"},"inLanguage":"de","potentialAction":[{"@type":"ReadAction","target":["https:\/\/global-hookah.com\/product\/single-hookah-water-pipe-for-marijuana\/"]}]},{"@type":"ImageObject","inLanguage":"de","@id":"https:\/\/global-hookah.com\/product\/single-hookah-water-pipe-for-marijuana\/#primaryimage","url":"https:\/\/global-hookah.com\/wp-content\/uploads\/2023\/05\/\u4e3b\u56fe-02-3.jpg","contentUrl":"https:\/\/global-hookah.com\/wp-content\/uploads\/2023\/05\/\u4e3b\u56fe-02-3.jpg","width":1000,"height":1000,"caption":"Single Hookah Water Pipe For Marijuana"},{"@type":"BreadcrumbList","@id":"https:\/\/global-hookah.com\/product\/single-hookah-water-pipe-for-marijuana\/#breadcrumb","itemListElement":[{"@type":"ListItem","position":1,"name":"Home","item":"https:\/\/global-hookah.com\/"},{"@type":"ListItem","position":2,"name":"Shop","item":"https:\/\/global-hookah.com\/shop\/"},{"@type":"ListItem","position":3,"name":"Single Hookah Water Pipe For Marijuana"}]},{"@type":"WebSite","@id":"https:\/\/global-hookah.com\/#website","url":"https:\/\/global-hookah.com\/","name":"Globale Wasserpfeife","description":"Globale Wasserpfeife","publisher":{"@id":"https:\/\/global-hookah.com\/#organization"},"potentialAction":[{"@type":"SearchAction","target":{"@type":"EntryPoint","urlTemplate":"https:\/\/global-hookah.com\/?s={search_term_string}"},"query-input":{"@type":"PropertyValueSpecification","valueRequired":true,"valueName":"search_term_string"}}],"inLanguage":"de"},{"@type":"Organization","@id":"https:\/\/global-hookah.com\/#organization","name":"Globale Wasserpfeife","url":"https:\/\/global-hookah.com\/","logo":{"@type":"ImageObject","inLanguage":"de","@id":"https:\/\/global-hookah.com\/#\/schema\/logo\/image\/","url":"https:\/\/global-hookah.com\/wp-content\/uploads\/2021\/10\/cropped-fgg.png","contentUrl":"https:\/\/global-hookah.com\/wp-content\/uploads\/2021\/10\/cropped-fgg.png","width":512,"height":512,"caption":"Global Hookah"},"image":{"@id":"https:\/\/global-hookah.com\/#\/schema\/logo\/image\/"}}]}},"_links":{"self":[{"href":"https:\/\/global-hookah.com\/de\/wp-json\/wp\/v2\/product\/11533","targetHints":{"allow":["GET"]}}],"collection":[{"href":"https:\/\/global-hookah.com\/de\/wp-json\/wp\/v2\/product"}],"about":[{"href":"https:\/\/global-hookah.com\/de\/wp-json\/wp\/v2\/types\/product"}],"replies":[{"embeddable":true,"href":"https:\/\/global-hookah.com\/de\/wp-json\/wp\/v2\/comments?post=11533"}],"version-history":[{"count":0,"href":"https:\/\/global-hookah.com\/de\/wp-json\/wp\/v2\/product\/11533\/revisions"}],"wp:featuredmedia":[{"embeddable":true,"href":"https:\/\/global-hookah.com\/de\/wp-json\/wp\/v2\/media\/11536"}],"wp:attachment":[{"href":"https:\/\/global-hookah.com\/de\/wp-json\/wp\/v2\/media?parent=11533"}],"wp:term":[{"taxonomy":"product_brand","embeddable":true,"href":"https:\/\/global-hookah.com\/de\/wp-json\/wp\/v2\/product_brand?post=11533"},{"taxonomy":"product_cat","embeddable":true,"href":"https:\/\/global-hookah.com\/de\/wp-json\/wp\/v2\/product_cat?post=11533"},{"taxonomy":"product_tag","embeddable":true,"href":"https:\/\/global-hookah.com\/de\/wp-json\/wp\/v2\/product_tag?post=11533"}],"curies":[{"name":"wp","href":"https:\/\/api.w.org\/{rel}","templated":true}]}}