{"id":11676,"date":"2023-05-18T01:18:01","date_gmt":"2023-05-18T01:18:01","guid":{"rendered":"https:\/\/global-hookah.com\/product\/metal-mini-hookah-set-wholesale\/"},"modified":"2024-07-10T10:21:54","modified_gmt":"2024-07-10T10:21:54","slug":"metal-mini-hookah-set-wholesale","status":"publish","type":"product","link":"https:\/\/global-hookah.com\/de\/produkt\/metal-mini-hookah-set-wholesale\/","title":{"rendered":"Metall Mini Hookah Set Gro\u00dfhandel"},"content":{"rendered":"<div class=\"product-specs-list-container\">\n<ul class=\"product-specs-list util-clearfix\">\n<li class=\"product-prop line-limit-length\"><span\n                                    class=\"property-title\">Modellnummer:&nbsp;<\/span><span\n                                    class=\"property-desc line-limit-length\">SH099<\/span>\n                        <\/li>\n<li class=\"product-prop line-limit-length\"><span\n                                    class=\"property-title\">Die Form:&nbsp;<\/span><span\n                                    class=\"property-desc line-limit-length\">Freier Typ<\/span>\n                        <\/li>\n<li class=\"product-prop line-limit-length\"><span\n                                    class=\"property-title\">Die Technik:&nbsp;<\/span><span\n                                    class=\"property-desc line-limit-length\">SPIEGEL<\/span>\n                        <\/li>\n<li class=\"product-prop line-limit-length\"><span\n                                    class=\"property-title\">Material:&nbsp;<\/span><span\n                                    class=\"property-desc line-limit-length\">Rostfreier Stahl<\/span>\n                        <\/li>\n<li class=\"product-prop line-limit-length\"><span\n                                    class=\"property-title\">Markenname:&nbsp;<\/span><span\n                                    class=\"property-desc line-limit-length\">Aoikumo<\/span>\n                        <\/li>\n<li class=\"product-prop line-limit-length\"><span\n                                    class=\"property-title\">Herkunft:&nbsp;<\/span><span\n                                    class=\"property-desc line-limit-length\">Festland China<\/span>\n                        <\/li>\n<li class=\"product-prop line-limit-length\"><span\n                                    class=\"property-title\">Verwendung f\u00fcr 5:&nbsp;<\/span><span\n                                    class=\"property-desc line-limit-length\">Sheesha<\/span>\n                        <\/li>\n<li class=\"product-prop line-limit-length\"><span\n                                    class=\"property-title\">Verwendung f\u00fcr 4:&nbsp;<\/span><span\n                                    class=\"property-desc line-limit-length\">Chicha<\/span>\n                        <\/li>\n<li class=\"product-prop line-limit-length\"><span\n                                    class=\"property-title\">Verwendung f\u00fcr 6:&nbsp;<\/span><span\n                                    class=\"property-desc line-limit-length\">Rauchen<\/span>\n                        <\/li>\n<li class=\"product-prop line-limit-length\"><span\n                                    class=\"property-title\">Verwendung f\u00fcr 1:&nbsp;<\/span><span\n                                    class=\"property-desc line-limit-length\">Wasserpfeife<\/span>\n                        <\/li>\n<li class=\"product-prop line-limit-length\"><span\n                                    class=\"property-title\">Verwendung f\u00fcr 3:&nbsp;<\/span><span\n                                    class=\"property-desc line-limit-length\">Narguile<\/span>\n                        <\/li>\n<li class=\"product-prop line-limit-length\"><span\n                                    class=\"property-title\">Verwendung f\u00fcr 2:&nbsp;<\/span><span\n                                    class=\"property-desc line-limit-length\">Shisha<\/span>\n                        <\/li>\n<li class=\"product-prop line-limit-length\"><span\n                                    class=\"property-title\">Geeignet:&nbsp;<\/span><span\n                                    class=\"property-desc line-limit-length\">Drau\u00dfen,Bar,Zuhause,Party,Club<\/span>\n                        <\/li>\n<li class=\"product-prop line-limit-length\"><span\n                                    class=\"property-title\">Gro\u00dfhandel:&nbsp;<\/span><span\n                                    class=\"property-desc line-limit-length\">Verf\u00fcgbar<\/span>\n                        <\/li>\n<li class=\"product-prop line-limit-length\"><span\n                                    class=\"property-title\">Streckengesch\u00e4ft:&nbsp;<\/span><span\n                                    class=\"property-desc line-limit-length\">Dropshipping<\/span>\n                        <\/li>\n<li class=\"product-prop line-limit-length\"><span\n                                    class=\"property-title\">Verwendung f\u00fcr 7:&nbsp;<\/span><span\n                                    class=\"property-desc line-limit-length\">VYRO Wasserpfeife<\/span>\n                        <\/li>\n<li class=\"product-prop line-limit-length\"><span\n                                    class=\"property-title\">Verwendung f\u00fcr 8:&nbsp;<\/span><span\n                                    class=\"property-desc line-limit-length\">VYRO Penta Wasserpfeife<\/span>\n                        <\/li>\n<\/ul><\/div>\n<div class=\"detailmodule_text\">\n<p style=\"font-family:OpenSans;font-size:14px;font-weight:300;line-height:20px;white-space:pre-wrap;color:rgb(0, 0, 0);margin-bottom:12px\" class=\"detail-desc-decorate-content\"><kse:widget data-widget-type=\"customText\" id=\"4000000012421\" type=\"relation\"><\/kse:widget><\/p>\n<p style=\"font-family:OpenSans;font-size:14px;font-weight:300;line-height:20px;white-space:pre-wrap;color:rgb(0, 0, 0);margin-bottom:12px\" class=\"detail-desc-decorate-content\">VYRO - Penta <\/p>\n<p>Penta VYRO ist eine neue kompakte Plugin Wasserpfeife und es ist eine kompakte (ca. 15,94 Zoll) Plugin Wasserpfeife aus V2A-Edelstahl, Kohlefaser und Wasser-Transfer-Prozess.<\/p>\n<p>Der VYRO - PENTA ist 15,94 Zoll gro\u00df<\/p>\n<p>Der Ausblasstutzen befindet sich unterhalb des Shishatellers und sorgt f\u00fcr eine schnelle und bequeme Entl\u00fcftung. <\/p>\n<p>Die \u00c4rmel sind in 3 verschiedenen Farben erh\u00e4ltlich (rot, blau und wei\u00df). Es ist ein neues Schalendesign von VYRO.<\/p>\n<p>Da die Gl\u00e4ser handgefertigt sind und leicht abweichen k\u00f6nnen, empfehlen wir einen Wasserstand von ca. 2 cm \u00fcber dem Ende des Tauchrohrs. Andere Einsteckschalen mit den gleichen Abmessungen sind ebenfalls kompatibel. Die Wasserpfeife wird mit einer Gummidichtung am Glas befestigt (im Lieferumfang enthalten).<\/p>\n<p>Der Diffusor des VYRO Penta erm\u00f6glicht ein leises Blubbern beim Rauchen. Der Shisha-Diffusor ist abnehmbar und beidseitig verschraubbar, er l\u00e4sst sich auch leicht in alle Einzelteile zerlegen und reinigen.<\/p>\n<\/div>\n<div class=\"detailmodule_image\"><img decoding=\"async\" class=\"detail-desc-decorate-image\" src=\"https:\/\/ae01.alicdn.com\/kf\/H983a3b6c8cc341289878a464e3dd42155.jpg\" slate-data-type=\"image\"\/><img decoding=\"async\" class=\"detail-desc-decorate-image\" src=\"https:\/\/ae01.alicdn.com\/kf\/H11df251bf2e741d18b6fca5338e6aa53M.jpg\" slate-data-type=\"image\"\/><img decoding=\"async\" class=\"detail-desc-decorate-image\" src=\"https:\/\/ae01.alicdn.com\/kf\/Hd1f99b1d6f3045cd8b3de5b64f146bd8Z.jpg\" slate-data-type=\"image\"\/><img decoding=\"async\" class=\"detail-desc-decorate-image\" src=\"https:\/\/ae01.alicdn.com\/kf\/H68f0a0a050804706b1144c38f909bcc9V.jpg\" slate-data-type=\"image\"\/><img decoding=\"async\" class=\"detail-desc-decorate-image\" src=\"https:\/\/ae01.alicdn.com\/kf\/H671ef90f7dbc4acaa4b733fdb8036e58m.jpg\" slate-data-type=\"image\"\/><img decoding=\"async\" class=\"detail-desc-decorate-image\" src=\"https:\/\/ae01.alicdn.com\/kf\/H45abdfb88a11431b8f6d1d000d3f8c53W.jpg\" slate-data-type=\"image\"\/><img decoding=\"async\" class=\"detail-desc-decorate-image\" src=\"https:\/\/ae01.alicdn.com\/kf\/Hb5c40d0ce5a34bd589da5b7cfa7f7fe7G.jpg\" slate-data-type=\"image\"\/><img decoding=\"async\" class=\"detail-desc-decorate-image\" src=\"https:\/\/ae01.alicdn.com\/kf\/H0fb08a22d7184151974dff40ba8761d8r.jpg\" slate-data-type=\"image\"\/><\/div>\n<p><kse:widget data-widget-type=\"customText\" id=\"6000000004002\" type=\"custom\"><\/kse:widget><\/p>","protected":false},"excerpt":{"rendered":"<p>Modell-Nummer: SH099 Form: Freier Typ Technik: MIRROR Material: Rostfreier Stahl Markenname: Aoikumo Herkunft: Festland China Verwendung f\u00fcr 5: Sheesha Verwendung f\u00fcr 4: Chicha Verwendung f\u00fcr 6: Rauchen<\/p>","protected":false},"featured_media":11677,"comment_status":"open","ping_status":"closed","template":"","meta":{"iawp_total_views":1,"_joinchat":[]},"product_brand":[],"product_cat":[560,119],"product_tag":[],"class_list":{"0":"post-11676","1":"product","2":"type-product","3":"status-publish","4":"has-post-thumbnail","6":"product_cat-glass-hookah-wholesale","7":"product_cat-wholesale-hookah","9":"first","10":"instock","11":"shipping-taxable","12":"purchasable","13":"product-type-variable"},"yoast_head":"<!-- This site is optimized with the Yoast SEO Premium plugin v24.7 (Yoast SEO v26.8) - https:\/\/yoast.com\/product\/yoast-seo-premium-wordpress\/ -->\n<title>Metal Mini Hookah Set Wholesale - Global Hookah<\/title>\n<meta name=\"robots\" content=\"index, follow, max-snippet:-1, max-image-preview:large, max-video-preview:-1\" \/>\n<link rel=\"canonical\" href=\"https:\/\/global-hookah.com\/de\/produkt\/metal-mini-hookah-set-wholesale\/\" \/>\n<meta property=\"og:locale\" content=\"de_DE\" \/>\n<meta property=\"og:type\" content=\"article\" \/>\n<meta property=\"og:title\" content=\"Metal Mini Hookah Set Wholesale\" \/>\n<meta property=\"og:description\" content=\"Model Number:&nbsp;SH099 Shape:&nbsp;Free Type Technics:&nbsp;MIRROR Material:&nbsp;Stainless Steel Brand Name:&nbsp;Aoikumo Origin:&nbsp;Mainland China use for 5:&nbsp;Sheesha use for 4:&nbsp;Chicha use for 6:&nbsp;Smoking\" \/>\n<meta property=\"og:url\" content=\"https:\/\/global-hookah.com\/de\/produkt\/metal-mini-hookah-set-wholesale\/\" \/>\n<meta property=\"og:site_name\" content=\"Global Hookah\" \/>\n<meta property=\"article:modified_time\" content=\"2024-07-10T10:21:54+00:00\" \/>\n<meta property=\"og:image\" content=\"https:\/\/global-hookah.com\/wp-content\/uploads\/2023\/05\/Mini-Vyro-Penta-Hookah-Set-Include-Metal-Plate-Glass-Flask-tongs-Nargile-Chicha-Cachimbas-compact-plugin.jpg\" \/>\n\t<meta property=\"og:image:width\" content=\"1000\" \/>\n\t<meta property=\"og:image:height\" content=\"1000\" \/>\n\t<meta property=\"og:image:type\" content=\"image\/jpeg\" \/>\n<meta name=\"twitter:card\" content=\"summary_large_image\" \/>\n<meta name=\"twitter:label1\" content=\"Gesch\u00e4tzte Lesezeit\" \/>\n\t<meta name=\"twitter:data1\" content=\"1\u00a0Minute\" \/>\n<script type=\"application\/ld+json\" class=\"yoast-schema-graph\">{\"@context\":\"https:\/\/schema.org\",\"@graph\":[{\"@type\":\"WebPage\",\"@id\":\"https:\/\/global-hookah.com\/product\/metal-mini-hookah-set-wholesale\/\",\"url\":\"https:\/\/global-hookah.com\/product\/metal-mini-hookah-set-wholesale\/\",\"name\":\"Metal Mini Hookah Set Wholesale - Global Hookah\",\"isPartOf\":{\"@id\":\"https:\/\/global-hookah.com\/#website\"},\"primaryImageOfPage\":{\"@id\":\"https:\/\/global-hookah.com\/product\/metal-mini-hookah-set-wholesale\/#primaryimage\"},\"image\":{\"@id\":\"https:\/\/global-hookah.com\/product\/metal-mini-hookah-set-wholesale\/#primaryimage\"},\"thumbnailUrl\":\"https:\/\/global-hookah.com\/wp-content\/uploads\/2023\/05\/Mini-Vyro-Penta-Hookah-Set-Include-Metal-Plate-Glass-Flask-tongs-Nargile-Chicha-Cachimbas-compact-plugin.jpg\",\"datePublished\":\"2023-05-18T01:18:01+00:00\",\"dateModified\":\"2024-07-10T10:21:54+00:00\",\"breadcrumb\":{\"@id\":\"https:\/\/global-hookah.com\/product\/metal-mini-hookah-set-wholesale\/#breadcrumb\"},\"inLanguage\":\"de\",\"potentialAction\":[{\"@type\":\"ReadAction\",\"target\":[\"https:\/\/global-hookah.com\/product\/metal-mini-hookah-set-wholesale\/\"]}]},{\"@type\":\"ImageObject\",\"inLanguage\":\"de\",\"@id\":\"https:\/\/global-hookah.com\/product\/metal-mini-hookah-set-wholesale\/#primaryimage\",\"url\":\"https:\/\/global-hookah.com\/wp-content\/uploads\/2023\/05\/Mini-Vyro-Penta-Hookah-Set-Include-Metal-Plate-Glass-Flask-tongs-Nargile-Chicha-Cachimbas-compact-plugin.jpg\",\"contentUrl\":\"https:\/\/global-hookah.com\/wp-content\/uploads\/2023\/05\/Mini-Vyro-Penta-Hookah-Set-Include-Metal-Plate-Glass-Flask-tongs-Nargile-Chicha-Cachimbas-compact-plugin.jpg\",\"width\":1000,\"height\":1000},{\"@type\":\"BreadcrumbList\",\"@id\":\"https:\/\/global-hookah.com\/product\/metal-mini-hookah-set-wholesale\/#breadcrumb\",\"itemListElement\":[{\"@type\":\"ListItem\",\"position\":1,\"name\":\"Home\",\"item\":\"https:\/\/global-hookah.com\/\"},{\"@type\":\"ListItem\",\"position\":2,\"name\":\"Shop\",\"item\":\"https:\/\/global-hookah.com\/shop\/\"},{\"@type\":\"ListItem\",\"position\":3,\"name\":\"Metal Mini Hookah Set Wholesale\"}]},{\"@type\":\"WebSite\",\"@id\":\"https:\/\/global-hookah.com\/#website\",\"url\":\"https:\/\/global-hookah.com\/\",\"name\":\"Global Hookah\",\"description\":\"Global Hookah\",\"publisher\":{\"@id\":\"https:\/\/global-hookah.com\/#organization\"},\"potentialAction\":[{\"@type\":\"SearchAction\",\"target\":{\"@type\":\"EntryPoint\",\"urlTemplate\":\"https:\/\/global-hookah.com\/?s={search_term_string}\"},\"query-input\":{\"@type\":\"PropertyValueSpecification\",\"valueRequired\":true,\"valueName\":\"search_term_string\"}}],\"inLanguage\":\"de\"},{\"@type\":\"Organization\",\"@id\":\"https:\/\/global-hookah.com\/#organization\",\"name\":\"Global Hookah\",\"url\":\"https:\/\/global-hookah.com\/\",\"logo\":{\"@type\":\"ImageObject\",\"inLanguage\":\"de\",\"@id\":\"https:\/\/global-hookah.com\/#\/schema\/logo\/image\/\",\"url\":\"https:\/\/global-hookah.com\/wp-content\/uploads\/2021\/10\/cropped-fgg.png\",\"contentUrl\":\"https:\/\/global-hookah.com\/wp-content\/uploads\/2021\/10\/cropped-fgg.png\",\"width\":512,\"height\":512,\"caption\":\"Global Hookah\"},\"image\":{\"@id\":\"https:\/\/global-hookah.com\/#\/schema\/logo\/image\/\"}}]}<\/script>\n<!-- \/ Yoast SEO Premium plugin. -->","yoast_head_json":{"title":"Metall Mini Wasserpfeife Set Gro\u00dfhandel - Global Hookah","robots":{"index":"index","follow":"follow","max-snippet":"max-snippet:-1","max-image-preview":"max-image-preview:large","max-video-preview":"max-video-preview:-1"},"canonical":"https:\/\/global-hookah.com\/de\/produkt\/metal-mini-hookah-set-wholesale\/","og_locale":"de_DE","og_type":"article","og_title":"Metal Mini Hookah Set Wholesale","og_description":"Model Number:&nbsp;SH099 Shape:&nbsp;Free Type Technics:&nbsp;MIRROR Material:&nbsp;Stainless Steel Brand Name:&nbsp;Aoikumo Origin:&nbsp;Mainland China use for 5:&nbsp;Sheesha use for 4:&nbsp;Chicha use for 6:&nbsp;Smoking","og_url":"https:\/\/global-hookah.com\/de\/produkt\/metal-mini-hookah-set-wholesale\/","og_site_name":"Global Hookah","article_modified_time":"2024-07-10T10:21:54+00:00","og_image":[{"width":1000,"height":1000,"url":"https:\/\/global-hookah.com\/wp-content\/uploads\/2023\/05\/Mini-Vyro-Penta-Hookah-Set-Include-Metal-Plate-Glass-Flask-tongs-Nargile-Chicha-Cachimbas-compact-plugin.jpg","type":"image\/jpeg"}],"twitter_card":"summary_large_image","twitter_misc":{"Gesch\u00e4tzte Lesezeit":"1\u00a0Minute"},"schema":{"@context":"https:\/\/schema.org","@graph":[{"@type":"WebPage","@id":"https:\/\/global-hookah.com\/product\/metal-mini-hookah-set-wholesale\/","url":"https:\/\/global-hookah.com\/product\/metal-mini-hookah-set-wholesale\/","name":"Metall Mini Wasserpfeife Set Gro\u00dfhandel - Global Hookah","isPartOf":{"@id":"https:\/\/global-hookah.com\/#website"},"primaryImageOfPage":{"@id":"https:\/\/global-hookah.com\/product\/metal-mini-hookah-set-wholesale\/#primaryimage"},"image":{"@id":"https:\/\/global-hookah.com\/product\/metal-mini-hookah-set-wholesale\/#primaryimage"},"thumbnailUrl":"https:\/\/global-hookah.com\/wp-content\/uploads\/2023\/05\/Mini-Vyro-Penta-Hookah-Set-Include-Metal-Plate-Glass-Flask-tongs-Nargile-Chicha-Cachimbas-compact-plugin.jpg","datePublished":"2023-05-18T01:18:01+00:00","dateModified":"2024-07-10T10:21:54+00:00","breadcrumb":{"@id":"https:\/\/global-hookah.com\/product\/metal-mini-hookah-set-wholesale\/#breadcrumb"},"inLanguage":"de","potentialAction":[{"@type":"ReadAction","target":["https:\/\/global-hookah.com\/product\/metal-mini-hookah-set-wholesale\/"]}]},{"@type":"ImageObject","inLanguage":"de","@id":"https:\/\/global-hookah.com\/product\/metal-mini-hookah-set-wholesale\/#primaryimage","url":"https:\/\/global-hookah.com\/wp-content\/uploads\/2023\/05\/Mini-Vyro-Penta-Hookah-Set-Include-Metal-Plate-Glass-Flask-tongs-Nargile-Chicha-Cachimbas-compact-plugin.jpg","contentUrl":"https:\/\/global-hookah.com\/wp-content\/uploads\/2023\/05\/Mini-Vyro-Penta-Hookah-Set-Include-Metal-Plate-Glass-Flask-tongs-Nargile-Chicha-Cachimbas-compact-plugin.jpg","width":1000,"height":1000},{"@type":"BreadcrumbList","@id":"https:\/\/global-hookah.com\/product\/metal-mini-hookah-set-wholesale\/#breadcrumb","itemListElement":[{"@type":"ListItem","position":1,"name":"Home","item":"https:\/\/global-hookah.com\/"},{"@type":"ListItem","position":2,"name":"Shop","item":"https:\/\/global-hookah.com\/shop\/"},{"@type":"ListItem","position":3,"name":"Metal Mini Hookah Set Wholesale"}]},{"@type":"WebSite","@id":"https:\/\/global-hookah.com\/#website","url":"https:\/\/global-hookah.com\/","name":"Globale Wasserpfeife","description":"Globale Wasserpfeife","publisher":{"@id":"https:\/\/global-hookah.com\/#organization"},"potentialAction":[{"@type":"SearchAction","target":{"@type":"EntryPoint","urlTemplate":"https:\/\/global-hookah.com\/?s={search_term_string}"},"query-input":{"@type":"PropertyValueSpecification","valueRequired":true,"valueName":"search_term_string"}}],"inLanguage":"de"},{"@type":"Organization","@id":"https:\/\/global-hookah.com\/#organization","name":"Globale Wasserpfeife","url":"https:\/\/global-hookah.com\/","logo":{"@type":"ImageObject","inLanguage":"de","@id":"https:\/\/global-hookah.com\/#\/schema\/logo\/image\/","url":"https:\/\/global-hookah.com\/wp-content\/uploads\/2021\/10\/cropped-fgg.png","contentUrl":"https:\/\/global-hookah.com\/wp-content\/uploads\/2021\/10\/cropped-fgg.png","width":512,"height":512,"caption":"Global Hookah"},"image":{"@id":"https:\/\/global-hookah.com\/#\/schema\/logo\/image\/"}}]}},"_links":{"self":[{"href":"https:\/\/global-hookah.com\/de\/wp-json\/wp\/v2\/product\/11676","targetHints":{"allow":["GET"]}}],"collection":[{"href":"https:\/\/global-hookah.com\/de\/wp-json\/wp\/v2\/product"}],"about":[{"href":"https:\/\/global-hookah.com\/de\/wp-json\/wp\/v2\/types\/product"}],"replies":[{"embeddable":true,"href":"https:\/\/global-hookah.com\/de\/wp-json\/wp\/v2\/comments?post=11676"}],"version-history":[{"count":0,"href":"https:\/\/global-hookah.com\/de\/wp-json\/wp\/v2\/product\/11676\/revisions"}],"wp:featuredmedia":[{"embeddable":true,"href":"https:\/\/global-hookah.com\/de\/wp-json\/wp\/v2\/media\/11677"}],"wp:attachment":[{"href":"https:\/\/global-hookah.com\/de\/wp-json\/wp\/v2\/media?parent=11676"}],"wp:term":[{"taxonomy":"product_brand","embeddable":true,"href":"https:\/\/global-hookah.com\/de\/wp-json\/wp\/v2\/product_brand?post=11676"},{"taxonomy":"product_cat","embeddable":true,"href":"https:\/\/global-hookah.com\/de\/wp-json\/wp\/v2\/product_cat?post=11676"},{"taxonomy":"product_tag","embeddable":true,"href":"https:\/\/global-hookah.com\/de\/wp-json\/wp\/v2\/product_tag?post=11676"}],"curies":[{"name":"wp","href":"https:\/\/api.w.org\/{rel}","templated":true}]}}