{"id":11694,"date":"2023-05-18T01:19:45","date_gmt":"2023-05-18T01:19:45","guid":{"rendered":"https:\/\/global-hookah.com\/product\/2-hoses-glass-hookah-pipe-wholesale\/"},"modified":"2024-01-12T07:49:38","modified_gmt":"2024-01-12T07:49:38","slug":"2-hoses-glass-hookah-pipe-wholesale","status":"publish","type":"product","link":"https:\/\/global-hookah.com\/de\/produkt\/2-hoses-glass-hookah-pipe-wholesale\/","title":{"rendered":"2 Schl\u00e4uche Glas Hookah Pfeife Gro\u00dfhandel"},"content":{"rendered":"<p>Diese <strong>2 Schl\u00e4uche Glas Hookah Pfeife<\/strong> ist 21,65 Zoll gro\u00df, seine kompakte Gr\u00f6\u00dfe macht es sehr tragbar - Sie k\u00f6nnen es leicht in eine Tasche packen, um unterwegs zu rauchen, es ist aus Borosilikatglas hergestellt, was es sehr tragbar macht Thermische Schockresistenz, was bedeutet, dass es schnelle Temperaturschwankungen aush\u00e4lt, ohne zu brechen oder zu zerbrechen<\/p>\n<p>Diese <strong>2 Schl\u00e4uche Glas Hookah Pfeife<\/strong> ist f\u00fcr die Verwendung durch mehrere Personen in Lounges, Bars usw. konzipiert. Die Sch\u00fcssel und der Schlauch k\u00f6nnen f\u00fcr 2+ Personen verwendet werden.<\/p>\n<p>Diese <strong>Glas Hookah Pfeife<\/strong> verwendet Perkolatoren und Diffusoren, um den Rauch zu gl\u00e4tten, zu k\u00fchlen und zu filtern, bevor er den Nutzer erreicht.<\/p>\n<p>einfache Installation<\/p>\n<p><strong>Glas Wasserpfeife<\/strong> sind so konzipiert, dass sie sich bequem einrichten, benutzen und reinigen lassen. Die Einrichtung ist unkompliziert - einfach Wasser in die Vase f\u00fcllen, Schlauch und Mundst\u00fcck anschlie\u00dfen, Tabak in die Vase geben und schon kann man losrauchen. Das Abnehmen ist genauso einfach<\/p>\n<p>Die Entscheidung f\u00fcr<a href=\"https:\/\/global-hookah.com\/product-category\/wholesale-hookah\/\"><strong> Gro\u00dfhandel unsere Wasserpfeifen<\/strong><\/a> hat eine garantierte Qualit\u00e4t und wird direkt vom Hersteller versandt. <strong>Wasserpfeifenfabrik<\/strong> so dass der Gro\u00dfhandelspreis Ihrer Wasserpfeifen g\u00fcnstiger ist als der Gro\u00dfhandelspreis der Einzelh\u00e4ndler.<\/p>\n<div class=\"detailmodule_html\">\n<div class=\"detail-desc-decorate-richtext\">\n<div style=\"overflow: hidden; height: 0px;\">m<\/div>\n<div>\n<p><span style=\"background-color: #ffffff; color: #000000; font-size: 18px; font-family: 'Open Sans', Roboto, Arial, Helvetica, sans-serif, SimSun;\">Artikel:Glas-Shisha<br \/>\nMaterial:Glas+Metall+Keramik<br \/>\nTyp:2 Schl\u00e4uche<br \/>\nFarbe:Blau,Gr\u00fcn,Lila,Gelb<br \/>\nGesamth\u00f6he: Etwa 55CM\/21.65\u2033<br \/>\nBoden-Durchmesser: Etwa 14CM\/5.5\u2033<br \/>\nVerwendung:Shihsa Pipe&amp; Zubeh\u00f6r<br \/>\nGeeigneter Ort: Zuhause, Bar, Club, Hochzeit, Party, Reisen, Outdoor.<\/span><\/p>\n<p><img decoding=\"async\" src=\"https:\/\/ae01.alicdn.com\/kf\/S8e65001a0f494b45852847c9f5c76fc4b.jpg\" \/><img decoding=\"async\" src=\"https:\/\/ae01.alicdn.com\/kf\/S615a49fd95bb439facaa1a8c6df110beb.jpg\" \/><img decoding=\"async\" src=\"https:\/\/ae01.alicdn.com\/kf\/S13d8eb83152d44c88faf560039c70491E.jpg\" \/><img decoding=\"async\" src=\"https:\/\/ae01.alicdn.com\/kf\/Sd52b366faab24ceea00adb0bc50631ffW.jpg\" \/><img decoding=\"async\" src=\"https:\/\/ae01.alicdn.com\/kf\/S51f6dddfd77348ba9b88a4d8d8f00071d.jpg\" \/><img decoding=\"async\" src=\"https:\/\/ae01.alicdn.com\/kf\/Se8d0a90945634b9ead00a104682cf02d8.jpg\" \/><img decoding=\"async\" src=\"https:\/\/ae01.alicdn.com\/kf\/S61dddf39b8394f289340528bb2785fd9j.jpg\" \/><img decoding=\"async\" src=\"https:\/\/ae01.alicdn.com\/kf\/Sbde67b0192c948f8af10faf1b4c1547e2.jpg\" \/><\/p>\n<p><img decoding=\"async\" src=\"https:\/\/ae01.alicdn.com\/kf\/H0982bec1f89643ea928b461ecb2d84f2l.jpg\" \/><\/p>\n<\/div>\n<\/div>\n<\/div>\n<p>&nbsp;<\/p>","protected":false},"excerpt":{"rendered":"<p>Diese 2 Schl\u00e4uche Glas Hookah Pipe ist 21,65 Zoll gro\u00df, seine kompakte Gr\u00f6\u00dfe macht es sehr tragbar - Sie k\u00f6nnen<\/p>","protected":false},"featured_media":11695,"comment_status":"open","ping_status":"closed","template":"","meta":{"iawp_total_views":16,"_joinchat":[]},"product_brand":[],"product_cat":[560,559,119],"product_tag":[],"class_list":{"0":"post-11694","1":"product","2":"type-product","3":"status-publish","4":"has-post-thumbnail","6":"product_cat-glass-hookah-wholesale","7":"product_cat-portable-hookah-wholesale","8":"product_cat-wholesale-hookah","10":"first","11":"instock","12":"shipping-taxable","13":"purchasable","14":"product-type-simple"},"yoast_head":"<!-- This site is optimized with the Yoast SEO Premium plugin v24.7 (Yoast SEO v26.8) - https:\/\/yoast.com\/product\/yoast-seo-premium-wordpress\/ -->\n<title>2 Hoses Glass Hookah Pipe Wholesale - Global Hookah<\/title>\n<meta name=\"robots\" content=\"index, follow, max-snippet:-1, max-image-preview:large, max-video-preview:-1\" \/>\n<link rel=\"canonical\" href=\"https:\/\/global-hookah.com\/de\/produkt\/2-hoses-glass-hookah-pipe-wholesale\/\" \/>\n<meta property=\"og:locale\" content=\"de_DE\" \/>\n<meta property=\"og:type\" content=\"article\" \/>\n<meta property=\"og:title\" content=\"2 Hoses Glass Hookah Pipe Wholesale\" \/>\n<meta property=\"og:description\" content=\"This 2 Hoses Glass Hookah Pipe is 21.65 inches tall, its compact size makes it highly portable &#8211; you can\" \/>\n<meta property=\"og:url\" content=\"https:\/\/global-hookah.com\/de\/produkt\/2-hoses-glass-hookah-pipe-wholesale\/\" \/>\n<meta property=\"og:site_name\" content=\"Global Hookah\" \/>\n<meta property=\"article:modified_time\" content=\"2024-01-12T07:49:38+00:00\" \/>\n<meta property=\"og:image\" content=\"https:\/\/global-hookah.com\/wp-content\/uploads\/2023\/05\/New-2-Hoses-Glass-Hookah-Pipa-Narguile-Completo-Shisha-Pipe-Chicha-Cachimba-Middle-Size-Sisha-Smoking.jpg\" \/>\n\t<meta property=\"og:image:width\" content=\"1200\" \/>\n\t<meta property=\"og:image:height\" content=\"1200\" \/>\n\t<meta property=\"og:image:type\" content=\"image\/jpeg\" \/>\n<meta name=\"twitter:card\" content=\"summary_large_image\" \/>\n<meta name=\"twitter:label1\" content=\"Gesch\u00e4tzte Lesezeit\" \/>\n\t<meta name=\"twitter:data1\" content=\"3\u00a0Minuten\" \/>\n<script type=\"application\/ld+json\" class=\"yoast-schema-graph\">{\"@context\":\"https:\/\/schema.org\",\"@graph\":[{\"@type\":\"WebPage\",\"@id\":\"https:\/\/global-hookah.com\/product\/2-hoses-glass-hookah-pipe-wholesale\/\",\"url\":\"https:\/\/global-hookah.com\/product\/2-hoses-glass-hookah-pipe-wholesale\/\",\"name\":\"2 Hoses Glass Hookah Pipe Wholesale - Global Hookah\",\"isPartOf\":{\"@id\":\"https:\/\/global-hookah.com\/#website\"},\"primaryImageOfPage\":{\"@id\":\"https:\/\/global-hookah.com\/product\/2-hoses-glass-hookah-pipe-wholesale\/#primaryimage\"},\"image\":{\"@id\":\"https:\/\/global-hookah.com\/product\/2-hoses-glass-hookah-pipe-wholesale\/#primaryimage\"},\"thumbnailUrl\":\"https:\/\/global-hookah.com\/wp-content\/uploads\/2023\/05\/New-2-Hoses-Glass-Hookah-Pipa-Narguile-Completo-Shisha-Pipe-Chicha-Cachimba-Middle-Size-Sisha-Smoking.jpg\",\"datePublished\":\"2023-05-18T01:19:45+00:00\",\"dateModified\":\"2024-01-12T07:49:38+00:00\",\"breadcrumb\":{\"@id\":\"https:\/\/global-hookah.com\/product\/2-hoses-glass-hookah-pipe-wholesale\/#breadcrumb\"},\"inLanguage\":\"de\",\"potentialAction\":[{\"@type\":\"ReadAction\",\"target\":[\"https:\/\/global-hookah.com\/product\/2-hoses-glass-hookah-pipe-wholesale\/\"]}]},{\"@type\":\"ImageObject\",\"inLanguage\":\"de\",\"@id\":\"https:\/\/global-hookah.com\/product\/2-hoses-glass-hookah-pipe-wholesale\/#primaryimage\",\"url\":\"https:\/\/global-hookah.com\/wp-content\/uploads\/2023\/05\/New-2-Hoses-Glass-Hookah-Pipa-Narguile-Completo-Shisha-Pipe-Chicha-Cachimba-Middle-Size-Sisha-Smoking.jpg\",\"contentUrl\":\"https:\/\/global-hookah.com\/wp-content\/uploads\/2023\/05\/New-2-Hoses-Glass-Hookah-Pipa-Narguile-Completo-Shisha-Pipe-Chicha-Cachimba-Middle-Size-Sisha-Smoking.jpg\",\"width\":1200,\"height\":1200,\"caption\":\"2 Hoses Glass Hookah Pipe Wholesale\"},{\"@type\":\"BreadcrumbList\",\"@id\":\"https:\/\/global-hookah.com\/product\/2-hoses-glass-hookah-pipe-wholesale\/#breadcrumb\",\"itemListElement\":[{\"@type\":\"ListItem\",\"position\":1,\"name\":\"Home\",\"item\":\"https:\/\/global-hookah.com\/\"},{\"@type\":\"ListItem\",\"position\":2,\"name\":\"Shop\",\"item\":\"https:\/\/global-hookah.com\/shop\/\"},{\"@type\":\"ListItem\",\"position\":3,\"name\":\"2 Hoses Glass Hookah Pipe Wholesale\"}]},{\"@type\":\"WebSite\",\"@id\":\"https:\/\/global-hookah.com\/#website\",\"url\":\"https:\/\/global-hookah.com\/\",\"name\":\"Global Hookah\",\"description\":\"Global Hookah\",\"publisher\":{\"@id\":\"https:\/\/global-hookah.com\/#organization\"},\"potentialAction\":[{\"@type\":\"SearchAction\",\"target\":{\"@type\":\"EntryPoint\",\"urlTemplate\":\"https:\/\/global-hookah.com\/?s={search_term_string}\"},\"query-input\":{\"@type\":\"PropertyValueSpecification\",\"valueRequired\":true,\"valueName\":\"search_term_string\"}}],\"inLanguage\":\"de\"},{\"@type\":\"Organization\",\"@id\":\"https:\/\/global-hookah.com\/#organization\",\"name\":\"Global Hookah\",\"url\":\"https:\/\/global-hookah.com\/\",\"logo\":{\"@type\":\"ImageObject\",\"inLanguage\":\"de\",\"@id\":\"https:\/\/global-hookah.com\/#\/schema\/logo\/image\/\",\"url\":\"https:\/\/global-hookah.com\/wp-content\/uploads\/2021\/10\/cropped-fgg.png\",\"contentUrl\":\"https:\/\/global-hookah.com\/wp-content\/uploads\/2021\/10\/cropped-fgg.png\",\"width\":512,\"height\":512,\"caption\":\"Global Hookah\"},\"image\":{\"@id\":\"https:\/\/global-hookah.com\/#\/schema\/logo\/image\/\"}}]}<\/script>\n<!-- \/ Yoast SEO Premium plugin. -->","yoast_head_json":{"title":"2 Schl\u00e4uche Glas Hookah Pfeife Gro\u00dfhandel - Global Hookah","robots":{"index":"index","follow":"follow","max-snippet":"max-snippet:-1","max-image-preview":"max-image-preview:large","max-video-preview":"max-video-preview:-1"},"canonical":"https:\/\/global-hookah.com\/de\/produkt\/2-hoses-glass-hookah-pipe-wholesale\/","og_locale":"de_DE","og_type":"article","og_title":"2 Hoses Glass Hookah Pipe Wholesale","og_description":"This 2 Hoses Glass Hookah Pipe is 21.65 inches tall, its compact size makes it highly portable &#8211; you can","og_url":"https:\/\/global-hookah.com\/de\/produkt\/2-hoses-glass-hookah-pipe-wholesale\/","og_site_name":"Global Hookah","article_modified_time":"2024-01-12T07:49:38+00:00","og_image":[{"width":1200,"height":1200,"url":"https:\/\/global-hookah.com\/wp-content\/uploads\/2023\/05\/New-2-Hoses-Glass-Hookah-Pipa-Narguile-Completo-Shisha-Pipe-Chicha-Cachimba-Middle-Size-Sisha-Smoking.jpg","type":"image\/jpeg"}],"twitter_card":"summary_large_image","twitter_misc":{"Gesch\u00e4tzte Lesezeit":"3\u00a0Minuten"},"schema":{"@context":"https:\/\/schema.org","@graph":[{"@type":"WebPage","@id":"https:\/\/global-hookah.com\/product\/2-hoses-glass-hookah-pipe-wholesale\/","url":"https:\/\/global-hookah.com\/product\/2-hoses-glass-hookah-pipe-wholesale\/","name":"2 Schl\u00e4uche Glas Hookah Pfeife Gro\u00dfhandel - Global Hookah","isPartOf":{"@id":"https:\/\/global-hookah.com\/#website"},"primaryImageOfPage":{"@id":"https:\/\/global-hookah.com\/product\/2-hoses-glass-hookah-pipe-wholesale\/#primaryimage"},"image":{"@id":"https:\/\/global-hookah.com\/product\/2-hoses-glass-hookah-pipe-wholesale\/#primaryimage"},"thumbnailUrl":"https:\/\/global-hookah.com\/wp-content\/uploads\/2023\/05\/New-2-Hoses-Glass-Hookah-Pipa-Narguile-Completo-Shisha-Pipe-Chicha-Cachimba-Middle-Size-Sisha-Smoking.jpg","datePublished":"2023-05-18T01:19:45+00:00","dateModified":"2024-01-12T07:49:38+00:00","breadcrumb":{"@id":"https:\/\/global-hookah.com\/product\/2-hoses-glass-hookah-pipe-wholesale\/#breadcrumb"},"inLanguage":"de","potentialAction":[{"@type":"ReadAction","target":["https:\/\/global-hookah.com\/product\/2-hoses-glass-hookah-pipe-wholesale\/"]}]},{"@type":"ImageObject","inLanguage":"de","@id":"https:\/\/global-hookah.com\/product\/2-hoses-glass-hookah-pipe-wholesale\/#primaryimage","url":"https:\/\/global-hookah.com\/wp-content\/uploads\/2023\/05\/New-2-Hoses-Glass-Hookah-Pipa-Narguile-Completo-Shisha-Pipe-Chicha-Cachimba-Middle-Size-Sisha-Smoking.jpg","contentUrl":"https:\/\/global-hookah.com\/wp-content\/uploads\/2023\/05\/New-2-Hoses-Glass-Hookah-Pipa-Narguile-Completo-Shisha-Pipe-Chicha-Cachimba-Middle-Size-Sisha-Smoking.jpg","width":1200,"height":1200,"caption":"2 Hoses Glass Hookah Pipe Wholesale"},{"@type":"BreadcrumbList","@id":"https:\/\/global-hookah.com\/product\/2-hoses-glass-hookah-pipe-wholesale\/#breadcrumb","itemListElement":[{"@type":"ListItem","position":1,"name":"Home","item":"https:\/\/global-hookah.com\/"},{"@type":"ListItem","position":2,"name":"Shop","item":"https:\/\/global-hookah.com\/shop\/"},{"@type":"ListItem","position":3,"name":"2 Hoses Glass Hookah Pipe Wholesale"}]},{"@type":"WebSite","@id":"https:\/\/global-hookah.com\/#website","url":"https:\/\/global-hookah.com\/","name":"Globale Wasserpfeife","description":"Globale Wasserpfeife","publisher":{"@id":"https:\/\/global-hookah.com\/#organization"},"potentialAction":[{"@type":"SearchAction","target":{"@type":"EntryPoint","urlTemplate":"https:\/\/global-hookah.com\/?s={search_term_string}"},"query-input":{"@type":"PropertyValueSpecification","valueRequired":true,"valueName":"search_term_string"}}],"inLanguage":"de"},{"@type":"Organization","@id":"https:\/\/global-hookah.com\/#organization","name":"Globale Wasserpfeife","url":"https:\/\/global-hookah.com\/","logo":{"@type":"ImageObject","inLanguage":"de","@id":"https:\/\/global-hookah.com\/#\/schema\/logo\/image\/","url":"https:\/\/global-hookah.com\/wp-content\/uploads\/2021\/10\/cropped-fgg.png","contentUrl":"https:\/\/global-hookah.com\/wp-content\/uploads\/2021\/10\/cropped-fgg.png","width":512,"height":512,"caption":"Global Hookah"},"image":{"@id":"https:\/\/global-hookah.com\/#\/schema\/logo\/image\/"}}]}},"_links":{"self":[{"href":"https:\/\/global-hookah.com\/de\/wp-json\/wp\/v2\/product\/11694","targetHints":{"allow":["GET"]}}],"collection":[{"href":"https:\/\/global-hookah.com\/de\/wp-json\/wp\/v2\/product"}],"about":[{"href":"https:\/\/global-hookah.com\/de\/wp-json\/wp\/v2\/types\/product"}],"replies":[{"embeddable":true,"href":"https:\/\/global-hookah.com\/de\/wp-json\/wp\/v2\/comments?post=11694"}],"version-history":[{"count":0,"href":"https:\/\/global-hookah.com\/de\/wp-json\/wp\/v2\/product\/11694\/revisions"}],"wp:featuredmedia":[{"embeddable":true,"href":"https:\/\/global-hookah.com\/de\/wp-json\/wp\/v2\/media\/11695"}],"wp:attachment":[{"href":"https:\/\/global-hookah.com\/de\/wp-json\/wp\/v2\/media?parent=11694"}],"wp:term":[{"taxonomy":"product_brand","embeddable":true,"href":"https:\/\/global-hookah.com\/de\/wp-json\/wp\/v2\/product_brand?post=11694"},{"taxonomy":"product_cat","embeddable":true,"href":"https:\/\/global-hookah.com\/de\/wp-json\/wp\/v2\/product_cat?post=11694"},{"taxonomy":"product_tag","embeddable":true,"href":"https:\/\/global-hookah.com\/de\/wp-json\/wp\/v2\/product_tag?post=11694"}],"curies":[{"name":"wp","href":"https:\/\/api.w.org\/{rel}","templated":true}]}}