{"id":11709,"date":"2023-05-18T01:21:51","date_gmt":"2023-05-18T01:21:51","guid":{"rendered":"https:\/\/global-hookah.com\/product\/21-4-hose-hookah-set-wholesale\/"},"modified":"2024-07-10T08:55:17","modified_gmt":"2024-07-10T08:55:17","slug":"21-4-hose-hookah-set-wholesale","status":"publish","type":"product","link":"https:\/\/global-hookah.com\/de\/produkt\/21-4-hose-hookah-set-wholesale\/","title":{"rendered":"21\u2033 4 Schlauch Hookah Set Gro\u00dfhandel"},"content":{"rendered":"<p>Die <strong>4 Schlauch Hookah Set<\/strong> zeichnet sich durch seine geschmackvolle und einzigartige Trompetenform aus. Die Sanduhrform hat einen l\u00e4ngeren, schmaleren Hals, der sich in eine gr\u00f6\u00dfere Basis verj\u00fcngt. Diese trompetenartige Form sieht nicht nur sch\u00f6n aus, sie verbessert auch den Luftstrom und das Raucherlebnis<\/p>\n<p>Der schlanke Metallstiel und der Schlauch sind aus hochwertigem, poliertem Metall gefertigt und verleihen ein modernes, hochwertiges Aussehen und Gef\u00fchl<\/p>\n<p>Mit seinen \u00fcberragenden 40 Zoll H\u00f6he ist der <strong>4 Schlauch Hookah Set<\/strong> hat einen weit ge\u00f6ffneten Zug, der einen gro\u00dfen Rauchaussto\u00df erm\u00f6glicht. Sein auff\u00e4lliges Aussehen und seine Gr\u00f6\u00dfe machen ihn zu einem Blickfang, der die Aufmerksamkeit auf Partys lenkt.<\/p>\n<p>Diese <strong>4-Schlauch-Hookah-Set<\/strong> kann mehrere lange Schl\u00e4uche aufnehmen und erf\u00fcllt damit die Bed\u00fcrfnisse gro\u00dfer Versammlungen, bei denen Menschen gemeinsam eine Wasserpfeife rauchen m\u00f6chten. Die enorme Gr\u00f6\u00dfe ist ideal, wenn Sie h\u00e4ufig Partys veranstalten oder lange Rauchsitzungen genie\u00dfen.<\/p>\n<p>Unsere Wasserpfeifenflaschen k\u00f6nnen in gro\u00dfen Mengen gekauft werden, um den Bedarf von H\u00e4ndlern oder Wasserpfeifenbars zu decken. Wir k\u00f6nnen unseren Kunden auch den Druck von Logos oder die individuelle Gestaltung von Verpackungen f\u00fcr Wasserpfeifen anbieten. Wenn Sie auf der Suche nach einer <a href=\"https:\/\/global-hookah.com\/\">Website f\u00fcr den Gro\u00dfhandel mit Wasserpfeifen<\/a>werden wir Ihre beste Wahl sein.<\/p>\n<div id=\"offer-template-0\"><img decoding=\"async\" src=\"https:\/\/ae03.alicdn.com\/kf\/S052cd70bfe5b438a9829ed97fd671dcdf.jpg\" \/><img decoding=\"async\" src=\"https:\/\/ae03.alicdn.com\/kf\/Sc23a5a81bc5448c4b47f337bcc5183219.jpg\" \/><img decoding=\"async\" src=\"https:\/\/ae03.alicdn.com\/kf\/S01db8504b41842b284e4e257edb3e4a49.jpg\" \/><img decoding=\"async\" src=\"https:\/\/ae03.alicdn.com\/kf\/Sdde9b335a5594932a7981832bb1fb7dcA.jpg\" \/><img decoding=\"async\" src=\"https:\/\/ae03.alicdn.com\/kf\/Sdd6d21e9bd8644aaa516e87d90b472c2f.jpg\" \/><img decoding=\"async\" src=\"https:\/\/ae01.alicdn.com\/kf\/S3793f169d8264114879d0bfa05872fa7m.jpg?width=790&amp;height=765&amp;hash=1555\" \/><img decoding=\"async\" src=\"https:\/\/ae03.alicdn.com\/kf\/Sa4d3e5e0e63b4a3c99711a3ce9d05df60.jpg\" \/><\/div>","protected":false},"excerpt":{"rendered":"<p>Das 4-Schlauch-Hookah-Set zeichnet sich durch seine geschmackvolle und einzigartige Trompetenform aus. Die Sanduhrform hat eine l\u00e4ngere,<\/p>","protected":false},"featured_media":11710,"comment_status":"open","ping_status":"closed","template":"","meta":{"iawp_total_views":25,"_joinchat":[]},"product_brand":[],"product_cat":[560,119],"product_tag":[],"class_list":{"0":"post-11709","1":"product","2":"type-product","3":"status-publish","4":"has-post-thumbnail","6":"product_cat-glass-hookah-wholesale","7":"product_cat-wholesale-hookah","9":"first","10":"instock","11":"shipping-taxable","12":"purchasable","13":"product-type-variable"},"yoast_head":"<!-- This site is optimized with the Yoast SEO Premium plugin v24.7 (Yoast SEO v26.8) - https:\/\/yoast.com\/product\/yoast-seo-premium-wordpress\/ -->\n<title>21&quot; 4 Hose Hookah Set Wholesale - Global Hookah<\/title>\n<meta name=\"robots\" content=\"index, follow, max-snippet:-1, max-image-preview:large, max-video-preview:-1\" \/>\n<link rel=\"canonical\" href=\"https:\/\/global-hookah.com\/de\/pt\/produto\/21-4-hose-hookah-set-wholesale\/\" \/>\n<meta property=\"og:locale\" content=\"de_DE\" \/>\n<meta property=\"og:type\" content=\"article\" \/>\n<meta property=\"og:title\" content=\"21&quot; 4 Hose Hookah Set Wholesale\" \/>\n<meta property=\"og:description\" content=\"The 4 Hose Hookah Set is distinguished by its tasteful and unique trumpet shape. The hourglass shape has a longer,\" \/>\n<meta property=\"og:url\" content=\"https:\/\/global-hookah.com\/de\/pt\/produto\/21-4-hose-hookah-set-wholesale\/\" \/>\n<meta property=\"og:site_name\" content=\"Global Hookah\" \/>\n<meta property=\"article:modified_time\" content=\"2024-07-10T08:55:17+00:00\" \/>\n<meta property=\"og:image\" content=\"https:\/\/global-hookah.com\/wp-content\/uploads\/2023\/05\/21-4-Hose-Hookah-Set-Shisha-Complete-Set-Portable-Glass-Hookah-Shisha-Set-For-Party-Better.jpg\" \/>\n\t<meta property=\"og:image:width\" content=\"1500\" \/>\n\t<meta property=\"og:image:height\" content=\"1500\" \/>\n\t<meta property=\"og:image:type\" content=\"image\/jpeg\" \/>\n<meta name=\"twitter:card\" content=\"summary_large_image\" \/>\n<meta name=\"twitter:label1\" content=\"Gesch\u00e4tzte Lesezeit\" \/>\n\t<meta name=\"twitter:data1\" content=\"3\u00a0Minuten\" \/>\n<script type=\"application\/ld+json\" class=\"yoast-schema-graph\">{\"@context\":\"https:\/\/schema.org\",\"@graph\":[{\"@type\":\"WebPage\",\"@id\":\"https:\/\/global-hookah.com\/pt\/produto\/21-4-hose-hookah-set-wholesale\/\",\"url\":\"https:\/\/global-hookah.com\/pt\/produto\/21-4-hose-hookah-set-wholesale\/\",\"name\":\"21\\\" 4 Hose Hookah Set Wholesale - Global Hookah\",\"isPartOf\":{\"@id\":\"https:\/\/global-hookah.com\/#website\"},\"primaryImageOfPage\":{\"@id\":\"https:\/\/global-hookah.com\/pt\/produto\/21-4-hose-hookah-set-wholesale\/#primaryimage\"},\"image\":{\"@id\":\"https:\/\/global-hookah.com\/pt\/produto\/21-4-hose-hookah-set-wholesale\/#primaryimage\"},\"thumbnailUrl\":\"https:\/\/global-hookah.com\/wp-content\/uploads\/2023\/05\/21-4-Hose-Hookah-Set-Shisha-Complete-Set-Portable-Glass-Hookah-Shisha-Set-For-Party-Better.jpg\",\"datePublished\":\"2023-05-18T01:21:51+00:00\",\"dateModified\":\"2024-07-10T08:55:17+00:00\",\"breadcrumb\":{\"@id\":\"https:\/\/global-hookah.com\/pt\/produto\/21-4-hose-hookah-set-wholesale\/#breadcrumb\"},\"inLanguage\":\"de\",\"potentialAction\":[{\"@type\":\"ReadAction\",\"target\":[\"https:\/\/global-hookah.com\/pt\/produto\/21-4-hose-hookah-set-wholesale\/\"]}]},{\"@type\":\"ImageObject\",\"inLanguage\":\"de\",\"@id\":\"https:\/\/global-hookah.com\/pt\/produto\/21-4-hose-hookah-set-wholesale\/#primaryimage\",\"url\":\"https:\/\/global-hookah.com\/wp-content\/uploads\/2023\/05\/21-4-Hose-Hookah-Set-Shisha-Complete-Set-Portable-Glass-Hookah-Shisha-Set-For-Party-Better.jpg\",\"contentUrl\":\"https:\/\/global-hookah.com\/wp-content\/uploads\/2023\/05\/21-4-Hose-Hookah-Set-Shisha-Complete-Set-Portable-Glass-Hookah-Shisha-Set-For-Party-Better.jpg\",\"width\":1500,\"height\":1500,\"caption\":\"4 Hose Hookah Set Wholesale\"},{\"@type\":\"BreadcrumbList\",\"@id\":\"https:\/\/global-hookah.com\/pt\/produto\/21-4-hose-hookah-set-wholesale\/#breadcrumb\",\"itemListElement\":[{\"@type\":\"ListItem\",\"position\":1,\"name\":\"Home\",\"item\":\"https:\/\/global-hookah.com\/\"},{\"@type\":\"ListItem\",\"position\":2,\"name\":\"Shop\",\"item\":\"https:\/\/global-hookah.com\/shop\/\"},{\"@type\":\"ListItem\",\"position\":3,\"name\":\"21&#8243; 4 Hose Hookah Set Wholesale\"}]},{\"@type\":\"WebSite\",\"@id\":\"https:\/\/global-hookah.com\/#website\",\"url\":\"https:\/\/global-hookah.com\/\",\"name\":\"Global Hookah\",\"description\":\"Global Hookah\",\"publisher\":{\"@id\":\"https:\/\/global-hookah.com\/#organization\"},\"potentialAction\":[{\"@type\":\"SearchAction\",\"target\":{\"@type\":\"EntryPoint\",\"urlTemplate\":\"https:\/\/global-hookah.com\/?s={search_term_string}\"},\"query-input\":{\"@type\":\"PropertyValueSpecification\",\"valueRequired\":true,\"valueName\":\"search_term_string\"}}],\"inLanguage\":\"de\"},{\"@type\":\"Organization\",\"@id\":\"https:\/\/global-hookah.com\/#organization\",\"name\":\"Global Hookah\",\"url\":\"https:\/\/global-hookah.com\/\",\"logo\":{\"@type\":\"ImageObject\",\"inLanguage\":\"de\",\"@id\":\"https:\/\/global-hookah.com\/#\/schema\/logo\/image\/\",\"url\":\"https:\/\/global-hookah.com\/wp-content\/uploads\/2021\/10\/cropped-fgg.png\",\"contentUrl\":\"https:\/\/global-hookah.com\/wp-content\/uploads\/2021\/10\/cropped-fgg.png\",\"width\":512,\"height\":512,\"caption\":\"Global Hookah\"},\"image\":{\"@id\":\"https:\/\/global-hookah.com\/#\/schema\/logo\/image\/\"}}]}<\/script>\n<!-- \/ Yoast SEO Premium plugin. -->","yoast_head_json":{"title":"21\" 4 Schlauch Hookah Set Gro\u00dfhandel - Global Hookah","robots":{"index":"index","follow":"follow","max-snippet":"max-snippet:-1","max-image-preview":"max-image-preview:large","max-video-preview":"max-video-preview:-1"},"canonical":"https:\/\/global-hookah.com\/de\/pt\/produto\/21-4-hose-hookah-set-wholesale\/","og_locale":"de_DE","og_type":"article","og_title":"21\" 4 Hose Hookah Set Wholesale","og_description":"The 4 Hose Hookah Set is distinguished by its tasteful and unique trumpet shape. The hourglass shape has a longer,","og_url":"https:\/\/global-hookah.com\/de\/pt\/produto\/21-4-hose-hookah-set-wholesale\/","og_site_name":"Global Hookah","article_modified_time":"2024-07-10T08:55:17+00:00","og_image":[{"width":1500,"height":1500,"url":"https:\/\/global-hookah.com\/wp-content\/uploads\/2023\/05\/21-4-Hose-Hookah-Set-Shisha-Complete-Set-Portable-Glass-Hookah-Shisha-Set-For-Party-Better.jpg","type":"image\/jpeg"}],"twitter_card":"summary_large_image","twitter_misc":{"Gesch\u00e4tzte Lesezeit":"3\u00a0Minuten"},"schema":{"@context":"https:\/\/schema.org","@graph":[{"@type":"WebPage","@id":"https:\/\/global-hookah.com\/pt\/produto\/21-4-hose-hookah-set-wholesale\/","url":"https:\/\/global-hookah.com\/pt\/produto\/21-4-hose-hookah-set-wholesale\/","name":"21\" 4 Schlauch Hookah Set Gro\u00dfhandel - Global Hookah","isPartOf":{"@id":"https:\/\/global-hookah.com\/#website"},"primaryImageOfPage":{"@id":"https:\/\/global-hookah.com\/pt\/produto\/21-4-hose-hookah-set-wholesale\/#primaryimage"},"image":{"@id":"https:\/\/global-hookah.com\/pt\/produto\/21-4-hose-hookah-set-wholesale\/#primaryimage"},"thumbnailUrl":"https:\/\/global-hookah.com\/wp-content\/uploads\/2023\/05\/21-4-Hose-Hookah-Set-Shisha-Complete-Set-Portable-Glass-Hookah-Shisha-Set-For-Party-Better.jpg","datePublished":"2023-05-18T01:21:51+00:00","dateModified":"2024-07-10T08:55:17+00:00","breadcrumb":{"@id":"https:\/\/global-hookah.com\/pt\/produto\/21-4-hose-hookah-set-wholesale\/#breadcrumb"},"inLanguage":"de","potentialAction":[{"@type":"ReadAction","target":["https:\/\/global-hookah.com\/pt\/produto\/21-4-hose-hookah-set-wholesale\/"]}]},{"@type":"ImageObject","inLanguage":"de","@id":"https:\/\/global-hookah.com\/pt\/produto\/21-4-hose-hookah-set-wholesale\/#primaryimage","url":"https:\/\/global-hookah.com\/wp-content\/uploads\/2023\/05\/21-4-Hose-Hookah-Set-Shisha-Complete-Set-Portable-Glass-Hookah-Shisha-Set-For-Party-Better.jpg","contentUrl":"https:\/\/global-hookah.com\/wp-content\/uploads\/2023\/05\/21-4-Hose-Hookah-Set-Shisha-Complete-Set-Portable-Glass-Hookah-Shisha-Set-For-Party-Better.jpg","width":1500,"height":1500,"caption":"4 Hose Hookah Set Wholesale"},{"@type":"BreadcrumbList","@id":"https:\/\/global-hookah.com\/pt\/produto\/21-4-hose-hookah-set-wholesale\/#breadcrumb","itemListElement":[{"@type":"ListItem","position":1,"name":"Home","item":"https:\/\/global-hookah.com\/"},{"@type":"ListItem","position":2,"name":"Shop","item":"https:\/\/global-hookah.com\/shop\/"},{"@type":"ListItem","position":3,"name":"21&#8243; 4 Hose Hookah Set Wholesale"}]},{"@type":"WebSite","@id":"https:\/\/global-hookah.com\/#website","url":"https:\/\/global-hookah.com\/","name":"Globale Wasserpfeife","description":"Globale Wasserpfeife","publisher":{"@id":"https:\/\/global-hookah.com\/#organization"},"potentialAction":[{"@type":"SearchAction","target":{"@type":"EntryPoint","urlTemplate":"https:\/\/global-hookah.com\/?s={search_term_string}"},"query-input":{"@type":"PropertyValueSpecification","valueRequired":true,"valueName":"search_term_string"}}],"inLanguage":"de"},{"@type":"Organization","@id":"https:\/\/global-hookah.com\/#organization","name":"Globale Wasserpfeife","url":"https:\/\/global-hookah.com\/","logo":{"@type":"ImageObject","inLanguage":"de","@id":"https:\/\/global-hookah.com\/#\/schema\/logo\/image\/","url":"https:\/\/global-hookah.com\/wp-content\/uploads\/2021\/10\/cropped-fgg.png","contentUrl":"https:\/\/global-hookah.com\/wp-content\/uploads\/2021\/10\/cropped-fgg.png","width":512,"height":512,"caption":"Global Hookah"},"image":{"@id":"https:\/\/global-hookah.com\/#\/schema\/logo\/image\/"}}]}},"_links":{"self":[{"href":"https:\/\/global-hookah.com\/de\/wp-json\/wp\/v2\/product\/11709","targetHints":{"allow":["GET"]}}],"collection":[{"href":"https:\/\/global-hookah.com\/de\/wp-json\/wp\/v2\/product"}],"about":[{"href":"https:\/\/global-hookah.com\/de\/wp-json\/wp\/v2\/types\/product"}],"replies":[{"embeddable":true,"href":"https:\/\/global-hookah.com\/de\/wp-json\/wp\/v2\/comments?post=11709"}],"version-history":[{"count":0,"href":"https:\/\/global-hookah.com\/de\/wp-json\/wp\/v2\/product\/11709\/revisions"}],"wp:featuredmedia":[{"embeddable":true,"href":"https:\/\/global-hookah.com\/de\/wp-json\/wp\/v2\/media\/11710"}],"wp:attachment":[{"href":"https:\/\/global-hookah.com\/de\/wp-json\/wp\/v2\/media?parent=11709"}],"wp:term":[{"taxonomy":"product_brand","embeddable":true,"href":"https:\/\/global-hookah.com\/de\/wp-json\/wp\/v2\/product_brand?post=11709"},{"taxonomy":"product_cat","embeddable":true,"href":"https:\/\/global-hookah.com\/de\/wp-json\/wp\/v2\/product_cat?post=11709"},{"taxonomy":"product_tag","embeddable":true,"href":"https:\/\/global-hookah.com\/de\/wp-json\/wp\/v2\/product_tag?post=11709"}],"curies":[{"name":"wp","href":"https:\/\/api.w.org\/{rel}","templated":true}]}}