{"id":11737,"date":"2023-05-18T01:25:18","date_gmt":"2023-05-18T01:25:18","guid":{"rendered":"https:\/\/global-hookah.com\/product\/black-small-arabic-hookah-wholesale\/"},"modified":"2024-01-12T07:49:37","modified_gmt":"2024-01-12T07:49:37","slug":"black-small-arabic-hookah-wholesale","status":"publish","type":"product","link":"https:\/\/global-hookah.com\/de\/produkt\/black-small-arabic-hookah-wholesale\/","title":{"rendered":"Schwarz Kleine Arabische Wasserpfeife Gro\u00dfhandel"},"content":{"rendered":"<p>&nbsp;<\/p>\n<div class=\"product-specs-list-container\">\n<ul class=\"product-specs-list util-clearfix\">\n<li class=\"product-prop line-limit-length\">Die ideale tragbare Wasserpfeife f\u00fcr Sie ist die Black Small Arabic Hookah! Diese mundgeblasene kleine Wasserpfeife hat ein modernes Aussehen, das Ihre Wasserpfeifensammlung noch interessanter macht, und verf\u00fcgt \u00fcber ein extra langes Mundst\u00fcck f\u00fcr komfortable Rauchsitzungen! Es ist auch sehr bequem, diese Wasserpfeife zu teilen. <a href=\"https:\/\/global-hookah.com\/\">Wasserpfeife<\/a> mit Freunden, vor allem, wenn G\u00e4ste kommen, k\u00f6nnen Sie es herausnehmen, um Ihre Pers\u00f6nlichkeit und Geschmack zu zeigen, die Sie eine ganze der Fokus des Feldes machen wird, ist das nicht aufregend?Die Black Small Arabic Hookah verf\u00fcgt \u00fcber eine insgesamt schlanke schwarze Design, aus hochwertigem Glas gefertigt. Und mit einer passenden schwarzen Tasche, Das leichte Design sorgt daf\u00fcr, dass Sie es m\u00fchelos zu tragen, wohin Sie gehen, so dass Sie Ihre Lieblings-Aromen jederzeit und \u00fcberall genie\u00dfen k\u00f6nnen. Wenn Sie<strong> Gro\u00dfhandel diese Black Small Arabic Hookah<\/strong> Jetzt verschenken wir auch einen Wasserpfeifenschlauch, eine Zange, eine Sch\u00fcssel und anderes Zubeh\u00f6r<\/li>\n<\/ul>\n<\/div>\n<div class=\"detailmodule_html\">\n<div class=\"detail-desc-decorate-richtext\">\n<div id=\"offer-template-0\">\n<p><img fetchpriority=\"high\" decoding=\"async\" src=\"https:\/\/ae01.alicdn.com\/kf\/Sbb72215ae40e40c0af8accb602efce50R.jpg?width=1000&amp;height=1000&amp;hash=2000\" width=\"790\" height=\"790\" \/><\/p>\n<p><img decoding=\"async\" src=\"https:\/\/ae01.alicdn.com\/kf\/Sdfb268fa7e324d889c78cddf5bf167dbY.jpg?width=1000&amp;height=1000&amp;hash=2000\" width=\"790\" height=\"790\" \/><\/p>\n<p><img decoding=\"async\" src=\"https:\/\/ae03.alicdn.com\/kf\/S0c080ce5f6d4410d9f8a0c39ba538d90I.jpg\" width=\"790\" height=\"790\" \/><\/p>\n<p><img loading=\"lazy\" decoding=\"async\" src=\"https:\/\/ae03.alicdn.com\/kf\/S40cde52759554e2293b545a5eb5136bcN.jpg\" width=\"790\" height=\"790\" \/><\/p>\n<p><img loading=\"lazy\" decoding=\"async\" src=\"https:\/\/ae03.alicdn.com\/kf\/Sd15bb62e78c44df8b221ea9cacc473cfa.jpg\" width=\"790\" height=\"790\" \/><\/p>\n<p><img loading=\"lazy\" decoding=\"async\" src=\"https:\/\/ae03.alicdn.com\/kf\/S04ebd9d2c9a84245abb0a3f0fa137d70p.jpg\" width=\"790\" height=\"790\" \/><\/p>\n<p><img loading=\"lazy\" decoding=\"async\" src=\"https:\/\/ae03.alicdn.com\/kf\/S16520d0328ac4b55b0829d430db93fb4m.jpg\" width=\"790\" height=\"790\" \/><\/p>\n<p><img loading=\"lazy\" decoding=\"async\" src=\"https:\/\/ae03.alicdn.com\/kf\/S64f36be0ebaa47ba9b8e9f07586698dfJ.jpg\" width=\"790\" height=\"790\" \/><\/p>\n<p><img loading=\"lazy\" decoding=\"async\" src=\"https:\/\/ae01.alicdn.com\/kf\/S5731e3092b9947e5acfc2a911034e71bK.jpg?width=1000&amp;height=1000&amp;hash=2000\" width=\"790\" height=\"790\" \/><\/p>\n<\/div>\n<\/div>\n<\/div>\n<p>&nbsp;<\/p>","protected":false},"excerpt":{"rendered":"<p>Stil: einfach und modisch<br \/>\nKann Anpassungen unterst\u00fctzen<br \/>\nGro\u00dfhandel kann unterst\u00fctzt werden<br \/>\nKundenspezifisches Logo (Mindestbestellmenge 20 St\u00fcck)<br \/>\nWenn Sie <a class=\"wpil_keyword_link\" href=\"https:\/\/global-hookah.com\/product-category\/hookahs\/wholesale-hookah\/\"   title=\"Gro\u00dfhandel Wasserpfeife\" data-wpil-keyword-link=\"linked\">Gro\u00dfhandel Wasserpfeife<\/a>Bitte kontaktieren Sie uns per WhatsApp oder E-Mail, und wir werden Sie mit dem Gro\u00dfhandelspreis, unsere E-Mail ist (muxiangpipe5@gmail.com)<\/p>","protected":false},"featured_media":11738,"comment_status":"open","ping_status":"closed","template":"","meta":{"iawp_total_views":4,"_joinchat":[]},"product_brand":[],"product_cat":[560,559,119],"product_tag":[],"class_list":{"0":"post-11737","1":"product","2":"type-product","3":"status-publish","4":"has-post-thumbnail","6":"product_cat-glass-hookah-wholesale","7":"product_cat-portable-hookah-wholesale","8":"product_cat-wholesale-hookah","10":"first","11":"instock","12":"shipping-taxable","13":"product-type-external"},"yoast_head":"<!-- This site is optimized with the Yoast SEO Premium plugin v24.7 (Yoast SEO v26.8) - https:\/\/yoast.com\/product\/yoast-seo-premium-wordpress\/ -->\n<title>Black Small Arabic hookah Wholesale - Global Hookah<\/title>\n<meta name=\"robots\" content=\"index, follow, max-snippet:-1, max-image-preview:large, max-video-preview:-1\" \/>\n<link rel=\"canonical\" href=\"https:\/\/global-hookah.com\/de\/produkt\/black-small-arabic-hookah-wholesale\/\" \/>\n<meta property=\"og:locale\" content=\"de_DE\" \/>\n<meta property=\"og:type\" content=\"article\" \/>\n<meta property=\"og:title\" content=\"Black Small Arabic hookah Wholesale\" \/>\n<meta property=\"og:description\" content=\"Style: simple and fashionable Can Support Customization Wholesale Can Be Supported Customized logo(Min. order 20 pieces) If you need wholesale hookah, please contact us by WhatsApp or email, and we will provide you with the wholesale price, our email is (muxiangpipe5@gmail.com)\" \/>\n<meta property=\"og:url\" content=\"https:\/\/global-hookah.com\/de\/produkt\/black-small-arabic-hookah-wholesale\/\" \/>\n<meta property=\"og:site_name\" content=\"Global Hookah\" \/>\n<meta property=\"article:modified_time\" content=\"2024-01-12T07:49:37+00:00\" \/>\n<meta property=\"og:image\" content=\"https:\/\/global-hookah.com\/wp-content\/uploads\/2023\/05\/Water-smoker-set-Small-Arabic-hookah-Iron-hookah-accessories-Acrylic-hookah-set.jpg\" \/>\n\t<meta property=\"og:image:width\" content=\"1000\" \/>\n\t<meta property=\"og:image:height\" content=\"1000\" \/>\n\t<meta property=\"og:image:type\" content=\"image\/jpeg\" \/>\n<meta name=\"twitter:card\" content=\"summary_large_image\" \/>\n<meta name=\"twitter:label1\" content=\"Gesch\u00e4tzte Lesezeit\" \/>\n\t<meta name=\"twitter:data1\" content=\"3\u00a0Minuten\" \/>\n<script type=\"application\/ld+json\" class=\"yoast-schema-graph\">{\"@context\":\"https:\/\/schema.org\",\"@graph\":[{\"@type\":\"WebPage\",\"@id\":\"https:\/\/global-hookah.com\/product\/black-small-arabic-hookah-wholesale\/\",\"url\":\"https:\/\/global-hookah.com\/product\/black-small-arabic-hookah-wholesale\/\",\"name\":\"Black Small Arabic hookah Wholesale - Global Hookah\",\"isPartOf\":{\"@id\":\"https:\/\/global-hookah.com\/#website\"},\"primaryImageOfPage\":{\"@id\":\"https:\/\/global-hookah.com\/product\/black-small-arabic-hookah-wholesale\/#primaryimage\"},\"image\":{\"@id\":\"https:\/\/global-hookah.com\/product\/black-small-arabic-hookah-wholesale\/#primaryimage\"},\"thumbnailUrl\":\"https:\/\/global-hookah.com\/wp-content\/uploads\/2023\/05\/Water-smoker-set-Small-Arabic-hookah-Iron-hookah-accessories-Acrylic-hookah-set.jpg\",\"datePublished\":\"2023-05-18T01:25:18+00:00\",\"dateModified\":\"2024-01-12T07:49:37+00:00\",\"breadcrumb\":{\"@id\":\"https:\/\/global-hookah.com\/product\/black-small-arabic-hookah-wholesale\/#breadcrumb\"},\"inLanguage\":\"de\",\"potentialAction\":[{\"@type\":\"ReadAction\",\"target\":[\"https:\/\/global-hookah.com\/product\/black-small-arabic-hookah-wholesale\/\"]}]},{\"@type\":\"ImageObject\",\"inLanguage\":\"de\",\"@id\":\"https:\/\/global-hookah.com\/product\/black-small-arabic-hookah-wholesale\/#primaryimage\",\"url\":\"https:\/\/global-hookah.com\/wp-content\/uploads\/2023\/05\/Water-smoker-set-Small-Arabic-hookah-Iron-hookah-accessories-Acrylic-hookah-set.jpg\",\"contentUrl\":\"https:\/\/global-hookah.com\/wp-content\/uploads\/2023\/05\/Water-smoker-set-Small-Arabic-hookah-Iron-hookah-accessories-Acrylic-hookah-set.jpg\",\"width\":1000,\"height\":1000,\"caption\":\"Black Small Arabic hookah Wholesale\"},{\"@type\":\"BreadcrumbList\",\"@id\":\"https:\/\/global-hookah.com\/product\/black-small-arabic-hookah-wholesale\/#breadcrumb\",\"itemListElement\":[{\"@type\":\"ListItem\",\"position\":1,\"name\":\"Home\",\"item\":\"https:\/\/global-hookah.com\/\"},{\"@type\":\"ListItem\",\"position\":2,\"name\":\"Shop\",\"item\":\"https:\/\/global-hookah.com\/shop\/\"},{\"@type\":\"ListItem\",\"position\":3,\"name\":\"Black Small Arabic hookah Wholesale\"}]},{\"@type\":\"WebSite\",\"@id\":\"https:\/\/global-hookah.com\/#website\",\"url\":\"https:\/\/global-hookah.com\/\",\"name\":\"Global Hookah\",\"description\":\"Global Hookah\",\"publisher\":{\"@id\":\"https:\/\/global-hookah.com\/#organization\"},\"potentialAction\":[{\"@type\":\"SearchAction\",\"target\":{\"@type\":\"EntryPoint\",\"urlTemplate\":\"https:\/\/global-hookah.com\/?s={search_term_string}\"},\"query-input\":{\"@type\":\"PropertyValueSpecification\",\"valueRequired\":true,\"valueName\":\"search_term_string\"}}],\"inLanguage\":\"de\"},{\"@type\":\"Organization\",\"@id\":\"https:\/\/global-hookah.com\/#organization\",\"name\":\"Global Hookah\",\"url\":\"https:\/\/global-hookah.com\/\",\"logo\":{\"@type\":\"ImageObject\",\"inLanguage\":\"de\",\"@id\":\"https:\/\/global-hookah.com\/#\/schema\/logo\/image\/\",\"url\":\"https:\/\/global-hookah.com\/wp-content\/uploads\/2021\/10\/cropped-fgg.png\",\"contentUrl\":\"https:\/\/global-hookah.com\/wp-content\/uploads\/2021\/10\/cropped-fgg.png\",\"width\":512,\"height\":512,\"caption\":\"Global Hookah\"},\"image\":{\"@id\":\"https:\/\/global-hookah.com\/#\/schema\/logo\/image\/\"}}]}<\/script>\n<!-- \/ Yoast SEO Premium plugin. -->","yoast_head_json":{"title":"Schwarze kleine arabische Wasserpfeife Gro\u00dfhandel - Global Hookah","robots":{"index":"index","follow":"follow","max-snippet":"max-snippet:-1","max-image-preview":"max-image-preview:large","max-video-preview":"max-video-preview:-1"},"canonical":"https:\/\/global-hookah.com\/de\/produkt\/black-small-arabic-hookah-wholesale\/","og_locale":"de_DE","og_type":"article","og_title":"Black Small Arabic hookah Wholesale","og_description":"Style: simple and fashionable Can Support Customization Wholesale Can Be Supported Customized logo(Min. order 20 pieces) If you need wholesale hookah, please contact us by WhatsApp or email, and we will provide you with the wholesale price, our email is (muxiangpipe5@gmail.com)","og_url":"https:\/\/global-hookah.com\/de\/produkt\/black-small-arabic-hookah-wholesale\/","og_site_name":"Global Hookah","article_modified_time":"2024-01-12T07:49:37+00:00","og_image":[{"width":1000,"height":1000,"url":"https:\/\/global-hookah.com\/wp-content\/uploads\/2023\/05\/Water-smoker-set-Small-Arabic-hookah-Iron-hookah-accessories-Acrylic-hookah-set.jpg","type":"image\/jpeg"}],"twitter_card":"summary_large_image","twitter_misc":{"Gesch\u00e4tzte Lesezeit":"3\u00a0Minuten"},"schema":{"@context":"https:\/\/schema.org","@graph":[{"@type":"WebPage","@id":"https:\/\/global-hookah.com\/product\/black-small-arabic-hookah-wholesale\/","url":"https:\/\/global-hookah.com\/product\/black-small-arabic-hookah-wholesale\/","name":"Schwarze kleine arabische Wasserpfeife Gro\u00dfhandel - Global Hookah","isPartOf":{"@id":"https:\/\/global-hookah.com\/#website"},"primaryImageOfPage":{"@id":"https:\/\/global-hookah.com\/product\/black-small-arabic-hookah-wholesale\/#primaryimage"},"image":{"@id":"https:\/\/global-hookah.com\/product\/black-small-arabic-hookah-wholesale\/#primaryimage"},"thumbnailUrl":"https:\/\/global-hookah.com\/wp-content\/uploads\/2023\/05\/Water-smoker-set-Small-Arabic-hookah-Iron-hookah-accessories-Acrylic-hookah-set.jpg","datePublished":"2023-05-18T01:25:18+00:00","dateModified":"2024-01-12T07:49:37+00:00","breadcrumb":{"@id":"https:\/\/global-hookah.com\/product\/black-small-arabic-hookah-wholesale\/#breadcrumb"},"inLanguage":"de","potentialAction":[{"@type":"ReadAction","target":["https:\/\/global-hookah.com\/product\/black-small-arabic-hookah-wholesale\/"]}]},{"@type":"ImageObject","inLanguage":"de","@id":"https:\/\/global-hookah.com\/product\/black-small-arabic-hookah-wholesale\/#primaryimage","url":"https:\/\/global-hookah.com\/wp-content\/uploads\/2023\/05\/Water-smoker-set-Small-Arabic-hookah-Iron-hookah-accessories-Acrylic-hookah-set.jpg","contentUrl":"https:\/\/global-hookah.com\/wp-content\/uploads\/2023\/05\/Water-smoker-set-Small-Arabic-hookah-Iron-hookah-accessories-Acrylic-hookah-set.jpg","width":1000,"height":1000,"caption":"Black Small Arabic hookah Wholesale"},{"@type":"BreadcrumbList","@id":"https:\/\/global-hookah.com\/product\/black-small-arabic-hookah-wholesale\/#breadcrumb","itemListElement":[{"@type":"ListItem","position":1,"name":"Home","item":"https:\/\/global-hookah.com\/"},{"@type":"ListItem","position":2,"name":"Shop","item":"https:\/\/global-hookah.com\/shop\/"},{"@type":"ListItem","position":3,"name":"Black Small Arabic hookah Wholesale"}]},{"@type":"WebSite","@id":"https:\/\/global-hookah.com\/#website","url":"https:\/\/global-hookah.com\/","name":"Globale Wasserpfeife","description":"Globale Wasserpfeife","publisher":{"@id":"https:\/\/global-hookah.com\/#organization"},"potentialAction":[{"@type":"SearchAction","target":{"@type":"EntryPoint","urlTemplate":"https:\/\/global-hookah.com\/?s={search_term_string}"},"query-input":{"@type":"PropertyValueSpecification","valueRequired":true,"valueName":"search_term_string"}}],"inLanguage":"de"},{"@type":"Organization","@id":"https:\/\/global-hookah.com\/#organization","name":"Globale Wasserpfeife","url":"https:\/\/global-hookah.com\/","logo":{"@type":"ImageObject","inLanguage":"de","@id":"https:\/\/global-hookah.com\/#\/schema\/logo\/image\/","url":"https:\/\/global-hookah.com\/wp-content\/uploads\/2021\/10\/cropped-fgg.png","contentUrl":"https:\/\/global-hookah.com\/wp-content\/uploads\/2021\/10\/cropped-fgg.png","width":512,"height":512,"caption":"Global Hookah"},"image":{"@id":"https:\/\/global-hookah.com\/#\/schema\/logo\/image\/"}}]}},"_links":{"self":[{"href":"https:\/\/global-hookah.com\/de\/wp-json\/wp\/v2\/product\/11737","targetHints":{"allow":["GET"]}}],"collection":[{"href":"https:\/\/global-hookah.com\/de\/wp-json\/wp\/v2\/product"}],"about":[{"href":"https:\/\/global-hookah.com\/de\/wp-json\/wp\/v2\/types\/product"}],"replies":[{"embeddable":true,"href":"https:\/\/global-hookah.com\/de\/wp-json\/wp\/v2\/comments?post=11737"}],"version-history":[{"count":0,"href":"https:\/\/global-hookah.com\/de\/wp-json\/wp\/v2\/product\/11737\/revisions"}],"wp:featuredmedia":[{"embeddable":true,"href":"https:\/\/global-hookah.com\/de\/wp-json\/wp\/v2\/media\/11738"}],"wp:attachment":[{"href":"https:\/\/global-hookah.com\/de\/wp-json\/wp\/v2\/media?parent=11737"}],"wp:term":[{"taxonomy":"product_brand","embeddable":true,"href":"https:\/\/global-hookah.com\/de\/wp-json\/wp\/v2\/product_brand?post=11737"},{"taxonomy":"product_cat","embeddable":true,"href":"https:\/\/global-hookah.com\/de\/wp-json\/wp\/v2\/product_cat?post=11737"},{"taxonomy":"product_tag","embeddable":true,"href":"https:\/\/global-hookah.com\/de\/wp-json\/wp\/v2\/product_tag?post=11737"}],"curies":[{"name":"wp","href":"https:\/\/api.w.org\/{rel}","templated":true}]}}