{"id":11754,"date":"2023-05-18T01:27:01","date_gmt":"2023-05-18T01:27:01","guid":{"rendered":"https:\/\/global-hookah.com\/product\/portable-travel-small-hookah-set-wholesale\/"},"modified":"2024-01-12T07:49:36","modified_gmt":"2024-01-12T07:49:36","slug":"portable-travel-small-hookah-set-wholesale","status":"publish","type":"product","link":"https:\/\/global-hookah.com\/de\/produkt\/portable-travel-small-hookah-set-wholesale\/","title":{"rendered":"Portable Reise kleine Wasserpfeife Set Gro\u00dfhandel"},"content":{"rendered":"<div class=\"product-specs-list-container\"><\/div>\n<p>Sie k\u00f6nnen uns kontaktieren <strong>Gro\u00dfhandel Reise kleine Hookah Set<\/strong>sind wir ein <strong>hochwertige Gro\u00dfh\u00e4ndler f\u00fcr Wasserpfeifen<\/strong>obwohl wir eine gro\u00dfe Vielfalt an <a href=\"https:\/\/global-hookah.com\/product-category\/hookahs\/portable-hookah\/\">Kleine Wasserpfeife<\/a> zur Auswahl, aber das beliebteste ist dieses kleine Reise-Hookah-Set<\/p>\n<p>Diese <strong>Tragbares Reise-Hookah-Set<\/strong> hat ein sch\u00f6nes und modisches Aussehen, das sie wundersch\u00f6n und elegant aussehen l\u00e4sst. Er kann zu Hause oder im B\u00fcro verwendet werden oder \u00fcberallhin mitgenommen werden. Die Eigenschaft, dass es leicht gereinigt werden kann, macht es bequemer als andere Produkte. Mit seiner tragbaren Gr\u00f6\u00dfe, dem gro\u00dfen Fassungsverm\u00f6gen und der hohen Qualit\u00e4t wird dieses tragbare Reise-Hookah-Set sicherlich alle Ihre Bed\u00fcrfnisse erf\u00fcllen! Es ist der perfekte Reisebegleiter f\u00fcr jeden Wasserpfeifen-Liebhaber. Der Hauptgrund, warum es so beliebt ist, ist seine soziale Natur - weil die Leute dazu neigen, zusammen abzuh\u00e4ngen, w\u00e4hrend sie Wasserpfeifen rauchen. Das macht sie tragbar und sehr einfach zu transportieren, und der Schlauch ist sehr lang, perfekt zum Teilen mit allen. Das Mundst\u00fcck hat au\u00dferdem ein ergonomisches Design, das die Benutzung auch nach l\u00e4ngerer Zeit noch bequem macht!<\/p>\n<p>Sie funktionieren, indem sie den Rauch durch Wasser filtern, bevor er den Mund des Rauchers erreicht. Das Wasser k\u00fchlt den Rauch ab und verleiht ihm einen angenehmen Geschmack. Au\u00dferdem filtert es viele sch\u00e4dliche Chemikalien aus dem Tabakrauch, wie Teer, Kohlenmonoxid und Nikotin.<\/p>\n<p>Wenn Sie Ihren reiselustigen Kunden in Ihrem Tabakladen Ihre Lieblings-Hookah anbieten m\u00f6chten, k\u00f6nnen Sie sich f\u00fcr Folgendes entscheiden <strong>Gro\u00dfhandel unser Travel Small Hookah Set<\/strong>. es wird Sie sicher nicht entt\u00e4uschen<\/p>\n<p><span style=\"background-color: #ffffff; font-size: 20px;\"><span style=\"background-color: #ffffff; color: #000000; font-size: 20px;\">Produkt-Parameter <\/span><\/span><\/p>\n<p><span style=\"font-size: 21.3333px;\">Farbe wie in der Abbildung gezeigt 6 Farbe\uff1a<\/span><\/p>\n<p><span style=\"font-size: 21.3333px;\">Einzelne Reisetasche Verpackung, Es enth\u00e4lt auch eine einzelne \u00e4u\u00dfere Box<\/span><\/p>\n<p><span style=\"font-size: 21.3333px;\">H\u00f6he\uff1a 32cm<\/span><\/p>\n<p><span style=\"font-size: 21.3333px;\">Einzelne Box\uff1a 21.5*14.5*18.5cm<\/span><\/p>\n<p>&nbsp;<\/p>\n<p><img decoding=\"async\" src=\"https:\/\/ae01.alicdn.com\/kf\/H9070df7f2d1e44aebcec0dbd7eac34e8K.jpg\" \/><img decoding=\"async\" src=\"https:\/\/ae01.alicdn.com\/kf\/Hf6e43d66a14a4c22b6592df3f26cead5V.jpg\" width=\"790\" height=\"751.9277108433735\" \/><\/p>\n<p><img fetchpriority=\"high\" decoding=\"async\" src=\"https:\/\/ae01.alicdn.com\/kf\/Hd6c4c5c7ddab4f9d93f93f6a47db2c1ej.jpg\" width=\"790\" height=\"790\" \/><\/p>\n<p><img decoding=\"async\" src=\"https:\/\/ae01.alicdn.com\/kf\/H90402afe17db492a82b96d93ed13952ey.jpg\" width=\"790\" height=\"790\" \/><\/p>\n<p><img decoding=\"async\" src=\"https:\/\/ae01.alicdn.com\/kf\/H315bde9e60434ecba937d8aa1f17ccfdj.jpg\" width=\"790\" height=\"790\" \/><\/p>\n<p><img loading=\"lazy\" decoding=\"async\" src=\"https:\/\/ae01.alicdn.com\/kf\/H3cb62003e8574da989cfb61ec652984es.jpg\" width=\"790\" height=\"790\" \/><\/p>\n<p><img loading=\"lazy\" decoding=\"async\" src=\"https:\/\/ae01.alicdn.com\/kf\/H3e12887ec3dc47b4a806d259d05d50a59.jpg\" width=\"790\" height=\"790\" \/><\/p>\n<p><img loading=\"lazy\" decoding=\"async\" src=\"https:\/\/ae01.alicdn.com\/kf\/H9d14cdd12a7841ef95696f4e61d749a6M.jpg\" width=\"790\" height=\"790\" \/><\/p>\n<p><img decoding=\"async\" src=\"https:\/\/ae01.alicdn.com\/kf\/H9070df7f2d1e44aebcec0dbd7eac34e8K.jpg\" \/><\/p>\n<p><span style=\"color: #ffffff;\"><a href=\"https:\/\/global-hookah.com\/product\/silicone-weed-gas-mask-bong\/\">Bongkraut<\/a> \u00a0Pfeife Bongo Unkraut Hookah Kolben vaporizador<\/span><\/p>","protected":false},"excerpt":{"rendered":"<p>Kann Anpassungen unterst\u00fctzen<br \/>\nGro\u00dfhandel kann unterst\u00fctzt werden<br \/>\nKundenspezifisches Logo (Mindestbestellmenge 20 St\u00fcck)<br \/>\nWenn Sie\u00a0<a class=\"wpil_keyword_link\" title=\"Gro\u00dfhandel Wasserpfeife\" href=\"https:\/\/global-hookah.com\/product-category\/hookahs\/wholesale-hookah\/\" data-wpil-keyword-link=\"linked\">Gro\u00dfhandel Wasserpfeife<\/a>Bitte kontaktieren Sie uns per WhatsApp oder E-Mail, und wir werden Sie mit dem Gro\u00dfhandelspreis, unsere E-Mail ist (muxiangpipe5@gmail.com)<\/p>","protected":false},"featured_media":11755,"comment_status":"open","ping_status":"closed","template":"","meta":{"iawp_total_views":3,"_joinchat":[]},"product_brand":[],"product_cat":[559,119],"product_tag":[],"class_list":{"0":"post-11754","1":"product","2":"type-product","3":"status-publish","4":"has-post-thumbnail","6":"product_cat-portable-hookah-wholesale","7":"product_cat-wholesale-hookah","9":"first","10":"instock","11":"shipping-taxable","12":"product-type-external"},"yoast_head":"<!-- This site is optimized with the Yoast SEO Premium plugin v24.7 (Yoast SEO v26.8) - https:\/\/yoast.com\/product\/yoast-seo-premium-wordpress\/ -->\n<title>Portable Travel Small Hookah Set Wholesale - Global Hookah<\/title>\n<meta name=\"robots\" content=\"index, follow, max-snippet:-1, max-image-preview:large, max-video-preview:-1\" \/>\n<link rel=\"canonical\" href=\"https:\/\/global-hookah.com\/de\/pt\/produto\/portable-travel-small-hookah-set-wholesale\/\" \/>\n<meta property=\"og:locale\" content=\"de_DE\" \/>\n<meta property=\"og:type\" content=\"article\" \/>\n<meta property=\"og:title\" content=\"Portable Travel Small Hookah Set Wholesale\" \/>\n<meta property=\"og:description\" content=\"Can Support Customization Wholesale Can Be Supported Customized logo(Min. order 20 pieces) If you need\u00a0wholesale hookah, please contact us by WhatsApp or email, and we will provide you with the wholesale price, our email is (muxiangpipe5@gmail.com)\" \/>\n<meta property=\"og:url\" content=\"https:\/\/global-hookah.com\/de\/pt\/produto\/portable-travel-small-hookah-set-wholesale\/\" \/>\n<meta property=\"og:site_name\" content=\"Global Hookah\" \/>\n<meta property=\"article:modified_time\" content=\"2024-01-12T07:49:36+00:00\" \/>\n<meta property=\"og:image\" content=\"https:\/\/global-hookah.com\/wp-content\/uploads\/2023\/05\/Small-Hookah-Set-With-Portable-Travel-Bag-Tripod-Glass-Shisha-Pot-Silicone-Tube-Smoke-Narguile-Complete.jpg\" \/>\n\t<meta property=\"og:image:width\" content=\"1000\" \/>\n\t<meta property=\"og:image:height\" content=\"1000\" \/>\n\t<meta property=\"og:image:type\" content=\"image\/jpeg\" \/>\n<meta name=\"twitter:card\" content=\"summary_large_image\" \/>\n<meta name=\"twitter:label1\" content=\"Gesch\u00e4tzte Lesezeit\" \/>\n\t<meta name=\"twitter:data1\" content=\"4\u00a0Minuten\" \/>\n<script type=\"application\/ld+json\" class=\"yoast-schema-graph\">{\"@context\":\"https:\/\/schema.org\",\"@graph\":[{\"@type\":\"WebPage\",\"@id\":\"https:\/\/global-hookah.com\/pt\/produto\/portable-travel-small-hookah-set-wholesale\/\",\"url\":\"https:\/\/global-hookah.com\/pt\/produto\/portable-travel-small-hookah-set-wholesale\/\",\"name\":\"Portable Travel Small Hookah Set Wholesale - Global Hookah\",\"isPartOf\":{\"@id\":\"https:\/\/global-hookah.com\/#website\"},\"primaryImageOfPage\":{\"@id\":\"https:\/\/global-hookah.com\/pt\/produto\/portable-travel-small-hookah-set-wholesale\/#primaryimage\"},\"image\":{\"@id\":\"https:\/\/global-hookah.com\/pt\/produto\/portable-travel-small-hookah-set-wholesale\/#primaryimage\"},\"thumbnailUrl\":\"https:\/\/global-hookah.com\/wp-content\/uploads\/2023\/05\/Small-Hookah-Set-With-Portable-Travel-Bag-Tripod-Glass-Shisha-Pot-Silicone-Tube-Smoke-Narguile-Complete.jpg\",\"datePublished\":\"2023-05-18T01:27:01+00:00\",\"dateModified\":\"2024-01-12T07:49:36+00:00\",\"breadcrumb\":{\"@id\":\"https:\/\/global-hookah.com\/pt\/produto\/portable-travel-small-hookah-set-wholesale\/#breadcrumb\"},\"inLanguage\":\"de\",\"potentialAction\":[{\"@type\":\"ReadAction\",\"target\":[\"https:\/\/global-hookah.com\/pt\/produto\/portable-travel-small-hookah-set-wholesale\/\"]}]},{\"@type\":\"ImageObject\",\"inLanguage\":\"de\",\"@id\":\"https:\/\/global-hookah.com\/pt\/produto\/portable-travel-small-hookah-set-wholesale\/#primaryimage\",\"url\":\"https:\/\/global-hookah.com\/wp-content\/uploads\/2023\/05\/Small-Hookah-Set-With-Portable-Travel-Bag-Tripod-Glass-Shisha-Pot-Silicone-Tube-Smoke-Narguile-Complete.jpg\",\"contentUrl\":\"https:\/\/global-hookah.com\/wp-content\/uploads\/2023\/05\/Small-Hookah-Set-With-Portable-Travel-Bag-Tripod-Glass-Shisha-Pot-Silicone-Tube-Smoke-Narguile-Complete.jpg\",\"width\":1000,\"height\":1000,\"caption\":\"Portable Travel Small Hookah Set Wholesale\"},{\"@type\":\"BreadcrumbList\",\"@id\":\"https:\/\/global-hookah.com\/pt\/produto\/portable-travel-small-hookah-set-wholesale\/#breadcrumb\",\"itemListElement\":[{\"@type\":\"ListItem\",\"position\":1,\"name\":\"Home\",\"item\":\"https:\/\/global-hookah.com\/\"},{\"@type\":\"ListItem\",\"position\":2,\"name\":\"Shop\",\"item\":\"https:\/\/global-hookah.com\/shop\/\"},{\"@type\":\"ListItem\",\"position\":3,\"name\":\"Portable Travel Small Hookah Set Wholesale\"}]},{\"@type\":\"WebSite\",\"@id\":\"https:\/\/global-hookah.com\/#website\",\"url\":\"https:\/\/global-hookah.com\/\",\"name\":\"Global Hookah\",\"description\":\"Global Hookah\",\"publisher\":{\"@id\":\"https:\/\/global-hookah.com\/#organization\"},\"potentialAction\":[{\"@type\":\"SearchAction\",\"target\":{\"@type\":\"EntryPoint\",\"urlTemplate\":\"https:\/\/global-hookah.com\/?s={search_term_string}\"},\"query-input\":{\"@type\":\"PropertyValueSpecification\",\"valueRequired\":true,\"valueName\":\"search_term_string\"}}],\"inLanguage\":\"de\"},{\"@type\":\"Organization\",\"@id\":\"https:\/\/global-hookah.com\/#organization\",\"name\":\"Global Hookah\",\"url\":\"https:\/\/global-hookah.com\/\",\"logo\":{\"@type\":\"ImageObject\",\"inLanguage\":\"de\",\"@id\":\"https:\/\/global-hookah.com\/#\/schema\/logo\/image\/\",\"url\":\"https:\/\/global-hookah.com\/wp-content\/uploads\/2021\/10\/cropped-fgg.png\",\"contentUrl\":\"https:\/\/global-hookah.com\/wp-content\/uploads\/2021\/10\/cropped-fgg.png\",\"width\":512,\"height\":512,\"caption\":\"Global Hookah\"},\"image\":{\"@id\":\"https:\/\/global-hookah.com\/#\/schema\/logo\/image\/\"}}]}<\/script>\n<!-- \/ Yoast SEO Premium plugin. -->","yoast_head_json":{"title":"Portable Reise kleine Wasserpfeife Set Gro\u00dfhandel - Global Hookah","robots":{"index":"index","follow":"follow","max-snippet":"max-snippet:-1","max-image-preview":"max-image-preview:large","max-video-preview":"max-video-preview:-1"},"canonical":"https:\/\/global-hookah.com\/de\/pt\/produto\/portable-travel-small-hookah-set-wholesale\/","og_locale":"de_DE","og_type":"article","og_title":"Portable Travel Small Hookah Set Wholesale","og_description":"Can Support Customization Wholesale Can Be Supported Customized logo(Min. order 20 pieces) If you need\u00a0wholesale hookah, please contact us by WhatsApp or email, and we will provide you with the wholesale price, our email is (muxiangpipe5@gmail.com)","og_url":"https:\/\/global-hookah.com\/de\/pt\/produto\/portable-travel-small-hookah-set-wholesale\/","og_site_name":"Global Hookah","article_modified_time":"2024-01-12T07:49:36+00:00","og_image":[{"width":1000,"height":1000,"url":"https:\/\/global-hookah.com\/wp-content\/uploads\/2023\/05\/Small-Hookah-Set-With-Portable-Travel-Bag-Tripod-Glass-Shisha-Pot-Silicone-Tube-Smoke-Narguile-Complete.jpg","type":"image\/jpeg"}],"twitter_card":"summary_large_image","twitter_misc":{"Gesch\u00e4tzte Lesezeit":"4\u00a0Minuten"},"schema":{"@context":"https:\/\/schema.org","@graph":[{"@type":"WebPage","@id":"https:\/\/global-hookah.com\/pt\/produto\/portable-travel-small-hookah-set-wholesale\/","url":"https:\/\/global-hookah.com\/pt\/produto\/portable-travel-small-hookah-set-wholesale\/","name":"Portable Reise kleine Wasserpfeife Set Gro\u00dfhandel - Global Hookah","isPartOf":{"@id":"https:\/\/global-hookah.com\/#website"},"primaryImageOfPage":{"@id":"https:\/\/global-hookah.com\/pt\/produto\/portable-travel-small-hookah-set-wholesale\/#primaryimage"},"image":{"@id":"https:\/\/global-hookah.com\/pt\/produto\/portable-travel-small-hookah-set-wholesale\/#primaryimage"},"thumbnailUrl":"https:\/\/global-hookah.com\/wp-content\/uploads\/2023\/05\/Small-Hookah-Set-With-Portable-Travel-Bag-Tripod-Glass-Shisha-Pot-Silicone-Tube-Smoke-Narguile-Complete.jpg","datePublished":"2023-05-18T01:27:01+00:00","dateModified":"2024-01-12T07:49:36+00:00","breadcrumb":{"@id":"https:\/\/global-hookah.com\/pt\/produto\/portable-travel-small-hookah-set-wholesale\/#breadcrumb"},"inLanguage":"de","potentialAction":[{"@type":"ReadAction","target":["https:\/\/global-hookah.com\/pt\/produto\/portable-travel-small-hookah-set-wholesale\/"]}]},{"@type":"ImageObject","inLanguage":"de","@id":"https:\/\/global-hookah.com\/pt\/produto\/portable-travel-small-hookah-set-wholesale\/#primaryimage","url":"https:\/\/global-hookah.com\/wp-content\/uploads\/2023\/05\/Small-Hookah-Set-With-Portable-Travel-Bag-Tripod-Glass-Shisha-Pot-Silicone-Tube-Smoke-Narguile-Complete.jpg","contentUrl":"https:\/\/global-hookah.com\/wp-content\/uploads\/2023\/05\/Small-Hookah-Set-With-Portable-Travel-Bag-Tripod-Glass-Shisha-Pot-Silicone-Tube-Smoke-Narguile-Complete.jpg","width":1000,"height":1000,"caption":"Portable Travel Small Hookah Set Wholesale"},{"@type":"BreadcrumbList","@id":"https:\/\/global-hookah.com\/pt\/produto\/portable-travel-small-hookah-set-wholesale\/#breadcrumb","itemListElement":[{"@type":"ListItem","position":1,"name":"Home","item":"https:\/\/global-hookah.com\/"},{"@type":"ListItem","position":2,"name":"Shop","item":"https:\/\/global-hookah.com\/shop\/"},{"@type":"ListItem","position":3,"name":"Portable Travel Small Hookah Set Wholesale"}]},{"@type":"WebSite","@id":"https:\/\/global-hookah.com\/#website","url":"https:\/\/global-hookah.com\/","name":"Globale Wasserpfeife","description":"Globale Wasserpfeife","publisher":{"@id":"https:\/\/global-hookah.com\/#organization"},"potentialAction":[{"@type":"SearchAction","target":{"@type":"EntryPoint","urlTemplate":"https:\/\/global-hookah.com\/?s={search_term_string}"},"query-input":{"@type":"PropertyValueSpecification","valueRequired":true,"valueName":"search_term_string"}}],"inLanguage":"de"},{"@type":"Organization","@id":"https:\/\/global-hookah.com\/#organization","name":"Globale Wasserpfeife","url":"https:\/\/global-hookah.com\/","logo":{"@type":"ImageObject","inLanguage":"de","@id":"https:\/\/global-hookah.com\/#\/schema\/logo\/image\/","url":"https:\/\/global-hookah.com\/wp-content\/uploads\/2021\/10\/cropped-fgg.png","contentUrl":"https:\/\/global-hookah.com\/wp-content\/uploads\/2021\/10\/cropped-fgg.png","width":512,"height":512,"caption":"Global Hookah"},"image":{"@id":"https:\/\/global-hookah.com\/#\/schema\/logo\/image\/"}}]}},"_links":{"self":[{"href":"https:\/\/global-hookah.com\/de\/wp-json\/wp\/v2\/product\/11754","targetHints":{"allow":["GET"]}}],"collection":[{"href":"https:\/\/global-hookah.com\/de\/wp-json\/wp\/v2\/product"}],"about":[{"href":"https:\/\/global-hookah.com\/de\/wp-json\/wp\/v2\/types\/product"}],"replies":[{"embeddable":true,"href":"https:\/\/global-hookah.com\/de\/wp-json\/wp\/v2\/comments?post=11754"}],"version-history":[{"count":0,"href":"https:\/\/global-hookah.com\/de\/wp-json\/wp\/v2\/product\/11754\/revisions"}],"wp:featuredmedia":[{"embeddable":true,"href":"https:\/\/global-hookah.com\/de\/wp-json\/wp\/v2\/media\/11755"}],"wp:attachment":[{"href":"https:\/\/global-hookah.com\/de\/wp-json\/wp\/v2\/media?parent=11754"}],"wp:term":[{"taxonomy":"product_brand","embeddable":true,"href":"https:\/\/global-hookah.com\/de\/wp-json\/wp\/v2\/product_brand?post=11754"},{"taxonomy":"product_cat","embeddable":true,"href":"https:\/\/global-hookah.com\/de\/wp-json\/wp\/v2\/product_cat?post=11754"},{"taxonomy":"product_tag","embeddable":true,"href":"https:\/\/global-hookah.com\/de\/wp-json\/wp\/v2\/product_tag?post=11754"}],"curies":[{"name":"wp","href":"https:\/\/api.w.org\/{rel}","templated":true}]}}