{"id":11773,"date":"2023-05-18T01:28:16","date_gmt":"2023-05-18T01:28:16","guid":{"rendered":"https:\/\/global-hookah.com\/product\/aluminum-alloy-hookah-wholesale\/"},"modified":"2024-01-12T03:57:48","modified_gmt":"2024-01-12T03:57:48","slug":"aluminum-alloy-hookah-wholesale","status":"publish","type":"product","link":"https:\/\/global-hookah.com\/de\/produkt\/aluminum-alloy-hookah-wholesale\/","title":{"rendered":"Aluminium-Legierung Hookah Gro\u00dfhandel"},"content":{"rendered":"<div id=\"offer-template-0\">\n<p>Wir sind die <strong>f\u00fchrender Hersteller und Lieferant von Wasserpfeifen aus Aluminiumlegierung hoher Qualit\u00e4t<\/strong>die zum Rauchen verwendet wird. Dieses Produkt wird von unseren Experten mit hochwertigen Aluminiumlegierung, die seine Haltbarkeit gew\u00e4hrleistet konzipiert. Diese<strong> Wasserpfeife aus Aluminiumlegierung<\/strong> hat viele Vorteile im Vergleich zu traditionellen <a href=\"https:\/\/global-hookah.com\/product-category\/hookahs\/glass-hookah\/\">Glas Wasserpfeife<\/a> und Tonpfeife, wie z. B. gute W\u00e4rmed\u00e4mmung, hohe S\u00e4urebest\u00e4ndigkeit und gute Schlagfestigkeit.<\/p>\n<p>Wenn Sie hier nicht finden, was Sie suchen, k\u00f6nnen wir auch <strong>Entwerfen Sie Ihre individuelle Wasserpfeife aus Aluminiumlegierung<\/strong>! Schicken Sie uns einfach Ihr einzigartiges Design per E-Mail, und wir werden Ihnen innerhalb von 24 Stunden ein Angebot und einen voraussichtlichen Zeitrahmen f\u00fcr die Produktion unterbreiten.<\/p>\n<p>Es gibt immer eine oder mehrere Arten von Aluminium-Legierung Wasserpfeife, die Sie am besten passen, weil sie alle auf unserer Website Gro\u00dfhandel sind. Wenn Sie wollen<strong> kaufen Aluminium-Legierung Wasserpfeife in der Masse<\/strong> ohne Kompromisse bei der Qualit\u00e4t, hier ist der Ort, es zu tun. Mit den meisten Durch die Qualit\u00e4t Inspektion Prozess in unserer Wasserpfeife Fabrik, k\u00f6nnen Sie sicher sein, dass Ihre Gro\u00dfhandel Artikel werden von der h\u00f6chsten Kaliber sein.<\/p>\n<\/div>\n<p><span style=\"background-color: #c0c0c0; font-size: 18pt;\"><strong><span style=\"color: #000000;\">Produkt-Parameter <\/span><\/strong><\/span><\/p>\n<p><span style=\"font-size: 20px;\"><strong>Produktname: muschelf\u00f6rmige Wasserpfeife<\/strong><\/span><br \/>\n<strong><span style=\"font-size: 15pt;\">Material: Aluminium<\/span><\/strong><br \/>\n<strong><span style=\"font-size: 15pt;\">H\u00f6he:60 CM<\/span><\/strong><br \/>\n<strong><span style=\"font-size: 15pt;\">Gewicht:3.6 KG, nur Produktgewicht plus Karton<\/span><\/strong><br \/>\n<strong><span style=\"font-size: 15pt;\">Packungsgr\u00f6\u00dfe:4 PCS<\/span><\/strong><br \/>\n<strong><span style=\"font-size: 15pt;\">Farbe Kasten:59*35*16 CM<\/span><\/strong><br \/>\n<strong><span style=\"font-size: 15pt;\">Kartongr\u00f6\u00dfe: 60,5*36,5*67 CM<\/span><\/strong><\/p>\n<p><img decoding=\"async\" style=\"width: 800px;\" src=\"https:\/\/ae01.alicdn.com\/kf\/Sfdd73ed3e7f340bbaec83bf53d8dc3cbL.jpg\" width=\"800px\" \/><img decoding=\"async\" style=\"width: 800px;\" src=\"https:\/\/ae01.alicdn.com\/kf\/S98fa3f80eb61477087b27e576616ecdfR.jpg\" width=\"800px\" \/><img decoding=\"async\" style=\"width: 800px;\" src=\"https:\/\/ae01.alicdn.com\/kf\/S54db06c8f383421e907c8d9add455744U.jpg\" width=\"800px\" \/><img decoding=\"async\" style=\"width: 800px;\" src=\"https:\/\/ae01.alicdn.com\/kf\/S82e6d86478ec46b5bc210aeb12a3dcc3K.jpg\" width=\"800px\" \/><img decoding=\"async\" style=\"width: 800px;\" src=\"https:\/\/ae01.alicdn.com\/kf\/Sbbc8e0e5476e4cb78f47e86e0f9ca296J.jpg\" width=\"800px\" \/><img decoding=\"async\" style=\"width: 800px;\" src=\"https:\/\/ae01.alicdn.com\/kf\/S117592c2271349a0bd534ac2a838d1ddn.jpg\" width=\"800px\" \/><img decoding=\"async\" style=\"width: 800px;\" src=\"https:\/\/ae01.alicdn.com\/kf\/Sc4e4d22d98e24703863502a8530c5ae1O.jpg\" width=\"800px\" \/><\/p>\n<p>&nbsp;<\/p>","protected":false},"excerpt":{"rendered":"<p>Kann Anpassungen unterst\u00fctzen<br \/>\nGro\u00dfhandel kann unterst\u00fctzt werden<br \/>\nKundenspezifisches Logo (Mindestbestellmenge 20 St\u00fcck)<br \/>\nWenn Sie\u00a0<a class=\"wpil_keyword_link\" title=\"Gro\u00dfhandel Wasserpfeife\" href=\"https:\/\/global-hookah.com\/product-category\/hookahs\/wholesale-hookah\/\" data-wpil-keyword-link=\"linked\">Gro\u00dfhandel Wasserpfeife<\/a>Bitte kontaktieren Sie uns per WhatsApp oder E-Mail, und wir werden Sie mit dem Gro\u00dfhandelspreis, unsere E-Mail ist (muxiangpipe5@gmail.com)<\/p>","protected":false},"featured_media":11774,"comment_status":"open","ping_status":"closed","template":"","meta":{"iawp_total_views":4,"_joinchat":[]},"product_brand":[],"product_cat":[560,119],"product_tag":[],"class_list":{"0":"post-11773","1":"product","2":"type-product","3":"status-publish","4":"has-post-thumbnail","6":"product_cat-glass-hookah-wholesale","7":"product_cat-wholesale-hookah","9":"first","10":"instock","11":"shipping-taxable","12":"product-type-external"},"yoast_head":"<!-- This site is optimized with the Yoast SEO Premium plugin v24.7 (Yoast SEO v26.8) - https:\/\/yoast.com\/product\/yoast-seo-premium-wordpress\/ -->\n<title>Aluminum Alloy Hookah Wholesale - Global Hookah<\/title>\n<meta name=\"robots\" content=\"index, follow, max-snippet:-1, max-image-preview:large, max-video-preview:-1\" \/>\n<link rel=\"canonical\" href=\"https:\/\/global-hookah.com\/de\/produkt\/aluminum-alloy-hookah-wholesale\/\" \/>\n<meta property=\"og:locale\" content=\"de_DE\" \/>\n<meta property=\"og:type\" content=\"article\" \/>\n<meta property=\"og:title\" content=\"Aluminum Alloy Hookah Wholesale\" \/>\n<meta property=\"og:description\" content=\"Can Support Customization Wholesale Can Be Supported Customized logo(Min. order 20 pieces) If you need\u00a0wholesale hookah, please contact us by WhatsApp or email, and we will provide you with the wholesale price, our email is (muxiangpipe5@gmail.com)\" \/>\n<meta property=\"og:url\" content=\"https:\/\/global-hookah.com\/de\/produkt\/aluminum-alloy-hookah-wholesale\/\" \/>\n<meta property=\"og:site_name\" content=\"Global Hookah\" \/>\n<meta property=\"article:modified_time\" content=\"2024-01-12T03:57:48+00:00\" \/>\n<meta property=\"og:image\" content=\"https:\/\/global-hookah.com\/wp-content\/uploads\/2023\/05\/2022-New-Mortar-shaped-Hookah-Aluminum-Alloy-Single-tube-Silicone-Tube-Pipe-Narguile-Complete-Shisha-With.jpg\" \/>\n\t<meta property=\"og:image:width\" content=\"800\" \/>\n\t<meta property=\"og:image:height\" content=\"800\" \/>\n\t<meta property=\"og:image:type\" content=\"image\/jpeg\" \/>\n<meta name=\"twitter:card\" content=\"summary_large_image\" \/>\n<meta name=\"twitter:label1\" content=\"Gesch\u00e4tzte Lesezeit\" \/>\n\t<meta name=\"twitter:data1\" content=\"3\u00a0Minuten\" \/>\n<script type=\"application\/ld+json\" class=\"yoast-schema-graph\">{\"@context\":\"https:\/\/schema.org\",\"@graph\":[{\"@type\":\"WebPage\",\"@id\":\"https:\/\/global-hookah.com\/product\/aluminum-alloy-hookah-wholesale\/\",\"url\":\"https:\/\/global-hookah.com\/product\/aluminum-alloy-hookah-wholesale\/\",\"name\":\"Aluminum Alloy Hookah Wholesale - Global Hookah\",\"isPartOf\":{\"@id\":\"https:\/\/global-hookah.com\/#website\"},\"primaryImageOfPage\":{\"@id\":\"https:\/\/global-hookah.com\/product\/aluminum-alloy-hookah-wholesale\/#primaryimage\"},\"image\":{\"@id\":\"https:\/\/global-hookah.com\/product\/aluminum-alloy-hookah-wholesale\/#primaryimage\"},\"thumbnailUrl\":\"https:\/\/global-hookah.com\/wp-content\/uploads\/2023\/05\/2022-New-Mortar-shaped-Hookah-Aluminum-Alloy-Single-tube-Silicone-Tube-Pipe-Narguile-Complete-Shisha-With.jpg\",\"datePublished\":\"2023-05-18T01:28:16+00:00\",\"dateModified\":\"2024-01-12T03:57:48+00:00\",\"breadcrumb\":{\"@id\":\"https:\/\/global-hookah.com\/product\/aluminum-alloy-hookah-wholesale\/#breadcrumb\"},\"inLanguage\":\"de\",\"potentialAction\":[{\"@type\":\"ReadAction\",\"target\":[\"https:\/\/global-hookah.com\/product\/aluminum-alloy-hookah-wholesale\/\"]}]},{\"@type\":\"ImageObject\",\"inLanguage\":\"de\",\"@id\":\"https:\/\/global-hookah.com\/product\/aluminum-alloy-hookah-wholesale\/#primaryimage\",\"url\":\"https:\/\/global-hookah.com\/wp-content\/uploads\/2023\/05\/2022-New-Mortar-shaped-Hookah-Aluminum-Alloy-Single-tube-Silicone-Tube-Pipe-Narguile-Complete-Shisha-With.jpg\",\"contentUrl\":\"https:\/\/global-hookah.com\/wp-content\/uploads\/2023\/05\/2022-New-Mortar-shaped-Hookah-Aluminum-Alloy-Single-tube-Silicone-Tube-Pipe-Narguile-Complete-Shisha-With.jpg\",\"width\":800,\"height\":800,\"caption\":\"Aluminum Alloy Hookah Wholesale\"},{\"@type\":\"BreadcrumbList\",\"@id\":\"https:\/\/global-hookah.com\/product\/aluminum-alloy-hookah-wholesale\/#breadcrumb\",\"itemListElement\":[{\"@type\":\"ListItem\",\"position\":1,\"name\":\"Home\",\"item\":\"https:\/\/global-hookah.com\/\"},{\"@type\":\"ListItem\",\"position\":2,\"name\":\"Shop\",\"item\":\"https:\/\/global-hookah.com\/shop\/\"},{\"@type\":\"ListItem\",\"position\":3,\"name\":\"Aluminum Alloy Hookah Wholesale\"}]},{\"@type\":\"WebSite\",\"@id\":\"https:\/\/global-hookah.com\/#website\",\"url\":\"https:\/\/global-hookah.com\/\",\"name\":\"Global Hookah\",\"description\":\"Global Hookah\",\"publisher\":{\"@id\":\"https:\/\/global-hookah.com\/#organization\"},\"potentialAction\":[{\"@type\":\"SearchAction\",\"target\":{\"@type\":\"EntryPoint\",\"urlTemplate\":\"https:\/\/global-hookah.com\/?s={search_term_string}\"},\"query-input\":{\"@type\":\"PropertyValueSpecification\",\"valueRequired\":true,\"valueName\":\"search_term_string\"}}],\"inLanguage\":\"de\"},{\"@type\":\"Organization\",\"@id\":\"https:\/\/global-hookah.com\/#organization\",\"name\":\"Global Hookah\",\"url\":\"https:\/\/global-hookah.com\/\",\"logo\":{\"@type\":\"ImageObject\",\"inLanguage\":\"de\",\"@id\":\"https:\/\/global-hookah.com\/#\/schema\/logo\/image\/\",\"url\":\"https:\/\/global-hookah.com\/wp-content\/uploads\/2021\/10\/cropped-fgg.png\",\"contentUrl\":\"https:\/\/global-hookah.com\/wp-content\/uploads\/2021\/10\/cropped-fgg.png\",\"width\":512,\"height\":512,\"caption\":\"Global Hookah\"},\"image\":{\"@id\":\"https:\/\/global-hookah.com\/#\/schema\/logo\/image\/\"}}]}<\/script>\n<!-- \/ Yoast SEO Premium plugin. -->","yoast_head_json":{"title":"Aluminium-Legierung Wasserpfeife Gro\u00dfhandel - Global Hookah","robots":{"index":"index","follow":"follow","max-snippet":"max-snippet:-1","max-image-preview":"max-image-preview:large","max-video-preview":"max-video-preview:-1"},"canonical":"https:\/\/global-hookah.com\/de\/produkt\/aluminum-alloy-hookah-wholesale\/","og_locale":"de_DE","og_type":"article","og_title":"Aluminum Alloy Hookah Wholesale","og_description":"Can Support Customization Wholesale Can Be Supported Customized logo(Min. order 20 pieces) If you need\u00a0wholesale hookah, please contact us by WhatsApp or email, and we will provide you with the wholesale price, our email is (muxiangpipe5@gmail.com)","og_url":"https:\/\/global-hookah.com\/de\/produkt\/aluminum-alloy-hookah-wholesale\/","og_site_name":"Global Hookah","article_modified_time":"2024-01-12T03:57:48+00:00","og_image":[{"width":800,"height":800,"url":"https:\/\/global-hookah.com\/wp-content\/uploads\/2023\/05\/2022-New-Mortar-shaped-Hookah-Aluminum-Alloy-Single-tube-Silicone-Tube-Pipe-Narguile-Complete-Shisha-With.jpg","type":"image\/jpeg"}],"twitter_card":"summary_large_image","twitter_misc":{"Gesch\u00e4tzte Lesezeit":"3\u00a0Minuten"},"schema":{"@context":"https:\/\/schema.org","@graph":[{"@type":"WebPage","@id":"https:\/\/global-hookah.com\/product\/aluminum-alloy-hookah-wholesale\/","url":"https:\/\/global-hookah.com\/product\/aluminum-alloy-hookah-wholesale\/","name":"Aluminium-Legierung Wasserpfeife Gro\u00dfhandel - Global Hookah","isPartOf":{"@id":"https:\/\/global-hookah.com\/#website"},"primaryImageOfPage":{"@id":"https:\/\/global-hookah.com\/product\/aluminum-alloy-hookah-wholesale\/#primaryimage"},"image":{"@id":"https:\/\/global-hookah.com\/product\/aluminum-alloy-hookah-wholesale\/#primaryimage"},"thumbnailUrl":"https:\/\/global-hookah.com\/wp-content\/uploads\/2023\/05\/2022-New-Mortar-shaped-Hookah-Aluminum-Alloy-Single-tube-Silicone-Tube-Pipe-Narguile-Complete-Shisha-With.jpg","datePublished":"2023-05-18T01:28:16+00:00","dateModified":"2024-01-12T03:57:48+00:00","breadcrumb":{"@id":"https:\/\/global-hookah.com\/product\/aluminum-alloy-hookah-wholesale\/#breadcrumb"},"inLanguage":"de","potentialAction":[{"@type":"ReadAction","target":["https:\/\/global-hookah.com\/product\/aluminum-alloy-hookah-wholesale\/"]}]},{"@type":"ImageObject","inLanguage":"de","@id":"https:\/\/global-hookah.com\/product\/aluminum-alloy-hookah-wholesale\/#primaryimage","url":"https:\/\/global-hookah.com\/wp-content\/uploads\/2023\/05\/2022-New-Mortar-shaped-Hookah-Aluminum-Alloy-Single-tube-Silicone-Tube-Pipe-Narguile-Complete-Shisha-With.jpg","contentUrl":"https:\/\/global-hookah.com\/wp-content\/uploads\/2023\/05\/2022-New-Mortar-shaped-Hookah-Aluminum-Alloy-Single-tube-Silicone-Tube-Pipe-Narguile-Complete-Shisha-With.jpg","width":800,"height":800,"caption":"Aluminum Alloy Hookah Wholesale"},{"@type":"BreadcrumbList","@id":"https:\/\/global-hookah.com\/product\/aluminum-alloy-hookah-wholesale\/#breadcrumb","itemListElement":[{"@type":"ListItem","position":1,"name":"Home","item":"https:\/\/global-hookah.com\/"},{"@type":"ListItem","position":2,"name":"Shop","item":"https:\/\/global-hookah.com\/shop\/"},{"@type":"ListItem","position":3,"name":"Aluminum Alloy Hookah Wholesale"}]},{"@type":"WebSite","@id":"https:\/\/global-hookah.com\/#website","url":"https:\/\/global-hookah.com\/","name":"Globale Wasserpfeife","description":"Globale Wasserpfeife","publisher":{"@id":"https:\/\/global-hookah.com\/#organization"},"potentialAction":[{"@type":"SearchAction","target":{"@type":"EntryPoint","urlTemplate":"https:\/\/global-hookah.com\/?s={search_term_string}"},"query-input":{"@type":"PropertyValueSpecification","valueRequired":true,"valueName":"search_term_string"}}],"inLanguage":"de"},{"@type":"Organization","@id":"https:\/\/global-hookah.com\/#organization","name":"Globale Wasserpfeife","url":"https:\/\/global-hookah.com\/","logo":{"@type":"ImageObject","inLanguage":"de","@id":"https:\/\/global-hookah.com\/#\/schema\/logo\/image\/","url":"https:\/\/global-hookah.com\/wp-content\/uploads\/2021\/10\/cropped-fgg.png","contentUrl":"https:\/\/global-hookah.com\/wp-content\/uploads\/2021\/10\/cropped-fgg.png","width":512,"height":512,"caption":"Global Hookah"},"image":{"@id":"https:\/\/global-hookah.com\/#\/schema\/logo\/image\/"}}]}},"_links":{"self":[{"href":"https:\/\/global-hookah.com\/de\/wp-json\/wp\/v2\/product\/11773","targetHints":{"allow":["GET"]}}],"collection":[{"href":"https:\/\/global-hookah.com\/de\/wp-json\/wp\/v2\/product"}],"about":[{"href":"https:\/\/global-hookah.com\/de\/wp-json\/wp\/v2\/types\/product"}],"replies":[{"embeddable":true,"href":"https:\/\/global-hookah.com\/de\/wp-json\/wp\/v2\/comments?post=11773"}],"version-history":[{"count":0,"href":"https:\/\/global-hookah.com\/de\/wp-json\/wp\/v2\/product\/11773\/revisions"}],"wp:featuredmedia":[{"embeddable":true,"href":"https:\/\/global-hookah.com\/de\/wp-json\/wp\/v2\/media\/11774"}],"wp:attachment":[{"href":"https:\/\/global-hookah.com\/de\/wp-json\/wp\/v2\/media?parent=11773"}],"wp:term":[{"taxonomy":"product_brand","embeddable":true,"href":"https:\/\/global-hookah.com\/de\/wp-json\/wp\/v2\/product_brand?post=11773"},{"taxonomy":"product_cat","embeddable":true,"href":"https:\/\/global-hookah.com\/de\/wp-json\/wp\/v2\/product_cat?post=11773"},{"taxonomy":"product_tag","embeddable":true,"href":"https:\/\/global-hookah.com\/de\/wp-json\/wp\/v2\/product_tag?post=11773"}],"curies":[{"name":"wp","href":"https:\/\/api.w.org\/{rel}","templated":true}]}}