{"id":11781,"date":"2023-05-18T01:31:21","date_gmt":"2023-05-18T01:31:21","guid":{"rendered":"https:\/\/global-hookah.com\/product\/saudi-arabian-hookah-wholesale\/"},"modified":"2023-05-18T12:54:02","modified_gmt":"2023-05-18T12:54:02","slug":"saudi-arabian-hookah-wholesale","status":"publish","type":"product","link":"https:\/\/global-hookah.com\/de\/produkt\/saudi-arabian-hookah-wholesale\/","title":{"rendered":"Saudi Arabische Wasserpfeife Gro\u00dfhandel"},"content":{"rendered":"<p>Sie suchen nach hochwertigen <strong>Saudi-Arabische Wasserpfeife und Zubeh\u00f6r zu g\u00fcnstigen Gro\u00dfhandelspreisen<\/strong>? Suchen Sie nicht weiter! Unsere Global-Hookah bietet eine breite Palette von <strong>Gro\u00dfhandel Saudi-Arabische Wasserpfeife<\/strong> die sowohl traditionellen als auch modernen Vorlieben gerecht wird.<\/p>\n<p>Die <a href=\"https:\/\/global-hookah.com\/\">Global-hookah<\/a> Website wurde von unserem im Jahr 2012 erstellt. Wegen unserer Liebe f\u00fcr Wasserpfeife, begannen wir unsere Reise. Wir zun\u00e4chst nur Gro\u00dfhandel Wasserpfeife Flaschen an unsere Kunden offline, aber sp\u00e4ter aufgrund der neuen Krone Grund, als wir beschlossen, unsere eigenen Webshop zu \u00f6ffnen, um Shisha online zu verkaufen, im Laufe der Zeit wurden wir allm\u00e4hlich einer der <strong>gr\u00f6\u00dfte Wasserpfeifen-Gro\u00dfh\u00e4ndler in Europa<\/strong>Unser Unternehmen ist seit seiner Gr\u00fcndung stetig gewachsen und bietet heute eine breite Palette von Produkten, einschlie\u00dflich Shisha-Tabakpfeifen und Zubeh\u00f6r, zu sehr g\u00fcnstigen Preisen an.<\/p>\n<p>Seit mehr als 11 Jahren erbringen wir Dienstleistungen f\u00fcr Kunden aus der ganzen Welt. Wir bieten sehr erschwinglich <strong>Gro\u00dfhandel Versand auf unsere saudi-arabische Wasserpfeife<\/strong> zu jedem Ort der Welt.<\/p>\n<p>&nbsp;<\/p>\n<p><span style=\"font-size: 24px;\">Name: stabiles Holz <a href=\"https:\/\/global-hookah.com\/product\/hookah-manufacturers-baseball-hookah-set-stainless-steel-base-baseball-net-red-hookah-with-hookah-pot\/\">Edelstahl mittel WOOKA Wasserpfeife volles Set<\/a><\/span><br \/>\n<span style=\"font-size: 24px;\">Gr\u00f6\u00dfe: 15CM*15CM*30CM\u00a0<\/span><br \/>\n<span style=\"font-size: 24px;\">Gewicht:2.3KG (mit Verpackung)<\/span><br \/>\n<span style=\"font-size: 24px;\">Packungsnummer:12PCS\/Karton<\/span><br \/>\n<span style=\"font-size: 24px;\">Packungsnummer:6PCS\/Karton<\/span><br \/>\n<span style=\"font-size: 24px;\">Volumen der gesamten Box: 47CM*32CM*62CM<\/span><br \/>\n<span style=\"font-size: 24px;\">Gewicht: 28KG<\/span><\/p>\n<p><img fetchpriority=\"high\" decoding=\"async\" src=\"https:\/\/ae01.alicdn.com\/kf\/S546ff6b726024e2f9ffab4ae3ceec56ep.jpg\" width=\"902\" height=\"780\" \/><img decoding=\"async\" src=\"https:\/\/ae01.alicdn.com\/kf\/S5f227850e2de441cb71e5cd8232aaf70i.jpg\" \/><img decoding=\"async\" src=\"https:\/\/ae01.alicdn.com\/kf\/S03946dba37e04469bf1938b0250bbcdch.jpg\" width=\"790\" \/><img decoding=\"async\" src=\"https:\/\/ae01.alicdn.com\/kf\/S188c91d50bd7438fae87a535996abff2C.jpg\" width=\"952\" height=\"1115\" \/><img decoding=\"async\" src=\"https:\/\/ae01.alicdn.com\/kf\/Sbc0e2c98bf394c62a79f96c346a4d897L.jpg\" width=\"915\" height=\"912\" \/><img loading=\"lazy\" decoding=\"async\" src=\"https:\/\/ae01.alicdn.com\/kf\/S454384fd9a5a4ab7b7b7b320106b649eX.jpg\" width=\"909\" height=\"910\" \/><img loading=\"lazy\" decoding=\"async\" src=\"https:\/\/ae01.alicdn.com\/kf\/S87695a2e8b294632bbdf6b4ae0820b81r.jpg\" width=\"921\" height=\"1378\" \/><\/p>","protected":false},"excerpt":{"rendered":"<p>Kann Anpassungen unterst\u00fctzen<br \/>\nGro\u00dfhandel kann unterst\u00fctzt werden<br \/>\nKundenspezifisches Logo (Mindestbestellmenge 20 St\u00fcck)<br \/>\nWenn Sie\u00a0<a class=\"wpil_keyword_link\" title=\"Gro\u00dfhandel Wasserpfeife\" href=\"https:\/\/global-hookah.com\/product-category\/hookahs\/wholesale-hookah\/\" data-wpil-keyword-link=\"linked\">Gro\u00dfhandel Wasserpfeife<\/a>Bitte kontaktieren Sie uns per WhatsApp oder E-Mail, und wir werden Sie mit dem Gro\u00dfhandelspreis, unsere E-Mail ist (muxiangpipe5@gmail.com)<\/p>","protected":false},"featured_media":11782,"comment_status":"open","ping_status":"closed","template":"","meta":{"iawp_total_views":59,"_joinchat":[]},"product_brand":[],"product_cat":[119],"product_tag":[],"class_list":{"0":"post-11781","1":"product","2":"type-product","3":"status-publish","4":"has-post-thumbnail","6":"product_cat-wholesale-hookah","8":"first","9":"instock","10":"shipping-taxable","11":"product-type-external"},"yoast_head":"<!-- This site is optimized with the Yoast SEO Premium plugin v24.7 (Yoast SEO v26.8) - https:\/\/yoast.com\/product\/yoast-seo-premium-wordpress\/ -->\n<title>Saudi Arabian Hookah Wholesale - Global Hookah<\/title>\n<meta name=\"robots\" content=\"index, follow, max-snippet:-1, max-image-preview:large, max-video-preview:-1\" \/>\n<link rel=\"canonical\" href=\"https:\/\/global-hookah.com\/de\/producto\/saudi-arabian-hookah-wholesale\/\" \/>\n<meta property=\"og:locale\" content=\"de_DE\" \/>\n<meta property=\"og:type\" content=\"article\" \/>\n<meta property=\"og:title\" content=\"Saudi Arabian Hookah Wholesale\" \/>\n<meta property=\"og:description\" content=\"Can Support Customization Wholesale Can Be Supported Customized logo(Min. order 20 pieces) If you need\u00a0wholesale hookah, please contact us by WhatsApp or email, and we will provide you with the wholesale price, our email is (muxiangpipe5@gmail.com)\" \/>\n<meta property=\"og:url\" content=\"https:\/\/global-hookah.com\/de\/producto\/saudi-arabian-hookah-wholesale\/\" \/>\n<meta property=\"og:site_name\" content=\"Global Hookah\" \/>\n<meta property=\"article:modified_time\" content=\"2023-05-18T12:54:02+00:00\" \/>\n<meta property=\"og:image\" content=\"https:\/\/global-hookah.com\/wp-content\/uploads\/2023\/05\/Arabian-Hookah-Shisha-Stabilized-Wood-Wooka-Chicha-Set-Smoking-Pipe-Narguile-Complete-Single-Tube-With-Hookahs.jpg\" \/>\n\t<meta property=\"og:image:width\" content=\"1920\" \/>\n\t<meta property=\"og:image:height\" content=\"1920\" \/>\n\t<meta property=\"og:image:type\" content=\"image\/jpeg\" \/>\n<meta name=\"twitter:card\" content=\"summary_large_image\" \/>\n<meta name=\"twitter:label1\" content=\"Gesch\u00e4tzte Lesezeit\" \/>\n\t<meta name=\"twitter:data1\" content=\"3\u00a0Minuten\" \/>\n<script type=\"application\/ld+json\" class=\"yoast-schema-graph\">{\"@context\":\"https:\/\/schema.org\",\"@graph\":[{\"@type\":\"WebPage\",\"@id\":\"https:\/\/global-hookah.com\/es\/producto\/saudi-arabian-hookah-wholesale\/\",\"url\":\"https:\/\/global-hookah.com\/es\/producto\/saudi-arabian-hookah-wholesale\/\",\"name\":\"Saudi Arabian Hookah Wholesale - Global Hookah\",\"isPartOf\":{\"@id\":\"https:\/\/global-hookah.com\/#website\"},\"primaryImageOfPage\":{\"@id\":\"https:\/\/global-hookah.com\/es\/producto\/saudi-arabian-hookah-wholesale\/#primaryimage\"},\"image\":{\"@id\":\"https:\/\/global-hookah.com\/es\/producto\/saudi-arabian-hookah-wholesale\/#primaryimage\"},\"thumbnailUrl\":\"https:\/\/global-hookah.com\/wp-content\/uploads\/2023\/05\/Arabian-Hookah-Shisha-Stabilized-Wood-Wooka-Chicha-Set-Smoking-Pipe-Narguile-Complete-Single-Tube-With-Hookahs.jpg\",\"datePublished\":\"2023-05-18T01:31:21+00:00\",\"dateModified\":\"2023-05-18T12:54:02+00:00\",\"breadcrumb\":{\"@id\":\"https:\/\/global-hookah.com\/es\/producto\/saudi-arabian-hookah-wholesale\/#breadcrumb\"},\"inLanguage\":\"de\",\"potentialAction\":[{\"@type\":\"ReadAction\",\"target\":[\"https:\/\/global-hookah.com\/es\/producto\/saudi-arabian-hookah-wholesale\/\"]}]},{\"@type\":\"ImageObject\",\"inLanguage\":\"de\",\"@id\":\"https:\/\/global-hookah.com\/es\/producto\/saudi-arabian-hookah-wholesale\/#primaryimage\",\"url\":\"https:\/\/global-hookah.com\/wp-content\/uploads\/2023\/05\/Arabian-Hookah-Shisha-Stabilized-Wood-Wooka-Chicha-Set-Smoking-Pipe-Narguile-Complete-Single-Tube-With-Hookahs.jpg\",\"contentUrl\":\"https:\/\/global-hookah.com\/wp-content\/uploads\/2023\/05\/Arabian-Hookah-Shisha-Stabilized-Wood-Wooka-Chicha-Set-Smoking-Pipe-Narguile-Complete-Single-Tube-With-Hookahs.jpg\",\"width\":1920,\"height\":1920,\"caption\":\"Saudi Arabian Hookah Wholesale\"},{\"@type\":\"BreadcrumbList\",\"@id\":\"https:\/\/global-hookah.com\/es\/producto\/saudi-arabian-hookah-wholesale\/#breadcrumb\",\"itemListElement\":[{\"@type\":\"ListItem\",\"position\":1,\"name\":\"Home\",\"item\":\"https:\/\/global-hookah.com\/\"},{\"@type\":\"ListItem\",\"position\":2,\"name\":\"Shop\",\"item\":\"https:\/\/global-hookah.com\/shop\/\"},{\"@type\":\"ListItem\",\"position\":3,\"name\":\"Saudi Arabian Hookah Wholesale\"}]},{\"@type\":\"WebSite\",\"@id\":\"https:\/\/global-hookah.com\/#website\",\"url\":\"https:\/\/global-hookah.com\/\",\"name\":\"Global Hookah\",\"description\":\"Global Hookah\",\"publisher\":{\"@id\":\"https:\/\/global-hookah.com\/#organization\"},\"potentialAction\":[{\"@type\":\"SearchAction\",\"target\":{\"@type\":\"EntryPoint\",\"urlTemplate\":\"https:\/\/global-hookah.com\/?s={search_term_string}\"},\"query-input\":{\"@type\":\"PropertyValueSpecification\",\"valueRequired\":true,\"valueName\":\"search_term_string\"}}],\"inLanguage\":\"de\"},{\"@type\":\"Organization\",\"@id\":\"https:\/\/global-hookah.com\/#organization\",\"name\":\"Global Hookah\",\"url\":\"https:\/\/global-hookah.com\/\",\"logo\":{\"@type\":\"ImageObject\",\"inLanguage\":\"de\",\"@id\":\"https:\/\/global-hookah.com\/#\/schema\/logo\/image\/\",\"url\":\"https:\/\/global-hookah.com\/wp-content\/uploads\/2021\/10\/cropped-fgg.png\",\"contentUrl\":\"https:\/\/global-hookah.com\/wp-content\/uploads\/2021\/10\/cropped-fgg.png\",\"width\":512,\"height\":512,\"caption\":\"Global Hookah\"},\"image\":{\"@id\":\"https:\/\/global-hookah.com\/#\/schema\/logo\/image\/\"}}]}<\/script>\n<!-- \/ Yoast SEO Premium plugin. -->","yoast_head_json":{"title":"Saudi-Arabische Wasserpfeife Gro\u00dfhandel - Global Hookah","robots":{"index":"index","follow":"follow","max-snippet":"max-snippet:-1","max-image-preview":"max-image-preview:large","max-video-preview":"max-video-preview:-1"},"canonical":"https:\/\/global-hookah.com\/de\/producto\/saudi-arabian-hookah-wholesale\/","og_locale":"de_DE","og_type":"article","og_title":"Saudi Arabian Hookah Wholesale","og_description":"Can Support Customization Wholesale Can Be Supported Customized logo(Min. order 20 pieces) If you need\u00a0wholesale hookah, please contact us by WhatsApp or email, and we will provide you with the wholesale price, our email is (muxiangpipe5@gmail.com)","og_url":"https:\/\/global-hookah.com\/de\/producto\/saudi-arabian-hookah-wholesale\/","og_site_name":"Global Hookah","article_modified_time":"2023-05-18T12:54:02+00:00","og_image":[{"width":1920,"height":1920,"url":"https:\/\/global-hookah.com\/wp-content\/uploads\/2023\/05\/Arabian-Hookah-Shisha-Stabilized-Wood-Wooka-Chicha-Set-Smoking-Pipe-Narguile-Complete-Single-Tube-With-Hookahs.jpg","type":"image\/jpeg"}],"twitter_card":"summary_large_image","twitter_misc":{"Gesch\u00e4tzte Lesezeit":"3\u00a0Minuten"},"schema":{"@context":"https:\/\/schema.org","@graph":[{"@type":"WebPage","@id":"https:\/\/global-hookah.com\/es\/producto\/saudi-arabian-hookah-wholesale\/","url":"https:\/\/global-hookah.com\/es\/producto\/saudi-arabian-hookah-wholesale\/","name":"Saudi-Arabische Wasserpfeife Gro\u00dfhandel - Global Hookah","isPartOf":{"@id":"https:\/\/global-hookah.com\/#website"},"primaryImageOfPage":{"@id":"https:\/\/global-hookah.com\/es\/producto\/saudi-arabian-hookah-wholesale\/#primaryimage"},"image":{"@id":"https:\/\/global-hookah.com\/es\/producto\/saudi-arabian-hookah-wholesale\/#primaryimage"},"thumbnailUrl":"https:\/\/global-hookah.com\/wp-content\/uploads\/2023\/05\/Arabian-Hookah-Shisha-Stabilized-Wood-Wooka-Chicha-Set-Smoking-Pipe-Narguile-Complete-Single-Tube-With-Hookahs.jpg","datePublished":"2023-05-18T01:31:21+00:00","dateModified":"2023-05-18T12:54:02+00:00","breadcrumb":{"@id":"https:\/\/global-hookah.com\/es\/producto\/saudi-arabian-hookah-wholesale\/#breadcrumb"},"inLanguage":"de","potentialAction":[{"@type":"ReadAction","target":["https:\/\/global-hookah.com\/es\/producto\/saudi-arabian-hookah-wholesale\/"]}]},{"@type":"ImageObject","inLanguage":"de","@id":"https:\/\/global-hookah.com\/es\/producto\/saudi-arabian-hookah-wholesale\/#primaryimage","url":"https:\/\/global-hookah.com\/wp-content\/uploads\/2023\/05\/Arabian-Hookah-Shisha-Stabilized-Wood-Wooka-Chicha-Set-Smoking-Pipe-Narguile-Complete-Single-Tube-With-Hookahs.jpg","contentUrl":"https:\/\/global-hookah.com\/wp-content\/uploads\/2023\/05\/Arabian-Hookah-Shisha-Stabilized-Wood-Wooka-Chicha-Set-Smoking-Pipe-Narguile-Complete-Single-Tube-With-Hookahs.jpg","width":1920,"height":1920,"caption":"Saudi Arabian Hookah Wholesale"},{"@type":"BreadcrumbList","@id":"https:\/\/global-hookah.com\/es\/producto\/saudi-arabian-hookah-wholesale\/#breadcrumb","itemListElement":[{"@type":"ListItem","position":1,"name":"Home","item":"https:\/\/global-hookah.com\/"},{"@type":"ListItem","position":2,"name":"Shop","item":"https:\/\/global-hookah.com\/shop\/"},{"@type":"ListItem","position":3,"name":"Saudi Arabian Hookah Wholesale"}]},{"@type":"WebSite","@id":"https:\/\/global-hookah.com\/#website","url":"https:\/\/global-hookah.com\/","name":"Globale Wasserpfeife","description":"Globale Wasserpfeife","publisher":{"@id":"https:\/\/global-hookah.com\/#organization"},"potentialAction":[{"@type":"SearchAction","target":{"@type":"EntryPoint","urlTemplate":"https:\/\/global-hookah.com\/?s={search_term_string}"},"query-input":{"@type":"PropertyValueSpecification","valueRequired":true,"valueName":"search_term_string"}}],"inLanguage":"de"},{"@type":"Organization","@id":"https:\/\/global-hookah.com\/#organization","name":"Globale Wasserpfeife","url":"https:\/\/global-hookah.com\/","logo":{"@type":"ImageObject","inLanguage":"de","@id":"https:\/\/global-hookah.com\/#\/schema\/logo\/image\/","url":"https:\/\/global-hookah.com\/wp-content\/uploads\/2021\/10\/cropped-fgg.png","contentUrl":"https:\/\/global-hookah.com\/wp-content\/uploads\/2021\/10\/cropped-fgg.png","width":512,"height":512,"caption":"Global Hookah"},"image":{"@id":"https:\/\/global-hookah.com\/#\/schema\/logo\/image\/"}}]}},"_links":{"self":[{"href":"https:\/\/global-hookah.com\/de\/wp-json\/wp\/v2\/product\/11781","targetHints":{"allow":["GET"]}}],"collection":[{"href":"https:\/\/global-hookah.com\/de\/wp-json\/wp\/v2\/product"}],"about":[{"href":"https:\/\/global-hookah.com\/de\/wp-json\/wp\/v2\/types\/product"}],"replies":[{"embeddable":true,"href":"https:\/\/global-hookah.com\/de\/wp-json\/wp\/v2\/comments?post=11781"}],"version-history":[{"count":0,"href":"https:\/\/global-hookah.com\/de\/wp-json\/wp\/v2\/product\/11781\/revisions"}],"wp:featuredmedia":[{"embeddable":true,"href":"https:\/\/global-hookah.com\/de\/wp-json\/wp\/v2\/media\/11782"}],"wp:attachment":[{"href":"https:\/\/global-hookah.com\/de\/wp-json\/wp\/v2\/media?parent=11781"}],"wp:term":[{"taxonomy":"product_brand","embeddable":true,"href":"https:\/\/global-hookah.com\/de\/wp-json\/wp\/v2\/product_brand?post=11781"},{"taxonomy":"product_cat","embeddable":true,"href":"https:\/\/global-hookah.com\/de\/wp-json\/wp\/v2\/product_cat?post=11781"},{"taxonomy":"product_tag","embeddable":true,"href":"https:\/\/global-hookah.com\/de\/wp-json\/wp\/v2\/product_tag?post=11781"}],"curies":[{"name":"wp","href":"https:\/\/api.w.org\/{rel}","templated":true}]}}