{"id":11790,"date":"2023-05-18T01:33:49","date_gmt":"2023-05-18T01:33:49","guid":{"rendered":"https:\/\/global-hookah.com\/product\/single-pipe-arabian-hookah-wholesale\/"},"modified":"2024-01-12T07:49:35","modified_gmt":"2024-01-12T07:49:35","slug":"single-pipe-arabian-hookah-wholesale","status":"publish","type":"product","link":"https:\/\/global-hookah.com\/de\/produkt\/single-pipe-arabian-hookah-wholesale\/","title":{"rendered":"Einrohrige arabische Wasserpfeife Gro\u00dfhandel"},"content":{"rendered":"<p>Wir sind ein<strong> Erstklassiger Anbieter von Einrohr-Whookahs<\/strong> in den Vereinigten Staaten. Unsere Produkte sind nur mit den hochwertigsten Materialien hergestellt, und wir verwenden nur authentische Arabian Hookah Gro\u00dfhandel Teile, um eine perfekte Passform in jedem Produkt zu gew\u00e4hrleisten. Und unser <strong>Einrohrige arabische Wasserpfeife ist ma\u00dfgeschneidert<\/strong> in verschiedenen Gr\u00f6\u00dfen und Farben nach den W\u00fcnschen unserer Kunden. Unsere exquisite Kollektion zeichnet sich durch traditionelle arabische Designs, fachm\u00e4nnische Handwerkskunst und ein hervorragendes Raucherlebnis aus, das Ihre Kunden fesseln und ihre Shisha-Sessions aufwerten wird. Ist die beste Wasserpfeife Einzelh\u00e4ndler in den Vereinigten Staaten zu w\u00e4hlen<\/p>\n<p>Diese Art von Wasserpfeife hat viele Vorteile im Vergleich zu anderen Arten wie Multi-Pipes oder sogar elektronischen Wasserpfeifen, die heute erh\u00e4ltlich sind. Ein gro\u00dfer Vorteil w\u00e4re die Tatsache, dass sie tragbar sind, was bedeutet, dass sie leicht \u00fcberall hin mitgenommen werden k\u00f6nnen, ohne jedes Problem \u00fcberhaupt! Das macht sie ideal f\u00fcr Partys im Freien oder sogar f\u00fcr Partys in Innenr\u00e4umen, bei denen man etwas will, das auch gut aussieht! Au\u00dferdem ist diese <a href=\"https:\/\/global-hookah.com\/product\/metal-large-egyptian-hookah-pipe\/\">Die Wasserpfeife verwendet einen einzigen Schlauch anstelle von zwei Schl\u00e4uchen wie die traditionelle \u00e4gyptische<\/a> Shisha, so dass es einfacher zu bedienen und zu reinigen. F\u00fcgen Sie einfach Ihre Lieblings-Shisha-Tabak und Sie sind bereit, die entspannende Erfahrung des Rauchens Wasserpfeife zu genie\u00dfen.<\/p>\n<p>Durch eine Partnerschaft mit uns als Ihr <strong>Gro\u00dfhandel Einrohr-Whookahs<\/strong> Anbieter k\u00f6nnen Sie Ihren Kunden ein unvergleichliches Raucherlebnis mit unseren arabischen Ein-Pfeifen-Hookahs bieten. Platzieren Sie Ihr <strong>Gro\u00dfhandel Einrohr-Whookahs<\/strong> Bestellen Sie noch heute und profitieren Sie von unseren wettbewerbsf\u00e4higen Preisen und unserer au\u00dfergew\u00f6hnlichen Produktqualit\u00e4t<\/p>\n<p><span style=\"font-size: 18pt;\"><strong><span style=\"color: #000000;\"><span style=\"background-color: #c0c0c0;\">Details zum Produkt <\/span><\/span><\/strong><\/span><\/p>\n<p><span style=\"font-size: 18pt;\">Gewicht\uff1a2kg<\/span><br \/>\n<span style=\"font-size: 18pt;\">Produkth\u00f6he\uff1a57cm<\/span><br \/>\n<span style=\"font-size: 18pt;\">MENGE\/CTN\uff1a6\/ Kasten<\/span><br \/>\n<span style=\"font-size: 18pt;\">Gr\u00f6\u00dfe der Schachtel\uff1a18*18*28cm<\/span><\/p>\n<p>&nbsp;<\/p>\n<p><img decoding=\"async\" src=\"https:\/\/cbu01.alicdn.com\/img\/ibank\/O1CN010TwxMC2EWvTBHQnUo_!!940318753-0-cib.jpg\" \/><img decoding=\"async\" src=\"https:\/\/cbu01.alicdn.com\/img\/ibank\/O1CN019Z76kS2EWvSzvVlO9_!!940318753-0-cib.jpg\" \/><img decoding=\"async\" src=\"https:\/\/cbu01.alicdn.com\/img\/ibank\/O1CN01PY6Vh42EWvSzvbKvy_!!940318753-0-cib.jpg\" \/><\/p>\n<p>&nbsp;<\/p>\n<p style=\"text-align: center;\" align=\"center\"><img fetchpriority=\"high\" decoding=\"async\" src=\"https:\/\/cbu01.alicdn.com\/img\/ibank\/O1CN01rAlLid2EWvT72HVxX_!!940318753-0-cib.jpg\" width=\"790\" height=\"790\" \/><\/p>\n<p><img decoding=\"async\" src=\"https:\/\/cbu01.alicdn.com\/img\/ibank\/O1CN019n0RT22EWvTBHWlxU_!!940318753-0-cib.jpg\" width=\"790\" height=\"790\" \/><\/p>\n<p><img decoding=\"async\" src=\"https:\/\/cbu01.alicdn.com\/img\/ibank\/O1CN01h9wc0e2EWvT5tg5An_!!940318753-0-cib.jpg\" width=\"790\" height=\"790\" \/><\/p>\n<p><img loading=\"lazy\" decoding=\"async\" src=\"https:\/\/cbu01.alicdn.com\/img\/ibank\/O1CN01s4qDo22EWvT72H2rr_!!940318753-0-cib.jpg\" width=\"790\" height=\"790\" \/><strong><span style=\"color: #000000; font-size: 16pt;\"><span style=\"background-color: #c0c0c0;\"><br \/>\n<\/span><\/span><\/strong><\/p>","protected":false},"excerpt":{"rendered":"<p>Kann Anpassungen unterst\u00fctzen<br \/>\nGro\u00dfhandel kann unterst\u00fctzt werden<br \/>\nKundenspezifisches Logo (Mindestbestellmenge 20 St\u00fcck)<br \/>\nWenn Sie <a class=\"wpil_keyword_link\" href=\"https:\/\/global-hookah.com\/product-category\/hookahs\/wholesale-hookah\/\"   title=\"Gro\u00dfhandel Wasserpfeife\" data-wpil-keyword-link=\"linked\">Gro\u00dfhandel Wasserpfeife<\/a>Bitte kontaktieren Sie uns per WhatsApp oder E-Mail, und wir werden Sie mit dem Gro\u00dfhandelspreis, unsere E-Mail ist (muxiangpipe5@gmail.com)<\/p>","protected":false},"featured_media":11791,"comment_status":"open","ping_status":"closed","template":"","meta":{"iawp_total_views":8,"_joinchat":[]},"product_brand":[],"product_cat":[559,119],"product_tag":[],"class_list":{"0":"post-11790","1":"product","2":"type-product","3":"status-publish","4":"has-post-thumbnail","6":"product_cat-portable-hookah-wholesale","7":"product_cat-wholesale-hookah","9":"first","10":"instock","11":"shipping-taxable","12":"product-type-external"},"yoast_head":"<!-- This site is optimized with the Yoast SEO Premium plugin v24.7 (Yoast SEO v26.8) - https:\/\/yoast.com\/product\/yoast-seo-premium-wordpress\/ -->\n<title>Single-Pipe Arabian Hookah Wholesale - Global Hookah<\/title>\n<meta name=\"robots\" content=\"index, follow, max-snippet:-1, max-image-preview:large, max-video-preview:-1\" \/>\n<link rel=\"canonical\" href=\"https:\/\/global-hookah.com\/de\/produkt\/single-pipe-arabian-hookah-wholesale\/\" \/>\n<meta property=\"og:locale\" content=\"de_DE\" \/>\n<meta property=\"og:type\" content=\"article\" \/>\n<meta property=\"og:title\" content=\"Single-Pipe Arabian Hookah Wholesale\" \/>\n<meta property=\"og:description\" content=\"Can Support Customization Wholesale Can Be Supported Customized logo(Min. order 20 pieces) If you need wholesale hookah, please contact us by WhatsApp or email, and we will provide you with the wholesale price, our email is (muxiangpipe5@gmail.com)\" \/>\n<meta property=\"og:url\" content=\"https:\/\/global-hookah.com\/de\/produkt\/single-pipe-arabian-hookah-wholesale\/\" \/>\n<meta property=\"og:site_name\" content=\"Global Hookah\" \/>\n<meta property=\"article:modified_time\" content=\"2024-01-12T07:49:35+00:00\" \/>\n<meta property=\"og:image\" content=\"https:\/\/global-hookah.com\/wp-content\/uploads\/2023\/05\/Arabian-Hookah-Full-Set-Single-Tube-Smoking-Pipe-Hookahs-Aluminum-Alloy-Vaporesso-Glass-Shisha-Dab-Rig.jpg\" \/>\n\t<meta property=\"og:image:width\" content=\"800\" \/>\n\t<meta property=\"og:image:height\" content=\"800\" \/>\n\t<meta property=\"og:image:type\" content=\"image\/jpeg\" \/>\n<meta name=\"twitter:card\" content=\"summary_large_image\" \/>\n<meta name=\"twitter:label1\" content=\"Gesch\u00e4tzte Lesezeit\" \/>\n\t<meta name=\"twitter:data1\" content=\"3\u00a0Minuten\" \/>\n<script type=\"application\/ld+json\" class=\"yoast-schema-graph\">{\"@context\":\"https:\/\/schema.org\",\"@graph\":[{\"@type\":\"WebPage\",\"@id\":\"https:\/\/global-hookah.com\/product\/single-pipe-arabian-hookah-wholesale\/\",\"url\":\"https:\/\/global-hookah.com\/product\/single-pipe-arabian-hookah-wholesale\/\",\"name\":\"Single-Pipe Arabian Hookah Wholesale - Global Hookah\",\"isPartOf\":{\"@id\":\"https:\/\/global-hookah.com\/#website\"},\"primaryImageOfPage\":{\"@id\":\"https:\/\/global-hookah.com\/product\/single-pipe-arabian-hookah-wholesale\/#primaryimage\"},\"image\":{\"@id\":\"https:\/\/global-hookah.com\/product\/single-pipe-arabian-hookah-wholesale\/#primaryimage\"},\"thumbnailUrl\":\"https:\/\/global-hookah.com\/wp-content\/uploads\/2023\/05\/Arabian-Hookah-Full-Set-Single-Tube-Smoking-Pipe-Hookahs-Aluminum-Alloy-Vaporesso-Glass-Shisha-Dab-Rig.jpg\",\"datePublished\":\"2023-05-18T01:33:49+00:00\",\"dateModified\":\"2024-01-12T07:49:35+00:00\",\"breadcrumb\":{\"@id\":\"https:\/\/global-hookah.com\/product\/single-pipe-arabian-hookah-wholesale\/#breadcrumb\"},\"inLanguage\":\"de\",\"potentialAction\":[{\"@type\":\"ReadAction\",\"target\":[\"https:\/\/global-hookah.com\/product\/single-pipe-arabian-hookah-wholesale\/\"]}]},{\"@type\":\"ImageObject\",\"inLanguage\":\"de\",\"@id\":\"https:\/\/global-hookah.com\/product\/single-pipe-arabian-hookah-wholesale\/#primaryimage\",\"url\":\"https:\/\/global-hookah.com\/wp-content\/uploads\/2023\/05\/Arabian-Hookah-Full-Set-Single-Tube-Smoking-Pipe-Hookahs-Aluminum-Alloy-Vaporesso-Glass-Shisha-Dab-Rig.jpg\",\"contentUrl\":\"https:\/\/global-hookah.com\/wp-content\/uploads\/2023\/05\/Arabian-Hookah-Full-Set-Single-Tube-Smoking-Pipe-Hookahs-Aluminum-Alloy-Vaporesso-Glass-Shisha-Dab-Rig.jpg\",\"width\":800,\"height\":800,\"caption\":\"Single-Pipe Arabian Hookah Wholesale\"},{\"@type\":\"BreadcrumbList\",\"@id\":\"https:\/\/global-hookah.com\/product\/single-pipe-arabian-hookah-wholesale\/#breadcrumb\",\"itemListElement\":[{\"@type\":\"ListItem\",\"position\":1,\"name\":\"Home\",\"item\":\"https:\/\/global-hookah.com\/\"},{\"@type\":\"ListItem\",\"position\":2,\"name\":\"Shop\",\"item\":\"https:\/\/global-hookah.com\/shop\/\"},{\"@type\":\"ListItem\",\"position\":3,\"name\":\"Single-Pipe Arabian Hookah Wholesale\"}]},{\"@type\":\"WebSite\",\"@id\":\"https:\/\/global-hookah.com\/#website\",\"url\":\"https:\/\/global-hookah.com\/\",\"name\":\"Global Hookah\",\"description\":\"Global Hookah\",\"publisher\":{\"@id\":\"https:\/\/global-hookah.com\/#organization\"},\"potentialAction\":[{\"@type\":\"SearchAction\",\"target\":{\"@type\":\"EntryPoint\",\"urlTemplate\":\"https:\/\/global-hookah.com\/?s={search_term_string}\"},\"query-input\":{\"@type\":\"PropertyValueSpecification\",\"valueRequired\":true,\"valueName\":\"search_term_string\"}}],\"inLanguage\":\"de\"},{\"@type\":\"Organization\",\"@id\":\"https:\/\/global-hookah.com\/#organization\",\"name\":\"Global Hookah\",\"url\":\"https:\/\/global-hookah.com\/\",\"logo\":{\"@type\":\"ImageObject\",\"inLanguage\":\"de\",\"@id\":\"https:\/\/global-hookah.com\/#\/schema\/logo\/image\/\",\"url\":\"https:\/\/global-hookah.com\/wp-content\/uploads\/2021\/10\/cropped-fgg.png\",\"contentUrl\":\"https:\/\/global-hookah.com\/wp-content\/uploads\/2021\/10\/cropped-fgg.png\",\"width\":512,\"height\":512,\"caption\":\"Global Hookah\"},\"image\":{\"@id\":\"https:\/\/global-hookah.com\/#\/schema\/logo\/image\/\"}}]}<\/script>\n<!-- \/ Yoast SEO Premium plugin. -->","yoast_head_json":{"title":"Einrohrige arabische Wasserpfeife Gro\u00dfhandel - Global Hookah","robots":{"index":"index","follow":"follow","max-snippet":"max-snippet:-1","max-image-preview":"max-image-preview:large","max-video-preview":"max-video-preview:-1"},"canonical":"https:\/\/global-hookah.com\/de\/produkt\/single-pipe-arabian-hookah-wholesale\/","og_locale":"de_DE","og_type":"article","og_title":"Single-Pipe Arabian Hookah Wholesale","og_description":"Can Support Customization Wholesale Can Be Supported Customized logo(Min. order 20 pieces) If you need wholesale hookah, please contact us by WhatsApp or email, and we will provide you with the wholesale price, our email is (muxiangpipe5@gmail.com)","og_url":"https:\/\/global-hookah.com\/de\/produkt\/single-pipe-arabian-hookah-wholesale\/","og_site_name":"Global Hookah","article_modified_time":"2024-01-12T07:49:35+00:00","og_image":[{"width":800,"height":800,"url":"https:\/\/global-hookah.com\/wp-content\/uploads\/2023\/05\/Arabian-Hookah-Full-Set-Single-Tube-Smoking-Pipe-Hookahs-Aluminum-Alloy-Vaporesso-Glass-Shisha-Dab-Rig.jpg","type":"image\/jpeg"}],"twitter_card":"summary_large_image","twitter_misc":{"Gesch\u00e4tzte Lesezeit":"3\u00a0Minuten"},"schema":{"@context":"https:\/\/schema.org","@graph":[{"@type":"WebPage","@id":"https:\/\/global-hookah.com\/product\/single-pipe-arabian-hookah-wholesale\/","url":"https:\/\/global-hookah.com\/product\/single-pipe-arabian-hookah-wholesale\/","name":"Einrohrige arabische Wasserpfeife Gro\u00dfhandel - Global Hookah","isPartOf":{"@id":"https:\/\/global-hookah.com\/#website"},"primaryImageOfPage":{"@id":"https:\/\/global-hookah.com\/product\/single-pipe-arabian-hookah-wholesale\/#primaryimage"},"image":{"@id":"https:\/\/global-hookah.com\/product\/single-pipe-arabian-hookah-wholesale\/#primaryimage"},"thumbnailUrl":"https:\/\/global-hookah.com\/wp-content\/uploads\/2023\/05\/Arabian-Hookah-Full-Set-Single-Tube-Smoking-Pipe-Hookahs-Aluminum-Alloy-Vaporesso-Glass-Shisha-Dab-Rig.jpg","datePublished":"2023-05-18T01:33:49+00:00","dateModified":"2024-01-12T07:49:35+00:00","breadcrumb":{"@id":"https:\/\/global-hookah.com\/product\/single-pipe-arabian-hookah-wholesale\/#breadcrumb"},"inLanguage":"de","potentialAction":[{"@type":"ReadAction","target":["https:\/\/global-hookah.com\/product\/single-pipe-arabian-hookah-wholesale\/"]}]},{"@type":"ImageObject","inLanguage":"de","@id":"https:\/\/global-hookah.com\/product\/single-pipe-arabian-hookah-wholesale\/#primaryimage","url":"https:\/\/global-hookah.com\/wp-content\/uploads\/2023\/05\/Arabian-Hookah-Full-Set-Single-Tube-Smoking-Pipe-Hookahs-Aluminum-Alloy-Vaporesso-Glass-Shisha-Dab-Rig.jpg","contentUrl":"https:\/\/global-hookah.com\/wp-content\/uploads\/2023\/05\/Arabian-Hookah-Full-Set-Single-Tube-Smoking-Pipe-Hookahs-Aluminum-Alloy-Vaporesso-Glass-Shisha-Dab-Rig.jpg","width":800,"height":800,"caption":"Single-Pipe Arabian Hookah Wholesale"},{"@type":"BreadcrumbList","@id":"https:\/\/global-hookah.com\/product\/single-pipe-arabian-hookah-wholesale\/#breadcrumb","itemListElement":[{"@type":"ListItem","position":1,"name":"Home","item":"https:\/\/global-hookah.com\/"},{"@type":"ListItem","position":2,"name":"Shop","item":"https:\/\/global-hookah.com\/shop\/"},{"@type":"ListItem","position":3,"name":"Single-Pipe Arabian Hookah Wholesale"}]},{"@type":"WebSite","@id":"https:\/\/global-hookah.com\/#website","url":"https:\/\/global-hookah.com\/","name":"Globale Wasserpfeife","description":"Globale Wasserpfeife","publisher":{"@id":"https:\/\/global-hookah.com\/#organization"},"potentialAction":[{"@type":"SearchAction","target":{"@type":"EntryPoint","urlTemplate":"https:\/\/global-hookah.com\/?s={search_term_string}"},"query-input":{"@type":"PropertyValueSpecification","valueRequired":true,"valueName":"search_term_string"}}],"inLanguage":"de"},{"@type":"Organization","@id":"https:\/\/global-hookah.com\/#organization","name":"Globale Wasserpfeife","url":"https:\/\/global-hookah.com\/","logo":{"@type":"ImageObject","inLanguage":"de","@id":"https:\/\/global-hookah.com\/#\/schema\/logo\/image\/","url":"https:\/\/global-hookah.com\/wp-content\/uploads\/2021\/10\/cropped-fgg.png","contentUrl":"https:\/\/global-hookah.com\/wp-content\/uploads\/2021\/10\/cropped-fgg.png","width":512,"height":512,"caption":"Global Hookah"},"image":{"@id":"https:\/\/global-hookah.com\/#\/schema\/logo\/image\/"}}]}},"_links":{"self":[{"href":"https:\/\/global-hookah.com\/de\/wp-json\/wp\/v2\/product\/11790","targetHints":{"allow":["GET"]}}],"collection":[{"href":"https:\/\/global-hookah.com\/de\/wp-json\/wp\/v2\/product"}],"about":[{"href":"https:\/\/global-hookah.com\/de\/wp-json\/wp\/v2\/types\/product"}],"replies":[{"embeddable":true,"href":"https:\/\/global-hookah.com\/de\/wp-json\/wp\/v2\/comments?post=11790"}],"version-history":[{"count":0,"href":"https:\/\/global-hookah.com\/de\/wp-json\/wp\/v2\/product\/11790\/revisions"}],"wp:featuredmedia":[{"embeddable":true,"href":"https:\/\/global-hookah.com\/de\/wp-json\/wp\/v2\/media\/11791"}],"wp:attachment":[{"href":"https:\/\/global-hookah.com\/de\/wp-json\/wp\/v2\/media?parent=11790"}],"wp:term":[{"taxonomy":"product_brand","embeddable":true,"href":"https:\/\/global-hookah.com\/de\/wp-json\/wp\/v2\/product_brand?post=11790"},{"taxonomy":"product_cat","embeddable":true,"href":"https:\/\/global-hookah.com\/de\/wp-json\/wp\/v2\/product_cat?post=11790"},{"taxonomy":"product_tag","embeddable":true,"href":"https:\/\/global-hookah.com\/de\/wp-json\/wp\/v2\/product_tag?post=11790"}],"curies":[{"name":"wp","href":"https:\/\/api.w.org\/{rel}","templated":true}]}}