{"id":11799,"date":"2023-05-18T01:54:10","date_gmt":"2023-05-18T01:54:10","guid":{"rendered":"https:\/\/global-hookah.com\/product\/travel-glass-shisha-hookah-pipe-wholesale\/"},"modified":"2024-01-12T07:49:34","modified_gmt":"2024-01-12T07:49:34","slug":"travel-glass-shisha-hookah-pipe-wholesale","status":"publish","type":"product","link":"https:\/\/global-hookah.com\/de\/produkt\/travel-glass-shisha-hookah-pipe-wholesale\/","title":{"rendered":"Reise Glas Shisha Wasserpfeife Gro\u00dfhandel"},"content":{"rendered":"<div class=\"detailmodule_text\">\n<p>Als<a href=\"https:\/\/global-hookah.com\/product-category\/hookahs\/wholesale-hookah\/\"><strong> f\u00fchrender Hookah-Pfeifen-Gro\u00dfh\u00e4ndler<\/strong><\/a> in der Branche sind wir bestrebt, unseren Kunden au\u00dfergew\u00f6hnliche Produkte zu wettbewerbsf\u00e4higen Preisen zu bieten. Unsere Travel Glass Shisha Hookah Pipe ist die perfekte Erg\u00e4nzung zu Ihrem Inventar und bedient die wachsende Nachfrage nach tragbaren und hochwertigen Shisha-L\u00f6sungen. Durch <strong>Gro\u00dfhandel unsere Reise Glas Shisha Hookah Pfeife<\/strong> Sie k\u00f6nnen Ihren Kunden etwas Einzigartiges bieten, das sie wirklich lieben Und ein bequemes Raucherlebnis<\/p>\n<\/div>\n<div class=\"detailmodule_image\"><img decoding=\"async\" class=\"detail-desc-decorate-image\" src=\"https:\/\/ae01.alicdn.com\/kf\/H74a149e4b2a34329bd7a1c19a34a0a624.jpg\" \/><\/div>\n<div class=\"detailmodule_image\">\n<p>Diese<strong> Reise Glas Shisha Shisha Pfeife<\/strong> ist eine Art von Shisha-Pfeife, die speziell f\u00fcr Reisen entwickelt wurde. Das bedeutet, dass sie mit einigen gro\u00dfartigen Eigenschaften ausgestattet ist, die sie ideal f\u00fcr die Mitnahme auf Reisen und in den Urlaub machen, ohne dass Sie sich Sorgen machen m\u00fcssen, Ihr wertvolles Eigentum w\u00e4hrend des Transports zu besch\u00e4digen! Die<strong> Reise Glas Shisha Shisha Pfeife Gro\u00dfhandel<\/strong> bietet viele Vorteile gegen\u00fcber <a href=\"https:\/\/global-hookah.com\/product-category\/hookahs\/\">andere Arten von Shisha<\/a> weil sie einfacher zu reinigen und zu pflegen ist als andere Pfeifen, die aus Metall- oder Kunststoffteilen hergestellt werden. Sie bietet auch ein einzigartiges Aussehen aufgrund ihrer Glas-Arsch-Konstruktion, die dazu beitr\u00e4gt, dass sich diese besondere Pfeife von anderen Pfeifen abhebt.<\/p>\n<p><img decoding=\"async\" class=\"detail-desc-decorate-image\" src=\"https:\/\/ae01.alicdn.com\/kf\/Hb84d7eb21bfa4aec836bb33b5c3c204dR.jpg\" \/><\/p>\n<\/div>\n<div class=\"detailmodule_image\">\n<p>Dar\u00fcber hinaus kommt die Wasserpfeife Basis mit notwendigen <a href=\"https:\/\/global-hookah.com\/product-category\/hookah-parts\/\">Zubeh\u00f6r einschlie\u00dflich Zangen<\/a>so k\u00f6nnen Sie leicht diese Wasserpfeife verwenden, wo immer Sie wollen. Es ist ein ideales Produkt f\u00fcr Reisen oder Outdoor-Aktivit\u00e4ten. In Bezug auf das Design, gibt es viele verschiedene Designs zur Auswahl. Sie k\u00f6nnen eine Reise Wasserpfeife mit einer Schale oder ohne eine w\u00e4hlen. Die <a href=\"https:\/\/global-hookah.com\/product\/arabian-2-hose-glass-hookah\/\">Die Wasserpfeife selbst besteht aus Glas.<\/a> Das macht es haltbarer als andere Materialien wie Kunststoff.<\/p>\n<p>Wenn Sie mehr wissen wollen \u00fcber <strong>Gro\u00dfhandel Reise-Hookahs<\/strong> dann schauen Sie auf unserer Website nach, wo wir alle Informationen im Detail aufgelistet haben, einschlie\u00dflich aller Vorteile, die mit der Verwendung dieser Wasserpfeifen im Vergleich zu normal gro\u00dfen Wasserpfeifen einhergehen!<\/p>\n<p><img decoding=\"async\" class=\"detail-desc-decorate-image\" src=\"https:\/\/ae01.alicdn.com\/kf\/H3a632b62917049a48371e6abc430f5f3L.jpg\" \/><img decoding=\"async\" class=\"detail-desc-decorate-image\" src=\"https:\/\/ae01.alicdn.com\/kf\/H5d20087c63bc43de99de7b023992a43aa.jpg\" \/><img decoding=\"async\" class=\"detail-desc-decorate-image\" src=\"https:\/\/ae01.alicdn.com\/kf\/H4d20a74618d0420f94e24e080c6b1501K.jpg\" \/><img decoding=\"async\" class=\"detail-desc-decorate-image\" src=\"https:\/\/ae01.alicdn.com\/kf\/H40681d8b5e4e410597413abf0ddfacc57.jpg\" \/><img decoding=\"async\" class=\"detail-desc-decorate-image\" src=\"https:\/\/ae01.alicdn.com\/kf\/He7dc6f3b16ce4528a58f37a14870147ay.jpg\" \/><img decoding=\"async\" class=\"detail-desc-decorate-image\" src=\"https:\/\/ae01.alicdn.com\/kf\/Haa1ff93b08fc4ff083c60990be1184abs.jpg\" \/><\/p>\n<\/div>\n<div class=\"detailmodule_image\"><img decoding=\"async\" class=\"detail-desc-decorate-image\" src=\"https:\/\/ae01.alicdn.com\/kf\/Hf9ebb7e266c34a629b3716c281c8e99fX.jpg\" \/><\/div>\n<p>&nbsp;<\/p>\n<p>&nbsp;<\/p>\n<p>&nbsp;<\/p>\n<p>&nbsp;<\/p>\n<p>&nbsp;<\/p>","protected":false},"excerpt":{"rendered":"<p>Kann Anpassungen unterst\u00fctzen<br \/>\nGro\u00dfhandel kann unterst\u00fctzt werden<br \/>\nKundenspezifisches Logo (Mindestbestellmenge 20 St\u00fcck)<br \/>\nWenn Sie Gro\u00dfhandel Wasserpfeife ben\u00f6tigen, kontaktieren Sie uns bitte per WhatsApp oder E-Mail, und wir werden Sie mit dem Gro\u00dfhandelspreis, unsere E-Mail ist (muxiangpipe5@gmail.com)<\/p>","protected":false},"featured_media":11800,"comment_status":"open","ping_status":"closed","template":"","meta":{"iawp_total_views":3,"_joinchat":[]},"product_brand":[],"product_cat":[560,559,119],"product_tag":[],"class_list":{"0":"post-11799","1":"product","2":"type-product","3":"status-publish","4":"has-post-thumbnail","6":"product_cat-glass-hookah-wholesale","7":"product_cat-portable-hookah-wholesale","8":"product_cat-wholesale-hookah","10":"first","11":"instock","12":"shipping-taxable","13":"product-type-external"},"yoast_head":"<!-- This site is optimized with the Yoast SEO Premium plugin v24.7 (Yoast SEO v26.8) - https:\/\/yoast.com\/product\/yoast-seo-premium-wordpress\/ -->\n<title>Travel Glass Shisha Hookah Pipe Wholesale - Global Hookah<\/title>\n<meta name=\"robots\" content=\"index, follow, max-snippet:-1, max-image-preview:large, max-video-preview:-1\" \/>\n<link rel=\"canonical\" href=\"https:\/\/global-hookah.com\/de\/pt\/produto\/atacado-de-cachimbo-de-narguile-de-vidro-para-viagem\/\" \/>\n<meta property=\"og:locale\" content=\"de_DE\" \/>\n<meta property=\"og:type\" content=\"article\" \/>\n<meta property=\"og:title\" content=\"Travel Glass Shisha Hookah Pipe Wholesale\" \/>\n<meta property=\"og:description\" content=\"Can Support Customization Wholesale Can Be Supported Customized logo(Min. order 20 pieces) If you need wholesale hookah, please contact us by WhatsApp or email, and we will provide you with the wholesale price, our email is (muxiangpipe5@gmail.com)\" \/>\n<meta property=\"og:url\" content=\"https:\/\/global-hookah.com\/de\/pt\/produto\/atacado-de-cachimbo-de-narguile-de-vidro-para-viagem\/\" \/>\n<meta property=\"og:site_name\" content=\"Global Hookah\" \/>\n<meta property=\"article:modified_time\" content=\"2024-01-12T07:49:34+00:00\" \/>\n<meta property=\"og:image\" content=\"https:\/\/global-hookah.com\/wp-content\/uploads\/2023\/05\/DEJAYA-Travel-Glass-Shisha-Hookah-Pipe-Chicha-Narguile-Completo-Nargile-with-Sheesha-Ceramic-Bowl-Charcoal-Tongs.jpg\" \/>\n\t<meta property=\"og:image:width\" content=\"1000\" \/>\n\t<meta property=\"og:image:height\" content=\"1000\" \/>\n\t<meta property=\"og:image:type\" content=\"image\/jpeg\" \/>\n<meta name=\"twitter:card\" content=\"summary_large_image\" \/>\n<meta name=\"twitter:label1\" content=\"Gesch\u00e4tzte Lesezeit\" \/>\n\t<meta name=\"twitter:data1\" content=\"4\u00a0Minuten\" \/>\n<script type=\"application\/ld+json\" class=\"yoast-schema-graph\">{\"@context\":\"https:\/\/schema.org\",\"@graph\":[{\"@type\":\"WebPage\",\"@id\":\"https:\/\/global-hookah.com\/pt\/produto\/atacado-de-cachimbo-de-narguile-de-vidro-para-viagem\/\",\"url\":\"https:\/\/global-hookah.com\/pt\/produto\/atacado-de-cachimbo-de-narguile-de-vidro-para-viagem\/\",\"name\":\"Travel Glass Shisha Hookah Pipe Wholesale - Global Hookah\",\"isPartOf\":{\"@id\":\"https:\/\/global-hookah.com\/#website\"},\"primaryImageOfPage\":{\"@id\":\"https:\/\/global-hookah.com\/pt\/produto\/atacado-de-cachimbo-de-narguile-de-vidro-para-viagem\/#primaryimage\"},\"image\":{\"@id\":\"https:\/\/global-hookah.com\/pt\/produto\/atacado-de-cachimbo-de-narguile-de-vidro-para-viagem\/#primaryimage\"},\"thumbnailUrl\":\"https:\/\/global-hookah.com\/wp-content\/uploads\/2023\/05\/DEJAYA-Travel-Glass-Shisha-Hookah-Pipe-Chicha-Narguile-Completo-Nargile-with-Sheesha-Ceramic-Bowl-Charcoal-Tongs.jpg\",\"datePublished\":\"2023-05-18T01:54:10+00:00\",\"dateModified\":\"2024-01-12T07:49:34+00:00\",\"breadcrumb\":{\"@id\":\"https:\/\/global-hookah.com\/pt\/produto\/atacado-de-cachimbo-de-narguile-de-vidro-para-viagem\/#breadcrumb\"},\"inLanguage\":\"de\",\"potentialAction\":[{\"@type\":\"ReadAction\",\"target\":[\"https:\/\/global-hookah.com\/pt\/produto\/atacado-de-cachimbo-de-narguile-de-vidro-para-viagem\/\"]}]},{\"@type\":\"ImageObject\",\"inLanguage\":\"de\",\"@id\":\"https:\/\/global-hookah.com\/pt\/produto\/atacado-de-cachimbo-de-narguile-de-vidro-para-viagem\/#primaryimage\",\"url\":\"https:\/\/global-hookah.com\/wp-content\/uploads\/2023\/05\/DEJAYA-Travel-Glass-Shisha-Hookah-Pipe-Chicha-Narguile-Completo-Nargile-with-Sheesha-Ceramic-Bowl-Charcoal-Tongs.jpg\",\"contentUrl\":\"https:\/\/global-hookah.com\/wp-content\/uploads\/2023\/05\/DEJAYA-Travel-Glass-Shisha-Hookah-Pipe-Chicha-Narguile-Completo-Nargile-with-Sheesha-Ceramic-Bowl-Charcoal-Tongs.jpg\",\"width\":1000,\"height\":1000,\"caption\":\"Travel Glass Shisha Hookah Pipe Wholesale\"},{\"@type\":\"BreadcrumbList\",\"@id\":\"https:\/\/global-hookah.com\/pt\/produto\/atacado-de-cachimbo-de-narguile-de-vidro-para-viagem\/#breadcrumb\",\"itemListElement\":[{\"@type\":\"ListItem\",\"position\":1,\"name\":\"Home\",\"item\":\"https:\/\/global-hookah.com\/\"},{\"@type\":\"ListItem\",\"position\":2,\"name\":\"Shop\",\"item\":\"https:\/\/global-hookah.com\/shop\/\"},{\"@type\":\"ListItem\",\"position\":3,\"name\":\"Travel Glass Shisha Hookah Pipe Wholesale\"}]},{\"@type\":\"WebSite\",\"@id\":\"https:\/\/global-hookah.com\/#website\",\"url\":\"https:\/\/global-hookah.com\/\",\"name\":\"Global Hookah\",\"description\":\"Global Hookah\",\"publisher\":{\"@id\":\"https:\/\/global-hookah.com\/#organization\"},\"potentialAction\":[{\"@type\":\"SearchAction\",\"target\":{\"@type\":\"EntryPoint\",\"urlTemplate\":\"https:\/\/global-hookah.com\/?s={search_term_string}\"},\"query-input\":{\"@type\":\"PropertyValueSpecification\",\"valueRequired\":true,\"valueName\":\"search_term_string\"}}],\"inLanguage\":\"de\"},{\"@type\":\"Organization\",\"@id\":\"https:\/\/global-hookah.com\/#organization\",\"name\":\"Global Hookah\",\"url\":\"https:\/\/global-hookah.com\/\",\"logo\":{\"@type\":\"ImageObject\",\"inLanguage\":\"de\",\"@id\":\"https:\/\/global-hookah.com\/#\/schema\/logo\/image\/\",\"url\":\"https:\/\/global-hookah.com\/wp-content\/uploads\/2021\/10\/cropped-fgg.png\",\"contentUrl\":\"https:\/\/global-hookah.com\/wp-content\/uploads\/2021\/10\/cropped-fgg.png\",\"width\":512,\"height\":512,\"caption\":\"Global Hookah\"},\"image\":{\"@id\":\"https:\/\/global-hookah.com\/#\/schema\/logo\/image\/\"}}]}<\/script>\n<!-- \/ Yoast SEO Premium plugin. -->","yoast_head_json":{"title":"Reise Glas Shisha Hookah Pfeife Gro\u00dfhandel - Global Hookah","robots":{"index":"index","follow":"follow","max-snippet":"max-snippet:-1","max-image-preview":"max-image-preview:large","max-video-preview":"max-video-preview:-1"},"canonical":"https:\/\/global-hookah.com\/de\/pt\/produto\/atacado-de-cachimbo-de-narguile-de-vidro-para-viagem\/","og_locale":"de_DE","og_type":"article","og_title":"Travel Glass Shisha Hookah Pipe Wholesale","og_description":"Can Support Customization Wholesale Can Be Supported Customized logo(Min. order 20 pieces) If you need wholesale hookah, please contact us by WhatsApp or email, and we will provide you with the wholesale price, our email is (muxiangpipe5@gmail.com)","og_url":"https:\/\/global-hookah.com\/de\/pt\/produto\/atacado-de-cachimbo-de-narguile-de-vidro-para-viagem\/","og_site_name":"Global Hookah","article_modified_time":"2024-01-12T07:49:34+00:00","og_image":[{"width":1000,"height":1000,"url":"https:\/\/global-hookah.com\/wp-content\/uploads\/2023\/05\/DEJAYA-Travel-Glass-Shisha-Hookah-Pipe-Chicha-Narguile-Completo-Nargile-with-Sheesha-Ceramic-Bowl-Charcoal-Tongs.jpg","type":"image\/jpeg"}],"twitter_card":"summary_large_image","twitter_misc":{"Gesch\u00e4tzte Lesezeit":"4\u00a0Minuten"},"schema":{"@context":"https:\/\/schema.org","@graph":[{"@type":"WebPage","@id":"https:\/\/global-hookah.com\/pt\/produto\/atacado-de-cachimbo-de-narguile-de-vidro-para-viagem\/","url":"https:\/\/global-hookah.com\/pt\/produto\/atacado-de-cachimbo-de-narguile-de-vidro-para-viagem\/","name":"Reise Glas Shisha Hookah Pfeife Gro\u00dfhandel - Global Hookah","isPartOf":{"@id":"https:\/\/global-hookah.com\/#website"},"primaryImageOfPage":{"@id":"https:\/\/global-hookah.com\/pt\/produto\/atacado-de-cachimbo-de-narguile-de-vidro-para-viagem\/#primaryimage"},"image":{"@id":"https:\/\/global-hookah.com\/pt\/produto\/atacado-de-cachimbo-de-narguile-de-vidro-para-viagem\/#primaryimage"},"thumbnailUrl":"https:\/\/global-hookah.com\/wp-content\/uploads\/2023\/05\/DEJAYA-Travel-Glass-Shisha-Hookah-Pipe-Chicha-Narguile-Completo-Nargile-with-Sheesha-Ceramic-Bowl-Charcoal-Tongs.jpg","datePublished":"2023-05-18T01:54:10+00:00","dateModified":"2024-01-12T07:49:34+00:00","breadcrumb":{"@id":"https:\/\/global-hookah.com\/pt\/produto\/atacado-de-cachimbo-de-narguile-de-vidro-para-viagem\/#breadcrumb"},"inLanguage":"de","potentialAction":[{"@type":"ReadAction","target":["https:\/\/global-hookah.com\/pt\/produto\/atacado-de-cachimbo-de-narguile-de-vidro-para-viagem\/"]}]},{"@type":"ImageObject","inLanguage":"de","@id":"https:\/\/global-hookah.com\/pt\/produto\/atacado-de-cachimbo-de-narguile-de-vidro-para-viagem\/#primaryimage","url":"https:\/\/global-hookah.com\/wp-content\/uploads\/2023\/05\/DEJAYA-Travel-Glass-Shisha-Hookah-Pipe-Chicha-Narguile-Completo-Nargile-with-Sheesha-Ceramic-Bowl-Charcoal-Tongs.jpg","contentUrl":"https:\/\/global-hookah.com\/wp-content\/uploads\/2023\/05\/DEJAYA-Travel-Glass-Shisha-Hookah-Pipe-Chicha-Narguile-Completo-Nargile-with-Sheesha-Ceramic-Bowl-Charcoal-Tongs.jpg","width":1000,"height":1000,"caption":"Travel Glass Shisha Hookah Pipe Wholesale"},{"@type":"BreadcrumbList","@id":"https:\/\/global-hookah.com\/pt\/produto\/atacado-de-cachimbo-de-narguile-de-vidro-para-viagem\/#breadcrumb","itemListElement":[{"@type":"ListItem","position":1,"name":"Home","item":"https:\/\/global-hookah.com\/"},{"@type":"ListItem","position":2,"name":"Shop","item":"https:\/\/global-hookah.com\/shop\/"},{"@type":"ListItem","position":3,"name":"Travel Glass Shisha Hookah Pipe Wholesale"}]},{"@type":"WebSite","@id":"https:\/\/global-hookah.com\/#website","url":"https:\/\/global-hookah.com\/","name":"Globale Wasserpfeife","description":"Globale Wasserpfeife","publisher":{"@id":"https:\/\/global-hookah.com\/#organization"},"potentialAction":[{"@type":"SearchAction","target":{"@type":"EntryPoint","urlTemplate":"https:\/\/global-hookah.com\/?s={search_term_string}"},"query-input":{"@type":"PropertyValueSpecification","valueRequired":true,"valueName":"search_term_string"}}],"inLanguage":"de"},{"@type":"Organization","@id":"https:\/\/global-hookah.com\/#organization","name":"Globale Wasserpfeife","url":"https:\/\/global-hookah.com\/","logo":{"@type":"ImageObject","inLanguage":"de","@id":"https:\/\/global-hookah.com\/#\/schema\/logo\/image\/","url":"https:\/\/global-hookah.com\/wp-content\/uploads\/2021\/10\/cropped-fgg.png","contentUrl":"https:\/\/global-hookah.com\/wp-content\/uploads\/2021\/10\/cropped-fgg.png","width":512,"height":512,"caption":"Global Hookah"},"image":{"@id":"https:\/\/global-hookah.com\/#\/schema\/logo\/image\/"}}]}},"_links":{"self":[{"href":"https:\/\/global-hookah.com\/de\/wp-json\/wp\/v2\/product\/11799","targetHints":{"allow":["GET"]}}],"collection":[{"href":"https:\/\/global-hookah.com\/de\/wp-json\/wp\/v2\/product"}],"about":[{"href":"https:\/\/global-hookah.com\/de\/wp-json\/wp\/v2\/types\/product"}],"replies":[{"embeddable":true,"href":"https:\/\/global-hookah.com\/de\/wp-json\/wp\/v2\/comments?post=11799"}],"version-history":[{"count":0,"href":"https:\/\/global-hookah.com\/de\/wp-json\/wp\/v2\/product\/11799\/revisions"}],"wp:featuredmedia":[{"embeddable":true,"href":"https:\/\/global-hookah.com\/de\/wp-json\/wp\/v2\/media\/11800"}],"wp:attachment":[{"href":"https:\/\/global-hookah.com\/de\/wp-json\/wp\/v2\/media?parent=11799"}],"wp:term":[{"taxonomy":"product_brand","embeddable":true,"href":"https:\/\/global-hookah.com\/de\/wp-json\/wp\/v2\/product_brand?post=11799"},{"taxonomy":"product_cat","embeddable":true,"href":"https:\/\/global-hookah.com\/de\/wp-json\/wp\/v2\/product_cat?post=11799"},{"taxonomy":"product_tag","embeddable":true,"href":"https:\/\/global-hookah.com\/de\/wp-json\/wp\/v2\/product_tag?post=11799"}],"curies":[{"name":"wp","href":"https:\/\/api.w.org\/{rel}","templated":true}]}}