{"id":11817,"date":"2023-05-18T02:00:24","date_gmt":"2023-05-18T02:00:24","guid":{"rendered":"https:\/\/global-hookah.com\/product\/premium-hookah-set-wholesale\/"},"modified":"2023-06-18T06:27:44","modified_gmt":"2023-06-18T06:27:44","slug":"premium-hookah-set-wholesale","status":"publish","type":"product","link":"https:\/\/global-hookah.com\/de\/produkt\/premium-hookah-set-wholesale\/","title":{"rendered":"Premium Hookah Set Gro\u00dfhandel"},"content":{"rendered":"<p>Herzlichen Gl\u00fcckwunsch, Sie haben den besten Ort gefunden, um <strong>Gro\u00dfhandel ein hochwertiges Premium Hookah Set<\/strong>. Wir bieten die h\u00f6chsten Kaliber Waren zu wettbewerbsf\u00e4higen Kosten als Branchenf\u00fchrer in Wasserpfeifen und Wasserpfeifen Zubeh\u00f6r. Wir haben es f\u00fcr Sie bereit! und unsere <strong><a class=\"wpil_keyword_link\" title=\"Gro\u00dfhandel Wasserpfeife\" href=\"https:\/\/global-hookah.com\/product-category\/hookahs\/wholesale-hookah\/\" data-wpil-keyword-link=\"linked\">Gro\u00dfhandel Wasserpfeife<\/a> setzt<\/strong> enthalten alles, was Sie brauchen, um mit dem Rauchen einer Wasserpfeife zu beginnen.<\/p>\n<p>Unsere Premium Hookah Set Gro\u00dfhandel ist aus hochwertigen Materialien gefertigt und kann nach Ihren Anforderungen angepasst werden. Mit fortschrittlicher Technologie und qualifizierte Mitarbeiter, k\u00f6nnen wir Ihnen die gute Qualit\u00e4t unserer Produkte zu versichern. Bitte seien Sie versichert, zu kaufen oder <strong>Gro\u00dfhandel bulk hookah Satz<\/strong> zum Verkauf aus unserem <strong>Wasserpfeifenfabrik<\/strong><\/p>\n<div id=\"offer-template-0\"><img decoding=\"async\" src=\"https:\/\/ae03.alicdn.com\/kf\/S718fb562e4f248eaa610820af399b705Z.jpg\" \/><img decoding=\"async\" src=\"https:\/\/ae03.alicdn.com\/kf\/S9364c0b461944b52b6d776bad5e48047e.jpg\" \/><img decoding=\"async\" src=\"https:\/\/ae03.alicdn.com\/kf\/S33eedfb8ab1a494a885cdf4be6d3b45bk.jpg\" \/><img decoding=\"async\" src=\"https:\/\/ae03.alicdn.com\/kf\/S2a514378e88c4ea88baf11d66920456a2.jpg\" \/><img decoding=\"async\" src=\"https:\/\/ae03.alicdn.com\/kf\/S18932c2073014c26b24e9471631f32bbj.jpg\" \/><img decoding=\"async\" src=\"https:\/\/ae03.alicdn.com\/kf\/S5b7bb9c5accb4a72b3781a893cb809d10.jpg\" \/><\/div>","protected":false},"excerpt":{"rendered":"<p>Kann Anpassungen unterst\u00fctzen<br \/>\nGro\u00dfhandel kann unterst\u00fctzt werden<br \/>\nKundenspezifisches Logo (Mindestbestellmenge 20 St\u00fcck)<br \/>\nWenn Sie Gro\u00dfhandel Wasserpfeife ben\u00f6tigen, kontaktieren Sie uns bitte per WhatsApp oder E-Mail, und wir werden Sie mit dem Gro\u00dfhandelspreis, unsere E-Mail ist (muxiangpipe5@gmail.com)<\/p>","protected":false},"featured_media":11818,"comment_status":"open","ping_status":"closed","template":"","meta":{"iawp_total_views":11,"_joinchat":[]},"product_brand":[],"product_cat":[119],"product_tag":[],"class_list":{"0":"post-11817","1":"product","2":"type-product","3":"status-publish","4":"has-post-thumbnail","6":"product_cat-wholesale-hookah","8":"first","9":"instock","10":"shipping-taxable","11":"purchasable","12":"product-type-simple"},"yoast_head":"<!-- This site is optimized with the Yoast SEO Premium plugin v24.7 (Yoast SEO v26.8) - https:\/\/yoast.com\/product\/yoast-seo-premium-wordpress\/ -->\n<title>Premium Hookah Set Wholesale - Global Hookah<\/title>\n<meta name=\"robots\" content=\"index, follow, max-snippet:-1, max-image-preview:large, max-video-preview:-1\" \/>\n<link rel=\"canonical\" href=\"https:\/\/global-hookah.com\/de\/produkt\/premium-hookah-set-wholesale\/\" \/>\n<meta property=\"og:locale\" content=\"de_DE\" \/>\n<meta property=\"og:type\" content=\"article\" \/>\n<meta property=\"og:title\" content=\"Premium Hookah Set Wholesale\" \/>\n<meta property=\"og:description\" content=\"Can Support Customization Wholesale Can Be Supported Customized logo(Min. order 20 pieces) If you need\u00a0wholesale hookah, please contact us by WhatsApp or email, and we will provide you with the wholesale price, our email is (muxiangpipe5@gmail.com)\" \/>\n<meta property=\"og:url\" content=\"https:\/\/global-hookah.com\/de\/produkt\/premium-hookah-set-wholesale\/\" \/>\n<meta property=\"og:site_name\" content=\"Global Hookah\" \/>\n<meta property=\"article:modified_time\" content=\"2023-06-18T06:27:44+00:00\" \/>\n<meta property=\"og:image\" content=\"https:\/\/global-hookah.com\/wp-content\/uploads\/2023\/05\/Premium-Hookah-Set-With-Unique-Glass-Vase-Hose-Hookah-Bowl-Coals-Tong-Stainless-Steel-Shisha-Complete.jpg\" \/>\n\t<meta property=\"og:image:width\" content=\"1200\" \/>\n\t<meta property=\"og:image:height\" content=\"1200\" \/>\n\t<meta property=\"og:image:type\" content=\"image\/jpeg\" \/>\n<meta name=\"twitter:card\" content=\"summary_large_image\" \/>\n<meta name=\"twitter:label1\" content=\"Gesch\u00e4tzte Lesezeit\" \/>\n\t<meta name=\"twitter:data1\" content=\"2\u00a0Minuten\" \/>\n<script type=\"application\/ld+json\" class=\"yoast-schema-graph\">{\"@context\":\"https:\/\/schema.org\",\"@graph\":[{\"@type\":\"WebPage\",\"@id\":\"https:\/\/global-hookah.com\/product\/premium-hookah-set-wholesale\/\",\"url\":\"https:\/\/global-hookah.com\/product\/premium-hookah-set-wholesale\/\",\"name\":\"Premium Hookah Set Wholesale - Global Hookah\",\"isPartOf\":{\"@id\":\"https:\/\/global-hookah.com\/#website\"},\"primaryImageOfPage\":{\"@id\":\"https:\/\/global-hookah.com\/product\/premium-hookah-set-wholesale\/#primaryimage\"},\"image\":{\"@id\":\"https:\/\/global-hookah.com\/product\/premium-hookah-set-wholesale\/#primaryimage\"},\"thumbnailUrl\":\"https:\/\/global-hookah.com\/wp-content\/uploads\/2023\/05\/Premium-Hookah-Set-With-Unique-Glass-Vase-Hose-Hookah-Bowl-Coals-Tong-Stainless-Steel-Shisha-Complete.jpg\",\"datePublished\":\"2023-05-18T02:00:24+00:00\",\"dateModified\":\"2023-06-18T06:27:44+00:00\",\"breadcrumb\":{\"@id\":\"https:\/\/global-hookah.com\/product\/premium-hookah-set-wholesale\/#breadcrumb\"},\"inLanguage\":\"de\",\"potentialAction\":[{\"@type\":\"ReadAction\",\"target\":[\"https:\/\/global-hookah.com\/product\/premium-hookah-set-wholesale\/\"]}]},{\"@type\":\"ImageObject\",\"inLanguage\":\"de\",\"@id\":\"https:\/\/global-hookah.com\/product\/premium-hookah-set-wholesale\/#primaryimage\",\"url\":\"https:\/\/global-hookah.com\/wp-content\/uploads\/2023\/05\/Premium-Hookah-Set-With-Unique-Glass-Vase-Hose-Hookah-Bowl-Coals-Tong-Stainless-Steel-Shisha-Complete.jpg\",\"contentUrl\":\"https:\/\/global-hookah.com\/wp-content\/uploads\/2023\/05\/Premium-Hookah-Set-With-Unique-Glass-Vase-Hose-Hookah-Bowl-Coals-Tong-Stainless-Steel-Shisha-Complete.jpg\",\"width\":1200,\"height\":1200,\"caption\":\"Premium Hookah Set Wholesale\"},{\"@type\":\"BreadcrumbList\",\"@id\":\"https:\/\/global-hookah.com\/product\/premium-hookah-set-wholesale\/#breadcrumb\",\"itemListElement\":[{\"@type\":\"ListItem\",\"position\":1,\"name\":\"Home\",\"item\":\"https:\/\/global-hookah.com\/\"},{\"@type\":\"ListItem\",\"position\":2,\"name\":\"Shop\",\"item\":\"https:\/\/global-hookah.com\/shop\/\"},{\"@type\":\"ListItem\",\"position\":3,\"name\":\"Premium Hookah Set Wholesale\"}]},{\"@type\":\"WebSite\",\"@id\":\"https:\/\/global-hookah.com\/#website\",\"url\":\"https:\/\/global-hookah.com\/\",\"name\":\"Global Hookah\",\"description\":\"Global Hookah\",\"publisher\":{\"@id\":\"https:\/\/global-hookah.com\/#organization\"},\"potentialAction\":[{\"@type\":\"SearchAction\",\"target\":{\"@type\":\"EntryPoint\",\"urlTemplate\":\"https:\/\/global-hookah.com\/?s={search_term_string}\"},\"query-input\":{\"@type\":\"PropertyValueSpecification\",\"valueRequired\":true,\"valueName\":\"search_term_string\"}}],\"inLanguage\":\"de\"},{\"@type\":\"Organization\",\"@id\":\"https:\/\/global-hookah.com\/#organization\",\"name\":\"Global Hookah\",\"url\":\"https:\/\/global-hookah.com\/\",\"logo\":{\"@type\":\"ImageObject\",\"inLanguage\":\"de\",\"@id\":\"https:\/\/global-hookah.com\/#\/schema\/logo\/image\/\",\"url\":\"https:\/\/global-hookah.com\/wp-content\/uploads\/2021\/10\/cropped-fgg.png\",\"contentUrl\":\"https:\/\/global-hookah.com\/wp-content\/uploads\/2021\/10\/cropped-fgg.png\",\"width\":512,\"height\":512,\"caption\":\"Global Hookah\"},\"image\":{\"@id\":\"https:\/\/global-hookah.com\/#\/schema\/logo\/image\/\"}}]}<\/script>\n<!-- \/ Yoast SEO Premium plugin. -->","yoast_head_json":{"title":"Premium Wasserpfeifen-Set Gro\u00dfhandel - Global Hookah","robots":{"index":"index","follow":"follow","max-snippet":"max-snippet:-1","max-image-preview":"max-image-preview:large","max-video-preview":"max-video-preview:-1"},"canonical":"https:\/\/global-hookah.com\/de\/produkt\/premium-hookah-set-wholesale\/","og_locale":"de_DE","og_type":"article","og_title":"Premium Hookah Set Wholesale","og_description":"Can Support Customization Wholesale Can Be Supported Customized logo(Min. order 20 pieces) If you need\u00a0wholesale hookah, please contact us by WhatsApp or email, and we will provide you with the wholesale price, our email is (muxiangpipe5@gmail.com)","og_url":"https:\/\/global-hookah.com\/de\/produkt\/premium-hookah-set-wholesale\/","og_site_name":"Global Hookah","article_modified_time":"2023-06-18T06:27:44+00:00","og_image":[{"width":1200,"height":1200,"url":"https:\/\/global-hookah.com\/wp-content\/uploads\/2023\/05\/Premium-Hookah-Set-With-Unique-Glass-Vase-Hose-Hookah-Bowl-Coals-Tong-Stainless-Steel-Shisha-Complete.jpg","type":"image\/jpeg"}],"twitter_card":"summary_large_image","twitter_misc":{"Gesch\u00e4tzte Lesezeit":"2\u00a0Minuten"},"schema":{"@context":"https:\/\/schema.org","@graph":[{"@type":"WebPage","@id":"https:\/\/global-hookah.com\/product\/premium-hookah-set-wholesale\/","url":"https:\/\/global-hookah.com\/product\/premium-hookah-set-wholesale\/","name":"Premium Wasserpfeifen-Set Gro\u00dfhandel - Global Hookah","isPartOf":{"@id":"https:\/\/global-hookah.com\/#website"},"primaryImageOfPage":{"@id":"https:\/\/global-hookah.com\/product\/premium-hookah-set-wholesale\/#primaryimage"},"image":{"@id":"https:\/\/global-hookah.com\/product\/premium-hookah-set-wholesale\/#primaryimage"},"thumbnailUrl":"https:\/\/global-hookah.com\/wp-content\/uploads\/2023\/05\/Premium-Hookah-Set-With-Unique-Glass-Vase-Hose-Hookah-Bowl-Coals-Tong-Stainless-Steel-Shisha-Complete.jpg","datePublished":"2023-05-18T02:00:24+00:00","dateModified":"2023-06-18T06:27:44+00:00","breadcrumb":{"@id":"https:\/\/global-hookah.com\/product\/premium-hookah-set-wholesale\/#breadcrumb"},"inLanguage":"de","potentialAction":[{"@type":"ReadAction","target":["https:\/\/global-hookah.com\/product\/premium-hookah-set-wholesale\/"]}]},{"@type":"ImageObject","inLanguage":"de","@id":"https:\/\/global-hookah.com\/product\/premium-hookah-set-wholesale\/#primaryimage","url":"https:\/\/global-hookah.com\/wp-content\/uploads\/2023\/05\/Premium-Hookah-Set-With-Unique-Glass-Vase-Hose-Hookah-Bowl-Coals-Tong-Stainless-Steel-Shisha-Complete.jpg","contentUrl":"https:\/\/global-hookah.com\/wp-content\/uploads\/2023\/05\/Premium-Hookah-Set-With-Unique-Glass-Vase-Hose-Hookah-Bowl-Coals-Tong-Stainless-Steel-Shisha-Complete.jpg","width":1200,"height":1200,"caption":"Premium Hookah Set Wholesale"},{"@type":"BreadcrumbList","@id":"https:\/\/global-hookah.com\/product\/premium-hookah-set-wholesale\/#breadcrumb","itemListElement":[{"@type":"ListItem","position":1,"name":"Home","item":"https:\/\/global-hookah.com\/"},{"@type":"ListItem","position":2,"name":"Shop","item":"https:\/\/global-hookah.com\/shop\/"},{"@type":"ListItem","position":3,"name":"Premium Hookah Set Wholesale"}]},{"@type":"WebSite","@id":"https:\/\/global-hookah.com\/#website","url":"https:\/\/global-hookah.com\/","name":"Globale Wasserpfeife","description":"Globale Wasserpfeife","publisher":{"@id":"https:\/\/global-hookah.com\/#organization"},"potentialAction":[{"@type":"SearchAction","target":{"@type":"EntryPoint","urlTemplate":"https:\/\/global-hookah.com\/?s={search_term_string}"},"query-input":{"@type":"PropertyValueSpecification","valueRequired":true,"valueName":"search_term_string"}}],"inLanguage":"de"},{"@type":"Organization","@id":"https:\/\/global-hookah.com\/#organization","name":"Globale Wasserpfeife","url":"https:\/\/global-hookah.com\/","logo":{"@type":"ImageObject","inLanguage":"de","@id":"https:\/\/global-hookah.com\/#\/schema\/logo\/image\/","url":"https:\/\/global-hookah.com\/wp-content\/uploads\/2021\/10\/cropped-fgg.png","contentUrl":"https:\/\/global-hookah.com\/wp-content\/uploads\/2021\/10\/cropped-fgg.png","width":512,"height":512,"caption":"Global Hookah"},"image":{"@id":"https:\/\/global-hookah.com\/#\/schema\/logo\/image\/"}}]}},"_links":{"self":[{"href":"https:\/\/global-hookah.com\/de\/wp-json\/wp\/v2\/product\/11817","targetHints":{"allow":["GET"]}}],"collection":[{"href":"https:\/\/global-hookah.com\/de\/wp-json\/wp\/v2\/product"}],"about":[{"href":"https:\/\/global-hookah.com\/de\/wp-json\/wp\/v2\/types\/product"}],"replies":[{"embeddable":true,"href":"https:\/\/global-hookah.com\/de\/wp-json\/wp\/v2\/comments?post=11817"}],"version-history":[{"count":0,"href":"https:\/\/global-hookah.com\/de\/wp-json\/wp\/v2\/product\/11817\/revisions"}],"wp:featuredmedia":[{"embeddable":true,"href":"https:\/\/global-hookah.com\/de\/wp-json\/wp\/v2\/media\/11818"}],"wp:attachment":[{"href":"https:\/\/global-hookah.com\/de\/wp-json\/wp\/v2\/media?parent=11817"}],"wp:term":[{"taxonomy":"product_brand","embeddable":true,"href":"https:\/\/global-hookah.com\/de\/wp-json\/wp\/v2\/product_brand?post=11817"},{"taxonomy":"product_cat","embeddable":true,"href":"https:\/\/global-hookah.com\/de\/wp-json\/wp\/v2\/product_cat?post=11817"},{"taxonomy":"product_tag","embeddable":true,"href":"https:\/\/global-hookah.com\/de\/wp-json\/wp\/v2\/product_tag?post=11817"}],"curies":[{"name":"wp","href":"https:\/\/api.w.org\/{rel}","templated":true}]}}