{"id":11826,"date":"2023-05-18T02:04:13","date_gmt":"2023-05-18T02:04:13","guid":{"rendered":"https:\/\/global-hookah.com\/product\/hookah-pipe-narguile-with-acrylic-removable-accessories-smoking-pipes-mask-shisha-tobacco-pipe\/"},"modified":"2023-05-18T09:17:32","modified_gmt":"2023-05-18T09:17:32","slug":"silicone-gas-mask-bong-wholesale","status":"publish","type":"product","link":"https:\/\/global-hookah.com\/de\/produkt\/silicone-gas-mask-bong-wholesale\/","title":{"rendered":"Silikongasmaske Bong Gro\u00dfhandel"},"content":{"rendered":"<div class=\"product-specs-list-container\">\n<p>Wir sind ein seri\u00f6ses<strong> Hersteller und Exporteur von Gasmaske Bong in China<\/strong>. Wenn Sie sich f\u00fcr den Kauf einer <strong>Gro\u00dfhandel Gasmaske Bong<\/strong> von unserem Hersteller, bitte kontaktieren Sie uns<\/p>\n<p>An dieser Silikonbong ist eine Gasmaske befestigt, die sie zur<a href=\"https:\/\/global-hookah.com\/product-category\/bongs\/gas-mask-bong\/\"> Silikon-Gasmaske Bong<\/a>. Sie k\u00f6nnen den Rauch mit dieser Silikon-Gasmaske Bong genie\u00dfen, ohne sich Sorgen machen zu m\u00fcssen, dass er in Ihre Augen oder Ihren Mund gelangt!<\/p>\n<p>Sie inhalieren durch den Schlauch an der Seite der Gasmaskenbong, w\u00e4hrend Sie Ihre Lippen und Nase mit dem Mundst\u00fcck bedecken. Da der Rauch durch Wasser gefiltert wird, bevor er in die Lunge gelangt, k\u00f6nnen Sie wesentlich st\u00e4rkere Z\u00fcge nehmen als mit einer herk\u00f6mmlichen Bong. helfen Ihnen dabei, gef\u00e4hrliche Verbindungen zu entfernen, ohne die Potenz zu beeintr\u00e4chtigen<\/p>\n<p>Diese Silikon-Gasmasken-Bong wird dank ihres stilvollen und innovativen Designs garantiert ein Erfolg bei Bong-Fans. Sie k\u00f6nnen den gesamten Rauch Ihres bevorzugten trockenen Krauts oder Wachses einatmen, w\u00e4hrend Sie die Silikonmaske tragen, die bequem \u00fcber Ihr Gesicht passt. Und da sie aus hochwertigem Silikon besteht, ist die Reinigung der Innenkammer ein Kinderspiel.<\/p>\n<p>Das unverwechselbare Aussehen dieses Produkts ist es, was Raucher auf der ganzen Welt anspricht. Dies ist die ideale Option f\u00fcr Sie, wenn Sie m\u00f6chten, dass Ihre Freunde von Ihrer neuen Bong beeindruckt sind! Zum Kauf dieser <strong>Gasmaske Bong in loser Sch\u00fcttung<\/strong>rufen Sie uns jetzt an.<\/p>\n<\/div>\n<div id=\"offer-template-0\"><img decoding=\"async\" src=\"https:\/\/ae03.alicdn.com\/kf\/S24830569613e4a6ab53656558bc5bb74d.jpg\" \/><img decoding=\"async\" src=\"https:\/\/ae03.alicdn.com\/kf\/S609404a5f0f14d4bb0d8a42908806c5br.jpg\" \/><img decoding=\"async\" src=\"https:\/\/ae03.alicdn.com\/kf\/S06de8f5180ce4348b5539cdf22b74fefc.jpg\" \/><img decoding=\"async\" src=\"https:\/\/ae03.alicdn.com\/kf\/S31099f6252d643dba4247623ebc28104F.jpg\" \/><img decoding=\"async\" src=\"https:\/\/ae03.alicdn.com\/kf\/Sd36083276f004f1eb5cd5e3279f0ceddF.jpg\" \/><img decoding=\"async\" src=\"https:\/\/ae03.alicdn.com\/kf\/Sa1b190ed886e4a8daa6f02b69f7c4c062.jpg\" \/><\/div>","protected":false},"excerpt":{"rendered":"<p>Kann Anpassungen unterst\u00fctzen<br \/>\nGro\u00dfhandel kann unterst\u00fctzt werden<br \/>\nKundenspezifisches Logo (Mindestbestellmenge 20 St\u00fcck)<br \/>\nWenn Sie\u00a0<a href=\"https:\/\/global-hookah.com\/product-category\/hookahs\/wholesale-hookah\/\">Gro\u00dfhandel Wasserpfeife<\/a>Bitte kontaktieren Sie uns per WhatsApp oder E-Mail, und wir werden Sie mit dem Gro\u00dfhandelspreis, unsere E-Mail ist (muxiangpipe5@gmail.com)<\/p>","protected":false},"featured_media":11827,"comment_status":"open","ping_status":"closed","template":"","meta":{"iawp_total_views":4,"_joinchat":[]},"product_brand":[],"product_cat":[119],"product_tag":[],"class_list":{"0":"post-11826","1":"product","2":"type-product","3":"status-publish","4":"has-post-thumbnail","6":"product_cat-wholesale-hookah","8":"first","9":"instock","10":"shipping-taxable","11":"product-type-external"},"yoast_head":"<!-- This site is optimized with the Yoast SEO Premium plugin v24.7 (Yoast SEO v26.8) - https:\/\/yoast.com\/product\/yoast-seo-premium-wordpress\/ -->\n<title>Silicone Gas Mask Bong Wholesale - Global Hookah<\/title>\n<meta name=\"robots\" content=\"index, follow, max-snippet:-1, max-image-preview:large, max-video-preview:-1\" \/>\n<link rel=\"canonical\" href=\"https:\/\/global-hookah.com\/de\/produkt\/silicone-gas-mask-bong-wholesale\/\" \/>\n<meta property=\"og:locale\" content=\"de_DE\" \/>\n<meta property=\"og:type\" content=\"article\" \/>\n<meta property=\"og:title\" content=\"Silicone Gas Mask Bong Wholesale\" \/>\n<meta property=\"og:description\" content=\"Can Support Customization Wholesale Can Be Supported Customized logo(Min. order 20 pieces) If you need\u00a0wholesale hookah, please contact us by WhatsApp or email, and we will provide you with the wholesale price, our email is (muxiangpipe5@gmail.com)\" \/>\n<meta property=\"og:url\" content=\"https:\/\/global-hookah.com\/de\/produkt\/silicone-gas-mask-bong-wholesale\/\" \/>\n<meta property=\"og:site_name\" content=\"Global Hookah\" \/>\n<meta property=\"article:modified_time\" content=\"2023-05-18T09:17:32+00:00\" \/>\n<meta property=\"og:image\" content=\"https:\/\/global-hookah.com\/wp-content\/uploads\/2023\/05\/Hookah-Pipe-Narguile-With-Acrylic-Removable-Accessories-Smoking-Pipes-Mask-Shisha-Tobacco-Pipe.jpg\" \/>\n\t<meta property=\"og:image:width\" content=\"800\" \/>\n\t<meta property=\"og:image:height\" content=\"800\" \/>\n\t<meta property=\"og:image:type\" content=\"image\/jpeg\" \/>\n<meta name=\"twitter:card\" content=\"summary_large_image\" \/>\n<meta name=\"twitter:label1\" content=\"Gesch\u00e4tzte Lesezeit\" \/>\n\t<meta name=\"twitter:data1\" content=\"3\u00a0Minuten\" \/>\n<script type=\"application\/ld+json\" class=\"yoast-schema-graph\">{\"@context\":\"https:\/\/schema.org\",\"@graph\":[{\"@type\":\"WebPage\",\"@id\":\"https:\/\/global-hookah.com\/product\/silicone-gas-mask-bong-wholesale\/\",\"url\":\"https:\/\/global-hookah.com\/product\/silicone-gas-mask-bong-wholesale\/\",\"name\":\"Silicone Gas Mask Bong Wholesale - Global Hookah\",\"isPartOf\":{\"@id\":\"https:\/\/global-hookah.com\/#website\"},\"primaryImageOfPage\":{\"@id\":\"https:\/\/global-hookah.com\/product\/silicone-gas-mask-bong-wholesale\/#primaryimage\"},\"image\":{\"@id\":\"https:\/\/global-hookah.com\/product\/silicone-gas-mask-bong-wholesale\/#primaryimage\"},\"thumbnailUrl\":\"https:\/\/global-hookah.com\/wp-content\/uploads\/2023\/05\/Hookah-Pipe-Narguile-With-Acrylic-Removable-Accessories-Smoking-Pipes-Mask-Shisha-Tobacco-Pipe.jpg\",\"datePublished\":\"2023-05-18T02:04:13+00:00\",\"dateModified\":\"2023-05-18T09:17:32+00:00\",\"breadcrumb\":{\"@id\":\"https:\/\/global-hookah.com\/product\/silicone-gas-mask-bong-wholesale\/#breadcrumb\"},\"inLanguage\":\"de\",\"potentialAction\":[{\"@type\":\"ReadAction\",\"target\":[\"https:\/\/global-hookah.com\/product\/silicone-gas-mask-bong-wholesale\/\"]}]},{\"@type\":\"ImageObject\",\"inLanguage\":\"de\",\"@id\":\"https:\/\/global-hookah.com\/product\/silicone-gas-mask-bong-wholesale\/#primaryimage\",\"url\":\"https:\/\/global-hookah.com\/wp-content\/uploads\/2023\/05\/Hookah-Pipe-Narguile-With-Acrylic-Removable-Accessories-Smoking-Pipes-Mask-Shisha-Tobacco-Pipe.jpg\",\"contentUrl\":\"https:\/\/global-hookah.com\/wp-content\/uploads\/2023\/05\/Hookah-Pipe-Narguile-With-Acrylic-Removable-Accessories-Smoking-Pipes-Mask-Shisha-Tobacco-Pipe.jpg\",\"width\":800,\"height\":800,\"caption\":\"Gas Mask Bong Wholesale\"},{\"@type\":\"BreadcrumbList\",\"@id\":\"https:\/\/global-hookah.com\/product\/silicone-gas-mask-bong-wholesale\/#breadcrumb\",\"itemListElement\":[{\"@type\":\"ListItem\",\"position\":1,\"name\":\"Home\",\"item\":\"https:\/\/global-hookah.com\/\"},{\"@type\":\"ListItem\",\"position\":2,\"name\":\"Shop\",\"item\":\"https:\/\/global-hookah.com\/shop\/\"},{\"@type\":\"ListItem\",\"position\":3,\"name\":\"Silicone Gas Mask Bong Wholesale\"}]},{\"@type\":\"WebSite\",\"@id\":\"https:\/\/global-hookah.com\/#website\",\"url\":\"https:\/\/global-hookah.com\/\",\"name\":\"Global Hookah\",\"description\":\"Global Hookah\",\"publisher\":{\"@id\":\"https:\/\/global-hookah.com\/#organization\"},\"potentialAction\":[{\"@type\":\"SearchAction\",\"target\":{\"@type\":\"EntryPoint\",\"urlTemplate\":\"https:\/\/global-hookah.com\/?s={search_term_string}\"},\"query-input\":{\"@type\":\"PropertyValueSpecification\",\"valueRequired\":true,\"valueName\":\"search_term_string\"}}],\"inLanguage\":\"de\"},{\"@type\":\"Organization\",\"@id\":\"https:\/\/global-hookah.com\/#organization\",\"name\":\"Global Hookah\",\"url\":\"https:\/\/global-hookah.com\/\",\"logo\":{\"@type\":\"ImageObject\",\"inLanguage\":\"de\",\"@id\":\"https:\/\/global-hookah.com\/#\/schema\/logo\/image\/\",\"url\":\"https:\/\/global-hookah.com\/wp-content\/uploads\/2021\/10\/cropped-fgg.png\",\"contentUrl\":\"https:\/\/global-hookah.com\/wp-content\/uploads\/2021\/10\/cropped-fgg.png\",\"width\":512,\"height\":512,\"caption\":\"Global Hookah\"},\"image\":{\"@id\":\"https:\/\/global-hookah.com\/#\/schema\/logo\/image\/\"}}]}<\/script>\n<!-- \/ Yoast SEO Premium plugin. -->","yoast_head_json":{"title":"Silikon-Gasmaske Bong Gro\u00dfhandel - Global Hookah","robots":{"index":"index","follow":"follow","max-snippet":"max-snippet:-1","max-image-preview":"max-image-preview:large","max-video-preview":"max-video-preview:-1"},"canonical":"https:\/\/global-hookah.com\/de\/produkt\/silicone-gas-mask-bong-wholesale\/","og_locale":"de_DE","og_type":"article","og_title":"Silicone Gas Mask Bong Wholesale","og_description":"Can Support Customization Wholesale Can Be Supported Customized logo(Min. order 20 pieces) If you need\u00a0wholesale hookah, please contact us by WhatsApp or email, and we will provide you with the wholesale price, our email is (muxiangpipe5@gmail.com)","og_url":"https:\/\/global-hookah.com\/de\/produkt\/silicone-gas-mask-bong-wholesale\/","og_site_name":"Global Hookah","article_modified_time":"2023-05-18T09:17:32+00:00","og_image":[{"width":800,"height":800,"url":"https:\/\/global-hookah.com\/wp-content\/uploads\/2023\/05\/Hookah-Pipe-Narguile-With-Acrylic-Removable-Accessories-Smoking-Pipes-Mask-Shisha-Tobacco-Pipe.jpg","type":"image\/jpeg"}],"twitter_card":"summary_large_image","twitter_misc":{"Gesch\u00e4tzte Lesezeit":"3\u00a0Minuten"},"schema":{"@context":"https:\/\/schema.org","@graph":[{"@type":"WebPage","@id":"https:\/\/global-hookah.com\/product\/silicone-gas-mask-bong-wholesale\/","url":"https:\/\/global-hookah.com\/product\/silicone-gas-mask-bong-wholesale\/","name":"Silikon-Gasmaske Bong Gro\u00dfhandel - Global Hookah","isPartOf":{"@id":"https:\/\/global-hookah.com\/#website"},"primaryImageOfPage":{"@id":"https:\/\/global-hookah.com\/product\/silicone-gas-mask-bong-wholesale\/#primaryimage"},"image":{"@id":"https:\/\/global-hookah.com\/product\/silicone-gas-mask-bong-wholesale\/#primaryimage"},"thumbnailUrl":"https:\/\/global-hookah.com\/wp-content\/uploads\/2023\/05\/Hookah-Pipe-Narguile-With-Acrylic-Removable-Accessories-Smoking-Pipes-Mask-Shisha-Tobacco-Pipe.jpg","datePublished":"2023-05-18T02:04:13+00:00","dateModified":"2023-05-18T09:17:32+00:00","breadcrumb":{"@id":"https:\/\/global-hookah.com\/product\/silicone-gas-mask-bong-wholesale\/#breadcrumb"},"inLanguage":"de","potentialAction":[{"@type":"ReadAction","target":["https:\/\/global-hookah.com\/product\/silicone-gas-mask-bong-wholesale\/"]}]},{"@type":"ImageObject","inLanguage":"de","@id":"https:\/\/global-hookah.com\/product\/silicone-gas-mask-bong-wholesale\/#primaryimage","url":"https:\/\/global-hookah.com\/wp-content\/uploads\/2023\/05\/Hookah-Pipe-Narguile-With-Acrylic-Removable-Accessories-Smoking-Pipes-Mask-Shisha-Tobacco-Pipe.jpg","contentUrl":"https:\/\/global-hookah.com\/wp-content\/uploads\/2023\/05\/Hookah-Pipe-Narguile-With-Acrylic-Removable-Accessories-Smoking-Pipes-Mask-Shisha-Tobacco-Pipe.jpg","width":800,"height":800,"caption":"Gas Mask Bong Wholesale"},{"@type":"BreadcrumbList","@id":"https:\/\/global-hookah.com\/product\/silicone-gas-mask-bong-wholesale\/#breadcrumb","itemListElement":[{"@type":"ListItem","position":1,"name":"Home","item":"https:\/\/global-hookah.com\/"},{"@type":"ListItem","position":2,"name":"Shop","item":"https:\/\/global-hookah.com\/shop\/"},{"@type":"ListItem","position":3,"name":"Silicone Gas Mask Bong Wholesale"}]},{"@type":"WebSite","@id":"https:\/\/global-hookah.com\/#website","url":"https:\/\/global-hookah.com\/","name":"Globale Wasserpfeife","description":"Globale Wasserpfeife","publisher":{"@id":"https:\/\/global-hookah.com\/#organization"},"potentialAction":[{"@type":"SearchAction","target":{"@type":"EntryPoint","urlTemplate":"https:\/\/global-hookah.com\/?s={search_term_string}"},"query-input":{"@type":"PropertyValueSpecification","valueRequired":true,"valueName":"search_term_string"}}],"inLanguage":"de"},{"@type":"Organization","@id":"https:\/\/global-hookah.com\/#organization","name":"Globale Wasserpfeife","url":"https:\/\/global-hookah.com\/","logo":{"@type":"ImageObject","inLanguage":"de","@id":"https:\/\/global-hookah.com\/#\/schema\/logo\/image\/","url":"https:\/\/global-hookah.com\/wp-content\/uploads\/2021\/10\/cropped-fgg.png","contentUrl":"https:\/\/global-hookah.com\/wp-content\/uploads\/2021\/10\/cropped-fgg.png","width":512,"height":512,"caption":"Global Hookah"},"image":{"@id":"https:\/\/global-hookah.com\/#\/schema\/logo\/image\/"}}]}},"_links":{"self":[{"href":"https:\/\/global-hookah.com\/de\/wp-json\/wp\/v2\/product\/11826","targetHints":{"allow":["GET"]}}],"collection":[{"href":"https:\/\/global-hookah.com\/de\/wp-json\/wp\/v2\/product"}],"about":[{"href":"https:\/\/global-hookah.com\/de\/wp-json\/wp\/v2\/types\/product"}],"replies":[{"embeddable":true,"href":"https:\/\/global-hookah.com\/de\/wp-json\/wp\/v2\/comments?post=11826"}],"version-history":[{"count":0,"href":"https:\/\/global-hookah.com\/de\/wp-json\/wp\/v2\/product\/11826\/revisions"}],"wp:featuredmedia":[{"embeddable":true,"href":"https:\/\/global-hookah.com\/de\/wp-json\/wp\/v2\/media\/11827"}],"wp:attachment":[{"href":"https:\/\/global-hookah.com\/de\/wp-json\/wp\/v2\/media?parent=11826"}],"wp:term":[{"taxonomy":"product_brand","embeddable":true,"href":"https:\/\/global-hookah.com\/de\/wp-json\/wp\/v2\/product_brand?post=11826"},{"taxonomy":"product_cat","embeddable":true,"href":"https:\/\/global-hookah.com\/de\/wp-json\/wp\/v2\/product_cat?post=11826"},{"taxonomy":"product_tag","embeddable":true,"href":"https:\/\/global-hookah.com\/de\/wp-json\/wp\/v2\/product_tag?post=11826"}],"curies":[{"name":"wp","href":"https:\/\/api.w.org\/{rel}","templated":true}]}}