{"id":11833,"date":"2023-05-18T02:05:59","date_gmt":"2023-05-18T02:05:59","guid":{"rendered":"https:\/\/global-hookah.com\/product\/all-glass-hookah-wholesale\/"},"modified":"2024-01-12T03:57:44","modified_gmt":"2024-01-12T03:57:44","slug":"all-glass-hookah-wholesale","status":"publish","type":"product","link":"https:\/\/global-hookah.com\/de\/produkt\/all-glass-hookah-wholesale\/","title":{"rendered":"Alle Glas Hookah Gro\u00dfhandel"},"content":{"rendered":"<div class=\"elementor-element elementor-element-1c37dc7 elementor-widget elementor-widget-wd_title\" data-id=\"1c37dc7\" data-element_type=\"widget\" data-widget_type=\"wd_title.default\">\n<div class=\"elementor-widget-container\">\n<div class=\"title-wrapper set-mb-s reset-last-child wd-title-color-default wd-title-style-default wd-title-size-default text-left\">\n<div class=\"liner-continer\">\n<h4 class=\"woodmart-title-container title wd-fontsize-l\"><\/h4>\n<\/div>\n<\/div>\n<\/div>\n<\/div>\n<div class=\"elementor-element elementor-element-5a7cd76 wd-single-content elementor-widget elementor-widget-wd_single_product_content\" data-id=\"5a7cd76\" data-element_type=\"widget\" data-widget_type=\"wd_single_product_content.default\">\n<div class=\"elementor-widget-container\">\n<p>Wir bieten ein gro\u00dfes Sortiment an\u00a0<strong>Ganzglas-Wasserpfeifen mit Preisnachlass<\/strong>\u00a0Kosten, wenn Sie eine\u00a0<strong>Gro\u00dfh\u00e4ndler f\u00fcr Ganzglas-Wasserpfeifen<\/strong>. W\u00e4hlen Sie die Ganzglas Wasserpfeife f\u00fcr den Gro\u00dfhandel, die am besten zu Ihnen passt aus unserer umfangreichen Auswahl an Stilen, Farben und Gr\u00f6\u00dfen.<\/p>\n<p>Diese Glas Wasserpfeife ist eine fantastische Wasserpfeife f\u00fcr neue Raucher als auch eine erstaunliche Wasserpfeife f\u00fcr erfahrene Benutzer. Das optimale Raucherlebnis wird durch die Ganzglaskonstruktion dieser Wasserpfeife gew\u00e4hrleistet. Die All Glass Hookah hat eine ger\u00e4umige Schale, die bis zu 30 Gramm Tabak aufnehmen kann und ist aus hochwertigem Glas gefertigt.<\/p>\n<p>Ein Diffusor, der am Ende des Schlauchs angebracht ist, hilft dabei, den Rauch gleichm\u00e4\u00dfig in der Lunge zu verteilen, um einen gleichm\u00e4\u00dfigen, weichen Zug zu erhalten. Schlie\u00dflich haben Sie die M\u00f6glichkeit, reinen Tabak oder aromatisierten Tabak mit dieser Wasserpfeife zu rauchen, weil sie mit zwei verschiedenen Arten von Schalen kommt.<\/p>\n<p>Wir haben das gr\u00f6\u00dfte Sortiment an Glas-Wasserpfeifen bei\u00a0<a href=\"https:\/\/global-hookah.com\/\">Global-Hookah<\/a>. Die neuesten Designs, Farben und Stile in unserer Auswahl werden Ihren Vorlieben und Ihrer Preisklasse entsprechen. Um sicherzustellen, dass jeder sie sich leisten kann, verkaufen wir alle unsere Produkte zu vern\u00fcnftigen Kosten, die aus hochwertigen Materialien hergestellt sind. Sie sind auf der richtigen Seite, wenn Sie auf der Suche nach Gro\u00dfhandel Wasserpfeifen sind.<\/p>\n<p>Zu erm\u00e4\u00dfigten Preisen bietet Global-Hookah ein gro\u00dfes Sortiment an hervorragenden\u00a0<a href=\"https:\/\/global-hookah.com\/product-category\/bongs\/glass-bongs\/\">Glasbongs<\/a>,\u00a0<a href=\"https:\/\/global-hookah.com\/product-category\/spoon-pipe\/glass-spoon-pipes\/\">Glaspfeifen<\/a>und\u00a0<a href=\"https:\/\/global-hookah.com\/product-category\/hookahs\/\">Wasserpfeifen<\/a>. Neben Wasserrohren umfasst unser Sortiment auch Handrohre und Wassersprudler.<\/p>\n<\/div>\n<\/div>\n<div class=\"detailmodule_html\">\n<div class=\"detail-desc-decorate-richtext\">\n<div>\n<div>\n<div><img decoding=\"async\" src=\"https:\/\/ae01.alicdn.com\/kf\/S44a8c046b9b84304882075759bd7088fN.jpg\" \/><img decoding=\"async\" src=\"https:\/\/ae01.alicdn.com\/kf\/S4ceb5b22d9004d0db2b6de8ae7df1f7b4.jpg\" \/><img decoding=\"async\" src=\"https:\/\/ae01.alicdn.com\/kf\/Sc027fa6fb0a04513a9ab2a4e5546bf88O.jpg\" \/><img decoding=\"async\" src=\"https:\/\/ae01.alicdn.com\/kf\/S3cbe828338f84e1791f4bbc4bd6c69f29.jpg\" \/><img decoding=\"async\" src=\"https:\/\/ae01.alicdn.com\/kf\/S08b37f7bb0ce4877994adc667c7884acL.jpg\" \/><img decoding=\"async\" src=\"https:\/\/ae01.alicdn.com\/kf\/Sd21270629f8744dda98f00e2e9261ad7O.jpg\" \/><img decoding=\"async\" src=\"https:\/\/ae01.alicdn.com\/kf\/S5e46a939f5e041f0bb933f2c02c3c01ee.jpg\" \/><img decoding=\"async\" src=\"https:\/\/ae01.alicdn.com\/kf\/S5d50d3a355a14f9e8fddc66e97bc25e7G.jpg\" \/><img decoding=\"async\" src=\"https:\/\/ae01.alicdn.com\/kf\/S076064343c98459395031e331242cddbs.jpg\" \/><img decoding=\"async\" src=\"https:\/\/ae01.alicdn.com\/kf\/S086ca769370f40eda0113d7325735924v.jpg\" \/><img decoding=\"async\" src=\"https:\/\/ae01.alicdn.com\/kf\/Sf1d1cb8146c64ccf9cd3fb58816a737c3.jpg\" \/><img decoding=\"async\" src=\"https:\/\/ae01.alicdn.com\/kf\/S79422bb8a9f048c9bd1c5924b3640ecb9.jpg\" \/><img decoding=\"async\" src=\"https:\/\/ae01.alicdn.com\/kf\/Sc9a6cb59d3d3479e83c9e46de1d521b8u.jpg\" \/><img decoding=\"async\" src=\"https:\/\/ae01.alicdn.com\/kf\/S4ac5c84e8caf4beb8fc37e2ac980b246A.jpg\" \/><img decoding=\"async\" src=\"https:\/\/ae01.alicdn.com\/kf\/S4e23d1cf92e2440abf08c50630b1470fk.jpg\" \/><img decoding=\"async\" src=\"https:\/\/ae01.alicdn.com\/kf\/S01f61f19e3be4428a4bdc9a81e8f807fk.jpg\" \/><img decoding=\"async\" src=\"https:\/\/ae01.alicdn.com\/kf\/S27419937b8574c45919d65981b5698e1n.jpg\" \/><img decoding=\"async\" src=\"https:\/\/ae01.alicdn.com\/kf\/S93f9ea92b5964beda36c479f42dba1ec1.jpg\" \/><\/div>\n<div><img decoding=\"async\" src=\"https:\/\/ae01.alicdn.com\/kf\/H9a27574dba054c9b85423dccffaf230eC.jpg\" \/><img decoding=\"async\" src=\"https:\/\/ae01.alicdn.com\/kf\/H85889609ffde40289e03875d9814be71C.jpg\" \/><img decoding=\"async\" src=\"https:\/\/ae01.alicdn.com\/kf\/H0982bec1f89643ea928b461ecb2d84f2l.jpg\" \/><img decoding=\"async\" src=\"https:\/\/ae01.alicdn.com\/kf\/H886545f6da0e41e99a14ad6dfabd72aaX.jpg\" \/><\/div>\n<div><\/div>\n<\/div>\n<\/div>\n<\/div>\n<\/div>\n<p>&nbsp;<\/p>\n<p>&nbsp;<\/p>\n<p>&nbsp;<\/p>","protected":false},"excerpt":{"rendered":"<p>Kann Anpassungen unterst\u00fctzen<br \/>\nGro\u00dfhandel kann unterst\u00fctzt werden<br \/>\nKundenspezifisches Logo (Mindestbestellmenge 20 St\u00fcck)<br \/>\nWenn Sie\u00a0<a href=\"https:\/\/global-hookah.com\/product-category\/hookahs\/wholesale-hookah\/\">Gro\u00dfhandel Wasserpfeife<\/a>Bitte kontaktieren Sie uns per WhatsApp oder E-Mail, und wir werden Sie mit dem Gro\u00dfhandelspreis, unsere E-Mail ist (muxiangpipe5@gmail.com)<\/p>","protected":false},"featured_media":11834,"comment_status":"open","ping_status":"closed","template":"","meta":{"iawp_total_views":10,"_joinchat":[]},"product_brand":[],"product_cat":[560,119],"product_tag":[],"class_list":{"0":"post-11833","1":"product","2":"type-product","3":"status-publish","4":"has-post-thumbnail","6":"product_cat-glass-hookah-wholesale","7":"product_cat-wholesale-hookah","9":"first","10":"instock","11":"shipping-taxable","12":"purchasable","13":"product-type-simple"},"yoast_head":"<!-- This site is optimized with the Yoast SEO Premium plugin v24.7 (Yoast SEO v26.8) - https:\/\/yoast.com\/product\/yoast-seo-premium-wordpress\/ -->\n<title>All Glass Hookah Wholesale - Global Hookah<\/title>\n<meta name=\"robots\" content=\"index, follow, max-snippet:-1, max-image-preview:large, max-video-preview:-1\" \/>\n<link rel=\"canonical\" href=\"https:\/\/global-hookah.com\/de\/produkt\/all-glass-hookah-wholesale\/\" \/>\n<meta property=\"og:locale\" content=\"de_DE\" \/>\n<meta property=\"og:type\" content=\"article\" \/>\n<meta property=\"og:title\" content=\"All Glass Hookah Wholesale\" \/>\n<meta property=\"og:description\" content=\"Can Support Customization Wholesale Can Be Supported Customized logo(Min. order 20 pieces) If you need\u00a0wholesale hookah, please contact us by WhatsApp or email, and we will provide you with the wholesale price, our email is (muxiangpipe5@gmail.com)\" \/>\n<meta property=\"og:url\" content=\"https:\/\/global-hookah.com\/de\/produkt\/all-glass-hookah-wholesale\/\" \/>\n<meta property=\"og:site_name\" content=\"Global Hookah\" \/>\n<meta property=\"article:modified_time\" content=\"2024-01-12T03:57:44+00:00\" \/>\n<meta property=\"og:image\" content=\"https:\/\/global-hookah.com\/wp-content\/uploads\/2023\/05\/Glass-Shisha-Pipe-Hookah-Pipa-Mosaic-Vase-Narguile-Completo-Sisha-Hooka-Chicha-with-Accessories-Hose-Flavor.jpg\" \/>\n\t<meta property=\"og:image:width\" content=\"1500\" \/>\n\t<meta property=\"og:image:height\" content=\"1500\" \/>\n\t<meta property=\"og:image:type\" content=\"image\/jpeg\" \/>\n<meta name=\"twitter:card\" content=\"summary_large_image\" \/>\n<meta name=\"twitter:label1\" content=\"Gesch\u00e4tzte Lesezeit\" \/>\n\t<meta name=\"twitter:data1\" content=\"6\u00a0Minuten\" \/>\n<script type=\"application\/ld+json\" class=\"yoast-schema-graph\">{\"@context\":\"https:\/\/schema.org\",\"@graph\":[{\"@type\":\"WebPage\",\"@id\":\"https:\/\/global-hookah.com\/product\/all-glass-hookah-wholesale\/\",\"url\":\"https:\/\/global-hookah.com\/product\/all-glass-hookah-wholesale\/\",\"name\":\"All Glass Hookah Wholesale - Global Hookah\",\"isPartOf\":{\"@id\":\"https:\/\/global-hookah.com\/#website\"},\"primaryImageOfPage\":{\"@id\":\"https:\/\/global-hookah.com\/product\/all-glass-hookah-wholesale\/#primaryimage\"},\"image\":{\"@id\":\"https:\/\/global-hookah.com\/product\/all-glass-hookah-wholesale\/#primaryimage\"},\"thumbnailUrl\":\"https:\/\/global-hookah.com\/wp-content\/uploads\/2023\/05\/Glass-Shisha-Pipe-Hookah-Pipa-Mosaic-Vase-Narguile-Completo-Sisha-Hooka-Chicha-with-Accessories-Hose-Flavor.jpg\",\"datePublished\":\"2023-05-18T02:05:59+00:00\",\"dateModified\":\"2024-01-12T03:57:44+00:00\",\"breadcrumb\":{\"@id\":\"https:\/\/global-hookah.com\/product\/all-glass-hookah-wholesale\/#breadcrumb\"},\"inLanguage\":\"de\",\"potentialAction\":[{\"@type\":\"ReadAction\",\"target\":[\"https:\/\/global-hookah.com\/product\/all-glass-hookah-wholesale\/\"]}]},{\"@type\":\"ImageObject\",\"inLanguage\":\"de\",\"@id\":\"https:\/\/global-hookah.com\/product\/all-glass-hookah-wholesale\/#primaryimage\",\"url\":\"https:\/\/global-hookah.com\/wp-content\/uploads\/2023\/05\/Glass-Shisha-Pipe-Hookah-Pipa-Mosaic-Vase-Narguile-Completo-Sisha-Hooka-Chicha-with-Accessories-Hose-Flavor.jpg\",\"contentUrl\":\"https:\/\/global-hookah.com\/wp-content\/uploads\/2023\/05\/Glass-Shisha-Pipe-Hookah-Pipa-Mosaic-Vase-Narguile-Completo-Sisha-Hooka-Chicha-with-Accessories-Hose-Flavor.jpg\",\"width\":1500,\"height\":1500,\"caption\":\"All Glass Hookah Wholesale\"},{\"@type\":\"BreadcrumbList\",\"@id\":\"https:\/\/global-hookah.com\/product\/all-glass-hookah-wholesale\/#breadcrumb\",\"itemListElement\":[{\"@type\":\"ListItem\",\"position\":1,\"name\":\"Home\",\"item\":\"https:\/\/global-hookah.com\/\"},{\"@type\":\"ListItem\",\"position\":2,\"name\":\"Shop\",\"item\":\"https:\/\/global-hookah.com\/shop\/\"},{\"@type\":\"ListItem\",\"position\":3,\"name\":\"All Glass Hookah Wholesale\"}]},{\"@type\":\"WebSite\",\"@id\":\"https:\/\/global-hookah.com\/#website\",\"url\":\"https:\/\/global-hookah.com\/\",\"name\":\"Global Hookah\",\"description\":\"Global Hookah\",\"publisher\":{\"@id\":\"https:\/\/global-hookah.com\/#organization\"},\"potentialAction\":[{\"@type\":\"SearchAction\",\"target\":{\"@type\":\"EntryPoint\",\"urlTemplate\":\"https:\/\/global-hookah.com\/?s={search_term_string}\"},\"query-input\":{\"@type\":\"PropertyValueSpecification\",\"valueRequired\":true,\"valueName\":\"search_term_string\"}}],\"inLanguage\":\"de\"},{\"@type\":\"Organization\",\"@id\":\"https:\/\/global-hookah.com\/#organization\",\"name\":\"Global Hookah\",\"url\":\"https:\/\/global-hookah.com\/\",\"logo\":{\"@type\":\"ImageObject\",\"inLanguage\":\"de\",\"@id\":\"https:\/\/global-hookah.com\/#\/schema\/logo\/image\/\",\"url\":\"https:\/\/global-hookah.com\/wp-content\/uploads\/2021\/10\/cropped-fgg.png\",\"contentUrl\":\"https:\/\/global-hookah.com\/wp-content\/uploads\/2021\/10\/cropped-fgg.png\",\"width\":512,\"height\":512,\"caption\":\"Global Hookah\"},\"image\":{\"@id\":\"https:\/\/global-hookah.com\/#\/schema\/logo\/image\/\"}}]}<\/script>\n<!-- \/ Yoast SEO Premium plugin. -->","yoast_head_json":{"title":"Alle Glas Wasserpfeife Gro\u00dfhandel - Global Hookah","robots":{"index":"index","follow":"follow","max-snippet":"max-snippet:-1","max-image-preview":"max-image-preview:large","max-video-preview":"max-video-preview:-1"},"canonical":"https:\/\/global-hookah.com\/de\/produkt\/all-glass-hookah-wholesale\/","og_locale":"de_DE","og_type":"article","og_title":"All Glass Hookah Wholesale","og_description":"Can Support Customization Wholesale Can Be Supported Customized logo(Min. order 20 pieces) If you need\u00a0wholesale hookah, please contact us by WhatsApp or email, and we will provide you with the wholesale price, our email is (muxiangpipe5@gmail.com)","og_url":"https:\/\/global-hookah.com\/de\/produkt\/all-glass-hookah-wholesale\/","og_site_name":"Global Hookah","article_modified_time":"2024-01-12T03:57:44+00:00","og_image":[{"width":1500,"height":1500,"url":"https:\/\/global-hookah.com\/wp-content\/uploads\/2023\/05\/Glass-Shisha-Pipe-Hookah-Pipa-Mosaic-Vase-Narguile-Completo-Sisha-Hooka-Chicha-with-Accessories-Hose-Flavor.jpg","type":"image\/jpeg"}],"twitter_card":"summary_large_image","twitter_misc":{"Gesch\u00e4tzte Lesezeit":"6\u00a0Minuten"},"schema":{"@context":"https:\/\/schema.org","@graph":[{"@type":"WebPage","@id":"https:\/\/global-hookah.com\/product\/all-glass-hookah-wholesale\/","url":"https:\/\/global-hookah.com\/product\/all-glass-hookah-wholesale\/","name":"Alle Glas Wasserpfeife Gro\u00dfhandel - Global Hookah","isPartOf":{"@id":"https:\/\/global-hookah.com\/#website"},"primaryImageOfPage":{"@id":"https:\/\/global-hookah.com\/product\/all-glass-hookah-wholesale\/#primaryimage"},"image":{"@id":"https:\/\/global-hookah.com\/product\/all-glass-hookah-wholesale\/#primaryimage"},"thumbnailUrl":"https:\/\/global-hookah.com\/wp-content\/uploads\/2023\/05\/Glass-Shisha-Pipe-Hookah-Pipa-Mosaic-Vase-Narguile-Completo-Sisha-Hooka-Chicha-with-Accessories-Hose-Flavor.jpg","datePublished":"2023-05-18T02:05:59+00:00","dateModified":"2024-01-12T03:57:44+00:00","breadcrumb":{"@id":"https:\/\/global-hookah.com\/product\/all-glass-hookah-wholesale\/#breadcrumb"},"inLanguage":"de","potentialAction":[{"@type":"ReadAction","target":["https:\/\/global-hookah.com\/product\/all-glass-hookah-wholesale\/"]}]},{"@type":"ImageObject","inLanguage":"de","@id":"https:\/\/global-hookah.com\/product\/all-glass-hookah-wholesale\/#primaryimage","url":"https:\/\/global-hookah.com\/wp-content\/uploads\/2023\/05\/Glass-Shisha-Pipe-Hookah-Pipa-Mosaic-Vase-Narguile-Completo-Sisha-Hooka-Chicha-with-Accessories-Hose-Flavor.jpg","contentUrl":"https:\/\/global-hookah.com\/wp-content\/uploads\/2023\/05\/Glass-Shisha-Pipe-Hookah-Pipa-Mosaic-Vase-Narguile-Completo-Sisha-Hooka-Chicha-with-Accessories-Hose-Flavor.jpg","width":1500,"height":1500,"caption":"All Glass Hookah Wholesale"},{"@type":"BreadcrumbList","@id":"https:\/\/global-hookah.com\/product\/all-glass-hookah-wholesale\/#breadcrumb","itemListElement":[{"@type":"ListItem","position":1,"name":"Home","item":"https:\/\/global-hookah.com\/"},{"@type":"ListItem","position":2,"name":"Shop","item":"https:\/\/global-hookah.com\/shop\/"},{"@type":"ListItem","position":3,"name":"All Glass Hookah Wholesale"}]},{"@type":"WebSite","@id":"https:\/\/global-hookah.com\/#website","url":"https:\/\/global-hookah.com\/","name":"Globale Wasserpfeife","description":"Globale Wasserpfeife","publisher":{"@id":"https:\/\/global-hookah.com\/#organization"},"potentialAction":[{"@type":"SearchAction","target":{"@type":"EntryPoint","urlTemplate":"https:\/\/global-hookah.com\/?s={search_term_string}"},"query-input":{"@type":"PropertyValueSpecification","valueRequired":true,"valueName":"search_term_string"}}],"inLanguage":"de"},{"@type":"Organization","@id":"https:\/\/global-hookah.com\/#organization","name":"Globale Wasserpfeife","url":"https:\/\/global-hookah.com\/","logo":{"@type":"ImageObject","inLanguage":"de","@id":"https:\/\/global-hookah.com\/#\/schema\/logo\/image\/","url":"https:\/\/global-hookah.com\/wp-content\/uploads\/2021\/10\/cropped-fgg.png","contentUrl":"https:\/\/global-hookah.com\/wp-content\/uploads\/2021\/10\/cropped-fgg.png","width":512,"height":512,"caption":"Global Hookah"},"image":{"@id":"https:\/\/global-hookah.com\/#\/schema\/logo\/image\/"}}]}},"_links":{"self":[{"href":"https:\/\/global-hookah.com\/de\/wp-json\/wp\/v2\/product\/11833","targetHints":{"allow":["GET"]}}],"collection":[{"href":"https:\/\/global-hookah.com\/de\/wp-json\/wp\/v2\/product"}],"about":[{"href":"https:\/\/global-hookah.com\/de\/wp-json\/wp\/v2\/types\/product"}],"replies":[{"embeddable":true,"href":"https:\/\/global-hookah.com\/de\/wp-json\/wp\/v2\/comments?post=11833"}],"version-history":[{"count":0,"href":"https:\/\/global-hookah.com\/de\/wp-json\/wp\/v2\/product\/11833\/revisions"}],"wp:featuredmedia":[{"embeddable":true,"href":"https:\/\/global-hookah.com\/de\/wp-json\/wp\/v2\/media\/11834"}],"wp:attachment":[{"href":"https:\/\/global-hookah.com\/de\/wp-json\/wp\/v2\/media?parent=11833"}],"wp:term":[{"taxonomy":"product_brand","embeddable":true,"href":"https:\/\/global-hookah.com\/de\/wp-json\/wp\/v2\/product_brand?post=11833"},{"taxonomy":"product_cat","embeddable":true,"href":"https:\/\/global-hookah.com\/de\/wp-json\/wp\/v2\/product_cat?post=11833"},{"taxonomy":"product_tag","embeddable":true,"href":"https:\/\/global-hookah.com\/de\/wp-json\/wp\/v2\/product_tag?post=11833"}],"curies":[{"name":"wp","href":"https:\/\/api.w.org\/{rel}","templated":true}]}}