{"id":11853,"date":"2023-05-18T02:08:22","date_gmt":"2023-05-18T02:08:22","guid":{"rendered":"https:\/\/global-hookah.com\/product\/easy-hookah-with-glass-base-wholesale\/"},"modified":"2024-01-12T03:57:42","modified_gmt":"2024-01-12T03:57:42","slug":"easy-hookah-with-glass-base-wholesale","status":"publish","type":"product","link":"https:\/\/global-hookah.com\/de\/produkt\/easy-hookah-with-glass-base-wholesale\/","title":{"rendered":"Einfache Wasserpfeife mit Glasboden Gro\u00dfhandel"},"content":{"rendered":"<p>Wenn Sie m\u00f6chten, dass <strong>Gro\u00dfhandel dieses Easy Glas Wasserpfeife<\/strong>kontaktieren Sie uns bitte, Diese <strong>Einfache Wasserpfeife mit Glasboden Gro\u00dfhandel<\/strong> kann zum Rauchen von Shisha, Tabak, Kr\u00e4utern und anderen Substanzen, die durch eine Pfeife geraucht werden, verwendet werden. Die Easy Hookah wird mit einem Glasfu\u00df geliefert, der sie modischer und sch\u00f6ner aussehen l\u00e4sst. Die Easy Hookah ist au\u00dferdem mit einer Gummit\u00fclle an der <a href=\"https:\/\/global-hookah.com\/product-category\/hookah-parts\/\">Schlauch<\/a> so, dass es leicht in den Fu\u00df des Rohrs passt. Sie k\u00f6nnen auch dies verwenden<strong> Einfache Wasserpfeife mit Glasboden Gro\u00dfhandel<\/strong> auf Partys und anderen Veranstaltungen, bei denen Menschen zusammenkommen.<\/p>\n<p>Die Shisha-Pfeife besteht aus Glas oder rostfreiem Stahl und eloxiertem Aluminium. Sie besteht aus drei Teilen: einem Pfeifenkopf (in dem der Tabak eingelegt wird), einem Rohr (durch das der Rauch zieht) und einem Mundst\u00fcck. Der Kopf dieser Wasserpfeife ist sehr gro\u00df, man kann sie mit zwei oder drei Partnern gleichzeitig rauchen<span style=\"color: #000000; font-family: OpenSans; font-size: 14px; white-space: pre-wrap;\">.<\/span><\/p>\n<div class=\"detailmodule_text\">\n<p class=\"detail-desc-decorate-content\" style=\"font-family: OpenSans; font-size: 14px; font-weight: 300; line-height: 20px; white-space: pre-wrap; color: #000000; margin-bottom: 12px;\">\n<\/div>\n<div class=\"detailmodule_image\"><img decoding=\"async\" class=\"detail-desc-decorate-image\" style=\"margin-bottom: 10px;\" src=\"https:\/\/ae01.alicdn.com\/kf\/H00bd5d79cb3e4fe1b4be43c363e074cdc.jpg\" \/><\/div>\n<div class=\"detailmodule_image\">\n<p>Diese Sockel werden mit einem speziellen Behandlungsverfahren hergestellt. Durch diese Behandlung erh\u00e4lt das Glas eine hohe Transparenz und F\u00e4rbung, was es sehr sch\u00f6n aussehen l\u00e4sst. Das Aussehen dieser Art von Sockel \u00e4hnelt einem Sto\u00dfd\u00e4mpfer, und seine Materialien und Herstellungsverfahren sind unglaublich.<\/p>\n<p>Wir <a href=\"https:\/\/global-hookah.com\/product-category\/hookahs\/wholesale-hookah\/\">Gro\u00dfhandel alle Arten von Hookahs<\/a>von kleinen handgehaltenen Ein-Schlauch-Whookahs bis zu gro\u00dfen Tisch-Whookahs mit mehreren Schl\u00e4uchen. Wenn Sie auf der Suche nach einer Wasserpfeife Gro\u00dfhandel Lieferant dann sind wir hier, um Ihnen zu helfen, zu finden, was Sie brauchen!<\/p>\n<div class=\"detailmodule_text\">\n<p class=\"detail-desc-decorate-content\" style=\"font-family: OpenSans; font-size: 14px; font-weight: 300; line-height: 20px; white-space: pre-wrap; color: #000000; margin-bottom: 12px;\">Neben dem Design und den Materialien sind auch die besten Eigenschaften, die wir bei Wasserpfeifen finden k\u00f6nnen, herausragend. Sie verf\u00fcgt \u00fcber ein nach oben gerichtetes Abluftsystem, das entlang des gesamten Mastes verl\u00e4uft, und drei L\u00fcftungs\u00f6ffnungen, die durch die Kammer f\u00fchren, um einzigartige Effekte zu erzielen. Das Befestigungssystem besteht aus einer Gummidichtung und der Schlauchanschluss ist magnetisiert, wodurch eine perfekte Fixierung erreicht wird, ohne dass die Gefahr besteht, dass der Schlauch herunterf\u00e4llt.<\/p>\n<\/div>\n<p><img decoding=\"async\" class=\"detail-desc-decorate-image\" src=\"https:\/\/ae01.alicdn.com\/kf\/H724ade604e3b490198c3876cb5f74f4an.jpg\" \/><img decoding=\"async\" class=\"detail-desc-decorate-image\" src=\"https:\/\/ae01.alicdn.com\/kf\/H1464006bdade4922a22b100759d5eec8e.jpg\" \/><img decoding=\"async\" class=\"detail-desc-decorate-image\" src=\"https:\/\/ae01.alicdn.com\/kf\/H4a4c1edd729c44e1ae0b256044431d7fQ.jpg\" \/><img decoding=\"async\" class=\"detail-desc-decorate-image\" src=\"https:\/\/ae01.alicdn.com\/kf\/H2795b16c3ea3487ab18451adaa6a3f723.jpg\" \/><img decoding=\"async\" class=\"detail-desc-decorate-image\" src=\"https:\/\/ae01.alicdn.com\/kf\/Hc3a3f363ddb54a639103141f7355ec8dJ.jpg\" \/><img decoding=\"async\" class=\"detail-desc-decorate-image\" src=\"https:\/\/ae01.alicdn.com\/kf\/H02f3e6e10edc4f75897cde464be5231f5.jpg\" \/><img decoding=\"async\" class=\"detail-desc-decorate-image\" src=\"https:\/\/ae01.alicdn.com\/kf\/H23bbe520d1a2470e9a3838ce25a7ce27S.jpg\" \/><img decoding=\"async\" class=\"detail-desc-decorate-image\" src=\"https:\/\/ae01.alicdn.com\/kf\/H3dee3d50d06d4ca1b966f125fa49b9f2W.jpg\" \/><img decoding=\"async\" class=\"detail-desc-decorate-image\" src=\"https:\/\/ae01.alicdn.com\/kf\/H55c5816eb9024f41af4ce2588c5361d7L.jpg\" \/><\/p>\n<\/div>\n<p>&nbsp;<\/p>","protected":false},"excerpt":{"rendered":"<p>Stil: einfach und modisch<br \/>\nKann Anpassungen unterst\u00fctzen<br \/>\nGro\u00dfhandel kann unterst\u00fctzt werden<br \/>\nKundenspezifisches Logo (Mindestbestellmenge 20 St\u00fcck)<br \/>\nWenn Sie Gro\u00dfhandel Wasserpfeife ben\u00f6tigen, kontaktieren Sie uns bitte per WhatsApp oder E-Mail, und wir werden Sie mit dem Gro\u00dfhandelspreis, unsere E-Mail ist (muxiangpipe5@gmail.com)<\/p>","protected":false},"featured_media":11854,"comment_status":"open","ping_status":"closed","template":"","meta":{"iawp_total_views":11,"_joinchat":[]},"product_brand":[],"product_cat":[560,119],"product_tag":[],"class_list":{"0":"post-11853","1":"product","2":"type-product","3":"status-publish","4":"has-post-thumbnail","6":"product_cat-glass-hookah-wholesale","7":"product_cat-wholesale-hookah","9":"first","10":"instock","11":"shipping-taxable","12":"purchasable","13":"product-type-simple"},"yoast_head":"<!-- This site is optimized with the Yoast SEO Premium plugin v24.7 (Yoast SEO v26.8) - https:\/\/yoast.com\/product\/yoast-seo-premium-wordpress\/ -->\n<title>Easy hookah with glass base wholesale - Global Hookah<\/title>\n<meta name=\"robots\" content=\"index, follow, max-snippet:-1, max-image-preview:large, max-video-preview:-1\" \/>\n<link rel=\"canonical\" href=\"https:\/\/global-hookah.com\/de\/produkt\/easy-hookah-with-glass-base-wholesale\/\" \/>\n<meta property=\"og:locale\" content=\"de_DE\" \/>\n<meta property=\"og:type\" content=\"article\" \/>\n<meta property=\"og:title\" content=\"Easy hookah with glass base wholesale\" \/>\n<meta property=\"og:description\" content=\"Style: simple and fashionable Can Support Customization Wholesale Can Be Supported Customized logo(Min. order 20 pieces) If you need wholesale hookah, please contact us by WhatsApp or email, and we will provide you with the wholesale price, our email is (muxiangpipe5@gmail.com)\" \/>\n<meta property=\"og:url\" content=\"https:\/\/global-hookah.com\/de\/produkt\/easy-hookah-with-glass-base-wholesale\/\" \/>\n<meta property=\"og:site_name\" content=\"Global Hookah\" \/>\n<meta property=\"article:modified_time\" content=\"2024-01-12T03:57:42+00:00\" \/>\n<meta property=\"og:image\" content=\"https:\/\/global-hookah.com\/wp-content\/uploads\/2023\/05\/New-Styles-Shi-Carver-Easy-hookah-with-glass-base-Nargile-Sheesha-Narguile-Chicha-Cachimbas-Shisha-set.jpg\" \/>\n\t<meta property=\"og:image:width\" content=\"1000\" \/>\n\t<meta property=\"og:image:height\" content=\"1000\" \/>\n\t<meta property=\"og:image:type\" content=\"image\/jpeg\" \/>\n<meta name=\"twitter:card\" content=\"summary_large_image\" \/>\n<meta name=\"twitter:label1\" content=\"Gesch\u00e4tzte Lesezeit\" \/>\n\t<meta name=\"twitter:data1\" content=\"4\u00a0Minuten\" \/>\n<script type=\"application\/ld+json\" class=\"yoast-schema-graph\">{\"@context\":\"https:\/\/schema.org\",\"@graph\":[{\"@type\":\"WebPage\",\"@id\":\"https:\/\/global-hookah.com\/product\/easy-hookah-with-glass-base-wholesale\/\",\"url\":\"https:\/\/global-hookah.com\/product\/easy-hookah-with-glass-base-wholesale\/\",\"name\":\"Easy hookah with glass base wholesale - Global Hookah\",\"isPartOf\":{\"@id\":\"https:\/\/global-hookah.com\/#website\"},\"primaryImageOfPage\":{\"@id\":\"https:\/\/global-hookah.com\/product\/easy-hookah-with-glass-base-wholesale\/#primaryimage\"},\"image\":{\"@id\":\"https:\/\/global-hookah.com\/product\/easy-hookah-with-glass-base-wholesale\/#primaryimage\"},\"thumbnailUrl\":\"https:\/\/global-hookah.com\/wp-content\/uploads\/2023\/05\/New-Styles-Shi-Carver-Easy-hookah-with-glass-base-Nargile-Sheesha-Narguile-Chicha-Cachimbas-Shisha-set.jpg\",\"datePublished\":\"2023-05-18T02:08:22+00:00\",\"dateModified\":\"2024-01-12T03:57:42+00:00\",\"breadcrumb\":{\"@id\":\"https:\/\/global-hookah.com\/product\/easy-hookah-with-glass-base-wholesale\/#breadcrumb\"},\"inLanguage\":\"de\",\"potentialAction\":[{\"@type\":\"ReadAction\",\"target\":[\"https:\/\/global-hookah.com\/product\/easy-hookah-with-glass-base-wholesale\/\"]}]},{\"@type\":\"ImageObject\",\"inLanguage\":\"de\",\"@id\":\"https:\/\/global-hookah.com\/product\/easy-hookah-with-glass-base-wholesale\/#primaryimage\",\"url\":\"https:\/\/global-hookah.com\/wp-content\/uploads\/2023\/05\/New-Styles-Shi-Carver-Easy-hookah-with-glass-base-Nargile-Sheesha-Narguile-Chicha-Cachimbas-Shisha-set.jpg\",\"contentUrl\":\"https:\/\/global-hookah.com\/wp-content\/uploads\/2023\/05\/New-Styles-Shi-Carver-Easy-hookah-with-glass-base-Nargile-Sheesha-Narguile-Chicha-Cachimbas-Shisha-set.jpg\",\"width\":1000,\"height\":1000},{\"@type\":\"BreadcrumbList\",\"@id\":\"https:\/\/global-hookah.com\/product\/easy-hookah-with-glass-base-wholesale\/#breadcrumb\",\"itemListElement\":[{\"@type\":\"ListItem\",\"position\":1,\"name\":\"Home\",\"item\":\"https:\/\/global-hookah.com\/\"},{\"@type\":\"ListItem\",\"position\":2,\"name\":\"Shop\",\"item\":\"https:\/\/global-hookah.com\/shop\/\"},{\"@type\":\"ListItem\",\"position\":3,\"name\":\"Easy hookah with glass base wholesale\"}]},{\"@type\":\"WebSite\",\"@id\":\"https:\/\/global-hookah.com\/#website\",\"url\":\"https:\/\/global-hookah.com\/\",\"name\":\"Global Hookah\",\"description\":\"Global Hookah\",\"publisher\":{\"@id\":\"https:\/\/global-hookah.com\/#organization\"},\"potentialAction\":[{\"@type\":\"SearchAction\",\"target\":{\"@type\":\"EntryPoint\",\"urlTemplate\":\"https:\/\/global-hookah.com\/?s={search_term_string}\"},\"query-input\":{\"@type\":\"PropertyValueSpecification\",\"valueRequired\":true,\"valueName\":\"search_term_string\"}}],\"inLanguage\":\"de\"},{\"@type\":\"Organization\",\"@id\":\"https:\/\/global-hookah.com\/#organization\",\"name\":\"Global Hookah\",\"url\":\"https:\/\/global-hookah.com\/\",\"logo\":{\"@type\":\"ImageObject\",\"inLanguage\":\"de\",\"@id\":\"https:\/\/global-hookah.com\/#\/schema\/logo\/image\/\",\"url\":\"https:\/\/global-hookah.com\/wp-content\/uploads\/2021\/10\/cropped-fgg.png\",\"contentUrl\":\"https:\/\/global-hookah.com\/wp-content\/uploads\/2021\/10\/cropped-fgg.png\",\"width\":512,\"height\":512,\"caption\":\"Global Hookah\"},\"image\":{\"@id\":\"https:\/\/global-hookah.com\/#\/schema\/logo\/image\/\"}}]}<\/script>\n<!-- \/ Yoast SEO Premium plugin. -->","yoast_head_json":{"title":"Einfache Wasserpfeife mit Glasboden Gro\u00dfhandel - Global Hookah","robots":{"index":"index","follow":"follow","max-snippet":"max-snippet:-1","max-image-preview":"max-image-preview:large","max-video-preview":"max-video-preview:-1"},"canonical":"https:\/\/global-hookah.com\/de\/produkt\/easy-hookah-with-glass-base-wholesale\/","og_locale":"de_DE","og_type":"article","og_title":"Easy hookah with glass base wholesale","og_description":"Style: simple and fashionable Can Support Customization Wholesale Can Be Supported Customized logo(Min. order 20 pieces) If you need wholesale hookah, please contact us by WhatsApp or email, and we will provide you with the wholesale price, our email is (muxiangpipe5@gmail.com)","og_url":"https:\/\/global-hookah.com\/de\/produkt\/easy-hookah-with-glass-base-wholesale\/","og_site_name":"Global Hookah","article_modified_time":"2024-01-12T03:57:42+00:00","og_image":[{"width":1000,"height":1000,"url":"https:\/\/global-hookah.com\/wp-content\/uploads\/2023\/05\/New-Styles-Shi-Carver-Easy-hookah-with-glass-base-Nargile-Sheesha-Narguile-Chicha-Cachimbas-Shisha-set.jpg","type":"image\/jpeg"}],"twitter_card":"summary_large_image","twitter_misc":{"Gesch\u00e4tzte Lesezeit":"4\u00a0Minuten"},"schema":{"@context":"https:\/\/schema.org","@graph":[{"@type":"WebPage","@id":"https:\/\/global-hookah.com\/product\/easy-hookah-with-glass-base-wholesale\/","url":"https:\/\/global-hookah.com\/product\/easy-hookah-with-glass-base-wholesale\/","name":"Einfache Wasserpfeife mit Glasboden Gro\u00dfhandel - Global Hookah","isPartOf":{"@id":"https:\/\/global-hookah.com\/#website"},"primaryImageOfPage":{"@id":"https:\/\/global-hookah.com\/product\/easy-hookah-with-glass-base-wholesale\/#primaryimage"},"image":{"@id":"https:\/\/global-hookah.com\/product\/easy-hookah-with-glass-base-wholesale\/#primaryimage"},"thumbnailUrl":"https:\/\/global-hookah.com\/wp-content\/uploads\/2023\/05\/New-Styles-Shi-Carver-Easy-hookah-with-glass-base-Nargile-Sheesha-Narguile-Chicha-Cachimbas-Shisha-set.jpg","datePublished":"2023-05-18T02:08:22+00:00","dateModified":"2024-01-12T03:57:42+00:00","breadcrumb":{"@id":"https:\/\/global-hookah.com\/product\/easy-hookah-with-glass-base-wholesale\/#breadcrumb"},"inLanguage":"de","potentialAction":[{"@type":"ReadAction","target":["https:\/\/global-hookah.com\/product\/easy-hookah-with-glass-base-wholesale\/"]}]},{"@type":"ImageObject","inLanguage":"de","@id":"https:\/\/global-hookah.com\/product\/easy-hookah-with-glass-base-wholesale\/#primaryimage","url":"https:\/\/global-hookah.com\/wp-content\/uploads\/2023\/05\/New-Styles-Shi-Carver-Easy-hookah-with-glass-base-Nargile-Sheesha-Narguile-Chicha-Cachimbas-Shisha-set.jpg","contentUrl":"https:\/\/global-hookah.com\/wp-content\/uploads\/2023\/05\/New-Styles-Shi-Carver-Easy-hookah-with-glass-base-Nargile-Sheesha-Narguile-Chicha-Cachimbas-Shisha-set.jpg","width":1000,"height":1000},{"@type":"BreadcrumbList","@id":"https:\/\/global-hookah.com\/product\/easy-hookah-with-glass-base-wholesale\/#breadcrumb","itemListElement":[{"@type":"ListItem","position":1,"name":"Home","item":"https:\/\/global-hookah.com\/"},{"@type":"ListItem","position":2,"name":"Shop","item":"https:\/\/global-hookah.com\/shop\/"},{"@type":"ListItem","position":3,"name":"Easy hookah with glass base wholesale"}]},{"@type":"WebSite","@id":"https:\/\/global-hookah.com\/#website","url":"https:\/\/global-hookah.com\/","name":"Globale Wasserpfeife","description":"Globale Wasserpfeife","publisher":{"@id":"https:\/\/global-hookah.com\/#organization"},"potentialAction":[{"@type":"SearchAction","target":{"@type":"EntryPoint","urlTemplate":"https:\/\/global-hookah.com\/?s={search_term_string}"},"query-input":{"@type":"PropertyValueSpecification","valueRequired":true,"valueName":"search_term_string"}}],"inLanguage":"de"},{"@type":"Organization","@id":"https:\/\/global-hookah.com\/#organization","name":"Globale Wasserpfeife","url":"https:\/\/global-hookah.com\/","logo":{"@type":"ImageObject","inLanguage":"de","@id":"https:\/\/global-hookah.com\/#\/schema\/logo\/image\/","url":"https:\/\/global-hookah.com\/wp-content\/uploads\/2021\/10\/cropped-fgg.png","contentUrl":"https:\/\/global-hookah.com\/wp-content\/uploads\/2021\/10\/cropped-fgg.png","width":512,"height":512,"caption":"Global Hookah"},"image":{"@id":"https:\/\/global-hookah.com\/#\/schema\/logo\/image\/"}}]}},"_links":{"self":[{"href":"https:\/\/global-hookah.com\/de\/wp-json\/wp\/v2\/product\/11853","targetHints":{"allow":["GET"]}}],"collection":[{"href":"https:\/\/global-hookah.com\/de\/wp-json\/wp\/v2\/product"}],"about":[{"href":"https:\/\/global-hookah.com\/de\/wp-json\/wp\/v2\/types\/product"}],"replies":[{"embeddable":true,"href":"https:\/\/global-hookah.com\/de\/wp-json\/wp\/v2\/comments?post=11853"}],"version-history":[{"count":0,"href":"https:\/\/global-hookah.com\/de\/wp-json\/wp\/v2\/product\/11853\/revisions"}],"wp:featuredmedia":[{"embeddable":true,"href":"https:\/\/global-hookah.com\/de\/wp-json\/wp\/v2\/media\/11854"}],"wp:attachment":[{"href":"https:\/\/global-hookah.com\/de\/wp-json\/wp\/v2\/media?parent=11853"}],"wp:term":[{"taxonomy":"product_brand","embeddable":true,"href":"https:\/\/global-hookah.com\/de\/wp-json\/wp\/v2\/product_brand?post=11853"},{"taxonomy":"product_cat","embeddable":true,"href":"https:\/\/global-hookah.com\/de\/wp-json\/wp\/v2\/product_cat?post=11853"},{"taxonomy":"product_tag","embeddable":true,"href":"https:\/\/global-hookah.com\/de\/wp-json\/wp\/v2\/product_tag?post=11853"}],"curies":[{"name":"wp","href":"https:\/\/api.w.org\/{rel}","templated":true}]}}