{"id":12004,"date":"2023-05-23T13:57:24","date_gmt":"2023-05-23T13:57:24","guid":{"rendered":"https:\/\/global-hookah.com\/product\/4-hoses-glass-hookah-pipa-wholesale\/"},"modified":"2024-01-12T03:57:38","modified_gmt":"2024-01-12T03:57:38","slug":"4-hoses-glass-hookah-pipe-wholesale","status":"publish","type":"product","link":"https:\/\/global-hookah.com\/de\/produkt\/4-hoses-glass-hookah-pipe-wholesale\/","title":{"rendered":"4 Schl\u00e4uche Glas Hookah Pfeife Gro\u00dfhandel"},"content":{"rendered":"<p>Mit unserem<strong> 4 Schl\u00e4uche Glas Hookah Pfeife<\/strong> kann Ihnen dabei helfen, eine einwandfreie Rauchsession zu genie\u00dfen und sich von Lecks zu verabschieden. Dank unserer auslaufsicheren Konstruktion ist jeder Zug angenehm und sanft. Durch strenge Qualit\u00e4tskontrollen haben wir die M\u00f6glichkeit kleinerer Lecks vollst\u00e4ndig ausgeschlossen, sodass Sie den Moment ohne Unterbrechungen genie\u00dfen k\u00f6nnen.<\/p>\n<p>Um jegliche M\u00e4ngel zu beseitigen, haben wir unsere Herstellungsverfahren verbessert und unsere Qualit\u00e4tskontrollen versch\u00e4rft. Jedes Auslassrohr funktioniert einwandfrei und bietet den besten Luftstrom f\u00fcr ein unvergleichliches Raucherlebnis.<\/p>\n<p>Die Stabilit\u00e4t ist kein Thema mehr. Unsere neu gestaltete Wasserpfeife hat ein stabiles Design mit verst\u00e4rkten Sockeln, die Bewegungen aushalten, ohne ihre Integrit\u00e4t zu verlieren. Unsere Designverbesserungen gew\u00e4hrleisten, dass Ihre <a href=\"https:\/\/global-hookah.com\/\"><strong> Glas Wasserpfeife<\/strong><\/a> bleibt auch bei ausgelassenen Veranstaltungen intakt, denn wir wissen um den Wert der Haltbarkeit.<\/p>\n<p>Mit unserem<strong> 4-Schl\u00e4uche Glas Hookah Pipa Gro\u00dfhandel<\/strong>, erhalten Sie ein umfassendes Set, das jeden Winkel abdeckt. Dieses ganze Kit ist ein Denkmal f\u00fcr unsere Hingabe zur Perfektion, sowohl in Bezug auf seine wundersch\u00f6ne Optik und seine einwandfreie Funktionalit\u00e4t. F\u00fcgen Sie einfach Ihre Lieblingskohlen und die Shisha Ihrer Wahl hinzu, worauf warten Sie noch, schauen Sie nach unserem<strong> Gro\u00dfhandel 4 Schl\u00e4uche Glas Hookah Pfeife<\/strong><\/p>\n<div class=\"detailmodule_html\">\n<div class=\"detail-desc-decorate-richtext\">\n<div>\n<div>\n<div>\n<div>\n<div>\n<div>\n<p><img decoding=\"async\" src=\"https:\/\/ae01.alicdn.com\/kf\/S28b9ad14908341879c47e4c897d2c2c1J.jpg\" \/><img decoding=\"async\" src=\"https:\/\/ae01.alicdn.com\/kf\/Sfb0663a83e4c409a8827c849ff2f5308D.jpg\" \/><img decoding=\"async\" src=\"https:\/\/ae01.alicdn.com\/kf\/S3edb3d407b7a4e4c8a575803d91980ecv.jpg\" \/><img decoding=\"async\" src=\"https:\/\/ae01.alicdn.com\/kf\/Sb83010ecb92649f2af4da16aad28fc07W.jpg\" \/><img decoding=\"async\" src=\"https:\/\/ae01.alicdn.com\/kf\/S202861c2d9c1401f96f82a0b6b1ea65e9.jpg\" \/><img decoding=\"async\" src=\"https:\/\/ae01.alicdn.com\/kf\/S9c4aca32fc2a4945bcead74388644ebeW.jpg\" \/><img decoding=\"async\" src=\"https:\/\/ae01.alicdn.com\/kf\/S4f4382ddff48428b8c5799903851ee44X.jpg\" \/><img decoding=\"async\" src=\"https:\/\/ae01.alicdn.com\/kf\/S9d056507df4641188d9dc2b45a7f82b1Q.jpg\" \/><img decoding=\"async\" src=\"https:\/\/ae01.alicdn.com\/kf\/Sa44928e9f20f47029fe6eda63686e48dT.jpg\" \/><img decoding=\"async\" src=\"https:\/\/ae01.alicdn.com\/kf\/Sf5326c9571ee4d0391a9b24820adc4f2X.jpg\" \/><img decoding=\"async\" src=\"https:\/\/ae01.alicdn.com\/kf\/S9c018573d928471ba81ae228b123e9ee0.jpg\" \/><img decoding=\"async\" src=\"https:\/\/ae01.alicdn.com\/kf\/S21f5bc2c494c49dc91c0df55cbec29a6B.jpg\" \/><img decoding=\"async\" src=\"https:\/\/ae01.alicdn.com\/kf\/Sb69a2ff1ea3740ca8f0510b9d5f1de5aA.jpg\" \/><img decoding=\"async\" src=\"https:\/\/ae01.alicdn.com\/kf\/Sd985051916794171b41e8a24f34d0fb89.jpg\" \/><\/p>\n<p><img decoding=\"async\" src=\"https:\/\/ae01.alicdn.com\/kf\/H0982bec1f89643ea928b461ecb2d84f2l.jpg\" \/><\/p>\n<\/div>\n<\/div>\n<\/div>\n<\/div>\n<\/div>\n<\/div>\n<\/div>\n<\/div>\n<p>&nbsp;<\/p>","protected":false},"excerpt":{"rendered":"<p>Mit unserer 4 Hoses Glass Hookah Pipe k\u00f6nnen Sie eine fehlerfreie Rauchsession genie\u00dfen und sich von Lecks verabschieden. Jeder Zug<\/p>","protected":false},"featured_media":12005,"comment_status":"open","ping_status":"closed","template":"","meta":{"iawp_total_views":8,"_joinchat":[]},"product_brand":[],"product_cat":[560,119],"product_tag":[],"class_list":{"0":"post-12004","1":"product","2":"type-product","3":"status-publish","4":"has-post-thumbnail","6":"product_cat-glass-hookah-wholesale","7":"product_cat-wholesale-hookah","9":"first","10":"instock","11":"shipping-taxable","12":"purchasable","13":"product-type-simple"},"yoast_head":"<!-- This site is optimized with the Yoast SEO Premium plugin v24.7 (Yoast SEO v26.8) - https:\/\/yoast.com\/product\/yoast-seo-premium-wordpress\/ -->\n<title>4 Hoses Glass Hookah Pipe Wholesale - Global Hookah<\/title>\n<meta name=\"robots\" content=\"index, follow, max-snippet:-1, max-image-preview:large, max-video-preview:-1\" \/>\n<link rel=\"canonical\" href=\"https:\/\/global-hookah.com\/de\/produkt\/4-schlauche-glas-hookah-pfeife-groshandel\/\" \/>\n<meta property=\"og:locale\" content=\"de_DE\" \/>\n<meta property=\"og:type\" content=\"article\" \/>\n<meta property=\"og:title\" content=\"4 Hoses Glass Hookah Pipe Wholesale\" \/>\n<meta property=\"og:description\" content=\"Using our 4 Hoses Glass Hookah Pipe can help Embrace a faultless smoking session and bid leaks farewell. Every hit\" \/>\n<meta property=\"og:url\" content=\"https:\/\/global-hookah.com\/de\/produkt\/4-schlauche-glas-hookah-pfeife-groshandel\/\" \/>\n<meta property=\"og:site_name\" content=\"Global Hookah\" \/>\n<meta property=\"article:modified_time\" content=\"2024-01-12T03:57:38+00:00\" \/>\n<meta property=\"og:image\" content=\"https:\/\/global-hookah.com\/wp-content\/uploads\/2023\/05\/4-Hoses-Glass-Hookah-Pipa-Narguile-Completo-Shisha-Pipe-Set-Chicha-Cachimba-Sisha-Smoking-Accessories-Club.jpg\" \/>\n\t<meta property=\"og:image:width\" content=\"1200\" \/>\n\t<meta property=\"og:image:height\" content=\"1200\" \/>\n\t<meta property=\"og:image:type\" content=\"image\/jpeg\" \/>\n<meta name=\"twitter:card\" content=\"summary_large_image\" \/>\n<meta name=\"twitter:label1\" content=\"Gesch\u00e4tzte Lesezeit\" \/>\n\t<meta name=\"twitter:data1\" content=\"4\u00a0Minuten\" \/>\n<script type=\"application\/ld+json\" class=\"yoast-schema-graph\">{\"@context\":\"https:\/\/schema.org\",\"@graph\":[{\"@type\":\"WebPage\",\"@id\":\"https:\/\/global-hookah.com\/de\/produkt\/4-schlauche-glas-hookah-pfeife-groshandel\/\",\"url\":\"https:\/\/global-hookah.com\/de\/produkt\/4-schlauche-glas-hookah-pfeife-groshandel\/\",\"name\":\"4 Hoses Glass Hookah Pipe Wholesale - Global Hookah\",\"isPartOf\":{\"@id\":\"https:\/\/global-hookah.com\/#website\"},\"primaryImageOfPage\":{\"@id\":\"https:\/\/global-hookah.com\/de\/produkt\/4-schlauche-glas-hookah-pfeife-groshandel\/#primaryimage\"},\"image\":{\"@id\":\"https:\/\/global-hookah.com\/de\/produkt\/4-schlauche-glas-hookah-pfeife-groshandel\/#primaryimage\"},\"thumbnailUrl\":\"https:\/\/global-hookah.com\/wp-content\/uploads\/2023\/05\/4-Hoses-Glass-Hookah-Pipa-Narguile-Completo-Shisha-Pipe-Set-Chicha-Cachimba-Sisha-Smoking-Accessories-Club.jpg\",\"datePublished\":\"2023-05-23T13:57:24+00:00\",\"dateModified\":\"2024-01-12T03:57:38+00:00\",\"breadcrumb\":{\"@id\":\"https:\/\/global-hookah.com\/de\/produkt\/4-schlauche-glas-hookah-pfeife-groshandel\/#breadcrumb\"},\"inLanguage\":\"de\",\"potentialAction\":[{\"@type\":\"ReadAction\",\"target\":[\"https:\/\/global-hookah.com\/de\/produkt\/4-schlauche-glas-hookah-pfeife-groshandel\/\"]}]},{\"@type\":\"ImageObject\",\"inLanguage\":\"de\",\"@id\":\"https:\/\/global-hookah.com\/de\/produkt\/4-schlauche-glas-hookah-pfeife-groshandel\/#primaryimage\",\"url\":\"https:\/\/global-hookah.com\/wp-content\/uploads\/2023\/05\/4-Hoses-Glass-Hookah-Pipa-Narguile-Completo-Shisha-Pipe-Set-Chicha-Cachimba-Sisha-Smoking-Accessories-Club.jpg\",\"contentUrl\":\"https:\/\/global-hookah.com\/wp-content\/uploads\/2023\/05\/4-Hoses-Glass-Hookah-Pipa-Narguile-Completo-Shisha-Pipe-Set-Chicha-Cachimba-Sisha-Smoking-Accessories-Club.jpg\",\"width\":1200,\"height\":1200,\"caption\":\"4 Hoses Glass Hookah Pipe Wholesale\"},{\"@type\":\"BreadcrumbList\",\"@id\":\"https:\/\/global-hookah.com\/de\/produkt\/4-schlauche-glas-hookah-pfeife-groshandel\/#breadcrumb\",\"itemListElement\":[{\"@type\":\"ListItem\",\"position\":1,\"name\":\"Home\",\"item\":\"https:\/\/global-hookah.com\/\"},{\"@type\":\"ListItem\",\"position\":2,\"name\":\"Shop\",\"item\":\"https:\/\/global-hookah.com\/shop\/\"},{\"@type\":\"ListItem\",\"position\":3,\"name\":\"4 Hoses Glass Hookah Pipe Wholesale\"}]},{\"@type\":\"WebSite\",\"@id\":\"https:\/\/global-hookah.com\/#website\",\"url\":\"https:\/\/global-hookah.com\/\",\"name\":\"Global Hookah\",\"description\":\"Global Hookah\",\"publisher\":{\"@id\":\"https:\/\/global-hookah.com\/#organization\"},\"potentialAction\":[{\"@type\":\"SearchAction\",\"target\":{\"@type\":\"EntryPoint\",\"urlTemplate\":\"https:\/\/global-hookah.com\/?s={search_term_string}\"},\"query-input\":{\"@type\":\"PropertyValueSpecification\",\"valueRequired\":true,\"valueName\":\"search_term_string\"}}],\"inLanguage\":\"de\"},{\"@type\":\"Organization\",\"@id\":\"https:\/\/global-hookah.com\/#organization\",\"name\":\"Global Hookah\",\"url\":\"https:\/\/global-hookah.com\/\",\"logo\":{\"@type\":\"ImageObject\",\"inLanguage\":\"de\",\"@id\":\"https:\/\/global-hookah.com\/#\/schema\/logo\/image\/\",\"url\":\"https:\/\/global-hookah.com\/wp-content\/uploads\/2021\/10\/cropped-fgg.png\",\"contentUrl\":\"https:\/\/global-hookah.com\/wp-content\/uploads\/2021\/10\/cropped-fgg.png\",\"width\":512,\"height\":512,\"caption\":\"Global Hookah\"},\"image\":{\"@id\":\"https:\/\/global-hookah.com\/#\/schema\/logo\/image\/\"}}]}<\/script>\n<!-- \/ Yoast SEO Premium plugin. -->","yoast_head_json":{"title":"4 Schl\u00e4uche Glas Hookah Pfeife Gro\u00dfhandel - Global Hookah","robots":{"index":"index","follow":"follow","max-snippet":"max-snippet:-1","max-image-preview":"max-image-preview:large","max-video-preview":"max-video-preview:-1"},"canonical":"https:\/\/global-hookah.com\/de\/produkt\/4-schlauche-glas-hookah-pfeife-groshandel\/","og_locale":"de_DE","og_type":"article","og_title":"4 Hoses Glass Hookah Pipe Wholesale","og_description":"Using our 4 Hoses Glass Hookah Pipe can help Embrace a faultless smoking session and bid leaks farewell. Every hit","og_url":"https:\/\/global-hookah.com\/de\/produkt\/4-schlauche-glas-hookah-pfeife-groshandel\/","og_site_name":"Global Hookah","article_modified_time":"2024-01-12T03:57:38+00:00","og_image":[{"width":1200,"height":1200,"url":"https:\/\/global-hookah.com\/wp-content\/uploads\/2023\/05\/4-Hoses-Glass-Hookah-Pipa-Narguile-Completo-Shisha-Pipe-Set-Chicha-Cachimba-Sisha-Smoking-Accessories-Club.jpg","type":"image\/jpeg"}],"twitter_card":"summary_large_image","twitter_misc":{"Gesch\u00e4tzte Lesezeit":"4\u00a0Minuten"},"schema":{"@context":"https:\/\/schema.org","@graph":[{"@type":"WebPage","@id":"https:\/\/global-hookah.com\/de\/produkt\/4-schlauche-glas-hookah-pfeife-groshandel\/","url":"https:\/\/global-hookah.com\/de\/produkt\/4-schlauche-glas-hookah-pfeife-groshandel\/","name":"4 Schl\u00e4uche Glas Hookah Pfeife Gro\u00dfhandel - Global Hookah","isPartOf":{"@id":"https:\/\/global-hookah.com\/#website"},"primaryImageOfPage":{"@id":"https:\/\/global-hookah.com\/de\/produkt\/4-schlauche-glas-hookah-pfeife-groshandel\/#primaryimage"},"image":{"@id":"https:\/\/global-hookah.com\/de\/produkt\/4-schlauche-glas-hookah-pfeife-groshandel\/#primaryimage"},"thumbnailUrl":"https:\/\/global-hookah.com\/wp-content\/uploads\/2023\/05\/4-Hoses-Glass-Hookah-Pipa-Narguile-Completo-Shisha-Pipe-Set-Chicha-Cachimba-Sisha-Smoking-Accessories-Club.jpg","datePublished":"2023-05-23T13:57:24+00:00","dateModified":"2024-01-12T03:57:38+00:00","breadcrumb":{"@id":"https:\/\/global-hookah.com\/de\/produkt\/4-schlauche-glas-hookah-pfeife-groshandel\/#breadcrumb"},"inLanguage":"de","potentialAction":[{"@type":"ReadAction","target":["https:\/\/global-hookah.com\/de\/produkt\/4-schlauche-glas-hookah-pfeife-groshandel\/"]}]},{"@type":"ImageObject","inLanguage":"de","@id":"https:\/\/global-hookah.com\/de\/produkt\/4-schlauche-glas-hookah-pfeife-groshandel\/#primaryimage","url":"https:\/\/global-hookah.com\/wp-content\/uploads\/2023\/05\/4-Hoses-Glass-Hookah-Pipa-Narguile-Completo-Shisha-Pipe-Set-Chicha-Cachimba-Sisha-Smoking-Accessories-Club.jpg","contentUrl":"https:\/\/global-hookah.com\/wp-content\/uploads\/2023\/05\/4-Hoses-Glass-Hookah-Pipa-Narguile-Completo-Shisha-Pipe-Set-Chicha-Cachimba-Sisha-Smoking-Accessories-Club.jpg","width":1200,"height":1200,"caption":"4 Hoses Glass Hookah Pipe Wholesale"},{"@type":"BreadcrumbList","@id":"https:\/\/global-hookah.com\/de\/produkt\/4-schlauche-glas-hookah-pfeife-groshandel\/#breadcrumb","itemListElement":[{"@type":"ListItem","position":1,"name":"Home","item":"https:\/\/global-hookah.com\/"},{"@type":"ListItem","position":2,"name":"Shop","item":"https:\/\/global-hookah.com\/shop\/"},{"@type":"ListItem","position":3,"name":"4 Hoses Glass Hookah Pipe Wholesale"}]},{"@type":"WebSite","@id":"https:\/\/global-hookah.com\/#website","url":"https:\/\/global-hookah.com\/","name":"Globale Wasserpfeife","description":"Globale Wasserpfeife","publisher":{"@id":"https:\/\/global-hookah.com\/#organization"},"potentialAction":[{"@type":"SearchAction","target":{"@type":"EntryPoint","urlTemplate":"https:\/\/global-hookah.com\/?s={search_term_string}"},"query-input":{"@type":"PropertyValueSpecification","valueRequired":true,"valueName":"search_term_string"}}],"inLanguage":"de"},{"@type":"Organization","@id":"https:\/\/global-hookah.com\/#organization","name":"Globale Wasserpfeife","url":"https:\/\/global-hookah.com\/","logo":{"@type":"ImageObject","inLanguage":"de","@id":"https:\/\/global-hookah.com\/#\/schema\/logo\/image\/","url":"https:\/\/global-hookah.com\/wp-content\/uploads\/2021\/10\/cropped-fgg.png","contentUrl":"https:\/\/global-hookah.com\/wp-content\/uploads\/2021\/10\/cropped-fgg.png","width":512,"height":512,"caption":"Global Hookah"},"image":{"@id":"https:\/\/global-hookah.com\/#\/schema\/logo\/image\/"}}]}},"_links":{"self":[{"href":"https:\/\/global-hookah.com\/de\/wp-json\/wp\/v2\/product\/12004","targetHints":{"allow":["GET"]}}],"collection":[{"href":"https:\/\/global-hookah.com\/de\/wp-json\/wp\/v2\/product"}],"about":[{"href":"https:\/\/global-hookah.com\/de\/wp-json\/wp\/v2\/types\/product"}],"replies":[{"embeddable":true,"href":"https:\/\/global-hookah.com\/de\/wp-json\/wp\/v2\/comments?post=12004"}],"version-history":[{"count":0,"href":"https:\/\/global-hookah.com\/de\/wp-json\/wp\/v2\/product\/12004\/revisions"}],"wp:featuredmedia":[{"embeddable":true,"href":"https:\/\/global-hookah.com\/de\/wp-json\/wp\/v2\/media\/12005"}],"wp:attachment":[{"href":"https:\/\/global-hookah.com\/de\/wp-json\/wp\/v2\/media?parent=12004"}],"wp:term":[{"taxonomy":"product_brand","embeddable":true,"href":"https:\/\/global-hookah.com\/de\/wp-json\/wp\/v2\/product_brand?post=12004"},{"taxonomy":"product_cat","embeddable":true,"href":"https:\/\/global-hookah.com\/de\/wp-json\/wp\/v2\/product_cat?post=12004"},{"taxonomy":"product_tag","embeddable":true,"href":"https:\/\/global-hookah.com\/de\/wp-json\/wp\/v2\/product_tag?post=12004"}],"curies":[{"name":"wp","href":"https:\/\/api.w.org\/{rel}","templated":true}]}}