{"id":12007,"date":"2023-05-23T13:59:18","date_gmt":"2023-05-23T13:59:18","guid":{"rendered":"https:\/\/global-hookah.com\/product\/las-vegas-best-glass-hookah-wholesale\/"},"modified":"2024-01-12T03:57:37","modified_gmt":"2024-01-12T03:57:37","slug":"las-vegas-best-glass-hookah-wholesale","status":"publish","type":"product","link":"https:\/\/global-hookah.com\/de\/produkt\/las-vegas-best-glass-hookah-wholesale\/","title":{"rendered":"Las Vegas Beste Glas Hookah Gro\u00dfhandel"},"content":{"rendered":"<p>Am wirksamsten <strong>Glas Wasserpfeife<\/strong> Eine einwandfreie Montage wird durch das verbesserte Anschlusssystem garantiert, das dank einer verbesserten Technik alle Schwierigkeiten der Vergangenheit beseitigt. Der eng anliegende Gummidichtungsring sorgt f\u00fcr eine luftdichte Abdichtung, verbessert den Luftstrom und l\u00f6st alle <strong>schlanke Wasserpfeife Schwierigkeiten<\/strong>.<\/p>\n<p>Unser neu entwickeltes Rauchmanagementsystem bietet unvergleichlichen Komfort. Dank unseres hochmodernen Ventildesigns k\u00f6nnen Sie jetzt einfach Rauch ausblasen, wenn der Kopf brennt. Genie\u00dfen Sie die totale Kontrolle \u00fcber Ihre Begegnungen mit Shisha.<\/p>\n<p>Dank des verbesserten Luftstromsystems unseres Produkts k\u00f6nnen Sie den dichten, duftenden Rauch mit Leichtigkeit inhalieren. Ohne unn\u00f6tige Anstrengung, entspannen Sie sich und genie\u00dfen Sie jede Minute. Wir freuen uns, unseren treuen Kunden das gr\u00f6\u00dfte Sortiment an Wasserpfeifen anbieten zu k\u00f6nnen, da die <strong>Top-Wasserpfeifen-Gro\u00dfh\u00e4ndler in Las Vegas<\/strong>. Wenn Sie also an unseren Produkten interessiert sind, kontaktieren Sie uns bitte<\/p>\n<div style=\"font-family: 'Open Sans', Roboto, Arial, Helvetica, sans-serif, SimSun; font-size: 14px; font-weight: 400; letter-spacing: normal; text-align: start; white-space: normal; color: #222222; background-color: #ffffff; margin: 0px; padding: 0px; box-sizing: content-box;\" align=\"start\"><\/div>\n<p><img decoding=\"async\" src=\"https:\/\/ae01.alicdn.com\/kf\/S351a724368504ec29e484fde871de47e5.jpg\" \/><img decoding=\"async\" src=\"https:\/\/ae01.alicdn.com\/kf\/Sfcc9f82f7697425c964ccb37badb30c3E.jpg\" \/><img decoding=\"async\" src=\"https:\/\/ae01.alicdn.com\/kf\/Se19e86b4b09648bd99049f92bab10965G.jpg\" \/><img decoding=\"async\" src=\"https:\/\/ae01.alicdn.com\/kf\/Scd29ea7dc88046febe06e4d6b8f23c460.jpg\" \/><img decoding=\"async\" src=\"https:\/\/ae01.alicdn.com\/kf\/Sabcdc7b3459e46b9b08b231112b96965n.jpg\" \/><img decoding=\"async\" src=\"https:\/\/ae01.alicdn.com\/kf\/S277b8ff32c01482e88320be072538f8bG.jpg\" \/><img decoding=\"async\" src=\"https:\/\/ae01.alicdn.com\/kf\/S170521d8f391427584a361ec4c840e29A.jpg\" \/><\/p>\n<p>&nbsp;<\/p>\n<p>&nbsp;<\/p>","protected":false},"excerpt":{"rendered":"<p>Kann Anpassungen unterst\u00fctzen<br \/>\nGro\u00dfhandel kann unterst\u00fctzt werden<br \/>\nKundenspezifisches Logo (Mindestbestellmenge 20 St\u00fcck)<br \/>\nWenn Sie <a class=\"wpil_keyword_link\" href=\"https:\/\/global-hookah.com\/product-category\/hookahs\/wholesale-hookah\/\"   title=\"Gro\u00dfhandel Wasserpfeife\" data-wpil-keyword-link=\"linked\">Gro\u00dfhandel Wasserpfeife<\/a>, bitte kontaktieren Sie uns<\/p>","protected":false},"featured_media":12008,"comment_status":"open","ping_status":"closed","template":"","meta":{"iawp_total_views":17,"_joinchat":[]},"product_brand":[],"product_cat":[560,119],"product_tag":[],"class_list":{"0":"post-12007","1":"product","2":"type-product","3":"status-publish","4":"has-post-thumbnail","6":"product_cat-glass-hookah-wholesale","7":"product_cat-wholesale-hookah","9":"first","10":"instock","11":"shipping-taxable","12":"purchasable","13":"product-type-simple"},"yoast_head":"<!-- This site is optimized with the Yoast SEO Premium plugin v24.7 (Yoast SEO v26.8) - https:\/\/yoast.com\/product\/yoast-seo-premium-wordpress\/ -->\n<title>Las Vegas Best Glass Hookah Wholesale - Global Hookah<\/title>\n<meta name=\"robots\" content=\"index, follow, max-snippet:-1, max-image-preview:large, max-video-preview:-1\" \/>\n<link rel=\"canonical\" href=\"https:\/\/global-hookah.com\/de\/produkt\/las-vegas-best-glass-hookah-wholesale\/\" \/>\n<meta property=\"og:locale\" content=\"de_DE\" \/>\n<meta property=\"og:type\" content=\"article\" \/>\n<meta property=\"og:title\" content=\"Las Vegas Best Glass Hookah Wholesale\" \/>\n<meta property=\"og:description\" content=\"Can Support Customization Wholesale Can Be Supported Customized logo(Min. order 20 pieces) If you need wholesale hookah, please contact us\" \/>\n<meta property=\"og:url\" content=\"https:\/\/global-hookah.com\/de\/produkt\/las-vegas-best-glass-hookah-wholesale\/\" \/>\n<meta property=\"og:site_name\" content=\"Global Hookah\" \/>\n<meta property=\"article:modified_time\" content=\"2024-01-12T03:57:37+00:00\" \/>\n<meta property=\"og:image\" content=\"https:\/\/global-hookah.com\/wp-content\/uploads\/2023\/05\/Glass-Hookah-Narguile-Cachimba-Shisha-Pipe-Chicha-Pipa-4-Hoses-Painting-Metal-Golden-Eagle-Craft-Nargile.jpg\" \/>\n\t<meta property=\"og:image:width\" content=\"1003\" \/>\n\t<meta property=\"og:image:height\" content=\"1003\" \/>\n\t<meta property=\"og:image:type\" content=\"image\/jpeg\" \/>\n<meta name=\"twitter:card\" content=\"summary_large_image\" \/>\n<meta name=\"twitter:label1\" content=\"Gesch\u00e4tzte Lesezeit\" \/>\n\t<meta name=\"twitter:data1\" content=\"3\u00a0Minuten\" \/>\n<script type=\"application\/ld+json\" class=\"yoast-schema-graph\">{\"@context\":\"https:\/\/schema.org\",\"@graph\":[{\"@type\":\"WebPage\",\"@id\":\"https:\/\/global-hookah.com\/product\/las-vegas-best-glass-hookah-wholesale\/\",\"url\":\"https:\/\/global-hookah.com\/product\/las-vegas-best-glass-hookah-wholesale\/\",\"name\":\"Las Vegas Best Glass Hookah Wholesale - Global Hookah\",\"isPartOf\":{\"@id\":\"https:\/\/global-hookah.com\/#website\"},\"primaryImageOfPage\":{\"@id\":\"https:\/\/global-hookah.com\/product\/las-vegas-best-glass-hookah-wholesale\/#primaryimage\"},\"image\":{\"@id\":\"https:\/\/global-hookah.com\/product\/las-vegas-best-glass-hookah-wholesale\/#primaryimage\"},\"thumbnailUrl\":\"https:\/\/global-hookah.com\/wp-content\/uploads\/2023\/05\/Glass-Hookah-Narguile-Cachimba-Shisha-Pipe-Chicha-Pipa-4-Hoses-Painting-Metal-Golden-Eagle-Craft-Nargile.jpg\",\"datePublished\":\"2023-05-23T13:59:18+00:00\",\"dateModified\":\"2024-01-12T03:57:37+00:00\",\"breadcrumb\":{\"@id\":\"https:\/\/global-hookah.com\/product\/las-vegas-best-glass-hookah-wholesale\/#breadcrumb\"},\"inLanguage\":\"de\",\"potentialAction\":[{\"@type\":\"ReadAction\",\"target\":[\"https:\/\/global-hookah.com\/product\/las-vegas-best-glass-hookah-wholesale\/\"]}]},{\"@type\":\"ImageObject\",\"inLanguage\":\"de\",\"@id\":\"https:\/\/global-hookah.com\/product\/las-vegas-best-glass-hookah-wholesale\/#primaryimage\",\"url\":\"https:\/\/global-hookah.com\/wp-content\/uploads\/2023\/05\/Glass-Hookah-Narguile-Cachimba-Shisha-Pipe-Chicha-Pipa-4-Hoses-Painting-Metal-Golden-Eagle-Craft-Nargile.jpg\",\"contentUrl\":\"https:\/\/global-hookah.com\/wp-content\/uploads\/2023\/05\/Glass-Hookah-Narguile-Cachimba-Shisha-Pipe-Chicha-Pipa-4-Hoses-Painting-Metal-Golden-Eagle-Craft-Nargile.jpg\",\"width\":1003,\"height\":1003,\"caption\":\"Las Vegas Best Glass Hookah Wholesale\"},{\"@type\":\"BreadcrumbList\",\"@id\":\"https:\/\/global-hookah.com\/product\/las-vegas-best-glass-hookah-wholesale\/#breadcrumb\",\"itemListElement\":[{\"@type\":\"ListItem\",\"position\":1,\"name\":\"Home\",\"item\":\"https:\/\/global-hookah.com\/\"},{\"@type\":\"ListItem\",\"position\":2,\"name\":\"Shop\",\"item\":\"https:\/\/global-hookah.com\/shop\/\"},{\"@type\":\"ListItem\",\"position\":3,\"name\":\"Las Vegas Best Glass Hookah Wholesale\"}]},{\"@type\":\"WebSite\",\"@id\":\"https:\/\/global-hookah.com\/#website\",\"url\":\"https:\/\/global-hookah.com\/\",\"name\":\"Global Hookah\",\"description\":\"Global Hookah\",\"publisher\":{\"@id\":\"https:\/\/global-hookah.com\/#organization\"},\"potentialAction\":[{\"@type\":\"SearchAction\",\"target\":{\"@type\":\"EntryPoint\",\"urlTemplate\":\"https:\/\/global-hookah.com\/?s={search_term_string}\"},\"query-input\":{\"@type\":\"PropertyValueSpecification\",\"valueRequired\":true,\"valueName\":\"search_term_string\"}}],\"inLanguage\":\"de\"},{\"@type\":\"Organization\",\"@id\":\"https:\/\/global-hookah.com\/#organization\",\"name\":\"Global Hookah\",\"url\":\"https:\/\/global-hookah.com\/\",\"logo\":{\"@type\":\"ImageObject\",\"inLanguage\":\"de\",\"@id\":\"https:\/\/global-hookah.com\/#\/schema\/logo\/image\/\",\"url\":\"https:\/\/global-hookah.com\/wp-content\/uploads\/2021\/10\/cropped-fgg.png\",\"contentUrl\":\"https:\/\/global-hookah.com\/wp-content\/uploads\/2021\/10\/cropped-fgg.png\",\"width\":512,\"height\":512,\"caption\":\"Global Hookah\"},\"image\":{\"@id\":\"https:\/\/global-hookah.com\/#\/schema\/logo\/image\/\"}}]}<\/script>\n<!-- \/ Yoast SEO Premium plugin. -->","yoast_head_json":{"title":"Las Vegas beste Glas Wasserpfeife Gro\u00dfhandel - Global Hookah","robots":{"index":"index","follow":"follow","max-snippet":"max-snippet:-1","max-image-preview":"max-image-preview:large","max-video-preview":"max-video-preview:-1"},"canonical":"https:\/\/global-hookah.com\/de\/produkt\/las-vegas-best-glass-hookah-wholesale\/","og_locale":"de_DE","og_type":"article","og_title":"Las Vegas Best Glass Hookah Wholesale","og_description":"Can Support Customization Wholesale Can Be Supported Customized logo(Min. order 20 pieces) If you need wholesale hookah, please contact us","og_url":"https:\/\/global-hookah.com\/de\/produkt\/las-vegas-best-glass-hookah-wholesale\/","og_site_name":"Global Hookah","article_modified_time":"2024-01-12T03:57:37+00:00","og_image":[{"width":1003,"height":1003,"url":"https:\/\/global-hookah.com\/wp-content\/uploads\/2023\/05\/Glass-Hookah-Narguile-Cachimba-Shisha-Pipe-Chicha-Pipa-4-Hoses-Painting-Metal-Golden-Eagle-Craft-Nargile.jpg","type":"image\/jpeg"}],"twitter_card":"summary_large_image","twitter_misc":{"Gesch\u00e4tzte Lesezeit":"3\u00a0Minuten"},"schema":{"@context":"https:\/\/schema.org","@graph":[{"@type":"WebPage","@id":"https:\/\/global-hookah.com\/product\/las-vegas-best-glass-hookah-wholesale\/","url":"https:\/\/global-hookah.com\/product\/las-vegas-best-glass-hookah-wholesale\/","name":"Las Vegas beste Glas Wasserpfeife Gro\u00dfhandel - Global Hookah","isPartOf":{"@id":"https:\/\/global-hookah.com\/#website"},"primaryImageOfPage":{"@id":"https:\/\/global-hookah.com\/product\/las-vegas-best-glass-hookah-wholesale\/#primaryimage"},"image":{"@id":"https:\/\/global-hookah.com\/product\/las-vegas-best-glass-hookah-wholesale\/#primaryimage"},"thumbnailUrl":"https:\/\/global-hookah.com\/wp-content\/uploads\/2023\/05\/Glass-Hookah-Narguile-Cachimba-Shisha-Pipe-Chicha-Pipa-4-Hoses-Painting-Metal-Golden-Eagle-Craft-Nargile.jpg","datePublished":"2023-05-23T13:59:18+00:00","dateModified":"2024-01-12T03:57:37+00:00","breadcrumb":{"@id":"https:\/\/global-hookah.com\/product\/las-vegas-best-glass-hookah-wholesale\/#breadcrumb"},"inLanguage":"de","potentialAction":[{"@type":"ReadAction","target":["https:\/\/global-hookah.com\/product\/las-vegas-best-glass-hookah-wholesale\/"]}]},{"@type":"ImageObject","inLanguage":"de","@id":"https:\/\/global-hookah.com\/product\/las-vegas-best-glass-hookah-wholesale\/#primaryimage","url":"https:\/\/global-hookah.com\/wp-content\/uploads\/2023\/05\/Glass-Hookah-Narguile-Cachimba-Shisha-Pipe-Chicha-Pipa-4-Hoses-Painting-Metal-Golden-Eagle-Craft-Nargile.jpg","contentUrl":"https:\/\/global-hookah.com\/wp-content\/uploads\/2023\/05\/Glass-Hookah-Narguile-Cachimba-Shisha-Pipe-Chicha-Pipa-4-Hoses-Painting-Metal-Golden-Eagle-Craft-Nargile.jpg","width":1003,"height":1003,"caption":"Las Vegas Best Glass Hookah Wholesale"},{"@type":"BreadcrumbList","@id":"https:\/\/global-hookah.com\/product\/las-vegas-best-glass-hookah-wholesale\/#breadcrumb","itemListElement":[{"@type":"ListItem","position":1,"name":"Home","item":"https:\/\/global-hookah.com\/"},{"@type":"ListItem","position":2,"name":"Shop","item":"https:\/\/global-hookah.com\/shop\/"},{"@type":"ListItem","position":3,"name":"Las Vegas Best Glass Hookah Wholesale"}]},{"@type":"WebSite","@id":"https:\/\/global-hookah.com\/#website","url":"https:\/\/global-hookah.com\/","name":"Globale Wasserpfeife","description":"Globale Wasserpfeife","publisher":{"@id":"https:\/\/global-hookah.com\/#organization"},"potentialAction":[{"@type":"SearchAction","target":{"@type":"EntryPoint","urlTemplate":"https:\/\/global-hookah.com\/?s={search_term_string}"},"query-input":{"@type":"PropertyValueSpecification","valueRequired":true,"valueName":"search_term_string"}}],"inLanguage":"de"},{"@type":"Organization","@id":"https:\/\/global-hookah.com\/#organization","name":"Globale Wasserpfeife","url":"https:\/\/global-hookah.com\/","logo":{"@type":"ImageObject","inLanguage":"de","@id":"https:\/\/global-hookah.com\/#\/schema\/logo\/image\/","url":"https:\/\/global-hookah.com\/wp-content\/uploads\/2021\/10\/cropped-fgg.png","contentUrl":"https:\/\/global-hookah.com\/wp-content\/uploads\/2021\/10\/cropped-fgg.png","width":512,"height":512,"caption":"Global Hookah"},"image":{"@id":"https:\/\/global-hookah.com\/#\/schema\/logo\/image\/"}}]}},"_links":{"self":[{"href":"https:\/\/global-hookah.com\/de\/wp-json\/wp\/v2\/product\/12007","targetHints":{"allow":["GET"]}}],"collection":[{"href":"https:\/\/global-hookah.com\/de\/wp-json\/wp\/v2\/product"}],"about":[{"href":"https:\/\/global-hookah.com\/de\/wp-json\/wp\/v2\/types\/product"}],"replies":[{"embeddable":true,"href":"https:\/\/global-hookah.com\/de\/wp-json\/wp\/v2\/comments?post=12007"}],"version-history":[{"count":0,"href":"https:\/\/global-hookah.com\/de\/wp-json\/wp\/v2\/product\/12007\/revisions"}],"wp:featuredmedia":[{"embeddable":true,"href":"https:\/\/global-hookah.com\/de\/wp-json\/wp\/v2\/media\/12008"}],"wp:attachment":[{"href":"https:\/\/global-hookah.com\/de\/wp-json\/wp\/v2\/media?parent=12007"}],"wp:term":[{"taxonomy":"product_brand","embeddable":true,"href":"https:\/\/global-hookah.com\/de\/wp-json\/wp\/v2\/product_brand?post=12007"},{"taxonomy":"product_cat","embeddable":true,"href":"https:\/\/global-hookah.com\/de\/wp-json\/wp\/v2\/product_cat?post=12007"},{"taxonomy":"product_tag","embeddable":true,"href":"https:\/\/global-hookah.com\/de\/wp-json\/wp\/v2\/product_tag?post=12007"}],"curies":[{"name":"wp","href":"https:\/\/api.w.org\/{rel}","templated":true}]}}