{"id":12010,"date":"2023-05-23T14:00:37","date_gmt":"2023-05-23T14:00:37","guid":{"rendered":"https:\/\/global-hookah.com\/product\/bar-shisha-pipe-wholesale\/"},"modified":"2024-06-26T02:44:09","modified_gmt":"2024-06-26T02:44:09","slug":"bar-shisha-pipe-wholesale","status":"publish","type":"product","link":"https:\/\/global-hookah.com\/de\/produkt\/bar-shisha-pipe-wholesale\/","title":{"rendered":"Bar Shisha Pfeife Gro\u00dfhandel"},"content":{"rendered":"<p>Nur f\u00fcr Sie, liebe Gesch\u00e4ftsleute, habe ich eine Gro\u00dfhandelsoption f\u00fcr Wasserpfeifen zu empfehlen - das Bar Hookah Wholesale Bundle!<\/p>\n<p>Mit diesem <strong>Bar Shisha Pfeife<\/strong>k\u00f6nnen Ihre Kunden im Gesch\u00e4ft bequem und genussvoll rauchen. Er ist mit mehreren Schl\u00e4uchen ausgestattet, so dass mehrere Personen ihn gleichzeitig benutzen k\u00f6nnen, was zu einer Interaktion mit den Kunden und einer lebhaften Atmosph\u00e4re am Ort f\u00fchrt. Die Kunden erhalten eine perfekte <a href=\"https:\/\/global-hookah.com\/elevate-your-smoking-experience-the-top-hookah-pipes-for-2024\/\">Raucherlebnis<\/a> denn sie sind aus Kunstleder gefertigt, das Komfort und Langlebigkeit garantiert.<\/p>\n<p>Diese <strong>Bar Shisha Pfeife Gro\u00dfhandel Set<\/strong> enth\u00e4lt ein Starter-Kit, das alles enth\u00e4lt, was Sie brauchen. A <a href=\"https:\/\/global-hookah.com\/\">Shisha-Basis und alle f\u00fcr den Aufbau eines jeden Gro\u00dfhandels ben\u00f6tigten Komponenten<\/a> Bar Wasserpfeife zusammenkommen. Au\u00dferdem enth\u00e4lt es einige andere wichtige Zubeh\u00f6rteile f\u00fcr eine angenehme Rauchsession wie ein <a href=\"https:\/\/global-hookah.com\/product\/pink-4-holes-ceramic-hookah-shisha-bowl-wholesale\/\">Keramikschale wo Shisha<\/a> Tabak platziert wird, und Metallzangen, die unter anderem f\u00fcr die bequeme Handhabung hei\u00dfer Kohlen verwendet werden.<\/p>\n<p>Durch den Kauf dieser <a href=\"https:\/\/global-hookah.com\/product\/new-bar-shisha-pipe-set-4-hoses-glass-hookah-pipe-wholesale\/\">Shisha Pfeife Gro\u00dfhandel Set<\/a> werden Sie Ihr Gesch\u00e4ft garantiert auf eine neue Ebene bringen! Sie k\u00f6nnen uns jederzeit kontaktieren, wenn Sie Preise oder andere Informationen ben\u00f6tigen. Unser exzellentes Kundenservice-Team steht Ihnen jederzeit zur Verf\u00fcgung, um Ihren Kunden das Wasserpfeifen-Rauchen schmackhaft zu machen.<\/p>\n<div class=\"detailmodule_html\">\n<div class=\"detail-desc-decorate-richtext\">\n<div>\n<div style=\"overflow: hidden; height: 0px;\">modname=ckeditor<\/div>\n<div>\n<p><img decoding=\"async\" src=\"https:\/\/ae01.alicdn.com\/kf\/S1be7a7dd377542658117c81f0a54d4ddq.jpg\" \/><img decoding=\"async\" src=\"https:\/\/ae01.alicdn.com\/kf\/Sa575a9c7c43c41dca5200f21ec598b05f.jpg\" \/><img decoding=\"async\" src=\"https:\/\/ae01.alicdn.com\/kf\/S5a39a56a59714d8fba8af22979f178abs.jpg\" \/><img decoding=\"async\" src=\"https:\/\/ae01.alicdn.com\/kf\/S10fcd29289fd429c80c24efcd55b4b7dU.jpg\" \/><img decoding=\"async\" src=\"https:\/\/ae01.alicdn.com\/kf\/S60ee638c81b04735acf754bf72f4d525C.jpg\" \/><img decoding=\"async\" src=\"https:\/\/ae01.alicdn.com\/kf\/S449be166240e4fd680e46e5b51121080G.jpg\" \/><img decoding=\"async\" src=\"https:\/\/ae01.alicdn.com\/kf\/Scb8cbf403e2c4645b538e92b951c73c49.jpg\" \/><img decoding=\"async\" src=\"https:\/\/ae01.alicdn.com\/kf\/Sb4e55afcba084b4893acec3287741b2c6.jpg\" \/><img decoding=\"async\" src=\"https:\/\/ae01.alicdn.com\/kf\/S96c9962bce0a433a9ea90dbf1f548283A.jpg\" \/><img decoding=\"async\" src=\"https:\/\/ae01.alicdn.com\/kf\/S268829a8280942d98d86e72afeefdca0K.jpg\" \/><img decoding=\"async\" src=\"https:\/\/ae01.alicdn.com\/kf\/S069fb32b74c5486aa42ba3e95db4390cJ.jpg\" \/><img decoding=\"async\" src=\"https:\/\/ae01.alicdn.com\/kf\/S152b5930c16446e5abf95ea8f57c6024Y.jpg\" \/><img decoding=\"async\" src=\"https:\/\/ae01.alicdn.com\/kf\/Se58aea251a8a42f4b6998ef457f7bbf2f.jpg\" \/><\/p>\n<p><img decoding=\"async\" src=\"https:\/\/ae01.alicdn.com\/kf\/H0982bec1f89643ea928b461ecb2d84f2l.jpg\" \/><img decoding=\"async\" src=\"https:\/\/ae01.alicdn.com\/kf\/H85889609ffde40289e03875d9814be71C.jpg\" \/><\/p>\n<\/div>\n<\/div>\n<\/div>\n<\/div>\n<p>&nbsp;<\/p>\n<p>&nbsp;<\/p>","protected":false},"excerpt":{"rendered":"<p>Kann Anpassungen unterst\u00fctzen<br \/>\nGro\u00dfhandel kann unterst\u00fctzt werden<br \/>\nKundenspezifisches Logo (Mindestbestellmenge 20 St\u00fcck)<br \/>\nWenn Sie <a class=\"wpil_keyword_link\" title=\"Gro\u00dfhandel Wasserpfeife\" href=\"https:\/\/global-hookah.com\/product-category\/hookahs\/wholesale-hookah\/\" data-wpil-keyword-link=\"linked\">Gro\u00dfhandel Wasserpfeife<\/a>, bitte kontaktieren Sie uns<\/p>","protected":false},"featured_media":12011,"comment_status":"open","ping_status":"closed","template":"","meta":{"iawp_total_views":4,"_joinchat":[]},"product_brand":[],"product_cat":[560,119],"product_tag":[],"class_list":{"0":"post-12010","1":"product","2":"type-product","3":"status-publish","4":"has-post-thumbnail","6":"product_cat-glass-hookah-wholesale","7":"product_cat-wholesale-hookah","9":"first","10":"instock","11":"shipping-taxable","12":"purchasable","13":"product-type-simple"},"yoast_head":"<!-- This site is optimized with the Yoast SEO Premium plugin v24.7 (Yoast SEO v26.8) - https:\/\/yoast.com\/product\/yoast-seo-premium-wordpress\/ -->\n<title>Bar Shisha Pipe Wholesale - Global Hookah<\/title>\n<meta name=\"robots\" content=\"index, follow, max-snippet:-1, max-image-preview:large, max-video-preview:-1\" \/>\n<link rel=\"canonical\" href=\"https:\/\/global-hookah.com\/de\/produkt\/bar-shisha-pipe-wholesale\/\" \/>\n<meta property=\"og:locale\" content=\"de_DE\" \/>\n<meta property=\"og:type\" content=\"article\" \/>\n<meta property=\"og:title\" content=\"Bar Shisha Pipe Wholesale\" \/>\n<meta property=\"og:description\" content=\"Can Support Customization Wholesale Can Be Supported Customized logo(Min. order 20 pieces) If you need wholesale hookah, please contact us\" \/>\n<meta property=\"og:url\" content=\"https:\/\/global-hookah.com\/de\/produkt\/bar-shisha-pipe-wholesale\/\" \/>\n<meta property=\"og:site_name\" content=\"Global Hookah\" \/>\n<meta property=\"article:modified_time\" content=\"2024-06-26T02:44:09+00:00\" \/>\n<meta property=\"og:image\" content=\"https:\/\/global-hookah.com\/wp-content\/uploads\/2023\/05\/4-Hoses-Glass-Hookah-for-Smoking-Shisha-Pipe-Narguile-Completo-Hooka-Sisha-Cachimba-Chicha-Pipa-Nargile.jpg\" \/>\n\t<meta property=\"og:image:width\" content=\"1920\" \/>\n\t<meta property=\"og:image:height\" content=\"1920\" \/>\n\t<meta property=\"og:image:type\" content=\"image\/jpeg\" \/>\n<meta name=\"twitter:card\" content=\"summary_large_image\" \/>\n<meta name=\"twitter:label1\" content=\"Gesch\u00e4tzte Lesezeit\" \/>\n\t<meta name=\"twitter:data1\" content=\"5\u00a0Minuten\" \/>\n<script type=\"application\/ld+json\" class=\"yoast-schema-graph\">{\"@context\":\"https:\/\/schema.org\",\"@graph\":[{\"@type\":\"WebPage\",\"@id\":\"https:\/\/global-hookah.com\/product\/bar-shisha-pipe-wholesale\/\",\"url\":\"https:\/\/global-hookah.com\/product\/bar-shisha-pipe-wholesale\/\",\"name\":\"Bar Shisha Pipe Wholesale - Global Hookah\",\"isPartOf\":{\"@id\":\"https:\/\/global-hookah.com\/#website\"},\"primaryImageOfPage\":{\"@id\":\"https:\/\/global-hookah.com\/product\/bar-shisha-pipe-wholesale\/#primaryimage\"},\"image\":{\"@id\":\"https:\/\/global-hookah.com\/product\/bar-shisha-pipe-wholesale\/#primaryimage\"},\"thumbnailUrl\":\"https:\/\/global-hookah.com\/wp-content\/uploads\/2023\/05\/4-Hoses-Glass-Hookah-for-Smoking-Shisha-Pipe-Narguile-Completo-Hooka-Sisha-Cachimba-Chicha-Pipa-Nargile.jpg\",\"datePublished\":\"2023-05-23T14:00:37+00:00\",\"dateModified\":\"2024-06-26T02:44:09+00:00\",\"breadcrumb\":{\"@id\":\"https:\/\/global-hookah.com\/product\/bar-shisha-pipe-wholesale\/#breadcrumb\"},\"inLanguage\":\"de\",\"potentialAction\":[{\"@type\":\"ReadAction\",\"target\":[\"https:\/\/global-hookah.com\/product\/bar-shisha-pipe-wholesale\/\"]}]},{\"@type\":\"ImageObject\",\"inLanguage\":\"de\",\"@id\":\"https:\/\/global-hookah.com\/product\/bar-shisha-pipe-wholesale\/#primaryimage\",\"url\":\"https:\/\/global-hookah.com\/wp-content\/uploads\/2023\/05\/4-Hoses-Glass-Hookah-for-Smoking-Shisha-Pipe-Narguile-Completo-Hooka-Sisha-Cachimba-Chicha-Pipa-Nargile.jpg\",\"contentUrl\":\"https:\/\/global-hookah.com\/wp-content\/uploads\/2023\/05\/4-Hoses-Glass-Hookah-for-Smoking-Shisha-Pipe-Narguile-Completo-Hooka-Sisha-Cachimba-Chicha-Pipa-Nargile.jpg\",\"width\":1920,\"height\":1920,\"caption\":\"Bar Shisha Pipe Wholesale\"},{\"@type\":\"BreadcrumbList\",\"@id\":\"https:\/\/global-hookah.com\/product\/bar-shisha-pipe-wholesale\/#breadcrumb\",\"itemListElement\":[{\"@type\":\"ListItem\",\"position\":1,\"name\":\"Home\",\"item\":\"https:\/\/global-hookah.com\/\"},{\"@type\":\"ListItem\",\"position\":2,\"name\":\"Shop\",\"item\":\"https:\/\/global-hookah.com\/shop\/\"},{\"@type\":\"ListItem\",\"position\":3,\"name\":\"Bar Shisha Pipe Wholesale\"}]},{\"@type\":\"WebSite\",\"@id\":\"https:\/\/global-hookah.com\/#website\",\"url\":\"https:\/\/global-hookah.com\/\",\"name\":\"Global Hookah\",\"description\":\"Global Hookah\",\"publisher\":{\"@id\":\"https:\/\/global-hookah.com\/#organization\"},\"potentialAction\":[{\"@type\":\"SearchAction\",\"target\":{\"@type\":\"EntryPoint\",\"urlTemplate\":\"https:\/\/global-hookah.com\/?s={search_term_string}\"},\"query-input\":{\"@type\":\"PropertyValueSpecification\",\"valueRequired\":true,\"valueName\":\"search_term_string\"}}],\"inLanguage\":\"de\"},{\"@type\":\"Organization\",\"@id\":\"https:\/\/global-hookah.com\/#organization\",\"name\":\"Global Hookah\",\"url\":\"https:\/\/global-hookah.com\/\",\"logo\":{\"@type\":\"ImageObject\",\"inLanguage\":\"de\",\"@id\":\"https:\/\/global-hookah.com\/#\/schema\/logo\/image\/\",\"url\":\"https:\/\/global-hookah.com\/wp-content\/uploads\/2021\/10\/cropped-fgg.png\",\"contentUrl\":\"https:\/\/global-hookah.com\/wp-content\/uploads\/2021\/10\/cropped-fgg.png\",\"width\":512,\"height\":512,\"caption\":\"Global Hookah\"},\"image\":{\"@id\":\"https:\/\/global-hookah.com\/#\/schema\/logo\/image\/\"}}]}<\/script>\n<!-- \/ Yoast SEO Premium plugin. -->","yoast_head_json":{"title":"Bar Shisha Pfeife Gro\u00dfhandel - Global Hookah","robots":{"index":"index","follow":"follow","max-snippet":"max-snippet:-1","max-image-preview":"max-image-preview:large","max-video-preview":"max-video-preview:-1"},"canonical":"https:\/\/global-hookah.com\/de\/produkt\/bar-shisha-pipe-wholesale\/","og_locale":"de_DE","og_type":"article","og_title":"Bar Shisha Pipe Wholesale","og_description":"Can Support Customization Wholesale Can Be Supported Customized logo(Min. order 20 pieces) If you need wholesale hookah, please contact us","og_url":"https:\/\/global-hookah.com\/de\/produkt\/bar-shisha-pipe-wholesale\/","og_site_name":"Global Hookah","article_modified_time":"2024-06-26T02:44:09+00:00","og_image":[{"width":1920,"height":1920,"url":"https:\/\/global-hookah.com\/wp-content\/uploads\/2023\/05\/4-Hoses-Glass-Hookah-for-Smoking-Shisha-Pipe-Narguile-Completo-Hooka-Sisha-Cachimba-Chicha-Pipa-Nargile.jpg","type":"image\/jpeg"}],"twitter_card":"summary_large_image","twitter_misc":{"Gesch\u00e4tzte Lesezeit":"5\u00a0Minuten"},"schema":{"@context":"https:\/\/schema.org","@graph":[{"@type":"WebPage","@id":"https:\/\/global-hookah.com\/product\/bar-shisha-pipe-wholesale\/","url":"https:\/\/global-hookah.com\/product\/bar-shisha-pipe-wholesale\/","name":"Bar Shisha Pfeife Gro\u00dfhandel - Global Hookah","isPartOf":{"@id":"https:\/\/global-hookah.com\/#website"},"primaryImageOfPage":{"@id":"https:\/\/global-hookah.com\/product\/bar-shisha-pipe-wholesale\/#primaryimage"},"image":{"@id":"https:\/\/global-hookah.com\/product\/bar-shisha-pipe-wholesale\/#primaryimage"},"thumbnailUrl":"https:\/\/global-hookah.com\/wp-content\/uploads\/2023\/05\/4-Hoses-Glass-Hookah-for-Smoking-Shisha-Pipe-Narguile-Completo-Hooka-Sisha-Cachimba-Chicha-Pipa-Nargile.jpg","datePublished":"2023-05-23T14:00:37+00:00","dateModified":"2024-06-26T02:44:09+00:00","breadcrumb":{"@id":"https:\/\/global-hookah.com\/product\/bar-shisha-pipe-wholesale\/#breadcrumb"},"inLanguage":"de","potentialAction":[{"@type":"ReadAction","target":["https:\/\/global-hookah.com\/product\/bar-shisha-pipe-wholesale\/"]}]},{"@type":"ImageObject","inLanguage":"de","@id":"https:\/\/global-hookah.com\/product\/bar-shisha-pipe-wholesale\/#primaryimage","url":"https:\/\/global-hookah.com\/wp-content\/uploads\/2023\/05\/4-Hoses-Glass-Hookah-for-Smoking-Shisha-Pipe-Narguile-Completo-Hooka-Sisha-Cachimba-Chicha-Pipa-Nargile.jpg","contentUrl":"https:\/\/global-hookah.com\/wp-content\/uploads\/2023\/05\/4-Hoses-Glass-Hookah-for-Smoking-Shisha-Pipe-Narguile-Completo-Hooka-Sisha-Cachimba-Chicha-Pipa-Nargile.jpg","width":1920,"height":1920,"caption":"Bar Shisha Pipe Wholesale"},{"@type":"BreadcrumbList","@id":"https:\/\/global-hookah.com\/product\/bar-shisha-pipe-wholesale\/#breadcrumb","itemListElement":[{"@type":"ListItem","position":1,"name":"Home","item":"https:\/\/global-hookah.com\/"},{"@type":"ListItem","position":2,"name":"Shop","item":"https:\/\/global-hookah.com\/shop\/"},{"@type":"ListItem","position":3,"name":"Bar Shisha Pipe Wholesale"}]},{"@type":"WebSite","@id":"https:\/\/global-hookah.com\/#website","url":"https:\/\/global-hookah.com\/","name":"Globale Wasserpfeife","description":"Globale Wasserpfeife","publisher":{"@id":"https:\/\/global-hookah.com\/#organization"},"potentialAction":[{"@type":"SearchAction","target":{"@type":"EntryPoint","urlTemplate":"https:\/\/global-hookah.com\/?s={search_term_string}"},"query-input":{"@type":"PropertyValueSpecification","valueRequired":true,"valueName":"search_term_string"}}],"inLanguage":"de"},{"@type":"Organization","@id":"https:\/\/global-hookah.com\/#organization","name":"Globale Wasserpfeife","url":"https:\/\/global-hookah.com\/","logo":{"@type":"ImageObject","inLanguage":"de","@id":"https:\/\/global-hookah.com\/#\/schema\/logo\/image\/","url":"https:\/\/global-hookah.com\/wp-content\/uploads\/2021\/10\/cropped-fgg.png","contentUrl":"https:\/\/global-hookah.com\/wp-content\/uploads\/2021\/10\/cropped-fgg.png","width":512,"height":512,"caption":"Global Hookah"},"image":{"@id":"https:\/\/global-hookah.com\/#\/schema\/logo\/image\/"}}]}},"_links":{"self":[{"href":"https:\/\/global-hookah.com\/de\/wp-json\/wp\/v2\/product\/12010","targetHints":{"allow":["GET"]}}],"collection":[{"href":"https:\/\/global-hookah.com\/de\/wp-json\/wp\/v2\/product"}],"about":[{"href":"https:\/\/global-hookah.com\/de\/wp-json\/wp\/v2\/types\/product"}],"replies":[{"embeddable":true,"href":"https:\/\/global-hookah.com\/de\/wp-json\/wp\/v2\/comments?post=12010"}],"version-history":[{"count":0,"href":"https:\/\/global-hookah.com\/de\/wp-json\/wp\/v2\/product\/12010\/revisions"}],"wp:featuredmedia":[{"embeddable":true,"href":"https:\/\/global-hookah.com\/de\/wp-json\/wp\/v2\/media\/12011"}],"wp:attachment":[{"href":"https:\/\/global-hookah.com\/de\/wp-json\/wp\/v2\/media?parent=12010"}],"wp:term":[{"taxonomy":"product_brand","embeddable":true,"href":"https:\/\/global-hookah.com\/de\/wp-json\/wp\/v2\/product_brand?post=12010"},{"taxonomy":"product_cat","embeddable":true,"href":"https:\/\/global-hookah.com\/de\/wp-json\/wp\/v2\/product_cat?post=12010"},{"taxonomy":"product_tag","embeddable":true,"href":"https:\/\/global-hookah.com\/de\/wp-json\/wp\/v2\/product_tag?post=12010"}],"curies":[{"name":"wp","href":"https:\/\/api.w.org\/{rel}","templated":true}]}}