{"id":12013,"date":"2023-05-23T14:01:28","date_gmt":"2023-05-23T14:01:28","guid":{"rendered":"https:\/\/global-hookah.com\/product\/new-york-middle-size-glass-hookah-wholesale\/"},"modified":"2024-01-12T03:56:13","modified_gmt":"2024-01-12T03:56:13","slug":"new-york-middle-size-glass-hookah-wholesale","status":"publish","type":"product","link":"https:\/\/global-hookah.com\/de\/produkt\/new-york-middle-size-glass-hookah-wholesale\/","title":{"rendered":"New York Middle Size Glas Wasserpfeife Gro\u00dfhandel"},"content":{"rendered":"<p>Mit einem Bodendurchmesser von ca. 12CM\/4,72\u2033 und einer Gesamth\u00f6he von ca. 58CM\/22,83\u2033 ist dieses <strong>mittelgro\u00dfe Glas-Wasserpfeife<\/strong> bietet ein entspannendes Raucherlebnis. Seine attraktive und dennoch kleine Form macht es einfach zu reisen und in einer Vielzahl von Situationen zu verwenden.<\/p>\n<p>Eine ausf\u00fchrliche Packliste ist im Lieferumfang des <strong>New York Middle Size Glas Wasserpfeife Gro\u00dfhandel<\/strong> um Ihr Raucherlebnis zu verbessern. Jede Shisha-Basis wird mit allen erforderlichen Extras geliefert, einschlie\u00dflich einer Porzellanschale, vier Schl\u00e4uchen aus Kunstleder und einer Metallkohlezange. Zus\u00e4tzlich erhalten Sie zwei Folienst\u00fccke und f\u00fcnf Mundst\u00fccke geschenkt, so dass Sie alles haben, was Sie brauchen, um Ihre Wasserpfeife sofort genie\u00dfen zu k\u00f6nnen.<\/p>\n<p>Sie k\u00f6nnen mehrere Rauchsitzungen genie\u00dfen, ohne sich Gedanken \u00fcber Sch\u00e4den zu machen, da das langlebige Design dieses <a href=\"https:\/\/global-hookah.com\/\">Wasserpfeife<\/a>. Die Verwendung von Glas-, Metall- und Keramikkomponenten gew\u00e4hrleistet ein hochwertiges Produkt, das auch h\u00e4ufigem Gebrauch standh\u00e4lt.<\/p>\n<div class=\"detailmodule_html\">\n<div class=\"detail-desc-decorate-richtext\">\n<p><img decoding=\"async\" src=\"https:\/\/ae01.alicdn.com\/kf\/S53fbdf6e05194e96bd83592408dc4514U.jpg\" \/><img decoding=\"async\" src=\"https:\/\/ae01.alicdn.com\/kf\/S1754a7ed487a41fd916663e9225051f5v.jpg\" \/><img decoding=\"async\" src=\"https:\/\/ae01.alicdn.com\/kf\/S0452971c1abf4f208f440b2c1d6d94d39.jpg\" \/><img decoding=\"async\" src=\"https:\/\/ae01.alicdn.com\/kf\/S47afca0377a242528a45710b16a9845fP.jpg\" \/><img decoding=\"async\" src=\"https:\/\/ae01.alicdn.com\/kf\/S274e9cc2985a4b39b56a616f73635608m.jpg\" \/><img decoding=\"async\" src=\"https:\/\/ae01.alicdn.com\/kf\/S2588ac3bd4b1474bafca7ed590d49d94T.jpg\" \/><img decoding=\"async\" src=\"https:\/\/ae01.alicdn.com\/kf\/Sfa0ab91686d74901a51944f05927e79fJ.jpg\" \/><img decoding=\"async\" src=\"https:\/\/ae01.alicdn.com\/kf\/S2bd7380b035a47379f9498f8cfe29a64h.jpg\" \/><img decoding=\"async\" src=\"https:\/\/ae01.alicdn.com\/kf\/S397aab571b3a47e39ea05ab4d93de54e0.jpg\" \/><img decoding=\"async\" src=\"https:\/\/ae01.alicdn.com\/kf\/Sc8ded2333eec400ea1d9b2cc1bcebc04n.jpg\" \/><\/p>\n<p>&nbsp;<\/p>\n<\/div>\n<\/div>\n<p>&nbsp;<\/p>","protected":false},"excerpt":{"rendered":"<p>Mit einem Bodendurchmesser von etwa 12CM\/4.72\u2033 und einer Gesamth\u00f6he von etwa 58CM\/22.83\u2033 bietet diese mittelgro\u00dfe Glas-Wasserpfeife einen<\/p>","protected":false},"featured_media":12014,"comment_status":"open","ping_status":"closed","template":"","meta":{"iawp_total_views":13,"_joinchat":[]},"product_brand":[],"product_cat":[560,119],"product_tag":[],"class_list":{"0":"post-12013","1":"product","2":"type-product","3":"status-publish","4":"has-post-thumbnail","6":"product_cat-glass-hookah-wholesale","7":"product_cat-wholesale-hookah","9":"first","10":"instock","11":"sale","12":"shipping-taxable","13":"purchasable","14":"product-type-variable"},"yoast_head":"<!-- This site is optimized with the Yoast SEO Premium plugin v24.7 (Yoast SEO v26.8) - https:\/\/yoast.com\/product\/yoast-seo-premium-wordpress\/ -->\n<title>New York Middle Size Glass Hookah Wholesale - Global Hookah<\/title>\n<meta name=\"robots\" content=\"index, follow, max-snippet:-1, max-image-preview:large, max-video-preview:-1\" \/>\n<link rel=\"canonical\" href=\"https:\/\/global-hookah.com\/de\/produkt\/new-york-middle-size-glass-hookah-wholesale\/\" \/>\n<meta property=\"og:locale\" content=\"de_DE\" \/>\n<meta property=\"og:type\" content=\"article\" \/>\n<meta property=\"og:title\" content=\"New York Middle Size Glass Hookah Wholesale\" \/>\n<meta property=\"og:description\" content=\"With a bottom diameter of around 12CM\/4.72&#8243; and a total height of roughly 58CM\/22.83&#8243;, this medium-sized glass hookah offers a\" \/>\n<meta property=\"og:url\" content=\"https:\/\/global-hookah.com\/de\/produkt\/new-york-middle-size-glass-hookah-wholesale\/\" \/>\n<meta property=\"og:site_name\" content=\"Global Hookah\" \/>\n<meta property=\"article:modified_time\" content=\"2024-01-12T03:56:13+00:00\" \/>\n<meta property=\"og:image\" content=\"https:\/\/global-hookah.com\/wp-content\/uploads\/2023\/05\/Middle-Size-Glass-Hookah-Pipa-Narguile-Completo-4-Hoses-Shisha-Pipe-Set-Chicha-Cachimba-Hooka-Sisha.jpg\" \/>\n\t<meta property=\"og:image:width\" content=\"1000\" \/>\n\t<meta property=\"og:image:height\" content=\"1000\" \/>\n\t<meta property=\"og:image:type\" content=\"image\/jpeg\" \/>\n<meta name=\"twitter:card\" content=\"summary_large_image\" \/>\n<meta name=\"twitter:label1\" content=\"Gesch\u00e4tzte Lesezeit\" \/>\n\t<meta name=\"twitter:data1\" content=\"3\u00a0Minuten\" \/>\n<script type=\"application\/ld+json\" class=\"yoast-schema-graph\">{\"@context\":\"https:\/\/schema.org\",\"@graph\":[{\"@type\":\"WebPage\",\"@id\":\"https:\/\/global-hookah.com\/product\/new-york-middle-size-glass-hookah-wholesale\/\",\"url\":\"https:\/\/global-hookah.com\/product\/new-york-middle-size-glass-hookah-wholesale\/\",\"name\":\"New York Middle Size Glass Hookah Wholesale - Global Hookah\",\"isPartOf\":{\"@id\":\"https:\/\/global-hookah.com\/#website\"},\"primaryImageOfPage\":{\"@id\":\"https:\/\/global-hookah.com\/product\/new-york-middle-size-glass-hookah-wholesale\/#primaryimage\"},\"image\":{\"@id\":\"https:\/\/global-hookah.com\/product\/new-york-middle-size-glass-hookah-wholesale\/#primaryimage\"},\"thumbnailUrl\":\"https:\/\/global-hookah.com\/wp-content\/uploads\/2023\/05\/Middle-Size-Glass-Hookah-Pipa-Narguile-Completo-4-Hoses-Shisha-Pipe-Set-Chicha-Cachimba-Hooka-Sisha.jpg\",\"datePublished\":\"2023-05-23T14:01:28+00:00\",\"dateModified\":\"2024-01-12T03:56:13+00:00\",\"breadcrumb\":{\"@id\":\"https:\/\/global-hookah.com\/product\/new-york-middle-size-glass-hookah-wholesale\/#breadcrumb\"},\"inLanguage\":\"de\",\"potentialAction\":[{\"@type\":\"ReadAction\",\"target\":[\"https:\/\/global-hookah.com\/product\/new-york-middle-size-glass-hookah-wholesale\/\"]}]},{\"@type\":\"ImageObject\",\"inLanguage\":\"de\",\"@id\":\"https:\/\/global-hookah.com\/product\/new-york-middle-size-glass-hookah-wholesale\/#primaryimage\",\"url\":\"https:\/\/global-hookah.com\/wp-content\/uploads\/2023\/05\/Middle-Size-Glass-Hookah-Pipa-Narguile-Completo-4-Hoses-Shisha-Pipe-Set-Chicha-Cachimba-Hooka-Sisha.jpg\",\"contentUrl\":\"https:\/\/global-hookah.com\/wp-content\/uploads\/2023\/05\/Middle-Size-Glass-Hookah-Pipa-Narguile-Completo-4-Hoses-Shisha-Pipe-Set-Chicha-Cachimba-Hooka-Sisha.jpg\",\"width\":1000,\"height\":1000,\"caption\":\"New York Middle Size Glass Hookah Wholesale\"},{\"@type\":\"BreadcrumbList\",\"@id\":\"https:\/\/global-hookah.com\/product\/new-york-middle-size-glass-hookah-wholesale\/#breadcrumb\",\"itemListElement\":[{\"@type\":\"ListItem\",\"position\":1,\"name\":\"Home\",\"item\":\"https:\/\/global-hookah.com\/\"},{\"@type\":\"ListItem\",\"position\":2,\"name\":\"Shop\",\"item\":\"https:\/\/global-hookah.com\/shop\/\"},{\"@type\":\"ListItem\",\"position\":3,\"name\":\"New York Middle Size Glass Hookah Wholesale\"}]},{\"@type\":\"WebSite\",\"@id\":\"https:\/\/global-hookah.com\/#website\",\"url\":\"https:\/\/global-hookah.com\/\",\"name\":\"Global Hookah\",\"description\":\"Global Hookah\",\"publisher\":{\"@id\":\"https:\/\/global-hookah.com\/#organization\"},\"potentialAction\":[{\"@type\":\"SearchAction\",\"target\":{\"@type\":\"EntryPoint\",\"urlTemplate\":\"https:\/\/global-hookah.com\/?s={search_term_string}\"},\"query-input\":{\"@type\":\"PropertyValueSpecification\",\"valueRequired\":true,\"valueName\":\"search_term_string\"}}],\"inLanguage\":\"de\"},{\"@type\":\"Organization\",\"@id\":\"https:\/\/global-hookah.com\/#organization\",\"name\":\"Global Hookah\",\"url\":\"https:\/\/global-hookah.com\/\",\"logo\":{\"@type\":\"ImageObject\",\"inLanguage\":\"de\",\"@id\":\"https:\/\/global-hookah.com\/#\/schema\/logo\/image\/\",\"url\":\"https:\/\/global-hookah.com\/wp-content\/uploads\/2021\/10\/cropped-fgg.png\",\"contentUrl\":\"https:\/\/global-hookah.com\/wp-content\/uploads\/2021\/10\/cropped-fgg.png\",\"width\":512,\"height\":512,\"caption\":\"Global Hookah\"},\"image\":{\"@id\":\"https:\/\/global-hookah.com\/#\/schema\/logo\/image\/\"}}]}<\/script>\n<!-- \/ Yoast SEO Premium plugin. -->","yoast_head_json":{"title":"New York Middle Size Glas Wasserpfeife Gro\u00dfhandel - Global Hookah","robots":{"index":"index","follow":"follow","max-snippet":"max-snippet:-1","max-image-preview":"max-image-preview:large","max-video-preview":"max-video-preview:-1"},"canonical":"https:\/\/global-hookah.com\/de\/produkt\/new-york-middle-size-glass-hookah-wholesale\/","og_locale":"de_DE","og_type":"article","og_title":"New York Middle Size Glass Hookah Wholesale","og_description":"With a bottom diameter of around 12CM\/4.72&#8243; and a total height of roughly 58CM\/22.83&#8243;, this medium-sized glass hookah offers a","og_url":"https:\/\/global-hookah.com\/de\/produkt\/new-york-middle-size-glass-hookah-wholesale\/","og_site_name":"Global Hookah","article_modified_time":"2024-01-12T03:56:13+00:00","og_image":[{"width":1000,"height":1000,"url":"https:\/\/global-hookah.com\/wp-content\/uploads\/2023\/05\/Middle-Size-Glass-Hookah-Pipa-Narguile-Completo-4-Hoses-Shisha-Pipe-Set-Chicha-Cachimba-Hooka-Sisha.jpg","type":"image\/jpeg"}],"twitter_card":"summary_large_image","twitter_misc":{"Gesch\u00e4tzte Lesezeit":"3\u00a0Minuten"},"schema":{"@context":"https:\/\/schema.org","@graph":[{"@type":"WebPage","@id":"https:\/\/global-hookah.com\/product\/new-york-middle-size-glass-hookah-wholesale\/","url":"https:\/\/global-hookah.com\/product\/new-york-middle-size-glass-hookah-wholesale\/","name":"New York Middle Size Glas Wasserpfeife Gro\u00dfhandel - Global Hookah","isPartOf":{"@id":"https:\/\/global-hookah.com\/#website"},"primaryImageOfPage":{"@id":"https:\/\/global-hookah.com\/product\/new-york-middle-size-glass-hookah-wholesale\/#primaryimage"},"image":{"@id":"https:\/\/global-hookah.com\/product\/new-york-middle-size-glass-hookah-wholesale\/#primaryimage"},"thumbnailUrl":"https:\/\/global-hookah.com\/wp-content\/uploads\/2023\/05\/Middle-Size-Glass-Hookah-Pipa-Narguile-Completo-4-Hoses-Shisha-Pipe-Set-Chicha-Cachimba-Hooka-Sisha.jpg","datePublished":"2023-05-23T14:01:28+00:00","dateModified":"2024-01-12T03:56:13+00:00","breadcrumb":{"@id":"https:\/\/global-hookah.com\/product\/new-york-middle-size-glass-hookah-wholesale\/#breadcrumb"},"inLanguage":"de","potentialAction":[{"@type":"ReadAction","target":["https:\/\/global-hookah.com\/product\/new-york-middle-size-glass-hookah-wholesale\/"]}]},{"@type":"ImageObject","inLanguage":"de","@id":"https:\/\/global-hookah.com\/product\/new-york-middle-size-glass-hookah-wholesale\/#primaryimage","url":"https:\/\/global-hookah.com\/wp-content\/uploads\/2023\/05\/Middle-Size-Glass-Hookah-Pipa-Narguile-Completo-4-Hoses-Shisha-Pipe-Set-Chicha-Cachimba-Hooka-Sisha.jpg","contentUrl":"https:\/\/global-hookah.com\/wp-content\/uploads\/2023\/05\/Middle-Size-Glass-Hookah-Pipa-Narguile-Completo-4-Hoses-Shisha-Pipe-Set-Chicha-Cachimba-Hooka-Sisha.jpg","width":1000,"height":1000,"caption":"New York Middle Size Glass Hookah Wholesale"},{"@type":"BreadcrumbList","@id":"https:\/\/global-hookah.com\/product\/new-york-middle-size-glass-hookah-wholesale\/#breadcrumb","itemListElement":[{"@type":"ListItem","position":1,"name":"Home","item":"https:\/\/global-hookah.com\/"},{"@type":"ListItem","position":2,"name":"Shop","item":"https:\/\/global-hookah.com\/shop\/"},{"@type":"ListItem","position":3,"name":"New York Middle Size Glass Hookah Wholesale"}]},{"@type":"WebSite","@id":"https:\/\/global-hookah.com\/#website","url":"https:\/\/global-hookah.com\/","name":"Globale Wasserpfeife","description":"Globale Wasserpfeife","publisher":{"@id":"https:\/\/global-hookah.com\/#organization"},"potentialAction":[{"@type":"SearchAction","target":{"@type":"EntryPoint","urlTemplate":"https:\/\/global-hookah.com\/?s={search_term_string}"},"query-input":{"@type":"PropertyValueSpecification","valueRequired":true,"valueName":"search_term_string"}}],"inLanguage":"de"},{"@type":"Organization","@id":"https:\/\/global-hookah.com\/#organization","name":"Globale Wasserpfeife","url":"https:\/\/global-hookah.com\/","logo":{"@type":"ImageObject","inLanguage":"de","@id":"https:\/\/global-hookah.com\/#\/schema\/logo\/image\/","url":"https:\/\/global-hookah.com\/wp-content\/uploads\/2021\/10\/cropped-fgg.png","contentUrl":"https:\/\/global-hookah.com\/wp-content\/uploads\/2021\/10\/cropped-fgg.png","width":512,"height":512,"caption":"Global Hookah"},"image":{"@id":"https:\/\/global-hookah.com\/#\/schema\/logo\/image\/"}}]}},"_links":{"self":[{"href":"https:\/\/global-hookah.com\/de\/wp-json\/wp\/v2\/product\/12013","targetHints":{"allow":["GET"]}}],"collection":[{"href":"https:\/\/global-hookah.com\/de\/wp-json\/wp\/v2\/product"}],"about":[{"href":"https:\/\/global-hookah.com\/de\/wp-json\/wp\/v2\/types\/product"}],"replies":[{"embeddable":true,"href":"https:\/\/global-hookah.com\/de\/wp-json\/wp\/v2\/comments?post=12013"}],"version-history":[{"count":0,"href":"https:\/\/global-hookah.com\/de\/wp-json\/wp\/v2\/product\/12013\/revisions"}],"wp:featuredmedia":[{"embeddable":true,"href":"https:\/\/global-hookah.com\/de\/wp-json\/wp\/v2\/media\/12014"}],"wp:attachment":[{"href":"https:\/\/global-hookah.com\/de\/wp-json\/wp\/v2\/media?parent=12013"}],"wp:term":[{"taxonomy":"product_brand","embeddable":true,"href":"https:\/\/global-hookah.com\/de\/wp-json\/wp\/v2\/product_brand?post=12013"},{"taxonomy":"product_cat","embeddable":true,"href":"https:\/\/global-hookah.com\/de\/wp-json\/wp\/v2\/product_cat?post=12013"},{"taxonomy":"product_tag","embeddable":true,"href":"https:\/\/global-hookah.com\/de\/wp-json\/wp\/v2\/product_tag?post=12013"}],"curies":[{"name":"wp","href":"https:\/\/api.w.org\/{rel}","templated":true}]}}