{"id":12280,"date":"2023-06-19T01:04:50","date_gmt":"2023-06-19T01:04:50","guid":{"rendered":"https:\/\/global-hookah.com\/?post_type=product&#038;p=12280"},"modified":"2023-06-19T01:37:57","modified_gmt":"2023-06-19T01:37:57","slug":"plastic-hookah-wholesale","status":"publish","type":"product","link":"https:\/\/global-hookah.com\/de\/produkt\/plastic-hookah-wholesale\/","title":{"rendered":"Plastik Wasserpfeife Gro\u00dfhandel"},"content":{"rendered":"<p>Als <strong>f\u00fchrenden Gro\u00dfh\u00e4ndlern von Plastik-Hookahs,<\/strong> wir sind stolz darauf, Ihnen die neue, verbesserte Plastic Hookah Wholesale zu pr\u00e4sentieren. Diese leichte, kompakte Wasserpfeife ist perfekt auf Reisen zugeschnitten und damit eine unverzichtbare Erg\u00e4nzung f\u00fcr Ihr Sortiment.<\/p>\n<p>Um den sicheren Transport dieser Wasserpfeife zu gew\u00e4hrleisten, haben wir ihre Haltbarkeit mit einem stabilen Tragekoffer verst\u00e4rkt. Seine Konstruktion aus robustem Kunststoff garantiert, dass diese <strong>Gro\u00dfhandel Plastik Hookah<\/strong> h\u00e4lt h\u00e4ufigem Gebrauch stand und verspricht Ihren Kunden Langlebigkeit.<\/p>\n<p>Unser <strong>Plastik Wasserpfeife Gro\u00dfhandel<\/strong> kommt mit einer Auswahl von <a href=\"https:\/\/global-hookah.com\/product-category\/hookah-parts\/\">Zubeh\u00f6r<\/a> und Ersatzkomponenten als Teil unseres Engagements, den Kunden ein umfassendes Raucherlebnis zu bieten. Das einzige zus\u00e4tzliche Teil, das Ihre Kunden w\u00fcnschen, ist die Holzkohle, mit der sie ihr Raucherlebnis ganz nach ihrem Geschmack gestalten k\u00f6nnen.<\/p>\n<p>Die Leistung dieses <strong>billige Plastik Wasserpfeife<\/strong> ist trotz ihrer geringen Gr\u00f6\u00dfe erstaunlich. Auch wenn es sich nicht um ein High-End-Produkt handelt, produziert es regelm\u00e4\u00dfig eine angenehme Zigarette, was es zu einer gro\u00dfartigen Option f\u00fcr Einzelraucher macht.<\/p>\n<p>Als Gro\u00dfh\u00e4ndler bieten wir diesen reisefreundlichen Begleiter f\u00fcr den Rauchgenuss an und versprechen nicht nur ein <a href=\"https:\/\/global-hookah.com\/\"><strong>Qualit\u00e4t Wasserpfeife<\/strong><\/a> sondern auch eine Gesch\u00e4ftsm\u00f6glichkeit, die die Konkurrenz in den Schatten stellt.<\/p>","protected":false},"excerpt":{"rendered":"<p>Als f\u00fchrende Gro\u00dfh\u00e4ndler von Plastik-Wasserpfeifen sind wir stolz darauf, die neu verbesserte Plastik-Wasserpfeife Gro\u00dfhandel zu pr\u00e4sentieren. Diese leichte, kompakte Wasserpfeife<\/p>","protected":false},"featured_media":12282,"comment_status":"open","ping_status":"closed","template":"","meta":{"iawp_total_views":4,"_joinchat":[]},"product_brand":[],"product_cat":[119],"product_tag":[],"class_list":{"0":"post-12280","1":"product","2":"type-product","3":"status-publish","4":"has-post-thumbnail","6":"product_cat-wholesale-hookah","8":"first","9":"instock","10":"shipping-taxable","11":"purchasable","12":"product-type-simple"},"yoast_head":"<!-- This site is optimized with the Yoast SEO Premium plugin v24.7 (Yoast SEO v26.8) - https:\/\/yoast.com\/product\/yoast-seo-premium-wordpress\/ -->\n<title>Plastic Hookah Wholesale - Global Hookah<\/title>\n<meta name=\"robots\" content=\"index, follow, max-snippet:-1, max-image-preview:large, max-video-preview:-1\" \/>\n<link rel=\"canonical\" href=\"https:\/\/global-hookah.com\/de\/produkt\/plastic-hookah-wholesale\/\" \/>\n<meta property=\"og:locale\" content=\"de_DE\" \/>\n<meta property=\"og:type\" content=\"article\" \/>\n<meta property=\"og:title\" content=\"Plastic Hookah Wholesale\" \/>\n<meta property=\"og:description\" content=\"As leading wholesalers of Plastic Hookahs, we&#8217;re proud to present the newly improved Plastic Hookah Wholesale. This lightweight, compact hookah\" \/>\n<meta property=\"og:url\" content=\"https:\/\/global-hookah.com\/de\/produkt\/plastic-hookah-wholesale\/\" \/>\n<meta property=\"og:site_name\" content=\"Global Hookah\" \/>\n<meta property=\"article:modified_time\" content=\"2023-06-19T01:37:57+00:00\" \/>\n<meta property=\"og:image\" content=\"https:\/\/global-hookah.com\/wp-content\/uploads\/2023\/06\/O1CN01mcQwxz2K7AxJCYVVP_2213278159509-0-cib.jpg\" \/>\n\t<meta property=\"og:image:width\" content=\"800\" \/>\n\t<meta property=\"og:image:height\" content=\"800\" \/>\n\t<meta property=\"og:image:type\" content=\"image\/jpeg\" \/>\n<meta name=\"twitter:card\" content=\"summary_large_image\" \/>\n<meta name=\"twitter:label1\" content=\"Gesch\u00e4tzte Lesezeit\" \/>\n\t<meta name=\"twitter:data1\" content=\"1\u00a0Minute\" \/>\n<script type=\"application\/ld+json\" class=\"yoast-schema-graph\">{\"@context\":\"https:\/\/schema.org\",\"@graph\":[{\"@type\":\"WebPage\",\"@id\":\"https:\/\/global-hookah.com\/product\/plastic-hookah-wholesale\/\",\"url\":\"https:\/\/global-hookah.com\/product\/plastic-hookah-wholesale\/\",\"name\":\"Plastic Hookah Wholesale - Global Hookah\",\"isPartOf\":{\"@id\":\"https:\/\/global-hookah.com\/#website\"},\"primaryImageOfPage\":{\"@id\":\"https:\/\/global-hookah.com\/product\/plastic-hookah-wholesale\/#primaryimage\"},\"image\":{\"@id\":\"https:\/\/global-hookah.com\/product\/plastic-hookah-wholesale\/#primaryimage\"},\"thumbnailUrl\":\"https:\/\/global-hookah.com\/wp-content\/uploads\/2023\/06\/O1CN01mcQwxz2K7AxJCYVVP_2213278159509-0-cib.jpg\",\"datePublished\":\"2023-06-19T01:04:50+00:00\",\"dateModified\":\"2023-06-19T01:37:57+00:00\",\"breadcrumb\":{\"@id\":\"https:\/\/global-hookah.com\/product\/plastic-hookah-wholesale\/#breadcrumb\"},\"inLanguage\":\"de\",\"potentialAction\":[{\"@type\":\"ReadAction\",\"target\":[\"https:\/\/global-hookah.com\/product\/plastic-hookah-wholesale\/\"]}]},{\"@type\":\"ImageObject\",\"inLanguage\":\"de\",\"@id\":\"https:\/\/global-hookah.com\/product\/plastic-hookah-wholesale\/#primaryimage\",\"url\":\"https:\/\/global-hookah.com\/wp-content\/uploads\/2023\/06\/O1CN01mcQwxz2K7AxJCYVVP_2213278159509-0-cib.jpg\",\"contentUrl\":\"https:\/\/global-hookah.com\/wp-content\/uploads\/2023\/06\/O1CN01mcQwxz2K7AxJCYVVP_2213278159509-0-cib.jpg\",\"width\":800,\"height\":800,\"caption\":\"Plastic Hookah Wholesale\"},{\"@type\":\"BreadcrumbList\",\"@id\":\"https:\/\/global-hookah.com\/product\/plastic-hookah-wholesale\/#breadcrumb\",\"itemListElement\":[{\"@type\":\"ListItem\",\"position\":1,\"name\":\"Home\",\"item\":\"https:\/\/global-hookah.com\/\"},{\"@type\":\"ListItem\",\"position\":2,\"name\":\"Shop\",\"item\":\"https:\/\/global-hookah.com\/shop\/\"},{\"@type\":\"ListItem\",\"position\":3,\"name\":\"Plastic Hookah Wholesale\"}]},{\"@type\":\"WebSite\",\"@id\":\"https:\/\/global-hookah.com\/#website\",\"url\":\"https:\/\/global-hookah.com\/\",\"name\":\"Global Hookah\",\"description\":\"Global Hookah\",\"publisher\":{\"@id\":\"https:\/\/global-hookah.com\/#organization\"},\"potentialAction\":[{\"@type\":\"SearchAction\",\"target\":{\"@type\":\"EntryPoint\",\"urlTemplate\":\"https:\/\/global-hookah.com\/?s={search_term_string}\"},\"query-input\":{\"@type\":\"PropertyValueSpecification\",\"valueRequired\":true,\"valueName\":\"search_term_string\"}}],\"inLanguage\":\"de\"},{\"@type\":\"Organization\",\"@id\":\"https:\/\/global-hookah.com\/#organization\",\"name\":\"Global Hookah\",\"url\":\"https:\/\/global-hookah.com\/\",\"logo\":{\"@type\":\"ImageObject\",\"inLanguage\":\"de\",\"@id\":\"https:\/\/global-hookah.com\/#\/schema\/logo\/image\/\",\"url\":\"https:\/\/global-hookah.com\/wp-content\/uploads\/2021\/10\/cropped-fgg.png\",\"contentUrl\":\"https:\/\/global-hookah.com\/wp-content\/uploads\/2021\/10\/cropped-fgg.png\",\"width\":512,\"height\":512,\"caption\":\"Global Hookah\"},\"image\":{\"@id\":\"https:\/\/global-hookah.com\/#\/schema\/logo\/image\/\"}}]}<\/script>\n<!-- \/ Yoast SEO Premium plugin. -->","yoast_head_json":{"title":"Plastik Wasserpfeife Gro\u00dfhandel - Global Hookah","robots":{"index":"index","follow":"follow","max-snippet":"max-snippet:-1","max-image-preview":"max-image-preview:large","max-video-preview":"max-video-preview:-1"},"canonical":"https:\/\/global-hookah.com\/de\/produkt\/plastic-hookah-wholesale\/","og_locale":"de_DE","og_type":"article","og_title":"Plastic Hookah Wholesale","og_description":"As leading wholesalers of Plastic Hookahs, we&#8217;re proud to present the newly improved Plastic Hookah Wholesale. This lightweight, compact hookah","og_url":"https:\/\/global-hookah.com\/de\/produkt\/plastic-hookah-wholesale\/","og_site_name":"Global Hookah","article_modified_time":"2023-06-19T01:37:57+00:00","og_image":[{"width":800,"height":800,"url":"https:\/\/global-hookah.com\/wp-content\/uploads\/2023\/06\/O1CN01mcQwxz2K7AxJCYVVP_2213278159509-0-cib.jpg","type":"image\/jpeg"}],"twitter_card":"summary_large_image","twitter_misc":{"Gesch\u00e4tzte Lesezeit":"1\u00a0Minute"},"schema":{"@context":"https:\/\/schema.org","@graph":[{"@type":"WebPage","@id":"https:\/\/global-hookah.com\/product\/plastic-hookah-wholesale\/","url":"https:\/\/global-hookah.com\/product\/plastic-hookah-wholesale\/","name":"Plastik Wasserpfeife Gro\u00dfhandel - Global Hookah","isPartOf":{"@id":"https:\/\/global-hookah.com\/#website"},"primaryImageOfPage":{"@id":"https:\/\/global-hookah.com\/product\/plastic-hookah-wholesale\/#primaryimage"},"image":{"@id":"https:\/\/global-hookah.com\/product\/plastic-hookah-wholesale\/#primaryimage"},"thumbnailUrl":"https:\/\/global-hookah.com\/wp-content\/uploads\/2023\/06\/O1CN01mcQwxz2K7AxJCYVVP_2213278159509-0-cib.jpg","datePublished":"2023-06-19T01:04:50+00:00","dateModified":"2023-06-19T01:37:57+00:00","breadcrumb":{"@id":"https:\/\/global-hookah.com\/product\/plastic-hookah-wholesale\/#breadcrumb"},"inLanguage":"de","potentialAction":[{"@type":"ReadAction","target":["https:\/\/global-hookah.com\/product\/plastic-hookah-wholesale\/"]}]},{"@type":"ImageObject","inLanguage":"de","@id":"https:\/\/global-hookah.com\/product\/plastic-hookah-wholesale\/#primaryimage","url":"https:\/\/global-hookah.com\/wp-content\/uploads\/2023\/06\/O1CN01mcQwxz2K7AxJCYVVP_2213278159509-0-cib.jpg","contentUrl":"https:\/\/global-hookah.com\/wp-content\/uploads\/2023\/06\/O1CN01mcQwxz2K7AxJCYVVP_2213278159509-0-cib.jpg","width":800,"height":800,"caption":"Plastic Hookah Wholesale"},{"@type":"BreadcrumbList","@id":"https:\/\/global-hookah.com\/product\/plastic-hookah-wholesale\/#breadcrumb","itemListElement":[{"@type":"ListItem","position":1,"name":"Home","item":"https:\/\/global-hookah.com\/"},{"@type":"ListItem","position":2,"name":"Shop","item":"https:\/\/global-hookah.com\/shop\/"},{"@type":"ListItem","position":3,"name":"Plastic Hookah Wholesale"}]},{"@type":"WebSite","@id":"https:\/\/global-hookah.com\/#website","url":"https:\/\/global-hookah.com\/","name":"Globale Wasserpfeife","description":"Globale Wasserpfeife","publisher":{"@id":"https:\/\/global-hookah.com\/#organization"},"potentialAction":[{"@type":"SearchAction","target":{"@type":"EntryPoint","urlTemplate":"https:\/\/global-hookah.com\/?s={search_term_string}"},"query-input":{"@type":"PropertyValueSpecification","valueRequired":true,"valueName":"search_term_string"}}],"inLanguage":"de"},{"@type":"Organization","@id":"https:\/\/global-hookah.com\/#organization","name":"Globale Wasserpfeife","url":"https:\/\/global-hookah.com\/","logo":{"@type":"ImageObject","inLanguage":"de","@id":"https:\/\/global-hookah.com\/#\/schema\/logo\/image\/","url":"https:\/\/global-hookah.com\/wp-content\/uploads\/2021\/10\/cropped-fgg.png","contentUrl":"https:\/\/global-hookah.com\/wp-content\/uploads\/2021\/10\/cropped-fgg.png","width":512,"height":512,"caption":"Global Hookah"},"image":{"@id":"https:\/\/global-hookah.com\/#\/schema\/logo\/image\/"}}]}},"_links":{"self":[{"href":"https:\/\/global-hookah.com\/de\/wp-json\/wp\/v2\/product\/12280","targetHints":{"allow":["GET"]}}],"collection":[{"href":"https:\/\/global-hookah.com\/de\/wp-json\/wp\/v2\/product"}],"about":[{"href":"https:\/\/global-hookah.com\/de\/wp-json\/wp\/v2\/types\/product"}],"replies":[{"embeddable":true,"href":"https:\/\/global-hookah.com\/de\/wp-json\/wp\/v2\/comments?post=12280"}],"version-history":[{"count":0,"href":"https:\/\/global-hookah.com\/de\/wp-json\/wp\/v2\/product\/12280\/revisions"}],"wp:featuredmedia":[{"embeddable":true,"href":"https:\/\/global-hookah.com\/de\/wp-json\/wp\/v2\/media\/12282"}],"wp:attachment":[{"href":"https:\/\/global-hookah.com\/de\/wp-json\/wp\/v2\/media?parent=12280"}],"wp:term":[{"taxonomy":"product_brand","embeddable":true,"href":"https:\/\/global-hookah.com\/de\/wp-json\/wp\/v2\/product_brand?post=12280"},{"taxonomy":"product_cat","embeddable":true,"href":"https:\/\/global-hookah.com\/de\/wp-json\/wp\/v2\/product_cat?post=12280"},{"taxonomy":"product_tag","embeddable":true,"href":"https:\/\/global-hookah.com\/de\/wp-json\/wp\/v2\/product_tag?post=12280"}],"curies":[{"name":"wp","href":"https:\/\/api.w.org\/{rel}","templated":true}]}}